{"id":121,"date":"2015-08-21T10:40:22","date_gmt":"2015-08-21T09:40:22","guid":{"rendered":"http:\/\/www.sectionclinique-rennes.fr\/nuevo\/?page_id=121"},"modified":"2022-06-21T20:14:03","modified_gmt":"2022-06-21T19:14:03","slug":"les-seminaires-de-textes","status":"publish","type":"page","link":"http:\/\/www.sectionclinique-rennes.fr\/nuevo\/themes\/2010-2011-2\/les-seminaires-de-textes\/","title":{"rendered":"S\u00e9minaires de textes"},"content":{"rendered":"<h3 style=\"text-align: justify;\" align=\"justify\"><span style=\"color: #d11717;\"><strong>Commentaire suivi de textes<\/strong><\/span><\/h3>\n<p>&nbsp;<\/p>\n<p style=\"text-align: justify;\" align=\"justify\">Dans une s\u00e9rie d\u2019interventions d\u00e9butant avec la notion de forclusion g\u00e9n\u00e9ralis\u00e9e, Jacques-Alain Miller a accentu\u00e9 des aspects essentiels de l\u2019oeuvre de Jacques Lacan, dont le retentissement sur la clinique s\u2019est av\u00e9r\u00e9 particuli\u00e8rement crucial. Cette accentuation a modifi\u00e9 la notion couramment admise selon laquelle pour Lacan, l\u2019Autre, lieu du code, trouverait avec un Nom-du-p\u00e8re unique sa seule garantie, diff\u00e9renciant la situation du n\u00e9vros\u00e9 de celle du psychotique par une marque typique.<\/p>\n<p style=\"text-align: justify;\" align=\"justify\">Parall\u00e8lement, le paradigme de la psychose restait celui de la parano\u00efa \u2013 en d\u00e9pit d\u2019ailleurs des difficult\u00e9s propres \u00e0 cette cat\u00e9gorie. Jacques-Alain Miller a mis en \u00e9vidence toute une s\u00e9rie de notations, commen\u00e7ant par la mise en cause de l\u2019\u0152dipe comme identification r\u00e9solutive telle qu\u2019elle avait \u00e9t\u00e9 propos\u00e9e par Freud, et culminant avec la mise en \u00e9vidence de l\u2019inexistence de la jouissance de l\u2019Autre et le d\u00e9gagement de la notion de sinthome. Ce mouvement, ce d\u00e9placement vers une particularisation toujours plus fine de l\u2019effet de sujet, ne modifie toutefois pas la tripartition freudienne classique entre n\u00e9vrose, psychose et perversion\u00a0: nous montrerons au contraire qu\u2019elle contribue \u00e0 la clarifier.<\/p>\n<p style=\"text-align: justify;\" align=\"justify\">Un des aspects les plus frappants de ce d\u00e9placement a bien entendu \u00e9t\u00e9, concernant les psychoses, de ne plus privil\u00e9gier l\u2019\u00e9tude des m\u00e9canismes parano\u00efaques et les circonstances de d\u00e9clenchement, pour se concentrer sur la vari\u00e9t\u00e9 des modes de suppl\u00e9ance et de d\u00e9branchements, les plus discrets soient-ils (\u00ab\u00a0psychoses ordinaires\u00a0\u00bb), en s\u2019appuyant sur la clinique \u00ab\u00a0ironique\u00a0\u00bb de la schizophr\u00e9nie, inspiratrice fondamentale du mod\u00e8le RSI.<\/p>\n<p style=\"text-align: justify;\" align=\"justify\">Mais il serait injuste de vouloir consid\u00e9rer que les choses s\u2019arr\u00eatent l\u00e0. Du c\u00f4t\u00e9 des n\u00e9vroses, plusieurs notations de Jacques Lacan insistaient par exemple sur le caract\u00e8re atypique de la r\u00e9solution du cas du petit Hans et sur l\u2019impossibilit\u00e9 de l\u2019assomption de la f\u00e9minit\u00e9 dans le cas Dora \u2013 en parall\u00e8le du cas Schreber, signe que si Jacques Lacan les envisageait en r\u00e9f\u00e9rence \u00e0 la probl\u00e9matique du p\u00e8re, celle du pire n\u2019\u00e9tait pas \u00e9trang\u00e8re \u00e0 ses pr\u00e9occupations. Mais tout autant la question doit \u00eatre pos\u00e9e du c\u00f4t\u00e9 des perversions\u00a0; la fa\u00e7on dont Jacques Lacan discute, \u00e0 propos de Sade, des particularit\u00e9s \u00e9tonnantes du \u00ab\u00a0 noir f\u00e9tiche\u00a0\u00bb et du report des limites de l\u2019aphanisis, ou encore, \u00e0 propos de Gide, des formes symptomatiques qui ont \u00e9maill\u00e9 son existence et des paradoxes de la signification phallique, sont autant d\u2019encouragements \u00e0 en explorer les singularit\u00e9s.<\/p>\n<hr \/>\n<p><span style=\"color: #d11717;\"><strong>R\u00e9f\u00e9rences\u00a0:<\/strong><\/span><\/p>\n<ul>\n<li style=\"text-align: justify;\">Freud S.,\u00a0<em>Cinq psychanalyses<\/em>, Paris, PUF<\/li>\n<li style=\"text-align: justify;\">Freud S., \u00ab\u00a0Sur la psychogen\u00e8se d\u2019un cas d\u2019homosexualit\u00e9 f\u00e9minine\u00a0\u00bb, <em>N\u00e9vrose, psychose et perversion<\/em>, Paris, PUF<\/li>\n<li style=\"text-align: justify;\">Lacan J., <em>Le s\u00e9minaire, Livre IV<\/em>, \u00ab\u00a0La relation d\u2019objet\u00a0\u00bb, texte \u00e9tabli par Jacques-Alain Miller, Paris, Seuil<\/li>\n<li style=\"text-align: justify;\">Lacan J., \u00ab\u00a0La jeunesse d\u2019Andr\u00e9 Gide\u00a0\u00bb, <em>Ecrits<\/em>, Seuil, Paris, 1966<\/li>\n<li style=\"text-align: justify;\">Lacan J., \u00ab\u00a0Kant avec Sade\u00a0\u00bb, <em>Ecrits<\/em>, Seuil, Paris, 1966<\/li>\n<li style=\"text-align: justify;\">Lacan J., <em>Le s\u00e9minaire, Livre XXIII,<\/em>\u00a0\u00ab\u00a0Le sinthome\u00a0\u00bb, texte \u00e9tabli par Jacques-AlainMiller, Paris, Seuil<\/li>\n<li style=\"text-align: justify;\">Miller J.-A.,\u00a0\u00ab\u00a0La clinique ironique\u00a0\u00bb, <em>La Cause freudienne<\/em> n\u00b0\u00a023, 1993<\/li>\n<li style=\"text-align: justify;\">Miller J.-A., \u00ab\u00a0Forclusion g\u00e9n\u00e9ralis\u00e9e\u00a0\u00bb, <em>Cahier de l\u2019Association de la Cause freudienne<\/em> -Val de Loire &amp; Bretagne, 1993, 1<\/li>\n<li style=\"text-align: justify;\">Miller J.-A., \u00ab\u00a0Sur le Gide de Lacan\u00a0\u00bb, quatre s\u00e9ances du s\u00e9minaire d\u2019\u00e9tudes approfondies, Cours de <em>L\u2019Orientation lacanienne<\/em> (fin 1989), La Cause freudienne n\u00b0 25 (Septembre), pp.7-38, 1993<\/li>\n<li style=\"text-align: justify;\">Miller J.-A., \u00ab\u00a0Le sinthome, un mixte de sympt\u00f4me et fantasme\u00a0\u00bb, <em>L\u2019Orientation lacanienne<\/em>\u00a0: treizi\u00e8me le\u00e7on du cours \u00ab\u00a0Ce qui fait insigne\u00a0\u00bb, La Cause freudienne n\u00b0 39 (Mai)<\/li>\n<li style=\"text-align: justify;\">Miller J.-A., <em>La psychose ordinaire<\/em>, Ed Agalma 1999<\/li>\n<li style=\"text-align: justify;\">Miller J.-A., \u00ab\u00a0Effet retour sur la psychose ordinaire\u00a0\u00bb, <em>Quarto<\/em> n\u00b0 94\/95 (Janvier)<\/li>\n<\/ul>\n<hr \/>\n<p><span style=\"color: #d11d1d;\">Liens vers les autres pages du th\u00e8me :<\/span><\/p>\n<p><a href=\"http:\/\/www.sectionclinique-rennes.fr\/nuevo\/themes\/2010-2011-2\/seminaire-theorique\/\" target=\"_blank\" rel=\"noopener\">S\u00e9minaires th\u00e9oriques<\/a><\/p>\n<p>S\u00e9minaire du Cercle<\/p>\n<p>&nbsp;<\/p>\n<h6><strong><em>Derni\u00e8re modification : 11\/06\/2022<\/em><\/strong><\/h6>\n","protected":false},"excerpt":{"rendered":"<p>Commentaire suivi de textes &nbsp; Dans une s\u00e9rie d\u2019interventions d\u00e9butant avec la notion de forclusion g\u00e9n\u00e9ralis\u00e9e, Jacques-Alain Miller a accentu\u00e9 des aspects essentiels de l\u2019oeuvre de Jacques Lacan, dont le retentissement sur la clinique s\u2019est av\u00e9r\u00e9 particuli\u00e8rement crucial. Cette accentuation a modifi\u00e9 la notion couramment admise selon laquelle pour Lacan,\u2026<\/p>\n<p> <a class=\"continue-reading-link\" href=\"http:\/\/www.sectionclinique-rennes.fr\/nuevo\/themes\/2010-2011-2\/les-seminaires-de-textes\/\"><span>Continue reading<\/span><i class=\"crycon-right-dir\"><\/i><\/a> <\/p>\n","protected":false},"author":5,"featured_media":0,"parent":109,"menu_order":4,"comment_status":"closed","ping_status":"closed","template":"","meta":{"_monsterinsights_skip_tracking":false,"_monsterinsights_sitenote_active":false,"_monsterinsights_sitenote_note":"","_monsterinsights_sitenote_category":0,"footnotes":""},"class_list":["post-121","page","type-page","status-publish","hentry"],"yoast_head":"<!-- This site is optimized with the Yoast SEO plugin v25.5 - https:\/\/yoast.com\/wordpress\/plugins\/seo\/ -->\n<title>S\u00e9minaires de textes - La Section clinique de Rennes<\/title>\n<meta name=\"robots\" content=\"index, follow, max-snippet:-1, max-image-preview:large, max-video-preview:-1\" \/>\n<link rel=\"canonical\" href=\"https:\/\/www.sectionclinique-rennes.fr\/nuevo\/themes\/2010-2011-2\/les-seminaires-de-textes\/\" \/>\n<meta property=\"og:locale\" content=\"fr_FR\" \/>\n<meta property=\"og:type\" content=\"article\" \/>\n<meta property=\"og:title\" content=\"S\u00e9minaires de textes - La Section clinique de Rennes\" \/>\n<meta property=\"og:description\" content=\"Commentaire suivi de textes &nbsp; Dans une s\u00e9rie d\u2019interventions d\u00e9butant avec la notion de forclusion g\u00e9n\u00e9ralis\u00e9e, Jacques-Alain Miller a accentu\u00e9 des aspects essentiels de l\u2019oeuvre de Jacques Lacan, dont le retentissement sur la clinique s\u2019est av\u00e9r\u00e9 particuli\u00e8rement crucial. Cette accentuation a modifi\u00e9 la notion couramment admise selon laquelle pour Lacan,\u2026 Continue reading\" \/>\n<meta property=\"og:url\" content=\"https:\/\/www.sectionclinique-rennes.fr\/nuevo\/themes\/2010-2011-2\/les-seminaires-de-textes\/\" \/>\n<meta property=\"og:site_name\" content=\"La Section clinique de Rennes\" \/>\n<meta property=\"article:modified_time\" content=\"2022-06-21T19:14:03+00:00\" \/>\n<meta name=\"twitter:card\" content=\"summary_large_image\" \/>\n<meta name=\"twitter:label1\" content=\"Dur\u00e9e de lecture estim\u00e9e\" \/>\n\t<meta name=\"twitter:data1\" content=\"3 minutes\" \/>\n<script type=\"application\/ld+json\" class=\"yoast-schema-graph\">{\"@context\":\"https:\/\/schema.org\",\"@graph\":[{\"@type\":\"WebPage\",\"@id\":\"https:\/\/www.sectionclinique-rennes.fr\/nuevo\/themes\/2010-2011-2\/les-seminaires-de-textes\/\",\"url\":\"https:\/\/www.sectionclinique-rennes.fr\/nuevo\/themes\/2010-2011-2\/les-seminaires-de-textes\/\",\"name\":\"S\u00e9minaires de textes - La Section clinique de Rennes\",\"isPartOf\":{\"@id\":\"http:\/\/www.sectionclinique-rennes.fr\/nuevo\/#website\"},\"datePublished\":\"2015-08-21T09:40:22+00:00\",\"dateModified\":\"2022-06-21T19:14:03+00:00\",\"breadcrumb\":{\"@id\":\"https:\/\/www.sectionclinique-rennes.fr\/nuevo\/themes\/2010-2011-2\/les-seminaires-de-textes\/#breadcrumb\"},\"inLanguage\":\"fr-FR\",\"potentialAction\":[{\"@type\":\"ReadAction\",\"target\":[\"https:\/\/www.sectionclinique-rennes.fr\/nuevo\/themes\/2010-2011-2\/les-seminaires-de-textes\/\"]}]},{\"@type\":\"BreadcrumbList\",\"@id\":\"https:\/\/www.sectionclinique-rennes.fr\/nuevo\/themes\/2010-2011-2\/les-seminaires-de-textes\/#breadcrumb\",\"itemListElement\":[{\"@type\":\"ListItem\",\"position\":1,\"name\":\"Accueil\",\"item\":\"http:\/\/www.sectionclinique-rennes.fr\/nuevo\/\"},{\"@type\":\"ListItem\",\"position\":2,\"name\":\"Th\u00e8mes\",\"item\":\"https:\/\/www.sectionclinique-rennes.fr\/nuevo\/themes\/\"},{\"@type\":\"ListItem\",\"position\":3,\"name\":\"2010-2011\",\"item\":\"https:\/\/www.sectionclinique-rennes.fr\/nuevo\/themes\/2010-2011-2\/\"},{\"@type\":\"ListItem\",\"position\":4,\"name\":\"S\u00e9minaires de textes\"}]},{\"@type\":\"WebSite\",\"@id\":\"http:\/\/www.sectionclinique-rennes.fr\/nuevo\/#website\",\"url\":\"http:\/\/www.sectionclinique-rennes.fr\/nuevo\/\",\"name\":\"La Section clinique de Rennes\",\"description\":\"Association UFORCA\",\"publisher\":{\"@id\":\"http:\/\/www.sectionclinique-rennes.fr\/nuevo\/#organization\"},\"potentialAction\":[{\"@type\":\"SearchAction\",\"target\":{\"@type\":\"EntryPoint\",\"urlTemplate\":\"http:\/\/www.sectionclinique-rennes.fr\/nuevo\/?s={search_term_string}\"},\"query-input\":{\"@type\":\"PropertyValueSpecification\",\"valueRequired\":true,\"valueName\":\"search_term_string\"}}],\"inLanguage\":\"fr-FR\"},{\"@type\":\"Organization\",\"@id\":\"http:\/\/www.sectionclinique-rennes.fr\/nuevo\/#organization\",\"name\":\"Section clinique de Rennes - Association UFORCA\",\"url\":\"http:\/\/www.sectionclinique-rennes.fr\/nuevo\/\",\"logo\":{\"@type\":\"ImageObject\",\"inLanguage\":\"fr-FR\",\"@id\":\"http:\/\/www.sectionclinique-rennes.fr\/nuevo\/#\/schema\/logo\/image\/\",\"url\":\"http:\/\/www.sectionclinique-rennes.fr\/nuevo\/wp-content\/uploads\/2015\/08\/logo.png\",\"contentUrl\":\"http:\/\/www.sectionclinique-rennes.fr\/nuevo\/wp-content\/uploads\/2015\/08\/logo.png\",\"width\":1199,\"height\":276,\"caption\":\"Section clinique de Rennes - Association UFORCA\"},\"image\":{\"@id\":\"http:\/\/www.sectionclinique-rennes.fr\/nuevo\/#\/schema\/logo\/image\/\"}}]}<\/script>\n<!-- \/ Yoast SEO plugin. -->","yoast_head_json":{"title":"S\u00e9minaires de textes - La Section clinique de Rennes","robots":{"index":"index","follow":"follow","max-snippet":"max-snippet:-1","max-image-preview":"max-image-preview:large","max-video-preview":"max-video-preview:-1"},"canonical":"https:\/\/www.sectionclinique-rennes.fr\/nuevo\/themes\/2010-2011-2\/les-seminaires-de-textes\/","og_locale":"fr_FR","og_type":"article","og_title":"S\u00e9minaires de textes - La Section clinique de Rennes","og_description":"Commentaire suivi de textes &nbsp; Dans une s\u00e9rie d\u2019interventions d\u00e9butant avec la notion de forclusion g\u00e9n\u00e9ralis\u00e9e, Jacques-Alain Miller a accentu\u00e9 des aspects essentiels de l\u2019oeuvre de Jacques Lacan, dont le retentissement sur la clinique s\u2019est av\u00e9r\u00e9 particuli\u00e8rement crucial. Cette accentuation a modifi\u00e9 la notion couramment admise selon laquelle pour Lacan,\u2026 Continue reading","og_url":"https:\/\/www.sectionclinique-rennes.fr\/nuevo\/themes\/2010-2011-2\/les-seminaires-de-textes\/","og_site_name":"La Section clinique de Rennes","article_modified_time":"2022-06-21T19:14:03+00:00","twitter_card":"summary_large_image","twitter_misc":{"Dur\u00e9e de lecture estim\u00e9e":"3 minutes"},"schema":{"@context":"https:\/\/schema.org","@graph":[{"@type":"WebPage","@id":"https:\/\/www.sectionclinique-rennes.fr\/nuevo\/themes\/2010-2011-2\/les-seminaires-de-textes\/","url":"https:\/\/www.sectionclinique-rennes.fr\/nuevo\/themes\/2010-2011-2\/les-seminaires-de-textes\/","name":"S\u00e9minaires de textes - La Section clinique de Rennes","isPartOf":{"@id":"http:\/\/www.sectionclinique-rennes.fr\/nuevo\/#website"},"datePublished":"2015-08-21T09:40:22+00:00","dateModified":"2022-06-21T19:14:03+00:00","breadcrumb":{"@id":"https:\/\/www.sectionclinique-rennes.fr\/nuevo\/themes\/2010-2011-2\/les-seminaires-de-textes\/#breadcrumb"},"inLanguage":"fr-FR","potentialAction":[{"@type":"ReadAction","target":["https:\/\/www.sectionclinique-rennes.fr\/nuevo\/themes\/2010-2011-2\/les-seminaires-de-textes\/"]}]},{"@type":"BreadcrumbList","@id":"https:\/\/www.sectionclinique-rennes.fr\/nuevo\/themes\/2010-2011-2\/les-seminaires-de-textes\/#breadcrumb","itemListElement":[{"@type":"ListItem","position":1,"name":"Accueil","item":"http:\/\/www.sectionclinique-rennes.fr\/nuevo\/"},{"@type":"ListItem","position":2,"name":"Th\u00e8mes","item":"https:\/\/www.sectionclinique-rennes.fr\/nuevo\/themes\/"},{"@type":"ListItem","position":3,"name":"2010-2011","item":"https:\/\/www.sectionclinique-rennes.fr\/nuevo\/themes\/2010-2011-2\/"},{"@type":"ListItem","position":4,"name":"S\u00e9minaires de textes"}]},{"@type":"WebSite","@id":"http:\/\/www.sectionclinique-rennes.fr\/nuevo\/#website","url":"http:\/\/www.sectionclinique-rennes.fr\/nuevo\/","name":"La Section clinique de Rennes","description":"Association UFORCA","publisher":{"@id":"http:\/\/www.sectionclinique-rennes.fr\/nuevo\/#organization"},"potentialAction":[{"@type":"SearchAction","target":{"@type":"EntryPoint","urlTemplate":"http:\/\/www.sectionclinique-rennes.fr\/nuevo\/?s={search_term_string}"},"query-input":{"@type":"PropertyValueSpecification","valueRequired":true,"valueName":"search_term_string"}}],"inLanguage":"fr-FR"},{"@type":"Organization","@id":"http:\/\/www.sectionclinique-rennes.fr\/nuevo\/#organization","name":"Section clinique de Rennes - Association UFORCA","url":"http:\/\/www.sectionclinique-rennes.fr\/nuevo\/","logo":{"@type":"ImageObject","inLanguage":"fr-FR","@id":"http:\/\/www.sectionclinique-rennes.fr\/nuevo\/#\/schema\/logo\/image\/","url":"http:\/\/www.sectionclinique-rennes.fr\/nuevo\/wp-content\/uploads\/2015\/08\/logo.png","contentUrl":"http:\/\/www.sectionclinique-rennes.fr\/nuevo\/wp-content\/uploads\/2015\/08\/logo.png","width":1199,"height":276,"caption":"Section clinique de Rennes - Association UFORCA"},"image":{"@id":"http:\/\/www.sectionclinique-rennes.fr\/nuevo\/#\/schema\/logo\/image\/"}}]}},"_links":{"self":[{"href":"http:\/\/www.sectionclinique-rennes.fr\/nuevo\/wp-json\/wp\/v2\/pages\/121","targetHints":{"allow":["GET"]}}],"collection":[{"href":"http:\/\/www.sectionclinique-rennes.fr\/nuevo\/wp-json\/wp\/v2\/pages"}],"about":[{"href":"http:\/\/www.sectionclinique-rennes.fr\/nuevo\/wp-json\/wp\/v2\/types\/page"}],"author":[{"embeddable":true,"href":"http:\/\/www.sectionclinique-rennes.fr\/nuevo\/wp-json\/wp\/v2\/users\/5"}],"replies":[{"embeddable":true,"href":"http:\/\/www.sectionclinique-rennes.fr\/nuevo\/wp-json\/wp\/v2\/comments?post=121"}],"version-history":[{"count":14,"href":"http:\/\/www.sectionclinique-rennes.fr\/nuevo\/wp-json\/wp\/v2\/pages\/121\/revisions"}],"predecessor-version":[{"id":2896,"href":"http:\/\/www.sectionclinique-rennes.fr\/nuevo\/wp-json\/wp\/v2\/pages\/121\/revisions\/2896"}],"up":[{"embeddable":true,"href":"http:\/\/www.sectionclinique-rennes.fr\/nuevo\/wp-json\/wp\/v2\/pages\/109"}],"wp:attachment":[{"href":"http:\/\/www.sectionclinique-rennes.fr\/nuevo\/wp-json\/wp\/v2\/media?parent=121"}],"curies":[{"name":"wp","href":"https:\/\/api.w.org\/{rel}","templated":true}]}}