{"id":130,"date":"2015-08-21T10:48:59","date_gmt":"2015-08-21T09:48:59","guid":{"rendered":"http:\/\/www.sectionclinique-rennes.fr\/nuevo\/?page_id=130"},"modified":"2022-06-21T20:11:46","modified_gmt":"2022-06-21T19:11:46","slug":"le-seminaire-detude-et-de-recherche-cercle","status":"publish","type":"page","link":"http:\/\/www.sectionclinique-rennes.fr\/nuevo\/themes\/2010-2011-2\/le-seminaire-detude-et-de-recherche-cercle\/","title":{"rendered":"S\u00e9minaire du Cercle"},"content":{"rendered":"<h3><span style=\"color: #d11d1d;\"><strong>Quid du r\u00e9el ?<\/strong><\/span><\/h3>\n<p>&nbsp;<\/p>\n<p align=\"justify\">Le s\u00e9minaire du Cercle sera orient\u00e9 cette ann\u00e9e par le th\u00e8me d\u2019\u00e9tude de la Section Clinique de Rennes\u00a0:\u00a0<strong>La forclusion g\u00e9n\u00e9ralis\u00e9e.<\/strong><\/p>\n<p style=\"text-align: justify;\" align=\"justify\">On retrouve la trace de la forclusion g\u00e9n\u00e9ralis\u00e9e \u2013 concept mis au point par Jacques-Alain Miller \u00e0 partir de sa lecture minutieuse de Lacan \u2013 dans l\u2019enseignement de Freud. En effet le refoulement originaire que ce dernier formalise tr\u00e8s t\u00f4t peut \u00eatre consid\u00e9r\u00e9 par extension comme un autre nom de la forclusion g\u00e9n\u00e9ralis\u00e9e.<\/p>\n<p style=\"text-align: justify;\" align=\"justify\">Ainsi \u00e9voquant la n\u00e9vrose dans la troisi\u00e8me partie de son texte de 1937 intitul\u00e9 \u00ab\u00a0Construction dans l\u2019analyse\u00a0\u00bb, Freud pr\u00e9cise que la construction propos\u00e9e et communiqu\u00e9e par les analystes \u00e0 leurs patients entra\u00eene un ph\u00e9nom\u00e8ne surprenant\u00a0: \u00ab\u00a0ils retrouvaient non pas l\u2019\u00e9v\u00e9nement m\u00eame qui \u00e9tait le contenu de la construction, mais des d\u00e9tails voisins de ce contenu.\u00a0\u00bb<\/p>\n<p style=\"text-align: justify;\" align=\"justify\">De m\u00eame le d\u00e9lire, \u00e9quivalent de la construction dans la psychose, emporte avec lui seulement une part de ce que Freud appelle la v\u00e9rit\u00e9 historique.\u00a0(1)<\/p>\n<p style=\"text-align: justify;\" align=\"justify\">Il y a donc un surplus et ce, quelle que soit la structure. Freud rassemble ainsi sous une m\u00eame perspective psychose et n\u00e9vrose. La construction propos\u00e9e par l\u2019analyste dans la n\u00e9vrose et la constitution du d\u00e9lire dans la psychose laissent un reste.<\/p>\n<p style=\"text-align: justify;\" align=\"justify\">Quelque chose reste dans tous les cas toujours hors de la port\u00e9e du patient, inaccessible.<\/p>\n<p style=\"text-align: justify;\" align=\"justify\">Lacan, dans son retour \u00e0 Freud, aborde les cat\u00e9gories cliniques freudiennes \u00e0 partir de la pr\u00e9valence du symbolique et de l\u2019action civilisatrice du Nom-du-P\u00e8re, signifiant particulier qui vient signifier et apprivoiser, dans la n\u00e9vrose, par le biais de son corr\u00e9lat le phallus, la jouissance de lam\u00e8re. Lacan d\u00e9montre aussi que dans la psychose, l\u2019absence de ce signifiant particulier laisse cette jouissance affranchie du symbolique et libre de faire retour sur le sujet d\u2019une mani\u00e8re incontr\u00f4l\u00e9e et mortif\u00e8re. Lacan s\u2019appuie ainsi sur l\u2019hallucination du doigt coup\u00e9 de l\u2019homme aux loups pour d\u00e9montrer de quel fa\u00e7on \u00ab\u00a0ce qui n\u2019est pas venu au jour du symbolique, appara\u00eet dans le r\u00e9el. \u00bb (2)<\/p>\n<p style=\"text-align: justify;\" align=\"justify\">Le terme de forclusion traduit le concept freudien de Verwerfung, qui veut dire expulsion, rejet, \u00ab\u00a0c\u2019est exactement ce qui s\u2019oppose \u00e0 la Bejahung primaire et constitue comme tel ce qui est expuls\u00e9.\u00a0\u00bb\u00a0(3)\u00a0Ce qui est expuls\u00e9, vient constituer la jouissance comme r\u00e9el.<\/p>\n<p style=\"text-align: justify;\" align=\"justify\">Lacan poursuivant sa lecture de Freud, ajoute que chez lui, la Verwerfung met en jeu une autre dimension, celle du savoir\u00a0: ainsi, citant ce dernier dans son commentaire sur L\u2019Homme aux loups, Lacan rappelle que ce qui est verworfen, rejet\u00e9, \u00ab\u00a0le sujet n\u2019en voudra \u00ab\u00a0rien savoir au sens du refoulement.\u00a0\u00bb\u00a0\u00bb (4)<\/p>\n<p style=\"text-align: justify;\" align=\"justify\">La forclusion est \u00e9galement une op\u00e9ration, diff\u00e9rente du refoulement certes, mais qui porte sur le savoir. De la m\u00eame fa\u00e7on que le refoulement, la forclusion est la trace d\u2019une limite du savoir. Bien s\u00fbr \u2013 c\u2019est m\u00eame une des cl\u00e9s majeures de la d\u00e9couverte freudienne \u2013 contrairement \u00e0 ce qui est forclos, le refoulement est susceptible d\u2019\u00eatre lev\u00e9, mais dans son article de 1915 sur le refoulement (5), Freud rel\u00e8ve tout de m\u00eame que \u00ab\u00a0nous sommes donc fond\u00e9s \u00e0 admettre un refoulement originaire, une premi\u00e8re phase du refoulement, qui consiste en ceci que le repr\u00e9sentant psychique (repr\u00e9sentant-repr\u00e9sentation) de la pulsion se voit refuser la prise en charge dans le conscient.\u00a0\u00bb<\/p>\n<p style=\"text-align: justify;\" align=\"justify\">Le refoulement originaire est l\u2019 \u00ab\u00a0ombilic\u00a0\u00bb de l\u2019inconscient, en aucune fa\u00e7on il ne saurait \u00eatre lev\u00e9\u00a0: il sanctionne donc, comme la forclusion, la limite du savoir. Le rejet de la f\u00e9minit\u00e9, die Ablehnung der Weiblichkeit (6), que Freud cerne dans un autre de ses derniers textes dont les \u00e9clats imaginaires sont le penis-neid et la protestation virile confirme dans la clinique de la n\u00e9vrose ce reste forclos.<\/p>\n<p style=\"text-align: justify;\" align=\"justify\">C\u2019est ainsi que Jacques-Alain Miller dans son cours (7), prenant acte des derni\u00e8res avanc\u00e9es freudiennes et de la lecture qu\u2019en a fait Lacan, franchit la fronti\u00e8re structurale n\u00e9vrose\/psychose et avance que \u00ab\u00a0consid\u00e9rer que Lacan l\u2019a mise en oeuvre [la structure de la forclusion] \u00e0 propos de la psychose et du Nom-du-P\u00e8re[\u2026] n\u2019est l\u00e0 qu\u2019une doctrine de la forclusion restreinte, [\u2026] il y a place pour une doctrine de la forclusion g\u00e9n\u00e9ralis\u00e9e. [\u2026] Il y a pour le sujet, non seulement dans la psychose mais dans tous les cas, un sans-nom, un indicible\u00a0\u00bb.<\/p>\n<p style=\"text-align: justify;\" align=\"justify\">A quelle condition peut-on soutenir avec Jacques-Alain Miller ce passage du champ de ce qu\u2019il nomme la \u00ab\u00a0forclusion restreinte\u00a0\u00bb \u00e0 la \u00ab\u00a0forclusion g\u00e9n\u00e9ralis\u00e9e\u00a0\u00bb (8)\u00a0? Quels sont les cons\u00e9quences de cette lecture trans-structurale de la limite faite au savoir par le r\u00e9el dans la clinique\u00a0? De quelle fa\u00e7on la fonction du Nom-du-P\u00e8re se trouve-t-elle repens\u00e9e et replac\u00e9e dans le champ plus large du sympt\u00f4me d\u2019abord, et du sinthome ensuite comme ench\u00e2ssement de la jouissance\u00a0?<\/p>\n<hr \/>\n<h6 style=\"text-align: justify;\" align=\"justify\">1.\u00a0Freud S., \u00ab Construction dans l&rsquo;analyse \u00bb, PUF, Paris, 1985, p.279<br \/>\n2.\u00a0<em>Ibid.<\/em>, p.388<br \/>\n3.\u00a0Lacan J., \u00ab\u00a0R\u00e9ponse au commentaire de Jean Hyppolite\u00a0\u00bb, Les Ecrits, Seuil, Paris, 1966, p.387<br \/>\n4.\u00a0Lacan J., I<em>bid.<\/em>, p.388<br \/>\n5.\u00a0\u00a0Freud S.,\u00a0\u00ab Le refoulement \u00bb, <em>M\u00e9tapsychologie<\/em>, Paris, Gallimard, 1978, p.48<br \/>\n6.\u00a0\u00a0Freud S.,\u00a0\u00ab L&rsquo;analyse avec fin et l&rsquo;analyse sans fin \u00bb, Paris, PUF, 1992, p.268<br \/>\n7. Miller J.-A.,\u00a0\u00ab Ce qui fait insigne \u00bb, cours donn\u00e9 dans le cadre de l&rsquo;Universit\u00e9 de Paris VIII, le 27 mai 1987, dont<em> Cahier<\/em> publie un extrait dans son premier N\u00b0 d&rsquo;octobre 1993<br \/>\n8.\u00a0Miller J.-A, \u00ab\u00a0Ce qui fait insigne\u00a0\u00bb, <em>Cahier<\/em>, op. cit. p.5<\/h6>\n<hr \/>\n<p><span style=\"color: #d11d1d;\">Liens vers les autres pages du th\u00e8me :<\/span><\/p>\n<p><a href=\"http:\/\/www.sectionclinique-rennes.fr\/nuevo\/themes\/2010-2011-2\/seminaire-theorique\/\" target=\"_blank\" rel=\"noopener\">S\u00e9minaires th\u00e9oriques<\/a><\/p>\n<p><a href=\"http:\/\/www.sectionclinique-rennes.fr\/nuevo\/themes\/2010-2011-2\/les-seminaires-de-textes\/\" target=\"_blank\" rel=\"noopener\">S\u00e9minaires de textes<\/a><\/p>\n<p>&nbsp;<\/p>\n<h6><strong><em>Derni\u00e8re modification : 25\/09\/2015<\/em><\/strong><\/h6>\n","protected":false},"excerpt":{"rendered":"<p>Quid du r\u00e9el ? &nbsp; Le s\u00e9minaire du Cercle sera orient\u00e9 cette ann\u00e9e par le th\u00e8me d\u2019\u00e9tude de la Section Clinique de Rennes\u00a0:\u00a0La forclusion g\u00e9n\u00e9ralis\u00e9e. On retrouve la trace de la forclusion g\u00e9n\u00e9ralis\u00e9e \u2013 concept mis au point par Jacques-Alain Miller \u00e0 partir de sa lecture minutieuse de Lacan \u2013\u2026<\/p>\n<p> <a class=\"continue-reading-link\" href=\"http:\/\/www.sectionclinique-rennes.fr\/nuevo\/themes\/2010-2011-2\/le-seminaire-detude-et-de-recherche-cercle\/\"><span>Continue reading<\/span><i class=\"crycon-right-dir\"><\/i><\/a> <\/p>\n","protected":false},"author":5,"featured_media":0,"parent":109,"menu_order":6,"comment_status":"closed","ping_status":"closed","template":"","meta":{"_monsterinsights_skip_tracking":false,"_monsterinsights_sitenote_active":false,"_monsterinsights_sitenote_note":"","_monsterinsights_sitenote_category":0,"footnotes":""},"class_list":["post-130","page","type-page","status-publish","hentry"],"yoast_head":"<!-- This site is optimized with the Yoast SEO plugin v25.5 - https:\/\/yoast.com\/wordpress\/plugins\/seo\/ -->\n<title>S\u00e9minaire du Cercle - La Section clinique de Rennes<\/title>\n<meta name=\"robots\" content=\"index, follow, max-snippet:-1, max-image-preview:large, max-video-preview:-1\" \/>\n<link rel=\"canonical\" href=\"https:\/\/www.sectionclinique-rennes.fr\/nuevo\/themes\/2010-2011-2\/le-seminaire-detude-et-de-recherche-cercle\/\" \/>\n<meta property=\"og:locale\" content=\"fr_FR\" \/>\n<meta property=\"og:type\" content=\"article\" \/>\n<meta property=\"og:title\" content=\"S\u00e9minaire du Cercle - La Section clinique de Rennes\" \/>\n<meta property=\"og:description\" content=\"Quid du r\u00e9el ? &nbsp; Le s\u00e9minaire du Cercle sera orient\u00e9 cette ann\u00e9e par le th\u00e8me d\u2019\u00e9tude de la Section Clinique de Rennes\u00a0:\u00a0La forclusion g\u00e9n\u00e9ralis\u00e9e. On retrouve la trace de la forclusion g\u00e9n\u00e9ralis\u00e9e \u2013 concept mis au point par Jacques-Alain Miller \u00e0 partir de sa lecture minutieuse de Lacan \u2013\u2026 Continue reading\" \/>\n<meta property=\"og:url\" content=\"https:\/\/www.sectionclinique-rennes.fr\/nuevo\/themes\/2010-2011-2\/le-seminaire-detude-et-de-recherche-cercle\/\" \/>\n<meta property=\"og:site_name\" content=\"La Section clinique de Rennes\" \/>\n<meta property=\"article:modified_time\" content=\"2022-06-21T19:11:46+00:00\" \/>\n<meta name=\"twitter:card\" content=\"summary_large_image\" \/>\n<meta name=\"twitter:label1\" content=\"Dur\u00e9e de lecture estim\u00e9e\" \/>\n\t<meta name=\"twitter:data1\" content=\"4 minutes\" \/>\n<script type=\"application\/ld+json\" class=\"yoast-schema-graph\">{\"@context\":\"https:\/\/schema.org\",\"@graph\":[{\"@type\":\"WebPage\",\"@id\":\"https:\/\/www.sectionclinique-rennes.fr\/nuevo\/themes\/2010-2011-2\/le-seminaire-detude-et-de-recherche-cercle\/\",\"url\":\"https:\/\/www.sectionclinique-rennes.fr\/nuevo\/themes\/2010-2011-2\/le-seminaire-detude-et-de-recherche-cercle\/\",\"name\":\"S\u00e9minaire du Cercle - La Section clinique de Rennes\",\"isPartOf\":{\"@id\":\"http:\/\/www.sectionclinique-rennes.fr\/nuevo\/#website\"},\"datePublished\":\"2015-08-21T09:48:59+00:00\",\"dateModified\":\"2022-06-21T19:11:46+00:00\",\"breadcrumb\":{\"@id\":\"https:\/\/www.sectionclinique-rennes.fr\/nuevo\/themes\/2010-2011-2\/le-seminaire-detude-et-de-recherche-cercle\/#breadcrumb\"},\"inLanguage\":\"fr-FR\",\"potentialAction\":[{\"@type\":\"ReadAction\",\"target\":[\"https:\/\/www.sectionclinique-rennes.fr\/nuevo\/themes\/2010-2011-2\/le-seminaire-detude-et-de-recherche-cercle\/\"]}]},{\"@type\":\"BreadcrumbList\",\"@id\":\"https:\/\/www.sectionclinique-rennes.fr\/nuevo\/themes\/2010-2011-2\/le-seminaire-detude-et-de-recherche-cercle\/#breadcrumb\",\"itemListElement\":[{\"@type\":\"ListItem\",\"position\":1,\"name\":\"Accueil\",\"item\":\"http:\/\/www.sectionclinique-rennes.fr\/nuevo\/\"},{\"@type\":\"ListItem\",\"position\":2,\"name\":\"Th\u00e8mes\",\"item\":\"https:\/\/www.sectionclinique-rennes.fr\/nuevo\/themes\/\"},{\"@type\":\"ListItem\",\"position\":3,\"name\":\"2010-2011\",\"item\":\"https:\/\/www.sectionclinique-rennes.fr\/nuevo\/themes\/2010-2011-2\/\"},{\"@type\":\"ListItem\",\"position\":4,\"name\":\"S\u00e9minaire du Cercle\"}]},{\"@type\":\"WebSite\",\"@id\":\"http:\/\/www.sectionclinique-rennes.fr\/nuevo\/#website\",\"url\":\"http:\/\/www.sectionclinique-rennes.fr\/nuevo\/\",\"name\":\"La Section clinique de Rennes\",\"description\":\"Association UFORCA\",\"publisher\":{\"@id\":\"http:\/\/www.sectionclinique-rennes.fr\/nuevo\/#organization\"},\"potentialAction\":[{\"@type\":\"SearchAction\",\"target\":{\"@type\":\"EntryPoint\",\"urlTemplate\":\"http:\/\/www.sectionclinique-rennes.fr\/nuevo\/?s={search_term_string}\"},\"query-input\":{\"@type\":\"PropertyValueSpecification\",\"valueRequired\":true,\"valueName\":\"search_term_string\"}}],\"inLanguage\":\"fr-FR\"},{\"@type\":\"Organization\",\"@id\":\"http:\/\/www.sectionclinique-rennes.fr\/nuevo\/#organization\",\"name\":\"Section clinique de Rennes - Association UFORCA\",\"url\":\"http:\/\/www.sectionclinique-rennes.fr\/nuevo\/\",\"logo\":{\"@type\":\"ImageObject\",\"inLanguage\":\"fr-FR\",\"@id\":\"http:\/\/www.sectionclinique-rennes.fr\/nuevo\/#\/schema\/logo\/image\/\",\"url\":\"http:\/\/www.sectionclinique-rennes.fr\/nuevo\/wp-content\/uploads\/2015\/08\/logo.png\",\"contentUrl\":\"http:\/\/www.sectionclinique-rennes.fr\/nuevo\/wp-content\/uploads\/2015\/08\/logo.png\",\"width\":1199,\"height\":276,\"caption\":\"Section clinique de Rennes - Association UFORCA\"},\"image\":{\"@id\":\"http:\/\/www.sectionclinique-rennes.fr\/nuevo\/#\/schema\/logo\/image\/\"}}]}<\/script>\n<!-- \/ Yoast SEO plugin. -->","yoast_head_json":{"title":"S\u00e9minaire du Cercle - La Section clinique de Rennes","robots":{"index":"index","follow":"follow","max-snippet":"max-snippet:-1","max-image-preview":"max-image-preview:large","max-video-preview":"max-video-preview:-1"},"canonical":"https:\/\/www.sectionclinique-rennes.fr\/nuevo\/themes\/2010-2011-2\/le-seminaire-detude-et-de-recherche-cercle\/","og_locale":"fr_FR","og_type":"article","og_title":"S\u00e9minaire du Cercle - La Section clinique de Rennes","og_description":"Quid du r\u00e9el ? &nbsp; Le s\u00e9minaire du Cercle sera orient\u00e9 cette ann\u00e9e par le th\u00e8me d\u2019\u00e9tude de la Section Clinique de Rennes\u00a0:\u00a0La forclusion g\u00e9n\u00e9ralis\u00e9e. On retrouve la trace de la forclusion g\u00e9n\u00e9ralis\u00e9e \u2013 concept mis au point par Jacques-Alain Miller \u00e0 partir de sa lecture minutieuse de Lacan \u2013\u2026 Continue reading","og_url":"https:\/\/www.sectionclinique-rennes.fr\/nuevo\/themes\/2010-2011-2\/le-seminaire-detude-et-de-recherche-cercle\/","og_site_name":"La Section clinique de Rennes","article_modified_time":"2022-06-21T19:11:46+00:00","twitter_card":"summary_large_image","twitter_misc":{"Dur\u00e9e de lecture estim\u00e9e":"4 minutes"},"schema":{"@context":"https:\/\/schema.org","@graph":[{"@type":"WebPage","@id":"https:\/\/www.sectionclinique-rennes.fr\/nuevo\/themes\/2010-2011-2\/le-seminaire-detude-et-de-recherche-cercle\/","url":"https:\/\/www.sectionclinique-rennes.fr\/nuevo\/themes\/2010-2011-2\/le-seminaire-detude-et-de-recherche-cercle\/","name":"S\u00e9minaire du Cercle - La Section clinique de Rennes","isPartOf":{"@id":"http:\/\/www.sectionclinique-rennes.fr\/nuevo\/#website"},"datePublished":"2015-08-21T09:48:59+00:00","dateModified":"2022-06-21T19:11:46+00:00","breadcrumb":{"@id":"https:\/\/www.sectionclinique-rennes.fr\/nuevo\/themes\/2010-2011-2\/le-seminaire-detude-et-de-recherche-cercle\/#breadcrumb"},"inLanguage":"fr-FR","potentialAction":[{"@type":"ReadAction","target":["https:\/\/www.sectionclinique-rennes.fr\/nuevo\/themes\/2010-2011-2\/le-seminaire-detude-et-de-recherche-cercle\/"]}]},{"@type":"BreadcrumbList","@id":"https:\/\/www.sectionclinique-rennes.fr\/nuevo\/themes\/2010-2011-2\/le-seminaire-detude-et-de-recherche-cercle\/#breadcrumb","itemListElement":[{"@type":"ListItem","position":1,"name":"Accueil","item":"http:\/\/www.sectionclinique-rennes.fr\/nuevo\/"},{"@type":"ListItem","position":2,"name":"Th\u00e8mes","item":"https:\/\/www.sectionclinique-rennes.fr\/nuevo\/themes\/"},{"@type":"ListItem","position":3,"name":"2010-2011","item":"https:\/\/www.sectionclinique-rennes.fr\/nuevo\/themes\/2010-2011-2\/"},{"@type":"ListItem","position":4,"name":"S\u00e9minaire du Cercle"}]},{"@type":"WebSite","@id":"http:\/\/www.sectionclinique-rennes.fr\/nuevo\/#website","url":"http:\/\/www.sectionclinique-rennes.fr\/nuevo\/","name":"La Section clinique de Rennes","description":"Association UFORCA","publisher":{"@id":"http:\/\/www.sectionclinique-rennes.fr\/nuevo\/#organization"},"potentialAction":[{"@type":"SearchAction","target":{"@type":"EntryPoint","urlTemplate":"http:\/\/www.sectionclinique-rennes.fr\/nuevo\/?s={search_term_string}"},"query-input":{"@type":"PropertyValueSpecification","valueRequired":true,"valueName":"search_term_string"}}],"inLanguage":"fr-FR"},{"@type":"Organization","@id":"http:\/\/www.sectionclinique-rennes.fr\/nuevo\/#organization","name":"Section clinique de Rennes - Association UFORCA","url":"http:\/\/www.sectionclinique-rennes.fr\/nuevo\/","logo":{"@type":"ImageObject","inLanguage":"fr-FR","@id":"http:\/\/www.sectionclinique-rennes.fr\/nuevo\/#\/schema\/logo\/image\/","url":"http:\/\/www.sectionclinique-rennes.fr\/nuevo\/wp-content\/uploads\/2015\/08\/logo.png","contentUrl":"http:\/\/www.sectionclinique-rennes.fr\/nuevo\/wp-content\/uploads\/2015\/08\/logo.png","width":1199,"height":276,"caption":"Section clinique de Rennes - Association UFORCA"},"image":{"@id":"http:\/\/www.sectionclinique-rennes.fr\/nuevo\/#\/schema\/logo\/image\/"}}]}},"_links":{"self":[{"href":"http:\/\/www.sectionclinique-rennes.fr\/nuevo\/wp-json\/wp\/v2\/pages\/130","targetHints":{"allow":["GET"]}}],"collection":[{"href":"http:\/\/www.sectionclinique-rennes.fr\/nuevo\/wp-json\/wp\/v2\/pages"}],"about":[{"href":"http:\/\/www.sectionclinique-rennes.fr\/nuevo\/wp-json\/wp\/v2\/types\/page"}],"author":[{"embeddable":true,"href":"http:\/\/www.sectionclinique-rennes.fr\/nuevo\/wp-json\/wp\/v2\/users\/5"}],"replies":[{"embeddable":true,"href":"http:\/\/www.sectionclinique-rennes.fr\/nuevo\/wp-json\/wp\/v2\/comments?post=130"}],"version-history":[{"count":21,"href":"http:\/\/www.sectionclinique-rennes.fr\/nuevo\/wp-json\/wp\/v2\/pages\/130\/revisions"}],"predecessor-version":[{"id":2892,"href":"http:\/\/www.sectionclinique-rennes.fr\/nuevo\/wp-json\/wp\/v2\/pages\/130\/revisions\/2892"}],"up":[{"embeddable":true,"href":"http:\/\/www.sectionclinique-rennes.fr\/nuevo\/wp-json\/wp\/v2\/pages\/109"}],"wp:attachment":[{"href":"http:\/\/www.sectionclinique-rennes.fr\/nuevo\/wp-json\/wp\/v2\/media?parent=130"}],"curies":[{"name":"wp","href":"https:\/\/api.w.org\/{rel}","templated":true}]}}