{"id":144,"date":"2015-08-21T22:24:28","date_gmt":"2015-08-21T21:24:28","guid":{"rendered":"http:\/\/www.sectionclinique-rennes.fr\/nuevo\/?page_id=144"},"modified":"2022-06-21T20:13:46","modified_gmt":"2022-06-21T19:13:46","slug":"les-seminaires-de-textes","status":"publish","type":"page","link":"http:\/\/www.sectionclinique-rennes.fr\/nuevo\/themes\/2011-2012\/les-seminaires-de-textes\/","title":{"rendered":"S\u00e9minaires de textes"},"content":{"rendered":"<h3 style=\"text-align: justify;\" align=\"justify\"><span style=\"color: #3366ff;\"><strong>Commentaire suivi de textes<\/strong><\/span><\/h3>\n<p>&nbsp;<\/p>\n<p style=\"text-align: justify;\" align=\"justify\">La naissance de la psychanalyse est intimement li\u00e9e au d\u00e9sir de Freud et \u00e0 sa rencontre avec le sympt\u00f4me. Il remaniera tout au long de sa vie sa th\u00e9orie, le sympt\u00f4me aura toujours des restes indestructibles, leur \u00e9radication est impossible.<\/p>\n<p style=\"text-align: justify;\" align=\"justify\">Dans ses premiers travaux sur l\u2019hyst\u00e9rie, Freud se fonde sur une conception traumatique du sympt\u00f4me, des repr\u00e9sentations traumatiques refoul\u00e9es persistent sous formes mn\u00e9siques et en sont la cause. Sa th\u00e9orie du sympt\u00f4me va \u00e9voluer tout au long de son oeuvre, il passe successivement de la th\u00e9orie traumatique \u00e0 la th\u00e9orie du fantasme. C\u2019est l\u2019espoir mis dans les pouvoirs du sens pour d\u00e9livrer le sujet du sympt\u00f4me. Bien qu\u2019il y ait des all\u00e8gements symptomatiques, quelque chose r\u00e9siste, il y a ce qu\u2019il nomme des restes symptomatiques. A quoi le sympt\u00f4me satisfait-il\u00a0?<\/p>\n<p style=\"text-align: justify;\" align=\"justify\">En 1926, il publie \u00ab\u00a0Inhibition, sympt\u00f4me et angoisse\u00a0\u00bb ; il y lie alors les concepts de sympt\u00f4me et de libido. Le sympt\u00f4me devient un substitut de l\u2019exigence de la pulsion. Il y introduit ainsi la dimension de la jouissance, qui vise l\u2019exp\u00e9rience du r\u00e9el dans la cure analytique. Le sympt\u00f4me r\u00e9sulte alors d\u2019un conflit irr\u00e9ductible.<\/p>\n<p style=\"text-align: justify;\" align=\"justify\">Lacan dans son \u00ab Retour \u00e0 Freud\u00a0\u00bb, emprunte les pas de l\u2019 \u0153uvre du p\u00e8re de la psychanalyse. Le sympt\u00f4me y est tout d\u2019abord pris comme m\u00e9taphore dans \u00ab\u00a0L\u2019instance de la lettre\u00a0\u00bb en 1957, puis dans son ultime enseignement comme jouissance, \u00ab\u00a0c\u2019est un parcours qui va du sens \u00e0 un au-del\u00e0 du sens\u00a0\u00bb\u00a0(1). Le sympt\u00f4me prend la figure de Janus, selon la formule de Jacques-Alain Miller, une face de sens li\u00e9e au signifiant et une face de jouissance. Dans son cours Jacques-Alain Miller pr\u00e9sente \u00ab\u00a0Inhibition, sympt\u00f4me et angoisse\u00a0\u00bb comme \u00ab la clef du dernier enseignement de Lacan\u00a0\u00bb\u00a0(2). Cette ann\u00e9e l\u00e0, il en accentue le d\u00e9chiffrage, et de ce \u00ab\u00a0reste inassimilable et irr\u00e9ductible au principe de plaisir\u00a0\u00bb\u00a0(3), il en fait le partenaire du sujet. C\u2019est un nouveau concept qui est construit\u00a0: le partenaire sympt\u00f4me.<\/p>\n<hr \/>\n<h6 style=\"text-align: justify;\" align=\"justify\">1.\u00a0Miller J.-A., Le s\u00e9minaire de Barcelone sur <em>Die Wege der Symptombildung<\/em>, dans<em> Le Sympt\u00f4me charlatan<\/em>, Seuil, Paris, 1998<br \/>\n2. Miller J.-A, cours donn\u00e9 dans le cadre de l&rsquo;Universit\u00e9 Paris VIII,\u00a0<em>L&rsquo;Orientation lacanienne,<\/em> \u00ab\u00a0Le Partenaire-sympt\u00f4me\u00a0\u00bb, cours du 19 novembre 1997<br \/>\n3.\u00a0<em>Ibid.,<\/em> cours du 10 d\u00e9cembre 1997<\/h6>\n<hr \/>\n<p><span style=\"color: #3366ff;\"><strong>R\u00e9f\u00e9rences :<\/strong><\/span><\/p>\n<ul>\n<li style=\"text-align: justify;\">Freud S., Inhibition, sympt\u00f4me et angoisse. PUF, Paris, 1971<\/li>\n<li style=\"text-align: justify;\">Lacan J.,\u00a0Le s\u00e9minaire XX, Encore, texte \u00e9tabli par Jacques-Alain Miller, Seuil, Paris, 1975<\/li>\n<li style=\"text-align: justify;\">Miller J.-A.,\u00a0\u00ab\u00a0Le s\u00e9minaire de Barcelone\u00a0\u00bb in Le sympt\u00f4me charlatan, Seuil, Paris, 1998<\/li>\n<li style=\"text-align: justify;\">Miller J.-A., \u00ab\u00a0La th\u00e9orie du partenaire\u00a0\u00bb in Quarto 77, Juillet 2002<\/li>\n<li style=\"text-align: justify;\">Miller J.-A., \u00ab\u00a0Lire un sympt\u00f4me\u00a0\u00bb in Mental 26, Juin 2011<\/li>\n<li style=\"text-align: justify;\">Eric Laurent\u00a0: \u00ab\u00a0La soci\u00e9t\u00e9 du sympt\u00f4me\u00a0\u00bb in Quarto 85, Novembre 2005<\/li>\n<\/ul>\n<hr \/>\n<p><span style=\"color: #3366ff;\">Liens vers les autres pages du th\u00e8me :<\/span><\/p>\n<p><a href=\"http:\/\/www.sectionclinique-rennes.fr\/nuevo\/themes\/2011-2012\/seminaire-theorique\/\" target=\"_blank\" rel=\"noopener\">S\u00e9minaires\u00a0th\u00e9oriques<\/a><\/p>\n<p><a href=\"http:\/\/www.sectionclinique-rennes.fr\/nuevo\/themes\/2011-2012\/le-seminaire-detude-et-de-recherche-le-cercle\/\" target=\"_blank\" rel=\"noopener\">S\u00e9minaire du Cercle<\/a><\/p>\n<p>&nbsp;<\/p>\n<h6><strong><em>Derni\u00e8re modification : 11\/06\/2022<\/em><\/strong><\/h6>\n","protected":false},"excerpt":{"rendered":"<p>Commentaire suivi de textes &nbsp; La naissance de la psychanalyse est intimement li\u00e9e au d\u00e9sir de Freud et \u00e0 sa rencontre avec le sympt\u00f4me. Il remaniera tout au long de sa vie sa th\u00e9orie, le sympt\u00f4me aura toujours des restes indestructibles, leur \u00e9radication est impossible. Dans ses premiers travaux sur\u2026<\/p>\n<p> <a class=\"continue-reading-link\" href=\"http:\/\/www.sectionclinique-rennes.fr\/nuevo\/themes\/2011-2012\/les-seminaires-de-textes\/\"><span>Continue reading<\/span><i class=\"crycon-right-dir\"><\/i><\/a> <\/p>\n","protected":false},"author":5,"featured_media":0,"parent":82,"menu_order":4,"comment_status":"closed","ping_status":"closed","template":"","meta":{"_monsterinsights_skip_tracking":false,"_monsterinsights_sitenote_active":false,"_monsterinsights_sitenote_note":"","_monsterinsights_sitenote_category":0,"footnotes":""},"class_list":["post-144","page","type-page","status-publish","hentry"],"yoast_head":"<!-- This site is optimized with the Yoast SEO plugin v25.5 - https:\/\/yoast.com\/wordpress\/plugins\/seo\/ -->\n<title>S\u00e9minaires de textes - La Section clinique de Rennes<\/title>\n<meta name=\"robots\" content=\"index, follow, max-snippet:-1, max-image-preview:large, max-video-preview:-1\" \/>\n<link rel=\"canonical\" href=\"http:\/\/www.sectionclinique-rennes.fr\/nuevo\/themes\/2011-2012\/les-seminaires-de-textes\/\" \/>\n<meta property=\"og:locale\" content=\"fr_FR\" \/>\n<meta property=\"og:type\" content=\"article\" \/>\n<meta property=\"og:title\" content=\"S\u00e9minaires de textes - La Section clinique de Rennes\" \/>\n<meta property=\"og:description\" content=\"Commentaire suivi de textes &nbsp; La naissance de la psychanalyse est intimement li\u00e9e au d\u00e9sir de Freud et \u00e0 sa rencontre avec le sympt\u00f4me. Il remaniera tout au long de sa vie sa th\u00e9orie, le sympt\u00f4me aura toujours des restes indestructibles, leur \u00e9radication est impossible. Dans ses premiers travaux sur\u2026 Continue reading\" \/>\n<meta property=\"og:url\" content=\"http:\/\/www.sectionclinique-rennes.fr\/nuevo\/themes\/2011-2012\/les-seminaires-de-textes\/\" \/>\n<meta property=\"og:site_name\" content=\"La Section clinique de Rennes\" \/>\n<meta property=\"article:modified_time\" content=\"2022-06-21T19:13:46+00:00\" \/>\n<meta name=\"twitter:card\" content=\"summary_large_image\" \/>\n<meta name=\"twitter:label1\" content=\"Dur\u00e9e de lecture estim\u00e9e\" \/>\n\t<meta name=\"twitter:data1\" content=\"3 minutes\" \/>\n<script type=\"application\/ld+json\" class=\"yoast-schema-graph\">{\"@context\":\"https:\/\/schema.org\",\"@graph\":[{\"@type\":\"WebPage\",\"@id\":\"http:\/\/www.sectionclinique-rennes.fr\/nuevo\/themes\/2011-2012\/les-seminaires-de-textes\/\",\"url\":\"http:\/\/www.sectionclinique-rennes.fr\/nuevo\/themes\/2011-2012\/les-seminaires-de-textes\/\",\"name\":\"S\u00e9minaires de textes - La Section clinique de Rennes\",\"isPartOf\":{\"@id\":\"http:\/\/www.sectionclinique-rennes.fr\/nuevo\/#website\"},\"datePublished\":\"2015-08-21T21:24:28+00:00\",\"dateModified\":\"2022-06-21T19:13:46+00:00\",\"breadcrumb\":{\"@id\":\"http:\/\/www.sectionclinique-rennes.fr\/nuevo\/themes\/2011-2012\/les-seminaires-de-textes\/#breadcrumb\"},\"inLanguage\":\"fr-FR\",\"potentialAction\":[{\"@type\":\"ReadAction\",\"target\":[\"http:\/\/www.sectionclinique-rennes.fr\/nuevo\/themes\/2011-2012\/les-seminaires-de-textes\/\"]}]},{\"@type\":\"BreadcrumbList\",\"@id\":\"http:\/\/www.sectionclinique-rennes.fr\/nuevo\/themes\/2011-2012\/les-seminaires-de-textes\/#breadcrumb\",\"itemListElement\":[{\"@type\":\"ListItem\",\"position\":1,\"name\":\"Accueil\",\"item\":\"http:\/\/www.sectionclinique-rennes.fr\/nuevo\/\"},{\"@type\":\"ListItem\",\"position\":2,\"name\":\"Th\u00e8mes\",\"item\":\"https:\/\/www.sectionclinique-rennes.fr\/nuevo\/themes\/\"},{\"@type\":\"ListItem\",\"position\":3,\"name\":\"2011-2012\",\"item\":\"https:\/\/www.sectionclinique-rennes.fr\/nuevo\/themes\/2011-2012\/\"},{\"@type\":\"ListItem\",\"position\":4,\"name\":\"S\u00e9minaires de textes\"}]},{\"@type\":\"WebSite\",\"@id\":\"http:\/\/www.sectionclinique-rennes.fr\/nuevo\/#website\",\"url\":\"http:\/\/www.sectionclinique-rennes.fr\/nuevo\/\",\"name\":\"La Section clinique de Rennes\",\"description\":\"Association UFORCA\",\"publisher\":{\"@id\":\"http:\/\/www.sectionclinique-rennes.fr\/nuevo\/#organization\"},\"potentialAction\":[{\"@type\":\"SearchAction\",\"target\":{\"@type\":\"EntryPoint\",\"urlTemplate\":\"http:\/\/www.sectionclinique-rennes.fr\/nuevo\/?s={search_term_string}\"},\"query-input\":{\"@type\":\"PropertyValueSpecification\",\"valueRequired\":true,\"valueName\":\"search_term_string\"}}],\"inLanguage\":\"fr-FR\"},{\"@type\":\"Organization\",\"@id\":\"http:\/\/www.sectionclinique-rennes.fr\/nuevo\/#organization\",\"name\":\"Section clinique de Rennes - Association UFORCA\",\"url\":\"http:\/\/www.sectionclinique-rennes.fr\/nuevo\/\",\"logo\":{\"@type\":\"ImageObject\",\"inLanguage\":\"fr-FR\",\"@id\":\"http:\/\/www.sectionclinique-rennes.fr\/nuevo\/#\/schema\/logo\/image\/\",\"url\":\"http:\/\/www.sectionclinique-rennes.fr\/nuevo\/wp-content\/uploads\/2015\/08\/logo.png\",\"contentUrl\":\"http:\/\/www.sectionclinique-rennes.fr\/nuevo\/wp-content\/uploads\/2015\/08\/logo.png\",\"width\":1199,\"height\":276,\"caption\":\"Section clinique de Rennes - Association UFORCA\"},\"image\":{\"@id\":\"http:\/\/www.sectionclinique-rennes.fr\/nuevo\/#\/schema\/logo\/image\/\"}}]}<\/script>\n<!-- \/ Yoast SEO plugin. -->","yoast_head_json":{"title":"S\u00e9minaires de textes - La Section clinique de Rennes","robots":{"index":"index","follow":"follow","max-snippet":"max-snippet:-1","max-image-preview":"max-image-preview:large","max-video-preview":"max-video-preview:-1"},"canonical":"http:\/\/www.sectionclinique-rennes.fr\/nuevo\/themes\/2011-2012\/les-seminaires-de-textes\/","og_locale":"fr_FR","og_type":"article","og_title":"S\u00e9minaires de textes - La Section clinique de Rennes","og_description":"Commentaire suivi de textes &nbsp; La naissance de la psychanalyse est intimement li\u00e9e au d\u00e9sir de Freud et \u00e0 sa rencontre avec le sympt\u00f4me. Il remaniera tout au long de sa vie sa th\u00e9orie, le sympt\u00f4me aura toujours des restes indestructibles, leur \u00e9radication est impossible. Dans ses premiers travaux sur\u2026 Continue reading","og_url":"http:\/\/www.sectionclinique-rennes.fr\/nuevo\/themes\/2011-2012\/les-seminaires-de-textes\/","og_site_name":"La Section clinique de Rennes","article_modified_time":"2022-06-21T19:13:46+00:00","twitter_card":"summary_large_image","twitter_misc":{"Dur\u00e9e de lecture estim\u00e9e":"3 minutes"},"schema":{"@context":"https:\/\/schema.org","@graph":[{"@type":"WebPage","@id":"http:\/\/www.sectionclinique-rennes.fr\/nuevo\/themes\/2011-2012\/les-seminaires-de-textes\/","url":"http:\/\/www.sectionclinique-rennes.fr\/nuevo\/themes\/2011-2012\/les-seminaires-de-textes\/","name":"S\u00e9minaires de textes - La Section clinique de Rennes","isPartOf":{"@id":"http:\/\/www.sectionclinique-rennes.fr\/nuevo\/#website"},"datePublished":"2015-08-21T21:24:28+00:00","dateModified":"2022-06-21T19:13:46+00:00","breadcrumb":{"@id":"http:\/\/www.sectionclinique-rennes.fr\/nuevo\/themes\/2011-2012\/les-seminaires-de-textes\/#breadcrumb"},"inLanguage":"fr-FR","potentialAction":[{"@type":"ReadAction","target":["http:\/\/www.sectionclinique-rennes.fr\/nuevo\/themes\/2011-2012\/les-seminaires-de-textes\/"]}]},{"@type":"BreadcrumbList","@id":"http:\/\/www.sectionclinique-rennes.fr\/nuevo\/themes\/2011-2012\/les-seminaires-de-textes\/#breadcrumb","itemListElement":[{"@type":"ListItem","position":1,"name":"Accueil","item":"http:\/\/www.sectionclinique-rennes.fr\/nuevo\/"},{"@type":"ListItem","position":2,"name":"Th\u00e8mes","item":"https:\/\/www.sectionclinique-rennes.fr\/nuevo\/themes\/"},{"@type":"ListItem","position":3,"name":"2011-2012","item":"https:\/\/www.sectionclinique-rennes.fr\/nuevo\/themes\/2011-2012\/"},{"@type":"ListItem","position":4,"name":"S\u00e9minaires de textes"}]},{"@type":"WebSite","@id":"http:\/\/www.sectionclinique-rennes.fr\/nuevo\/#website","url":"http:\/\/www.sectionclinique-rennes.fr\/nuevo\/","name":"La Section clinique de Rennes","description":"Association UFORCA","publisher":{"@id":"http:\/\/www.sectionclinique-rennes.fr\/nuevo\/#organization"},"potentialAction":[{"@type":"SearchAction","target":{"@type":"EntryPoint","urlTemplate":"http:\/\/www.sectionclinique-rennes.fr\/nuevo\/?s={search_term_string}"},"query-input":{"@type":"PropertyValueSpecification","valueRequired":true,"valueName":"search_term_string"}}],"inLanguage":"fr-FR"},{"@type":"Organization","@id":"http:\/\/www.sectionclinique-rennes.fr\/nuevo\/#organization","name":"Section clinique de Rennes - Association UFORCA","url":"http:\/\/www.sectionclinique-rennes.fr\/nuevo\/","logo":{"@type":"ImageObject","inLanguage":"fr-FR","@id":"http:\/\/www.sectionclinique-rennes.fr\/nuevo\/#\/schema\/logo\/image\/","url":"http:\/\/www.sectionclinique-rennes.fr\/nuevo\/wp-content\/uploads\/2015\/08\/logo.png","contentUrl":"http:\/\/www.sectionclinique-rennes.fr\/nuevo\/wp-content\/uploads\/2015\/08\/logo.png","width":1199,"height":276,"caption":"Section clinique de Rennes - Association UFORCA"},"image":{"@id":"http:\/\/www.sectionclinique-rennes.fr\/nuevo\/#\/schema\/logo\/image\/"}}]}},"_links":{"self":[{"href":"http:\/\/www.sectionclinique-rennes.fr\/nuevo\/wp-json\/wp\/v2\/pages\/144","targetHints":{"allow":["GET"]}}],"collection":[{"href":"http:\/\/www.sectionclinique-rennes.fr\/nuevo\/wp-json\/wp\/v2\/pages"}],"about":[{"href":"http:\/\/www.sectionclinique-rennes.fr\/nuevo\/wp-json\/wp\/v2\/types\/page"}],"author":[{"embeddable":true,"href":"http:\/\/www.sectionclinique-rennes.fr\/nuevo\/wp-json\/wp\/v2\/users\/5"}],"replies":[{"embeddable":true,"href":"http:\/\/www.sectionclinique-rennes.fr\/nuevo\/wp-json\/wp\/v2\/comments?post=144"}],"version-history":[{"count":17,"href":"http:\/\/www.sectionclinique-rennes.fr\/nuevo\/wp-json\/wp\/v2\/pages\/144\/revisions"}],"predecessor-version":[{"id":2895,"href":"http:\/\/www.sectionclinique-rennes.fr\/nuevo\/wp-json\/wp\/v2\/pages\/144\/revisions\/2895"}],"up":[{"embeddable":true,"href":"http:\/\/www.sectionclinique-rennes.fr\/nuevo\/wp-json\/wp\/v2\/pages\/82"}],"wp:attachment":[{"href":"http:\/\/www.sectionclinique-rennes.fr\/nuevo\/wp-json\/wp\/v2\/media?parent=144"}],"curies":[{"name":"wp","href":"https:\/\/api.w.org\/{rel}","templated":true}]}}