{"id":1577,"date":"2016-08-22T23:24:25","date_gmt":"2016-08-22T22:24:25","guid":{"rendered":"http:\/\/www.sectionclinique-rennes.fr\/nuevo\/?page_id=1577"},"modified":"2022-06-22T14:57:33","modified_gmt":"2022-06-22T13:57:33","slug":"seminaires-theoriques","status":"publish","type":"page","link":"http:\/\/www.sectionclinique-rennes.fr\/nuevo\/themes\/annee-2016-2017\/seminaires-theoriques\/","title":{"rendered":"S\u00e9minaires th\u00e9oriques"},"content":{"rendered":"<div class=\"page\" title=\"Page 10\">\n<div class=\"layoutArea\">\n<div class=\"column\">\n<h3 style=\"text-align: left;\"><strong><span style=\"color: #0f99a8;\">Lecture du <em>S\u00e9minaire IV<\/em> de Jacques Lacan, \u00ab\u00a0La relation d\u2019objet\u00a0\u00bb<\/span><\/strong><\/h3>\n<p>&nbsp;<\/p>\n<p style=\"text-align: justify;\">Elle sera orient\u00e9e par le th\u00e8me de l\u2019ann\u00e9e : \u00ab L\u2019imaginaire et l\u2019objet dans la clinique analytique \u00bb.\u00a0Il ne s\u2019agira pas d\u2019une lecture suivie mais du commentaire th\u00e9orique et clinique de quelques extraits du s\u00e9minaire. Ce commentaire s\u2019appuiera sur d\u2019autres r\u00e9f\u00e9rences, freudiennes et lacaniennes, permettant d\u2019\u00e9clairer l\u2019\u00e9volution de la doctrine de Lacan sur l\u2019imaginaire et sur l\u2019objet.<\/p>\n<p style=\"text-align: justify;\">Outre le S\u00e9minaire IV de J. Lacan, on pourra se reporter aux textes suivants :<\/p>\n<ul>\n<li style=\"text-align: justify;\">Freud S., Pour introduire le narcissisme, dans \u00ab La vie sexuelle \u00bb, puf 1969, p. 81-105<\/li>\n<li style=\"text-align: justify;\">Freud S., Cinq psychanalyses, (Hans, La jeune homosexuelle, Dora)<\/li>\n<li style=\"text-align: justify;\">Lacan J., Le S\u00e9minaire, livre I, Les \u00e9crits techniques de Freud, (chap. IX, X, XI), Paris, Seuil, 1975, p. 125-163<\/li>\n<li style=\"text-align: justify;\">Lacan J., \u00ab Le stade du miroir comme formateur de la fonction du Je telle qu\u2019elle nous est r\u00e9v\u00e9l\u00e9e dans l\u2019exp\u00e9rience psychanalytique \u00bb, \u00c9crits, Paris, Seuil, 1966, p. 93-100<\/li>\n<li style=\"text-align: justify;\">Miller J.-A., \u00ab L\u2019orientation lacanienne. Extimit\u00e9 \u00bb, enseignement prononc\u00e9 dans le cadre du d\u00e9partement de psychanalyse de l\u2019universit\u00e9 Paris VIII, le\u00e7ons du 20.11.1985 et du 26.02.1986, in\u00e9dit.(accessible sur internet)<\/li>\n<li style=\"text-align: justify;\">Miller J.-A. \u00ab L\u2019orientation lacanienne. La question de Madrid \u00bb, enseignement prononc\u00e9 dans le cadre du d\u00e9partement de psychanalyse de l\u2019universit\u00e9 Paris VIII, le\u00e7on du 13.03 1991, in\u00e9dit. (accessible sur internet)<\/li>\n<li style=\"text-align: justify;\">Miller J.-A., \u00ab L\u2019orientation lacanienne. De la nature des semblants \u00bb, enseignement prononc\u00e9 dans le cadre du d\u00e9partement de psychanalyse de l\u2019universit\u00e9 Paris VIII, le\u00e7on XVII, du 15.04.1992. (Jouissance et imaginaire), in\u00e9dit. (accessible sur internet)<\/li>\n<li style=\"text-align: justify;\">Miller J.-A., \u00ab L\u2019orientation lacanienne. Donc \u00bb, enseignement prononc\u00e9 dans le cadre du d\u00e9partement de psychanalyse de l\u2019universit\u00e9 Paris VIII le\u00e7ons IX, X, XI, XII, XIII, XIV du 2 mars au 6 avril 1994, in\u00e9dit. (accessible sur internet)<\/li>\n<li style=\"text-align: justify;\">Miller J.-A., \u00ab Pr\u00e9sentation du S\u00e9minaire IV \u00bb, I, Lettre Mensuelle de L\u2019ECF-ACF n\u00b0 128, avril 1994<\/li>\n<li style=\"text-align: justify;\">Miller J.-A., \u00ab Pr\u00e9sentation du S\u00e9minaire IV \u00bb, II, Lettre Mensuelle de L\u2019ECF-ACF, n\u00b0 129, mai 1994<\/li>\n<li style=\"text-align: justify;\">Miller J.-A., \u00ab L\u2019orientation lacanienne. Silet \u00bb, enseignement prononc\u00e9 dans le cadre du d\u00e9partement de psychanalyse de l\u2019universit\u00e9 Paris VIII, le\u00e7ons des 10.05.1995 et 17.05.1995<\/li>\n<\/ul>\n<p>&nbsp;<\/p>\n<hr \/>\n<p><span style=\"color: #0f99a8;\">Liens vers les autres pages du th\u00e8me :<\/span><\/p>\n<\/div>\n<p class=\"column\"><a href=\"http:\/\/www.sectionclinique-rennes.fr\/nuevo\/themes\/annee-2016-2017\/seminaires-de-textes\/\" target=\"_blank\" rel=\"noopener\">S\u00e9minaires de textes<\/a><\/p>\n<p class=\"column\"><a href=\"http:\/\/www.sectionclinique-rennes.fr\/nuevo\/themes\/annee-2016-2017\/seminaire-du-cercle\/\" target=\"_blank\" rel=\"noopener\">S\u00e9minaire du Cercle<\/a><\/p>\n<p>&nbsp;<\/p>\n<h6 style=\"font-weight: 400;\"><strong><em>Derni\u00e8re modification : 31\/07\/2019<\/em><\/strong><\/h6>\n<\/div>\n<\/div>\n","protected":false},"excerpt":{"rendered":"<p>Lecture du S\u00e9minaire IV de Jacques Lacan, \u00ab\u00a0La relation d\u2019objet\u00a0\u00bb &nbsp; Elle sera orient\u00e9e par le th\u00e8me de l\u2019ann\u00e9e : \u00ab L\u2019imaginaire et l\u2019objet dans la clinique analytique \u00bb.\u00a0Il ne s\u2019agira pas d\u2019une lecture suivie mais du commentaire th\u00e9orique et clinique de quelques extraits du s\u00e9minaire. Ce commentaire s\u2019appuiera sur\u2026<\/p>\n<p> <a class=\"continue-reading-link\" href=\"http:\/\/www.sectionclinique-rennes.fr\/nuevo\/themes\/annee-2016-2017\/seminaires-theoriques\/\"><span>Continue reading<\/span><i class=\"crycon-right-dir\"><\/i><\/a> <\/p>\n","protected":false},"author":5,"featured_media":0,"parent":1574,"menu_order":0,"comment_status":"closed","ping_status":"closed","template":"","meta":{"_monsterinsights_skip_tracking":false,"_monsterinsights_sitenote_active":false,"_monsterinsights_sitenote_note":"","_monsterinsights_sitenote_category":0,"footnotes":""},"class_list":["post-1577","page","type-page","status-publish","hentry"],"yoast_head":"<!-- This site is optimized with the Yoast SEO plugin v25.5 - https:\/\/yoast.com\/wordpress\/plugins\/seo\/ -->\n<title>S\u00e9minaires th\u00e9oriques - La Section clinique de Rennes<\/title>\n<meta name=\"robots\" content=\"index, follow, max-snippet:-1, max-image-preview:large, max-video-preview:-1\" \/>\n<link rel=\"canonical\" href=\"http:\/\/www.sectionclinique-rennes.fr\/nuevo\/themes\/annee-2016-2017\/seminaires-theoriques\/\" \/>\n<meta property=\"og:locale\" content=\"fr_FR\" \/>\n<meta property=\"og:type\" content=\"article\" \/>\n<meta property=\"og:title\" content=\"S\u00e9minaires th\u00e9oriques - La Section clinique de Rennes\" \/>\n<meta property=\"og:description\" content=\"Lecture du S\u00e9minaire IV de Jacques Lacan, \u00ab\u00a0La relation d\u2019objet\u00a0\u00bb &nbsp; Elle sera orient\u00e9e par le th\u00e8me de l\u2019ann\u00e9e : \u00ab L\u2019imaginaire et l\u2019objet dans la clinique analytique \u00bb.\u00a0Il ne s\u2019agira pas d\u2019une lecture suivie mais du commentaire th\u00e9orique et clinique de quelques extraits du s\u00e9minaire. Ce commentaire s\u2019appuiera sur\u2026 Continue reading\" \/>\n<meta property=\"og:url\" content=\"http:\/\/www.sectionclinique-rennes.fr\/nuevo\/themes\/annee-2016-2017\/seminaires-theoriques\/\" \/>\n<meta property=\"og:site_name\" content=\"La Section clinique de Rennes\" \/>\n<meta property=\"article:modified_time\" content=\"2022-06-22T13:57:33+00:00\" \/>\n<meta name=\"twitter:card\" content=\"summary_large_image\" \/>\n<meta name=\"twitter:label1\" content=\"Dur\u00e9e de lecture estim\u00e9e\" \/>\n\t<meta name=\"twitter:data1\" content=\"2 minutes\" \/>\n<script type=\"application\/ld+json\" class=\"yoast-schema-graph\">{\"@context\":\"https:\/\/schema.org\",\"@graph\":[{\"@type\":\"WebPage\",\"@id\":\"http:\/\/www.sectionclinique-rennes.fr\/nuevo\/themes\/annee-2016-2017\/seminaires-theoriques\/\",\"url\":\"http:\/\/www.sectionclinique-rennes.fr\/nuevo\/themes\/annee-2016-2017\/seminaires-theoriques\/\",\"name\":\"S\u00e9minaires th\u00e9oriques - La Section clinique de Rennes\",\"isPartOf\":{\"@id\":\"http:\/\/www.sectionclinique-rennes.fr\/nuevo\/#website\"},\"datePublished\":\"2016-08-22T22:24:25+00:00\",\"dateModified\":\"2022-06-22T13:57:33+00:00\",\"breadcrumb\":{\"@id\":\"http:\/\/www.sectionclinique-rennes.fr\/nuevo\/themes\/annee-2016-2017\/seminaires-theoriques\/#breadcrumb\"},\"inLanguage\":\"fr-FR\",\"potentialAction\":[{\"@type\":\"ReadAction\",\"target\":[\"http:\/\/www.sectionclinique-rennes.fr\/nuevo\/themes\/annee-2016-2017\/seminaires-theoriques\/\"]}]},{\"@type\":\"BreadcrumbList\",\"@id\":\"http:\/\/www.sectionclinique-rennes.fr\/nuevo\/themes\/annee-2016-2017\/seminaires-theoriques\/#breadcrumb\",\"itemListElement\":[{\"@type\":\"ListItem\",\"position\":1,\"name\":\"Accueil\",\"item\":\"http:\/\/www.sectionclinique-rennes.fr\/nuevo\/\"},{\"@type\":\"ListItem\",\"position\":2,\"name\":\"Th\u00e8mes\",\"item\":\"https:\/\/www.sectionclinique-rennes.fr\/nuevo\/themes\/\"},{\"@type\":\"ListItem\",\"position\":3,\"name\":\"2016-2017\",\"item\":\"http:\/\/www.sectionclinique-rennes.fr\/nuevo\/themes\/annee-2016-2017\/\"},{\"@type\":\"ListItem\",\"position\":4,\"name\":\"S\u00e9minaires th\u00e9oriques\"}]},{\"@type\":\"WebSite\",\"@id\":\"http:\/\/www.sectionclinique-rennes.fr\/nuevo\/#website\",\"url\":\"http:\/\/www.sectionclinique-rennes.fr\/nuevo\/\",\"name\":\"La Section clinique de Rennes\",\"description\":\"Association UFORCA\",\"publisher\":{\"@id\":\"http:\/\/www.sectionclinique-rennes.fr\/nuevo\/#organization\"},\"potentialAction\":[{\"@type\":\"SearchAction\",\"target\":{\"@type\":\"EntryPoint\",\"urlTemplate\":\"http:\/\/www.sectionclinique-rennes.fr\/nuevo\/?s={search_term_string}\"},\"query-input\":{\"@type\":\"PropertyValueSpecification\",\"valueRequired\":true,\"valueName\":\"search_term_string\"}}],\"inLanguage\":\"fr-FR\"},{\"@type\":\"Organization\",\"@id\":\"http:\/\/www.sectionclinique-rennes.fr\/nuevo\/#organization\",\"name\":\"Section clinique de Rennes - Association UFORCA\",\"url\":\"http:\/\/www.sectionclinique-rennes.fr\/nuevo\/\",\"logo\":{\"@type\":\"ImageObject\",\"inLanguage\":\"fr-FR\",\"@id\":\"http:\/\/www.sectionclinique-rennes.fr\/nuevo\/#\/schema\/logo\/image\/\",\"url\":\"http:\/\/www.sectionclinique-rennes.fr\/nuevo\/wp-content\/uploads\/2015\/08\/logo.png\",\"contentUrl\":\"http:\/\/www.sectionclinique-rennes.fr\/nuevo\/wp-content\/uploads\/2015\/08\/logo.png\",\"width\":1199,\"height\":276,\"caption\":\"Section clinique de Rennes - Association UFORCA\"},\"image\":{\"@id\":\"http:\/\/www.sectionclinique-rennes.fr\/nuevo\/#\/schema\/logo\/image\/\"}}]}<\/script>\n<!-- \/ Yoast SEO plugin. -->","yoast_head_json":{"title":"S\u00e9minaires th\u00e9oriques - La Section clinique de Rennes","robots":{"index":"index","follow":"follow","max-snippet":"max-snippet:-1","max-image-preview":"max-image-preview:large","max-video-preview":"max-video-preview:-1"},"canonical":"http:\/\/www.sectionclinique-rennes.fr\/nuevo\/themes\/annee-2016-2017\/seminaires-theoriques\/","og_locale":"fr_FR","og_type":"article","og_title":"S\u00e9minaires th\u00e9oriques - La Section clinique de Rennes","og_description":"Lecture du S\u00e9minaire IV de Jacques Lacan, \u00ab\u00a0La relation d\u2019objet\u00a0\u00bb &nbsp; Elle sera orient\u00e9e par le th\u00e8me de l\u2019ann\u00e9e : \u00ab L\u2019imaginaire et l\u2019objet dans la clinique analytique \u00bb.\u00a0Il ne s\u2019agira pas d\u2019une lecture suivie mais du commentaire th\u00e9orique et clinique de quelques extraits du s\u00e9minaire. Ce commentaire s\u2019appuiera sur\u2026 Continue reading","og_url":"http:\/\/www.sectionclinique-rennes.fr\/nuevo\/themes\/annee-2016-2017\/seminaires-theoriques\/","og_site_name":"La Section clinique de Rennes","article_modified_time":"2022-06-22T13:57:33+00:00","twitter_card":"summary_large_image","twitter_misc":{"Dur\u00e9e de lecture estim\u00e9e":"2 minutes"},"schema":{"@context":"https:\/\/schema.org","@graph":[{"@type":"WebPage","@id":"http:\/\/www.sectionclinique-rennes.fr\/nuevo\/themes\/annee-2016-2017\/seminaires-theoriques\/","url":"http:\/\/www.sectionclinique-rennes.fr\/nuevo\/themes\/annee-2016-2017\/seminaires-theoriques\/","name":"S\u00e9minaires th\u00e9oriques - La Section clinique de Rennes","isPartOf":{"@id":"http:\/\/www.sectionclinique-rennes.fr\/nuevo\/#website"},"datePublished":"2016-08-22T22:24:25+00:00","dateModified":"2022-06-22T13:57:33+00:00","breadcrumb":{"@id":"http:\/\/www.sectionclinique-rennes.fr\/nuevo\/themes\/annee-2016-2017\/seminaires-theoriques\/#breadcrumb"},"inLanguage":"fr-FR","potentialAction":[{"@type":"ReadAction","target":["http:\/\/www.sectionclinique-rennes.fr\/nuevo\/themes\/annee-2016-2017\/seminaires-theoriques\/"]}]},{"@type":"BreadcrumbList","@id":"http:\/\/www.sectionclinique-rennes.fr\/nuevo\/themes\/annee-2016-2017\/seminaires-theoriques\/#breadcrumb","itemListElement":[{"@type":"ListItem","position":1,"name":"Accueil","item":"http:\/\/www.sectionclinique-rennes.fr\/nuevo\/"},{"@type":"ListItem","position":2,"name":"Th\u00e8mes","item":"https:\/\/www.sectionclinique-rennes.fr\/nuevo\/themes\/"},{"@type":"ListItem","position":3,"name":"2016-2017","item":"http:\/\/www.sectionclinique-rennes.fr\/nuevo\/themes\/annee-2016-2017\/"},{"@type":"ListItem","position":4,"name":"S\u00e9minaires th\u00e9oriques"}]},{"@type":"WebSite","@id":"http:\/\/www.sectionclinique-rennes.fr\/nuevo\/#website","url":"http:\/\/www.sectionclinique-rennes.fr\/nuevo\/","name":"La Section clinique de Rennes","description":"Association UFORCA","publisher":{"@id":"http:\/\/www.sectionclinique-rennes.fr\/nuevo\/#organization"},"potentialAction":[{"@type":"SearchAction","target":{"@type":"EntryPoint","urlTemplate":"http:\/\/www.sectionclinique-rennes.fr\/nuevo\/?s={search_term_string}"},"query-input":{"@type":"PropertyValueSpecification","valueRequired":true,"valueName":"search_term_string"}}],"inLanguage":"fr-FR"},{"@type":"Organization","@id":"http:\/\/www.sectionclinique-rennes.fr\/nuevo\/#organization","name":"Section clinique de Rennes - Association UFORCA","url":"http:\/\/www.sectionclinique-rennes.fr\/nuevo\/","logo":{"@type":"ImageObject","inLanguage":"fr-FR","@id":"http:\/\/www.sectionclinique-rennes.fr\/nuevo\/#\/schema\/logo\/image\/","url":"http:\/\/www.sectionclinique-rennes.fr\/nuevo\/wp-content\/uploads\/2015\/08\/logo.png","contentUrl":"http:\/\/www.sectionclinique-rennes.fr\/nuevo\/wp-content\/uploads\/2015\/08\/logo.png","width":1199,"height":276,"caption":"Section clinique de Rennes - Association UFORCA"},"image":{"@id":"http:\/\/www.sectionclinique-rennes.fr\/nuevo\/#\/schema\/logo\/image\/"}}]}},"_links":{"self":[{"href":"http:\/\/www.sectionclinique-rennes.fr\/nuevo\/wp-json\/wp\/v2\/pages\/1577","targetHints":{"allow":["GET"]}}],"collection":[{"href":"http:\/\/www.sectionclinique-rennes.fr\/nuevo\/wp-json\/wp\/v2\/pages"}],"about":[{"href":"http:\/\/www.sectionclinique-rennes.fr\/nuevo\/wp-json\/wp\/v2\/types\/page"}],"author":[{"embeddable":true,"href":"http:\/\/www.sectionclinique-rennes.fr\/nuevo\/wp-json\/wp\/v2\/users\/5"}],"replies":[{"embeddable":true,"href":"http:\/\/www.sectionclinique-rennes.fr\/nuevo\/wp-json\/wp\/v2\/comments?post=1577"}],"version-history":[{"count":18,"href":"http:\/\/www.sectionclinique-rennes.fr\/nuevo\/wp-json\/wp\/v2\/pages\/1577\/revisions"}],"predecessor-version":[{"id":2949,"href":"http:\/\/www.sectionclinique-rennes.fr\/nuevo\/wp-json\/wp\/v2\/pages\/1577\/revisions\/2949"}],"up":[{"embeddable":true,"href":"http:\/\/www.sectionclinique-rennes.fr\/nuevo\/wp-json\/wp\/v2\/pages\/1574"}],"wp:attachment":[{"href":"http:\/\/www.sectionclinique-rennes.fr\/nuevo\/wp-json\/wp\/v2\/media?parent=1577"}],"curies":[{"name":"wp","href":"https:\/\/api.w.org\/{rel}","templated":true}]}}