{"id":1579,"date":"2016-08-22T23:25:10","date_gmt":"2016-08-22T22:25:10","guid":{"rendered":"http:\/\/www.sectionclinique-rennes.fr\/nuevo\/?page_id=1579"},"modified":"2022-06-22T14:58:08","modified_gmt":"2022-06-22T13:58:08","slug":"seminaires-de-textes","status":"publish","type":"page","link":"http:\/\/www.sectionclinique-rennes.fr\/nuevo\/themes\/annee-2016-2017\/seminaires-de-textes\/","title":{"rendered":"S\u00e9minaires de textes"},"content":{"rendered":"<div class=\"page\" title=\"Page 12\">\n<div class=\"section\">\n<div class=\"layoutArea\">\n<h3 style=\"text-align: left;\"><strong><span style=\"color: #0f99a8;\">Les cas cliniques dans le <em>S\u00e9minaire IV<\/em> de Jacques Lacan<\/span><\/strong><\/h3>\n<p>&nbsp;<\/p>\n<p style=\"text-align: justify;\">Six cas cliniques sont particuli\u00e8rement \u00e9tudi\u00e9s et jouent un r\u00f4le de tout premier plan dans le S\u00e9minaire de Jacques Lacan, La relation d\u2019objet. Ce sont tout d\u2019abord les cas de Sigmund Freud : la cas Dora, auquel est syst\u00e9matiquement contrast\u00e9 le cas de la jeune homosexuelle. Puis le cas du petit Hans, et enfin, l\u2019interpr\u00e9tation par Sigmund Freud d\u2019un souvenir d\u2019enfance de L\u00e9onard de Vinci. Ces cas sont d\u2019embl\u00e9e interrog\u00e9s sur la base des nouvelles \u00e9laborations propos\u00e9es dans ce s\u00e9minaire, concernant :<\/p>\n<p style=\"text-align: justify;\">\u2013 \u00a0D\u2019une part, le sch\u00e9ma L, opposant deux axes, inconscient (dit \u00e9galement intersubjectif) et imaginaire.<\/p>\n<p style=\"text-align: justify;\">\u2013 \u00a0D\u2019autre part, ce qui va devenir l\u2019objet a, \u00e0 partir de la notion winnicottienne d\u2019objet transitionnel, mais qui est encore incarn\u00e9 par le petit autre, tout en prenant en compte l\u2019objet partiel kleinien.<\/p>\n<p style=\"text-align: justify;\">\u2013 \u00a0Le phallus \/ le f\u00e9tiche, avec une discussion sur les diff\u00e9rents types d\u2019articulations entre eux, complexifi\u00e9s par l\u2019\u00e9quivalence \u00ab girl = phallus \u00bb propos\u00e9e par Otto Fenichel d\u00e8s 1936.<\/p>\n<p style=\"text-align: justify;\">\u2013 \u00a0Le graphe du d\u00e9sir, encore saisi \u00e0 partir des graphes de la lettre vol\u00e9e.<\/p>\n<p style=\"text-align: justify;\">\u2013 \u00a0la question de comment doit \u00eatre repens\u00e9e la succession des m\u00e9canismes conduisant \u00e0 la r\u00e9solution du complexe d\u2019\u0152dipe (privation\/frustration\/castration) ; ici sont convoqu\u00e9s toute une s\u00e9rie d\u2019auteurs.<\/p>\n<p style=\"text-align: justify;\">Chemin faisant sont \u00e9galement discut\u00e9s deux cas venant contredire ce qui \u00e0 l\u2019\u00e9poque s\u2019affirme comme id\u00e9es re\u00e7ues, un cas d\u2019Anneliese Schnurmann, une \u00e9l\u00e8ve d\u2019Anna Freud qui \u00e0 sa grande perplexit\u00e9 voir \u00e9voluer favorablement une petite fille qu\u2019elle imaginait envahie par des affects d\u00e9pressifs ; et un cas de Ruth Lebovici, o\u00f9 une perversion transitoire surgit suite \u00e0 des interpr\u00e9tations quelque peu hasardeuses quoique consid\u00e9r\u00e9es comme \u00ab standard \u00bb \u00e0 l\u2019\u00e9poque.<\/p>\n<p>&nbsp;<\/p>\n<p><span style=\"color: #0f99a8;\"><strong>R\u00e9f\u00e9rences :<\/strong><\/span><\/p>\n<p style=\"text-align: justify;\">1) Freud S., \u00ab L\u2019organisation g\u00e9nitale infantile \u00bb, La vie sexuelle, (1923), trad. fr. J. Laplanche, Paris, PUF<\/p>\n<p style=\"text-align: justify;\">2) Winnicott et l\u2019invention de l\u2019objet transitionnel. Donald Woods Winnicott : \u00ab Transitional objects and transitional phenomena \u00bb, 1953, International Journal of Psycho- Analysis, 34:89-97 traduit par R Lefort. Objets et ph\u00e9nom\u00e8nes transitionnels. (Cf Lacan, S\u00e9minaire IV, le\u00e7on du 28 novembre 1956)<\/p>\n<p style=\"text-align: justify;\">3) Freud S., \u00ab Analyse d\u2019une phobie chez un petit gar\u00e7on de 5 ans. Le petit Hans. \u00bb, Cinq Psychanalyses, PUF<\/p>\n<p style=\"text-align: justify;\">4) Freud S., \u00ab Fragment d\u2019une analyse d\u2019hyst\u00e9rie (Dora) \u00bb, Cinq Psychanalyses, PUF<\/p>\n<p style=\"text-align: justify;\">5) Freud S : \u00ab Sur la psychog\u00e9n\u00e8se d\u2019un cas d\u2019homosexualit\u00e9 f\u00e9minine \u00bb, (1920), N\u00e9vrose, psychose et perversion, PUF. De Gretl Csonka \u00e0 la baronne Sidonie von Trautenegg. Ilse Rieder &amp; Diana Voigt : Sidonie Csillag &#8211; Homosexuelle chez Freud, lesbienne dans le si\u00e8cle, Epel 2003 (paru une premi\u00e8re fois sous le titre Heimliches Begehren (d\u00e9sir secret, 2000)<\/p>\n<p style=\"text-align: justify;\">6) Freud S., Un souvenir d\u2019enfance de L\u00e9onard de Vinci (1927), Points, Seuil, (19 juin 1957)<\/p>\n<p style=\"text-align: justify;\">7) Pasche F. et Renard M., \u00ab R\u00e9alit\u00e9 de l\u2019objet et point de vue \u00e9conomique \u00bb \/ Francis PASCHE in Bulletin d&rsquo;activit\u00e9s de l&rsquo;association des psychanalystes de Belgique, n\u00b0 25 (1956), cf \u00c9crits 609-612 (S\u00e9minaire IV, le\u00e7on du 12 d\u00e9cembre 1956)<\/p>\n<p style=\"text-align: justify;\">8) Balint A., \u00ab Love for the Mother and Mother\u2019s Love \u00bb, International Journal of Psycho- Analysis, 1949, n\u00b0 30 : pp. 251-259. (cit\u00e9 S\u00e9minaire IV, p. 63, 12 d\u00e9cembre 1956)<\/p>\n<p style=\"text-align: justify;\">9) Schnurmann A., \u00ab Observation of a phobia \u00bb, in Psychoanalytic Study of the Child, vol. 3\/4 (1950), traduction in les Documents de la biblioth\u00e8que de l\u2019ECF n\u00b0 5, \u00ab Trois r\u00e9f\u00e9rences du S\u00e9minaire IV de Jacques Lacan \u00bb, p. 9 \u00e0 31. (discut\u00e9 5 d\u00e9cembre 1956)<\/p>\n<p style=\"text-align: justify;\">10) Schnurmann Anneliese, Payne Sylvia, Shmideberg Melitta, \u00ab Phobie, F\u00e9tiche et exhibitionnisme. Trois r\u00e9f\u00e9rences du S\u00e9minaire IV de Jacques Lacan \u00bb. \u00c9dit\u00e9 par : Les documents de la biblioth\u00e8que de la Cause freudienne, n\u00b0 5, 1995<\/p>\n<hr \/>\n<p class=\"column\"><span style=\"color: #0f99a8;\">Liens vers les autres pages du th\u00e8me :<\/span><\/p>\n<p class=\"column\"><a href=\"http:\/\/www.sectionclinique-rennes.fr\/nuevo\/themes\/annee-2016-2017\/seminaires-theoriques\/\" target=\"_blank\" rel=\"noopener\">S\u00e9minaires th\u00e9oriques<\/a><\/p>\n<p class=\"column\"><a href=\"http:\/\/www.sectionclinique-rennes.fr\/nuevo\/themes\/annee-2016-2017\/seminaire-du-cercle\/\" target=\"_blank\" rel=\"noopener\">S\u00e9minaire du Cercle<\/a><\/p>\n<\/div>\n<p>&nbsp;<\/p>\n<h6 style=\"font-weight: 400;\"><strong><em>Derni\u00e8re modification : 25\/08\/2016<\/em><\/strong><\/h6>\n<\/div>\n<\/div>\n","protected":false},"excerpt":{"rendered":"<p>Les cas cliniques dans le S\u00e9minaire IV de Jacques Lacan &nbsp; Six cas cliniques sont particuli\u00e8rement \u00e9tudi\u00e9s et jouent un r\u00f4le de tout premier plan dans le S\u00e9minaire de Jacques Lacan, La relation d\u2019objet. Ce sont tout d\u2019abord les cas de Sigmund Freud : la cas Dora, auquel est syst\u00e9matiquement\u2026<\/p>\n<p> <a class=\"continue-reading-link\" href=\"http:\/\/www.sectionclinique-rennes.fr\/nuevo\/themes\/annee-2016-2017\/seminaires-de-textes\/\"><span>Continue reading<\/span><i class=\"crycon-right-dir\"><\/i><\/a> <\/p>\n","protected":false},"author":5,"featured_media":0,"parent":1574,"menu_order":1,"comment_status":"closed","ping_status":"closed","template":"","meta":{"_monsterinsights_skip_tracking":false,"_monsterinsights_sitenote_active":false,"_monsterinsights_sitenote_note":"","_monsterinsights_sitenote_category":0,"footnotes":""},"class_list":["post-1579","page","type-page","status-publish","hentry"],"yoast_head":"<!-- This site is optimized with the Yoast SEO plugin v25.5 - https:\/\/yoast.com\/wordpress\/plugins\/seo\/ -->\n<title>S\u00e9minaires de textes - La Section clinique de Rennes<\/title>\n<meta name=\"robots\" content=\"index, follow, max-snippet:-1, max-image-preview:large, max-video-preview:-1\" \/>\n<link rel=\"canonical\" href=\"http:\/\/www.sectionclinique-rennes.fr\/nuevo\/themes\/annee-2016-2017\/seminaires-de-textes\/\" \/>\n<meta property=\"og:locale\" content=\"fr_FR\" \/>\n<meta property=\"og:type\" content=\"article\" \/>\n<meta property=\"og:title\" content=\"S\u00e9minaires de textes - La Section clinique de Rennes\" \/>\n<meta property=\"og:description\" content=\"Les cas cliniques dans le S\u00e9minaire IV de Jacques Lacan &nbsp; Six cas cliniques sont particuli\u00e8rement \u00e9tudi\u00e9s et jouent un r\u00f4le de tout premier plan dans le S\u00e9minaire de Jacques Lacan, La relation d\u2019objet. Ce sont tout d\u2019abord les cas de Sigmund Freud : la cas Dora, auquel est syst\u00e9matiquement\u2026 Continue reading\" \/>\n<meta property=\"og:url\" content=\"http:\/\/www.sectionclinique-rennes.fr\/nuevo\/themes\/annee-2016-2017\/seminaires-de-textes\/\" \/>\n<meta property=\"og:site_name\" content=\"La Section clinique de Rennes\" \/>\n<meta property=\"article:modified_time\" content=\"2022-06-22T13:58:08+00:00\" \/>\n<meta name=\"twitter:card\" content=\"summary_large_image\" \/>\n<meta name=\"twitter:label1\" content=\"Dur\u00e9e de lecture estim\u00e9e\" \/>\n\t<meta name=\"twitter:data1\" content=\"3 minutes\" \/>\n<script type=\"application\/ld+json\" class=\"yoast-schema-graph\">{\"@context\":\"https:\/\/schema.org\",\"@graph\":[{\"@type\":\"WebPage\",\"@id\":\"http:\/\/www.sectionclinique-rennes.fr\/nuevo\/themes\/annee-2016-2017\/seminaires-de-textes\/\",\"url\":\"http:\/\/www.sectionclinique-rennes.fr\/nuevo\/themes\/annee-2016-2017\/seminaires-de-textes\/\",\"name\":\"S\u00e9minaires de textes - La Section clinique de Rennes\",\"isPartOf\":{\"@id\":\"http:\/\/www.sectionclinique-rennes.fr\/nuevo\/#website\"},\"datePublished\":\"2016-08-22T22:25:10+00:00\",\"dateModified\":\"2022-06-22T13:58:08+00:00\",\"breadcrumb\":{\"@id\":\"http:\/\/www.sectionclinique-rennes.fr\/nuevo\/themes\/annee-2016-2017\/seminaires-de-textes\/#breadcrumb\"},\"inLanguage\":\"fr-FR\",\"potentialAction\":[{\"@type\":\"ReadAction\",\"target\":[\"http:\/\/www.sectionclinique-rennes.fr\/nuevo\/themes\/annee-2016-2017\/seminaires-de-textes\/\"]}]},{\"@type\":\"BreadcrumbList\",\"@id\":\"http:\/\/www.sectionclinique-rennes.fr\/nuevo\/themes\/annee-2016-2017\/seminaires-de-textes\/#breadcrumb\",\"itemListElement\":[{\"@type\":\"ListItem\",\"position\":1,\"name\":\"Accueil\",\"item\":\"http:\/\/www.sectionclinique-rennes.fr\/nuevo\/\"},{\"@type\":\"ListItem\",\"position\":2,\"name\":\"Th\u00e8mes\",\"item\":\"https:\/\/www.sectionclinique-rennes.fr\/nuevo\/themes\/\"},{\"@type\":\"ListItem\",\"position\":3,\"name\":\"2016-2017\",\"item\":\"http:\/\/www.sectionclinique-rennes.fr\/nuevo\/themes\/annee-2016-2017\/\"},{\"@type\":\"ListItem\",\"position\":4,\"name\":\"S\u00e9minaires de textes\"}]},{\"@type\":\"WebSite\",\"@id\":\"http:\/\/www.sectionclinique-rennes.fr\/nuevo\/#website\",\"url\":\"http:\/\/www.sectionclinique-rennes.fr\/nuevo\/\",\"name\":\"La Section clinique de Rennes\",\"description\":\"Association UFORCA\",\"publisher\":{\"@id\":\"http:\/\/www.sectionclinique-rennes.fr\/nuevo\/#organization\"},\"potentialAction\":[{\"@type\":\"SearchAction\",\"target\":{\"@type\":\"EntryPoint\",\"urlTemplate\":\"http:\/\/www.sectionclinique-rennes.fr\/nuevo\/?s={search_term_string}\"},\"query-input\":{\"@type\":\"PropertyValueSpecification\",\"valueRequired\":true,\"valueName\":\"search_term_string\"}}],\"inLanguage\":\"fr-FR\"},{\"@type\":\"Organization\",\"@id\":\"http:\/\/www.sectionclinique-rennes.fr\/nuevo\/#organization\",\"name\":\"Section clinique de Rennes - Association UFORCA\",\"url\":\"http:\/\/www.sectionclinique-rennes.fr\/nuevo\/\",\"logo\":{\"@type\":\"ImageObject\",\"inLanguage\":\"fr-FR\",\"@id\":\"http:\/\/www.sectionclinique-rennes.fr\/nuevo\/#\/schema\/logo\/image\/\",\"url\":\"http:\/\/www.sectionclinique-rennes.fr\/nuevo\/wp-content\/uploads\/2015\/08\/logo.png\",\"contentUrl\":\"http:\/\/www.sectionclinique-rennes.fr\/nuevo\/wp-content\/uploads\/2015\/08\/logo.png\",\"width\":1199,\"height\":276,\"caption\":\"Section clinique de Rennes - Association UFORCA\"},\"image\":{\"@id\":\"http:\/\/www.sectionclinique-rennes.fr\/nuevo\/#\/schema\/logo\/image\/\"}}]}<\/script>\n<!-- \/ Yoast SEO plugin. -->","yoast_head_json":{"title":"S\u00e9minaires de textes - La Section clinique de Rennes","robots":{"index":"index","follow":"follow","max-snippet":"max-snippet:-1","max-image-preview":"max-image-preview:large","max-video-preview":"max-video-preview:-1"},"canonical":"http:\/\/www.sectionclinique-rennes.fr\/nuevo\/themes\/annee-2016-2017\/seminaires-de-textes\/","og_locale":"fr_FR","og_type":"article","og_title":"S\u00e9minaires de textes - La Section clinique de Rennes","og_description":"Les cas cliniques dans le S\u00e9minaire IV de Jacques Lacan &nbsp; Six cas cliniques sont particuli\u00e8rement \u00e9tudi\u00e9s et jouent un r\u00f4le de tout premier plan dans le S\u00e9minaire de Jacques Lacan, La relation d\u2019objet. Ce sont tout d\u2019abord les cas de Sigmund Freud : la cas Dora, auquel est syst\u00e9matiquement\u2026 Continue reading","og_url":"http:\/\/www.sectionclinique-rennes.fr\/nuevo\/themes\/annee-2016-2017\/seminaires-de-textes\/","og_site_name":"La Section clinique de Rennes","article_modified_time":"2022-06-22T13:58:08+00:00","twitter_card":"summary_large_image","twitter_misc":{"Dur\u00e9e de lecture estim\u00e9e":"3 minutes"},"schema":{"@context":"https:\/\/schema.org","@graph":[{"@type":"WebPage","@id":"http:\/\/www.sectionclinique-rennes.fr\/nuevo\/themes\/annee-2016-2017\/seminaires-de-textes\/","url":"http:\/\/www.sectionclinique-rennes.fr\/nuevo\/themes\/annee-2016-2017\/seminaires-de-textes\/","name":"S\u00e9minaires de textes - La Section clinique de Rennes","isPartOf":{"@id":"http:\/\/www.sectionclinique-rennes.fr\/nuevo\/#website"},"datePublished":"2016-08-22T22:25:10+00:00","dateModified":"2022-06-22T13:58:08+00:00","breadcrumb":{"@id":"http:\/\/www.sectionclinique-rennes.fr\/nuevo\/themes\/annee-2016-2017\/seminaires-de-textes\/#breadcrumb"},"inLanguage":"fr-FR","potentialAction":[{"@type":"ReadAction","target":["http:\/\/www.sectionclinique-rennes.fr\/nuevo\/themes\/annee-2016-2017\/seminaires-de-textes\/"]}]},{"@type":"BreadcrumbList","@id":"http:\/\/www.sectionclinique-rennes.fr\/nuevo\/themes\/annee-2016-2017\/seminaires-de-textes\/#breadcrumb","itemListElement":[{"@type":"ListItem","position":1,"name":"Accueil","item":"http:\/\/www.sectionclinique-rennes.fr\/nuevo\/"},{"@type":"ListItem","position":2,"name":"Th\u00e8mes","item":"https:\/\/www.sectionclinique-rennes.fr\/nuevo\/themes\/"},{"@type":"ListItem","position":3,"name":"2016-2017","item":"http:\/\/www.sectionclinique-rennes.fr\/nuevo\/themes\/annee-2016-2017\/"},{"@type":"ListItem","position":4,"name":"S\u00e9minaires de textes"}]},{"@type":"WebSite","@id":"http:\/\/www.sectionclinique-rennes.fr\/nuevo\/#website","url":"http:\/\/www.sectionclinique-rennes.fr\/nuevo\/","name":"La Section clinique de Rennes","description":"Association UFORCA","publisher":{"@id":"http:\/\/www.sectionclinique-rennes.fr\/nuevo\/#organization"},"potentialAction":[{"@type":"SearchAction","target":{"@type":"EntryPoint","urlTemplate":"http:\/\/www.sectionclinique-rennes.fr\/nuevo\/?s={search_term_string}"},"query-input":{"@type":"PropertyValueSpecification","valueRequired":true,"valueName":"search_term_string"}}],"inLanguage":"fr-FR"},{"@type":"Organization","@id":"http:\/\/www.sectionclinique-rennes.fr\/nuevo\/#organization","name":"Section clinique de Rennes - Association UFORCA","url":"http:\/\/www.sectionclinique-rennes.fr\/nuevo\/","logo":{"@type":"ImageObject","inLanguage":"fr-FR","@id":"http:\/\/www.sectionclinique-rennes.fr\/nuevo\/#\/schema\/logo\/image\/","url":"http:\/\/www.sectionclinique-rennes.fr\/nuevo\/wp-content\/uploads\/2015\/08\/logo.png","contentUrl":"http:\/\/www.sectionclinique-rennes.fr\/nuevo\/wp-content\/uploads\/2015\/08\/logo.png","width":1199,"height":276,"caption":"Section clinique de Rennes - Association UFORCA"},"image":{"@id":"http:\/\/www.sectionclinique-rennes.fr\/nuevo\/#\/schema\/logo\/image\/"}}]}},"_links":{"self":[{"href":"http:\/\/www.sectionclinique-rennes.fr\/nuevo\/wp-json\/wp\/v2\/pages\/1579","targetHints":{"allow":["GET"]}}],"collection":[{"href":"http:\/\/www.sectionclinique-rennes.fr\/nuevo\/wp-json\/wp\/v2\/pages"}],"about":[{"href":"http:\/\/www.sectionclinique-rennes.fr\/nuevo\/wp-json\/wp\/v2\/types\/page"}],"author":[{"embeddable":true,"href":"http:\/\/www.sectionclinique-rennes.fr\/nuevo\/wp-json\/wp\/v2\/users\/5"}],"replies":[{"embeddable":true,"href":"http:\/\/www.sectionclinique-rennes.fr\/nuevo\/wp-json\/wp\/v2\/comments?post=1579"}],"version-history":[{"count":8,"href":"http:\/\/www.sectionclinique-rennes.fr\/nuevo\/wp-json\/wp\/v2\/pages\/1579\/revisions"}],"predecessor-version":[{"id":2950,"href":"http:\/\/www.sectionclinique-rennes.fr\/nuevo\/wp-json\/wp\/v2\/pages\/1579\/revisions\/2950"}],"up":[{"embeddable":true,"href":"http:\/\/www.sectionclinique-rennes.fr\/nuevo\/wp-json\/wp\/v2\/pages\/1574"}],"wp:attachment":[{"href":"http:\/\/www.sectionclinique-rennes.fr\/nuevo\/wp-json\/wp\/v2\/media?parent=1579"}],"curies":[{"name":"wp","href":"https:\/\/api.w.org\/{rel}","templated":true}]}}