{"id":16,"date":"2015-07-08T17:35:47","date_gmt":"2015-07-08T16:35:47","guid":{"rendered":"http:\/\/www.sectionclinique-rennes.fr\/nuevo\/?page_id=16"},"modified":"2025-08-11T12:54:13","modified_gmt":"2025-08-11T11:54:13","slug":"etudes","status":"publish","type":"page","link":"http:\/\/www.sectionclinique-rennes.fr\/nuevo\/etudes\/","title":{"rendered":"Pr\u00e9sentation"},"content":{"rendered":"<h3 style=\"text-align: justify;\"><span style=\"color: #ed4545;\"><strong>Une ann\u00e9e \u00e0 la Section Clinique&#8230; Qu&rsquo;y fait-on ?<\/strong><\/span><\/h3>\n<p>&nbsp;<\/p>\n<h5 style=\"text-align: center;\"><a href=\"http:\/\/www.sectionclinique-rennes.fr\/nuevo\/wp-content\/uploads\/2025\/08\/Programme-2025-26.pdf\">Programme <strong>2025-2026<\/strong><\/a><\/h5>\n<p>&nbsp;<\/p>\n<p>&nbsp;<\/p>\n<p style=\"text-align: justify;\"><a href=\"http:\/\/www.sectionclinique-rennes.fr\/nuevo\/wp-content\/uploads\/2015\/07\/logo.png\"><img loading=\"lazy\" decoding=\"async\" class=\"size-full wp-image-680 alignleft\" src=\"http:\/\/www.sectionclinique-rennes.fr\/nuevo\/wp-content\/uploads\/2015\/07\/logo.png\" alt=\"logo\" width=\"196\" height=\"220\" srcset=\"http:\/\/www.sectionclinique-rennes.fr\/nuevo\/wp-content\/uploads\/2015\/07\/logo.png 196w, http:\/\/www.sectionclinique-rennes.fr\/nuevo\/wp-content\/uploads\/2015\/07\/logo-134x150.png 134w\" sizes=\"auto, (max-width: 196px) 100vw, 196px\" \/><\/a><\/p>\n<p style=\"text-align: justify;\">Du S\u00e9minaire de Jacques Lacan (1953-1980, en cours de publication), on peut dire qu\u2019il a assur\u00e9 \u00e0 lui seul la formation permanente de plusieurs g\u00e9n\u00e9rations de psychanalystes. Cet enseignement qui restitua et renouvela le sens de l\u2019\u0153uvre de Freud, inspire de nombreux groupes psychanalytiques. \u00c0 l\u2019origine de la cr\u00e9ation du D\u00e9partement de psychanalyse, il continua d\u2019orienter son travail. L\u2019Institut du Champ freudien se consacre \u00e0 son d\u00e9veloppement.<\/p>\n<p style=\"text-align: justify;\">Le d\u00e9partement de psychanalyse existe depuis 1968. Il fut r\u00e9nov\u00e9 en 1974 par Jacques Lacan qui resta son directeur scientifique jusqu\u2019\u00e0 sa mort en septembre 1981. Il fait aujourd\u2019hui partie de l\u2019Universit\u00e9 de Paris VIII. Ce m\u00eame enseignement est aujourd\u2019hui \u00e0 l&rsquo;origine de nombreuses \u00e9coles psychanalytiques dans le monde parmi lesquelles l\u2019\u00c9cole de la Cause Freudienne et l\u2019\u00c9cole Europ\u00e9enne de Psychanalyse. Il continue d\u2019orienter le Champ freudien.<\/p>\n<p style=\"text-align: justify;\">L\u2019Institut du Champ freudien s\u2019inscrit dans le cadre associatif. Il a pris la suite, en 1987, du Cercle de clinique psychanalytique (1976). La Section Clinique de Rennes fait partie d\u2019un r\u00e9seau d\u2019antennes et de sections ou coll\u00e8ges cliniques rassembl\u00e9s dans l\u2019UFORCA (Union pour la Formation Clinique Analytique) sous le nom d\u2019UFORCA-Rennes. Elle ne se situe pas dans le cadre d\u2019un groupe psychanalytique m\u00eame si ses enseignants sont d\u2019orientation lacanienne.<\/p>\n<p style=\"text-align: justify;\">Elle a pour but d\u2019assurer un enseignement fondamental de psychanalyse, tant th\u00e9orique que clinique, qui s\u2019adresse aussi bien aux travailleurs de la \u00ab sant\u00e9 mentale \u00bb, psychiatres, m\u00e9decins, psychologues, orthophonistes, etc\u2026 qu\u2019aux psychanalystes eux-m\u00eames et aux universitaires int\u00e9ress\u00e9s par ce savoir particulier.<\/p>\n<p style=\"text-align: justify;\">Participer \u00e0 la Section Clinique n\u2019habilite pas \u00e0 la pratique de la psychanalyse. Une attestation d\u2019\u00e9tudes cliniques sera remise aux participants \u00e0 la fin de chaque ann\u00e9e s\u2019ils ont rempli les conditions de pr\u00e9sence et de participation active exig\u00e9es.<\/p>\n<p style=\"text-align: justify;\">L\u2019association UFORCA-Rennes pour la formation permanente assure la gestion de la Section clinique de Rennes.<\/p>\n<ul>\n<li style=\"text-align: justify;\"><a href=\"http:\/\/www.sectionclinique-rennes.fr\/nuevo\/etudes\/organisation\/\" target=\"_blank\" rel=\"noopener noreferrer\">D\u00e9couvrir le comit\u00e9 de coordination et des enseignants de la Section Clinique de Rennes<\/a><\/li>\n<li style=\"text-align: justify;\"><a href=\"http:\/\/www.sectionclinique-rennes.fr\/nuevo\/inscription\/\" target=\"_blank\" rel=\"noopener noreferrer\">S&rsquo;inscrire aux diff\u00e9rents modules de la Section Clinique<\/a><\/li>\n<li style=\"text-align: justify;\"><a href=\"http:\/\/www.sectionclinique-rennes.fr\/nuevo\/etudes\/texte-de-fondation\/\" target=\"_blank\" rel=\"noopener noreferrer\">Texte de fondation des Sections Cliniques : \u00ab\u00a0Le prologue de Guitrancourt\u00a0\u00bb par Jacques-Alain Miller<\/a><\/li>\n<\/ul>\n<p>&nbsp;<\/p>\n<h6><em>Derni\u00e8re modification : 11\/08\/2025<\/em><\/h6>\n","protected":false},"excerpt":{"rendered":"<p>Une ann\u00e9e \u00e0 la Section Clinique&#8230; Qu&rsquo;y fait-on ? &nbsp; Programme 2025-2026 &nbsp; &nbsp; Du S\u00e9minaire de Jacques Lacan (1953-1980, en cours de publication), on peut dire qu\u2019il a assur\u00e9 \u00e0 lui seul la formation permanente de plusieurs g\u00e9n\u00e9rations de psychanalystes. Cet enseignement qui restitua et renouvela le sens de\u2026<\/p>\n<p> <a class=\"continue-reading-link\" href=\"http:\/\/www.sectionclinique-rennes.fr\/nuevo\/etudes\/\"><span>Continue reading<\/span><i class=\"crycon-right-dir\"><\/i><\/a> <\/p>\n","protected":false},"author":5,"featured_media":0,"parent":0,"menu_order":1,"comment_status":"closed","ping_status":"closed","template":"","meta":{"_monsterinsights_skip_tracking":false,"_monsterinsights_sitenote_active":false,"_monsterinsights_sitenote_note":"","_monsterinsights_sitenote_category":0,"footnotes":""},"class_list":["post-16","page","type-page","status-publish","hentry"],"yoast_head":"<!-- This site is optimized with the Yoast SEO plugin v25.5 - https:\/\/yoast.com\/wordpress\/plugins\/seo\/ -->\n<title>Pr\u00e9sentation - La Section clinique de Rennes<\/title>\n<meta name=\"robots\" content=\"index, follow, max-snippet:-1, max-image-preview:large, max-video-preview:-1\" \/>\n<link rel=\"canonical\" href=\"http:\/\/www.sectionclinique-rennes.fr\/nuevo\/etudes\/\" \/>\n<meta property=\"og:locale\" content=\"fr_FR\" \/>\n<meta property=\"og:type\" content=\"article\" \/>\n<meta property=\"og:title\" content=\"Pr\u00e9sentation - La Section clinique de Rennes\" \/>\n<meta property=\"og:description\" content=\"Une ann\u00e9e \u00e0 la Section Clinique&#8230; Qu&rsquo;y fait-on ? &nbsp; Programme 2025-2026 &nbsp; &nbsp; Du S\u00e9minaire de Jacques Lacan (1953-1980, en cours de publication), on peut dire qu\u2019il a assur\u00e9 \u00e0 lui seul la formation permanente de plusieurs g\u00e9n\u00e9rations de psychanalystes. Cet enseignement qui restitua et renouvela le sens de\u2026 Continue reading\" \/>\n<meta property=\"og:url\" content=\"http:\/\/www.sectionclinique-rennes.fr\/nuevo\/etudes\/\" \/>\n<meta property=\"og:site_name\" content=\"La Section clinique de Rennes\" \/>\n<meta property=\"article:modified_time\" content=\"2025-08-11T11:54:13+00:00\" \/>\n<meta property=\"og:image\" content=\"http:\/\/www.sectionclinique-rennes.fr\/nuevo\/wp-content\/uploads\/2015\/07\/logo.png\" \/>\n<meta name=\"twitter:card\" content=\"summary_large_image\" \/>\n<meta name=\"twitter:label1\" content=\"Dur\u00e9e de lecture estim\u00e9e\" \/>\n\t<meta name=\"twitter:data1\" content=\"2 minutes\" \/>\n<script type=\"application\/ld+json\" class=\"yoast-schema-graph\">{\"@context\":\"https:\/\/schema.org\",\"@graph\":[{\"@type\":\"WebPage\",\"@id\":\"http:\/\/www.sectionclinique-rennes.fr\/nuevo\/etudes\/\",\"url\":\"http:\/\/www.sectionclinique-rennes.fr\/nuevo\/etudes\/\",\"name\":\"Pr\u00e9sentation - La Section clinique de Rennes\",\"isPartOf\":{\"@id\":\"http:\/\/www.sectionclinique-rennes.fr\/nuevo\/#website\"},\"primaryImageOfPage\":{\"@id\":\"http:\/\/www.sectionclinique-rennes.fr\/nuevo\/etudes\/#primaryimage\"},\"image\":{\"@id\":\"http:\/\/www.sectionclinique-rennes.fr\/nuevo\/etudes\/#primaryimage\"},\"thumbnailUrl\":\"http:\/\/www.sectionclinique-rennes.fr\/nuevo\/wp-content\/uploads\/2015\/07\/logo.png\",\"datePublished\":\"2015-07-08T16:35:47+00:00\",\"dateModified\":\"2025-08-11T11:54:13+00:00\",\"breadcrumb\":{\"@id\":\"http:\/\/www.sectionclinique-rennes.fr\/nuevo\/etudes\/#breadcrumb\"},\"inLanguage\":\"fr-FR\",\"potentialAction\":[{\"@type\":\"ReadAction\",\"target\":[\"http:\/\/www.sectionclinique-rennes.fr\/nuevo\/etudes\/\"]}]},{\"@type\":\"ImageObject\",\"inLanguage\":\"fr-FR\",\"@id\":\"http:\/\/www.sectionclinique-rennes.fr\/nuevo\/etudes\/#primaryimage\",\"url\":\"http:\/\/www.sectionclinique-rennes.fr\/nuevo\/wp-content\/uploads\/2015\/07\/logo.png\",\"contentUrl\":\"http:\/\/www.sectionclinique-rennes.fr\/nuevo\/wp-content\/uploads\/2015\/07\/logo.png\",\"width\":196,\"height\":220},{\"@type\":\"BreadcrumbList\",\"@id\":\"http:\/\/www.sectionclinique-rennes.fr\/nuevo\/etudes\/#breadcrumb\",\"itemListElement\":[{\"@type\":\"ListItem\",\"position\":1,\"name\":\"Accueil\",\"item\":\"http:\/\/www.sectionclinique-rennes.fr\/nuevo\/\"},{\"@type\":\"ListItem\",\"position\":2,\"name\":\"Pr\u00e9sentation\"}]},{\"@type\":\"WebSite\",\"@id\":\"http:\/\/www.sectionclinique-rennes.fr\/nuevo\/#website\",\"url\":\"http:\/\/www.sectionclinique-rennes.fr\/nuevo\/\",\"name\":\"La Section clinique de Rennes\",\"description\":\"Association UFORCA\",\"publisher\":{\"@id\":\"http:\/\/www.sectionclinique-rennes.fr\/nuevo\/#organization\"},\"potentialAction\":[{\"@type\":\"SearchAction\",\"target\":{\"@type\":\"EntryPoint\",\"urlTemplate\":\"http:\/\/www.sectionclinique-rennes.fr\/nuevo\/?s={search_term_string}\"},\"query-input\":{\"@type\":\"PropertyValueSpecification\",\"valueRequired\":true,\"valueName\":\"search_term_string\"}}],\"inLanguage\":\"fr-FR\"},{\"@type\":\"Organization\",\"@id\":\"http:\/\/www.sectionclinique-rennes.fr\/nuevo\/#organization\",\"name\":\"Section clinique de Rennes - Association UFORCA\",\"url\":\"http:\/\/www.sectionclinique-rennes.fr\/nuevo\/\",\"logo\":{\"@type\":\"ImageObject\",\"inLanguage\":\"fr-FR\",\"@id\":\"http:\/\/www.sectionclinique-rennes.fr\/nuevo\/#\/schema\/logo\/image\/\",\"url\":\"http:\/\/www.sectionclinique-rennes.fr\/nuevo\/wp-content\/uploads\/2015\/08\/logo.png\",\"contentUrl\":\"http:\/\/www.sectionclinique-rennes.fr\/nuevo\/wp-content\/uploads\/2015\/08\/logo.png\",\"width\":1199,\"height\":276,\"caption\":\"Section clinique de Rennes - Association UFORCA\"},\"image\":{\"@id\":\"http:\/\/www.sectionclinique-rennes.fr\/nuevo\/#\/schema\/logo\/image\/\"}}]}<\/script>\n<!-- \/ Yoast SEO plugin. -->","yoast_head_json":{"title":"Pr\u00e9sentation - La Section clinique de Rennes","robots":{"index":"index","follow":"follow","max-snippet":"max-snippet:-1","max-image-preview":"max-image-preview:large","max-video-preview":"max-video-preview:-1"},"canonical":"http:\/\/www.sectionclinique-rennes.fr\/nuevo\/etudes\/","og_locale":"fr_FR","og_type":"article","og_title":"Pr\u00e9sentation - La Section clinique de Rennes","og_description":"Une ann\u00e9e \u00e0 la Section Clinique&#8230; Qu&rsquo;y fait-on ? &nbsp; Programme 2025-2026 &nbsp; &nbsp; Du S\u00e9minaire de Jacques Lacan (1953-1980, en cours de publication), on peut dire qu\u2019il a assur\u00e9 \u00e0 lui seul la formation permanente de plusieurs g\u00e9n\u00e9rations de psychanalystes. Cet enseignement qui restitua et renouvela le sens de\u2026 Continue reading","og_url":"http:\/\/www.sectionclinique-rennes.fr\/nuevo\/etudes\/","og_site_name":"La Section clinique de Rennes","article_modified_time":"2025-08-11T11:54:13+00:00","og_image":[{"url":"http:\/\/www.sectionclinique-rennes.fr\/nuevo\/wp-content\/uploads\/2015\/07\/logo.png","type":"","width":"","height":""}],"twitter_card":"summary_large_image","twitter_misc":{"Dur\u00e9e de lecture estim\u00e9e":"2 minutes"},"schema":{"@context":"https:\/\/schema.org","@graph":[{"@type":"WebPage","@id":"http:\/\/www.sectionclinique-rennes.fr\/nuevo\/etudes\/","url":"http:\/\/www.sectionclinique-rennes.fr\/nuevo\/etudes\/","name":"Pr\u00e9sentation - La Section clinique de Rennes","isPartOf":{"@id":"http:\/\/www.sectionclinique-rennes.fr\/nuevo\/#website"},"primaryImageOfPage":{"@id":"http:\/\/www.sectionclinique-rennes.fr\/nuevo\/etudes\/#primaryimage"},"image":{"@id":"http:\/\/www.sectionclinique-rennes.fr\/nuevo\/etudes\/#primaryimage"},"thumbnailUrl":"http:\/\/www.sectionclinique-rennes.fr\/nuevo\/wp-content\/uploads\/2015\/07\/logo.png","datePublished":"2015-07-08T16:35:47+00:00","dateModified":"2025-08-11T11:54:13+00:00","breadcrumb":{"@id":"http:\/\/www.sectionclinique-rennes.fr\/nuevo\/etudes\/#breadcrumb"},"inLanguage":"fr-FR","potentialAction":[{"@type":"ReadAction","target":["http:\/\/www.sectionclinique-rennes.fr\/nuevo\/etudes\/"]}]},{"@type":"ImageObject","inLanguage":"fr-FR","@id":"http:\/\/www.sectionclinique-rennes.fr\/nuevo\/etudes\/#primaryimage","url":"http:\/\/www.sectionclinique-rennes.fr\/nuevo\/wp-content\/uploads\/2015\/07\/logo.png","contentUrl":"http:\/\/www.sectionclinique-rennes.fr\/nuevo\/wp-content\/uploads\/2015\/07\/logo.png","width":196,"height":220},{"@type":"BreadcrumbList","@id":"http:\/\/www.sectionclinique-rennes.fr\/nuevo\/etudes\/#breadcrumb","itemListElement":[{"@type":"ListItem","position":1,"name":"Accueil","item":"http:\/\/www.sectionclinique-rennes.fr\/nuevo\/"},{"@type":"ListItem","position":2,"name":"Pr\u00e9sentation"}]},{"@type":"WebSite","@id":"http:\/\/www.sectionclinique-rennes.fr\/nuevo\/#website","url":"http:\/\/www.sectionclinique-rennes.fr\/nuevo\/","name":"La Section clinique de Rennes","description":"Association UFORCA","publisher":{"@id":"http:\/\/www.sectionclinique-rennes.fr\/nuevo\/#organization"},"potentialAction":[{"@type":"SearchAction","target":{"@type":"EntryPoint","urlTemplate":"http:\/\/www.sectionclinique-rennes.fr\/nuevo\/?s={search_term_string}"},"query-input":{"@type":"PropertyValueSpecification","valueRequired":true,"valueName":"search_term_string"}}],"inLanguage":"fr-FR"},{"@type":"Organization","@id":"http:\/\/www.sectionclinique-rennes.fr\/nuevo\/#organization","name":"Section clinique de Rennes - Association UFORCA","url":"http:\/\/www.sectionclinique-rennes.fr\/nuevo\/","logo":{"@type":"ImageObject","inLanguage":"fr-FR","@id":"http:\/\/www.sectionclinique-rennes.fr\/nuevo\/#\/schema\/logo\/image\/","url":"http:\/\/www.sectionclinique-rennes.fr\/nuevo\/wp-content\/uploads\/2015\/08\/logo.png","contentUrl":"http:\/\/www.sectionclinique-rennes.fr\/nuevo\/wp-content\/uploads\/2015\/08\/logo.png","width":1199,"height":276,"caption":"Section clinique de Rennes - Association UFORCA"},"image":{"@id":"http:\/\/www.sectionclinique-rennes.fr\/nuevo\/#\/schema\/logo\/image\/"}}]}},"_links":{"self":[{"href":"http:\/\/www.sectionclinique-rennes.fr\/nuevo\/wp-json\/wp\/v2\/pages\/16","targetHints":{"allow":["GET"]}}],"collection":[{"href":"http:\/\/www.sectionclinique-rennes.fr\/nuevo\/wp-json\/wp\/v2\/pages"}],"about":[{"href":"http:\/\/www.sectionclinique-rennes.fr\/nuevo\/wp-json\/wp\/v2\/types\/page"}],"author":[{"embeddable":true,"href":"http:\/\/www.sectionclinique-rennes.fr\/nuevo\/wp-json\/wp\/v2\/users\/5"}],"replies":[{"embeddable":true,"href":"http:\/\/www.sectionclinique-rennes.fr\/nuevo\/wp-json\/wp\/v2\/comments?post=16"}],"version-history":[{"count":48,"href":"http:\/\/www.sectionclinique-rennes.fr\/nuevo\/wp-json\/wp\/v2\/pages\/16\/revisions"}],"predecessor-version":[{"id":3458,"href":"http:\/\/www.sectionclinique-rennes.fr\/nuevo\/wp-json\/wp\/v2\/pages\/16\/revisions\/3458"}],"wp:attachment":[{"href":"http:\/\/www.sectionclinique-rennes.fr\/nuevo\/wp-json\/wp\/v2\/media?parent=16"}],"curies":[{"name":"wp","href":"https:\/\/api.w.org\/{rel}","templated":true}]}}