{"id":191,"date":"2015-08-21T23:14:27","date_gmt":"2015-08-21T22:14:27","guid":{"rendered":"http:\/\/www.sectionclinique-rennes.fr\/nuevo\/?page_id=191"},"modified":"2022-06-22T14:49:00","modified_gmt":"2022-06-22T13:49:00","slug":"191-2","status":"publish","type":"page","link":"http:\/\/www.sectionclinique-rennes.fr\/nuevo\/themes\/2012-2013\/191-2\/","title":{"rendered":"S\u00e9minaires de textes"},"content":{"rendered":"<h3 style=\"text-align: left;\" align=\"justify\"><\/h3>\n<h3 style=\"text-align: left;\" align=\"justify\"><span style=\"color: #8585a1;\"><strong>L\u2019inconscient et le corps\u00a0: les textes freudiens<\/strong><\/span><\/h3>\n<p>&nbsp;<\/p>\n<p align=\"justify\">Si l\u2019entreprise freudienne a pu \u00eatre comprise d\u00e8s le d\u00e9part comme un mouvement de renversement des id\u00e9aux victoriens, pouss\u00e9 par des tendances \u00ab\u00a0monistes\u00a0\u00bb, notamment haeckeliennes qui pr\u00e9valaient dans les milieux lib\u00e9raux, scientifiques, \u00e9ducatifs ou esth\u00e9tiques du tournant du XXe si\u00e8cle, il est vite apparu que le propos de l\u2019inventeur de la psychanalyse s\u2019av\u00e9rait beaucoup plus complexe\u00a0: ce n\u2019\u00e9tait pas en effet le corps \u00ab\u00a0r\u00e9habilit\u00e9\u00a0\u00bb, n\u00e9o-vitaliste qu\u2019il s\u2019agissait de faire valoir, mais le corps en tant que si\u00e8ge du sympt\u00f4me.<\/p>\n<p align=\"justify\">Non pas le sport, mais l\u2019hyst\u00e9rie\u00a0; non pas le corps triomphant, mais le corps embarrass\u00e9, appareill\u00e9 par l\u2019inconscient\u00a0; et m\u00eame si Freud a accompagn\u00e9 le mouvement \u00ab\u00a0humanitaire\u00a0\u00bb, les mouvements de jeunesse, le mouvement f\u00e9ministe d\u2019Helene St\u00f6ker, ce fut non pas pour faire triompher des signifiants-ma\u00eetres ou c\u00e9l\u00e9brer des progr\u00e8s dans le mouvement de la civilisation, mais pour insister sur les \u00ab\u00a0effets\u00a0\u00bb, les rat\u00e9s, les points d\u2019impossible, jusqu\u2019\u00e0 la th\u00e8se radicale de la pulsion de mort. Nous en examinerons, dans un choix de textes, les principales articulations.<\/p>\n<p align=\"justify\">L\u2019inconscient et le corps\u00a0: Lacan\u00a0J.-A. Miller a montr\u00e9, ces derni\u00e8res ann\u00e9es, \u00e0 quel point la question du corps sous-tend l\u2019\u0153uvre de J. Lacan, l\u00e0 o\u00f9 certains avaient \u00e9t\u00e9 trop prompts \u00e0 imaginer qu\u2019y r\u00e9gnait seule la supr\u00e9matie absolue du signifiant. Il a pu y distinguer jusqu\u2019\u00e0 six th\u00e8ses diff\u00e9rentes sur la fonction du corps, qui rythmaient, chacune \u00e0 leur fa\u00e7on, les grands remaniements de la th\u00e9orie. Ces th\u00e8ses successives ne sont pas seulement des relectures bouleversantes des grandes th\u00e8ses freudiennes sur les paradoxes du corps, mais elles sont \u00e9galement cruciales dans les \u00e9laborations de Lacan sur la direction de la cure, puisqu\u2019elles touchent directement aux paradoxes de la jouissance.<\/p>\n<p align=\"justify\">Que le corps ne puisse garantir aucun \u00eatre, mais soit seulement quelque chose qu\u2019on peut avoir, que cette \u00ab\u00a0possession\u00a0\u00bb n\u2019aille pas sans un appareillage, que cet appareillage se rep\u00e8re \u00e0 travers les cat\u00e9gories de l\u2019imaginaire, du r\u00e9el, et de ce qui, du symbolique, se r\u00e9p\u00e8te comme \u00ab\u00a0Un\u00a0\u00bb \u2013 soit la st\u00e9r\u00e9otypie \u2013, on en \u00e9tudiera les fines articulations, qui dessinent l\u2019envers des th\u00e8mes les plus cruciaux de notre modernit\u00e9.<\/p>\n<hr \/>\n<p><span style=\"color: #8585a1;\"><strong>R\u00e9f\u00e9rences :<\/strong><\/span><\/p>\n<ul>\n<li>Freud S., <em>La vie sexuelle<\/em>, PUF<\/li>\n<li>Freud S., \u00ab\u00a0Pulsion et destins des pulsions\u00a0\u00bb, <em>M\u00e9tapsychologie<\/em>, Folio essais<\/li>\n<li>Lacan J., \u00ab\u00a0Le stade du miroir\u00a0\u00bb, <em>\u00c9crits<\/em>, Paris, Seuil, 1966, p.93-100<\/li>\n<li>Lacan J., \u00ab\u00a0Propos directifs pour un congr\u00e8s sur la sexualit\u00e9 f\u00e9minine\u00a0\u00bb, <em>\u00c9crits<\/em>, Paris, Seuil, 1966, p.725-736<\/li>\n<li>Lacan J., <em>Le S\u00e9minaire, Livre X<\/em>,\u00a0\u00ab\u00a0L\u2019angoisse\u00a0\u00bb, Paris, Seuil, 2004<\/li>\n<li>Miller J.-A., \u00ab\u00a0Biologie lacanienne et \u00e9v\u00e9nement de corps\u00a0\u00bb, dans \u00ab\u00a0\u00c9v\u00e9nement de corps\u00a0\u00bb, <em>La Cause freudienne<\/em> n\u00b0\u00a044, f\u00e9vrier 2000, p.7-59<\/li>\n<\/ul>\n<hr \/>\n<p><span style=\"color: #8d8db3;\">Liens vers les autres pages du th\u00e8me :<\/span><\/p>\n<p><a href=\"http:\/\/www.sectionclinique-rennes.fr\/nuevo\/themes\/2012-2013\/181-2\/\" target=\"_blank\" rel=\"noopener\">S\u00e9minaires\u00a0th\u00e9oriques<\/a><\/p>\n<p><a href=\"http:\/\/www.sectionclinique-rennes.fr\/nuevo\/themes\/2012-2013\/191-2\/\" target=\"_blank\" rel=\"noopener\">S\u00e9minaire du Cercle<\/a><\/p>\n<p>&nbsp;<\/p>\n<h6 style=\"font-weight: 400;\"><strong><em>Derni\u00e8re modification : 26\/09\/2015<\/em><\/strong><\/h6>\n","protected":false},"excerpt":{"rendered":"<p>L\u2019inconscient et le corps\u00a0: les textes freudiens &nbsp; Si l\u2019entreprise freudienne a pu \u00eatre comprise d\u00e8s le d\u00e9part comme un mouvement de renversement des id\u00e9aux victoriens, pouss\u00e9 par des tendances \u00ab\u00a0monistes\u00a0\u00bb, notamment haeckeliennes qui pr\u00e9valaient dans les milieux lib\u00e9raux, scientifiques, \u00e9ducatifs ou esth\u00e9tiques du tournant du XXe si\u00e8cle, il est\u2026<\/p>\n<p> <a class=\"continue-reading-link\" href=\"http:\/\/www.sectionclinique-rennes.fr\/nuevo\/themes\/2012-2013\/191-2\/\"><span>Continue reading<\/span><i class=\"crycon-right-dir\"><\/i><\/a> <\/p>\n","protected":false},"author":5,"featured_media":0,"parent":85,"menu_order":4,"comment_status":"closed","ping_status":"closed","template":"","meta":{"_monsterinsights_skip_tracking":false,"_monsterinsights_sitenote_active":false,"_monsterinsights_sitenote_note":"","_monsterinsights_sitenote_category":0,"footnotes":""},"class_list":["post-191","page","type-page","status-publish","hentry"],"yoast_head":"<!-- This site is optimized with the Yoast SEO plugin v25.5 - https:\/\/yoast.com\/wordpress\/plugins\/seo\/ -->\n<title>S\u00e9minaires de textes - La Section clinique de Rennes<\/title>\n<meta name=\"robots\" content=\"index, follow, max-snippet:-1, max-image-preview:large, max-video-preview:-1\" \/>\n<link rel=\"canonical\" href=\"http:\/\/www.sectionclinique-rennes.fr\/nuevo\/themes\/2012-2013\/191-2\/\" \/>\n<meta property=\"og:locale\" content=\"fr_FR\" \/>\n<meta property=\"og:type\" content=\"article\" \/>\n<meta property=\"og:title\" content=\"S\u00e9minaires de textes - La Section clinique de Rennes\" \/>\n<meta property=\"og:description\" content=\"L\u2019inconscient et le corps\u00a0: les textes freudiens &nbsp; Si l\u2019entreprise freudienne a pu \u00eatre comprise d\u00e8s le d\u00e9part comme un mouvement de renversement des id\u00e9aux victoriens, pouss\u00e9 par des tendances \u00ab\u00a0monistes\u00a0\u00bb, notamment haeckeliennes qui pr\u00e9valaient dans les milieux lib\u00e9raux, scientifiques, \u00e9ducatifs ou esth\u00e9tiques du tournant du XXe si\u00e8cle, il est\u2026 Continue reading\" \/>\n<meta property=\"og:url\" content=\"http:\/\/www.sectionclinique-rennes.fr\/nuevo\/themes\/2012-2013\/191-2\/\" \/>\n<meta property=\"og:site_name\" content=\"La Section clinique de Rennes\" \/>\n<meta property=\"article:modified_time\" content=\"2022-06-22T13:49:00+00:00\" \/>\n<meta name=\"twitter:card\" content=\"summary_large_image\" \/>\n<meta name=\"twitter:label1\" content=\"Dur\u00e9e de lecture estim\u00e9e\" \/>\n\t<meta name=\"twitter:data1\" content=\"2 minutes\" \/>\n<script type=\"application\/ld+json\" class=\"yoast-schema-graph\">{\"@context\":\"https:\/\/schema.org\",\"@graph\":[{\"@type\":\"WebPage\",\"@id\":\"http:\/\/www.sectionclinique-rennes.fr\/nuevo\/themes\/2012-2013\/191-2\/\",\"url\":\"http:\/\/www.sectionclinique-rennes.fr\/nuevo\/themes\/2012-2013\/191-2\/\",\"name\":\"S\u00e9minaires de textes - La Section clinique de Rennes\",\"isPartOf\":{\"@id\":\"http:\/\/www.sectionclinique-rennes.fr\/nuevo\/#website\"},\"datePublished\":\"2015-08-21T22:14:27+00:00\",\"dateModified\":\"2022-06-22T13:49:00+00:00\",\"breadcrumb\":{\"@id\":\"http:\/\/www.sectionclinique-rennes.fr\/nuevo\/themes\/2012-2013\/191-2\/#breadcrumb\"},\"inLanguage\":\"fr-FR\",\"potentialAction\":[{\"@type\":\"ReadAction\",\"target\":[\"http:\/\/www.sectionclinique-rennes.fr\/nuevo\/themes\/2012-2013\/191-2\/\"]}]},{\"@type\":\"BreadcrumbList\",\"@id\":\"http:\/\/www.sectionclinique-rennes.fr\/nuevo\/themes\/2012-2013\/191-2\/#breadcrumb\",\"itemListElement\":[{\"@type\":\"ListItem\",\"position\":1,\"name\":\"Accueil\",\"item\":\"http:\/\/www.sectionclinique-rennes.fr\/nuevo\/\"},{\"@type\":\"ListItem\",\"position\":2,\"name\":\"Th\u00e8mes\",\"item\":\"https:\/\/www.sectionclinique-rennes.fr\/nuevo\/themes\/\"},{\"@type\":\"ListItem\",\"position\":3,\"name\":\"2012-2013\",\"item\":\"http:\/\/www.sectionclinique-rennes.fr\/nuevo\/themes\/2012-2013\/\"},{\"@type\":\"ListItem\",\"position\":4,\"name\":\"S\u00e9minaires de textes\"}]},{\"@type\":\"WebSite\",\"@id\":\"http:\/\/www.sectionclinique-rennes.fr\/nuevo\/#website\",\"url\":\"http:\/\/www.sectionclinique-rennes.fr\/nuevo\/\",\"name\":\"La Section clinique de Rennes\",\"description\":\"Association UFORCA\",\"publisher\":{\"@id\":\"http:\/\/www.sectionclinique-rennes.fr\/nuevo\/#organization\"},\"potentialAction\":[{\"@type\":\"SearchAction\",\"target\":{\"@type\":\"EntryPoint\",\"urlTemplate\":\"http:\/\/www.sectionclinique-rennes.fr\/nuevo\/?s={search_term_string}\"},\"query-input\":{\"@type\":\"PropertyValueSpecification\",\"valueRequired\":true,\"valueName\":\"search_term_string\"}}],\"inLanguage\":\"fr-FR\"},{\"@type\":\"Organization\",\"@id\":\"http:\/\/www.sectionclinique-rennes.fr\/nuevo\/#organization\",\"name\":\"Section clinique de Rennes - Association UFORCA\",\"url\":\"http:\/\/www.sectionclinique-rennes.fr\/nuevo\/\",\"logo\":{\"@type\":\"ImageObject\",\"inLanguage\":\"fr-FR\",\"@id\":\"http:\/\/www.sectionclinique-rennes.fr\/nuevo\/#\/schema\/logo\/image\/\",\"url\":\"http:\/\/www.sectionclinique-rennes.fr\/nuevo\/wp-content\/uploads\/2015\/08\/logo.png\",\"contentUrl\":\"http:\/\/www.sectionclinique-rennes.fr\/nuevo\/wp-content\/uploads\/2015\/08\/logo.png\",\"width\":1199,\"height\":276,\"caption\":\"Section clinique de Rennes - Association UFORCA\"},\"image\":{\"@id\":\"http:\/\/www.sectionclinique-rennes.fr\/nuevo\/#\/schema\/logo\/image\/\"}}]}<\/script>\n<!-- \/ Yoast SEO plugin. -->","yoast_head_json":{"title":"S\u00e9minaires de textes - La Section clinique de Rennes","robots":{"index":"index","follow":"follow","max-snippet":"max-snippet:-1","max-image-preview":"max-image-preview:large","max-video-preview":"max-video-preview:-1"},"canonical":"http:\/\/www.sectionclinique-rennes.fr\/nuevo\/themes\/2012-2013\/191-2\/","og_locale":"fr_FR","og_type":"article","og_title":"S\u00e9minaires de textes - La Section clinique de Rennes","og_description":"L\u2019inconscient et le corps\u00a0: les textes freudiens &nbsp; Si l\u2019entreprise freudienne a pu \u00eatre comprise d\u00e8s le d\u00e9part comme un mouvement de renversement des id\u00e9aux victoriens, pouss\u00e9 par des tendances \u00ab\u00a0monistes\u00a0\u00bb, notamment haeckeliennes qui pr\u00e9valaient dans les milieux lib\u00e9raux, scientifiques, \u00e9ducatifs ou esth\u00e9tiques du tournant du XXe si\u00e8cle, il est\u2026 Continue reading","og_url":"http:\/\/www.sectionclinique-rennes.fr\/nuevo\/themes\/2012-2013\/191-2\/","og_site_name":"La Section clinique de Rennes","article_modified_time":"2022-06-22T13:49:00+00:00","twitter_card":"summary_large_image","twitter_misc":{"Dur\u00e9e de lecture estim\u00e9e":"2 minutes"},"schema":{"@context":"https:\/\/schema.org","@graph":[{"@type":"WebPage","@id":"http:\/\/www.sectionclinique-rennes.fr\/nuevo\/themes\/2012-2013\/191-2\/","url":"http:\/\/www.sectionclinique-rennes.fr\/nuevo\/themes\/2012-2013\/191-2\/","name":"S\u00e9minaires de textes - La Section clinique de Rennes","isPartOf":{"@id":"http:\/\/www.sectionclinique-rennes.fr\/nuevo\/#website"},"datePublished":"2015-08-21T22:14:27+00:00","dateModified":"2022-06-22T13:49:00+00:00","breadcrumb":{"@id":"http:\/\/www.sectionclinique-rennes.fr\/nuevo\/themes\/2012-2013\/191-2\/#breadcrumb"},"inLanguage":"fr-FR","potentialAction":[{"@type":"ReadAction","target":["http:\/\/www.sectionclinique-rennes.fr\/nuevo\/themes\/2012-2013\/191-2\/"]}]},{"@type":"BreadcrumbList","@id":"http:\/\/www.sectionclinique-rennes.fr\/nuevo\/themes\/2012-2013\/191-2\/#breadcrumb","itemListElement":[{"@type":"ListItem","position":1,"name":"Accueil","item":"http:\/\/www.sectionclinique-rennes.fr\/nuevo\/"},{"@type":"ListItem","position":2,"name":"Th\u00e8mes","item":"https:\/\/www.sectionclinique-rennes.fr\/nuevo\/themes\/"},{"@type":"ListItem","position":3,"name":"2012-2013","item":"http:\/\/www.sectionclinique-rennes.fr\/nuevo\/themes\/2012-2013\/"},{"@type":"ListItem","position":4,"name":"S\u00e9minaires de textes"}]},{"@type":"WebSite","@id":"http:\/\/www.sectionclinique-rennes.fr\/nuevo\/#website","url":"http:\/\/www.sectionclinique-rennes.fr\/nuevo\/","name":"La Section clinique de Rennes","description":"Association UFORCA","publisher":{"@id":"http:\/\/www.sectionclinique-rennes.fr\/nuevo\/#organization"},"potentialAction":[{"@type":"SearchAction","target":{"@type":"EntryPoint","urlTemplate":"http:\/\/www.sectionclinique-rennes.fr\/nuevo\/?s={search_term_string}"},"query-input":{"@type":"PropertyValueSpecification","valueRequired":true,"valueName":"search_term_string"}}],"inLanguage":"fr-FR"},{"@type":"Organization","@id":"http:\/\/www.sectionclinique-rennes.fr\/nuevo\/#organization","name":"Section clinique de Rennes - Association UFORCA","url":"http:\/\/www.sectionclinique-rennes.fr\/nuevo\/","logo":{"@type":"ImageObject","inLanguage":"fr-FR","@id":"http:\/\/www.sectionclinique-rennes.fr\/nuevo\/#\/schema\/logo\/image\/","url":"http:\/\/www.sectionclinique-rennes.fr\/nuevo\/wp-content\/uploads\/2015\/08\/logo.png","contentUrl":"http:\/\/www.sectionclinique-rennes.fr\/nuevo\/wp-content\/uploads\/2015\/08\/logo.png","width":1199,"height":276,"caption":"Section clinique de Rennes - Association UFORCA"},"image":{"@id":"http:\/\/www.sectionclinique-rennes.fr\/nuevo\/#\/schema\/logo\/image\/"}}]}},"_links":{"self":[{"href":"http:\/\/www.sectionclinique-rennes.fr\/nuevo\/wp-json\/wp\/v2\/pages\/191","targetHints":{"allow":["GET"]}}],"collection":[{"href":"http:\/\/www.sectionclinique-rennes.fr\/nuevo\/wp-json\/wp\/v2\/pages"}],"about":[{"href":"http:\/\/www.sectionclinique-rennes.fr\/nuevo\/wp-json\/wp\/v2\/types\/page"}],"author":[{"embeddable":true,"href":"http:\/\/www.sectionclinique-rennes.fr\/nuevo\/wp-json\/wp\/v2\/users\/5"}],"replies":[{"embeddable":true,"href":"http:\/\/www.sectionclinique-rennes.fr\/nuevo\/wp-json\/wp\/v2\/comments?post=191"}],"version-history":[{"count":16,"href":"http:\/\/www.sectionclinique-rennes.fr\/nuevo\/wp-json\/wp\/v2\/pages\/191\/revisions"}],"predecessor-version":[{"id":2937,"href":"http:\/\/www.sectionclinique-rennes.fr\/nuevo\/wp-json\/wp\/v2\/pages\/191\/revisions\/2937"}],"up":[{"embeddable":true,"href":"http:\/\/www.sectionclinique-rennes.fr\/nuevo\/wp-json\/wp\/v2\/pages\/85"}],"wp:attachment":[{"href":"http:\/\/www.sectionclinique-rennes.fr\/nuevo\/wp-json\/wp\/v2\/media?parent=191"}],"curies":[{"name":"wp","href":"https:\/\/api.w.org\/{rel}","templated":true}]}}