{"id":1927,"date":"2017-08-22T16:59:46","date_gmt":"2017-08-22T15:59:46","guid":{"rendered":"http:\/\/www.sectionclinique-rennes.fr\/nuevo\/?page_id=1927"},"modified":"2017-08-22T17:04:15","modified_gmt":"2017-08-22T16:04:15","slug":"1927-2","status":"publish","type":"page","link":"http:\/\/www.sectionclinique-rennes.fr\/nuevo\/themes\/edition-2017-2018\/1927-2\/","title":{"rendered":"S\u00e9minaires pratiques"},"content":{"rendered":"<p>&nbsp;<\/p>\n<p style=\"text-align: justify;\">Pour qu\u2019il y ait chance que la psychanalyse se transmette, il est n\u00e9cessaire que l\u2019exp\u00e9rience des cliniciens puisse se formaliser. \u00c0 cet \u00e9gard le bien dire est essentiel et la construction du cas se fait dans une perspective \u00e9troitement li\u00e9e \u00e0 l\u2019\u00e9thique de la psychanalyse. Lacan, s\u2019il n\u2019a pas donn\u00e9 beaucoup de cas de sa pratique d\u2019une mani\u00e8re d\u00e9velopp\u00e9e, a su cependant \u00e0 chaque fois cerner ce qui de sa pratique \u00e9tait paradigmatique, presque toujours sous une forme ramass\u00e9e en tr\u00e8s peu de mots.<\/p>\n<p style=\"text-align: justify;\">Par ailleurs il s\u2019est largement appuy\u00e9 dans son enseignement sur les cas de Freud ou de nombreux autres psychanalystes d\u2019horizons vari\u00e9s (Ernst Kris, Ella Sharpe, Ruth Lebovici et bien d\u2019autres&#8230;) tandis qu\u2019il poursuivait en d\u00e9pit des modes sa pr\u00e9sentation de malades. Dans nombre des exemples qu\u2019il discute, l\u2019interpr\u00e9tation du psychanalyste joue un r\u00f4le essentiel. Tant\u00f4t elle est l\u00e9vitatoire, c\u2019est le cas de celles de Freud comment\u00e9es dans l\u2019intervention sur le transfert, tant\u00f4t elle enferme le sujet dans une impasse, c\u2019est le cas par exemple de celle de Kris, dans le cas de \u00ab l\u2019homme aux cervelles fra\u00eeches\u00bb.<\/p>\n<p style=\"text-align: justify;\">Le s\u00e9minaire pratique vise \u00e0 cerner ce qui, dans chaque cas pr\u00e9sent\u00e9, soit par les enseignants, soit par les participants, constitue un moment tournant et consiste \u00e0 d\u00e9gager comment dans le cas s\u2019articulent la structure du sujet et l\u2019interpr\u00e9tation \u00e9ventuelle, et quels effets peuvent en \u00eatre attendus. Il sera dans ce s\u00e9minaire, fait appel \u00e0 des cas de n\u00e9vroses aussi bien que de psychoses chez des sujets enfants ou adultes, la question du diagnostic diff\u00e9rentiel demeurant toutefois ouverte.<\/p>\n","protected":false},"excerpt":{"rendered":"<p>&nbsp; Pour qu\u2019il y ait chance que la psychanalyse se transmette, il est n\u00e9cessaire que l\u2019exp\u00e9rience des cliniciens puisse se formaliser. \u00c0 cet \u00e9gard le bien dire est essentiel et la construction du cas se fait dans une perspective \u00e9troitement li\u00e9e \u00e0 l\u2019\u00e9thique de la psychanalyse. Lacan, s\u2019il n\u2019a pas\u2026<\/p>\n<p> <a class=\"continue-reading-link\" href=\"http:\/\/www.sectionclinique-rennes.fr\/nuevo\/themes\/edition-2017-2018\/1927-2\/\"><span>Continue reading<\/span><i class=\"crycon-right-dir\"><\/i><\/a> <\/p>\n","protected":false},"author":5,"featured_media":0,"parent":1873,"menu_order":1,"comment_status":"closed","ping_status":"closed","template":"","meta":{"_monsterinsights_skip_tracking":false,"_monsterinsights_sitenote_active":false,"_monsterinsights_sitenote_note":"","_monsterinsights_sitenote_category":0,"footnotes":""},"class_list":["post-1927","page","type-page","status-publish","hentry"],"yoast_head":"<!-- This site is optimized with the Yoast SEO plugin v25.5 - https:\/\/yoast.com\/wordpress\/plugins\/seo\/ -->\n<title>S\u00e9minaires pratiques - La Section clinique de Rennes<\/title>\n<meta name=\"robots\" content=\"index, follow, max-snippet:-1, max-image-preview:large, max-video-preview:-1\" \/>\n<link rel=\"canonical\" href=\"http:\/\/www.sectionclinique-rennes.fr\/nuevo\/themes\/edition-2017-2018\/1927-2\/\" \/>\n<meta property=\"og:locale\" content=\"fr_FR\" \/>\n<meta property=\"og:type\" content=\"article\" \/>\n<meta property=\"og:title\" content=\"S\u00e9minaires pratiques - La Section clinique de Rennes\" \/>\n<meta property=\"og:description\" content=\"&nbsp; Pour qu\u2019il y ait chance que la psychanalyse se transmette, il est n\u00e9cessaire que l\u2019exp\u00e9rience des cliniciens puisse se formaliser. \u00c0 cet \u00e9gard le bien dire est essentiel et la construction du cas se fait dans une perspective \u00e9troitement li\u00e9e \u00e0 l\u2019\u00e9thique de la psychanalyse. Lacan, s\u2019il n\u2019a pas\u2026 Continue reading\" \/>\n<meta property=\"og:url\" content=\"http:\/\/www.sectionclinique-rennes.fr\/nuevo\/themes\/edition-2017-2018\/1927-2\/\" \/>\n<meta property=\"og:site_name\" content=\"La Section clinique de Rennes\" \/>\n<meta property=\"article:modified_time\" content=\"2017-08-22T16:04:15+00:00\" \/>\n<meta name=\"twitter:card\" content=\"summary_large_image\" \/>\n<meta name=\"twitter:label1\" content=\"Dur\u00e9e de lecture estim\u00e9e\" \/>\n\t<meta name=\"twitter:data1\" content=\"1 minute\" \/>\n<script type=\"application\/ld+json\" class=\"yoast-schema-graph\">{\"@context\":\"https:\/\/schema.org\",\"@graph\":[{\"@type\":\"WebPage\",\"@id\":\"http:\/\/www.sectionclinique-rennes.fr\/nuevo\/themes\/edition-2017-2018\/1927-2\/\",\"url\":\"http:\/\/www.sectionclinique-rennes.fr\/nuevo\/themes\/edition-2017-2018\/1927-2\/\",\"name\":\"S\u00e9minaires pratiques - La Section clinique de Rennes\",\"isPartOf\":{\"@id\":\"https:\/\/www.sectionclinique-rennes.fr\/nuevo\/#website\"},\"datePublished\":\"2017-08-22T15:59:46+00:00\",\"dateModified\":\"2017-08-22T16:04:15+00:00\",\"breadcrumb\":{\"@id\":\"http:\/\/www.sectionclinique-rennes.fr\/nuevo\/themes\/edition-2017-2018\/1927-2\/#breadcrumb\"},\"inLanguage\":\"fr-FR\",\"potentialAction\":[{\"@type\":\"ReadAction\",\"target\":[\"http:\/\/www.sectionclinique-rennes.fr\/nuevo\/themes\/edition-2017-2018\/1927-2\/\"]}]},{\"@type\":\"BreadcrumbList\",\"@id\":\"http:\/\/www.sectionclinique-rennes.fr\/nuevo\/themes\/edition-2017-2018\/1927-2\/#breadcrumb\",\"itemListElement\":[{\"@type\":\"ListItem\",\"position\":1,\"name\":\"Accueil\",\"item\":\"https:\/\/www.sectionclinique-rennes.fr\/nuevo\/\"},{\"@type\":\"ListItem\",\"position\":2,\"name\":\"Th\u00e8mes\",\"item\":\"https:\/\/www.sectionclinique-rennes.fr\/nuevo\/themes\/\"},{\"@type\":\"ListItem\",\"position\":3,\"name\":\"2017-2018\",\"item\":\"http:\/\/www.sectionclinique-rennes.fr\/nuevo\/themes\/edition-2017-2018\/\"},{\"@type\":\"ListItem\",\"position\":4,\"name\":\"S\u00e9minaires pratiques\"}]},{\"@type\":\"WebSite\",\"@id\":\"https:\/\/www.sectionclinique-rennes.fr\/nuevo\/#website\",\"url\":\"https:\/\/www.sectionclinique-rennes.fr\/nuevo\/\",\"name\":\"La Section clinique de Rennes\",\"description\":\"Association UFORCA\",\"publisher\":{\"@id\":\"https:\/\/www.sectionclinique-rennes.fr\/nuevo\/#organization\"},\"potentialAction\":[{\"@type\":\"SearchAction\",\"target\":{\"@type\":\"EntryPoint\",\"urlTemplate\":\"https:\/\/www.sectionclinique-rennes.fr\/nuevo\/?s={search_term_string}\"},\"query-input\":{\"@type\":\"PropertyValueSpecification\",\"valueRequired\":true,\"valueName\":\"search_term_string\"}}],\"inLanguage\":\"fr-FR\"},{\"@type\":\"Organization\",\"@id\":\"https:\/\/www.sectionclinique-rennes.fr\/nuevo\/#organization\",\"name\":\"Section clinique de Rennes - Association UFORCA\",\"url\":\"https:\/\/www.sectionclinique-rennes.fr\/nuevo\/\",\"logo\":{\"@type\":\"ImageObject\",\"inLanguage\":\"fr-FR\",\"@id\":\"https:\/\/www.sectionclinique-rennes.fr\/nuevo\/#\/schema\/logo\/image\/\",\"url\":\"http:\/\/www.sectionclinique-rennes.fr\/nuevo\/wp-content\/uploads\/2015\/08\/logo.png\",\"contentUrl\":\"http:\/\/www.sectionclinique-rennes.fr\/nuevo\/wp-content\/uploads\/2015\/08\/logo.png\",\"width\":1199,\"height\":276,\"caption\":\"Section clinique de Rennes - Association UFORCA\"},\"image\":{\"@id\":\"https:\/\/www.sectionclinique-rennes.fr\/nuevo\/#\/schema\/logo\/image\/\"}}]}<\/script>\n<!-- \/ Yoast SEO plugin. -->","yoast_head_json":{"title":"S\u00e9minaires pratiques - La Section clinique de Rennes","robots":{"index":"index","follow":"follow","max-snippet":"max-snippet:-1","max-image-preview":"max-image-preview:large","max-video-preview":"max-video-preview:-1"},"canonical":"http:\/\/www.sectionclinique-rennes.fr\/nuevo\/themes\/edition-2017-2018\/1927-2\/","og_locale":"fr_FR","og_type":"article","og_title":"S\u00e9minaires pratiques - La Section clinique de Rennes","og_description":"&nbsp; Pour qu\u2019il y ait chance que la psychanalyse se transmette, il est n\u00e9cessaire que l\u2019exp\u00e9rience des cliniciens puisse se formaliser. \u00c0 cet \u00e9gard le bien dire est essentiel et la construction du cas se fait dans une perspective \u00e9troitement li\u00e9e \u00e0 l\u2019\u00e9thique de la psychanalyse. Lacan, s\u2019il n\u2019a pas\u2026 Continue reading","og_url":"http:\/\/www.sectionclinique-rennes.fr\/nuevo\/themes\/edition-2017-2018\/1927-2\/","og_site_name":"La Section clinique de Rennes","article_modified_time":"2017-08-22T16:04:15+00:00","twitter_card":"summary_large_image","twitter_misc":{"Dur\u00e9e de lecture estim\u00e9e":"1 minute"},"schema":{"@context":"https:\/\/schema.org","@graph":[{"@type":"WebPage","@id":"http:\/\/www.sectionclinique-rennes.fr\/nuevo\/themes\/edition-2017-2018\/1927-2\/","url":"http:\/\/www.sectionclinique-rennes.fr\/nuevo\/themes\/edition-2017-2018\/1927-2\/","name":"S\u00e9minaires pratiques - La Section clinique de Rennes","isPartOf":{"@id":"https:\/\/www.sectionclinique-rennes.fr\/nuevo\/#website"},"datePublished":"2017-08-22T15:59:46+00:00","dateModified":"2017-08-22T16:04:15+00:00","breadcrumb":{"@id":"http:\/\/www.sectionclinique-rennes.fr\/nuevo\/themes\/edition-2017-2018\/1927-2\/#breadcrumb"},"inLanguage":"fr-FR","potentialAction":[{"@type":"ReadAction","target":["http:\/\/www.sectionclinique-rennes.fr\/nuevo\/themes\/edition-2017-2018\/1927-2\/"]}]},{"@type":"BreadcrumbList","@id":"http:\/\/www.sectionclinique-rennes.fr\/nuevo\/themes\/edition-2017-2018\/1927-2\/#breadcrumb","itemListElement":[{"@type":"ListItem","position":1,"name":"Accueil","item":"https:\/\/www.sectionclinique-rennes.fr\/nuevo\/"},{"@type":"ListItem","position":2,"name":"Th\u00e8mes","item":"https:\/\/www.sectionclinique-rennes.fr\/nuevo\/themes\/"},{"@type":"ListItem","position":3,"name":"2017-2018","item":"http:\/\/www.sectionclinique-rennes.fr\/nuevo\/themes\/edition-2017-2018\/"},{"@type":"ListItem","position":4,"name":"S\u00e9minaires pratiques"}]},{"@type":"WebSite","@id":"https:\/\/www.sectionclinique-rennes.fr\/nuevo\/#website","url":"https:\/\/www.sectionclinique-rennes.fr\/nuevo\/","name":"La Section clinique de Rennes","description":"Association UFORCA","publisher":{"@id":"https:\/\/www.sectionclinique-rennes.fr\/nuevo\/#organization"},"potentialAction":[{"@type":"SearchAction","target":{"@type":"EntryPoint","urlTemplate":"https:\/\/www.sectionclinique-rennes.fr\/nuevo\/?s={search_term_string}"},"query-input":{"@type":"PropertyValueSpecification","valueRequired":true,"valueName":"search_term_string"}}],"inLanguage":"fr-FR"},{"@type":"Organization","@id":"https:\/\/www.sectionclinique-rennes.fr\/nuevo\/#organization","name":"Section clinique de Rennes - Association UFORCA","url":"https:\/\/www.sectionclinique-rennes.fr\/nuevo\/","logo":{"@type":"ImageObject","inLanguage":"fr-FR","@id":"https:\/\/www.sectionclinique-rennes.fr\/nuevo\/#\/schema\/logo\/image\/","url":"http:\/\/www.sectionclinique-rennes.fr\/nuevo\/wp-content\/uploads\/2015\/08\/logo.png","contentUrl":"http:\/\/www.sectionclinique-rennes.fr\/nuevo\/wp-content\/uploads\/2015\/08\/logo.png","width":1199,"height":276,"caption":"Section clinique de Rennes - Association UFORCA"},"image":{"@id":"https:\/\/www.sectionclinique-rennes.fr\/nuevo\/#\/schema\/logo\/image\/"}}]}},"_links":{"self":[{"href":"http:\/\/www.sectionclinique-rennes.fr\/nuevo\/wp-json\/wp\/v2\/pages\/1927","targetHints":{"allow":["GET"]}}],"collection":[{"href":"http:\/\/www.sectionclinique-rennes.fr\/nuevo\/wp-json\/wp\/v2\/pages"}],"about":[{"href":"http:\/\/www.sectionclinique-rennes.fr\/nuevo\/wp-json\/wp\/v2\/types\/page"}],"author":[{"embeddable":true,"href":"http:\/\/www.sectionclinique-rennes.fr\/nuevo\/wp-json\/wp\/v2\/users\/5"}],"replies":[{"embeddable":true,"href":"http:\/\/www.sectionclinique-rennes.fr\/nuevo\/wp-json\/wp\/v2\/comments?post=1927"}],"version-history":[{"count":5,"href":"http:\/\/www.sectionclinique-rennes.fr\/nuevo\/wp-json\/wp\/v2\/pages\/1927\/revisions"}],"predecessor-version":[{"id":1932,"href":"http:\/\/www.sectionclinique-rennes.fr\/nuevo\/wp-json\/wp\/v2\/pages\/1927\/revisions\/1932"}],"up":[{"embeddable":true,"href":"http:\/\/www.sectionclinique-rennes.fr\/nuevo\/wp-json\/wp\/v2\/pages\/1873"}],"wp:attachment":[{"href":"http:\/\/www.sectionclinique-rennes.fr\/nuevo\/wp-json\/wp\/v2\/media?parent=1927"}],"curies":[{"name":"wp","href":"https:\/\/api.w.org\/{rel}","templated":true}]}}