{"id":223,"date":"2015-08-21T23:50:49","date_gmt":"2015-08-21T22:50:49","guid":{"rendered":"http:\/\/www.sectionclinique-rennes.fr\/nuevo\/?page_id=223"},"modified":"2022-06-22T14:53:09","modified_gmt":"2022-06-22T13:53:09","slug":"2014-2015","status":"publish","type":"page","link":"http:\/\/www.sectionclinique-rennes.fr\/nuevo\/themes\/2014-2015\/","title":{"rendered":"2014-2015"},"content":{"rendered":"<h3><\/h3>\n<h3><span style=\"color: #09b388;\"><strong><span style=\"color: #0bb389;\">Figures de l&rsquo;Autre dans la clinique analytique<\/span><br \/>\n<\/strong><\/span><\/h3>\n<h3><strong>\u00a0<\/strong><\/h3>\n<p style=\"text-align: justify;\"><a href=\"http:\/\/www.sectionclinique-rennes.fr\/nuevo\/wp-content\/uploads\/2015\/08\/image-00014.jpg\"><img loading=\"lazy\" decoding=\"async\" class=\"size-medium wp-image-749 alignleft\" src=\"http:\/\/www.sectionclinique-rennes.fr\/nuevo\/wp-content\/uploads\/2015\/08\/image-00014-214x300.jpg\" alt=\"image-0001(4)\" width=\"214\" height=\"300\" srcset=\"http:\/\/www.sectionclinique-rennes.fr\/nuevo\/wp-content\/uploads\/2015\/08\/image-00014-214x300.jpg 214w, http:\/\/www.sectionclinique-rennes.fr\/nuevo\/wp-content\/uploads\/2015\/08\/image-00014-731x1024.jpg 731w, http:\/\/www.sectionclinique-rennes.fr\/nuevo\/wp-content\/uploads\/2015\/08\/image-00014-107x150.jpg 107w, http:\/\/www.sectionclinique-rennes.fr\/nuevo\/wp-content\/uploads\/2015\/08\/image-00014.jpg 1772w\" sizes=\"auto, (max-width: 214px) 100vw, 214px\" \/><\/a>C\u2019est au d\u00e9but de la cr\u00e9ation de la Soci\u00e9t\u00e9 Fran\u00e7aise de Psychanalyse (SFP) par scission \u00e0 l\u2019int\u00e9rieur de la Soci\u00e9t\u00e9 Parisienne de Psychanalyse (SPP), que Lacan prononce son discours de Rome \u00e9crit \u00e0 l\u2019\u00e9t\u00e9 de 1953. Il introduisait par l\u00e0 dans la psychanalyse, tout en faisant retour \u00e0 Freud, la fonction et le champ de la parole et du langage.<br \/>\nOr, cet Autre qui a partie li\u00e9e avec ce parasite qu\u2019est le langage et dont il dit dans son article\u00a0\u00ab La direction de la cure \u00bb (1) qu\u2019il est \u00ab le lieu de d\u00e9ploiement de la parole \u00bb, peut s\u2019entendre de diverses fa\u00e7ons, et Lacan n\u2019a pas manqu\u00e9 de les faire varier tout au long de son enseignement.<\/p>\n<p style=\"text-align: justify;\">\u00a0Mais d\u00e9j\u00e0, d\u00e8s l\u2019aurore de son usage de l\u2019Autre, Lacan lui donne plusieurs valences :\u00a0\u00ab Autre de la v\u00e9rit\u00e9, tiers de tout dialogue, r\u00e9f\u00e9rence des pactes et des controverses, Autre de bonne foi ; C\u2019est encore l\u2019Autre de la parole, allocutaire fondamental, adresse du discours au-del\u00e0 du vis \u00e0 vis. Dans les termes de la th\u00e9orie de la communication, c\u2019est le lieu du \u00ab code \u00bb, qui est aussi bien celui o\u00f9 s\u2019\u00e9labore le message [\u2026] c\u2019est par l\u00e0 l\u2019Autre dont l\u2019inconscient est le discours [\u2026]. C\u2019est enfin l\u2019Autre du d\u00e9sir comme inconscient, opaque au sujet qui en est serf. \u00bb (2)\u00a0J.-A. Miller va jusqu\u2019\u00e0 dire que ce n\u2019est pas tant un concept qu\u2019une lettre A, propre \u00e0 attirer et susciter des significations multiples.<\/p>\n<p style=\"text-align: justify;\">Dans la clinique nous voyons ces diverses significations \u00e0 l\u2019\u0153uvre : tant\u00f4t il r\u00e9pond en effet \u00e0 ce que Lacan appelait dans sa premi\u00e8re clinique, la figure du tiers, tant\u00f4t il est investi de la fonction du symbolique et en supporte le registre avec son pouvoir de significantisation, tant\u00f4t encore, il est l\u2019Autre primordial maternel ou encore l\u2019Autre paternel porteur des insignes du Nom-du-P\u00e8re, porteur \u00e9galement des identifications. Et, par emprunt au linguiste Roman Jackobson et \u00e0 Saussure, Lacan fera de l\u2019Autre le support de la m\u00e9taphore et de la m\u00e9tonymie, revisitant ainsi, en les complexifiant, les notions freudiennes de d\u00e9placement et de condensation dans l\u2019analyse des formations de l\u2019inconscient. Ce peut \u00eatre aussi l\u2019Autre m\u00e9chant selon le titre d\u2019une r\u00e9cente journ\u00e9e de l\u2019UFORCA.<\/p>\n<p style=\"text-align: justify;\">Or, la complexit\u00e9 du concept d\u2019Autre devient plus \u00e9vidente \u00e0 partir du moment o\u00f9 Lacan inscrit sur son graphe S(A barr\u00e9), soit le math\u00e8me d\u2019un manque dans l\u2019Autre, qui lui aussi attire des significations multiples : lieu du manque constitutif du d\u00e9sir car, et \u00ab\u00a0c\u2019est un th\u00e8me de Lacan devenu des plus populaires, l\u2019analyste ne r\u00e9pond pas \u00e0 la demande ; il interpr\u00e8te au-del\u00e0, au niveau du d\u00e9sir, le d\u00e9sir est inadaptable, in\u00e9ducable, il n\u2019est pas susceptible d\u2019une p\u00e9dagogie, mais seulement d\u2019une \u00e9thique :\u00a0\u00ab Ne pas c\u00e9der sur son d\u00e9sir \u00bb, non pas \u00ablib\u00e9rer le d\u00e9sir \u00bb\u2013 cette id\u00e9ologie n\u2019est nullement lacanienne\u2026 Le d\u00e9sir freudien en revanche, n\u2019est pas le contre de la loi, mais la m\u00eame chose, ses formes sont en nombre limit\u00e9, et sa fonction est coordonn\u00e9e \u00e0 un manque\u00a0\u00bb (3).<\/p>\n<p style=\"text-align: justify;\">Plus encore, le manque dans l\u2019avanc\u00e9e de l\u2019enseignement de Lacan est la marque d\u2019un Autre que qualifient son inexistence, son inconsistance, et son incompl\u00e9tude. C\u2019est toute la question des identifications et de l\u2019identit\u00e9 qui est boulevers\u00e9e alors m\u00eame qu\u2019elle agite aujourd\u2019hui au plus haut point notre soci\u00e9t\u00e9 : identit\u00e9s nationales, identit\u00e9s communautaires, voire m\u00eame identit\u00e9 sexu\u00e9e. Ces questions se font plus aigu\u00ebs dans la clinique psychanalytique \u00e0 mesure que le d\u00e9clin du p\u00e8re se r\u00e9pand dans la civilisation. C\u2019est d\u2019ailleurs le symbolique en tant que registre qui est, sinon aboli, du moins affaibli, puisqu\u2019il n\u2019est plus comme \u00e0 l\u2019\u00e9poque de la scission de 1953, porteur du mythe \u0153dipien \u00e0 pr\u00e9tention universelle. Avec la prise en compte de \u00ab l\u2019inexistence de l\u2019Autre \u00bb nous aborderons la clinique de l\u2019au-del\u00e0 de l\u2019\u0152dipe, la clinique de sujets de plus en plus \u00e9loign\u00e9s de la nature par le discours de la science et la marchandisation capitaliste.<\/p>\n<p style=\"text-align: justify;\">Ce nouveau statut de l\u2019Autre est \u00e0 mettre en rapport avec les six paradigmes de la jouissance (4), car ils visent chaque fois \u00e0 r\u00e9soudre le probl\u00e8me de la mani\u00e8re dont l\u2019Autre de la parole et du langage parvient \u00e0 traiter la jouissance humaine en exc\u00e8s, sachant que la pulsion ne peut se laisser dompter par le signifiant comme Serge Leclaire l\u2019a pens\u00e9 pendant un temps.<\/p>\n<p style=\"text-align: justify;\">La clinique de la psychose et de l\u2019autisme interroge ces points de fa\u00e7on radicale.<\/p>\n<p style=\"text-align: justify;\">\u00c0 la fin de son enseignement, Lacan posera que l\u2019Autre absolu c\u2019est le corps, et que, seul bien que trou\u00e9, il existe comme support de la jouissance, tandis que l\u2019Autre du signifiant se voit sous le vocable de parl\u00eatre destin\u00e9 \u00e0 repr\u00e9senter le manque, l\u2019univers des semblants.<\/p>\n<hr \/>\n<h6 style=\"text-align: justify;\">1. Lacan J., <em>\u00c9crits<\/em>, Paris, Seuil, 1966, p.628<br \/>\n2. Miller J.-A., <em>Ornicar<\/em> ? n\u00b021, p.40<br \/>\n3. Miller J.-A., <em>ibid<\/em>., p.52<br \/>\n4. Miller J.-A., <em>La Cause freudienne n\u00b043<\/em>, octobre 1999, p.7-29<\/h6>\n<hr \/>\n<p><span style=\"color: #0bb389;\">Liens vers les pages du th\u00e8me :<\/span><\/p>\n<p><a href=\"http:\/\/www.sectionclinique-rennes.fr\/nuevo\/themes\/2014-2015\/seminaire-theorique\/\" target=\"_blank\" rel=\"noopener\">S\u00e9minaires th\u00e9oriques<\/a><\/p>\n<p><a href=\"http:\/\/www.sectionclinique-rennes.fr\/nuevo\/themes\/2014-2015\/les-seminaires-de-textes\/\" target=\"_blank\" rel=\"noopener\">S\u00e9minaires de textes<\/a><\/p>\n<p><a href=\"http:\/\/www.sectionclinique-rennes.fr\/nuevo\/themes\/2014-2015\/le-seminaire-detude-et-de-recherche-cercle\/\" target=\"_blank\" rel=\"noopener\">S\u00e9minaire du Cercle<\/a><\/p>\n<hr \/>\n<h6><\/h6>\n<h3><span style=\"color: #09b388;\"><strong>Historique des conf\u00e9rences des invit\u00e9s :<\/strong><\/span><\/h3>\n<p>&nbsp;<\/p>\n<ul>\n<li>22 novembre 2014 &#8211; Aur\u00e9lie\u00ad Pfauwadel<\/li>\n<li>13 d\u00e9cembre 2014 &#8211; Armelle\u00ad Guivarch<\/li>\n<li>10 janvier 2015 &#8211; Anne \u00adLysy<\/li>\n<li>28 f\u00e9vrier 2015 &#8211; V\u00e9ronique \u00adMariage<\/li>\n<li>28 mars 2015 &#8211; Philippe \u00adCullard<\/li>\n<li>11 avril 2015 &#8211; Claude \u00adQuenardel<\/li>\n<li>13 juin 2015 &#8211; Francesca \u00adBiagi-Chai<\/li>\n<\/ul>\n<h6><\/h6>\n<h6 style=\"font-weight: 400;\"><strong><em>Derni\u00e8re modification : 20\/08\/2015<\/em><\/strong><\/h6>\n","protected":false},"excerpt":{"rendered":"<p>Figures de l&rsquo;Autre dans la clinique analytique \u00a0 C\u2019est au d\u00e9but de la cr\u00e9ation de la Soci\u00e9t\u00e9 Fran\u00e7aise de Psychanalyse (SFP) par scission \u00e0 l\u2019int\u00e9rieur de la Soci\u00e9t\u00e9 Parisienne de Psychanalyse (SPP), que Lacan prononce son discours de Rome \u00e9crit \u00e0 l\u2019\u00e9t\u00e9 de 1953. Il introduisait par l\u00e0 dans la\u2026<\/p>\n<p> <a class=\"continue-reading-link\" href=\"http:\/\/www.sectionclinique-rennes.fr\/nuevo\/themes\/2014-2015\/\"><span>Continue reading<\/span><i class=\"crycon-right-dir\"><\/i><\/a> <\/p>\n","protected":false},"author":5,"featured_media":0,"parent":19,"menu_order":9,"comment_status":"closed","ping_status":"closed","template":"","meta":{"_monsterinsights_skip_tracking":false,"_monsterinsights_sitenote_active":false,"_monsterinsights_sitenote_note":"","_monsterinsights_sitenote_category":0,"footnotes":""},"class_list":["post-223","page","type-page","status-publish","hentry"],"yoast_head":"<!-- This site is optimized with the Yoast SEO plugin v25.5 - https:\/\/yoast.com\/wordpress\/plugins\/seo\/ -->\n<title>2014-2015 - La Section clinique de Rennes<\/title>\n<meta name=\"robots\" content=\"index, follow, max-snippet:-1, max-image-preview:large, max-video-preview:-1\" \/>\n<link rel=\"canonical\" href=\"http:\/\/www.sectionclinique-rennes.fr\/nuevo\/themes\/2014-2015\/\" \/>\n<meta property=\"og:locale\" content=\"fr_FR\" \/>\n<meta property=\"og:type\" content=\"article\" \/>\n<meta property=\"og:title\" content=\"2014-2015 - La Section clinique de Rennes\" \/>\n<meta property=\"og:description\" content=\"Figures de l&rsquo;Autre dans la clinique analytique \u00a0 C\u2019est au d\u00e9but de la cr\u00e9ation de la Soci\u00e9t\u00e9 Fran\u00e7aise de Psychanalyse (SFP) par scission \u00e0 l\u2019int\u00e9rieur de la Soci\u00e9t\u00e9 Parisienne de Psychanalyse (SPP), que Lacan prononce son discours de Rome \u00e9crit \u00e0 l\u2019\u00e9t\u00e9 de 1953. Il introduisait par l\u00e0 dans la\u2026 Continue reading\" \/>\n<meta property=\"og:url\" content=\"http:\/\/www.sectionclinique-rennes.fr\/nuevo\/themes\/2014-2015\/\" \/>\n<meta property=\"og:site_name\" content=\"La Section clinique de Rennes\" \/>\n<meta property=\"article:modified_time\" content=\"2022-06-22T13:53:09+00:00\" \/>\n<meta property=\"og:image\" content=\"http:\/\/www.sectionclinique-rennes.fr\/nuevo\/wp-content\/uploads\/2015\/08\/image-00014-214x300.jpg\" \/>\n<meta name=\"twitter:card\" content=\"summary_large_image\" \/>\n<meta name=\"twitter:label1\" content=\"Dur\u00e9e de lecture estim\u00e9e\" \/>\n\t<meta name=\"twitter:data1\" content=\"4 minutes\" \/>\n<script type=\"application\/ld+json\" class=\"yoast-schema-graph\">{\"@context\":\"https:\/\/schema.org\",\"@graph\":[{\"@type\":\"WebPage\",\"@id\":\"http:\/\/www.sectionclinique-rennes.fr\/nuevo\/themes\/2014-2015\/\",\"url\":\"http:\/\/www.sectionclinique-rennes.fr\/nuevo\/themes\/2014-2015\/\",\"name\":\"2014-2015 - La Section clinique de Rennes\",\"isPartOf\":{\"@id\":\"http:\/\/www.sectionclinique-rennes.fr\/nuevo\/#website\"},\"primaryImageOfPage\":{\"@id\":\"http:\/\/www.sectionclinique-rennes.fr\/nuevo\/themes\/2014-2015\/#primaryimage\"},\"image\":{\"@id\":\"http:\/\/www.sectionclinique-rennes.fr\/nuevo\/themes\/2014-2015\/#primaryimage\"},\"thumbnailUrl\":\"http:\/\/www.sectionclinique-rennes.fr\/nuevo\/wp-content\/uploads\/2015\/08\/image-00014-214x300.jpg\",\"datePublished\":\"2015-08-21T22:50:49+00:00\",\"dateModified\":\"2022-06-22T13:53:09+00:00\",\"breadcrumb\":{\"@id\":\"http:\/\/www.sectionclinique-rennes.fr\/nuevo\/themes\/2014-2015\/#breadcrumb\"},\"inLanguage\":\"fr-FR\",\"potentialAction\":[{\"@type\":\"ReadAction\",\"target\":[\"http:\/\/www.sectionclinique-rennes.fr\/nuevo\/themes\/2014-2015\/\"]}]},{\"@type\":\"ImageObject\",\"inLanguage\":\"fr-FR\",\"@id\":\"http:\/\/www.sectionclinique-rennes.fr\/nuevo\/themes\/2014-2015\/#primaryimage\",\"url\":\"http:\/\/www.sectionclinique-rennes.fr\/nuevo\/wp-content\/uploads\/2015\/08\/image-00014.jpg\",\"contentUrl\":\"http:\/\/www.sectionclinique-rennes.fr\/nuevo\/wp-content\/uploads\/2015\/08\/image-00014.jpg\",\"width\":1772,\"height\":2481},{\"@type\":\"BreadcrumbList\",\"@id\":\"http:\/\/www.sectionclinique-rennes.fr\/nuevo\/themes\/2014-2015\/#breadcrumb\",\"itemListElement\":[{\"@type\":\"ListItem\",\"position\":1,\"name\":\"Accueil\",\"item\":\"http:\/\/www.sectionclinique-rennes.fr\/nuevo\/\"},{\"@type\":\"ListItem\",\"position\":2,\"name\":\"Th\u00e8mes\",\"item\":\"https:\/\/www.sectionclinique-rennes.fr\/nuevo\/themes\/\"},{\"@type\":\"ListItem\",\"position\":3,\"name\":\"2014-2015\"}]},{\"@type\":\"WebSite\",\"@id\":\"http:\/\/www.sectionclinique-rennes.fr\/nuevo\/#website\",\"url\":\"http:\/\/www.sectionclinique-rennes.fr\/nuevo\/\",\"name\":\"La Section clinique de Rennes\",\"description\":\"Association UFORCA\",\"publisher\":{\"@id\":\"http:\/\/www.sectionclinique-rennes.fr\/nuevo\/#organization\"},\"potentialAction\":[{\"@type\":\"SearchAction\",\"target\":{\"@type\":\"EntryPoint\",\"urlTemplate\":\"http:\/\/www.sectionclinique-rennes.fr\/nuevo\/?s={search_term_string}\"},\"query-input\":{\"@type\":\"PropertyValueSpecification\",\"valueRequired\":true,\"valueName\":\"search_term_string\"}}],\"inLanguage\":\"fr-FR\"},{\"@type\":\"Organization\",\"@id\":\"http:\/\/www.sectionclinique-rennes.fr\/nuevo\/#organization\",\"name\":\"Section clinique de Rennes - Association UFORCA\",\"url\":\"http:\/\/www.sectionclinique-rennes.fr\/nuevo\/\",\"logo\":{\"@type\":\"ImageObject\",\"inLanguage\":\"fr-FR\",\"@id\":\"http:\/\/www.sectionclinique-rennes.fr\/nuevo\/#\/schema\/logo\/image\/\",\"url\":\"http:\/\/www.sectionclinique-rennes.fr\/nuevo\/wp-content\/uploads\/2015\/08\/logo.png\",\"contentUrl\":\"http:\/\/www.sectionclinique-rennes.fr\/nuevo\/wp-content\/uploads\/2015\/08\/logo.png\",\"width\":1199,\"height\":276,\"caption\":\"Section clinique de Rennes - Association UFORCA\"},\"image\":{\"@id\":\"http:\/\/www.sectionclinique-rennes.fr\/nuevo\/#\/schema\/logo\/image\/\"}}]}<\/script>\n<!-- \/ Yoast SEO plugin. -->","yoast_head_json":{"title":"2014-2015 - La Section clinique de Rennes","robots":{"index":"index","follow":"follow","max-snippet":"max-snippet:-1","max-image-preview":"max-image-preview:large","max-video-preview":"max-video-preview:-1"},"canonical":"http:\/\/www.sectionclinique-rennes.fr\/nuevo\/themes\/2014-2015\/","og_locale":"fr_FR","og_type":"article","og_title":"2014-2015 - La Section clinique de Rennes","og_description":"Figures de l&rsquo;Autre dans la clinique analytique \u00a0 C\u2019est au d\u00e9but de la cr\u00e9ation de la Soci\u00e9t\u00e9 Fran\u00e7aise de Psychanalyse (SFP) par scission \u00e0 l\u2019int\u00e9rieur de la Soci\u00e9t\u00e9 Parisienne de Psychanalyse (SPP), que Lacan prononce son discours de Rome \u00e9crit \u00e0 l\u2019\u00e9t\u00e9 de 1953. Il introduisait par l\u00e0 dans la\u2026 Continue reading","og_url":"http:\/\/www.sectionclinique-rennes.fr\/nuevo\/themes\/2014-2015\/","og_site_name":"La Section clinique de Rennes","article_modified_time":"2022-06-22T13:53:09+00:00","og_image":[{"url":"http:\/\/www.sectionclinique-rennes.fr\/nuevo\/wp-content\/uploads\/2015\/08\/image-00014-214x300.jpg","type":"","width":"","height":""}],"twitter_card":"summary_large_image","twitter_misc":{"Dur\u00e9e de lecture estim\u00e9e":"4 minutes"},"schema":{"@context":"https:\/\/schema.org","@graph":[{"@type":"WebPage","@id":"http:\/\/www.sectionclinique-rennes.fr\/nuevo\/themes\/2014-2015\/","url":"http:\/\/www.sectionclinique-rennes.fr\/nuevo\/themes\/2014-2015\/","name":"2014-2015 - La Section clinique de Rennes","isPartOf":{"@id":"http:\/\/www.sectionclinique-rennes.fr\/nuevo\/#website"},"primaryImageOfPage":{"@id":"http:\/\/www.sectionclinique-rennes.fr\/nuevo\/themes\/2014-2015\/#primaryimage"},"image":{"@id":"http:\/\/www.sectionclinique-rennes.fr\/nuevo\/themes\/2014-2015\/#primaryimage"},"thumbnailUrl":"http:\/\/www.sectionclinique-rennes.fr\/nuevo\/wp-content\/uploads\/2015\/08\/image-00014-214x300.jpg","datePublished":"2015-08-21T22:50:49+00:00","dateModified":"2022-06-22T13:53:09+00:00","breadcrumb":{"@id":"http:\/\/www.sectionclinique-rennes.fr\/nuevo\/themes\/2014-2015\/#breadcrumb"},"inLanguage":"fr-FR","potentialAction":[{"@type":"ReadAction","target":["http:\/\/www.sectionclinique-rennes.fr\/nuevo\/themes\/2014-2015\/"]}]},{"@type":"ImageObject","inLanguage":"fr-FR","@id":"http:\/\/www.sectionclinique-rennes.fr\/nuevo\/themes\/2014-2015\/#primaryimage","url":"http:\/\/www.sectionclinique-rennes.fr\/nuevo\/wp-content\/uploads\/2015\/08\/image-00014.jpg","contentUrl":"http:\/\/www.sectionclinique-rennes.fr\/nuevo\/wp-content\/uploads\/2015\/08\/image-00014.jpg","width":1772,"height":2481},{"@type":"BreadcrumbList","@id":"http:\/\/www.sectionclinique-rennes.fr\/nuevo\/themes\/2014-2015\/#breadcrumb","itemListElement":[{"@type":"ListItem","position":1,"name":"Accueil","item":"http:\/\/www.sectionclinique-rennes.fr\/nuevo\/"},{"@type":"ListItem","position":2,"name":"Th\u00e8mes","item":"https:\/\/www.sectionclinique-rennes.fr\/nuevo\/themes\/"},{"@type":"ListItem","position":3,"name":"2014-2015"}]},{"@type":"WebSite","@id":"http:\/\/www.sectionclinique-rennes.fr\/nuevo\/#website","url":"http:\/\/www.sectionclinique-rennes.fr\/nuevo\/","name":"La Section clinique de Rennes","description":"Association UFORCA","publisher":{"@id":"http:\/\/www.sectionclinique-rennes.fr\/nuevo\/#organization"},"potentialAction":[{"@type":"SearchAction","target":{"@type":"EntryPoint","urlTemplate":"http:\/\/www.sectionclinique-rennes.fr\/nuevo\/?s={search_term_string}"},"query-input":{"@type":"PropertyValueSpecification","valueRequired":true,"valueName":"search_term_string"}}],"inLanguage":"fr-FR"},{"@type":"Organization","@id":"http:\/\/www.sectionclinique-rennes.fr\/nuevo\/#organization","name":"Section clinique de Rennes - Association UFORCA","url":"http:\/\/www.sectionclinique-rennes.fr\/nuevo\/","logo":{"@type":"ImageObject","inLanguage":"fr-FR","@id":"http:\/\/www.sectionclinique-rennes.fr\/nuevo\/#\/schema\/logo\/image\/","url":"http:\/\/www.sectionclinique-rennes.fr\/nuevo\/wp-content\/uploads\/2015\/08\/logo.png","contentUrl":"http:\/\/www.sectionclinique-rennes.fr\/nuevo\/wp-content\/uploads\/2015\/08\/logo.png","width":1199,"height":276,"caption":"Section clinique de Rennes - Association UFORCA"},"image":{"@id":"http:\/\/www.sectionclinique-rennes.fr\/nuevo\/#\/schema\/logo\/image\/"}}]}},"_links":{"self":[{"href":"http:\/\/www.sectionclinique-rennes.fr\/nuevo\/wp-json\/wp\/v2\/pages\/223","targetHints":{"allow":["GET"]}}],"collection":[{"href":"http:\/\/www.sectionclinique-rennes.fr\/nuevo\/wp-json\/wp\/v2\/pages"}],"about":[{"href":"http:\/\/www.sectionclinique-rennes.fr\/nuevo\/wp-json\/wp\/v2\/types\/page"}],"author":[{"embeddable":true,"href":"http:\/\/www.sectionclinique-rennes.fr\/nuevo\/wp-json\/wp\/v2\/users\/5"}],"replies":[{"embeddable":true,"href":"http:\/\/www.sectionclinique-rennes.fr\/nuevo\/wp-json\/wp\/v2\/comments?post=223"}],"version-history":[{"count":26,"href":"http:\/\/www.sectionclinique-rennes.fr\/nuevo\/wp-json\/wp\/v2\/pages\/223\/revisions"}],"predecessor-version":[{"id":2943,"href":"http:\/\/www.sectionclinique-rennes.fr\/nuevo\/wp-json\/wp\/v2\/pages\/223\/revisions\/2943"}],"up":[{"embeddable":true,"href":"http:\/\/www.sectionclinique-rennes.fr\/nuevo\/wp-json\/wp\/v2\/pages\/19"}],"wp:attachment":[{"href":"http:\/\/www.sectionclinique-rennes.fr\/nuevo\/wp-json\/wp\/v2\/media?parent=223"}],"curies":[{"name":"wp","href":"https:\/\/api.w.org\/{rel}","templated":true}]}}