{"id":225,"date":"2015-08-21T23:54:41","date_gmt":"2015-08-21T22:54:41","guid":{"rendered":"http:\/\/www.sectionclinique-rennes.fr\/nuevo\/?page_id=225"},"modified":"2022-06-22T14:53:45","modified_gmt":"2022-06-22T13:53:45","slug":"seminaire-theorique","status":"publish","type":"page","link":"http:\/\/www.sectionclinique-rennes.fr\/nuevo\/themes\/2014-2015\/seminaire-theorique\/","title":{"rendered":"S\u00e9minaires th\u00e9oriques"},"content":{"rendered":"<p>&nbsp;<\/p>\n<h3 style=\"text-align: left;\" align=\"justify\"><span style=\"color: #339966;\"><strong>Lecture et commentaire du S\u00e9minaire XVI de Jacques Lacan\u00a0: <em>D\u2019un Autre \u00e0 l\u2019autre<\/em>.<\/strong><\/span><\/h3>\n<p align=\"justify\"><em>Texte \u00e9tabli par Jacques-Alain Miller, \u00c9ditions du Seuil<\/em><\/p>\n<p>&nbsp;<\/p>\n<p align=\"justify\">Dans son Ouverture de la Section clinique de Vincennes, le 5 janvier 1977, Lacan propose que la section qui s\u2019intitule \u00ab De la clinique psychanalytique, soit une fa\u00e7on d\u2019interroger le psychanalyste, de le presser de d\u00e9clarer ses raisons. \u00bb (1)<\/p>\n<p align=\"justify\">La lecture du S\u00e9minaire XVI, \u00ab\u00a0D\u2019un Autre \u00e0 l\u2019autre\u00a0\u00bb, prononc\u00e9 en 1968-69, r\u00e9pond \u00e0 cette vis\u00e9e de Lacan. Ce s\u00e9minaire fonde la clinique dans la structure. Ainsi, vouloir savoir et r\u00e9soudre \u00ab\u00a0ce qui fait n\u0153ud pour le n\u00e9vros\u00e9\u00a0\u00bb\u00a0(2)\u00a0n\u00e9cessite de se rep\u00e9rer dans la logique par laquelle \u00ab\u00a0la structure du sujet fait drame.\u00a0\u00bb (3) Cette d\u00e9marche logique est aussi valable pour la perversion et la psychose, le s\u00e9minaire le d\u00e9montre.<\/p>\n<p align=\"justify\">Le S\u00e9minaire XVI est une \u00e9laboration logique du concept de jouissance, entre l\u2019inconsistance de l\u2019Autre et la consistance logique de l\u2019objet.<\/p>\n<p align=\"justify\">La premi\u00e8re partie introduit l\u2019inconsistance de l\u2019Autre en remaniant la valeur jusqu\u2019ici accord\u00e9e \u00e0 S de grand A barr\u00e9, et ouvre au d\u00e9bat entre \u00eatre et existence qui m\u00e8ne \u00e0 l\u2019enjeu du pari de Pascal. \u00ab\u00a0Dieu est, \u00e7a ne fait aucune esp\u00e8ce de doute, \u00e7a ne prouve absolument pas qu\u2019il existe. La question ne se pose pas. Mais il faut savoir si <em>Je<\/em> existe. \u00bb\u00a0(4)\u00a0La qu\u00eate de Lacan avec Pascal nous oriente du Je \u00e0 la cause, soit l\u2019objet a et la perte inh\u00e9rente au signifiant qui s\u00e9pare le sujet de l\u2019Autre. La perte ouvre sur la r\u00e9p\u00e9tition et Lacan cherche, avec la suite de Fibonacci ce qui ferait r\u00e9glage entre 1 et a, entre signifiant et jouissance. \u00ab\u00a0Comment figurer ce qui se perd dans le fait de poser arbitrairement le 1 inaugural, r\u00e9duit \u00e0 sa fonction de marque\u00a0?\u00a0\u00bb (5)\u00a0Au c\u0153ur de cette qu\u00eate logico-math\u00e9matique sur le pari, il y a le r\u00e9el qui fait trou dans l\u2019Autre, et la question de l\u2019acte\u00a0: \u00ab\u00a0Il n\u2019y a d\u2019autre jeu que de risquer le tout pour le tout, que c\u2019est m\u00eame \u00e7a qui s\u2019appelle agir tout court.\u00a0\u00bb\u00a0(6)<\/p>\n<p align=\"justify\">Les trois parties suivantes concernent la jouissance\u00a0: son champ, son r\u00e9el, sa logique. Lacan se s\u00e9pare du pathos colorant le S\u00e9minaire \u00ab\u00a0L\u2019\u00e9thique de la psychanalyse\u00a0\u00bb pour donner \u00e0 la jouissance son statut de fonction logique. La pulsion est revisit\u00e9e sur la th\u00e8se d\u2019une \u00ab\u00a0conjonction de la logique et de la corpor\u00e9it\u00e9.\u00a0\u00bb Ceci am\u00e8ne Lacan \u00e0 s\u2019interroger sur le ressort qui peut faire de la jouissance de bord un \u00e9quivalent de la jouissance sexuelle\u00a0(7). Sublimation et perversion viennent indiquer \u00ab\u00a0comment un trou topologique peut fixer \u00e0 soi seul une conduite subjective. \u00bb\u00a0(8)<\/p>\n<p align=\"justify\">Le r\u00e9el de la jouissance concerne ce trou en tant qu\u2019enforme de l\u2019Autre. Comme l\u2019indique Jacques-Alain Miller\u00a0(9), il s\u2019agit l\u00e0 de rep\u00e9rer dans le sujet \u00ab\u00a0un repr\u00e9sentant qui soit plus originel que le signifiant.\u00a0\u00bb Lacan d\u00e9cline les \u00ab\u00a0effa\u00e7ons\u00a0\u00bb dans les modalit\u00e9s logiques et corporelles de l\u2019objet par lesquelles s\u2019inscrit le sujet de ne pouvoir qu\u2019\u00eatre repr\u00e9sent\u00e9. L\u2019enjeu d\u2019une analyse est saisi comme jonction entre l\u2019objet \u00ab\u00a0o\u00f9 le sujet peut retrouver son essence r\u00e9elle comme manque \u00e0 jouir, et rien de plus, [&#8230;] et le champ de l\u2019Autre, en tant que s\u2019y ordonne le savoir. \u00bb\u00a0(10)<\/p>\n<p align=\"justify\">N\u00e9vroses et perversions sont relues sur fond de jouissance \u00e0 d\u00e9masquer dans le sympt\u00f4me, en tant qu\u2019indicible.<\/p>\n<p align=\"justify\">La logique de la cure trouve son ressort dans la logique de la jouissance. La fin de l\u2019analyse et la passe, dont Lacan a fait la proposition l\u2019ann\u00e9e pr\u00e9c\u00e9dente, s\u2019orientent de la structure qui commande l\u2019acte analytique.<\/p>\n<p align=\"justify\">C\u2019est aussi ce qui fonde la valeur politique de ce S\u00e9minaire, prononc\u00e9 \u00e0 une \u00e9poque o\u00f9 la fonction du p\u00e8re et celle de la jouissance sont particuli\u00e8rement interrog\u00e9es dans la civilisation.<\/p>\n<hr \/>\n<h6 class=\"spip\" align=\"justify\">1. Lacan J., Ouverture de la section clinique, Ornicar ? n\u00b0 9. Texte\u00a0disponible \u00e9galement sur le site de l&rsquo;Ecole de la Cause Freudienne<br \/>\n2.\u00a0Lacan J., Le S\u00e9minaire, livre xvi, D&rsquo;un Autre \u00e0 l&rsquo;autre, p.278<br \/>\n3.\u00a0<em>Ibid.<\/em>,\u00ad p.\u00ad322<br \/>\n4.\u00a0<em>Ibid.<\/em>, \u00adp.\u00ad103-104<br \/>\n5.\u00a0<em>Ibid<\/em>.,\u00ad p.\u00ad139<br \/>\n6.\u00a0<em>Ibid.<\/em>, \u00adp.\u00ad178<br \/>\n7.\u00a0<em>Ibid<\/em>.,\u00ad p.\u00ad229<br \/>\n8.\u00a0<em>Ibid<\/em>., \u00adp.\u00ad259<br \/>\n9.\u00a0Se reporter \u00e0 la revue <em>La Cause freudienne<\/em> n\u00b0 64 \u00e0 67 pour lire sa sa pr\u00e9sentation du S\u00e9minaire XVI<br \/>\n10.\u00a0<em>Op. cit.<\/em>, \u00adp.\u00ad322<\/h6>\n<hr \/>\n<p><span style=\"color: #339966;\">Liens vers les autres pages du th\u00e8me :<\/span><\/p>\n<p><a href=\"http:\/\/www.sectionclinique-rennes.fr\/nuevo\/themes\/2014-2015\/les-seminaires-de-textes\/\" target=\"_blank\" rel=\"noopener\">S\u00e9minaires de textes<\/a><\/p>\n<p><a href=\"http:\/\/www.sectionclinique-rennes.fr\/nuevo\/themes\/2014-2015\/le-seminaire-detude-et-de-recherche-cercle\/\" target=\"_blank\" rel=\"noopener\">S\u00e9minaire du Cercle<\/a><\/p>\n<p>&nbsp;<\/p>\n<h6 style=\"font-weight: 400;\"><strong><em>Derni\u00e8re modification : 26\/09\/2015<\/em><\/strong><\/h6>\n","protected":false},"excerpt":{"rendered":"<p>&nbsp; Lecture et commentaire du S\u00e9minaire XVI de Jacques Lacan\u00a0: D\u2019un Autre \u00e0 l\u2019autre. Texte \u00e9tabli par Jacques-Alain Miller, \u00c9ditions du Seuil &nbsp; Dans son Ouverture de la Section clinique de Vincennes, le 5 janvier 1977, Lacan propose que la section qui s\u2019intitule \u00ab De la clinique psychanalytique, soit une\u2026<\/p>\n<p> <a class=\"continue-reading-link\" href=\"http:\/\/www.sectionclinique-rennes.fr\/nuevo\/themes\/2014-2015\/seminaire-theorique\/\"><span>Continue reading<\/span><i class=\"crycon-right-dir\"><\/i><\/a> <\/p>\n","protected":false},"author":5,"featured_media":0,"parent":223,"menu_order":1,"comment_status":"closed","ping_status":"closed","template":"","meta":{"_monsterinsights_skip_tracking":false,"_monsterinsights_sitenote_active":false,"_monsterinsights_sitenote_note":"","_monsterinsights_sitenote_category":0,"footnotes":""},"class_list":["post-225","page","type-page","status-publish","hentry"],"yoast_head":"<!-- This site is optimized with the Yoast SEO plugin v25.5 - https:\/\/yoast.com\/wordpress\/plugins\/seo\/ -->\n<title>S\u00e9minaires th\u00e9oriques - La Section clinique de Rennes<\/title>\n<meta name=\"robots\" content=\"index, follow, max-snippet:-1, max-image-preview:large, max-video-preview:-1\" \/>\n<link rel=\"canonical\" href=\"http:\/\/www.sectionclinique-rennes.fr\/nuevo\/themes\/2014-2015\/seminaire-theorique\/\" \/>\n<meta property=\"og:locale\" content=\"fr_FR\" \/>\n<meta property=\"og:type\" content=\"article\" \/>\n<meta property=\"og:title\" content=\"S\u00e9minaires th\u00e9oriques - La Section clinique de Rennes\" \/>\n<meta property=\"og:description\" content=\"&nbsp; Lecture et commentaire du S\u00e9minaire XVI de Jacques Lacan\u00a0: D\u2019un Autre \u00e0 l\u2019autre. Texte \u00e9tabli par Jacques-Alain Miller, \u00c9ditions du Seuil &nbsp; Dans son Ouverture de la Section clinique de Vincennes, le 5 janvier 1977, Lacan propose que la section qui s\u2019intitule \u00ab De la clinique psychanalytique, soit une\u2026 Continue reading\" \/>\n<meta property=\"og:url\" content=\"http:\/\/www.sectionclinique-rennes.fr\/nuevo\/themes\/2014-2015\/seminaire-theorique\/\" \/>\n<meta property=\"og:site_name\" content=\"La Section clinique de Rennes\" \/>\n<meta property=\"article:modified_time\" content=\"2022-06-22T13:53:45+00:00\" \/>\n<meta name=\"twitter:card\" content=\"summary_large_image\" \/>\n<meta name=\"twitter:label1\" content=\"Dur\u00e9e de lecture estim\u00e9e\" \/>\n\t<meta name=\"twitter:data1\" content=\"4 minutes\" \/>\n<script type=\"application\/ld+json\" class=\"yoast-schema-graph\">{\"@context\":\"https:\/\/schema.org\",\"@graph\":[{\"@type\":\"WebPage\",\"@id\":\"http:\/\/www.sectionclinique-rennes.fr\/nuevo\/themes\/2014-2015\/seminaire-theorique\/\",\"url\":\"http:\/\/www.sectionclinique-rennes.fr\/nuevo\/themes\/2014-2015\/seminaire-theorique\/\",\"name\":\"S\u00e9minaires th\u00e9oriques - La Section clinique de Rennes\",\"isPartOf\":{\"@id\":\"http:\/\/www.sectionclinique-rennes.fr\/nuevo\/#website\"},\"datePublished\":\"2015-08-21T22:54:41+00:00\",\"dateModified\":\"2022-06-22T13:53:45+00:00\",\"breadcrumb\":{\"@id\":\"http:\/\/www.sectionclinique-rennes.fr\/nuevo\/themes\/2014-2015\/seminaire-theorique\/#breadcrumb\"},\"inLanguage\":\"fr-FR\",\"potentialAction\":[{\"@type\":\"ReadAction\",\"target\":[\"http:\/\/www.sectionclinique-rennes.fr\/nuevo\/themes\/2014-2015\/seminaire-theorique\/\"]}]},{\"@type\":\"BreadcrumbList\",\"@id\":\"http:\/\/www.sectionclinique-rennes.fr\/nuevo\/themes\/2014-2015\/seminaire-theorique\/#breadcrumb\",\"itemListElement\":[{\"@type\":\"ListItem\",\"position\":1,\"name\":\"Accueil\",\"item\":\"http:\/\/www.sectionclinique-rennes.fr\/nuevo\/\"},{\"@type\":\"ListItem\",\"position\":2,\"name\":\"Th\u00e8mes\",\"item\":\"https:\/\/www.sectionclinique-rennes.fr\/nuevo\/themes\/\"},{\"@type\":\"ListItem\",\"position\":3,\"name\":\"2014-2015\",\"item\":\"http:\/\/www.sectionclinique-rennes.fr\/nuevo\/themes\/2014-2015\/\"},{\"@type\":\"ListItem\",\"position\":4,\"name\":\"S\u00e9minaires th\u00e9oriques\"}]},{\"@type\":\"WebSite\",\"@id\":\"http:\/\/www.sectionclinique-rennes.fr\/nuevo\/#website\",\"url\":\"http:\/\/www.sectionclinique-rennes.fr\/nuevo\/\",\"name\":\"La Section clinique de Rennes\",\"description\":\"Association UFORCA\",\"publisher\":{\"@id\":\"http:\/\/www.sectionclinique-rennes.fr\/nuevo\/#organization\"},\"potentialAction\":[{\"@type\":\"SearchAction\",\"target\":{\"@type\":\"EntryPoint\",\"urlTemplate\":\"http:\/\/www.sectionclinique-rennes.fr\/nuevo\/?s={search_term_string}\"},\"query-input\":{\"@type\":\"PropertyValueSpecification\",\"valueRequired\":true,\"valueName\":\"search_term_string\"}}],\"inLanguage\":\"fr-FR\"},{\"@type\":\"Organization\",\"@id\":\"http:\/\/www.sectionclinique-rennes.fr\/nuevo\/#organization\",\"name\":\"Section clinique de Rennes - Association UFORCA\",\"url\":\"http:\/\/www.sectionclinique-rennes.fr\/nuevo\/\",\"logo\":{\"@type\":\"ImageObject\",\"inLanguage\":\"fr-FR\",\"@id\":\"http:\/\/www.sectionclinique-rennes.fr\/nuevo\/#\/schema\/logo\/image\/\",\"url\":\"http:\/\/www.sectionclinique-rennes.fr\/nuevo\/wp-content\/uploads\/2015\/08\/logo.png\",\"contentUrl\":\"http:\/\/www.sectionclinique-rennes.fr\/nuevo\/wp-content\/uploads\/2015\/08\/logo.png\",\"width\":1199,\"height\":276,\"caption\":\"Section clinique de Rennes - Association UFORCA\"},\"image\":{\"@id\":\"http:\/\/www.sectionclinique-rennes.fr\/nuevo\/#\/schema\/logo\/image\/\"}}]}<\/script>\n<!-- \/ Yoast SEO plugin. -->","yoast_head_json":{"title":"S\u00e9minaires th\u00e9oriques - La Section clinique de Rennes","robots":{"index":"index","follow":"follow","max-snippet":"max-snippet:-1","max-image-preview":"max-image-preview:large","max-video-preview":"max-video-preview:-1"},"canonical":"http:\/\/www.sectionclinique-rennes.fr\/nuevo\/themes\/2014-2015\/seminaire-theorique\/","og_locale":"fr_FR","og_type":"article","og_title":"S\u00e9minaires th\u00e9oriques - La Section clinique de Rennes","og_description":"&nbsp; Lecture et commentaire du S\u00e9minaire XVI de Jacques Lacan\u00a0: D\u2019un Autre \u00e0 l\u2019autre. Texte \u00e9tabli par Jacques-Alain Miller, \u00c9ditions du Seuil &nbsp; Dans son Ouverture de la Section clinique de Vincennes, le 5 janvier 1977, Lacan propose que la section qui s\u2019intitule \u00ab De la clinique psychanalytique, soit une\u2026 Continue reading","og_url":"http:\/\/www.sectionclinique-rennes.fr\/nuevo\/themes\/2014-2015\/seminaire-theorique\/","og_site_name":"La Section clinique de Rennes","article_modified_time":"2022-06-22T13:53:45+00:00","twitter_card":"summary_large_image","twitter_misc":{"Dur\u00e9e de lecture estim\u00e9e":"4 minutes"},"schema":{"@context":"https:\/\/schema.org","@graph":[{"@type":"WebPage","@id":"http:\/\/www.sectionclinique-rennes.fr\/nuevo\/themes\/2014-2015\/seminaire-theorique\/","url":"http:\/\/www.sectionclinique-rennes.fr\/nuevo\/themes\/2014-2015\/seminaire-theorique\/","name":"S\u00e9minaires th\u00e9oriques - La Section clinique de Rennes","isPartOf":{"@id":"http:\/\/www.sectionclinique-rennes.fr\/nuevo\/#website"},"datePublished":"2015-08-21T22:54:41+00:00","dateModified":"2022-06-22T13:53:45+00:00","breadcrumb":{"@id":"http:\/\/www.sectionclinique-rennes.fr\/nuevo\/themes\/2014-2015\/seminaire-theorique\/#breadcrumb"},"inLanguage":"fr-FR","potentialAction":[{"@type":"ReadAction","target":["http:\/\/www.sectionclinique-rennes.fr\/nuevo\/themes\/2014-2015\/seminaire-theorique\/"]}]},{"@type":"BreadcrumbList","@id":"http:\/\/www.sectionclinique-rennes.fr\/nuevo\/themes\/2014-2015\/seminaire-theorique\/#breadcrumb","itemListElement":[{"@type":"ListItem","position":1,"name":"Accueil","item":"http:\/\/www.sectionclinique-rennes.fr\/nuevo\/"},{"@type":"ListItem","position":2,"name":"Th\u00e8mes","item":"https:\/\/www.sectionclinique-rennes.fr\/nuevo\/themes\/"},{"@type":"ListItem","position":3,"name":"2014-2015","item":"http:\/\/www.sectionclinique-rennes.fr\/nuevo\/themes\/2014-2015\/"},{"@type":"ListItem","position":4,"name":"S\u00e9minaires th\u00e9oriques"}]},{"@type":"WebSite","@id":"http:\/\/www.sectionclinique-rennes.fr\/nuevo\/#website","url":"http:\/\/www.sectionclinique-rennes.fr\/nuevo\/","name":"La Section clinique de Rennes","description":"Association UFORCA","publisher":{"@id":"http:\/\/www.sectionclinique-rennes.fr\/nuevo\/#organization"},"potentialAction":[{"@type":"SearchAction","target":{"@type":"EntryPoint","urlTemplate":"http:\/\/www.sectionclinique-rennes.fr\/nuevo\/?s={search_term_string}"},"query-input":{"@type":"PropertyValueSpecification","valueRequired":true,"valueName":"search_term_string"}}],"inLanguage":"fr-FR"},{"@type":"Organization","@id":"http:\/\/www.sectionclinique-rennes.fr\/nuevo\/#organization","name":"Section clinique de Rennes - Association UFORCA","url":"http:\/\/www.sectionclinique-rennes.fr\/nuevo\/","logo":{"@type":"ImageObject","inLanguage":"fr-FR","@id":"http:\/\/www.sectionclinique-rennes.fr\/nuevo\/#\/schema\/logo\/image\/","url":"http:\/\/www.sectionclinique-rennes.fr\/nuevo\/wp-content\/uploads\/2015\/08\/logo.png","contentUrl":"http:\/\/www.sectionclinique-rennes.fr\/nuevo\/wp-content\/uploads\/2015\/08\/logo.png","width":1199,"height":276,"caption":"Section clinique de Rennes - Association UFORCA"},"image":{"@id":"http:\/\/www.sectionclinique-rennes.fr\/nuevo\/#\/schema\/logo\/image\/"}}]}},"_links":{"self":[{"href":"http:\/\/www.sectionclinique-rennes.fr\/nuevo\/wp-json\/wp\/v2\/pages\/225","targetHints":{"allow":["GET"]}}],"collection":[{"href":"http:\/\/www.sectionclinique-rennes.fr\/nuevo\/wp-json\/wp\/v2\/pages"}],"about":[{"href":"http:\/\/www.sectionclinique-rennes.fr\/nuevo\/wp-json\/wp\/v2\/types\/page"}],"author":[{"embeddable":true,"href":"http:\/\/www.sectionclinique-rennes.fr\/nuevo\/wp-json\/wp\/v2\/users\/5"}],"replies":[{"embeddable":true,"href":"http:\/\/www.sectionclinique-rennes.fr\/nuevo\/wp-json\/wp\/v2\/comments?post=225"}],"version-history":[{"count":17,"href":"http:\/\/www.sectionclinique-rennes.fr\/nuevo\/wp-json\/wp\/v2\/pages\/225\/revisions"}],"predecessor-version":[{"id":2944,"href":"http:\/\/www.sectionclinique-rennes.fr\/nuevo\/wp-json\/wp\/v2\/pages\/225\/revisions\/2944"}],"up":[{"embeddable":true,"href":"http:\/\/www.sectionclinique-rennes.fr\/nuevo\/wp-json\/wp\/v2\/pages\/223"}],"wp:attachment":[{"href":"http:\/\/www.sectionclinique-rennes.fr\/nuevo\/wp-json\/wp\/v2\/media?parent=225"}],"curies":[{"name":"wp","href":"https:\/\/api.w.org\/{rel}","templated":true}]}}