{"id":2347,"date":"2020-09-25T13:09:41","date_gmt":"2020-09-25T12:09:41","guid":{"rendered":"http:\/\/www.sectionclinique-rennes.fr\/nuevo\/?page_id=2347"},"modified":"2022-06-21T20:14:40","modified_gmt":"2022-06-21T19:14:40","slug":"seminaire-theorique","status":"publish","type":"page","link":"http:\/\/www.sectionclinique-rennes.fr\/nuevo\/etudes\/la-section-clinique\/edition-2020-2021\/seminaire-theorique\/","title":{"rendered":"S\u00e9minaire th\u00e9orique"},"content":{"rendered":"\r\n<h2 class=\"has-vivid-cyan-blue-color has-text-color wp-block-heading\"><strong><em><span style=\"color: #993366;\">Le transfert dans l&rsquo;enseignement de Lacan<\/span><br \/><\/em><\/strong><\/h2>\r\n\r\n\r\n\r\n<p class=\"has-background has-normal-font-size has-pale-cyan-blue-background-color\"><strong>Le vendredi soir de 21h \u00e0 23h avec les enseignants de la Section clinique<\/strong><\/p>\r\n<p><em>Les vendredis <\/em><em>26 novembre 2021 ; 10 d\u00e9cembre 2021 ; 7 janvier 2022 ; <\/em><em>18 mars 2022\u00a0; 29 avril 2022\u00a0; 13 mai 2022\u00a0; 24 juin 2022<\/em><\/p>\r\n<ul>\r\n<li>\r\n<p>Pierre-Gilles\u00a0Gu\u00e9guen\u00a0: Ouverture<\/p>\r\n<\/li>\r\n<li>\r\n<p>Beno\u00eet Delarue : Le transfert n\u00e9gatif<\/p>\r\n<\/li>\r\n<li>\r\n<p>Sophie\u00a0Marret-Maleval : Le transfert est la d\u00e9couverte de la v\u00e9rit\u00e9 de l\u2019amour<\/p>\r\n<\/li>\r\n<li>\r\n<p>Fr\u00e9d\u00e9rique Bouvet\u00a0: Actualit\u00e9 du contre-transfert<\/p>\r\n<\/li>\r\n<li>\r\n<p>Myriam\u00a0Ch\u00e9rel : Le transfert au temps de l\u2019Autre qui n\u2019existe pas<\/p>\r\n<\/li>\r\n<li>\r\n<p>Emmanuelle Borgnis-Desbordes\u00a0: Transfert et d\u00e9sir de l\u2019analyste<\/p>\r\n<\/li>\r\n<li>\r\n<p>Jean Luc\u00a0Monnier : Transfert et interpr\u00e9tation<\/p>\r\n<\/li>\r\n<li>\u00a0<\/li>\r\n<\/ul>\r\n<h6><strong><em>Derni\u00e8re modification : 11\/06\/2022<\/em><\/strong><\/h6>\r\n","protected":false},"excerpt":{"rendered":"<p>Le transfert dans l&rsquo;enseignement de Lacan Le vendredi soir de 21h \u00e0 23h avec les enseignants de la Section clinique Les vendredis 26 novembre 2021 ; 10 d\u00e9cembre 2021 ; 7 janvier 2022 ; 18 mars 2022\u00a0; 29 avril 2022\u00a0; 13 mai 2022\u00a0; 24 juin 2022 Pierre-Gilles\u00a0Gu\u00e9guen\u00a0: Ouverture Beno\u00eet Delarue\u2026<\/p>\n<p> <a class=\"continue-reading-link\" href=\"http:\/\/www.sectionclinique-rennes.fr\/nuevo\/etudes\/la-section-clinique\/edition-2020-2021\/seminaire-theorique\/\"><span>Continue reading<\/span><i class=\"crycon-right-dir\"><\/i><\/a> <\/p>\n","protected":false},"author":5,"featured_media":0,"parent":2339,"menu_order":0,"comment_status":"closed","ping_status":"closed","template":"","meta":{"_monsterinsights_skip_tracking":false,"_monsterinsights_sitenote_active":false,"_monsterinsights_sitenote_note":"","_monsterinsights_sitenote_category":0,"footnotes":""},"class_list":["post-2347","page","type-page","status-publish","hentry"],"yoast_head":"<!-- This site is optimized with the Yoast SEO plugin v25.5 - https:\/\/yoast.com\/wordpress\/plugins\/seo\/ -->\n<title>S\u00e9minaire th\u00e9orique - La Section clinique de Rennes<\/title>\n<meta name=\"robots\" content=\"index, follow, max-snippet:-1, max-image-preview:large, max-video-preview:-1\" \/>\n<link rel=\"canonical\" href=\"http:\/\/www.sectionclinique-rennes.fr\/nuevo\/etudes\/la-section-clinique\/edition-2020-2021\/seminaire-theorique\/\" \/>\n<meta property=\"og:locale\" content=\"fr_FR\" \/>\n<meta property=\"og:type\" content=\"article\" \/>\n<meta property=\"og:title\" content=\"S\u00e9minaire th\u00e9orique - La Section clinique de Rennes\" \/>\n<meta property=\"og:description\" content=\"Le transfert dans l&rsquo;enseignement de Lacan Le vendredi soir de 21h \u00e0 23h avec les enseignants de la Section clinique Les vendredis 26 novembre 2021 ; 10 d\u00e9cembre 2021 ; 7 janvier 2022 ; 18 mars 2022\u00a0; 29 avril 2022\u00a0; 13 mai 2022\u00a0; 24 juin 2022 Pierre-Gilles\u00a0Gu\u00e9guen\u00a0: Ouverture Beno\u00eet Delarue\u2026 Continue reading\" \/>\n<meta property=\"og:url\" content=\"http:\/\/www.sectionclinique-rennes.fr\/nuevo\/etudes\/la-section-clinique\/edition-2020-2021\/seminaire-theorique\/\" \/>\n<meta property=\"og:site_name\" content=\"La Section clinique de Rennes\" \/>\n<meta property=\"article:modified_time\" content=\"2022-06-21T19:14:40+00:00\" \/>\n<meta name=\"twitter:card\" content=\"summary_large_image\" \/>\n<meta name=\"twitter:label1\" content=\"Dur\u00e9e de lecture estim\u00e9e\" \/>\n\t<meta name=\"twitter:data1\" content=\"1 minute\" \/>\n<script type=\"application\/ld+json\" class=\"yoast-schema-graph\">{\"@context\":\"https:\/\/schema.org\",\"@graph\":[{\"@type\":\"WebPage\",\"@id\":\"http:\/\/www.sectionclinique-rennes.fr\/nuevo\/etudes\/la-section-clinique\/edition-2020-2021\/seminaire-theorique\/\",\"url\":\"http:\/\/www.sectionclinique-rennes.fr\/nuevo\/etudes\/la-section-clinique\/edition-2020-2021\/seminaire-theorique\/\",\"name\":\"S\u00e9minaire th\u00e9orique - La Section clinique de Rennes\",\"isPartOf\":{\"@id\":\"http:\/\/www.sectionclinique-rennes.fr\/nuevo\/#website\"},\"datePublished\":\"2020-09-25T12:09:41+00:00\",\"dateModified\":\"2022-06-21T19:14:40+00:00\",\"breadcrumb\":{\"@id\":\"http:\/\/www.sectionclinique-rennes.fr\/nuevo\/etudes\/la-section-clinique\/edition-2020-2021\/seminaire-theorique\/#breadcrumb\"},\"inLanguage\":\"fr-FR\",\"potentialAction\":[{\"@type\":\"ReadAction\",\"target\":[\"http:\/\/www.sectionclinique-rennes.fr\/nuevo\/etudes\/la-section-clinique\/edition-2020-2021\/seminaire-theorique\/\"]}]},{\"@type\":\"BreadcrumbList\",\"@id\":\"http:\/\/www.sectionclinique-rennes.fr\/nuevo\/etudes\/la-section-clinique\/edition-2020-2021\/seminaire-theorique\/#breadcrumb\",\"itemListElement\":[{\"@type\":\"ListItem\",\"position\":1,\"name\":\"Accueil\",\"item\":\"http:\/\/www.sectionclinique-rennes.fr\/nuevo\/\"},{\"@type\":\"ListItem\",\"position\":2,\"name\":\"Pr\u00e9sentation\",\"item\":\"http:\/\/www.sectionclinique-rennes.fr\/nuevo\/etudes\/\"},{\"@type\":\"ListItem\",\"position\":3,\"name\":\"Section Clinique\",\"item\":\"http:\/\/www.sectionclinique-rennes.fr\/nuevo\/etudes\/la-section-clinique\/\"},{\"@type\":\"ListItem\",\"position\":4,\"name\":\"2021-2022\",\"item\":\"http:\/\/www.sectionclinique-rennes.fr\/nuevo\/etudes\/la-section-clinique\/edition-2020-2021\/\"},{\"@type\":\"ListItem\",\"position\":5,\"name\":\"S\u00e9minaire th\u00e9orique\"}]},{\"@type\":\"WebSite\",\"@id\":\"http:\/\/www.sectionclinique-rennes.fr\/nuevo\/#website\",\"url\":\"http:\/\/www.sectionclinique-rennes.fr\/nuevo\/\",\"name\":\"La Section clinique de Rennes\",\"description\":\"Association UFORCA\",\"publisher\":{\"@id\":\"http:\/\/www.sectionclinique-rennes.fr\/nuevo\/#organization\"},\"potentialAction\":[{\"@type\":\"SearchAction\",\"target\":{\"@type\":\"EntryPoint\",\"urlTemplate\":\"http:\/\/www.sectionclinique-rennes.fr\/nuevo\/?s={search_term_string}\"},\"query-input\":{\"@type\":\"PropertyValueSpecification\",\"valueRequired\":true,\"valueName\":\"search_term_string\"}}],\"inLanguage\":\"fr-FR\"},{\"@type\":\"Organization\",\"@id\":\"http:\/\/www.sectionclinique-rennes.fr\/nuevo\/#organization\",\"name\":\"Section clinique de Rennes - Association UFORCA\",\"url\":\"http:\/\/www.sectionclinique-rennes.fr\/nuevo\/\",\"logo\":{\"@type\":\"ImageObject\",\"inLanguage\":\"fr-FR\",\"@id\":\"http:\/\/www.sectionclinique-rennes.fr\/nuevo\/#\/schema\/logo\/image\/\",\"url\":\"http:\/\/www.sectionclinique-rennes.fr\/nuevo\/wp-content\/uploads\/2015\/08\/logo.png\",\"contentUrl\":\"http:\/\/www.sectionclinique-rennes.fr\/nuevo\/wp-content\/uploads\/2015\/08\/logo.png\",\"width\":1199,\"height\":276,\"caption\":\"Section clinique de Rennes - Association UFORCA\"},\"image\":{\"@id\":\"http:\/\/www.sectionclinique-rennes.fr\/nuevo\/#\/schema\/logo\/image\/\"}}]}<\/script>\n<!-- \/ Yoast SEO plugin. -->","yoast_head_json":{"title":"S\u00e9minaire th\u00e9orique - La Section clinique de Rennes","robots":{"index":"index","follow":"follow","max-snippet":"max-snippet:-1","max-image-preview":"max-image-preview:large","max-video-preview":"max-video-preview:-1"},"canonical":"http:\/\/www.sectionclinique-rennes.fr\/nuevo\/etudes\/la-section-clinique\/edition-2020-2021\/seminaire-theorique\/","og_locale":"fr_FR","og_type":"article","og_title":"S\u00e9minaire th\u00e9orique - La Section clinique de Rennes","og_description":"Le transfert dans l&rsquo;enseignement de Lacan Le vendredi soir de 21h \u00e0 23h avec les enseignants de la Section clinique Les vendredis 26 novembre 2021 ; 10 d\u00e9cembre 2021 ; 7 janvier 2022 ; 18 mars 2022\u00a0; 29 avril 2022\u00a0; 13 mai 2022\u00a0; 24 juin 2022 Pierre-Gilles\u00a0Gu\u00e9guen\u00a0: Ouverture Beno\u00eet Delarue\u2026 Continue reading","og_url":"http:\/\/www.sectionclinique-rennes.fr\/nuevo\/etudes\/la-section-clinique\/edition-2020-2021\/seminaire-theorique\/","og_site_name":"La Section clinique de Rennes","article_modified_time":"2022-06-21T19:14:40+00:00","twitter_card":"summary_large_image","twitter_misc":{"Dur\u00e9e de lecture estim\u00e9e":"1 minute"},"schema":{"@context":"https:\/\/schema.org","@graph":[{"@type":"WebPage","@id":"http:\/\/www.sectionclinique-rennes.fr\/nuevo\/etudes\/la-section-clinique\/edition-2020-2021\/seminaire-theorique\/","url":"http:\/\/www.sectionclinique-rennes.fr\/nuevo\/etudes\/la-section-clinique\/edition-2020-2021\/seminaire-theorique\/","name":"S\u00e9minaire th\u00e9orique - La Section clinique de Rennes","isPartOf":{"@id":"http:\/\/www.sectionclinique-rennes.fr\/nuevo\/#website"},"datePublished":"2020-09-25T12:09:41+00:00","dateModified":"2022-06-21T19:14:40+00:00","breadcrumb":{"@id":"http:\/\/www.sectionclinique-rennes.fr\/nuevo\/etudes\/la-section-clinique\/edition-2020-2021\/seminaire-theorique\/#breadcrumb"},"inLanguage":"fr-FR","potentialAction":[{"@type":"ReadAction","target":["http:\/\/www.sectionclinique-rennes.fr\/nuevo\/etudes\/la-section-clinique\/edition-2020-2021\/seminaire-theorique\/"]}]},{"@type":"BreadcrumbList","@id":"http:\/\/www.sectionclinique-rennes.fr\/nuevo\/etudes\/la-section-clinique\/edition-2020-2021\/seminaire-theorique\/#breadcrumb","itemListElement":[{"@type":"ListItem","position":1,"name":"Accueil","item":"http:\/\/www.sectionclinique-rennes.fr\/nuevo\/"},{"@type":"ListItem","position":2,"name":"Pr\u00e9sentation","item":"http:\/\/www.sectionclinique-rennes.fr\/nuevo\/etudes\/"},{"@type":"ListItem","position":3,"name":"Section Clinique","item":"http:\/\/www.sectionclinique-rennes.fr\/nuevo\/etudes\/la-section-clinique\/"},{"@type":"ListItem","position":4,"name":"2021-2022","item":"http:\/\/www.sectionclinique-rennes.fr\/nuevo\/etudes\/la-section-clinique\/edition-2020-2021\/"},{"@type":"ListItem","position":5,"name":"S\u00e9minaire th\u00e9orique"}]},{"@type":"WebSite","@id":"http:\/\/www.sectionclinique-rennes.fr\/nuevo\/#website","url":"http:\/\/www.sectionclinique-rennes.fr\/nuevo\/","name":"La Section clinique de Rennes","description":"Association UFORCA","publisher":{"@id":"http:\/\/www.sectionclinique-rennes.fr\/nuevo\/#organization"},"potentialAction":[{"@type":"SearchAction","target":{"@type":"EntryPoint","urlTemplate":"http:\/\/www.sectionclinique-rennes.fr\/nuevo\/?s={search_term_string}"},"query-input":{"@type":"PropertyValueSpecification","valueRequired":true,"valueName":"search_term_string"}}],"inLanguage":"fr-FR"},{"@type":"Organization","@id":"http:\/\/www.sectionclinique-rennes.fr\/nuevo\/#organization","name":"Section clinique de Rennes - Association UFORCA","url":"http:\/\/www.sectionclinique-rennes.fr\/nuevo\/","logo":{"@type":"ImageObject","inLanguage":"fr-FR","@id":"http:\/\/www.sectionclinique-rennes.fr\/nuevo\/#\/schema\/logo\/image\/","url":"http:\/\/www.sectionclinique-rennes.fr\/nuevo\/wp-content\/uploads\/2015\/08\/logo.png","contentUrl":"http:\/\/www.sectionclinique-rennes.fr\/nuevo\/wp-content\/uploads\/2015\/08\/logo.png","width":1199,"height":276,"caption":"Section clinique de Rennes - Association UFORCA"},"image":{"@id":"http:\/\/www.sectionclinique-rennes.fr\/nuevo\/#\/schema\/logo\/image\/"}}]}},"_links":{"self":[{"href":"http:\/\/www.sectionclinique-rennes.fr\/nuevo\/wp-json\/wp\/v2\/pages\/2347","targetHints":{"allow":["GET"]}}],"collection":[{"href":"http:\/\/www.sectionclinique-rennes.fr\/nuevo\/wp-json\/wp\/v2\/pages"}],"about":[{"href":"http:\/\/www.sectionclinique-rennes.fr\/nuevo\/wp-json\/wp\/v2\/types\/page"}],"author":[{"embeddable":true,"href":"http:\/\/www.sectionclinique-rennes.fr\/nuevo\/wp-json\/wp\/v2\/users\/5"}],"replies":[{"embeddable":true,"href":"http:\/\/www.sectionclinique-rennes.fr\/nuevo\/wp-json\/wp\/v2\/comments?post=2347"}],"version-history":[{"count":9,"href":"http:\/\/www.sectionclinique-rennes.fr\/nuevo\/wp-json\/wp\/v2\/pages\/2347\/revisions"}],"predecessor-version":[{"id":2898,"href":"http:\/\/www.sectionclinique-rennes.fr\/nuevo\/wp-json\/wp\/v2\/pages\/2347\/revisions\/2898"}],"up":[{"embeddable":true,"href":"http:\/\/www.sectionclinique-rennes.fr\/nuevo\/wp-json\/wp\/v2\/pages\/2339"}],"wp:attachment":[{"href":"http:\/\/www.sectionclinique-rennes.fr\/nuevo\/wp-json\/wp\/v2\/media?parent=2347"}],"curies":[{"name":"wp","href":"https:\/\/api.w.org\/{rel}","templated":true}]}}