{"id":2349,"date":"2020-09-25T13:10:20","date_gmt":"2020-09-25T12:10:20","guid":{"rendered":"http:\/\/www.sectionclinique-rennes.fr\/nuevo\/?page_id=2349"},"modified":"2022-06-21T20:11:05","modified_gmt":"2022-06-21T19:11:05","slug":"seminaire-de-textes","status":"publish","type":"page","link":"http:\/\/www.sectionclinique-rennes.fr\/nuevo\/etudes\/la-section-clinique\/edition-2020-2021\/seminaire-de-textes\/","title":{"rendered":"S\u00e9minaire de textes"},"content":{"rendered":"\r\n<div class=\"page\" title=\"Page 11\">\r\n<div class=\"section\">\r\n<div class=\"layoutArea\">\r\n<div class=\"column\">\r\n<h5><strong><em><span style=\"color: #993366;\">Le samedi de 14h \u00e0 15h15 avec Danie\u0300le Olive et Anne-Marie Le Mercier ; Dominique Carpentier et Emmanuelle Borgnis-Desbordes ; Michel Grollier et Ce\u0301cile Wojnarowski, en trois ateliers<\/span><\/em><\/strong><\/h5>\r\n<p>&nbsp;<\/p>\r\n<p>Commentaires des se\u0301quences choisies de la se\u0301rie <em>En the\u0301rapie<\/em> sur les the\u0300mes suivants :<\/p>\r\n<p style=\"padding-left: 40px;\"><br \/>&#8211; Trauma, appel a\u0300 l\u2019e\u0301coute et psychanalyse<\/p>\r\n<p style=\"padding-left: 40px;\">&#8211; L\u2019e\u0301rotomanie de transfert \/ amour de transfert<\/p>\r\n<p style=\"padding-left: 40px;\">&#8211; Le transfert ne\u0301gatif, le contre-transfert, l\u2019agressivite\u0301<\/p>\r\n<p style=\"padding-left: 40px;\">&#8211; Le contro\u0302le<\/p>\r\n<p style=\"padding-left: 40px;\">&#8211; La premie\u0300re se\u0301ance<\/p>\r\n<p style=\"padding-left: 40px;\">&#8211; Le transfert n\u2019est pas simplement la re\u0301pe\u0301tition<\/p>\r\n<p style=\"padding-left: 40px;\">&#8211; Le silence de l\u2019analyste et ses effets<\/p>\r\n<h5>\u00a0<\/h5>\r\n<h5><span style=\"color: #993366;\"><strong><em>Textes de re\u0301fe\u0301rence :<\/em><\/strong><\/span><\/h5>\r\n<p>Lacan J., Le Se\u0301minaire, livre VIII, Le Transfert, Paris, Seuil, 2001.<br \/>Lacan J., Le Se\u0301minaire, livre XI, Les Quatre concepts fondamentaux de la psychanalyse, Paris, Seuil, 1973.<br \/>Miller J.-A., Le Transfert ne\u0301gatif, Paris, coll. Rue Huysmans, 2006.<br \/>Miller J.-A., \u00ab L\u2019orientation lacanienne. Le banquet des analystes \u00bb, (1989-1990), enseignement prononce\u0301 dans le cadre du de\u0301partement de psychanalyse de l\u2019universite\u0301 Paris 8.<br \/>Miller J.-A., \u00ab L\u2019orientation lacanienne. Le lieu et le lien \u00bb, (2000-2001), enseignement prononce\u0301 dans le cadre du de\u0301partement de psychanalyse de l\u2019universite\u0301 Paris 8.<br \/>Leguil C., In treatment, Lost in therapy, Paris, PUF, 2013 (a\u0300 propos de la version ame\u0301ricaine d\u2019En the\u0301rapie).<\/p>\r\n<div class=\"page\" title=\"Page 11\">\r\n<div class=\"section\">\r\n<div class=\"layoutArea\">\r\n<div class=\"column\">\r\n<h5><strong><span style=\"color: #993366;\"><em>Et ce texte paru dans Lacan Quotidien n\u00b0 917 :<\/em><\/span><\/strong><\/h5>\r\n<p><strong>\u00ab En the\u0301rapie : une surprise bienvenue \u00bb &#8211; <\/strong><strong>Jean-Claude Maleval et Sophie Marret-Maleval<\/strong><\/p>\r\n<p>En the\u0301rapie, se\u0301rie diffuse\u0301e par Arte, re\u0301ussit a\u0300 faire e\u0301ve\u0301nement quant a\u0300 la re\u0301ception de la psy- chanalyse en France par la curiosite\u0301 nouvelle qu\u2019elle suscite pour sa pratique. Certes, ce qui se passe dans une psychanalyse ne saurait se mettre en images, les mots eux-me\u0302mes y manquent, mais un des grands me\u0301rites d\u2019En the\u0301rapie consiste a\u0300 donner une intuition de ce qui s\u2019y joue, et des mutations subjectives qui s\u2019en produisent. Les ale\u0301as du de\u0301sir, les pouvoirs de la parole et les de\u0301tails discursifs re\u0301ve\u0301lateurs font avancer l\u2019intrigue.<\/p>\r\n<p>Avoir confie\u0301 chaque personnage a\u0300 un sce\u0301nariste diffe\u0301rent facilite la mise en e\u0301vidence des re\u0301alite\u0301s fantasmatiques originales et irre\u0301ductibles dans lesquelles se meut l\u2019e\u0302tre humain. C\u2019est la\u0300 l\u2019un des premiers constats fait par le psychanalyste dans sa pratique. Un autre est le transfert, qui le conduit parfois a\u0300 observer avec une certaine surprise le retour de l\u2019analysant apre\u0300s une se\u0301ance passe\u0301e a\u0300 de\u0301nigrer le praticien. Ces expe\u0301riences majeures faites par l\u2019analyste, En The\u0301rapie sait les faire partager au te\u0301le\u0301spectateur.<\/p>\r\n<div class=\"page\" title=\"Page 12\">\r\n<div class=\"section\">\r\n<div class=\"layoutArea\">\r\n<div class=\"column\">\r\n<p>Le divan y est pre\u0301sent \u2013 sous la forme inusuelle d\u2019un canape\u0301 \u2013 tandis que dans son utilisation, une grande liberte\u0301 est de mise. La temporalite\u0301 des se\u0301ances et des cures est inge\u0301nieusement contracte\u0301e pour les besoins de l\u2019intensite\u0301 dramatique. Les se\u0301ances se de\u0301roulent en face a\u0300 face et la pratique du psychanalyste Philippe Dayan, s\u2019ave\u0300re un peu directe, voire agressive, visant un forc\u0327age de la \u00ab ve\u0301rite\u0301 \u00bb, ce qui diffe\u0301rencie mal son travail de la psychothe\u0301rapie. Une raison pour cela : les re\u0301fe\u0301rences de Roni Baht, professeur a\u0300 l\u2019universite\u0301 de Tel-Aviv, psychanalyste consulte\u0301 par les producteurs de la se\u0301rie a\u0300 l\u2019occasion de sa premie\u0300re version israe\u0301lienne 1, trouvent leur source principale dans un courant freudien qui prend un appui majeur sur le contre-transfert. L\u2019attention porte\u0301e sur celui-ci permet plus aise\u0301ment de faire du psychanalyste un personnage romanesque propre a\u0300 retenir l\u2019inte\u0301re\u0302t du te\u0301le\u0301spectateur. Il est frappant que le travail effectue\u0301 par P. Dayan avec sa contro\u0302leuse n\u2019aborde en rien le contro\u0302le du cas et soit exclusivement centre\u0301 sur l\u2019examen du contre-transfert.<\/p>\r\n<p>Cependant, la pre\u0301servation du cadre analytique, qui constitue une autre re\u0301fe\u0301rence majeure de R. Baht, s\u2019ave\u0300re plus difficile a\u0300 respecter, de sorte qu\u2019il dut se re\u0301soudre, en raison des contraintes de la repre\u0301sentation te\u0301le\u0301visuelle, a\u0300 accepter quelques atteintes a\u0300 celui-ci : l\u2019analyste qui rec\u0327oit un couple, qui prescrit des me\u0301dicaments, qui s\u2019allonge lui-me\u0302me sur le divan, qui appelle un taxi pour sa patiente, etc. L\u2019important n\u2019est pas la\u0300 : le plus difficile pour R. Baht fut de prendre le risque de porter atteinte a\u0300 la re\u0301putation publique du psychanalyste en acceptant de ne pas voiler ses faiblesses et ses limites. On peut lui en savoir gre\u0301. Gra\u0302ce a\u0300 cela, P. Dayan devient un personnage attachant.<\/p>\r\n<p>Il posse\u0300de me\u0302me quelques traits lacaniens : il ne croit pas a\u0300 un e\u0302tre analyste, e\u0301pure\u0301 a\u0300 jamais par son analyste didactique : il sait que le fantasme de l\u2019analysant conditionne sa fonction. Sa propre psychanalyse ne l\u2019a pas conduit a\u0300 l\u2019ataraxie : il reste comme ses patients un sujet divise\u0301, confronte\u0301 aux ale\u0301as de son de\u0301sir et devant composer avec celui-ci. Il de\u0301voile que derrie\u0300re l\u2019analyste subsiste un humain faillible. Certes un peu bavard, pour les besoins de la mise en sce\u0300ne, mais sachant dans la plupart des cas maintenir une neutralite\u0301 bienveillante, capable de prendre du recul a\u0300 l\u2019e\u0301gard des propos qui cherchent a\u0300 l\u2019atteindre, rigoureux sur le secret de la se\u0301ance, soucieux d\u2019expliquer le pre\u0301sent par l\u2019histoire de chacun. Dans cette repre\u0301sentation du psychanalyste, nombre d\u2019entre eux peuvent assez bien se reconnai\u0302tre, le noyau de la pratique de P. Dayan e\u0301tant compatible avec des re\u0301fe\u0301rences the\u0301oriques diffe\u0301rentes. Toutefois, l\u2019accent porte\u0301 sur le contre-transfert le fait entrer dans la cure comme sujet et, faute d\u2019ope\u0301rer a\u0300 partir de la position d\u2019objet, il se trouve embarrasse\u0301 de sa pense\u0301e, place\u0301e de\u0300s lors au c\u0153ur de la cure d\u2019Ariane, ce qui le conduit a\u0300 une impasse. Il ne cherche pas a\u0300 se repe\u0301rer du hors-sens et de la non-compre\u0301hension. C\u2019est finalement la division de l\u2019analyste, plus encore que celle de ses analysants, qui occupe le devant de la sce\u0300ne.<\/p>\r\n<p><em>La psychanalyse, plus qu\u2019une the\u0301rapie<\/em><\/p>\r\n<p>Les remarquables sce\u0301naristes ont e\u0301vite\u0301 l\u2019e\u0301cueil de proposer des cas-types, me\u0302me si l\u2019on discerne en leurs constructions quelques re\u0301miniscences de Dora ou de l\u2019homme aux rats, en revanche aucun personnage n\u2019e\u0301voque la psychose ordinaire de l\u2019homme aux loups, et moins encore le de\u0301lire de Schreber. Le choix des patients para\u00eet influenc\u00e9 par la conception classiquement freudienne selon laquelle la psychanalyse serait peu adapt\u00e9e au travail avec les sujets psychotiques. Aucun de ceux qui sont pr\u00e9sent\u00e9s n\u2019\u00e9voquent la folie\u00a0; or, du fait de l\u2019oubli de l\u2019\u00e9coute en psychiatrie et de la rudesse accentu\u00e9e des conditions d\u2019accueil, les sujets qui c\u00f4toient la folie constituent une part croissante de ceux qui s\u2019adressent aux psychanalystes. Sur ce point, une part de l\u2019actualit\u00e9 de la psychanalyse en France n\u2019est pas abord\u00e9e. N\u00e9anmoins, celle-ci se trouve concern\u00e9e par la modalit\u00e9 de l\u2019adresse des personnages. Dans un monde frapp\u00e9 par le traumatisme des attentats, l\u2019adresse au \u00ab\u00a0psy\u00a0\u00bb est un recours pour Adel, non sans r\u00e9ticence et incr\u00e9dulit\u00e9. Camille est orient\u00e9e par ses parents, sans demande sp\u00e9cifique. Quant au couple, c\u2019est avec d\u00e9fiance \u00e9galement qu\u2019il s\u2019adresse au \u00ab\u00a0sp\u00e9cialiste\u00a0\u00bb. Le psychanalyste travaille avec la r\u00e9ticence et permet que la parole s\u2019entende au-del\u00e0 de la demande.<\/p>\r\n<p>Le jeu des acteurs est de grande qualit\u00e9, si bien qu\u2019<em>En th\u00e9rapie <\/em>contribue avec talent \u00e0 faire conna\u00eetre la psychanalyse n\u2019en brossant pas un tableau id\u00e9al, restant au plus pr\u00e8s de ses effets, ne gommant pas la variabilit\u00e9 de ses r\u00e9sultats th\u00e9rapeutiques. Elle sait indiquer que la psychanalyse est plus encore qu\u2019une th\u00e9rapie\u00a0: une exp\u00e9rience existentielle qui procure un gain sur la v\u00e9rit\u00e9 inconsciente et sur le mode de jouissance propre \u00e0 chacun.<\/p>\r\n<p>Pour Ariane, un gain de savoir concernant sa mani\u00e8re de mettre son corps en avant afin d\u2019\u00e9viter l\u2019engagement des sentiments (m\u00eame si cette avanc\u00e9e reste inaboutie). Pour Adel, le d\u00e9voilement de son rapport \u00e0 la tra\u00eetrise et \u00e0 la l\u00e2chet\u00e9 suppos\u00e9e de son p\u00e8re, dont il porte le poids, sans que toutefois la cure ait le temps de toucher la prise de risque qui en d\u00e9coule, \u00e0 la fois dans le choix de son m\u00e9tier et dans l\u2019acte \u00ab h\u00e9ro\u00efque \u00bb qu\u2019il pose. <em>Acting out<\/em> li\u00e9 au for\u00e7age h\u00e2tif de la v\u00e9rit\u00e9\u00a0? Camille, l\u2019enfant sympt\u00f4me du couple parental, prend la parole et parvient \u00e0 s\u2019orienter de son propre sympt\u00f4me. Le couple prend la mesure de la querelle au c\u0153ur de leur lien. Le plus r\u00e9ticent des deux, le mari, aborde les effets de son positionnement au sein de sa famille (celui qui ne r\u00e9ussit pas comme son fr\u00e8re) dans son choix de partenaire, ce qui fait tomber sa position agressive et d\u00e9fensive et lui permet un nouvel abord de lui-m\u00eame.<\/p>\r\n<p>En ce qui concerne P. Dayan, on aurait pu craindre une <em>happy end<\/em> propre \u00e0 combler les attentes de l\u2019amateur de s\u00e9ries t\u00e9l\u00e9vis\u00e9es. Or, la fin originale et subtile ne m\u00e9conna\u00eet pas les d\u00e9terminismes inconscients.<\/p>\r\n<p>Bien entendu <em>En Th\u00e9rapie<\/em> poss\u00e9de ses d\u00e9tracteurs\u00a0: \u00ab\u00a0bla-bla non scientifique\u00a0\u00bb. \u00c0 ceux-l\u00e0 il faut conseiller la lecture de Gu\u00e9na\u00ebl Visentini, dont la parution est contemporaine de la diffusion de la s\u00e9rie, dans lequel sont examin\u00e9es les \u00e9tudes qui \u00e9tablissent que \u00ab\u00a0l\u2019efficacit\u00e9 des psychoth\u00e9rapies psychanalytiques est aujourd\u2019hui clairement reconnue pour un large panel de patients et relativement \u00e0 une grande s\u00e9rie de troubles et de souffrances\u00a0<sup>2<\/sup>\u00a0\u00bb.<\/p>\r\n<p>La saison 2 en pr\u00e9paration parviendra-t-elle \u00e0 se maintenir au m\u00eame niveau de qualit\u00e9 ? R\u00e9ussira-t-elle de nouveau \u00e0 susciter par 35 fois une attente pressante du prochain \u00e9pisode ?\u00a0<\/p>\r\n<h6>\u00a0<\/h6>\r\n<h6>1. Baht R., \u00ab A psychologist across the lines. Consulting for the TV series <em>BeTipul<\/em> \u2013 A personal perspective \u00bb, C<em>ontemporary Psychoanalysis<\/em>, vol. 46, n\u00b02, New York, WilliamAlansonInstitute, 2010, p. 235-249.<\/h6>\r\n<h6>2. Visentini G., <em>L\u2019efficacit\u00e9 de la psychanalyse. Un si\u00e8cle de controverses<\/em>, Paris, PUF, 2021.<\/h6>\r\n<\/div>\r\n<h6>\u00a0<\/h6>\r\n<h6><strong><em>Derni\u00e8re modification : 29\/08\/2021<\/em><\/strong><\/h6>\r\n<\/div>\r\n<\/div>\r\n<\/div>\r\n<\/div>\r\n<\/div>\r\n<\/div>\r\n<\/div>\r\n<\/div>\r\n<\/div>\r\n<\/div>\r\n<\/div>\r\n\r\n\r\n","protected":false},"excerpt":{"rendered":"<p>Le samedi de 14h \u00e0 15h15 avec Danie\u0300le Olive et Anne-Marie Le Mercier ; Dominique Carpentier et Emmanuelle Borgnis-Desbordes ; Michel Grollier et Ce\u0301cile Wojnarowski, en trois ateliers &nbsp; Commentaires des se\u0301quences choisies de la se\u0301rie En the\u0301rapie sur les the\u0300mes suivants : &#8211; Trauma, appel a\u0300 l\u2019e\u0301coute et psychanalyse\u2026<\/p>\n<p> <a class=\"continue-reading-link\" href=\"http:\/\/www.sectionclinique-rennes.fr\/nuevo\/etudes\/la-section-clinique\/edition-2020-2021\/seminaire-de-textes\/\"><span>Continue reading<\/span><i class=\"crycon-right-dir\"><\/i><\/a> <\/p>\n","protected":false},"author":5,"featured_media":0,"parent":2339,"menu_order":0,"comment_status":"closed","ping_status":"closed","template":"","meta":{"_monsterinsights_skip_tracking":false,"_monsterinsights_sitenote_active":false,"_monsterinsights_sitenote_note":"","_monsterinsights_sitenote_category":0,"footnotes":""},"class_list":["post-2349","page","type-page","status-publish","hentry"],"yoast_head":"<!-- This site is optimized with the Yoast SEO plugin v25.5 - https:\/\/yoast.com\/wordpress\/plugins\/seo\/ -->\n<title>S\u00e9minaire de textes - La Section clinique de Rennes<\/title>\n<meta name=\"robots\" content=\"index, follow, max-snippet:-1, max-image-preview:large, max-video-preview:-1\" \/>\n<link rel=\"canonical\" href=\"http:\/\/www.sectionclinique-rennes.fr\/nuevo\/etudes\/la-section-clinique\/edition-2020-2021\/seminaire-de-textes\/\" \/>\n<meta property=\"og:locale\" content=\"fr_FR\" \/>\n<meta property=\"og:type\" content=\"article\" \/>\n<meta property=\"og:title\" content=\"S\u00e9minaire de textes - La Section clinique de Rennes\" \/>\n<meta property=\"og:description\" content=\"Le samedi de 14h \u00e0 15h15 avec Danie\u0300le Olive et Anne-Marie Le Mercier ; Dominique Carpentier et Emmanuelle Borgnis-Desbordes ; Michel Grollier et Ce\u0301cile Wojnarowski, en trois ateliers &nbsp; Commentaires des se\u0301quences choisies de la se\u0301rie En the\u0301rapie sur les the\u0300mes suivants : &#8211; Trauma, appel a\u0300 l\u2019e\u0301coute et psychanalyse\u2026 Continue reading\" \/>\n<meta property=\"og:url\" content=\"http:\/\/www.sectionclinique-rennes.fr\/nuevo\/etudes\/la-section-clinique\/edition-2020-2021\/seminaire-de-textes\/\" \/>\n<meta property=\"og:site_name\" content=\"La Section clinique de Rennes\" \/>\n<meta property=\"article:modified_time\" content=\"2022-06-21T19:11:05+00:00\" \/>\n<meta name=\"twitter:card\" content=\"summary_large_image\" \/>\n<meta name=\"twitter:label1\" content=\"Dur\u00e9e de lecture estim\u00e9e\" \/>\n\t<meta name=\"twitter:data1\" content=\"7 minutes\" \/>\n<script type=\"application\/ld+json\" class=\"yoast-schema-graph\">{\"@context\":\"https:\/\/schema.org\",\"@graph\":[{\"@type\":\"WebPage\",\"@id\":\"http:\/\/www.sectionclinique-rennes.fr\/nuevo\/etudes\/la-section-clinique\/edition-2020-2021\/seminaire-de-textes\/\",\"url\":\"http:\/\/www.sectionclinique-rennes.fr\/nuevo\/etudes\/la-section-clinique\/edition-2020-2021\/seminaire-de-textes\/\",\"name\":\"S\u00e9minaire de textes - La Section clinique de Rennes\",\"isPartOf\":{\"@id\":\"http:\/\/www.sectionclinique-rennes.fr\/nuevo\/#website\"},\"datePublished\":\"2020-09-25T12:10:20+00:00\",\"dateModified\":\"2022-06-21T19:11:05+00:00\",\"breadcrumb\":{\"@id\":\"http:\/\/www.sectionclinique-rennes.fr\/nuevo\/etudes\/la-section-clinique\/edition-2020-2021\/seminaire-de-textes\/#breadcrumb\"},\"inLanguage\":\"fr-FR\",\"potentialAction\":[{\"@type\":\"ReadAction\",\"target\":[\"http:\/\/www.sectionclinique-rennes.fr\/nuevo\/etudes\/la-section-clinique\/edition-2020-2021\/seminaire-de-textes\/\"]}]},{\"@type\":\"BreadcrumbList\",\"@id\":\"http:\/\/www.sectionclinique-rennes.fr\/nuevo\/etudes\/la-section-clinique\/edition-2020-2021\/seminaire-de-textes\/#breadcrumb\",\"itemListElement\":[{\"@type\":\"ListItem\",\"position\":1,\"name\":\"Accueil\",\"item\":\"http:\/\/www.sectionclinique-rennes.fr\/nuevo\/\"},{\"@type\":\"ListItem\",\"position\":2,\"name\":\"Pr\u00e9sentation\",\"item\":\"http:\/\/www.sectionclinique-rennes.fr\/nuevo\/etudes\/\"},{\"@type\":\"ListItem\",\"position\":3,\"name\":\"Section Clinique\",\"item\":\"http:\/\/www.sectionclinique-rennes.fr\/nuevo\/etudes\/la-section-clinique\/\"},{\"@type\":\"ListItem\",\"position\":4,\"name\":\"2021-2022\",\"item\":\"http:\/\/www.sectionclinique-rennes.fr\/nuevo\/etudes\/la-section-clinique\/edition-2020-2021\/\"},{\"@type\":\"ListItem\",\"position\":5,\"name\":\"S\u00e9minaire de textes\"}]},{\"@type\":\"WebSite\",\"@id\":\"http:\/\/www.sectionclinique-rennes.fr\/nuevo\/#website\",\"url\":\"http:\/\/www.sectionclinique-rennes.fr\/nuevo\/\",\"name\":\"La Section clinique de Rennes\",\"description\":\"Association UFORCA\",\"publisher\":{\"@id\":\"http:\/\/www.sectionclinique-rennes.fr\/nuevo\/#organization\"},\"potentialAction\":[{\"@type\":\"SearchAction\",\"target\":{\"@type\":\"EntryPoint\",\"urlTemplate\":\"http:\/\/www.sectionclinique-rennes.fr\/nuevo\/?s={search_term_string}\"},\"query-input\":{\"@type\":\"PropertyValueSpecification\",\"valueRequired\":true,\"valueName\":\"search_term_string\"}}],\"inLanguage\":\"fr-FR\"},{\"@type\":\"Organization\",\"@id\":\"http:\/\/www.sectionclinique-rennes.fr\/nuevo\/#organization\",\"name\":\"Section clinique de Rennes - Association UFORCA\",\"url\":\"http:\/\/www.sectionclinique-rennes.fr\/nuevo\/\",\"logo\":{\"@type\":\"ImageObject\",\"inLanguage\":\"fr-FR\",\"@id\":\"http:\/\/www.sectionclinique-rennes.fr\/nuevo\/#\/schema\/logo\/image\/\",\"url\":\"http:\/\/www.sectionclinique-rennes.fr\/nuevo\/wp-content\/uploads\/2015\/08\/logo.png\",\"contentUrl\":\"http:\/\/www.sectionclinique-rennes.fr\/nuevo\/wp-content\/uploads\/2015\/08\/logo.png\",\"width\":1199,\"height\":276,\"caption\":\"Section clinique de Rennes - Association UFORCA\"},\"image\":{\"@id\":\"http:\/\/www.sectionclinique-rennes.fr\/nuevo\/#\/schema\/logo\/image\/\"}}]}<\/script>\n<!-- \/ Yoast SEO plugin. -->","yoast_head_json":{"title":"S\u00e9minaire de textes - La Section clinique de Rennes","robots":{"index":"index","follow":"follow","max-snippet":"max-snippet:-1","max-image-preview":"max-image-preview:large","max-video-preview":"max-video-preview:-1"},"canonical":"http:\/\/www.sectionclinique-rennes.fr\/nuevo\/etudes\/la-section-clinique\/edition-2020-2021\/seminaire-de-textes\/","og_locale":"fr_FR","og_type":"article","og_title":"S\u00e9minaire de textes - La Section clinique de Rennes","og_description":"Le samedi de 14h \u00e0 15h15 avec Danie\u0300le Olive et Anne-Marie Le Mercier ; Dominique Carpentier et Emmanuelle Borgnis-Desbordes ; Michel Grollier et Ce\u0301cile Wojnarowski, en trois ateliers &nbsp; Commentaires des se\u0301quences choisies de la se\u0301rie En the\u0301rapie sur les the\u0300mes suivants : &#8211; Trauma, appel a\u0300 l\u2019e\u0301coute et psychanalyse\u2026 Continue reading","og_url":"http:\/\/www.sectionclinique-rennes.fr\/nuevo\/etudes\/la-section-clinique\/edition-2020-2021\/seminaire-de-textes\/","og_site_name":"La Section clinique de Rennes","article_modified_time":"2022-06-21T19:11:05+00:00","twitter_card":"summary_large_image","twitter_misc":{"Dur\u00e9e de lecture estim\u00e9e":"7 minutes"},"schema":{"@context":"https:\/\/schema.org","@graph":[{"@type":"WebPage","@id":"http:\/\/www.sectionclinique-rennes.fr\/nuevo\/etudes\/la-section-clinique\/edition-2020-2021\/seminaire-de-textes\/","url":"http:\/\/www.sectionclinique-rennes.fr\/nuevo\/etudes\/la-section-clinique\/edition-2020-2021\/seminaire-de-textes\/","name":"S\u00e9minaire de textes - La Section clinique de Rennes","isPartOf":{"@id":"http:\/\/www.sectionclinique-rennes.fr\/nuevo\/#website"},"datePublished":"2020-09-25T12:10:20+00:00","dateModified":"2022-06-21T19:11:05+00:00","breadcrumb":{"@id":"http:\/\/www.sectionclinique-rennes.fr\/nuevo\/etudes\/la-section-clinique\/edition-2020-2021\/seminaire-de-textes\/#breadcrumb"},"inLanguage":"fr-FR","potentialAction":[{"@type":"ReadAction","target":["http:\/\/www.sectionclinique-rennes.fr\/nuevo\/etudes\/la-section-clinique\/edition-2020-2021\/seminaire-de-textes\/"]}]},{"@type":"BreadcrumbList","@id":"http:\/\/www.sectionclinique-rennes.fr\/nuevo\/etudes\/la-section-clinique\/edition-2020-2021\/seminaire-de-textes\/#breadcrumb","itemListElement":[{"@type":"ListItem","position":1,"name":"Accueil","item":"http:\/\/www.sectionclinique-rennes.fr\/nuevo\/"},{"@type":"ListItem","position":2,"name":"Pr\u00e9sentation","item":"http:\/\/www.sectionclinique-rennes.fr\/nuevo\/etudes\/"},{"@type":"ListItem","position":3,"name":"Section Clinique","item":"http:\/\/www.sectionclinique-rennes.fr\/nuevo\/etudes\/la-section-clinique\/"},{"@type":"ListItem","position":4,"name":"2021-2022","item":"http:\/\/www.sectionclinique-rennes.fr\/nuevo\/etudes\/la-section-clinique\/edition-2020-2021\/"},{"@type":"ListItem","position":5,"name":"S\u00e9minaire de textes"}]},{"@type":"WebSite","@id":"http:\/\/www.sectionclinique-rennes.fr\/nuevo\/#website","url":"http:\/\/www.sectionclinique-rennes.fr\/nuevo\/","name":"La Section clinique de Rennes","description":"Association UFORCA","publisher":{"@id":"http:\/\/www.sectionclinique-rennes.fr\/nuevo\/#organization"},"potentialAction":[{"@type":"SearchAction","target":{"@type":"EntryPoint","urlTemplate":"http:\/\/www.sectionclinique-rennes.fr\/nuevo\/?s={search_term_string}"},"query-input":{"@type":"PropertyValueSpecification","valueRequired":true,"valueName":"search_term_string"}}],"inLanguage":"fr-FR"},{"@type":"Organization","@id":"http:\/\/www.sectionclinique-rennes.fr\/nuevo\/#organization","name":"Section clinique de Rennes - Association UFORCA","url":"http:\/\/www.sectionclinique-rennes.fr\/nuevo\/","logo":{"@type":"ImageObject","inLanguage":"fr-FR","@id":"http:\/\/www.sectionclinique-rennes.fr\/nuevo\/#\/schema\/logo\/image\/","url":"http:\/\/www.sectionclinique-rennes.fr\/nuevo\/wp-content\/uploads\/2015\/08\/logo.png","contentUrl":"http:\/\/www.sectionclinique-rennes.fr\/nuevo\/wp-content\/uploads\/2015\/08\/logo.png","width":1199,"height":276,"caption":"Section clinique de Rennes - Association UFORCA"},"image":{"@id":"http:\/\/www.sectionclinique-rennes.fr\/nuevo\/#\/schema\/logo\/image\/"}}]}},"_links":{"self":[{"href":"http:\/\/www.sectionclinique-rennes.fr\/nuevo\/wp-json\/wp\/v2\/pages\/2349","targetHints":{"allow":["GET"]}}],"collection":[{"href":"http:\/\/www.sectionclinique-rennes.fr\/nuevo\/wp-json\/wp\/v2\/pages"}],"about":[{"href":"http:\/\/www.sectionclinique-rennes.fr\/nuevo\/wp-json\/wp\/v2\/types\/page"}],"author":[{"embeddable":true,"href":"http:\/\/www.sectionclinique-rennes.fr\/nuevo\/wp-json\/wp\/v2\/users\/5"}],"replies":[{"embeddable":true,"href":"http:\/\/www.sectionclinique-rennes.fr\/nuevo\/wp-json\/wp\/v2\/comments?post=2349"}],"version-history":[{"count":10,"href":"http:\/\/www.sectionclinique-rennes.fr\/nuevo\/wp-json\/wp\/v2\/pages\/2349\/revisions"}],"predecessor-version":[{"id":2891,"href":"http:\/\/www.sectionclinique-rennes.fr\/nuevo\/wp-json\/wp\/v2\/pages\/2349\/revisions\/2891"}],"up":[{"embeddable":true,"href":"http:\/\/www.sectionclinique-rennes.fr\/nuevo\/wp-json\/wp\/v2\/pages\/2339"}],"wp:attachment":[{"href":"http:\/\/www.sectionclinique-rennes.fr\/nuevo\/wp-json\/wp\/v2\/media?parent=2349"}],"curies":[{"name":"wp","href":"https:\/\/api.w.org\/{rel}","templated":true}]}}