{"id":2351,"date":"2020-09-25T13:10:46","date_gmt":"2020-09-25T12:10:46","guid":{"rendered":"http:\/\/www.sectionclinique-rennes.fr\/nuevo\/?page_id=2351"},"modified":"2022-06-22T14:24:24","modified_gmt":"2022-06-22T13:24:24","slug":"seminaire-du-cercle","status":"publish","type":"page","link":"http:\/\/www.sectionclinique-rennes.fr\/nuevo\/etudes\/la-section-clinique\/edition-2020-2021\/seminaire-du-cercle\/","title":{"rendered":"S\u00e9minaire du Cercle"},"content":{"rendered":"\r\n<h3 class=\"wp-block-heading\"><span style=\"color: #993366;\"><strong>Comment se noue le transfert ? <\/strong><strong>Les entretiens pr\u00e9liminaires<\/strong><\/span><\/h3>\r\n<p class=\"has-background has-pale-cyan-blue-background-color\"><strong>Le s\u00e9minaire d\u2019\u00e9tude et de recherche de la Section Clinique de Rennes, anim\u00e9 par Caroline Doucet, Alice Delarue et Jean Luc Monnier<\/strong><\/p>\r\n\r\n\r\n\r\n<p><em>Les jeudis 18 novembre 2021\u00a0; 9 d\u00e9cembre 2021\u00a0; 6 janvier 2022\u00a0; 3 f\u00e9vrier 2022\u00a0; <\/em><em>10 mars 2022\u00a0; 12 mai 2022\u00a0; 16 juin 2022<\/em><\/p>\r\n<p>\u00a0\u00a0\u00a0 Dans un texte de 1913, Freud essaie de d\u00e9finir les r\u00e8gles s\u2019appliquant au d\u00e9but du traitement. Parmi elles, Freud indique qu\u2019il a pris l\u2019habitude de \u00ab\u00a0pratiquer d\u2019abord un traitement d\u2019essai d\u2019une \u00e0 deux semaines, \u00ab\u00a0on se borne de cette fa\u00e7on, \u00e0 effectuer un sondage permettant de mieux conna\u00eetre le cas et de d\u00e9cider s\u2019il se pr\u00eate ou non \u00e0 une analyse\u00a0\u00bb. Il pr\u00e9cise\u00a0: \u00ab\u00a0Cet essai pr\u00e9liminaire constitue pourtant d\u00e9j\u00e0 le d\u00e9but d\u2019une analyse et doit se conformer aux r\u00e8gles qui la r\u00e9gissent\u00a0<a href=\"#_ftn1\" name=\"_ftnref1\">[1]<\/a>\u00a0\u00bb. Il s\u2019agit de \u00ab\u00a0laisser surtout parler le patient sans commenter ses dires plus qu\u2019il n\u2019est absolument n\u00e9cessaire \u00e0 la poursuite de son r\u00e9cit\u00a0<a href=\"#_ftn2\" name=\"_ftnref2\">[2]<\/a>\u00a0\u00bb. Ce court traitement doit faciliter le diagnostic diff\u00e9rentiel pas toujours facile \u00e0 \u00e9tablir, pr\u00e9cise-t-il.<\/p>\r\n<p>\u00a0\u00a0\u00a0 C\u2019est en 1971, assez tardivement dans son enseignement, que Lacan soulignera la fonction essentielle des entretiens pr\u00e9liminaires. \u00ab\u00a0Il n\u2019y a pas d\u2019entr\u00e9e possible en analyse sans entretiens pr\u00e9liminaires\u00a0<a href=\"#_ftn3\" name=\"_ftnref3\">[3]<\/a>\u00a0\u00bb. Si le terme d\u2019entretien rev\u00eat une signification diff\u00e9rente de celui de consultation ou d\u2019examen qui comportent une dimension m\u00e9dicale, celui de pr\u00e9liminaire laisse entendre qu\u2019un seuil est \u00e0 franchir, celui du transfert. Sans transfert pas d\u2019analyse possible. Or rien ne le garantit d\u2019avance. Qu\u2019est-ce qui permet l\u2019installation du transfert\u00a0?<\/p>\r\n<p>\u00a0\u00a0\u00a0 Ce qui compte, indique Lacan, quand quelqu\u2019un vient le voir pour la premi\u00e8re fois, \u00ab\u00a0c\u2019est la confrontation de corps\u00a0\u00bb. C\u2019est de l\u00e0 que \u00e7a part et qui fait \u00ab\u00a0qu\u2019\u00e0 partir du moment o\u00f9 on entre dans le discours analytique, on n\u2019en sortira plus\u00a0<a href=\"#_ftn4\" name=\"_ftnref4\">[4]<\/a>\u00a0\u00bb. Qu\u2019est-ce qui signe l\u2019entr\u00e9e dans le discours analytique\u00a0? Lacan donne une autre indication pr\u00e9cieuse\u00a0: \u00ab\u00a0Il faut laisser les gens parler quand ils viennent nous demander quelque chose\u00a0<a href=\"#_ftn5\" name=\"_ftnref5\">[5]<\/a> \u00bb, \u00e9crit-il, indiquant que d\u00e8s que l\u2019on parle on demande.\u00a0\u00a0 Ce qui int\u00e9resse Lacan ce n\u2019est pas le contenu de la demande mais ce qui \u00e9chappe totalement au sujet et en particulier ce qui pousse \u00e0 demander.<\/p>\r\n<p>\u00a0\u00a0\u00a0\u00a0 D\u00e8s lors, o\u00f9 trouver les indications n\u00e9cessaires au d\u00e9but du traitement et \u00e0 ses suites\u00a0? Les sympt\u00f4mes, les contenus de la demande, l\u2019entr\u00e9e en fonction du suppos\u00e9 savoir ou du suppos\u00e9 s\u2019int\u00e9resser, etc. sont autant de points de rep\u00e8res. Mais les travaux du cercle viseront \u00e0 \u00e9tablir plus pr\u00e9cis\u00e9ment les \u00e9l\u00e9ments d\u2019appr\u00e9ciation qui traduisent \u00ab\u00a0la prise du sympt\u00f4me dans le transfert\u00a0<a href=\"#_ftn6\" name=\"_ftnref6\">[6]<\/a>\u00a0\u00bb. Nous verrons que le d\u00e9sir et l\u2019acte de l\u2019analyste sont les op\u00e9rateurs d\u00e9cisifs pour enclencher le processus analytique.<\/p>\r\n<p>&nbsp;<\/p>\r\n<h6><a href=\"#_ftnref1\" name=\"_ftn1\">[1]<\/a> Freud S., \u00ab\u00a0Le d\u00e9but du traitement\u00a0\u00bb, La technique psychanalytique, Paris, PUF, 1985, p. 81.<\/h6>\r\n<h6><a href=\"#_ftnref2\" name=\"_ftn2\">[2]<\/a> <em>Ibid., <\/em>p. 81.<\/h6>\r\n<h6><a href=\"#_ftnref3\" name=\"_ftn3\">[3]<\/a> Lacan J., \u00ab\u00a0Le savoir du psychanalyste\u00a0\u00bb, S\u00e9minaire du 2 d\u00e9cembre 1971, in\u00e9dit.<\/h6>\r\n<h6><a href=\"#_ftnref4\" name=\"_ftn4\">[4]<\/a> Lacan, J., <em>Le S\u00e9minaire<\/em>, livre xix, \u2026<em> Ou pire<\/em>, Paris, Seuil, le\u00e7on du 21 juin 1972.<\/h6>\r\n<h6><a href=\"#_ftnref5\" name=\"_ftn5\">[5]<\/a> Lacan, J., \u00ab\u00a0Excursus\u00a0\u00bb, <em>Lacan in Italia<\/em>, 1978, p. 78-97.<\/h6>\r\n<h6><a href=\"#_ftnref6\" name=\"_ftn6\">[6]<\/a> Wachsberger H., \u00ab\u00a0Fonction des entretiens pr\u00e9liminaires\u00a0\u00bb, <em>Ornicar\u00a0?,<\/em> n\u00b0 33, 1985, p. 16.<\/h6>\r\n<p>&nbsp;<\/p>\r\n<h6 style=\"font-weight: 400;\"><strong><em>Derni\u00e8re modification : 29\/08\/2021<\/em><\/strong><\/h6>\r\n\r\n\r\n","protected":false},"excerpt":{"rendered":"<p>Comment se noue le transfert ? Les entretiens pr\u00e9liminaires Le s\u00e9minaire d\u2019\u00e9tude et de recherche de la Section Clinique de Rennes, anim\u00e9 par Caroline Doucet, Alice Delarue et Jean Luc Monnier Les jeudis 18 novembre 2021\u00a0; 9 d\u00e9cembre 2021\u00a0; 6 janvier 2022\u00a0; 3 f\u00e9vrier 2022\u00a0; 10 mars 2022\u00a0; 12 mai\u2026<\/p>\n<p> <a class=\"continue-reading-link\" href=\"http:\/\/www.sectionclinique-rennes.fr\/nuevo\/etudes\/la-section-clinique\/edition-2020-2021\/seminaire-du-cercle\/\"><span>Continue reading<\/span><i class=\"crycon-right-dir\"><\/i><\/a> <\/p>\n","protected":false},"author":5,"featured_media":0,"parent":2339,"menu_order":0,"comment_status":"closed","ping_status":"closed","template":"","meta":{"_monsterinsights_skip_tracking":false,"_monsterinsights_sitenote_active":false,"_monsterinsights_sitenote_note":"","_monsterinsights_sitenote_category":0,"footnotes":""},"class_list":["post-2351","page","type-page","status-publish","hentry"],"yoast_head":"<!-- This site is optimized with the Yoast SEO plugin v25.5 - https:\/\/yoast.com\/wordpress\/plugins\/seo\/ -->\n<title>S\u00e9minaire du Cercle - La Section clinique de Rennes<\/title>\n<meta name=\"robots\" content=\"index, follow, max-snippet:-1, max-image-preview:large, max-video-preview:-1\" \/>\n<link rel=\"canonical\" href=\"http:\/\/www.sectionclinique-rennes.fr\/nuevo\/etudes\/la-section-clinique\/edition-2020-2021\/seminaire-du-cercle\/\" \/>\n<meta property=\"og:locale\" content=\"fr_FR\" \/>\n<meta property=\"og:type\" content=\"article\" \/>\n<meta property=\"og:title\" content=\"S\u00e9minaire du Cercle - La Section clinique de Rennes\" \/>\n<meta property=\"og:description\" content=\"Comment se noue le transfert ? Les entretiens pr\u00e9liminaires Le s\u00e9minaire d\u2019\u00e9tude et de recherche de la Section Clinique de Rennes, anim\u00e9 par Caroline Doucet, Alice Delarue et Jean Luc Monnier Les jeudis 18 novembre 2021\u00a0; 9 d\u00e9cembre 2021\u00a0; 6 janvier 2022\u00a0; 3 f\u00e9vrier 2022\u00a0; 10 mars 2022\u00a0; 12 mai\u2026 Continue reading\" \/>\n<meta property=\"og:url\" content=\"http:\/\/www.sectionclinique-rennes.fr\/nuevo\/etudes\/la-section-clinique\/edition-2020-2021\/seminaire-du-cercle\/\" \/>\n<meta property=\"og:site_name\" content=\"La Section clinique de Rennes\" \/>\n<meta property=\"article:modified_time\" content=\"2022-06-22T13:24:24+00:00\" \/>\n<meta name=\"twitter:card\" content=\"summary_large_image\" \/>\n<meta name=\"twitter:label1\" content=\"Dur\u00e9e de lecture estim\u00e9e\" \/>\n\t<meta name=\"twitter:data1\" content=\"3 minutes\" \/>\n<script type=\"application\/ld+json\" class=\"yoast-schema-graph\">{\"@context\":\"https:\/\/schema.org\",\"@graph\":[{\"@type\":\"WebPage\",\"@id\":\"http:\/\/www.sectionclinique-rennes.fr\/nuevo\/etudes\/la-section-clinique\/edition-2020-2021\/seminaire-du-cercle\/\",\"url\":\"http:\/\/www.sectionclinique-rennes.fr\/nuevo\/etudes\/la-section-clinique\/edition-2020-2021\/seminaire-du-cercle\/\",\"name\":\"S\u00e9minaire du Cercle - La Section clinique de Rennes\",\"isPartOf\":{\"@id\":\"http:\/\/www.sectionclinique-rennes.fr\/nuevo\/#website\"},\"datePublished\":\"2020-09-25T12:10:46+00:00\",\"dateModified\":\"2022-06-22T13:24:24+00:00\",\"breadcrumb\":{\"@id\":\"http:\/\/www.sectionclinique-rennes.fr\/nuevo\/etudes\/la-section-clinique\/edition-2020-2021\/seminaire-du-cercle\/#breadcrumb\"},\"inLanguage\":\"fr-FR\",\"potentialAction\":[{\"@type\":\"ReadAction\",\"target\":[\"http:\/\/www.sectionclinique-rennes.fr\/nuevo\/etudes\/la-section-clinique\/edition-2020-2021\/seminaire-du-cercle\/\"]}]},{\"@type\":\"BreadcrumbList\",\"@id\":\"http:\/\/www.sectionclinique-rennes.fr\/nuevo\/etudes\/la-section-clinique\/edition-2020-2021\/seminaire-du-cercle\/#breadcrumb\",\"itemListElement\":[{\"@type\":\"ListItem\",\"position\":1,\"name\":\"Accueil\",\"item\":\"http:\/\/www.sectionclinique-rennes.fr\/nuevo\/\"},{\"@type\":\"ListItem\",\"position\":2,\"name\":\"Pr\u00e9sentation\",\"item\":\"http:\/\/www.sectionclinique-rennes.fr\/nuevo\/etudes\/\"},{\"@type\":\"ListItem\",\"position\":3,\"name\":\"Section Clinique\",\"item\":\"http:\/\/www.sectionclinique-rennes.fr\/nuevo\/etudes\/la-section-clinique\/\"},{\"@type\":\"ListItem\",\"position\":4,\"name\":\"2021-2022\",\"item\":\"http:\/\/www.sectionclinique-rennes.fr\/nuevo\/etudes\/la-section-clinique\/edition-2020-2021\/\"},{\"@type\":\"ListItem\",\"position\":5,\"name\":\"S\u00e9minaire du Cercle\"}]},{\"@type\":\"WebSite\",\"@id\":\"http:\/\/www.sectionclinique-rennes.fr\/nuevo\/#website\",\"url\":\"http:\/\/www.sectionclinique-rennes.fr\/nuevo\/\",\"name\":\"La Section clinique de Rennes\",\"description\":\"Association UFORCA\",\"publisher\":{\"@id\":\"http:\/\/www.sectionclinique-rennes.fr\/nuevo\/#organization\"},\"potentialAction\":[{\"@type\":\"SearchAction\",\"target\":{\"@type\":\"EntryPoint\",\"urlTemplate\":\"http:\/\/www.sectionclinique-rennes.fr\/nuevo\/?s={search_term_string}\"},\"query-input\":{\"@type\":\"PropertyValueSpecification\",\"valueRequired\":true,\"valueName\":\"search_term_string\"}}],\"inLanguage\":\"fr-FR\"},{\"@type\":\"Organization\",\"@id\":\"http:\/\/www.sectionclinique-rennes.fr\/nuevo\/#organization\",\"name\":\"Section clinique de Rennes - Association UFORCA\",\"url\":\"http:\/\/www.sectionclinique-rennes.fr\/nuevo\/\",\"logo\":{\"@type\":\"ImageObject\",\"inLanguage\":\"fr-FR\",\"@id\":\"http:\/\/www.sectionclinique-rennes.fr\/nuevo\/#\/schema\/logo\/image\/\",\"url\":\"http:\/\/www.sectionclinique-rennes.fr\/nuevo\/wp-content\/uploads\/2015\/08\/logo.png\",\"contentUrl\":\"http:\/\/www.sectionclinique-rennes.fr\/nuevo\/wp-content\/uploads\/2015\/08\/logo.png\",\"width\":1199,\"height\":276,\"caption\":\"Section clinique de Rennes - Association UFORCA\"},\"image\":{\"@id\":\"http:\/\/www.sectionclinique-rennes.fr\/nuevo\/#\/schema\/logo\/image\/\"}}]}<\/script>\n<!-- \/ Yoast SEO plugin. -->","yoast_head_json":{"title":"S\u00e9minaire du Cercle - La Section clinique de Rennes","robots":{"index":"index","follow":"follow","max-snippet":"max-snippet:-1","max-image-preview":"max-image-preview:large","max-video-preview":"max-video-preview:-1"},"canonical":"http:\/\/www.sectionclinique-rennes.fr\/nuevo\/etudes\/la-section-clinique\/edition-2020-2021\/seminaire-du-cercle\/","og_locale":"fr_FR","og_type":"article","og_title":"S\u00e9minaire du Cercle - La Section clinique de Rennes","og_description":"Comment se noue le transfert ? Les entretiens pr\u00e9liminaires Le s\u00e9minaire d\u2019\u00e9tude et de recherche de la Section Clinique de Rennes, anim\u00e9 par Caroline Doucet, Alice Delarue et Jean Luc Monnier Les jeudis 18 novembre 2021\u00a0; 9 d\u00e9cembre 2021\u00a0; 6 janvier 2022\u00a0; 3 f\u00e9vrier 2022\u00a0; 10 mars 2022\u00a0; 12 mai\u2026 Continue reading","og_url":"http:\/\/www.sectionclinique-rennes.fr\/nuevo\/etudes\/la-section-clinique\/edition-2020-2021\/seminaire-du-cercle\/","og_site_name":"La Section clinique de Rennes","article_modified_time":"2022-06-22T13:24:24+00:00","twitter_card":"summary_large_image","twitter_misc":{"Dur\u00e9e de lecture estim\u00e9e":"3 minutes"},"schema":{"@context":"https:\/\/schema.org","@graph":[{"@type":"WebPage","@id":"http:\/\/www.sectionclinique-rennes.fr\/nuevo\/etudes\/la-section-clinique\/edition-2020-2021\/seminaire-du-cercle\/","url":"http:\/\/www.sectionclinique-rennes.fr\/nuevo\/etudes\/la-section-clinique\/edition-2020-2021\/seminaire-du-cercle\/","name":"S\u00e9minaire du Cercle - La Section clinique de Rennes","isPartOf":{"@id":"http:\/\/www.sectionclinique-rennes.fr\/nuevo\/#website"},"datePublished":"2020-09-25T12:10:46+00:00","dateModified":"2022-06-22T13:24:24+00:00","breadcrumb":{"@id":"http:\/\/www.sectionclinique-rennes.fr\/nuevo\/etudes\/la-section-clinique\/edition-2020-2021\/seminaire-du-cercle\/#breadcrumb"},"inLanguage":"fr-FR","potentialAction":[{"@type":"ReadAction","target":["http:\/\/www.sectionclinique-rennes.fr\/nuevo\/etudes\/la-section-clinique\/edition-2020-2021\/seminaire-du-cercle\/"]}]},{"@type":"BreadcrumbList","@id":"http:\/\/www.sectionclinique-rennes.fr\/nuevo\/etudes\/la-section-clinique\/edition-2020-2021\/seminaire-du-cercle\/#breadcrumb","itemListElement":[{"@type":"ListItem","position":1,"name":"Accueil","item":"http:\/\/www.sectionclinique-rennes.fr\/nuevo\/"},{"@type":"ListItem","position":2,"name":"Pr\u00e9sentation","item":"http:\/\/www.sectionclinique-rennes.fr\/nuevo\/etudes\/"},{"@type":"ListItem","position":3,"name":"Section Clinique","item":"http:\/\/www.sectionclinique-rennes.fr\/nuevo\/etudes\/la-section-clinique\/"},{"@type":"ListItem","position":4,"name":"2021-2022","item":"http:\/\/www.sectionclinique-rennes.fr\/nuevo\/etudes\/la-section-clinique\/edition-2020-2021\/"},{"@type":"ListItem","position":5,"name":"S\u00e9minaire du Cercle"}]},{"@type":"WebSite","@id":"http:\/\/www.sectionclinique-rennes.fr\/nuevo\/#website","url":"http:\/\/www.sectionclinique-rennes.fr\/nuevo\/","name":"La Section clinique de Rennes","description":"Association UFORCA","publisher":{"@id":"http:\/\/www.sectionclinique-rennes.fr\/nuevo\/#organization"},"potentialAction":[{"@type":"SearchAction","target":{"@type":"EntryPoint","urlTemplate":"http:\/\/www.sectionclinique-rennes.fr\/nuevo\/?s={search_term_string}"},"query-input":{"@type":"PropertyValueSpecification","valueRequired":true,"valueName":"search_term_string"}}],"inLanguage":"fr-FR"},{"@type":"Organization","@id":"http:\/\/www.sectionclinique-rennes.fr\/nuevo\/#organization","name":"Section clinique de Rennes - Association UFORCA","url":"http:\/\/www.sectionclinique-rennes.fr\/nuevo\/","logo":{"@type":"ImageObject","inLanguage":"fr-FR","@id":"http:\/\/www.sectionclinique-rennes.fr\/nuevo\/#\/schema\/logo\/image\/","url":"http:\/\/www.sectionclinique-rennes.fr\/nuevo\/wp-content\/uploads\/2015\/08\/logo.png","contentUrl":"http:\/\/www.sectionclinique-rennes.fr\/nuevo\/wp-content\/uploads\/2015\/08\/logo.png","width":1199,"height":276,"caption":"Section clinique de Rennes - Association UFORCA"},"image":{"@id":"http:\/\/www.sectionclinique-rennes.fr\/nuevo\/#\/schema\/logo\/image\/"}}]}},"_links":{"self":[{"href":"http:\/\/www.sectionclinique-rennes.fr\/nuevo\/wp-json\/wp\/v2\/pages\/2351","targetHints":{"allow":["GET"]}}],"collection":[{"href":"http:\/\/www.sectionclinique-rennes.fr\/nuevo\/wp-json\/wp\/v2\/pages"}],"about":[{"href":"http:\/\/www.sectionclinique-rennes.fr\/nuevo\/wp-json\/wp\/v2\/types\/page"}],"author":[{"embeddable":true,"href":"http:\/\/www.sectionclinique-rennes.fr\/nuevo\/wp-json\/wp\/v2\/users\/5"}],"replies":[{"embeddable":true,"href":"http:\/\/www.sectionclinique-rennes.fr\/nuevo\/wp-json\/wp\/v2\/comments?post=2351"}],"version-history":[{"count":8,"href":"http:\/\/www.sectionclinique-rennes.fr\/nuevo\/wp-json\/wp\/v2\/pages\/2351\/revisions"}],"predecessor-version":[{"id":2919,"href":"http:\/\/www.sectionclinique-rennes.fr\/nuevo\/wp-json\/wp\/v2\/pages\/2351\/revisions\/2919"}],"up":[{"embeddable":true,"href":"http:\/\/www.sectionclinique-rennes.fr\/nuevo\/wp-json\/wp\/v2\/pages\/2339"}],"wp:attachment":[{"href":"http:\/\/www.sectionclinique-rennes.fr\/nuevo\/wp-json\/wp\/v2\/media?parent=2351"}],"curies":[{"name":"wp","href":"https:\/\/api.w.org\/{rel}","templated":true}]}}