{"id":236,"date":"2015-08-22T08:27:24","date_gmt":"2015-08-22T07:27:24","guid":{"rendered":"http:\/\/www.sectionclinique-rennes.fr\/nuevo\/?page_id=236"},"modified":"2022-06-22T14:52:18","modified_gmt":"2022-06-22T13:52:18","slug":"les-seminaires-de-textes","status":"publish","type":"page","link":"http:\/\/www.sectionclinique-rennes.fr\/nuevo\/themes\/2014-2015\/les-seminaires-de-textes\/","title":{"rendered":"S\u00e9minaires de textes"},"content":{"rendered":"<p>&nbsp;<\/p>\n<h3 style=\"text-align: justify;\" align=\"justify\"><span style=\"color: #339966;\"><strong>Commentaire suivi de textes<\/strong><\/span><\/h3>\n<p>&nbsp;<\/p>\n<p style=\"text-align: justify;\" align=\"justify\">C\u2019est par de multiples \u00e9laborations de la notion d\u2019Autre que la psychanalyse lacanienne a constitu\u00e9 une partie de son originalit\u00e9\u00a0; n\u00e9anmoins, cette notion a grandement vari\u00e9 depuis ses premi\u00e8res formulations dans les premi\u00e8res versions du stade du miroir.<\/p>\n<p style=\"text-align: justify;\" align=\"justify\">Une premi\u00e8re figure est corr\u00e9lative de l\u2019\u00e9laboration de la notion d\u2019imago\u00a0; venant corriger la th\u00e9orie freudienne de pulsion, elle la \u00ab\u00a0d\u00e9naturalise\u00a0\u00bb en la corr\u00e9lant \u00e0 diverses formes d\u2019ali\u00e9nation agressive dans des instances familiales\/sociales. \u00c0 une \u00e9poque o\u00f9 triomphe d\u00e9j\u00e0 la notion d\u2019intersubjectivit\u00e9, elle retrouve dans le sympt\u00f4me l\u2019impossibilit\u00e9 h\u00e9g\u00e9lienne de la coexistence des consciences. Cette r\u00e9partition se continuera avec la publication de \u00ab\u00a0Fonction et champ de la parole et du langage\u00a0\u00bb, o\u00f9 la parole pleine, telle qu\u2019elle devrait r\u00e9sulter de la reconnaissance du message inconscient, est oppos\u00e9e aux r\u00e9sistances imaginaires.<\/p>\n<p style=\"text-align: justify;\" align=\"justify\">Non que toutefois la figure de l\u2019Autre soit positiv\u00e9e sans r\u00e9serve\u00a0: au moment m\u00eame o\u00f9 Lacan s\u2019appuie sur les structures \u00e9l\u00e9mentaires de la parent\u00e9, d\u00e9crites par L\u00e9vi-Strauss, pour sp\u00e9cifier en quoi l\u2019inconscient est structur\u00e9 comme un langage, il insiste sur la dette, la faute du p\u00e8re pour d\u00e9crire la structure de \u00ab\u00a0prot\u00eat\u00a0\u00bb du sympt\u00f4me n\u00e9vrotique. Loin que l\u2019Autre puisse \u00eatre garanti par un p\u00e8re id\u00e9al, conclusion r\u00eav\u00e9e par S. Freud du complexe d\u2019\u0152dipe, la reprise par Lacan du cas du petit Hans esquisse l\u2019in\u00e9vitabilit\u00e9 des solutions \u00ab\u00a0atypiques. \u00bb<\/p>\n<p style=\"text-align: justify;\" align=\"justify\">D\u00e8s les premi\u00e8res \u00e9critures du graphe du d\u00e9sir, la d\u00e9compl\u00e9tion de l\u2019Autre est donn\u00e9e comme l\u2019enjeu m\u00eame des modes d\u2019existence du sujet\u00a0: seul le sujet psychotique se suffit de l\u2019Autre du code\u00a0; le sujet n\u00e9vrotique, lui, s\u2019appuie sur une fonction paternelle dont la Bejahung, paradoxalement, se soutient essentiellement de la notion qu\u2019 \u00ab\u00a0il ne savait pas\u00a0\u00bb\u00a0!<\/p>\n<p style=\"text-align: justify;\" align=\"justify\">Cette dissym\u00e9trie \u2013 l\u2019Autre, tel qu\u2019il garantit la structure du sujet, s\u2019appuyant sur une instance \u00ab\u00a0m\u00e9taphorique\u00a0\u00bb, secr\u00e8tement n\u00e9gative \u2013 ne fera que s\u2019accentuer. D\u2019une part par le d\u00e9doublement entre P (le Nom-du-P\u00e8re) et Phi (le phallus), permettant d\u2019envisager des formes diverses de r\u00e9alisation de la forclusion ou du destin pervers\u00a0; d\u2019autre part, par l\u2019accentuation de l\u2019atypicit\u00e9 de la n\u00e9vrose au regard de toute volont\u00e9 de normativation\u00a0; et enfin, par l\u2019exploration syst\u00e9matique des impasses des relations entre les sexes, selon une direction d\u00e9j\u00e0 esquiss\u00e9e lors de l\u2019exploration de Das Ding, dans le S\u00e9minaire \u00ab\u00a0L\u2019\u00e9thique\u00a0\u00bb.<\/p>\n<p style=\"text-align: justify;\" align=\"justify\">Si au d\u00e9but des ann\u00e9es 50, la figure de l\u2019Autre semblait tr\u00e8s marqu\u00e9e par l\u2019intersubjectivit\u00e9 et l\u2019 \u00ab\u00a0engagement\u00a0\u00bb, progressivement, c\u2019est la th\u00e9matique de l\u2019inexistence du rapport sexuel qui finit par s\u2019imposer, sur la base d\u2019une exploration toujours plus minutieuse des particularit\u00e9s du d\u00e9sir f\u00e9minin. D\u00e8s lors, l\u2019Autre devient, au regard de ces nouvelles perspectives, ce qui ne parvient \u00e0 s\u2019\u00e9crire que par rapport \u00e0 l\u2019Un, comme \u00ab\u00a0Un en moins\u00a0\u00bb dans le n\u0153ud borrom\u00e9en, formulation tir\u00e9e du fait que \u00ab\u00a0dans tout rapport de l\u2019homme avec une femme, c\u2019est sous l\u2019angle de l\u2019une en moins qu\u2019elle doit \u00eatre prise\u00a0\u00bb (1), comme \u00ab\u00a0une par une\u00a0\u00bb (2).<\/p>\n<hr \/>\n<h6>1.\u00a0Lacan \u00adJ.,\u00ad\u00a0<em>Le S\u00e9minaire,\u00ad Livre \u00adXX<\/em>, \u00ab\u00a0\u00adEncore\u00a0\u00bb, \u00adParis, \u00adSeuil, \u00adp.\u00ad116<br \/>\n2.\u00a0<em>Op. cit<\/em>., \u00adp.\u00ad15<\/h6>\n<hr \/>\n<p><span style=\"color: #339966;\"><strong>R\u00e9f\u00e9rences :<\/strong><\/span><\/p>\n<ul>\n<li style=\"text-align: left;\">Lacan J., \u00ab\u00a0Le stade du miroir\u00a0\u00bb, <em>\u00c9crits<\/em>, Paris, Seuil, 1966, p.93<\/li>\n<li style=\"text-align: left;\">Lacan J., \u00ab\u00a0Fonction et champ de la parole et du d\u00e9sir\u00a0\u00bb, <em>\u00c9crits<\/em>, <em>op. cit.<\/em>, p.237<\/li>\n<li style=\"text-align: left;\">Lacan J., \u00ab\u00a0Subversion du sujet et dialectique du d\u00e9sir\u00a0\u00bb, <em>\u00c9crits<\/em>, op. cit., p.793<\/li>\n<li style=\"text-align: left;\">Lacan J., <em>Le S\u00e9minaire, Livre VII<\/em>, \u00ab\u00a0L\u2019\u00e9thique de la psychanalyse\u00a0\u00bb, Paris, Seuil, 1986<\/li>\n<li style=\"text-align: left;\">Lacan J., <em>Le S\u00e9minaire, Livre VIII<\/em>, \u00ab\u00a0Le transfert\u00a0\u00bb, Paris, Seuil, 2001<\/li>\n<li style=\"text-align: left;\">Lacan J., <em>Le S\u00e9minaire, Livre X<\/em>, \u00ab\u00a0L\u2019angoisse\u00a0\u00bb, Paris, Seuil, 2004<\/li>\n<li style=\"text-align: left;\">Lacan J., <em>Le S\u00e9minaire, Livre XIX<\/em>, \u00ab\u00a0&#8230;Ou pire\u00a0\u00bb, Paris, Seuil, 2011<\/li>\n<li style=\"text-align: left;\">Lacan J.,<em> Le S\u00e9minaire, Livre XX<\/em>, \u00ab\u00a0Encore\u00a0\u00bb, Paris, Seuil. * On pourra aussi se reporter aux r\u00e9f\u00e9rences des pages 5 et 6<\/li>\n<\/ul>\n<hr \/>\n<p><span style=\"color: #339966;\">Liens vers les autres pages du th\u00e8me :<\/span><\/p>\n<p><a href=\"http:\/\/www.sectionclinique-rennes.fr\/nuevo\/themes\/2014-2015\/seminaire-theorique\/\" target=\"_blank\" rel=\"noopener\">S\u00e9minaires\u00a0th\u00e9oriques<\/a><\/p>\n<p><a href=\"http:\/\/www.sectionclinique-rennes.fr\/nuevo\/themes\/2014-2015\/le-seminaire-detude-et-de-recherche-cercle\/\" target=\"_blank\" rel=\"noopener\">S\u00e9minaire du Cercle<\/a><\/p>\n<p>&nbsp;<\/p>\n<h6 style=\"font-weight: 400;\"><strong><em>Derni\u00e8re modification : 26\/09\/2015<\/em><\/strong><\/h6>\n","protected":false},"excerpt":{"rendered":"<p>&nbsp; Commentaire suivi de textes &nbsp; C\u2019est par de multiples \u00e9laborations de la notion d\u2019Autre que la psychanalyse lacanienne a constitu\u00e9 une partie de son originalit\u00e9\u00a0; n\u00e9anmoins, cette notion a grandement vari\u00e9 depuis ses premi\u00e8res formulations dans les premi\u00e8res versions du stade du miroir. Une premi\u00e8re figure est corr\u00e9lative de\u2026<\/p>\n<p> <a class=\"continue-reading-link\" href=\"http:\/\/www.sectionclinique-rennes.fr\/nuevo\/themes\/2014-2015\/les-seminaires-de-textes\/\"><span>Continue reading<\/span><i class=\"crycon-right-dir\"><\/i><\/a> <\/p>\n","protected":false},"author":5,"featured_media":0,"parent":223,"menu_order":2,"comment_status":"closed","ping_status":"closed","template":"","meta":{"_monsterinsights_skip_tracking":false,"_monsterinsights_sitenote_active":false,"_monsterinsights_sitenote_note":"","_monsterinsights_sitenote_category":0,"footnotes":""},"class_list":["post-236","page","type-page","status-publish","hentry"],"yoast_head":"<!-- This site is optimized with the Yoast SEO plugin v25.5 - https:\/\/yoast.com\/wordpress\/plugins\/seo\/ -->\n<title>S\u00e9minaires de textes - La Section clinique de Rennes<\/title>\n<meta name=\"robots\" content=\"index, follow, max-snippet:-1, max-image-preview:large, max-video-preview:-1\" \/>\n<link rel=\"canonical\" href=\"http:\/\/www.sectionclinique-rennes.fr\/nuevo\/themes\/2014-2015\/les-seminaires-de-textes\/\" \/>\n<meta property=\"og:locale\" content=\"fr_FR\" \/>\n<meta property=\"og:type\" content=\"article\" \/>\n<meta property=\"og:title\" content=\"S\u00e9minaires de textes - La Section clinique de Rennes\" \/>\n<meta property=\"og:description\" content=\"&nbsp; Commentaire suivi de textes &nbsp; C\u2019est par de multiples \u00e9laborations de la notion d\u2019Autre que la psychanalyse lacanienne a constitu\u00e9 une partie de son originalit\u00e9\u00a0; n\u00e9anmoins, cette notion a grandement vari\u00e9 depuis ses premi\u00e8res formulations dans les premi\u00e8res versions du stade du miroir. Une premi\u00e8re figure est corr\u00e9lative de\u2026 Continue reading\" \/>\n<meta property=\"og:url\" content=\"http:\/\/www.sectionclinique-rennes.fr\/nuevo\/themes\/2014-2015\/les-seminaires-de-textes\/\" \/>\n<meta property=\"og:site_name\" content=\"La Section clinique de Rennes\" \/>\n<meta property=\"article:modified_time\" content=\"2022-06-22T13:52:18+00:00\" \/>\n<meta name=\"twitter:card\" content=\"summary_large_image\" \/>\n<meta name=\"twitter:label1\" content=\"Dur\u00e9e de lecture estim\u00e9e\" \/>\n\t<meta name=\"twitter:data1\" content=\"3 minutes\" \/>\n<script type=\"application\/ld+json\" class=\"yoast-schema-graph\">{\"@context\":\"https:\/\/schema.org\",\"@graph\":[{\"@type\":\"WebPage\",\"@id\":\"http:\/\/www.sectionclinique-rennes.fr\/nuevo\/themes\/2014-2015\/les-seminaires-de-textes\/\",\"url\":\"http:\/\/www.sectionclinique-rennes.fr\/nuevo\/themes\/2014-2015\/les-seminaires-de-textes\/\",\"name\":\"S\u00e9minaires de textes - La Section clinique de Rennes\",\"isPartOf\":{\"@id\":\"http:\/\/www.sectionclinique-rennes.fr\/nuevo\/#website\"},\"datePublished\":\"2015-08-22T07:27:24+00:00\",\"dateModified\":\"2022-06-22T13:52:18+00:00\",\"breadcrumb\":{\"@id\":\"http:\/\/www.sectionclinique-rennes.fr\/nuevo\/themes\/2014-2015\/les-seminaires-de-textes\/#breadcrumb\"},\"inLanguage\":\"fr-FR\",\"potentialAction\":[{\"@type\":\"ReadAction\",\"target\":[\"http:\/\/www.sectionclinique-rennes.fr\/nuevo\/themes\/2014-2015\/les-seminaires-de-textes\/\"]}]},{\"@type\":\"BreadcrumbList\",\"@id\":\"http:\/\/www.sectionclinique-rennes.fr\/nuevo\/themes\/2014-2015\/les-seminaires-de-textes\/#breadcrumb\",\"itemListElement\":[{\"@type\":\"ListItem\",\"position\":1,\"name\":\"Accueil\",\"item\":\"http:\/\/www.sectionclinique-rennes.fr\/nuevo\/\"},{\"@type\":\"ListItem\",\"position\":2,\"name\":\"Th\u00e8mes\",\"item\":\"https:\/\/www.sectionclinique-rennes.fr\/nuevo\/themes\/\"},{\"@type\":\"ListItem\",\"position\":3,\"name\":\"2014-2015\",\"item\":\"http:\/\/www.sectionclinique-rennes.fr\/nuevo\/themes\/2014-2015\/\"},{\"@type\":\"ListItem\",\"position\":4,\"name\":\"S\u00e9minaires de textes\"}]},{\"@type\":\"WebSite\",\"@id\":\"http:\/\/www.sectionclinique-rennes.fr\/nuevo\/#website\",\"url\":\"http:\/\/www.sectionclinique-rennes.fr\/nuevo\/\",\"name\":\"La Section clinique de Rennes\",\"description\":\"Association UFORCA\",\"publisher\":{\"@id\":\"http:\/\/www.sectionclinique-rennes.fr\/nuevo\/#organization\"},\"potentialAction\":[{\"@type\":\"SearchAction\",\"target\":{\"@type\":\"EntryPoint\",\"urlTemplate\":\"http:\/\/www.sectionclinique-rennes.fr\/nuevo\/?s={search_term_string}\"},\"query-input\":{\"@type\":\"PropertyValueSpecification\",\"valueRequired\":true,\"valueName\":\"search_term_string\"}}],\"inLanguage\":\"fr-FR\"},{\"@type\":\"Organization\",\"@id\":\"http:\/\/www.sectionclinique-rennes.fr\/nuevo\/#organization\",\"name\":\"Section clinique de Rennes - Association UFORCA\",\"url\":\"http:\/\/www.sectionclinique-rennes.fr\/nuevo\/\",\"logo\":{\"@type\":\"ImageObject\",\"inLanguage\":\"fr-FR\",\"@id\":\"http:\/\/www.sectionclinique-rennes.fr\/nuevo\/#\/schema\/logo\/image\/\",\"url\":\"http:\/\/www.sectionclinique-rennes.fr\/nuevo\/wp-content\/uploads\/2015\/08\/logo.png\",\"contentUrl\":\"http:\/\/www.sectionclinique-rennes.fr\/nuevo\/wp-content\/uploads\/2015\/08\/logo.png\",\"width\":1199,\"height\":276,\"caption\":\"Section clinique de Rennes - Association UFORCA\"},\"image\":{\"@id\":\"http:\/\/www.sectionclinique-rennes.fr\/nuevo\/#\/schema\/logo\/image\/\"}}]}<\/script>\n<!-- \/ Yoast SEO plugin. -->","yoast_head_json":{"title":"S\u00e9minaires de textes - La Section clinique de Rennes","robots":{"index":"index","follow":"follow","max-snippet":"max-snippet:-1","max-image-preview":"max-image-preview:large","max-video-preview":"max-video-preview:-1"},"canonical":"http:\/\/www.sectionclinique-rennes.fr\/nuevo\/themes\/2014-2015\/les-seminaires-de-textes\/","og_locale":"fr_FR","og_type":"article","og_title":"S\u00e9minaires de textes - La Section clinique de Rennes","og_description":"&nbsp; Commentaire suivi de textes &nbsp; C\u2019est par de multiples \u00e9laborations de la notion d\u2019Autre que la psychanalyse lacanienne a constitu\u00e9 une partie de son originalit\u00e9\u00a0; n\u00e9anmoins, cette notion a grandement vari\u00e9 depuis ses premi\u00e8res formulations dans les premi\u00e8res versions du stade du miroir. Une premi\u00e8re figure est corr\u00e9lative de\u2026 Continue reading","og_url":"http:\/\/www.sectionclinique-rennes.fr\/nuevo\/themes\/2014-2015\/les-seminaires-de-textes\/","og_site_name":"La Section clinique de Rennes","article_modified_time":"2022-06-22T13:52:18+00:00","twitter_card":"summary_large_image","twitter_misc":{"Dur\u00e9e de lecture estim\u00e9e":"3 minutes"},"schema":{"@context":"https:\/\/schema.org","@graph":[{"@type":"WebPage","@id":"http:\/\/www.sectionclinique-rennes.fr\/nuevo\/themes\/2014-2015\/les-seminaires-de-textes\/","url":"http:\/\/www.sectionclinique-rennes.fr\/nuevo\/themes\/2014-2015\/les-seminaires-de-textes\/","name":"S\u00e9minaires de textes - La Section clinique de Rennes","isPartOf":{"@id":"http:\/\/www.sectionclinique-rennes.fr\/nuevo\/#website"},"datePublished":"2015-08-22T07:27:24+00:00","dateModified":"2022-06-22T13:52:18+00:00","breadcrumb":{"@id":"http:\/\/www.sectionclinique-rennes.fr\/nuevo\/themes\/2014-2015\/les-seminaires-de-textes\/#breadcrumb"},"inLanguage":"fr-FR","potentialAction":[{"@type":"ReadAction","target":["http:\/\/www.sectionclinique-rennes.fr\/nuevo\/themes\/2014-2015\/les-seminaires-de-textes\/"]}]},{"@type":"BreadcrumbList","@id":"http:\/\/www.sectionclinique-rennes.fr\/nuevo\/themes\/2014-2015\/les-seminaires-de-textes\/#breadcrumb","itemListElement":[{"@type":"ListItem","position":1,"name":"Accueil","item":"http:\/\/www.sectionclinique-rennes.fr\/nuevo\/"},{"@type":"ListItem","position":2,"name":"Th\u00e8mes","item":"https:\/\/www.sectionclinique-rennes.fr\/nuevo\/themes\/"},{"@type":"ListItem","position":3,"name":"2014-2015","item":"http:\/\/www.sectionclinique-rennes.fr\/nuevo\/themes\/2014-2015\/"},{"@type":"ListItem","position":4,"name":"S\u00e9minaires de textes"}]},{"@type":"WebSite","@id":"http:\/\/www.sectionclinique-rennes.fr\/nuevo\/#website","url":"http:\/\/www.sectionclinique-rennes.fr\/nuevo\/","name":"La Section clinique de Rennes","description":"Association UFORCA","publisher":{"@id":"http:\/\/www.sectionclinique-rennes.fr\/nuevo\/#organization"},"potentialAction":[{"@type":"SearchAction","target":{"@type":"EntryPoint","urlTemplate":"http:\/\/www.sectionclinique-rennes.fr\/nuevo\/?s={search_term_string}"},"query-input":{"@type":"PropertyValueSpecification","valueRequired":true,"valueName":"search_term_string"}}],"inLanguage":"fr-FR"},{"@type":"Organization","@id":"http:\/\/www.sectionclinique-rennes.fr\/nuevo\/#organization","name":"Section clinique de Rennes - Association UFORCA","url":"http:\/\/www.sectionclinique-rennes.fr\/nuevo\/","logo":{"@type":"ImageObject","inLanguage":"fr-FR","@id":"http:\/\/www.sectionclinique-rennes.fr\/nuevo\/#\/schema\/logo\/image\/","url":"http:\/\/www.sectionclinique-rennes.fr\/nuevo\/wp-content\/uploads\/2015\/08\/logo.png","contentUrl":"http:\/\/www.sectionclinique-rennes.fr\/nuevo\/wp-content\/uploads\/2015\/08\/logo.png","width":1199,"height":276,"caption":"Section clinique de Rennes - Association UFORCA"},"image":{"@id":"http:\/\/www.sectionclinique-rennes.fr\/nuevo\/#\/schema\/logo\/image\/"}}]}},"_links":{"self":[{"href":"http:\/\/www.sectionclinique-rennes.fr\/nuevo\/wp-json\/wp\/v2\/pages\/236","targetHints":{"allow":["GET"]}}],"collection":[{"href":"http:\/\/www.sectionclinique-rennes.fr\/nuevo\/wp-json\/wp\/v2\/pages"}],"about":[{"href":"http:\/\/www.sectionclinique-rennes.fr\/nuevo\/wp-json\/wp\/v2\/types\/page"}],"author":[{"embeddable":true,"href":"http:\/\/www.sectionclinique-rennes.fr\/nuevo\/wp-json\/wp\/v2\/users\/5"}],"replies":[{"embeddable":true,"href":"http:\/\/www.sectionclinique-rennes.fr\/nuevo\/wp-json\/wp\/v2\/comments?post=236"}],"version-history":[{"count":14,"href":"http:\/\/www.sectionclinique-rennes.fr\/nuevo\/wp-json\/wp\/v2\/pages\/236\/revisions"}],"predecessor-version":[{"id":2942,"href":"http:\/\/www.sectionclinique-rennes.fr\/nuevo\/wp-json\/wp\/v2\/pages\/236\/revisions\/2942"}],"up":[{"embeddable":true,"href":"http:\/\/www.sectionclinique-rennes.fr\/nuevo\/wp-json\/wp\/v2\/pages\/223"}],"wp:attachment":[{"href":"http:\/\/www.sectionclinique-rennes.fr\/nuevo\/wp-json\/wp\/v2\/media?parent=236"}],"curies":[{"name":"wp","href":"https:\/\/api.w.org\/{rel}","templated":true}]}}