{"id":2571,"date":"2022-06-08T10:37:32","date_gmt":"2022-06-08T09:37:32","guid":{"rendered":"http:\/\/www.sectionclinique-rennes.fr\/nuevo\/?page_id=2571"},"modified":"2025-04-15T09:19:36","modified_gmt":"2025-04-15T08:19:36","slug":"appreciations","status":"publish","type":"page","link":"http:\/\/www.sectionclinique-rennes.fr\/nuevo\/etudes\/appreciations\/","title":{"rendered":"Appr\u00e9ciations"},"content":{"rendered":"<p><strong>Bilan p\u00e9dagogique pour l&rsquo;ann\u00e9e 2023-2024<\/strong><\/p>\n<p>&nbsp;<\/p>\n<p>Qualit\u00e9 et indicateurs de r\u00e9sultats pour la formation Atelier d&rsquo;introduction \u00e0 la psychanalyse :<\/p>\n<ul>\n<li>Nombre de participants \u00e0 la formation : <strong>91 participants<\/strong><\/li>\n<li>Evaluation de la satisfaction 2023-2024 : <strong>9\/10<\/strong><\/li>\n<li>Taux de recommandation des participants 2023-2024 : <strong>10\/10<\/strong><\/li>\n<\/ul>\n<p><strong><em>\u00a0<\/em><\/strong><\/p>\n<p>Qualit\u00e9 et indicateurs de r\u00e9sultats pour la formation Clinique Lacanienne\u00a0:<\/p>\n<ul>\n<li>Nombre de participants \u00e0 la formation : <strong>255 participants<\/strong><\/li>\n<li>Evaluation de la satisfaction 2023-2024 :<strong> 8.9\/10<\/strong><\/li>\n<li>Taux de recommandation des participants 2023-2024 : <strong>9.9\/10<\/strong><\/li>\n<\/ul>\n<p><em>\u00a0<\/em><\/p>\n<p>Qualit\u00e9 et indicateurs de r\u00e9sultats pour la formation Vers l\u2019institution :<\/p>\n<ul>\n<li>Nombre de participants \u00e0 la formation : <strong>95 participants<\/strong><\/li>\n<li>Evaluation de la satisfaction 2024 : <strong>9.2\/10<\/strong><\/li>\n<li>Taux de recommandation des participants 2024 : <strong>10\/10<\/strong><\/li>\n<\/ul>\n<h6><\/h6>\n<h6 style=\"font-weight: 400;\"><strong><em>Derni\u00e8re modification : 15\/04\/2025<\/em><\/strong><\/h6>\n","protected":false},"excerpt":{"rendered":"<p>Bilan p\u00e9dagogique pour l&rsquo;ann\u00e9e 2023-2024 &nbsp; Qualit\u00e9 et indicateurs de r\u00e9sultats pour la formation Atelier d&rsquo;introduction \u00e0 la psychanalyse : Nombre de participants \u00e0 la formation : 91 participants Evaluation de la satisfaction 2023-2024 : 9\/10 Taux de recommandation des participants 2023-2024 : 10\/10 \u00a0 Qualit\u00e9 et indicateurs de r\u00e9sultats\u2026<\/p>\n<p> <a class=\"continue-reading-link\" href=\"http:\/\/www.sectionclinique-rennes.fr\/nuevo\/etudes\/appreciations\/\"><span>Continue reading<\/span><i class=\"crycon-right-dir\"><\/i><\/a> <\/p>\n","protected":false},"author":5,"featured_media":0,"parent":16,"menu_order":8,"comment_status":"closed","ping_status":"closed","template":"","meta":{"_monsterinsights_skip_tracking":false,"_monsterinsights_sitenote_active":false,"_monsterinsights_sitenote_note":"","_monsterinsights_sitenote_category":0,"footnotes":""},"class_list":["post-2571","page","type-page","status-publish","hentry"],"yoast_head":"<!-- This site is optimized with the Yoast SEO plugin v25.5 - https:\/\/yoast.com\/wordpress\/plugins\/seo\/ -->\n<title>Appr\u00e9ciations - La Section clinique de Rennes<\/title>\n<meta name=\"robots\" content=\"index, follow, max-snippet:-1, max-image-preview:large, max-video-preview:-1\" \/>\n<link rel=\"canonical\" href=\"http:\/\/www.sectionclinique-rennes.fr\/nuevo\/etudes\/appreciations\/\" \/>\n<meta property=\"og:locale\" content=\"fr_FR\" \/>\n<meta property=\"og:type\" content=\"article\" \/>\n<meta property=\"og:title\" content=\"Appr\u00e9ciations - La Section clinique de Rennes\" \/>\n<meta property=\"og:description\" content=\"Bilan p\u00e9dagogique pour l&rsquo;ann\u00e9e 2023-2024 &nbsp; Qualit\u00e9 et indicateurs de r\u00e9sultats pour la formation Atelier d&rsquo;introduction \u00e0 la psychanalyse : Nombre de participants \u00e0 la formation : 91 participants Evaluation de la satisfaction 2023-2024 : 9\/10 Taux de recommandation des participants 2023-2024 : 10\/10 \u00a0 Qualit\u00e9 et indicateurs de r\u00e9sultats\u2026 Continue reading\" \/>\n<meta property=\"og:url\" content=\"http:\/\/www.sectionclinique-rennes.fr\/nuevo\/etudes\/appreciations\/\" \/>\n<meta property=\"og:site_name\" content=\"La Section clinique de Rennes\" \/>\n<meta property=\"article:modified_time\" content=\"2025-04-15T08:19:36+00:00\" \/>\n<meta name=\"twitter:card\" content=\"summary_large_image\" \/>\n<meta name=\"twitter:label1\" content=\"Dur\u00e9e de lecture estim\u00e9e\" \/>\n\t<meta name=\"twitter:data1\" content=\"1 minute\" \/>\n<script type=\"application\/ld+json\" class=\"yoast-schema-graph\">{\"@context\":\"https:\/\/schema.org\",\"@graph\":[{\"@type\":\"WebPage\",\"@id\":\"http:\/\/www.sectionclinique-rennes.fr\/nuevo\/etudes\/appreciations\/\",\"url\":\"http:\/\/www.sectionclinique-rennes.fr\/nuevo\/etudes\/appreciations\/\",\"name\":\"Appr\u00e9ciations - La Section clinique de Rennes\",\"isPartOf\":{\"@id\":\"http:\/\/www.sectionclinique-rennes.fr\/nuevo\/#website\"},\"datePublished\":\"2022-06-08T09:37:32+00:00\",\"dateModified\":\"2025-04-15T08:19:36+00:00\",\"breadcrumb\":{\"@id\":\"http:\/\/www.sectionclinique-rennes.fr\/nuevo\/etudes\/appreciations\/#breadcrumb\"},\"inLanguage\":\"fr-FR\",\"potentialAction\":[{\"@type\":\"ReadAction\",\"target\":[\"http:\/\/www.sectionclinique-rennes.fr\/nuevo\/etudes\/appreciations\/\"]}]},{\"@type\":\"BreadcrumbList\",\"@id\":\"http:\/\/www.sectionclinique-rennes.fr\/nuevo\/etudes\/appreciations\/#breadcrumb\",\"itemListElement\":[{\"@type\":\"ListItem\",\"position\":1,\"name\":\"Accueil\",\"item\":\"http:\/\/www.sectionclinique-rennes.fr\/nuevo\/\"},{\"@type\":\"ListItem\",\"position\":2,\"name\":\"Pr\u00e9sentation\",\"item\":\"http:\/\/www.sectionclinique-rennes.fr\/nuevo\/etudes\/\"},{\"@type\":\"ListItem\",\"position\":3,\"name\":\"Appr\u00e9ciations\"}]},{\"@type\":\"WebSite\",\"@id\":\"http:\/\/www.sectionclinique-rennes.fr\/nuevo\/#website\",\"url\":\"http:\/\/www.sectionclinique-rennes.fr\/nuevo\/\",\"name\":\"La Section clinique de Rennes\",\"description\":\"Association UFORCA\",\"publisher\":{\"@id\":\"http:\/\/www.sectionclinique-rennes.fr\/nuevo\/#organization\"},\"potentialAction\":[{\"@type\":\"SearchAction\",\"target\":{\"@type\":\"EntryPoint\",\"urlTemplate\":\"http:\/\/www.sectionclinique-rennes.fr\/nuevo\/?s={search_term_string}\"},\"query-input\":{\"@type\":\"PropertyValueSpecification\",\"valueRequired\":true,\"valueName\":\"search_term_string\"}}],\"inLanguage\":\"fr-FR\"},{\"@type\":\"Organization\",\"@id\":\"http:\/\/www.sectionclinique-rennes.fr\/nuevo\/#organization\",\"name\":\"Section clinique de Rennes - Association UFORCA\",\"url\":\"http:\/\/www.sectionclinique-rennes.fr\/nuevo\/\",\"logo\":{\"@type\":\"ImageObject\",\"inLanguage\":\"fr-FR\",\"@id\":\"http:\/\/www.sectionclinique-rennes.fr\/nuevo\/#\/schema\/logo\/image\/\",\"url\":\"http:\/\/www.sectionclinique-rennes.fr\/nuevo\/wp-content\/uploads\/2015\/08\/logo.png\",\"contentUrl\":\"http:\/\/www.sectionclinique-rennes.fr\/nuevo\/wp-content\/uploads\/2015\/08\/logo.png\",\"width\":1199,\"height\":276,\"caption\":\"Section clinique de Rennes - Association UFORCA\"},\"image\":{\"@id\":\"http:\/\/www.sectionclinique-rennes.fr\/nuevo\/#\/schema\/logo\/image\/\"}}]}<\/script>\n<!-- \/ Yoast SEO plugin. -->","yoast_head_json":{"title":"Appr\u00e9ciations - La Section clinique de Rennes","robots":{"index":"index","follow":"follow","max-snippet":"max-snippet:-1","max-image-preview":"max-image-preview:large","max-video-preview":"max-video-preview:-1"},"canonical":"http:\/\/www.sectionclinique-rennes.fr\/nuevo\/etudes\/appreciations\/","og_locale":"fr_FR","og_type":"article","og_title":"Appr\u00e9ciations - La Section clinique de Rennes","og_description":"Bilan p\u00e9dagogique pour l&rsquo;ann\u00e9e 2023-2024 &nbsp; Qualit\u00e9 et indicateurs de r\u00e9sultats pour la formation Atelier d&rsquo;introduction \u00e0 la psychanalyse : Nombre de participants \u00e0 la formation : 91 participants Evaluation de la satisfaction 2023-2024 : 9\/10 Taux de recommandation des participants 2023-2024 : 10\/10 \u00a0 Qualit\u00e9 et indicateurs de r\u00e9sultats\u2026 Continue reading","og_url":"http:\/\/www.sectionclinique-rennes.fr\/nuevo\/etudes\/appreciations\/","og_site_name":"La Section clinique de Rennes","article_modified_time":"2025-04-15T08:19:36+00:00","twitter_card":"summary_large_image","twitter_misc":{"Dur\u00e9e de lecture estim\u00e9e":"1 minute"},"schema":{"@context":"https:\/\/schema.org","@graph":[{"@type":"WebPage","@id":"http:\/\/www.sectionclinique-rennes.fr\/nuevo\/etudes\/appreciations\/","url":"http:\/\/www.sectionclinique-rennes.fr\/nuevo\/etudes\/appreciations\/","name":"Appr\u00e9ciations - La Section clinique de Rennes","isPartOf":{"@id":"http:\/\/www.sectionclinique-rennes.fr\/nuevo\/#website"},"datePublished":"2022-06-08T09:37:32+00:00","dateModified":"2025-04-15T08:19:36+00:00","breadcrumb":{"@id":"http:\/\/www.sectionclinique-rennes.fr\/nuevo\/etudes\/appreciations\/#breadcrumb"},"inLanguage":"fr-FR","potentialAction":[{"@type":"ReadAction","target":["http:\/\/www.sectionclinique-rennes.fr\/nuevo\/etudes\/appreciations\/"]}]},{"@type":"BreadcrumbList","@id":"http:\/\/www.sectionclinique-rennes.fr\/nuevo\/etudes\/appreciations\/#breadcrumb","itemListElement":[{"@type":"ListItem","position":1,"name":"Accueil","item":"http:\/\/www.sectionclinique-rennes.fr\/nuevo\/"},{"@type":"ListItem","position":2,"name":"Pr\u00e9sentation","item":"http:\/\/www.sectionclinique-rennes.fr\/nuevo\/etudes\/"},{"@type":"ListItem","position":3,"name":"Appr\u00e9ciations"}]},{"@type":"WebSite","@id":"http:\/\/www.sectionclinique-rennes.fr\/nuevo\/#website","url":"http:\/\/www.sectionclinique-rennes.fr\/nuevo\/","name":"La Section clinique de Rennes","description":"Association UFORCA","publisher":{"@id":"http:\/\/www.sectionclinique-rennes.fr\/nuevo\/#organization"},"potentialAction":[{"@type":"SearchAction","target":{"@type":"EntryPoint","urlTemplate":"http:\/\/www.sectionclinique-rennes.fr\/nuevo\/?s={search_term_string}"},"query-input":{"@type":"PropertyValueSpecification","valueRequired":true,"valueName":"search_term_string"}}],"inLanguage":"fr-FR"},{"@type":"Organization","@id":"http:\/\/www.sectionclinique-rennes.fr\/nuevo\/#organization","name":"Section clinique de Rennes - Association UFORCA","url":"http:\/\/www.sectionclinique-rennes.fr\/nuevo\/","logo":{"@type":"ImageObject","inLanguage":"fr-FR","@id":"http:\/\/www.sectionclinique-rennes.fr\/nuevo\/#\/schema\/logo\/image\/","url":"http:\/\/www.sectionclinique-rennes.fr\/nuevo\/wp-content\/uploads\/2015\/08\/logo.png","contentUrl":"http:\/\/www.sectionclinique-rennes.fr\/nuevo\/wp-content\/uploads\/2015\/08\/logo.png","width":1199,"height":276,"caption":"Section clinique de Rennes - Association UFORCA"},"image":{"@id":"http:\/\/www.sectionclinique-rennes.fr\/nuevo\/#\/schema\/logo\/image\/"}}]}},"_links":{"self":[{"href":"http:\/\/www.sectionclinique-rennes.fr\/nuevo\/wp-json\/wp\/v2\/pages\/2571","targetHints":{"allow":["GET"]}}],"collection":[{"href":"http:\/\/www.sectionclinique-rennes.fr\/nuevo\/wp-json\/wp\/v2\/pages"}],"about":[{"href":"http:\/\/www.sectionclinique-rennes.fr\/nuevo\/wp-json\/wp\/v2\/types\/page"}],"author":[{"embeddable":true,"href":"http:\/\/www.sectionclinique-rennes.fr\/nuevo\/wp-json\/wp\/v2\/users\/5"}],"replies":[{"embeddable":true,"href":"http:\/\/www.sectionclinique-rennes.fr\/nuevo\/wp-json\/wp\/v2\/comments?post=2571"}],"version-history":[{"count":11,"href":"http:\/\/www.sectionclinique-rennes.fr\/nuevo\/wp-json\/wp\/v2\/pages\/2571\/revisions"}],"predecessor-version":[{"id":3376,"href":"http:\/\/www.sectionclinique-rennes.fr\/nuevo\/wp-json\/wp\/v2\/pages\/2571\/revisions\/3376"}],"up":[{"embeddable":true,"href":"http:\/\/www.sectionclinique-rennes.fr\/nuevo\/wp-json\/wp\/v2\/pages\/16"}],"wp:attachment":[{"href":"http:\/\/www.sectionclinique-rennes.fr\/nuevo\/wp-json\/wp\/v2\/media?parent=2571"}],"curies":[{"name":"wp","href":"https:\/\/api.w.org\/{rel}","templated":true}]}}