{"id":299,"date":"2015-08-27T10:17:03","date_gmt":"2015-08-27T09:17:03","guid":{"rendered":"http:\/\/www.sectionclinique-rennes.fr\/nuevo\/?page_id=299"},"modified":"2022-06-21T20:14:21","modified_gmt":"2022-06-21T19:14:21","slug":"les-seminaires-de-texte","status":"publish","type":"page","link":"http:\/\/www.sectionclinique-rennes.fr\/nuevo\/themes\/2006-2007\/les-seminaires-de-texte\/","title":{"rendered":"S\u00e9minaires de texte"},"content":{"rendered":"<p>&nbsp;<\/p>\n<h3 style=\"text-align: left;\"><span style=\"color: #018080;\"><strong>Les grands syndromes d\u00e9lirants repris par Jacques Lacan<\/strong><\/span><\/h3>\n<p>&nbsp;<\/p>\n<p style=\"text-align: justify;\">J. Lacan a eu \u00e0 c\u0153ur de reprendre les recherches psychiatriques les plus abouties, de les int\u00e9grer \u00e0 la th\u00e9orie analytique, voire de les \u00e9lever \u00e0 la hauteur de concepts cl\u00e9s. Ce qu\u2019il est convenu d\u2019appeler la seconde psychiatrie classique (entre 1900 et 1938) a constitu\u00e9 une r\u00e9capitulation des donn\u00e9es d\u00e9couvertes au si\u00e8cle pr\u00e9c\u00e9dent, orient\u00e9e dans un sens \u00ab\u00a0ph\u00e9nom\u00e9nologique\u00a0\u00bb : on se passionne pour le v\u00e9cu int\u00e9rieur du patient, ses diff\u00e9rents niveaux, la possibilit\u00e9 d\u2019en faire converger les points essentiels avec les d\u00e9couvertes freudiennes. Une telle orientation scientifique de recherche en acte prend aujourd\u2019hui tout son prix, \u00e0 une \u00e9poque o\u00f9 un certain r\u00e9ductionnisme \u00ab\u00a0mainstream\u00a0\u00bb ne veut plus entendre parler que de causalit\u00e9s biologisantes. On s\u2019appuiera dans ce S\u00e9minaire sur deux types de textes :<\/p>\n<p style=\"text-align: justify;\">&#8211; d\u2019une part, des pr\u00e9sentations de malades de J. Lacan (1975), qui le montrent interrogeant un patient, mettant en \u00e9vidence minutieusement les particularit\u00e9s de ses positions subjectives, proposant un diagnostic, puis aidant l\u2019\u00e9quipe psychiatrique qui le lui a demand\u00e9 \u00e0 prendre des d\u00e9cisions.<\/p>\n<p style=\"text-align: justify;\">&#8211; d\u2019autre part, en contrepoint, des textes psychiatriques classiques, voire leur reformulation par Jacques Lacan, qui s\u2019y r\u00e9f\u00e8re souvent de fa\u00e7on tr\u00e8s libre.<\/p>\n<hr \/>\n<p style=\"text-align: justify;\"><span style=\"color: #018080;\">\u00a0Liens vers les autres pages du th\u00e8me :<\/span><\/p>\n<p style=\"text-align: justify;\"><a href=\"http:\/\/www.sectionclinique-rennes.fr\/nuevo\/themes\/2006-2007\/seminaire-theorique\/\" target=\"_blank\" rel=\"noopener\">S\u00e9minaires th\u00e9oriques<\/a><\/p>\n<p>&nbsp;<\/p>\n<h6><strong><em>Derni\u00e8re modification : 11\/06\/2022<\/em><\/strong><\/h6>\n","protected":false},"excerpt":{"rendered":"<p>&nbsp; Les grands syndromes d\u00e9lirants repris par Jacques Lacan &nbsp; J. Lacan a eu \u00e0 c\u0153ur de reprendre les recherches psychiatriques les plus abouties, de les int\u00e9grer \u00e0 la th\u00e9orie analytique, voire de les \u00e9lever \u00e0 la hauteur de concepts cl\u00e9s. Ce qu\u2019il est convenu d\u2019appeler la seconde psychiatrie classique\u2026<\/p>\n<p> <a class=\"continue-reading-link\" href=\"http:\/\/www.sectionclinique-rennes.fr\/nuevo\/themes\/2006-2007\/les-seminaires-de-texte\/\"><span>Continue reading<\/span><i class=\"crycon-right-dir\"><\/i><\/a> <\/p>\n","protected":false},"author":5,"featured_media":0,"parent":69,"menu_order":2,"comment_status":"closed","ping_status":"closed","template":"","meta":{"_monsterinsights_skip_tracking":false,"_monsterinsights_sitenote_active":false,"_monsterinsights_sitenote_note":"","_monsterinsights_sitenote_category":0,"footnotes":""},"class_list":["post-299","page","type-page","status-publish","hentry"],"yoast_head":"<!-- This site is optimized with the Yoast SEO plugin v25.5 - https:\/\/yoast.com\/wordpress\/plugins\/seo\/ -->\n<title>S\u00e9minaires de texte - La Section clinique de Rennes<\/title>\n<meta name=\"robots\" content=\"index, follow, max-snippet:-1, max-image-preview:large, max-video-preview:-1\" \/>\n<link rel=\"canonical\" href=\"http:\/\/www.sectionclinique-rennes.fr\/nuevo\/themes\/2006-2007\/les-seminaires-de-texte\/\" \/>\n<meta property=\"og:locale\" content=\"fr_FR\" \/>\n<meta property=\"og:type\" content=\"article\" \/>\n<meta property=\"og:title\" content=\"S\u00e9minaires de texte - La Section clinique de Rennes\" \/>\n<meta property=\"og:description\" content=\"&nbsp; Les grands syndromes d\u00e9lirants repris par Jacques Lacan &nbsp; J. Lacan a eu \u00e0 c\u0153ur de reprendre les recherches psychiatriques les plus abouties, de les int\u00e9grer \u00e0 la th\u00e9orie analytique, voire de les \u00e9lever \u00e0 la hauteur de concepts cl\u00e9s. Ce qu\u2019il est convenu d\u2019appeler la seconde psychiatrie classique\u2026 Continue reading\" \/>\n<meta property=\"og:url\" content=\"http:\/\/www.sectionclinique-rennes.fr\/nuevo\/themes\/2006-2007\/les-seminaires-de-texte\/\" \/>\n<meta property=\"og:site_name\" content=\"La Section clinique de Rennes\" \/>\n<meta property=\"article:modified_time\" content=\"2022-06-21T19:14:21+00:00\" \/>\n<meta name=\"twitter:card\" content=\"summary_large_image\" \/>\n<meta name=\"twitter:label1\" content=\"Dur\u00e9e de lecture estim\u00e9e\" \/>\n\t<meta name=\"twitter:data1\" content=\"1 minute\" \/>\n<script type=\"application\/ld+json\" class=\"yoast-schema-graph\">{\"@context\":\"https:\/\/schema.org\",\"@graph\":[{\"@type\":\"WebPage\",\"@id\":\"http:\/\/www.sectionclinique-rennes.fr\/nuevo\/themes\/2006-2007\/les-seminaires-de-texte\/\",\"url\":\"http:\/\/www.sectionclinique-rennes.fr\/nuevo\/themes\/2006-2007\/les-seminaires-de-texte\/\",\"name\":\"S\u00e9minaires de texte - La Section clinique de Rennes\",\"isPartOf\":{\"@id\":\"http:\/\/www.sectionclinique-rennes.fr\/nuevo\/#website\"},\"datePublished\":\"2015-08-27T09:17:03+00:00\",\"dateModified\":\"2022-06-21T19:14:21+00:00\",\"breadcrumb\":{\"@id\":\"http:\/\/www.sectionclinique-rennes.fr\/nuevo\/themes\/2006-2007\/les-seminaires-de-texte\/#breadcrumb\"},\"inLanguage\":\"fr-FR\",\"potentialAction\":[{\"@type\":\"ReadAction\",\"target\":[\"http:\/\/www.sectionclinique-rennes.fr\/nuevo\/themes\/2006-2007\/les-seminaires-de-texte\/\"]}]},{\"@type\":\"BreadcrumbList\",\"@id\":\"http:\/\/www.sectionclinique-rennes.fr\/nuevo\/themes\/2006-2007\/les-seminaires-de-texte\/#breadcrumb\",\"itemListElement\":[{\"@type\":\"ListItem\",\"position\":1,\"name\":\"Accueil\",\"item\":\"http:\/\/www.sectionclinique-rennes.fr\/nuevo\/\"},{\"@type\":\"ListItem\",\"position\":2,\"name\":\"Th\u00e8mes\",\"item\":\"https:\/\/www.sectionclinique-rennes.fr\/nuevo\/themes\/\"},{\"@type\":\"ListItem\",\"position\":3,\"name\":\"2006-2007\",\"item\":\"https:\/\/www.sectionclinique-rennes.fr\/nuevo\/themes\/2006-2007\/\"},{\"@type\":\"ListItem\",\"position\":4,\"name\":\"S\u00e9minaires de texte\"}]},{\"@type\":\"WebSite\",\"@id\":\"http:\/\/www.sectionclinique-rennes.fr\/nuevo\/#website\",\"url\":\"http:\/\/www.sectionclinique-rennes.fr\/nuevo\/\",\"name\":\"La Section clinique de Rennes\",\"description\":\"Association UFORCA\",\"publisher\":{\"@id\":\"http:\/\/www.sectionclinique-rennes.fr\/nuevo\/#organization\"},\"potentialAction\":[{\"@type\":\"SearchAction\",\"target\":{\"@type\":\"EntryPoint\",\"urlTemplate\":\"http:\/\/www.sectionclinique-rennes.fr\/nuevo\/?s={search_term_string}\"},\"query-input\":{\"@type\":\"PropertyValueSpecification\",\"valueRequired\":true,\"valueName\":\"search_term_string\"}}],\"inLanguage\":\"fr-FR\"},{\"@type\":\"Organization\",\"@id\":\"http:\/\/www.sectionclinique-rennes.fr\/nuevo\/#organization\",\"name\":\"Section clinique de Rennes - Association UFORCA\",\"url\":\"http:\/\/www.sectionclinique-rennes.fr\/nuevo\/\",\"logo\":{\"@type\":\"ImageObject\",\"inLanguage\":\"fr-FR\",\"@id\":\"http:\/\/www.sectionclinique-rennes.fr\/nuevo\/#\/schema\/logo\/image\/\",\"url\":\"http:\/\/www.sectionclinique-rennes.fr\/nuevo\/wp-content\/uploads\/2015\/08\/logo.png\",\"contentUrl\":\"http:\/\/www.sectionclinique-rennes.fr\/nuevo\/wp-content\/uploads\/2015\/08\/logo.png\",\"width\":1199,\"height\":276,\"caption\":\"Section clinique de Rennes - Association UFORCA\"},\"image\":{\"@id\":\"http:\/\/www.sectionclinique-rennes.fr\/nuevo\/#\/schema\/logo\/image\/\"}}]}<\/script>\n<!-- \/ Yoast SEO plugin. -->","yoast_head_json":{"title":"S\u00e9minaires de texte - La Section clinique de Rennes","robots":{"index":"index","follow":"follow","max-snippet":"max-snippet:-1","max-image-preview":"max-image-preview:large","max-video-preview":"max-video-preview:-1"},"canonical":"http:\/\/www.sectionclinique-rennes.fr\/nuevo\/themes\/2006-2007\/les-seminaires-de-texte\/","og_locale":"fr_FR","og_type":"article","og_title":"S\u00e9minaires de texte - La Section clinique de Rennes","og_description":"&nbsp; Les grands syndromes d\u00e9lirants repris par Jacques Lacan &nbsp; J. Lacan a eu \u00e0 c\u0153ur de reprendre les recherches psychiatriques les plus abouties, de les int\u00e9grer \u00e0 la th\u00e9orie analytique, voire de les \u00e9lever \u00e0 la hauteur de concepts cl\u00e9s. Ce qu\u2019il est convenu d\u2019appeler la seconde psychiatrie classique\u2026 Continue reading","og_url":"http:\/\/www.sectionclinique-rennes.fr\/nuevo\/themes\/2006-2007\/les-seminaires-de-texte\/","og_site_name":"La Section clinique de Rennes","article_modified_time":"2022-06-21T19:14:21+00:00","twitter_card":"summary_large_image","twitter_misc":{"Dur\u00e9e de lecture estim\u00e9e":"1 minute"},"schema":{"@context":"https:\/\/schema.org","@graph":[{"@type":"WebPage","@id":"http:\/\/www.sectionclinique-rennes.fr\/nuevo\/themes\/2006-2007\/les-seminaires-de-texte\/","url":"http:\/\/www.sectionclinique-rennes.fr\/nuevo\/themes\/2006-2007\/les-seminaires-de-texte\/","name":"S\u00e9minaires de texte - La Section clinique de Rennes","isPartOf":{"@id":"http:\/\/www.sectionclinique-rennes.fr\/nuevo\/#website"},"datePublished":"2015-08-27T09:17:03+00:00","dateModified":"2022-06-21T19:14:21+00:00","breadcrumb":{"@id":"http:\/\/www.sectionclinique-rennes.fr\/nuevo\/themes\/2006-2007\/les-seminaires-de-texte\/#breadcrumb"},"inLanguage":"fr-FR","potentialAction":[{"@type":"ReadAction","target":["http:\/\/www.sectionclinique-rennes.fr\/nuevo\/themes\/2006-2007\/les-seminaires-de-texte\/"]}]},{"@type":"BreadcrumbList","@id":"http:\/\/www.sectionclinique-rennes.fr\/nuevo\/themes\/2006-2007\/les-seminaires-de-texte\/#breadcrumb","itemListElement":[{"@type":"ListItem","position":1,"name":"Accueil","item":"http:\/\/www.sectionclinique-rennes.fr\/nuevo\/"},{"@type":"ListItem","position":2,"name":"Th\u00e8mes","item":"https:\/\/www.sectionclinique-rennes.fr\/nuevo\/themes\/"},{"@type":"ListItem","position":3,"name":"2006-2007","item":"https:\/\/www.sectionclinique-rennes.fr\/nuevo\/themes\/2006-2007\/"},{"@type":"ListItem","position":4,"name":"S\u00e9minaires de texte"}]},{"@type":"WebSite","@id":"http:\/\/www.sectionclinique-rennes.fr\/nuevo\/#website","url":"http:\/\/www.sectionclinique-rennes.fr\/nuevo\/","name":"La Section clinique de Rennes","description":"Association UFORCA","publisher":{"@id":"http:\/\/www.sectionclinique-rennes.fr\/nuevo\/#organization"},"potentialAction":[{"@type":"SearchAction","target":{"@type":"EntryPoint","urlTemplate":"http:\/\/www.sectionclinique-rennes.fr\/nuevo\/?s={search_term_string}"},"query-input":{"@type":"PropertyValueSpecification","valueRequired":true,"valueName":"search_term_string"}}],"inLanguage":"fr-FR"},{"@type":"Organization","@id":"http:\/\/www.sectionclinique-rennes.fr\/nuevo\/#organization","name":"Section clinique de Rennes - Association UFORCA","url":"http:\/\/www.sectionclinique-rennes.fr\/nuevo\/","logo":{"@type":"ImageObject","inLanguage":"fr-FR","@id":"http:\/\/www.sectionclinique-rennes.fr\/nuevo\/#\/schema\/logo\/image\/","url":"http:\/\/www.sectionclinique-rennes.fr\/nuevo\/wp-content\/uploads\/2015\/08\/logo.png","contentUrl":"http:\/\/www.sectionclinique-rennes.fr\/nuevo\/wp-content\/uploads\/2015\/08\/logo.png","width":1199,"height":276,"caption":"Section clinique de Rennes - Association UFORCA"},"image":{"@id":"http:\/\/www.sectionclinique-rennes.fr\/nuevo\/#\/schema\/logo\/image\/"}}]}},"_links":{"self":[{"href":"http:\/\/www.sectionclinique-rennes.fr\/nuevo\/wp-json\/wp\/v2\/pages\/299","targetHints":{"allow":["GET"]}}],"collection":[{"href":"http:\/\/www.sectionclinique-rennes.fr\/nuevo\/wp-json\/wp\/v2\/pages"}],"about":[{"href":"http:\/\/www.sectionclinique-rennes.fr\/nuevo\/wp-json\/wp\/v2\/types\/page"}],"author":[{"embeddable":true,"href":"http:\/\/www.sectionclinique-rennes.fr\/nuevo\/wp-json\/wp\/v2\/users\/5"}],"replies":[{"embeddable":true,"href":"http:\/\/www.sectionclinique-rennes.fr\/nuevo\/wp-json\/wp\/v2\/comments?post=299"}],"version-history":[{"count":14,"href":"http:\/\/www.sectionclinique-rennes.fr\/nuevo\/wp-json\/wp\/v2\/pages\/299\/revisions"}],"predecessor-version":[{"id":2897,"href":"http:\/\/www.sectionclinique-rennes.fr\/nuevo\/wp-json\/wp\/v2\/pages\/299\/revisions\/2897"}],"up":[{"embeddable":true,"href":"http:\/\/www.sectionclinique-rennes.fr\/nuevo\/wp-json\/wp\/v2\/pages\/69"}],"wp:attachment":[{"href":"http:\/\/www.sectionclinique-rennes.fr\/nuevo\/wp-json\/wp\/v2\/media?parent=299"}],"curies":[{"name":"wp","href":"https:\/\/api.w.org\/{rel}","templated":true}]}}