{"id":305,"date":"2015-08-27T10:26:40","date_gmt":"2015-08-27T09:26:40","guid":{"rendered":"http:\/\/www.sectionclinique-rennes.fr\/nuevo\/?page_id=305"},"modified":"2015-09-25T22:20:58","modified_gmt":"2015-09-25T21:20:58","slug":"les-seminaires-de-texte","status":"publish","type":"page","link":"http:\/\/www.sectionclinique-rennes.fr\/nuevo\/themes\/2009-2010\/les-seminaires-de-texte\/","title":{"rendered":"S\u00e9minaires de textes"},"content":{"rendered":"<p>&nbsp;<\/p>\n<p style=\"text-align: justify;\">La fonction paternelle chez les hyst\u00e9riques \u00e9tait rest\u00e9e une question qui avait re\u00e7u des r\u00e9ponses complexes chez Freud. Tr\u00e8s pr\u00e9sent dans les \u00ab\u00a0\u00c9tudes sur l\u2019hyst\u00e9rie\u00a0\u00bb, soit sous la forme du p\u00e8re malade, accident\u00e9, ou du p\u00e8re abuseur \u2013 notamment dans le cas Katharina. Ult\u00e9rieurement, dans les premiers textes de Freud sur la sexualit\u00e9 f\u00e9minine, et notamment dans le cas Dora, le p\u00e8re sera volontiers pr\u00e9sent\u00e9 comme la cause d\u2019une fixation pr\u00e9g\u00e9nitale emp\u00eachant l\u2019assomption d\u2019une position f\u00e9minine. N\u00e9anmoins, avec l\u2019approfondissement de la th\u00e9matique du Penisneid, le p\u00e8re appara\u00eetra bient\u00f4t, dans le Tabou de la virginit\u00e9, comme une solution secondaire \u00e0 ce probl\u00e8me de d\u00e9part. Finalement, dans les derniers \u00e9crits de Freud le p\u00e8re appara\u00eetra comme un \u00e9l\u00e9ment crucial d\u2019une \u00ab voie tr\u00e8s tortueuse \u00bb, qui est \u00e0 la fois susceptible de jouer comme \u00e9l\u00e9ment d\u2019identification dans un destin o\u00f9 toute sexualit\u00e9 est exclue, ou au contraire comme horizon d\u2019une confrontation \u00e0 l\u2019autre sexe.<\/p>\n<p style=\"text-align: justify;\">Chez Jacques Lacan, il est peu contestable que le cas Dora, si riche de d\u00e9tails, sera le plus \u00e9tudi\u00e9, mais chaque fois sous un jour diff\u00e9rent, et souvent contrast\u00e9 par un autre cas. Si, dans l\u2019intervention sur le transfert, la fonction paternelle est essentiellement \u00e9voqu\u00e9e en fonction des pr\u00e9jug\u00e9s de S. Freud, on voit ainsi la probl\u00e9matique paternelle de l\u2019hyst\u00e9rique contrast\u00e9e par rapport \u00e0 celle de la parano\u00efa dans le s\u00e9minaire \u00ab\u00a0Les psychoses\u00a0\u00bb, par rapport \u00e0 la question de la structure perverse dans le s\u00e9minaire sur La relation d\u2019objet, avec le cas d\u2019Elizabeth von R dans Les formations de l\u2019inconscient, o\u00f9 le montage du d\u00e9sir de Dora appuy\u00e9 sur Mr K est pr\u00e9sent\u00e9 comme une construction artificielle de d\u00e9fense, tant contre une position homosexuelle (Mme K) que contre l\u2019objet d\u2019\u00e9change qu\u2019elle est pour son p\u00e8re. L\u2019opposition entre demande et d\u00e9sir y trouve un de ses plus s\u00fbrs jalons.<\/p>\n<p style=\"text-align: justify;\">Dans le s\u00e9minaire \u00ab\u00a0Le transfert\u00a0\u00bb, la figure du p\u00e8re de l\u2019hyst\u00e9rique, dramatis\u00e9e par la trilogie de Claudel, oscille entre l\u2019impuissance sur laquelle s\u2019appuie secr\u00e8tement le d\u00e9sir et la trahison \u2013 l\u2019 \u00ab \u00e9change \u00bb selon le terme claud\u00e9lien \u2013 d\u00e9termin\u00e9e par le p\u00e8re.<\/p>\n<p style=\"text-align: justify;\">Le s\u00e9minaire \u00ab\u00a0L\u2019angoisse\u00a0\u00bb compl\u00e8te, \u00e0 propos de la distinction acting-out \/ passage \u00e0 l\u2019acte, le contraste entre l\u2019incidence de la fonction paternelle dans le cas Dora et dans celui de la jeune homosexuelle.<\/p>\n<p style=\"text-align: justify;\">La \u00ab duplicit\u00e9 \u00bb de l\u2019hyst\u00e9rique prend un tour structural dans le s\u00e9minaire XI, o\u00f9 elle exemplifie l\u2019Autre tromp\u00e9 comme essence de l\u2019inconscient freudien.<\/p>\n<p style=\"text-align: justify;\">Le s\u00e9minaire XVII g\u00e9n\u00e9ralise, par la cr\u00e9ation de la notion de discours, cette dichotomie et n\u00e9anmoins compl\u00e9mentarit\u00e9 entre le p\u00e8re id\u00e9al, fig\u00e9, en bout de course, ch\u00e2tr\u00e9, et l\u2019attachement sp\u00e9cifique de l\u2019hyst\u00e9rique au savoir, \u00e0 travers le contraste entre la bo\u00eete et le bijou. Il s\u2019en produit un type de jouissance qui promeut paradoxalement un savoir sur la v\u00e9rit\u00e9 \u2013 condition m\u00eame de la psychanalyse.<\/p>\n<p style=\"text-align: justify;\">Ceci sera encore accentu\u00e9 dans le s\u00e9minaire XX \u00ab\u00a0Encore\u00a0\u00bb, avec la figure du pas-tout f\u00e9minin, support de la face f\u00e9minine de Dieu.<\/p>\n<hr \/>\n<p style=\"text-align: justify;\"><span style=\"color: #fac800;\"><strong>R\u00e9f\u00e9rences :<\/strong><\/span><\/p>\n<ul style=\"text-align: justify;\">\n<li>Lacan J., <em>\u00c9crits<\/em>, Paris, 1966, Le Seuil, p.215-226 ; 290 ; 305-306 ; 596 ; 639.<\/li>\n<li>Lacan J., <em>Le S\u00e9minaire<\/em>, texte \u00e9tabli par Jacques-Alain Miller, Paris, Le Seuil :<\/li>\n<li><em>Livre III<\/em>, \u00ab\u00a0Les psychoses\u00a0\u00bb, 18-1-1956, 21-3-1956.<\/li>\n<li><em>Livre IV<\/em>, \u00ab\u00a0La relation d\u2019objet\u00a0\u00bb, 23-1-1957<\/li>\n<li><em>Livre V,<\/em>\u00a0\u00ab\u00a0Les formations de l\u2019inconscient\u00a0\u00bb, 9-4-58,16-4-58,30-4-58,14-5-58<\/li>\n<li><em>Livre VIII<\/em>, \u00ab\u00a0Le transfert\u00a0\u00bb, 19-4-61,14-6-61<\/li>\n<li><em>Livre X<\/em>, \u00ab\u00a0L\u2019angoisse\u00a0\u00bb, 23-1-63<\/li>\n<li><em>Livre XI<\/em>, \u00ab\u00a0Les quatre concepts fondamentaux de la psychanalyse\u00a0\u00bb, 29-1-64<\/li>\n<li><em>Livre XII<\/em>, \u00ab\u00a0Probl\u00e8mes cruciaux pour la psychanalyse\u00a0\u00bb, 5-5-1965 (\u00e0 paraitre)<\/li>\n<li><em>Livre XVI<\/em>, \u00ab\u00a0D\u2019un Autre \u00e0 l\u2019autre\u00a0\u00bb, 18-6-69<\/li>\n<li><em>Livre XVII<\/em>, \u00ab\u00a0L\u2019Envers de la psychanalyse\u00a0\u00bb, 11-2-70,18-2-70<\/li>\n<li><em>Livre XX<\/em>, \u00ab\u00a0Encore\u00a0\u00bb, 13-3-1973<\/li>\n<\/ul>\n<p style=\"text-align: justify;\">Et aussi :<\/p>\n<ul style=\"text-align: justify;\">\n<li>Jacques-Alain Miller, \u00ab\u00a0Jacques Lacan : remarques sur son concept de passage \u00e0 l\u2019acte\u00a0\u00bb,\u00a0<em>Actualit\u00e9s psychiatriques<\/em>, n\u00b0 1, 1988,p. 50-55<\/li>\n<li>Jacques-Alain Miller, \u00ab Pas de clinique sans \u00e9thique \u00bb, <em>Actes de l\u2019ECF<\/em>, vol. V, 1983, p.65-68<\/li>\n<li>Jacques-Alain Miller, \u00ab ((X)) \u00bb,<em> Actes de l\u2019ECF<\/em>, vol XII, 1986, p.119-125<\/li>\n<li>Jacques-Alain Miller, \u00ab \u00c0 propos des affects dans l\u2019exp\u00e9rience psychanalytique \u00bb,\u00a0<em>Actes de l\u2019ECF<\/em>, vol. X, 1986, p.119-125<\/li>\n<li>Jacques-Alain Miller, \u00ab Introduction \u00e0 l\u2019impossible \u00e0 supporter : des modalit\u00e9s du rejet \u00bb, <em>La Lettre mensuelle<\/em>, n\u00b0106, 1992, p.7-13<\/li>\n<\/ul>\n<hr \/>\n<p style=\"text-align: justify;\"><span style=\"color: #fac800;\">Liens vers les autres pages du th\u00e8me :\u00a0<\/span><\/p>\n<p style=\"text-align: justify;\"><a href=\"http:\/\/www.sectionclinique-rennes.fr\/nuevo\/themes\/2009-2010\/seminaire-theorique\/\" target=\"_blank\">S\u00e9minaires\u00a0th\u00e9oriques<\/a><\/p>\n<p style=\"text-align: justify;\"><a href=\"http:\/\/www.sectionclinique-rennes.fr\/nuevo\/themes\/2009-2010\/le-seminaire-detude-et-de-recherche-cercle\/\" target=\"_blank\">S\u00e9minaire du Cercle<\/a><\/p>\n","protected":false},"excerpt":{"rendered":"<p>&nbsp; La fonction paternelle chez les hyst\u00e9riques \u00e9tait rest\u00e9e une question qui avait re\u00e7u des r\u00e9ponses complexes chez Freud. Tr\u00e8s pr\u00e9sent dans les \u00ab\u00a0\u00c9tudes sur l\u2019hyst\u00e9rie\u00a0\u00bb, soit sous la forme du p\u00e8re malade, accident\u00e9, ou du p\u00e8re abuseur \u2013 notamment dans le cas Katharina. Ult\u00e9rieurement, dans les premiers textes de\u2026<\/p>\n<p> <a class=\"continue-reading-link\" href=\"http:\/\/www.sectionclinique-rennes.fr\/nuevo\/themes\/2009-2010\/les-seminaires-de-texte\/\"><span>Continue reading<\/span><i class=\"crycon-right-dir\"><\/i><\/a> <\/p>\n","protected":false},"author":5,"featured_media":0,"parent":78,"menu_order":1,"comment_status":"closed","ping_status":"closed","template":"","meta":{"_monsterinsights_skip_tracking":false,"_monsterinsights_sitenote_active":false,"_monsterinsights_sitenote_note":"","_monsterinsights_sitenote_category":0,"footnotes":""},"class_list":["post-305","page","type-page","status-publish","hentry"],"yoast_head":"<!-- This site is optimized with the Yoast SEO plugin v25.5 - https:\/\/yoast.com\/wordpress\/plugins\/seo\/ -->\n<title>S\u00e9minaires de textes - La Section clinique de Rennes<\/title>\n<meta name=\"robots\" content=\"index, follow, max-snippet:-1, max-image-preview:large, max-video-preview:-1\" \/>\n<link rel=\"canonical\" href=\"https:\/\/www.sectionclinique-rennes.fr\/nuevo\/themes\/2009-2010\/les-seminaires-de-texte\/\" \/>\n<meta property=\"og:locale\" content=\"fr_FR\" \/>\n<meta property=\"og:type\" content=\"article\" \/>\n<meta property=\"og:title\" content=\"S\u00e9minaires de textes - La Section clinique de Rennes\" \/>\n<meta property=\"og:description\" content=\"&nbsp; La fonction paternelle chez les hyst\u00e9riques \u00e9tait rest\u00e9e une question qui avait re\u00e7u des r\u00e9ponses complexes chez Freud. Tr\u00e8s pr\u00e9sent dans les \u00ab\u00a0\u00c9tudes sur l\u2019hyst\u00e9rie\u00a0\u00bb, soit sous la forme du p\u00e8re malade, accident\u00e9, ou du p\u00e8re abuseur \u2013 notamment dans le cas Katharina. Ult\u00e9rieurement, dans les premiers textes de\u2026 Continue reading\" \/>\n<meta property=\"og:url\" content=\"https:\/\/www.sectionclinique-rennes.fr\/nuevo\/themes\/2009-2010\/les-seminaires-de-texte\/\" \/>\n<meta property=\"og:site_name\" content=\"La Section clinique de Rennes\" \/>\n<meta property=\"article:modified_time\" content=\"2015-09-25T21:20:58+00:00\" \/>\n<meta name=\"twitter:card\" content=\"summary_large_image\" \/>\n<meta name=\"twitter:label1\" content=\"Dur\u00e9e de lecture estim\u00e9e\" \/>\n\t<meta name=\"twitter:data1\" content=\"4 minutes\" \/>\n<script type=\"application\/ld+json\" class=\"yoast-schema-graph\">{\"@context\":\"https:\/\/schema.org\",\"@graph\":[{\"@type\":\"WebPage\",\"@id\":\"https:\/\/www.sectionclinique-rennes.fr\/nuevo\/themes\/2009-2010\/les-seminaires-de-texte\/\",\"url\":\"https:\/\/www.sectionclinique-rennes.fr\/nuevo\/themes\/2009-2010\/les-seminaires-de-texte\/\",\"name\":\"S\u00e9minaires de textes - La Section clinique de Rennes\",\"isPartOf\":{\"@id\":\"http:\/\/www.sectionclinique-rennes.fr\/nuevo\/#website\"},\"datePublished\":\"2015-08-27T09:26:40+00:00\",\"dateModified\":\"2015-09-25T21:20:58+00:00\",\"breadcrumb\":{\"@id\":\"https:\/\/www.sectionclinique-rennes.fr\/nuevo\/themes\/2009-2010\/les-seminaires-de-texte\/#breadcrumb\"},\"inLanguage\":\"fr-FR\",\"potentialAction\":[{\"@type\":\"ReadAction\",\"target\":[\"https:\/\/www.sectionclinique-rennes.fr\/nuevo\/themes\/2009-2010\/les-seminaires-de-texte\/\"]}]},{\"@type\":\"BreadcrumbList\",\"@id\":\"https:\/\/www.sectionclinique-rennes.fr\/nuevo\/themes\/2009-2010\/les-seminaires-de-texte\/#breadcrumb\",\"itemListElement\":[{\"@type\":\"ListItem\",\"position\":1,\"name\":\"Accueil\",\"item\":\"http:\/\/www.sectionclinique-rennes.fr\/nuevo\/\"},{\"@type\":\"ListItem\",\"position\":2,\"name\":\"Th\u00e8mes\",\"item\":\"https:\/\/www.sectionclinique-rennes.fr\/nuevo\/themes\/\"},{\"@type\":\"ListItem\",\"position\":3,\"name\":\"2009-2010\",\"item\":\"http:\/\/www.sectionclinique-rennes.fr\/nuevo\/themes\/2009-2010\/\"},{\"@type\":\"ListItem\",\"position\":4,\"name\":\"S\u00e9minaires de textes\"}]},{\"@type\":\"WebSite\",\"@id\":\"http:\/\/www.sectionclinique-rennes.fr\/nuevo\/#website\",\"url\":\"http:\/\/www.sectionclinique-rennes.fr\/nuevo\/\",\"name\":\"La Section clinique de Rennes\",\"description\":\"Association UFORCA\",\"publisher\":{\"@id\":\"http:\/\/www.sectionclinique-rennes.fr\/nuevo\/#organization\"},\"potentialAction\":[{\"@type\":\"SearchAction\",\"target\":{\"@type\":\"EntryPoint\",\"urlTemplate\":\"http:\/\/www.sectionclinique-rennes.fr\/nuevo\/?s={search_term_string}\"},\"query-input\":{\"@type\":\"PropertyValueSpecification\",\"valueRequired\":true,\"valueName\":\"search_term_string\"}}],\"inLanguage\":\"fr-FR\"},{\"@type\":\"Organization\",\"@id\":\"http:\/\/www.sectionclinique-rennes.fr\/nuevo\/#organization\",\"name\":\"Section clinique de Rennes - Association UFORCA\",\"url\":\"http:\/\/www.sectionclinique-rennes.fr\/nuevo\/\",\"logo\":{\"@type\":\"ImageObject\",\"inLanguage\":\"fr-FR\",\"@id\":\"http:\/\/www.sectionclinique-rennes.fr\/nuevo\/#\/schema\/logo\/image\/\",\"url\":\"http:\/\/www.sectionclinique-rennes.fr\/nuevo\/wp-content\/uploads\/2015\/08\/logo.png\",\"contentUrl\":\"http:\/\/www.sectionclinique-rennes.fr\/nuevo\/wp-content\/uploads\/2015\/08\/logo.png\",\"width\":1199,\"height\":276,\"caption\":\"Section clinique de Rennes - Association UFORCA\"},\"image\":{\"@id\":\"http:\/\/www.sectionclinique-rennes.fr\/nuevo\/#\/schema\/logo\/image\/\"}}]}<\/script>\n<!-- \/ Yoast SEO plugin. -->","yoast_head_json":{"title":"S\u00e9minaires de textes - La Section clinique de Rennes","robots":{"index":"index","follow":"follow","max-snippet":"max-snippet:-1","max-image-preview":"max-image-preview:large","max-video-preview":"max-video-preview:-1"},"canonical":"https:\/\/www.sectionclinique-rennes.fr\/nuevo\/themes\/2009-2010\/les-seminaires-de-texte\/","og_locale":"fr_FR","og_type":"article","og_title":"S\u00e9minaires de textes - La Section clinique de Rennes","og_description":"&nbsp; La fonction paternelle chez les hyst\u00e9riques \u00e9tait rest\u00e9e une question qui avait re\u00e7u des r\u00e9ponses complexes chez Freud. Tr\u00e8s pr\u00e9sent dans les \u00ab\u00a0\u00c9tudes sur l\u2019hyst\u00e9rie\u00a0\u00bb, soit sous la forme du p\u00e8re malade, accident\u00e9, ou du p\u00e8re abuseur \u2013 notamment dans le cas Katharina. Ult\u00e9rieurement, dans les premiers textes de\u2026 Continue reading","og_url":"https:\/\/www.sectionclinique-rennes.fr\/nuevo\/themes\/2009-2010\/les-seminaires-de-texte\/","og_site_name":"La Section clinique de Rennes","article_modified_time":"2015-09-25T21:20:58+00:00","twitter_card":"summary_large_image","twitter_misc":{"Dur\u00e9e de lecture estim\u00e9e":"4 minutes"},"schema":{"@context":"https:\/\/schema.org","@graph":[{"@type":"WebPage","@id":"https:\/\/www.sectionclinique-rennes.fr\/nuevo\/themes\/2009-2010\/les-seminaires-de-texte\/","url":"https:\/\/www.sectionclinique-rennes.fr\/nuevo\/themes\/2009-2010\/les-seminaires-de-texte\/","name":"S\u00e9minaires de textes - La Section clinique de Rennes","isPartOf":{"@id":"http:\/\/www.sectionclinique-rennes.fr\/nuevo\/#website"},"datePublished":"2015-08-27T09:26:40+00:00","dateModified":"2015-09-25T21:20:58+00:00","breadcrumb":{"@id":"https:\/\/www.sectionclinique-rennes.fr\/nuevo\/themes\/2009-2010\/les-seminaires-de-texte\/#breadcrumb"},"inLanguage":"fr-FR","potentialAction":[{"@type":"ReadAction","target":["https:\/\/www.sectionclinique-rennes.fr\/nuevo\/themes\/2009-2010\/les-seminaires-de-texte\/"]}]},{"@type":"BreadcrumbList","@id":"https:\/\/www.sectionclinique-rennes.fr\/nuevo\/themes\/2009-2010\/les-seminaires-de-texte\/#breadcrumb","itemListElement":[{"@type":"ListItem","position":1,"name":"Accueil","item":"http:\/\/www.sectionclinique-rennes.fr\/nuevo\/"},{"@type":"ListItem","position":2,"name":"Th\u00e8mes","item":"https:\/\/www.sectionclinique-rennes.fr\/nuevo\/themes\/"},{"@type":"ListItem","position":3,"name":"2009-2010","item":"http:\/\/www.sectionclinique-rennes.fr\/nuevo\/themes\/2009-2010\/"},{"@type":"ListItem","position":4,"name":"S\u00e9minaires de textes"}]},{"@type":"WebSite","@id":"http:\/\/www.sectionclinique-rennes.fr\/nuevo\/#website","url":"http:\/\/www.sectionclinique-rennes.fr\/nuevo\/","name":"La Section clinique de Rennes","description":"Association UFORCA","publisher":{"@id":"http:\/\/www.sectionclinique-rennes.fr\/nuevo\/#organization"},"potentialAction":[{"@type":"SearchAction","target":{"@type":"EntryPoint","urlTemplate":"http:\/\/www.sectionclinique-rennes.fr\/nuevo\/?s={search_term_string}"},"query-input":{"@type":"PropertyValueSpecification","valueRequired":true,"valueName":"search_term_string"}}],"inLanguage":"fr-FR"},{"@type":"Organization","@id":"http:\/\/www.sectionclinique-rennes.fr\/nuevo\/#organization","name":"Section clinique de Rennes - Association UFORCA","url":"http:\/\/www.sectionclinique-rennes.fr\/nuevo\/","logo":{"@type":"ImageObject","inLanguage":"fr-FR","@id":"http:\/\/www.sectionclinique-rennes.fr\/nuevo\/#\/schema\/logo\/image\/","url":"http:\/\/www.sectionclinique-rennes.fr\/nuevo\/wp-content\/uploads\/2015\/08\/logo.png","contentUrl":"http:\/\/www.sectionclinique-rennes.fr\/nuevo\/wp-content\/uploads\/2015\/08\/logo.png","width":1199,"height":276,"caption":"Section clinique de Rennes - Association UFORCA"},"image":{"@id":"http:\/\/www.sectionclinique-rennes.fr\/nuevo\/#\/schema\/logo\/image\/"}}]}},"_links":{"self":[{"href":"http:\/\/www.sectionclinique-rennes.fr\/nuevo\/wp-json\/wp\/v2\/pages\/305","targetHints":{"allow":["GET"]}}],"collection":[{"href":"http:\/\/www.sectionclinique-rennes.fr\/nuevo\/wp-json\/wp\/v2\/pages"}],"about":[{"href":"http:\/\/www.sectionclinique-rennes.fr\/nuevo\/wp-json\/wp\/v2\/types\/page"}],"author":[{"embeddable":true,"href":"http:\/\/www.sectionclinique-rennes.fr\/nuevo\/wp-json\/wp\/v2\/users\/5"}],"replies":[{"embeddable":true,"href":"http:\/\/www.sectionclinique-rennes.fr\/nuevo\/wp-json\/wp\/v2\/comments?post=305"}],"version-history":[{"count":15,"href":"http:\/\/www.sectionclinique-rennes.fr\/nuevo\/wp-json\/wp\/v2\/pages\/305\/revisions"}],"predecessor-version":[{"id":1327,"href":"http:\/\/www.sectionclinique-rennes.fr\/nuevo\/wp-json\/wp\/v2\/pages\/305\/revisions\/1327"}],"up":[{"embeddable":true,"href":"http:\/\/www.sectionclinique-rennes.fr\/nuevo\/wp-json\/wp\/v2\/pages\/78"}],"wp:attachment":[{"href":"http:\/\/www.sectionclinique-rennes.fr\/nuevo\/wp-json\/wp\/v2\/media?parent=305"}],"curies":[{"name":"wp","href":"https:\/\/api.w.org\/{rel}","templated":true}]}}