{"id":312,"date":"2015-08-27T10:51:04","date_gmt":"2015-08-27T09:51:04","guid":{"rendered":"http:\/\/www.sectionclinique-rennes.fr\/nuevo\/?page_id=312"},"modified":"2022-06-22T14:46:00","modified_gmt":"2022-06-22T13:46:00","slug":"le-seminaire-detude-et-de-recherche-cercle","status":"publish","type":"page","link":"http:\/\/www.sectionclinique-rennes.fr\/nuevo\/themes\/2009-2010\/le-seminaire-detude-et-de-recherche-cercle\/","title":{"rendered":"S\u00e9minaire du Cercle"},"content":{"rendered":"<h3><span style=\"color: #ff9d00;\"><strong>Retour sur l&rsquo;hyst\u00e9rie et la question du p\u00e8re<\/strong><\/span><\/h3>\n<p>&nbsp;<\/p>\n<p style=\"text-align: justify;\">Le s\u00e9minaire du Cercle sera orient\u00e9 cette ann\u00e9e par le th\u00e8me d\u2019\u00e9tude de la Section Clinique de Rennes : La question de l\u2019hyst\u00e9rie et la question du p\u00e8re dans la clinique. Le cas Dora, dont Freud hausse le texte \u00ab Au ton d\u2019une Princesse de Cl\u00e8ves en proie \u00e0 un b\u00e2illon infernal \u00bb (\u00c9crits, p.223) est explicite sur l\u2019amour que l\u2019hyst\u00e9rique porte \u00e0 son p\u00e8re.<\/p>\n<p style=\"text-align: justify;\">Dora aime son p\u00e8re, d\u2019autant qu\u2019il ne lui donne pas symboliquement ce dont elle manque. Elle l\u2019aime pr\u00e9cis\u00e9ment pour ce qu\u2019il ne lui donne pas. Elle s\u2019identifie \u00e0 ce p\u00e8re et \u00e0 son d\u00e9sir. Elle le montre par son amour pour celle qu\u2019il aime, Madame K et le signifie par le sympt\u00f4me qu\u2019elle lui emprunte, sa toux. Ce p\u00e8re, id\u00e9alis\u00e9, est un homme malade, et de plus impuissant.<\/p>\n<p style=\"text-align: justify;\">Lacan nous enseigne que la v\u00e9rit\u00e9 dont l\u2019hyst\u00e9rique est en qu\u00eate, la \u00ab v\u00e9rit\u00e9 du ma\u00eetre qu\u2019elle incarne \u00bb, est que le ma\u00eetre est ch\u00e2tr\u00e9 (S\u00e9minaire XVII). Le p\u00e8re est l\u2019objet de la premi\u00e8re identification freudienne, primordiale, cannibalique. La seconde identification est celle d\u2019un trait pr\u00e9lev\u00e9 sur le p\u00e8re : la toux de Dora. L\u2019interdit de l\u2019inceste est structural, parce qu\u2019il y a le symbolique. Le complexe d\u2019\u0152dipe, Lacan l\u2019appelle le Nom-du-P\u00e8re, \u00ab Ce qui veut dire le p\u00e8re comme nom (\u2026) et non seulement le p\u00e8re comme nom, mais le p\u00e8re comme nommant. \u00bb La fonction du p\u00e8re est de nommer. Lacan propose de l\u2019\u00e9crire n\u2019hommer.<\/p>\n<p style=\"text-align: justify;\">La nomination est ce qui noue les trois consistances : r\u00e9elle, symbolique et imaginaire. Le Nom-du-P\u00e8re n\u2019est rien d\u2019autre que ce n\u0153ud. \u00ab La fonction radicale du Nom-du-P\u00e8re est de donner un nom aux choses, avec toutes les cons\u00e9quences que \u00e7a comporte, jusqu\u2019au jouir notamment. \u00bb (J. Lacan, \u00ab\u00a0RSI\u00a0\u00bb, S\u00e9minaire du 11 mars 1975, Ornicar N\u00b0 5) Le s\u00e9minaire du Cercle sera particuli\u00e8rement attentif cette ann\u00e9e au rep\u00e9rage de la fonction paternelle dans la construction du cas. La question de la nomination sera une orientation vers la prochaine rencontre europ\u00e9enne du Champ freudien.<\/p>\n<hr \/>\n<p><span style=\"color: #ff9d00;\">Liens vers les autres pages du th\u00e8me :<\/span><\/p>\n<p><a href=\"http:\/\/www.sectionclinique-rennes.fr\/nuevo\/themes\/2009-2010\/seminaire-theorique\/\" target=\"_blank\" rel=\"noopener\">S\u00e9minaires th\u00e9oriques<\/a><\/p>\n<p><a href=\"http:\/\/www.sectionclinique-rennes.fr\/nuevo\/themes\/2009-2010\/les-seminaires-de-texte\/\" target=\"_blank\" rel=\"noopener\">S\u00e9minaires de textes<\/a><\/p>\n<p>&nbsp;<\/p>\n<h6 style=\"font-weight: 400;\"><strong><em>Derni\u00e8re modification : 25\/09\/2015<\/em><\/strong><\/h6>\n","protected":false},"excerpt":{"rendered":"<p>Retour sur l&rsquo;hyst\u00e9rie et la question du p\u00e8re &nbsp; Le s\u00e9minaire du Cercle sera orient\u00e9 cette ann\u00e9e par le th\u00e8me d\u2019\u00e9tude de la Section Clinique de Rennes : La question de l\u2019hyst\u00e9rie et la question du p\u00e8re dans la clinique. Le cas Dora, dont Freud hausse le texte \u00ab Au\u2026<\/p>\n<p> <a class=\"continue-reading-link\" href=\"http:\/\/www.sectionclinique-rennes.fr\/nuevo\/themes\/2009-2010\/le-seminaire-detude-et-de-recherche-cercle\/\"><span>Continue reading<\/span><i class=\"crycon-right-dir\"><\/i><\/a> <\/p>\n","protected":false},"author":5,"featured_media":0,"parent":78,"menu_order":3,"comment_status":"closed","ping_status":"closed","template":"","meta":{"_monsterinsights_skip_tracking":false,"_monsterinsights_sitenote_active":false,"_monsterinsights_sitenote_note":"","_monsterinsights_sitenote_category":0,"footnotes":""},"class_list":["post-312","page","type-page","status-publish","hentry"],"yoast_head":"<!-- This site is optimized with the Yoast SEO plugin v25.5 - https:\/\/yoast.com\/wordpress\/plugins\/seo\/ -->\n<title>S\u00e9minaire du Cercle - La Section clinique de Rennes<\/title>\n<meta name=\"robots\" content=\"index, follow, max-snippet:-1, max-image-preview:large, max-video-preview:-1\" \/>\n<link rel=\"canonical\" href=\"https:\/\/www.sectionclinique-rennes.fr\/nuevo\/themes\/2009-2010\/le-seminaire-detude-et-de-recherche-cercle\/\" \/>\n<meta property=\"og:locale\" content=\"fr_FR\" \/>\n<meta property=\"og:type\" content=\"article\" \/>\n<meta property=\"og:title\" content=\"S\u00e9minaire du Cercle - La Section clinique de Rennes\" \/>\n<meta property=\"og:description\" content=\"Retour sur l&rsquo;hyst\u00e9rie et la question du p\u00e8re &nbsp; Le s\u00e9minaire du Cercle sera orient\u00e9 cette ann\u00e9e par le th\u00e8me d\u2019\u00e9tude de la Section Clinique de Rennes : La question de l\u2019hyst\u00e9rie et la question du p\u00e8re dans la clinique. Le cas Dora, dont Freud hausse le texte \u00ab Au\u2026 Continue reading\" \/>\n<meta property=\"og:url\" content=\"https:\/\/www.sectionclinique-rennes.fr\/nuevo\/themes\/2009-2010\/le-seminaire-detude-et-de-recherche-cercle\/\" \/>\n<meta property=\"og:site_name\" content=\"La Section clinique de Rennes\" \/>\n<meta property=\"article:modified_time\" content=\"2022-06-22T13:46:00+00:00\" \/>\n<meta name=\"twitter:card\" content=\"summary_large_image\" \/>\n<meta name=\"twitter:label1\" content=\"Dur\u00e9e de lecture estim\u00e9e\" \/>\n\t<meta name=\"twitter:data1\" content=\"2 minutes\" \/>\n<script type=\"application\/ld+json\" class=\"yoast-schema-graph\">{\"@context\":\"https:\/\/schema.org\",\"@graph\":[{\"@type\":\"WebPage\",\"@id\":\"https:\/\/www.sectionclinique-rennes.fr\/nuevo\/themes\/2009-2010\/le-seminaire-detude-et-de-recherche-cercle\/\",\"url\":\"https:\/\/www.sectionclinique-rennes.fr\/nuevo\/themes\/2009-2010\/le-seminaire-detude-et-de-recherche-cercle\/\",\"name\":\"S\u00e9minaire du Cercle - La Section clinique de Rennes\",\"isPartOf\":{\"@id\":\"http:\/\/www.sectionclinique-rennes.fr\/nuevo\/#website\"},\"datePublished\":\"2015-08-27T09:51:04+00:00\",\"dateModified\":\"2022-06-22T13:46:00+00:00\",\"breadcrumb\":{\"@id\":\"https:\/\/www.sectionclinique-rennes.fr\/nuevo\/themes\/2009-2010\/le-seminaire-detude-et-de-recherche-cercle\/#breadcrumb\"},\"inLanguage\":\"fr-FR\",\"potentialAction\":[{\"@type\":\"ReadAction\",\"target\":[\"https:\/\/www.sectionclinique-rennes.fr\/nuevo\/themes\/2009-2010\/le-seminaire-detude-et-de-recherche-cercle\/\"]}]},{\"@type\":\"BreadcrumbList\",\"@id\":\"https:\/\/www.sectionclinique-rennes.fr\/nuevo\/themes\/2009-2010\/le-seminaire-detude-et-de-recherche-cercle\/#breadcrumb\",\"itemListElement\":[{\"@type\":\"ListItem\",\"position\":1,\"name\":\"Accueil\",\"item\":\"http:\/\/www.sectionclinique-rennes.fr\/nuevo\/\"},{\"@type\":\"ListItem\",\"position\":2,\"name\":\"Th\u00e8mes\",\"item\":\"https:\/\/www.sectionclinique-rennes.fr\/nuevo\/themes\/\"},{\"@type\":\"ListItem\",\"position\":3,\"name\":\"2009-2010\",\"item\":\"http:\/\/www.sectionclinique-rennes.fr\/nuevo\/themes\/2009-2010\/\"},{\"@type\":\"ListItem\",\"position\":4,\"name\":\"S\u00e9minaire du Cercle\"}]},{\"@type\":\"WebSite\",\"@id\":\"http:\/\/www.sectionclinique-rennes.fr\/nuevo\/#website\",\"url\":\"http:\/\/www.sectionclinique-rennes.fr\/nuevo\/\",\"name\":\"La Section clinique de Rennes\",\"description\":\"Association UFORCA\",\"publisher\":{\"@id\":\"http:\/\/www.sectionclinique-rennes.fr\/nuevo\/#organization\"},\"potentialAction\":[{\"@type\":\"SearchAction\",\"target\":{\"@type\":\"EntryPoint\",\"urlTemplate\":\"http:\/\/www.sectionclinique-rennes.fr\/nuevo\/?s={search_term_string}\"},\"query-input\":{\"@type\":\"PropertyValueSpecification\",\"valueRequired\":true,\"valueName\":\"search_term_string\"}}],\"inLanguage\":\"fr-FR\"},{\"@type\":\"Organization\",\"@id\":\"http:\/\/www.sectionclinique-rennes.fr\/nuevo\/#organization\",\"name\":\"Section clinique de Rennes - Association UFORCA\",\"url\":\"http:\/\/www.sectionclinique-rennes.fr\/nuevo\/\",\"logo\":{\"@type\":\"ImageObject\",\"inLanguage\":\"fr-FR\",\"@id\":\"http:\/\/www.sectionclinique-rennes.fr\/nuevo\/#\/schema\/logo\/image\/\",\"url\":\"http:\/\/www.sectionclinique-rennes.fr\/nuevo\/wp-content\/uploads\/2015\/08\/logo.png\",\"contentUrl\":\"http:\/\/www.sectionclinique-rennes.fr\/nuevo\/wp-content\/uploads\/2015\/08\/logo.png\",\"width\":1199,\"height\":276,\"caption\":\"Section clinique de Rennes - Association UFORCA\"},\"image\":{\"@id\":\"http:\/\/www.sectionclinique-rennes.fr\/nuevo\/#\/schema\/logo\/image\/\"}}]}<\/script>\n<!-- \/ Yoast SEO plugin. -->","yoast_head_json":{"title":"S\u00e9minaire du Cercle - La Section clinique de Rennes","robots":{"index":"index","follow":"follow","max-snippet":"max-snippet:-1","max-image-preview":"max-image-preview:large","max-video-preview":"max-video-preview:-1"},"canonical":"https:\/\/www.sectionclinique-rennes.fr\/nuevo\/themes\/2009-2010\/le-seminaire-detude-et-de-recherche-cercle\/","og_locale":"fr_FR","og_type":"article","og_title":"S\u00e9minaire du Cercle - La Section clinique de Rennes","og_description":"Retour sur l&rsquo;hyst\u00e9rie et la question du p\u00e8re &nbsp; Le s\u00e9minaire du Cercle sera orient\u00e9 cette ann\u00e9e par le th\u00e8me d\u2019\u00e9tude de la Section Clinique de Rennes : La question de l\u2019hyst\u00e9rie et la question du p\u00e8re dans la clinique. Le cas Dora, dont Freud hausse le texte \u00ab Au\u2026 Continue reading","og_url":"https:\/\/www.sectionclinique-rennes.fr\/nuevo\/themes\/2009-2010\/le-seminaire-detude-et-de-recherche-cercle\/","og_site_name":"La Section clinique de Rennes","article_modified_time":"2022-06-22T13:46:00+00:00","twitter_card":"summary_large_image","twitter_misc":{"Dur\u00e9e de lecture estim\u00e9e":"2 minutes"},"schema":{"@context":"https:\/\/schema.org","@graph":[{"@type":"WebPage","@id":"https:\/\/www.sectionclinique-rennes.fr\/nuevo\/themes\/2009-2010\/le-seminaire-detude-et-de-recherche-cercle\/","url":"https:\/\/www.sectionclinique-rennes.fr\/nuevo\/themes\/2009-2010\/le-seminaire-detude-et-de-recherche-cercle\/","name":"S\u00e9minaire du Cercle - La Section clinique de Rennes","isPartOf":{"@id":"http:\/\/www.sectionclinique-rennes.fr\/nuevo\/#website"},"datePublished":"2015-08-27T09:51:04+00:00","dateModified":"2022-06-22T13:46:00+00:00","breadcrumb":{"@id":"https:\/\/www.sectionclinique-rennes.fr\/nuevo\/themes\/2009-2010\/le-seminaire-detude-et-de-recherche-cercle\/#breadcrumb"},"inLanguage":"fr-FR","potentialAction":[{"@type":"ReadAction","target":["https:\/\/www.sectionclinique-rennes.fr\/nuevo\/themes\/2009-2010\/le-seminaire-detude-et-de-recherche-cercle\/"]}]},{"@type":"BreadcrumbList","@id":"https:\/\/www.sectionclinique-rennes.fr\/nuevo\/themes\/2009-2010\/le-seminaire-detude-et-de-recherche-cercle\/#breadcrumb","itemListElement":[{"@type":"ListItem","position":1,"name":"Accueil","item":"http:\/\/www.sectionclinique-rennes.fr\/nuevo\/"},{"@type":"ListItem","position":2,"name":"Th\u00e8mes","item":"https:\/\/www.sectionclinique-rennes.fr\/nuevo\/themes\/"},{"@type":"ListItem","position":3,"name":"2009-2010","item":"http:\/\/www.sectionclinique-rennes.fr\/nuevo\/themes\/2009-2010\/"},{"@type":"ListItem","position":4,"name":"S\u00e9minaire du Cercle"}]},{"@type":"WebSite","@id":"http:\/\/www.sectionclinique-rennes.fr\/nuevo\/#website","url":"http:\/\/www.sectionclinique-rennes.fr\/nuevo\/","name":"La Section clinique de Rennes","description":"Association UFORCA","publisher":{"@id":"http:\/\/www.sectionclinique-rennes.fr\/nuevo\/#organization"},"potentialAction":[{"@type":"SearchAction","target":{"@type":"EntryPoint","urlTemplate":"http:\/\/www.sectionclinique-rennes.fr\/nuevo\/?s={search_term_string}"},"query-input":{"@type":"PropertyValueSpecification","valueRequired":true,"valueName":"search_term_string"}}],"inLanguage":"fr-FR"},{"@type":"Organization","@id":"http:\/\/www.sectionclinique-rennes.fr\/nuevo\/#organization","name":"Section clinique de Rennes - Association UFORCA","url":"http:\/\/www.sectionclinique-rennes.fr\/nuevo\/","logo":{"@type":"ImageObject","inLanguage":"fr-FR","@id":"http:\/\/www.sectionclinique-rennes.fr\/nuevo\/#\/schema\/logo\/image\/","url":"http:\/\/www.sectionclinique-rennes.fr\/nuevo\/wp-content\/uploads\/2015\/08\/logo.png","contentUrl":"http:\/\/www.sectionclinique-rennes.fr\/nuevo\/wp-content\/uploads\/2015\/08\/logo.png","width":1199,"height":276,"caption":"Section clinique de Rennes - Association UFORCA"},"image":{"@id":"http:\/\/www.sectionclinique-rennes.fr\/nuevo\/#\/schema\/logo\/image\/"}}]}},"_links":{"self":[{"href":"http:\/\/www.sectionclinique-rennes.fr\/nuevo\/wp-json\/wp\/v2\/pages\/312","targetHints":{"allow":["GET"]}}],"collection":[{"href":"http:\/\/www.sectionclinique-rennes.fr\/nuevo\/wp-json\/wp\/v2\/pages"}],"about":[{"href":"http:\/\/www.sectionclinique-rennes.fr\/nuevo\/wp-json\/wp\/v2\/types\/page"}],"author":[{"embeddable":true,"href":"http:\/\/www.sectionclinique-rennes.fr\/nuevo\/wp-json\/wp\/v2\/users\/5"}],"replies":[{"embeddable":true,"href":"http:\/\/www.sectionclinique-rennes.fr\/nuevo\/wp-json\/wp\/v2\/comments?post=312"}],"version-history":[{"count":15,"href":"http:\/\/www.sectionclinique-rennes.fr\/nuevo\/wp-json\/wp\/v2\/pages\/312\/revisions"}],"predecessor-version":[{"id":2934,"href":"http:\/\/www.sectionclinique-rennes.fr\/nuevo\/wp-json\/wp\/v2\/pages\/312\/revisions\/2934"}],"up":[{"embeddable":true,"href":"http:\/\/www.sectionclinique-rennes.fr\/nuevo\/wp-json\/wp\/v2\/pages\/78"}],"wp:attachment":[{"href":"http:\/\/www.sectionclinique-rennes.fr\/nuevo\/wp-json\/wp\/v2\/media?parent=312"}],"curies":[{"name":"wp","href":"https:\/\/api.w.org\/{rel}","templated":true}]}}