{"id":322,"date":"2015-08-27T11:03:36","date_gmt":"2015-08-27T10:03:36","guid":{"rendered":"http:\/\/www.sectionclinique-rennes.fr\/nuevo\/?page_id=322"},"modified":"2015-09-24T18:23:35","modified_gmt":"2015-09-24T17:23:35","slug":"seminaire-theorique","status":"publish","type":"page","link":"http:\/\/www.sectionclinique-rennes.fr\/nuevo\/themes\/2007-2008\/seminaire-theorique\/","title":{"rendered":"S\u00e9minaires th\u00e9oriques"},"content":{"rendered":"<p>&nbsp;<\/p>\n<p style=\"text-align: justify;\">Si la Section clinique de Rennes a mis \u00e0 son programme l\u2019\u00e9tude suivie de T\u00e9l\u00e9vision de Jacques Lacan, c\u2019est d\u2019abord parce qu\u2019il y donne les rares indications qu\u2019il a pu formuler dans tout son enseignement sur la d\u00e9pression. Il y indique d\u2019ailleurs que la d\u00e9pression en tant qu\u2019affect est du corps mais qu\u2019elle \u00ab\u00a0peut aller jusqu\u2019\u00e0 la psychose\u00a0\u00bb quand elle est rejet de l\u2019inconscient. On peut voir dans ces indications l\u2019esquisse d\u2019une clinique continuiste de l\u2019humeur telle qu\u2019elle a \u00e9t\u00e9 abord\u00e9e \u00e0 la journ\u00e9e des Sections cliniques (UFORCA), le 29 Juin 2007.<\/p>\n<p style=\"text-align: justify;\">Les ph\u00e9nom\u00e8nes d\u00e9pressifs renvoient \u00e0 l\u2019atteinte de la brillance phallique, mais ils peuvent aussi prendre la valeur d\u2019un ph\u00e9nom\u00e8ne \u00e9l\u00e9mentaire. Ceci nous am\u00e8ne \u00e0 les penser comme pouvant relever de diverses formes cliniques, et la difficult\u00e9 \u00e0 les cerner est particuli\u00e8rement aigu\u00eb dans les psychoses ordinaires, c\u2019est \u00e0 dire non d\u00e9clench\u00e9es. Ces ph\u00e9nom\u00e8nes d\u00e9pressifs sont faussement rassembl\u00e9s sous la d\u00e9nomination de \u00ab\u00a0troubles\u00a0\u00bb par les manuels diagnostiques statistiques, qui masquent ainsi leur vari\u00e9t\u00e9 et leur gravit\u00e9 \u00e9ventuelle et conduisent \u00e0 des diagnostics et \u00e0 des prescriptions erron\u00e9es.<\/p>\n<p style=\"text-align: justify;\">Mais en \u00e9tudiant T\u00e9l\u00e9vision, nous abordons un champ beaucoup plus vaste, car ce texte bref pr\u00e9sente un vaste panorama de la doctrine du dernier Lacan. R\u00e9pondant \u00e0 Jacques-Alain Miller, il brosse un tableau du rapport de la psychanalyse \u00e0 l\u2019ensemble des probl\u00e8mes qui agitent la soci\u00e9t\u00e9 post-soixante-huit, dans ces ann\u00e9es-l\u00e0 en France. Non seulement la d\u00e9peint-t-il d\u2019un trait ac\u00e9r\u00e9, mais encore trace-t-il la voie par laquelle la psychanalyse peut intervenir dans le discours du ma\u00eetre, sur le d\u00e9clin de l\u2019autorit\u00e9 paternelle et familiale, sur le f\u00e9minisme, sur le corps, sur l\u2019inconscient. Il reformule ainsi la praxis psychanalytique pour un temps qui n\u2019est plus celui de Freud.<\/p>\n<p style=\"text-align: justify;\">La formule de l\u2019\u00e9mission t\u00e9l\u00e9visuelle, puisque cet \u00e9crit \u00e9tait appel\u00e9 \u00e0 \u00eatre diffus\u00e9, oblige \u00e0 une concision que rehausse l\u2019exigence de son jeune interlocuteur. T\u00e9l\u00e9vision, bien que destin\u00e9 \u00e0 un public large, n\u2019est pas un texte ais\u00e9 \u00e0 d\u00e9chiffrer. Il appelle \u00e0 un commentaire extensif, il introduit, non pas \u00e0 la toute derni\u00e8re, mais en tout cas \u00e0 la derni\u00e8re clinique de Lacan, selon la distinction que Jacques-Alain Miller proposait cette ann\u00e9e dans son cours. C\u2019est une clinique pour l\u2019\u00e9poque post-moderne, celle ou l\u2019objet a &#8211; en toc &#8211; est au Z\u00e9nith, celle ou le sujet d\u00e9boussol\u00e9 doit plus que jamais tenter de se d\u00e9brouiller avec son sympt\u00f4me. C\u2019est une clinique de la jouissance qui se formule d\u2019une fa\u00e7on paradoxale : \u00ab\u00a0le sujet est heureux.\u00a0\u00bb<\/p>\n<hr \/>\n<p style=\"text-align: justify;\"><span style=\"color: #008080;\">Liens vers les autres pages du th\u00e8me :<\/span><\/p>\n<p style=\"text-align: justify;\"><a href=\"http:\/\/www.sectionclinique-rennes.fr\/nuevo\/themes\/2007-2008\/seminaire-de-textes\/\" target=\"_blank\">S\u00e9minaires de textes<\/a><\/p>\n<p style=\"text-align: justify;\"><a href=\"http:\/\/www.sectionclinique-rennes.fr\/nuevo\/themes\/2007-2008\/seminaire-detude-et-de-recherche\/\" target=\"_blank\">S\u00e9minaire du Cercle<\/a><\/p>\n","protected":false},"excerpt":{"rendered":"<p>&nbsp; Si la Section clinique de Rennes a mis \u00e0 son programme l\u2019\u00e9tude suivie de T\u00e9l\u00e9vision de Jacques Lacan, c\u2019est d\u2019abord parce qu\u2019il y donne les rares indications qu\u2019il a pu formuler dans tout son enseignement sur la d\u00e9pression. Il y indique d\u2019ailleurs que la d\u00e9pression en tant qu\u2019affect est\u2026<\/p>\n<p> <a class=\"continue-reading-link\" href=\"http:\/\/www.sectionclinique-rennes.fr\/nuevo\/themes\/2007-2008\/seminaire-theorique\/\"><span>Continue reading<\/span><i class=\"crycon-right-dir\"><\/i><\/a> <\/p>\n","protected":false},"author":5,"featured_media":0,"parent":71,"menu_order":0,"comment_status":"closed","ping_status":"closed","template":"","meta":{"_monsterinsights_skip_tracking":false,"_monsterinsights_sitenote_active":false,"_monsterinsights_sitenote_note":"","_monsterinsights_sitenote_category":0,"footnotes":""},"class_list":["post-322","page","type-page","status-publish","hentry"],"yoast_head":"<!-- This site is optimized with the Yoast SEO plugin v25.5 - https:\/\/yoast.com\/wordpress\/plugins\/seo\/ -->\n<title>S\u00e9minaires th\u00e9oriques - La Section clinique de Rennes<\/title>\n<meta name=\"robots\" content=\"index, follow, max-snippet:-1, max-image-preview:large, max-video-preview:-1\" \/>\n<link rel=\"canonical\" href=\"http:\/\/www.sectionclinique-rennes.fr\/nuevo\/themes\/2007-2008\/seminaire-theorique\/\" \/>\n<meta property=\"og:locale\" content=\"fr_FR\" \/>\n<meta property=\"og:type\" content=\"article\" \/>\n<meta property=\"og:title\" content=\"S\u00e9minaires th\u00e9oriques - La Section clinique de Rennes\" \/>\n<meta property=\"og:description\" content=\"&nbsp; Si la Section clinique de Rennes a mis \u00e0 son programme l\u2019\u00e9tude suivie de T\u00e9l\u00e9vision de Jacques Lacan, c\u2019est d\u2019abord parce qu\u2019il y donne les rares indications qu\u2019il a pu formuler dans tout son enseignement sur la d\u00e9pression. Il y indique d\u2019ailleurs que la d\u00e9pression en tant qu\u2019affect est\u2026 Continue reading\" \/>\n<meta property=\"og:url\" content=\"http:\/\/www.sectionclinique-rennes.fr\/nuevo\/themes\/2007-2008\/seminaire-theorique\/\" \/>\n<meta property=\"og:site_name\" content=\"La Section clinique de Rennes\" \/>\n<meta property=\"article:modified_time\" content=\"2015-09-24T17:23:35+00:00\" \/>\n<meta name=\"twitter:card\" content=\"summary_large_image\" \/>\n<meta name=\"twitter:label1\" content=\"Dur\u00e9e de lecture estim\u00e9e\" \/>\n\t<meta name=\"twitter:data1\" content=\"2 minutes\" \/>\n<script type=\"application\/ld+json\" class=\"yoast-schema-graph\">{\"@context\":\"https:\/\/schema.org\",\"@graph\":[{\"@type\":\"WebPage\",\"@id\":\"http:\/\/www.sectionclinique-rennes.fr\/nuevo\/themes\/2007-2008\/seminaire-theorique\/\",\"url\":\"http:\/\/www.sectionclinique-rennes.fr\/nuevo\/themes\/2007-2008\/seminaire-theorique\/\",\"name\":\"S\u00e9minaires th\u00e9oriques - La Section clinique de Rennes\",\"isPartOf\":{\"@id\":\"http:\/\/www.sectionclinique-rennes.fr\/nuevo\/#website\"},\"datePublished\":\"2015-08-27T10:03:36+00:00\",\"dateModified\":\"2015-09-24T17:23:35+00:00\",\"breadcrumb\":{\"@id\":\"http:\/\/www.sectionclinique-rennes.fr\/nuevo\/themes\/2007-2008\/seminaire-theorique\/#breadcrumb\"},\"inLanguage\":\"fr-FR\",\"potentialAction\":[{\"@type\":\"ReadAction\",\"target\":[\"http:\/\/www.sectionclinique-rennes.fr\/nuevo\/themes\/2007-2008\/seminaire-theorique\/\"]}]},{\"@type\":\"BreadcrumbList\",\"@id\":\"http:\/\/www.sectionclinique-rennes.fr\/nuevo\/themes\/2007-2008\/seminaire-theorique\/#breadcrumb\",\"itemListElement\":[{\"@type\":\"ListItem\",\"position\":1,\"name\":\"Accueil\",\"item\":\"http:\/\/www.sectionclinique-rennes.fr\/nuevo\/\"},{\"@type\":\"ListItem\",\"position\":2,\"name\":\"Th\u00e8mes\",\"item\":\"https:\/\/www.sectionclinique-rennes.fr\/nuevo\/themes\/\"},{\"@type\":\"ListItem\",\"position\":3,\"name\":\"2007-2008\",\"item\":\"http:\/\/www.sectionclinique-rennes.fr\/nuevo\/themes\/2007-2008\/\"},{\"@type\":\"ListItem\",\"position\":4,\"name\":\"S\u00e9minaires th\u00e9oriques\"}]},{\"@type\":\"WebSite\",\"@id\":\"http:\/\/www.sectionclinique-rennes.fr\/nuevo\/#website\",\"url\":\"http:\/\/www.sectionclinique-rennes.fr\/nuevo\/\",\"name\":\"La Section clinique de Rennes\",\"description\":\"Association UFORCA\",\"publisher\":{\"@id\":\"http:\/\/www.sectionclinique-rennes.fr\/nuevo\/#organization\"},\"potentialAction\":[{\"@type\":\"SearchAction\",\"target\":{\"@type\":\"EntryPoint\",\"urlTemplate\":\"http:\/\/www.sectionclinique-rennes.fr\/nuevo\/?s={search_term_string}\"},\"query-input\":{\"@type\":\"PropertyValueSpecification\",\"valueRequired\":true,\"valueName\":\"search_term_string\"}}],\"inLanguage\":\"fr-FR\"},{\"@type\":\"Organization\",\"@id\":\"http:\/\/www.sectionclinique-rennes.fr\/nuevo\/#organization\",\"name\":\"Section clinique de Rennes - Association UFORCA\",\"url\":\"http:\/\/www.sectionclinique-rennes.fr\/nuevo\/\",\"logo\":{\"@type\":\"ImageObject\",\"inLanguage\":\"fr-FR\",\"@id\":\"http:\/\/www.sectionclinique-rennes.fr\/nuevo\/#\/schema\/logo\/image\/\",\"url\":\"http:\/\/www.sectionclinique-rennes.fr\/nuevo\/wp-content\/uploads\/2015\/08\/logo.png\",\"contentUrl\":\"http:\/\/www.sectionclinique-rennes.fr\/nuevo\/wp-content\/uploads\/2015\/08\/logo.png\",\"width\":1199,\"height\":276,\"caption\":\"Section clinique de Rennes - Association UFORCA\"},\"image\":{\"@id\":\"http:\/\/www.sectionclinique-rennes.fr\/nuevo\/#\/schema\/logo\/image\/\"}}]}<\/script>\n<!-- \/ Yoast SEO plugin. -->","yoast_head_json":{"title":"S\u00e9minaires th\u00e9oriques - La Section clinique de Rennes","robots":{"index":"index","follow":"follow","max-snippet":"max-snippet:-1","max-image-preview":"max-image-preview:large","max-video-preview":"max-video-preview:-1"},"canonical":"http:\/\/www.sectionclinique-rennes.fr\/nuevo\/themes\/2007-2008\/seminaire-theorique\/","og_locale":"fr_FR","og_type":"article","og_title":"S\u00e9minaires th\u00e9oriques - La Section clinique de Rennes","og_description":"&nbsp; Si la Section clinique de Rennes a mis \u00e0 son programme l\u2019\u00e9tude suivie de T\u00e9l\u00e9vision de Jacques Lacan, c\u2019est d\u2019abord parce qu\u2019il y donne les rares indications qu\u2019il a pu formuler dans tout son enseignement sur la d\u00e9pression. Il y indique d\u2019ailleurs que la d\u00e9pression en tant qu\u2019affect est\u2026 Continue reading","og_url":"http:\/\/www.sectionclinique-rennes.fr\/nuevo\/themes\/2007-2008\/seminaire-theorique\/","og_site_name":"La Section clinique de Rennes","article_modified_time":"2015-09-24T17:23:35+00:00","twitter_card":"summary_large_image","twitter_misc":{"Dur\u00e9e de lecture estim\u00e9e":"2 minutes"},"schema":{"@context":"https:\/\/schema.org","@graph":[{"@type":"WebPage","@id":"http:\/\/www.sectionclinique-rennes.fr\/nuevo\/themes\/2007-2008\/seminaire-theorique\/","url":"http:\/\/www.sectionclinique-rennes.fr\/nuevo\/themes\/2007-2008\/seminaire-theorique\/","name":"S\u00e9minaires th\u00e9oriques - La Section clinique de Rennes","isPartOf":{"@id":"http:\/\/www.sectionclinique-rennes.fr\/nuevo\/#website"},"datePublished":"2015-08-27T10:03:36+00:00","dateModified":"2015-09-24T17:23:35+00:00","breadcrumb":{"@id":"http:\/\/www.sectionclinique-rennes.fr\/nuevo\/themes\/2007-2008\/seminaire-theorique\/#breadcrumb"},"inLanguage":"fr-FR","potentialAction":[{"@type":"ReadAction","target":["http:\/\/www.sectionclinique-rennes.fr\/nuevo\/themes\/2007-2008\/seminaire-theorique\/"]}]},{"@type":"BreadcrumbList","@id":"http:\/\/www.sectionclinique-rennes.fr\/nuevo\/themes\/2007-2008\/seminaire-theorique\/#breadcrumb","itemListElement":[{"@type":"ListItem","position":1,"name":"Accueil","item":"http:\/\/www.sectionclinique-rennes.fr\/nuevo\/"},{"@type":"ListItem","position":2,"name":"Th\u00e8mes","item":"https:\/\/www.sectionclinique-rennes.fr\/nuevo\/themes\/"},{"@type":"ListItem","position":3,"name":"2007-2008","item":"http:\/\/www.sectionclinique-rennes.fr\/nuevo\/themes\/2007-2008\/"},{"@type":"ListItem","position":4,"name":"S\u00e9minaires th\u00e9oriques"}]},{"@type":"WebSite","@id":"http:\/\/www.sectionclinique-rennes.fr\/nuevo\/#website","url":"http:\/\/www.sectionclinique-rennes.fr\/nuevo\/","name":"La Section clinique de Rennes","description":"Association UFORCA","publisher":{"@id":"http:\/\/www.sectionclinique-rennes.fr\/nuevo\/#organization"},"potentialAction":[{"@type":"SearchAction","target":{"@type":"EntryPoint","urlTemplate":"http:\/\/www.sectionclinique-rennes.fr\/nuevo\/?s={search_term_string}"},"query-input":{"@type":"PropertyValueSpecification","valueRequired":true,"valueName":"search_term_string"}}],"inLanguage":"fr-FR"},{"@type":"Organization","@id":"http:\/\/www.sectionclinique-rennes.fr\/nuevo\/#organization","name":"Section clinique de Rennes - Association UFORCA","url":"http:\/\/www.sectionclinique-rennes.fr\/nuevo\/","logo":{"@type":"ImageObject","inLanguage":"fr-FR","@id":"http:\/\/www.sectionclinique-rennes.fr\/nuevo\/#\/schema\/logo\/image\/","url":"http:\/\/www.sectionclinique-rennes.fr\/nuevo\/wp-content\/uploads\/2015\/08\/logo.png","contentUrl":"http:\/\/www.sectionclinique-rennes.fr\/nuevo\/wp-content\/uploads\/2015\/08\/logo.png","width":1199,"height":276,"caption":"Section clinique de Rennes - Association UFORCA"},"image":{"@id":"http:\/\/www.sectionclinique-rennes.fr\/nuevo\/#\/schema\/logo\/image\/"}}]}},"_links":{"self":[{"href":"http:\/\/www.sectionclinique-rennes.fr\/nuevo\/wp-json\/wp\/v2\/pages\/322","targetHints":{"allow":["GET"]}}],"collection":[{"href":"http:\/\/www.sectionclinique-rennes.fr\/nuevo\/wp-json\/wp\/v2\/pages"}],"about":[{"href":"http:\/\/www.sectionclinique-rennes.fr\/nuevo\/wp-json\/wp\/v2\/types\/page"}],"author":[{"embeddable":true,"href":"http:\/\/www.sectionclinique-rennes.fr\/nuevo\/wp-json\/wp\/v2\/users\/5"}],"replies":[{"embeddable":true,"href":"http:\/\/www.sectionclinique-rennes.fr\/nuevo\/wp-json\/wp\/v2\/comments?post=322"}],"version-history":[{"count":7,"href":"http:\/\/www.sectionclinique-rennes.fr\/nuevo\/wp-json\/wp\/v2\/pages\/322\/revisions"}],"predecessor-version":[{"id":1295,"href":"http:\/\/www.sectionclinique-rennes.fr\/nuevo\/wp-json\/wp\/v2\/pages\/322\/revisions\/1295"}],"up":[{"embeddable":true,"href":"http:\/\/www.sectionclinique-rennes.fr\/nuevo\/wp-json\/wp\/v2\/pages\/71"}],"wp:attachment":[{"href":"http:\/\/www.sectionclinique-rennes.fr\/nuevo\/wp-json\/wp\/v2\/media?parent=322"}],"curies":[{"name":"wp","href":"https:\/\/api.w.org\/{rel}","templated":true}]}}