{"id":324,"date":"2015-08-27T11:05:47","date_gmt":"2015-08-27T10:05:47","guid":{"rendered":"http:\/\/www.sectionclinique-rennes.fr\/nuevo\/?page_id=324"},"modified":"2015-09-24T18:24:45","modified_gmt":"2015-09-24T17:24:45","slug":"seminaire-de-textes","status":"publish","type":"page","link":"http:\/\/www.sectionclinique-rennes.fr\/nuevo\/themes\/2007-2008\/seminaire-de-textes\/","title":{"rendered":"S\u00e9minaires de textes"},"content":{"rendered":"<p>&nbsp;<\/p>\n<h3><span style=\"color: #008080;\"><strong>La d\u00e9pression dans la litt\u00e9rature scientifique<\/strong><\/span><\/h3>\n<p>&nbsp;<\/p>\n<p style=\"text-align: justify;\">La clinique psychanalytique des d\u00e9pressions a \u00e9t\u00e9 marqu\u00e9e par plusieurs tournants dont tous n\u2019ont pas eu le m\u00eame impact. Le terme d\u00e9pression, par rapport \u00e0 celui de m\u00e9lancolie, est pour le moins tardif (XIXe si\u00e8cle), alors que pas moins de huit paradigmes de la m\u00e9lancolie se sont succ\u00e9d\u00e9s depuis le pseudo-Aristote (Question XI).<\/p>\n<p style=\"text-align: justify;\">On pr\u00e9sentera les travaux les plus saillants dans le mouvement psychanalytique : les discussions entre Sigmund Freud et Karl Abraham et leurs prolongements avec l\u2019article \u00ab\u00a0Deuil et m\u00e9lancolie\u00a0\u00bb, posant les principes d\u2019une diff\u00e9renciation entre d\u00e9pression n\u00e9vrotique et psychotique ; la th\u00e8se kleinienne, inspir\u00e9e par Sandor Rado, d\u2019une position d\u00e9pressive constitutive de la subjectivit\u00e9 de l\u2019enfant, dont le stade du miroir a \u00e9t\u00e9 \u00e0 maints \u00e9gards l\u2019h\u00e9ritier ; la notion d\u2019 \u00ab enfant non bienvenu \u00bb (unwillkommenes kind) propos\u00e9e par Sandor Ferenczi ; les apports des deux cliniciennes hors pair qu\u2019ont \u00e9t\u00e9 \u00c9dith Jacobson et H\u00e9l\u00e8ne Deutsch concernant divers types de d\u00e9pression.<\/p>\n<p style=\"text-align: justify;\">Du c\u00f4t\u00e9 de Lacan, on ne pourra \u00e9viter de noter qu\u2019il sait s\u2019appuyer sur le courant ph\u00e9nom\u00e9nologique (notamment en d\u00e9pla\u00e7ant la notion de deux types de mort propos\u00e9e par Gebsattel) pour renouveler la lecture de Sigmund Freud, et que ses apports sur la question des formes de d\u00e9pression (et de manie) s\u2019appuient sur ses r\u00e9flexions concernant le caract\u00e8re factice de l\u2019objet, facticit\u00e9 qui s\u2019exprime \u00e0 ciel ouvert tant dans la m\u00e9lancolie (rejet de l\u2019inconscient, dans T\u00e9l\u00e9vision), dans la manie (perte du \u00ab\u00a0lestage\u00a0\u00bb de l\u2019objet a) que dans les d\u00e9pressions particuli\u00e8rement s\u00e9v\u00e8res, o\u00f9 se fait sentir le d\u00e9sir de rejet de l\u2019Autre parental (en r\u00e9f\u00e9rence \u00e0 Ferenczi).<\/p>\n<hr \/>\n<p style=\"text-align: justify;\"><span style=\"color: #008080;\"><strong>R\u00e9f\u00e9rences :<\/strong><\/span><\/p>\n<ul>\n<li style=\"text-align: left;\">Abraham K. (1924), \u00ab\u00a0Les \u00e9tats maniaco-d\u00e9pressifs et les \u00e9tapes pr\u00e9g\u00e9nitales de la libido\u00a0\u00bb, traduction fran\u00e7aise,\u00a0<em>Oeuvres compl\u00e8tes<\/em>,<em> T. 2<\/em>, p.255-298, Paris, Payot, 1966<\/li>\n<li style=\"text-align: left;\">Abraham, K., \u00ab\u00a0Examen de l\u2019\u00e9tape pr\u00e9g\u00e9nitale la plus pr\u00e9coce du d\u00e9veloppement de la libido\u00a0\u00bb, (1916), <em>Oeuvres compl\u00e8tes<\/em>, <em>op. cit.<\/em><\/li>\n<li style=\"text-align: left;\">Deutsch H., (1956),\u00a0<em>La psychanalyse des n\u00e9vroses<\/em>, Paris, PUF<\/li>\n<li style=\"text-align: left;\">Ferenczi S., (1929 ; 1982), \u00ab\u00a0L\u2019enfant mal accueilli et sa pulsion de mort\u00a0\u00bb, <em>Psychanalyse, T. 4<\/em>, Paris, Payot 1990<\/li>\n<li style=\"text-align: left;\">Sigmund Freud &#8211; Karl Abraham, <em>Correspondance 1907-1926<\/em>, Paris, Gallimard, 1969<\/li>\n<li style=\"text-align: left;\">Freud S., \u00ab\u00a0Deuil et m\u00e9lancolie\u00a0\u00bb (1914), <em>M\u00e9tapsychologie,<\/em>\u00a0Trad. Laplanche et Pontalis, Paris, Gallimard, 1985<\/li>\n<li style=\"text-align: left;\">Freud S., \u00ab\u00a0Les \u00e9tats de d\u00e9pendance du moi\u00a0\u00bb, (Le Moi et le Ca), <em>Essais de psychanalyse,<\/em>\u00a0Trad. S.Jank\u00e9l\u00e9vitch, Paris, Payot (pbp), 1977<\/li>\n<li style=\"text-align: left;\">Gebsattel, Dr VE, Freiherr von : Zeitbezogenes Zwangsdenken in der Melancholie. Versuch einer konstruktiven genetischen Betrachtung der Melancholiesymptome, Der Nervenarzt, 1928, Bd I, p 275-287 (traduction et intro par F. Sauvagnat : \u00ab\u00a0Temporalit\u00e9 dans la pens\u00e9e obsessionnelle. Vers une saisie de la gen\u00e8se et de la construction des sympt\u00f4mes m\u00e9lancoliques\u00a0\u00bb)<\/li>\n<li style=\"text-align: left;\">Klein M., (1934), <em>Essais de psychanalyse,<\/em>\u00a0Paris, Payot, 1968, pp.311-360<\/li>\n<li style=\"text-align: left;\">Lacan J., (1962), <em>Le S\u00e9minaire, Livre X<\/em>, \u00ab\u00a0L\u2019angoisse\u00a0\u00bb, Paris, Seuil, 2004 (notamment s\u00e9ances du 21-11-1962 et du 3-7-1963)<\/li>\n<li style=\"text-align: left;\">Lacan J., (1989), <em>Le S\u00e9minaire, Livre VII<\/em>, \u00ab\u00a0L\u2019\u00e9thique de la psychanalyse\u00a0\u00bb, Paris, Seuil, 1986<\/li>\n<li style=\"text-align: left;\">Lacan J., (1974-2001), \u00ab\u00a0T\u00e9l\u00e9vision\u00a0\u00bb, In <em>Autres \u00c9crits,<\/em>\u00a0<em>op. cit.<\/em><\/li>\n<\/ul>\n<hr \/>\n<p><span style=\"color: #008080;\">Liens vers les autres pages du th\u00e8me :<\/span><\/p>\n<p><a href=\"http:\/\/www.sectionclinique-rennes.fr\/nuevo\/themes\/2007-2008\/seminaire-theorique\/\" target=\"_blank\">S\u00e9minaires Th\u00e9oriques<\/a><\/p>\n<p><a href=\"http:\/\/www.sectionclinique-rennes.fr\/nuevo\/themes\/2007-2008\/seminaire-detude-et-de-recherche\/\" target=\"_blank\">S\u00e9minaire du Cercle<\/a><\/p>\n","protected":false},"excerpt":{"rendered":"<p>&nbsp; La d\u00e9pression dans la litt\u00e9rature scientifique &nbsp; La clinique psychanalytique des d\u00e9pressions a \u00e9t\u00e9 marqu\u00e9e par plusieurs tournants dont tous n\u2019ont pas eu le m\u00eame impact. Le terme d\u00e9pression, par rapport \u00e0 celui de m\u00e9lancolie, est pour le moins tardif (XIXe si\u00e8cle), alors que pas moins de huit paradigmes\u2026<\/p>\n<p> <a class=\"continue-reading-link\" href=\"http:\/\/www.sectionclinique-rennes.fr\/nuevo\/themes\/2007-2008\/seminaire-de-textes\/\"><span>Continue reading<\/span><i class=\"crycon-right-dir\"><\/i><\/a> <\/p>\n","protected":false},"author":5,"featured_media":0,"parent":71,"menu_order":2,"comment_status":"closed","ping_status":"closed","template":"","meta":{"_monsterinsights_skip_tracking":false,"_monsterinsights_sitenote_active":false,"_monsterinsights_sitenote_note":"","_monsterinsights_sitenote_category":0,"footnotes":""},"class_list":["post-324","page","type-page","status-publish","hentry"],"yoast_head":"<!-- This site is optimized with the Yoast SEO plugin v25.5 - https:\/\/yoast.com\/wordpress\/plugins\/seo\/ -->\n<title>S\u00e9minaires de textes - La Section clinique de Rennes<\/title>\n<meta name=\"robots\" content=\"index, follow, max-snippet:-1, max-image-preview:large, max-video-preview:-1\" \/>\n<link rel=\"canonical\" href=\"http:\/\/www.sectionclinique-rennes.fr\/nuevo\/themes\/2007-2008\/seminaire-de-textes\/\" \/>\n<meta property=\"og:locale\" content=\"fr_FR\" \/>\n<meta property=\"og:type\" content=\"article\" \/>\n<meta property=\"og:title\" content=\"S\u00e9minaires de textes - La Section clinique de Rennes\" \/>\n<meta property=\"og:description\" content=\"&nbsp; La d\u00e9pression dans la litt\u00e9rature scientifique &nbsp; La clinique psychanalytique des d\u00e9pressions a \u00e9t\u00e9 marqu\u00e9e par plusieurs tournants dont tous n\u2019ont pas eu le m\u00eame impact. Le terme d\u00e9pression, par rapport \u00e0 celui de m\u00e9lancolie, est pour le moins tardif (XIXe si\u00e8cle), alors que pas moins de huit paradigmes\u2026 Continue reading\" \/>\n<meta property=\"og:url\" content=\"http:\/\/www.sectionclinique-rennes.fr\/nuevo\/themes\/2007-2008\/seminaire-de-textes\/\" \/>\n<meta property=\"og:site_name\" content=\"La Section clinique de Rennes\" \/>\n<meta property=\"article:modified_time\" content=\"2015-09-24T17:24:45+00:00\" \/>\n<meta name=\"twitter:card\" content=\"summary_large_image\" \/>\n<meta name=\"twitter:label1\" content=\"Dur\u00e9e de lecture estim\u00e9e\" \/>\n\t<meta name=\"twitter:data1\" content=\"3 minutes\" \/>\n<script type=\"application\/ld+json\" class=\"yoast-schema-graph\">{\"@context\":\"https:\/\/schema.org\",\"@graph\":[{\"@type\":\"WebPage\",\"@id\":\"http:\/\/www.sectionclinique-rennes.fr\/nuevo\/themes\/2007-2008\/seminaire-de-textes\/\",\"url\":\"http:\/\/www.sectionclinique-rennes.fr\/nuevo\/themes\/2007-2008\/seminaire-de-textes\/\",\"name\":\"S\u00e9minaires de textes - La Section clinique de Rennes\",\"isPartOf\":{\"@id\":\"http:\/\/www.sectionclinique-rennes.fr\/nuevo\/#website\"},\"datePublished\":\"2015-08-27T10:05:47+00:00\",\"dateModified\":\"2015-09-24T17:24:45+00:00\",\"breadcrumb\":{\"@id\":\"http:\/\/www.sectionclinique-rennes.fr\/nuevo\/themes\/2007-2008\/seminaire-de-textes\/#breadcrumb\"},\"inLanguage\":\"fr-FR\",\"potentialAction\":[{\"@type\":\"ReadAction\",\"target\":[\"http:\/\/www.sectionclinique-rennes.fr\/nuevo\/themes\/2007-2008\/seminaire-de-textes\/\"]}]},{\"@type\":\"BreadcrumbList\",\"@id\":\"http:\/\/www.sectionclinique-rennes.fr\/nuevo\/themes\/2007-2008\/seminaire-de-textes\/#breadcrumb\",\"itemListElement\":[{\"@type\":\"ListItem\",\"position\":1,\"name\":\"Accueil\",\"item\":\"http:\/\/www.sectionclinique-rennes.fr\/nuevo\/\"},{\"@type\":\"ListItem\",\"position\":2,\"name\":\"Th\u00e8mes\",\"item\":\"https:\/\/www.sectionclinique-rennes.fr\/nuevo\/themes\/\"},{\"@type\":\"ListItem\",\"position\":3,\"name\":\"2007-2008\",\"item\":\"http:\/\/www.sectionclinique-rennes.fr\/nuevo\/themes\/2007-2008\/\"},{\"@type\":\"ListItem\",\"position\":4,\"name\":\"S\u00e9minaires de textes\"}]},{\"@type\":\"WebSite\",\"@id\":\"http:\/\/www.sectionclinique-rennes.fr\/nuevo\/#website\",\"url\":\"http:\/\/www.sectionclinique-rennes.fr\/nuevo\/\",\"name\":\"La Section clinique de Rennes\",\"description\":\"Association UFORCA\",\"publisher\":{\"@id\":\"http:\/\/www.sectionclinique-rennes.fr\/nuevo\/#organization\"},\"potentialAction\":[{\"@type\":\"SearchAction\",\"target\":{\"@type\":\"EntryPoint\",\"urlTemplate\":\"http:\/\/www.sectionclinique-rennes.fr\/nuevo\/?s={search_term_string}\"},\"query-input\":{\"@type\":\"PropertyValueSpecification\",\"valueRequired\":true,\"valueName\":\"search_term_string\"}}],\"inLanguage\":\"fr-FR\"},{\"@type\":\"Organization\",\"@id\":\"http:\/\/www.sectionclinique-rennes.fr\/nuevo\/#organization\",\"name\":\"Section clinique de Rennes - Association UFORCA\",\"url\":\"http:\/\/www.sectionclinique-rennes.fr\/nuevo\/\",\"logo\":{\"@type\":\"ImageObject\",\"inLanguage\":\"fr-FR\",\"@id\":\"http:\/\/www.sectionclinique-rennes.fr\/nuevo\/#\/schema\/logo\/image\/\",\"url\":\"http:\/\/www.sectionclinique-rennes.fr\/nuevo\/wp-content\/uploads\/2015\/08\/logo.png\",\"contentUrl\":\"http:\/\/www.sectionclinique-rennes.fr\/nuevo\/wp-content\/uploads\/2015\/08\/logo.png\",\"width\":1199,\"height\":276,\"caption\":\"Section clinique de Rennes - Association UFORCA\"},\"image\":{\"@id\":\"http:\/\/www.sectionclinique-rennes.fr\/nuevo\/#\/schema\/logo\/image\/\"}}]}<\/script>\n<!-- \/ Yoast SEO plugin. -->","yoast_head_json":{"title":"S\u00e9minaires de textes - La Section clinique de Rennes","robots":{"index":"index","follow":"follow","max-snippet":"max-snippet:-1","max-image-preview":"max-image-preview:large","max-video-preview":"max-video-preview:-1"},"canonical":"http:\/\/www.sectionclinique-rennes.fr\/nuevo\/themes\/2007-2008\/seminaire-de-textes\/","og_locale":"fr_FR","og_type":"article","og_title":"S\u00e9minaires de textes - La Section clinique de Rennes","og_description":"&nbsp; La d\u00e9pression dans la litt\u00e9rature scientifique &nbsp; La clinique psychanalytique des d\u00e9pressions a \u00e9t\u00e9 marqu\u00e9e par plusieurs tournants dont tous n\u2019ont pas eu le m\u00eame impact. Le terme d\u00e9pression, par rapport \u00e0 celui de m\u00e9lancolie, est pour le moins tardif (XIXe si\u00e8cle), alors que pas moins de huit paradigmes\u2026 Continue reading","og_url":"http:\/\/www.sectionclinique-rennes.fr\/nuevo\/themes\/2007-2008\/seminaire-de-textes\/","og_site_name":"La Section clinique de Rennes","article_modified_time":"2015-09-24T17:24:45+00:00","twitter_card":"summary_large_image","twitter_misc":{"Dur\u00e9e de lecture estim\u00e9e":"3 minutes"},"schema":{"@context":"https:\/\/schema.org","@graph":[{"@type":"WebPage","@id":"http:\/\/www.sectionclinique-rennes.fr\/nuevo\/themes\/2007-2008\/seminaire-de-textes\/","url":"http:\/\/www.sectionclinique-rennes.fr\/nuevo\/themes\/2007-2008\/seminaire-de-textes\/","name":"S\u00e9minaires de textes - La Section clinique de Rennes","isPartOf":{"@id":"http:\/\/www.sectionclinique-rennes.fr\/nuevo\/#website"},"datePublished":"2015-08-27T10:05:47+00:00","dateModified":"2015-09-24T17:24:45+00:00","breadcrumb":{"@id":"http:\/\/www.sectionclinique-rennes.fr\/nuevo\/themes\/2007-2008\/seminaire-de-textes\/#breadcrumb"},"inLanguage":"fr-FR","potentialAction":[{"@type":"ReadAction","target":["http:\/\/www.sectionclinique-rennes.fr\/nuevo\/themes\/2007-2008\/seminaire-de-textes\/"]}]},{"@type":"BreadcrumbList","@id":"http:\/\/www.sectionclinique-rennes.fr\/nuevo\/themes\/2007-2008\/seminaire-de-textes\/#breadcrumb","itemListElement":[{"@type":"ListItem","position":1,"name":"Accueil","item":"http:\/\/www.sectionclinique-rennes.fr\/nuevo\/"},{"@type":"ListItem","position":2,"name":"Th\u00e8mes","item":"https:\/\/www.sectionclinique-rennes.fr\/nuevo\/themes\/"},{"@type":"ListItem","position":3,"name":"2007-2008","item":"http:\/\/www.sectionclinique-rennes.fr\/nuevo\/themes\/2007-2008\/"},{"@type":"ListItem","position":4,"name":"S\u00e9minaires de textes"}]},{"@type":"WebSite","@id":"http:\/\/www.sectionclinique-rennes.fr\/nuevo\/#website","url":"http:\/\/www.sectionclinique-rennes.fr\/nuevo\/","name":"La Section clinique de Rennes","description":"Association UFORCA","publisher":{"@id":"http:\/\/www.sectionclinique-rennes.fr\/nuevo\/#organization"},"potentialAction":[{"@type":"SearchAction","target":{"@type":"EntryPoint","urlTemplate":"http:\/\/www.sectionclinique-rennes.fr\/nuevo\/?s={search_term_string}"},"query-input":{"@type":"PropertyValueSpecification","valueRequired":true,"valueName":"search_term_string"}}],"inLanguage":"fr-FR"},{"@type":"Organization","@id":"http:\/\/www.sectionclinique-rennes.fr\/nuevo\/#organization","name":"Section clinique de Rennes - Association UFORCA","url":"http:\/\/www.sectionclinique-rennes.fr\/nuevo\/","logo":{"@type":"ImageObject","inLanguage":"fr-FR","@id":"http:\/\/www.sectionclinique-rennes.fr\/nuevo\/#\/schema\/logo\/image\/","url":"http:\/\/www.sectionclinique-rennes.fr\/nuevo\/wp-content\/uploads\/2015\/08\/logo.png","contentUrl":"http:\/\/www.sectionclinique-rennes.fr\/nuevo\/wp-content\/uploads\/2015\/08\/logo.png","width":1199,"height":276,"caption":"Section clinique de Rennes - Association UFORCA"},"image":{"@id":"http:\/\/www.sectionclinique-rennes.fr\/nuevo\/#\/schema\/logo\/image\/"}}]}},"_links":{"self":[{"href":"http:\/\/www.sectionclinique-rennes.fr\/nuevo\/wp-json\/wp\/v2\/pages\/324","targetHints":{"allow":["GET"]}}],"collection":[{"href":"http:\/\/www.sectionclinique-rennes.fr\/nuevo\/wp-json\/wp\/v2\/pages"}],"about":[{"href":"http:\/\/www.sectionclinique-rennes.fr\/nuevo\/wp-json\/wp\/v2\/types\/page"}],"author":[{"embeddable":true,"href":"http:\/\/www.sectionclinique-rennes.fr\/nuevo\/wp-json\/wp\/v2\/users\/5"}],"replies":[{"embeddable":true,"href":"http:\/\/www.sectionclinique-rennes.fr\/nuevo\/wp-json\/wp\/v2\/comments?post=324"}],"version-history":[{"count":12,"href":"http:\/\/www.sectionclinique-rennes.fr\/nuevo\/wp-json\/wp\/v2\/pages\/324\/revisions"}],"predecessor-version":[{"id":1296,"href":"http:\/\/www.sectionclinique-rennes.fr\/nuevo\/wp-json\/wp\/v2\/pages\/324\/revisions\/1296"}],"up":[{"embeddable":true,"href":"http:\/\/www.sectionclinique-rennes.fr\/nuevo\/wp-json\/wp\/v2\/pages\/71"}],"wp:attachment":[{"href":"http:\/\/www.sectionclinique-rennes.fr\/nuevo\/wp-json\/wp\/v2\/media?parent=324"}],"curies":[{"name":"wp","href":"https:\/\/api.w.org\/{rel}","templated":true}]}}