{"id":326,"date":"2015-08-27T11:07:49","date_gmt":"2015-08-27T10:07:49","guid":{"rendered":"http:\/\/www.sectionclinique-rennes.fr\/nuevo\/?page_id=326"},"modified":"2015-09-24T18:25:40","modified_gmt":"2015-09-24T17:25:40","slug":"seminaire-detude-et-de-recherche","status":"publish","type":"page","link":"http:\/\/www.sectionclinique-rennes.fr\/nuevo\/themes\/2007-2008\/seminaire-detude-et-de-recherche\/","title":{"rendered":"S\u00e9minaire du Cercle"},"content":{"rendered":"<h3 style=\"text-align: justify;\"><span style=\"color: #008080;\"><strong>Variations de l&rsquo;humeur\u00a0<\/strong><\/span><\/h3>\n<p>&nbsp;<\/p>\n<p style=\"text-align: justify;\">Les occurrences de la notion de d\u00e9pression sont rares chez Lacan, signe qu\u2019il consid\u00e9rait ce concept inop\u00e9rant pour la psychanalyse : dans son texte intitul\u00e9 \u00ab Remarques sur le rapport de Daniel Lagache \u00bb, elle est ce fond, cher \u00e0 M\u00e9lanie Klein, \u00ab provoqu\u00e9 \u00bb par le silence de la pulsion de mort, seul \u00e9cho \u00e0 la question r\u00e9it\u00e9r\u00e9e du sujet sur le sens de sa vie.<\/p>\n<p style=\"text-align: justify;\">Dans T\u00e9l\u00e9vision, la d\u00e9pression est pour Lacan une l\u00e2chet\u00e9 morale : fermeture de l\u2019inconscient et cons\u00e9quence d\u2019un manquement \u00e0 l\u2019\u00e9thique du bien-dire.<\/p>\n<p style=\"text-align: justify;\">Fond quasi structural ou rejet de l\u2019inconscient, la d\u00e9pression est un affect plut\u00f4t qu\u2019un sympt\u00f4me, qu\u2019il s\u2019agit d\u00e8s lors de rapporter \u00e0 la structure clinique dans laquelle il s\u2019\u00e9panouit.<\/p>\n<p style=\"text-align: justify;\">Les d\u00e9pressions \u2013 au pluriel \u2013 augmentent la surface et diminuent la profondeur d\u2019un concept d\u00e9j\u00e0 mince : endog\u00e8nes, exog\u00e8nes, symptomatiques ou associ\u00e9es, les d\u00e9pressions distribuent cette \u00ab maladie \u00bb d\u2019\u00e9poque selon des lignes qui suivent l\u2019\u00e9clatement de la clinique psychiatrique.<\/p>\n<p style=\"text-align: justify;\">Nous aurons cette ann\u00e9e pour objectif de questionner l\u2019usage de ce terme dans notre monde actuel et de le rapporter aux structures cliniques de notre champ. Les cas pr\u00e9sent\u00e9s par les participants du s\u00e9minaire montreront de quelle fa\u00e7on peut se rouvrir, sous transfert, la voie de l\u2019inconscient.<\/p>\n<hr \/>\n<p style=\"text-align: justify;\"><span style=\"color: #008080;\">Liens vers les autres pages du th\u00e8me :<\/span><\/p>\n<p style=\"text-align: justify;\"><a href=\"http:\/\/www.sectionclinique-rennes.fr\/nuevo\/themes\/2007-2008\/seminaire-theorique\/\" target=\"_blank\">S\u00e9minaires th\u00e9oriques<\/a><\/p>\n<p style=\"text-align: justify;\"><a href=\"http:\/\/www.sectionclinique-rennes.fr\/nuevo\/themes\/2007-2008\/seminaire-de-textes\/\" target=\"_blank\">S\u00e9minaires de textes<\/a><\/p>\n","protected":false},"excerpt":{"rendered":"<p>Variations de l&rsquo;humeur\u00a0 &nbsp; Les occurrences de la notion de d\u00e9pression sont rares chez Lacan, signe qu\u2019il consid\u00e9rait ce concept inop\u00e9rant pour la psychanalyse : dans son texte intitul\u00e9 \u00ab Remarques sur le rapport de Daniel Lagache \u00bb, elle est ce fond, cher \u00e0 M\u00e9lanie Klein, \u00ab provoqu\u00e9 \u00bb par\u2026<\/p>\n<p> <a class=\"continue-reading-link\" href=\"http:\/\/www.sectionclinique-rennes.fr\/nuevo\/themes\/2007-2008\/seminaire-detude-et-de-recherche\/\"><span>Continue reading<\/span><i class=\"crycon-right-dir\"><\/i><\/a> <\/p>\n","protected":false},"author":5,"featured_media":0,"parent":71,"menu_order":3,"comment_status":"closed","ping_status":"closed","template":"","meta":{"_monsterinsights_skip_tracking":false,"_monsterinsights_sitenote_active":false,"_monsterinsights_sitenote_note":"","_monsterinsights_sitenote_category":0,"footnotes":""},"class_list":["post-326","page","type-page","status-publish","hentry"],"yoast_head":"<!-- This site is optimized with the Yoast SEO plugin v25.5 - https:\/\/yoast.com\/wordpress\/plugins\/seo\/ -->\n<title>S\u00e9minaire du Cercle - La Section clinique de Rennes<\/title>\n<meta name=\"robots\" content=\"index, follow, max-snippet:-1, max-image-preview:large, max-video-preview:-1\" \/>\n<link rel=\"canonical\" href=\"http:\/\/www.sectionclinique-rennes.fr\/nuevo\/themes\/2007-2008\/seminaire-detude-et-de-recherche\/\" \/>\n<meta property=\"og:locale\" content=\"fr_FR\" \/>\n<meta property=\"og:type\" content=\"article\" \/>\n<meta property=\"og:title\" content=\"S\u00e9minaire du Cercle - La Section clinique de Rennes\" \/>\n<meta property=\"og:description\" content=\"Variations de l&rsquo;humeur\u00a0 &nbsp; Les occurrences de la notion de d\u00e9pression sont rares chez Lacan, signe qu\u2019il consid\u00e9rait ce concept inop\u00e9rant pour la psychanalyse : dans son texte intitul\u00e9 \u00ab Remarques sur le rapport de Daniel Lagache \u00bb, elle est ce fond, cher \u00e0 M\u00e9lanie Klein, \u00ab provoqu\u00e9 \u00bb par\u2026 Continue reading\" \/>\n<meta property=\"og:url\" content=\"http:\/\/www.sectionclinique-rennes.fr\/nuevo\/themes\/2007-2008\/seminaire-detude-et-de-recherche\/\" \/>\n<meta property=\"og:site_name\" content=\"La Section clinique de Rennes\" \/>\n<meta property=\"article:modified_time\" content=\"2015-09-24T17:25:40+00:00\" \/>\n<meta name=\"twitter:card\" content=\"summary_large_image\" \/>\n<meta name=\"twitter:label1\" content=\"Dur\u00e9e de lecture estim\u00e9e\" \/>\n\t<meta name=\"twitter:data1\" content=\"1 minute\" \/>\n<script type=\"application\/ld+json\" class=\"yoast-schema-graph\">{\"@context\":\"https:\/\/schema.org\",\"@graph\":[{\"@type\":\"WebPage\",\"@id\":\"http:\/\/www.sectionclinique-rennes.fr\/nuevo\/themes\/2007-2008\/seminaire-detude-et-de-recherche\/\",\"url\":\"http:\/\/www.sectionclinique-rennes.fr\/nuevo\/themes\/2007-2008\/seminaire-detude-et-de-recherche\/\",\"name\":\"S\u00e9minaire du Cercle - La Section clinique de Rennes\",\"isPartOf\":{\"@id\":\"http:\/\/www.sectionclinique-rennes.fr\/nuevo\/#website\"},\"datePublished\":\"2015-08-27T10:07:49+00:00\",\"dateModified\":\"2015-09-24T17:25:40+00:00\",\"breadcrumb\":{\"@id\":\"http:\/\/www.sectionclinique-rennes.fr\/nuevo\/themes\/2007-2008\/seminaire-detude-et-de-recherche\/#breadcrumb\"},\"inLanguage\":\"fr-FR\",\"potentialAction\":[{\"@type\":\"ReadAction\",\"target\":[\"http:\/\/www.sectionclinique-rennes.fr\/nuevo\/themes\/2007-2008\/seminaire-detude-et-de-recherche\/\"]}]},{\"@type\":\"BreadcrumbList\",\"@id\":\"http:\/\/www.sectionclinique-rennes.fr\/nuevo\/themes\/2007-2008\/seminaire-detude-et-de-recherche\/#breadcrumb\",\"itemListElement\":[{\"@type\":\"ListItem\",\"position\":1,\"name\":\"Accueil\",\"item\":\"http:\/\/www.sectionclinique-rennes.fr\/nuevo\/\"},{\"@type\":\"ListItem\",\"position\":2,\"name\":\"Th\u00e8mes\",\"item\":\"https:\/\/www.sectionclinique-rennes.fr\/nuevo\/themes\/\"},{\"@type\":\"ListItem\",\"position\":3,\"name\":\"2007-2008\",\"item\":\"http:\/\/www.sectionclinique-rennes.fr\/nuevo\/themes\/2007-2008\/\"},{\"@type\":\"ListItem\",\"position\":4,\"name\":\"S\u00e9minaire du Cercle\"}]},{\"@type\":\"WebSite\",\"@id\":\"http:\/\/www.sectionclinique-rennes.fr\/nuevo\/#website\",\"url\":\"http:\/\/www.sectionclinique-rennes.fr\/nuevo\/\",\"name\":\"La Section clinique de Rennes\",\"description\":\"Association UFORCA\",\"publisher\":{\"@id\":\"http:\/\/www.sectionclinique-rennes.fr\/nuevo\/#organization\"},\"potentialAction\":[{\"@type\":\"SearchAction\",\"target\":{\"@type\":\"EntryPoint\",\"urlTemplate\":\"http:\/\/www.sectionclinique-rennes.fr\/nuevo\/?s={search_term_string}\"},\"query-input\":{\"@type\":\"PropertyValueSpecification\",\"valueRequired\":true,\"valueName\":\"search_term_string\"}}],\"inLanguage\":\"fr-FR\"},{\"@type\":\"Organization\",\"@id\":\"http:\/\/www.sectionclinique-rennes.fr\/nuevo\/#organization\",\"name\":\"Section clinique de Rennes - Association UFORCA\",\"url\":\"http:\/\/www.sectionclinique-rennes.fr\/nuevo\/\",\"logo\":{\"@type\":\"ImageObject\",\"inLanguage\":\"fr-FR\",\"@id\":\"http:\/\/www.sectionclinique-rennes.fr\/nuevo\/#\/schema\/logo\/image\/\",\"url\":\"http:\/\/www.sectionclinique-rennes.fr\/nuevo\/wp-content\/uploads\/2015\/08\/logo.png\",\"contentUrl\":\"http:\/\/www.sectionclinique-rennes.fr\/nuevo\/wp-content\/uploads\/2015\/08\/logo.png\",\"width\":1199,\"height\":276,\"caption\":\"Section clinique de Rennes - Association UFORCA\"},\"image\":{\"@id\":\"http:\/\/www.sectionclinique-rennes.fr\/nuevo\/#\/schema\/logo\/image\/\"}}]}<\/script>\n<!-- \/ Yoast SEO plugin. -->","yoast_head_json":{"title":"S\u00e9minaire du Cercle - La Section clinique de Rennes","robots":{"index":"index","follow":"follow","max-snippet":"max-snippet:-1","max-image-preview":"max-image-preview:large","max-video-preview":"max-video-preview:-1"},"canonical":"http:\/\/www.sectionclinique-rennes.fr\/nuevo\/themes\/2007-2008\/seminaire-detude-et-de-recherche\/","og_locale":"fr_FR","og_type":"article","og_title":"S\u00e9minaire du Cercle - La Section clinique de Rennes","og_description":"Variations de l&rsquo;humeur\u00a0 &nbsp; Les occurrences de la notion de d\u00e9pression sont rares chez Lacan, signe qu\u2019il consid\u00e9rait ce concept inop\u00e9rant pour la psychanalyse : dans son texte intitul\u00e9 \u00ab Remarques sur le rapport de Daniel Lagache \u00bb, elle est ce fond, cher \u00e0 M\u00e9lanie Klein, \u00ab provoqu\u00e9 \u00bb par\u2026 Continue reading","og_url":"http:\/\/www.sectionclinique-rennes.fr\/nuevo\/themes\/2007-2008\/seminaire-detude-et-de-recherche\/","og_site_name":"La Section clinique de Rennes","article_modified_time":"2015-09-24T17:25:40+00:00","twitter_card":"summary_large_image","twitter_misc":{"Dur\u00e9e de lecture estim\u00e9e":"1 minute"},"schema":{"@context":"https:\/\/schema.org","@graph":[{"@type":"WebPage","@id":"http:\/\/www.sectionclinique-rennes.fr\/nuevo\/themes\/2007-2008\/seminaire-detude-et-de-recherche\/","url":"http:\/\/www.sectionclinique-rennes.fr\/nuevo\/themes\/2007-2008\/seminaire-detude-et-de-recherche\/","name":"S\u00e9minaire du Cercle - La Section clinique de Rennes","isPartOf":{"@id":"http:\/\/www.sectionclinique-rennes.fr\/nuevo\/#website"},"datePublished":"2015-08-27T10:07:49+00:00","dateModified":"2015-09-24T17:25:40+00:00","breadcrumb":{"@id":"http:\/\/www.sectionclinique-rennes.fr\/nuevo\/themes\/2007-2008\/seminaire-detude-et-de-recherche\/#breadcrumb"},"inLanguage":"fr-FR","potentialAction":[{"@type":"ReadAction","target":["http:\/\/www.sectionclinique-rennes.fr\/nuevo\/themes\/2007-2008\/seminaire-detude-et-de-recherche\/"]}]},{"@type":"BreadcrumbList","@id":"http:\/\/www.sectionclinique-rennes.fr\/nuevo\/themes\/2007-2008\/seminaire-detude-et-de-recherche\/#breadcrumb","itemListElement":[{"@type":"ListItem","position":1,"name":"Accueil","item":"http:\/\/www.sectionclinique-rennes.fr\/nuevo\/"},{"@type":"ListItem","position":2,"name":"Th\u00e8mes","item":"https:\/\/www.sectionclinique-rennes.fr\/nuevo\/themes\/"},{"@type":"ListItem","position":3,"name":"2007-2008","item":"http:\/\/www.sectionclinique-rennes.fr\/nuevo\/themes\/2007-2008\/"},{"@type":"ListItem","position":4,"name":"S\u00e9minaire du Cercle"}]},{"@type":"WebSite","@id":"http:\/\/www.sectionclinique-rennes.fr\/nuevo\/#website","url":"http:\/\/www.sectionclinique-rennes.fr\/nuevo\/","name":"La Section clinique de Rennes","description":"Association UFORCA","publisher":{"@id":"http:\/\/www.sectionclinique-rennes.fr\/nuevo\/#organization"},"potentialAction":[{"@type":"SearchAction","target":{"@type":"EntryPoint","urlTemplate":"http:\/\/www.sectionclinique-rennes.fr\/nuevo\/?s={search_term_string}"},"query-input":{"@type":"PropertyValueSpecification","valueRequired":true,"valueName":"search_term_string"}}],"inLanguage":"fr-FR"},{"@type":"Organization","@id":"http:\/\/www.sectionclinique-rennes.fr\/nuevo\/#organization","name":"Section clinique de Rennes - Association UFORCA","url":"http:\/\/www.sectionclinique-rennes.fr\/nuevo\/","logo":{"@type":"ImageObject","inLanguage":"fr-FR","@id":"http:\/\/www.sectionclinique-rennes.fr\/nuevo\/#\/schema\/logo\/image\/","url":"http:\/\/www.sectionclinique-rennes.fr\/nuevo\/wp-content\/uploads\/2015\/08\/logo.png","contentUrl":"http:\/\/www.sectionclinique-rennes.fr\/nuevo\/wp-content\/uploads\/2015\/08\/logo.png","width":1199,"height":276,"caption":"Section clinique de Rennes - Association UFORCA"},"image":{"@id":"http:\/\/www.sectionclinique-rennes.fr\/nuevo\/#\/schema\/logo\/image\/"}}]}},"_links":{"self":[{"href":"http:\/\/www.sectionclinique-rennes.fr\/nuevo\/wp-json\/wp\/v2\/pages\/326","targetHints":{"allow":["GET"]}}],"collection":[{"href":"http:\/\/www.sectionclinique-rennes.fr\/nuevo\/wp-json\/wp\/v2\/pages"}],"about":[{"href":"http:\/\/www.sectionclinique-rennes.fr\/nuevo\/wp-json\/wp\/v2\/types\/page"}],"author":[{"embeddable":true,"href":"http:\/\/www.sectionclinique-rennes.fr\/nuevo\/wp-json\/wp\/v2\/users\/5"}],"replies":[{"embeddable":true,"href":"http:\/\/www.sectionclinique-rennes.fr\/nuevo\/wp-json\/wp\/v2\/comments?post=326"}],"version-history":[{"count":14,"href":"http:\/\/www.sectionclinique-rennes.fr\/nuevo\/wp-json\/wp\/v2\/pages\/326\/revisions"}],"predecessor-version":[{"id":1297,"href":"http:\/\/www.sectionclinique-rennes.fr\/nuevo\/wp-json\/wp\/v2\/pages\/326\/revisions\/1297"}],"up":[{"embeddable":true,"href":"http:\/\/www.sectionclinique-rennes.fr\/nuevo\/wp-json\/wp\/v2\/pages\/71"}],"wp:attachment":[{"href":"http:\/\/www.sectionclinique-rennes.fr\/nuevo\/wp-json\/wp\/v2\/media?parent=326"}],"curies":[{"name":"wp","href":"https:\/\/api.w.org\/{rel}","templated":true}]}}