{"id":333,"date":"2015-08-27T11:19:08","date_gmt":"2015-08-27T10:19:08","guid":{"rendered":"http:\/\/www.sectionclinique-rennes.fr\/nuevo\/?page_id=333"},"modified":"2015-09-23T16:04:21","modified_gmt":"2015-09-23T15:04:21","slug":"seminaire-theorique","status":"publish","type":"page","link":"http:\/\/www.sectionclinique-rennes.fr\/nuevo\/themes\/2008-2009\/seminaire-theorique\/","title":{"rendered":"S\u00e9minaires th\u00e9oriques"},"content":{"rendered":"<h3 style=\"text-align: justify;\"><span style=\"color: #cc99ff;\"><strong>L\u2019\u00e9thique de la psychanalyse<\/strong><\/span><\/h3>\n<p style=\"text-align: justify;\"><em>Commentaire suivi du S\u00e9minaire VII de Jacques Lacan<\/em><\/p>\n<p>&nbsp;<\/p>\n<p style=\"text-align: justify;\">Il n\u2019y a pas de clinique psychanalytique possible sans \u00e9thique, c\u2019est donc par une lecture comment\u00e9e du S\u00e9minaire VII, L\u2019\u00e9thique de la psychanalyse que nous orienterons cette ann\u00e9e l\u2019\u00e9tude de la clinique des n\u00e9vroses. Ce S\u00e9minaire scande le cycle des s\u00e9minaires cliniques de Jacques Lacan. \u00ab\u00a0L\u2019analyste doit payer quelque chose pour tenir sa fonction, il paie de mots &#8211; ses interpr\u00e9tations. Il paie de sa personne, en ceci que, par le transfert, il en est litt\u00e9ralement d\u00e9poss\u00e9d\u00e9. (\u2026) Enfin, il faut qu\u2019il paie d\u2019un jugement concernant son action\u00a0\u00bb.<\/p>\n<p style=\"text-align: justify;\">L\u2019hypoth\u00e8se freudienne de l\u2019inconscient suppose que l\u2019action de l\u2019homme a un sens cach\u00e9. Malaise dans la civilisation nous rappelle que la s\u00e9v\u00e9rit\u00e9 du Surmoi est renforc\u00e9e par le renoncement pulsionnel et qu\u2019ainsi le sentiment de culpabilit\u00e9 est paradoxalement intensifi\u00e9 par la soumission \u00e0 la loi morale. Si la premi\u00e8re \u00c9thique, celle d\u2019Aristote propose une discipline du bonheur, par la voie de l\u2019\u00e9quilibre et de la vertu, dans la vis\u00e9e du \u00ab\u00a0Souverain bien\u00a0\u00bb, Freud, d\u00e8s ses premiers essais (L\u2019esquisse d\u2019une psychologie scientifique et la lettre \u00e0 W. Fliess n\u00b0 52) montre que ce que le sujet recherche c\u2019est \u00e0 retrouver ce qui est, de toujours, d\u00e9j\u00e0 perdu : das Ding, la Chose originelle. Le Souverain bien, qui est das Ding, est un bien interdit et il n\u2019y a pas d\u2019autre bien. Une critique d\u2019Aristote, de Saint-Augustin, de Kant et d\u2019Hegel traverse ce S\u00e9minaire.<\/p>\n<p style=\"text-align: justify;\">La psychanalyse a des effets th\u00e9rapeutiques, mais elle n\u2019est pas au service des biens, ni du souverain bien, ni du bien du sujet, ni de celui de l\u2019autre, ni de celui de la cit\u00e9 ou de l\u2019humanit\u00e9. \u00ab\u00a0Il n\u2019y a pas d\u2019autre bien que ce qui peut servir \u00e0 payer le prix pour l\u2019acc\u00e8s au d\u00e9sir.\u00a0\u00bb La voie adaptative est une impasse et aussi celle de la promesse d\u2019un accomplissement dans une g\u00e9nitalit\u00e9 oblative. \u00ab\u00a0Il n\u2019y a aucune raison que nous nous fassions les garants de la r\u00eaverie bourgeoise. Un peu plus de rigueur et de fermet\u00e9 est exigible dans notre affrontement de la condition humaine\u2026\u00a0\u00bb<\/p>\n<p style=\"text-align: justify;\">C\u2019est une \u00e9thique du d\u00e9sir que nous propose Lacan : \u00ab\u00a0Ma th\u00e8se est que la loi morale s\u2019articule \u00e0 la vis\u00e9e du r\u00e9el en tant qu\u2019il peut \u00eatre la garantie de la Chose.\u00a0\u00bb \u00ab\u00a0Avez vous agi conform\u00e9ment au d\u00e9sir qui vous habite ?\u00a0\u00bb Lacan nous propose de prendre dans une perspective de condition absolue, de jugement dernier, la r\u00e9vision de l\u2019\u00e9thique \u00e0 quoi m\u00e8ne la psychanalyse : le rapport de l\u2019action au d\u00e9sir qui la m\u00e8ne. C\u2019est en commentant Antigone de Sophocle que Lacan nous montre, avec l\u2019action du d\u00e9sir pur, la dimension de l\u2019exp\u00e9rience tragique de la vie.<\/p>\n<p style=\"text-align: justify;\">Exp\u00e9rience qui pour tout un chacun peut prendre une coloration tragi-comique.<\/p>\n<hr \/>\n<p style=\"text-align: justify;\">\n<p style=\"text-align: justify;\"><span style=\"color: #be8adb;\">Liens vers les autres pages du th\u00e8me :<\/span><\/p>\n<p style=\"text-align: justify;\"><a href=\"http:\/\/www.sectionclinique-rennes.fr\/nuevo\/themes\/2008-2009\/seminaires-de-textes\/\" target=\"_blank\">S\u00e9minaires de textes<\/a><\/p>\n<p style=\"text-align: justify;\"><a href=\"http:\/\/www.sectionclinique-rennes.fr\/nuevo\/themes\/2008-2009\/seminaire-detude-et-de-recherche\/\" target=\"_blank\">S\u00e9minaire du Cercle<\/a><\/p>\n","protected":false},"excerpt":{"rendered":"<p>L\u2019\u00e9thique de la psychanalyse Commentaire suivi du S\u00e9minaire VII de Jacques Lacan &nbsp; Il n\u2019y a pas de clinique psychanalytique possible sans \u00e9thique, c\u2019est donc par une lecture comment\u00e9e du S\u00e9minaire VII, L\u2019\u00e9thique de la psychanalyse que nous orienterons cette ann\u00e9e l\u2019\u00e9tude de la clinique des n\u00e9vroses. Ce S\u00e9minaire scande\u2026<\/p>\n<p> <a class=\"continue-reading-link\" href=\"http:\/\/www.sectionclinique-rennes.fr\/nuevo\/themes\/2008-2009\/seminaire-theorique\/\"><span>Continue reading<\/span><i class=\"crycon-right-dir\"><\/i><\/a> <\/p>\n","protected":false},"author":5,"featured_media":0,"parent":74,"menu_order":0,"comment_status":"closed","ping_status":"closed","template":"","meta":{"_monsterinsights_skip_tracking":false,"_monsterinsights_sitenote_active":false,"_monsterinsights_sitenote_note":"","_monsterinsights_sitenote_category":0,"footnotes":""},"class_list":["post-333","page","type-page","status-publish","hentry"],"yoast_head":"<!-- This site is optimized with the Yoast SEO plugin v25.5 - https:\/\/yoast.com\/wordpress\/plugins\/seo\/ -->\n<title>S\u00e9minaires th\u00e9oriques - La Section clinique de Rennes<\/title>\n<meta name=\"robots\" content=\"index, follow, max-snippet:-1, max-image-preview:large, max-video-preview:-1\" \/>\n<link rel=\"canonical\" href=\"http:\/\/www.sectionclinique-rennes.fr\/nuevo\/themes\/2008-2009\/seminaire-theorique\/\" \/>\n<meta property=\"og:locale\" content=\"fr_FR\" \/>\n<meta property=\"og:type\" content=\"article\" \/>\n<meta property=\"og:title\" content=\"S\u00e9minaires th\u00e9oriques - La Section clinique de Rennes\" \/>\n<meta property=\"og:description\" content=\"L\u2019\u00e9thique de la psychanalyse Commentaire suivi du S\u00e9minaire VII de Jacques Lacan &nbsp; Il n\u2019y a pas de clinique psychanalytique possible sans \u00e9thique, c\u2019est donc par une lecture comment\u00e9e du S\u00e9minaire VII, L\u2019\u00e9thique de la psychanalyse que nous orienterons cette ann\u00e9e l\u2019\u00e9tude de la clinique des n\u00e9vroses. Ce S\u00e9minaire scande\u2026 Continue reading\" \/>\n<meta property=\"og:url\" content=\"http:\/\/www.sectionclinique-rennes.fr\/nuevo\/themes\/2008-2009\/seminaire-theorique\/\" \/>\n<meta property=\"og:site_name\" content=\"La Section clinique de Rennes\" \/>\n<meta property=\"article:modified_time\" content=\"2015-09-23T15:04:21+00:00\" \/>\n<meta name=\"twitter:card\" content=\"summary_large_image\" \/>\n<meta name=\"twitter:label1\" content=\"Dur\u00e9e de lecture estim\u00e9e\" \/>\n\t<meta name=\"twitter:data1\" content=\"3 minutes\" \/>\n<script type=\"application\/ld+json\" class=\"yoast-schema-graph\">{\"@context\":\"https:\/\/schema.org\",\"@graph\":[{\"@type\":\"WebPage\",\"@id\":\"http:\/\/www.sectionclinique-rennes.fr\/nuevo\/themes\/2008-2009\/seminaire-theorique\/\",\"url\":\"http:\/\/www.sectionclinique-rennes.fr\/nuevo\/themes\/2008-2009\/seminaire-theorique\/\",\"name\":\"S\u00e9minaires th\u00e9oriques - La Section clinique de Rennes\",\"isPartOf\":{\"@id\":\"http:\/\/www.sectionclinique-rennes.fr\/nuevo\/#website\"},\"datePublished\":\"2015-08-27T10:19:08+00:00\",\"dateModified\":\"2015-09-23T15:04:21+00:00\",\"breadcrumb\":{\"@id\":\"http:\/\/www.sectionclinique-rennes.fr\/nuevo\/themes\/2008-2009\/seminaire-theorique\/#breadcrumb\"},\"inLanguage\":\"fr-FR\",\"potentialAction\":[{\"@type\":\"ReadAction\",\"target\":[\"http:\/\/www.sectionclinique-rennes.fr\/nuevo\/themes\/2008-2009\/seminaire-theorique\/\"]}]},{\"@type\":\"BreadcrumbList\",\"@id\":\"http:\/\/www.sectionclinique-rennes.fr\/nuevo\/themes\/2008-2009\/seminaire-theorique\/#breadcrumb\",\"itemListElement\":[{\"@type\":\"ListItem\",\"position\":1,\"name\":\"Accueil\",\"item\":\"http:\/\/www.sectionclinique-rennes.fr\/nuevo\/\"},{\"@type\":\"ListItem\",\"position\":2,\"name\":\"Th\u00e8mes\",\"item\":\"https:\/\/www.sectionclinique-rennes.fr\/nuevo\/themes\/\"},{\"@type\":\"ListItem\",\"position\":3,\"name\":\"2008-2009\",\"item\":\"https:\/\/www.sectionclinique-rennes.fr\/nuevo\/themes\/2008-2009\/\"},{\"@type\":\"ListItem\",\"position\":4,\"name\":\"S\u00e9minaires th\u00e9oriques\"}]},{\"@type\":\"WebSite\",\"@id\":\"http:\/\/www.sectionclinique-rennes.fr\/nuevo\/#website\",\"url\":\"http:\/\/www.sectionclinique-rennes.fr\/nuevo\/\",\"name\":\"La Section clinique de Rennes\",\"description\":\"Association UFORCA\",\"publisher\":{\"@id\":\"http:\/\/www.sectionclinique-rennes.fr\/nuevo\/#organization\"},\"potentialAction\":[{\"@type\":\"SearchAction\",\"target\":{\"@type\":\"EntryPoint\",\"urlTemplate\":\"http:\/\/www.sectionclinique-rennes.fr\/nuevo\/?s={search_term_string}\"},\"query-input\":{\"@type\":\"PropertyValueSpecification\",\"valueRequired\":true,\"valueName\":\"search_term_string\"}}],\"inLanguage\":\"fr-FR\"},{\"@type\":\"Organization\",\"@id\":\"http:\/\/www.sectionclinique-rennes.fr\/nuevo\/#organization\",\"name\":\"Section clinique de Rennes - Association UFORCA\",\"url\":\"http:\/\/www.sectionclinique-rennes.fr\/nuevo\/\",\"logo\":{\"@type\":\"ImageObject\",\"inLanguage\":\"fr-FR\",\"@id\":\"http:\/\/www.sectionclinique-rennes.fr\/nuevo\/#\/schema\/logo\/image\/\",\"url\":\"http:\/\/www.sectionclinique-rennes.fr\/nuevo\/wp-content\/uploads\/2015\/08\/logo.png\",\"contentUrl\":\"http:\/\/www.sectionclinique-rennes.fr\/nuevo\/wp-content\/uploads\/2015\/08\/logo.png\",\"width\":1199,\"height\":276,\"caption\":\"Section clinique de Rennes - Association UFORCA\"},\"image\":{\"@id\":\"http:\/\/www.sectionclinique-rennes.fr\/nuevo\/#\/schema\/logo\/image\/\"}}]}<\/script>\n<!-- \/ Yoast SEO plugin. -->","yoast_head_json":{"title":"S\u00e9minaires th\u00e9oriques - La Section clinique de Rennes","robots":{"index":"index","follow":"follow","max-snippet":"max-snippet:-1","max-image-preview":"max-image-preview:large","max-video-preview":"max-video-preview:-1"},"canonical":"http:\/\/www.sectionclinique-rennes.fr\/nuevo\/themes\/2008-2009\/seminaire-theorique\/","og_locale":"fr_FR","og_type":"article","og_title":"S\u00e9minaires th\u00e9oriques - La Section clinique de Rennes","og_description":"L\u2019\u00e9thique de la psychanalyse Commentaire suivi du S\u00e9minaire VII de Jacques Lacan &nbsp; Il n\u2019y a pas de clinique psychanalytique possible sans \u00e9thique, c\u2019est donc par une lecture comment\u00e9e du S\u00e9minaire VII, L\u2019\u00e9thique de la psychanalyse que nous orienterons cette ann\u00e9e l\u2019\u00e9tude de la clinique des n\u00e9vroses. Ce S\u00e9minaire scande\u2026 Continue reading","og_url":"http:\/\/www.sectionclinique-rennes.fr\/nuevo\/themes\/2008-2009\/seminaire-theorique\/","og_site_name":"La Section clinique de Rennes","article_modified_time":"2015-09-23T15:04:21+00:00","twitter_card":"summary_large_image","twitter_misc":{"Dur\u00e9e de lecture estim\u00e9e":"3 minutes"},"schema":{"@context":"https:\/\/schema.org","@graph":[{"@type":"WebPage","@id":"http:\/\/www.sectionclinique-rennes.fr\/nuevo\/themes\/2008-2009\/seminaire-theorique\/","url":"http:\/\/www.sectionclinique-rennes.fr\/nuevo\/themes\/2008-2009\/seminaire-theorique\/","name":"S\u00e9minaires th\u00e9oriques - La Section clinique de Rennes","isPartOf":{"@id":"http:\/\/www.sectionclinique-rennes.fr\/nuevo\/#website"},"datePublished":"2015-08-27T10:19:08+00:00","dateModified":"2015-09-23T15:04:21+00:00","breadcrumb":{"@id":"http:\/\/www.sectionclinique-rennes.fr\/nuevo\/themes\/2008-2009\/seminaire-theorique\/#breadcrumb"},"inLanguage":"fr-FR","potentialAction":[{"@type":"ReadAction","target":["http:\/\/www.sectionclinique-rennes.fr\/nuevo\/themes\/2008-2009\/seminaire-theorique\/"]}]},{"@type":"BreadcrumbList","@id":"http:\/\/www.sectionclinique-rennes.fr\/nuevo\/themes\/2008-2009\/seminaire-theorique\/#breadcrumb","itemListElement":[{"@type":"ListItem","position":1,"name":"Accueil","item":"http:\/\/www.sectionclinique-rennes.fr\/nuevo\/"},{"@type":"ListItem","position":2,"name":"Th\u00e8mes","item":"https:\/\/www.sectionclinique-rennes.fr\/nuevo\/themes\/"},{"@type":"ListItem","position":3,"name":"2008-2009","item":"https:\/\/www.sectionclinique-rennes.fr\/nuevo\/themes\/2008-2009\/"},{"@type":"ListItem","position":4,"name":"S\u00e9minaires th\u00e9oriques"}]},{"@type":"WebSite","@id":"http:\/\/www.sectionclinique-rennes.fr\/nuevo\/#website","url":"http:\/\/www.sectionclinique-rennes.fr\/nuevo\/","name":"La Section clinique de Rennes","description":"Association UFORCA","publisher":{"@id":"http:\/\/www.sectionclinique-rennes.fr\/nuevo\/#organization"},"potentialAction":[{"@type":"SearchAction","target":{"@type":"EntryPoint","urlTemplate":"http:\/\/www.sectionclinique-rennes.fr\/nuevo\/?s={search_term_string}"},"query-input":{"@type":"PropertyValueSpecification","valueRequired":true,"valueName":"search_term_string"}}],"inLanguage":"fr-FR"},{"@type":"Organization","@id":"http:\/\/www.sectionclinique-rennes.fr\/nuevo\/#organization","name":"Section clinique de Rennes - Association UFORCA","url":"http:\/\/www.sectionclinique-rennes.fr\/nuevo\/","logo":{"@type":"ImageObject","inLanguage":"fr-FR","@id":"http:\/\/www.sectionclinique-rennes.fr\/nuevo\/#\/schema\/logo\/image\/","url":"http:\/\/www.sectionclinique-rennes.fr\/nuevo\/wp-content\/uploads\/2015\/08\/logo.png","contentUrl":"http:\/\/www.sectionclinique-rennes.fr\/nuevo\/wp-content\/uploads\/2015\/08\/logo.png","width":1199,"height":276,"caption":"Section clinique de Rennes - Association UFORCA"},"image":{"@id":"http:\/\/www.sectionclinique-rennes.fr\/nuevo\/#\/schema\/logo\/image\/"}}]}},"_links":{"self":[{"href":"http:\/\/www.sectionclinique-rennes.fr\/nuevo\/wp-json\/wp\/v2\/pages\/333","targetHints":{"allow":["GET"]}}],"collection":[{"href":"http:\/\/www.sectionclinique-rennes.fr\/nuevo\/wp-json\/wp\/v2\/pages"}],"about":[{"href":"http:\/\/www.sectionclinique-rennes.fr\/nuevo\/wp-json\/wp\/v2\/types\/page"}],"author":[{"embeddable":true,"href":"http:\/\/www.sectionclinique-rennes.fr\/nuevo\/wp-json\/wp\/v2\/users\/5"}],"replies":[{"embeddable":true,"href":"http:\/\/www.sectionclinique-rennes.fr\/nuevo\/wp-json\/wp\/v2\/comments?post=333"}],"version-history":[{"count":10,"href":"http:\/\/www.sectionclinique-rennes.fr\/nuevo\/wp-json\/wp\/v2\/pages\/333\/revisions"}],"predecessor-version":[{"id":1252,"href":"http:\/\/www.sectionclinique-rennes.fr\/nuevo\/wp-json\/wp\/v2\/pages\/333\/revisions\/1252"}],"up":[{"embeddable":true,"href":"http:\/\/www.sectionclinique-rennes.fr\/nuevo\/wp-json\/wp\/v2\/pages\/74"}],"wp:attachment":[{"href":"http:\/\/www.sectionclinique-rennes.fr\/nuevo\/wp-json\/wp\/v2\/media?parent=333"}],"curies":[{"name":"wp","href":"https:\/\/api.w.org\/{rel}","templated":true}]}}