{"id":335,"date":"2015-08-27T11:24:15","date_gmt":"2015-08-27T10:24:15","guid":{"rendered":"http:\/\/www.sectionclinique-rennes.fr\/nuevo\/?page_id=335"},"modified":"2015-09-25T22:08:37","modified_gmt":"2015-09-25T21:08:37","slug":"seminaires-de-textes","status":"publish","type":"page","link":"http:\/\/www.sectionclinique-rennes.fr\/nuevo\/themes\/2008-2009\/seminaires-de-textes\/","title":{"rendered":"S\u00e9minaires de textes"},"content":{"rendered":"<p>&nbsp;<\/p>\n<p style=\"text-align: justify;\">On peut consid\u00e9rer que la question de la structure du fantasme accompagne de bout en bout l\u2019histoire de la psychanalyse, qu\u2019elle caract\u00e9rise peut-\u00eatre au mieux la nature de son exp\u00e9rience analytique, ainsi que les limites de son pouvoir. Il s\u2019agira, dans ce s\u00e9minaire de lecture de textes, de revenir sur une s\u00e9rie de textes fondateurs qui ont \u00e9t\u00e9 d\u00e9cisifs pour marquer la sp\u00e9cificit\u00e9 du champ psychanalytique, celui-l\u00e0 m\u00eame que Jacques Lacan d\u00e9finissait \u00e0 partir de 1964, par rapport \u00e0 l\u2019objet du fantasme.<\/p>\n<p style=\"text-align: justify;\">1) Dans une diff\u00e9renciation initiale par rapport \u00e0 la probl\u00e9matique \u201c r\u00e9active\u201d du trauma, le fantasme instituant d\u2019embl\u00e9e une \u201c responsabilit\u00e9 \u201d (c\u2019est-\u00e0-dire une culpabilit\u00e9) du sujet du d\u00e9sir.<\/p>\n<p style=\"text-align: justify;\">2) Dans son rapport au sexuel, et ici la r\u00e9f\u00e9rence aux perversions est constante, m\u00eame si elle n\u2019est pas sans ambigu\u00eft\u00e9. Que celles-ci constituent une sorte de mod\u00e8le du d\u00e9sir du n\u00e9vros\u00e9 (\u201cun catalogue\u201d) ne permet pas de supposer au pervers plus qu\u2019une position de semblant par rapport \u00e0 la jouissance (Kant avec Sade) ; d\u00e8s 1910, Freud notait qu\u2019il y avait bien refoulement chez le f\u00e9tichiste, mod\u00e8le fondamental de la perversion depuis Binet. C\u2019est, comme le signale Lacan dans Subversion du sujet, le fantasme qui permet \u00e0 la pulsion de fonctionner, et non l\u2019inverse. Et donc, qui constitue le corps.<\/p>\n<p style=\"text-align: justify;\">3) Dans les limites que cela suppose \u00e0 la notion d\u2019intersubjectivit\u00e9 symbolique : alors que Lacan fait encore de l\u2019intersubjectivit\u00e9 symbolique la condition de l\u2019exp\u00e9rience dans \u00ab\u00a0Fonction et Champ de la parole et du langage\u00a0\u00bb, il y objecte d\u00e9j\u00e0 par l\u2019\u00e9laboration d\u2019un Autre dissym\u00e9trique (imposant au sujet son message sous une forme invers\u00e9e) dans \u00ab\u00a0D\u2019une Question pr\u00e9liminaire \u00e0 tout traitement possible de la psychose\u00a0\u00bb, puis \u00e9labore l\u2019objet <em>a<\/em> hors intersubjectivit\u00e9 dans la proposition de 67, mouvement confirm\u00e9 par le dernier statut de l\u2019Autre comme jouissance.<\/p>\n<p style=\"text-align: justify;\">4) Comme visant en d\u00e9finitive fondamentalement un objet au coeur m\u00eame du sujet, ce qui implique que celui-ci se donne avant tout comme d\u00e9fense, et ceci dans les trois structures cliniques.<\/p>\n<p style=\"text-align: justify;\">5) Comme permettant de diff\u00e9rencier de fa\u00e7on ultime les structures cliniques. La structure du fantasme reste encore actuellement le seul crit\u00e8re permettant de rendre compte de \u201c types cliniques \u201d (selon l\u2019expression prudente de Charcot et de Seglas). Ceci suppose un renversement consid\u00e9rable par rapport \u00e0 l\u2019identification de d\u00e9part par Freud, du fantasme au r\u00eave \u00e9veill\u00e9, pour en faire une m\u00e9canique articulant le manque du sujet \u00e0 un manque dans l\u2019Autre (\u00e0 partir du s\u00e9minaire XI). D\u2019o\u00f9 dans le s\u00e9minaire \u00ab\u00a0La logique du fantasme\u00a0\u00bb, la r\u00e9f\u00e9rence au \u201cmode d\u2019emploi \u201d selon Wittgenstein, o\u00f9 la fonction paternelle joue un r\u00f4le aussi crucial que secret, jusque dans la structure du f\u00e9tiche &#8211; comme le soulignait Freud dans ses \u00e9tudes sur la vie amoureuse. Il s\u2019agira ici de faire valoir les sp\u00e9cificit\u00e9s de modes d\u2019emplois, dans la n\u00e9vrose, la perversion et la psychose.<\/p>\n<p style=\"text-align: justify;\">6) Comme organisateur du sentiment de r\u00e9alit\u00e9 (S\u00e9minaire III), o\u00f9 Lacan, corrigeant Freud, voit le principe non pas dans l\u2019opposition de deux \u00ab\u00a0principes\u00a0\u00bb, mais comme un effet surmo\u00efque &#8211; autant dire comme un \u201cpeu de r\u00e9alit\u00e9 \u201d. Ce qui se v\u00e9rifiera avec le mod\u00e8le RSI des ann\u00e9es 1970, o\u00f9 c\u2019est d\u2019un nouage toujours al\u00e9atoire &#8211; et finalement symptomatique &#8211; que se constituera l\u2019objet cause du d\u00e9sir, construit \u00e0 la place de l\u2019inexistence de la jouissance de l\u2019Autre.<\/p>\n<hr \/>\n<p style=\"text-align: justify;\"><span style=\"color: #b78ad1;\"><strong>R\u00e9f\u00e9rences :<\/strong><\/span><\/p>\n<ul>\n<li style=\"text-align: justify;\">Sigmund F., \u00ab\u00a0Les Fantasmes hyst\u00e9riques dans leur relation \u00e0 la bisexualit\u00e9\u00a0\u00bb, <em>N\u00e9vrose, psychose et perversion,<\/em>\u00a0Paris, PUF, 1973<\/li>\n<li style=\"text-align: justify;\">Sigmund F.,\u00a0\u00ab\u00a0L\u2019homme aux rats\u00a0\u00bb,\u00a0<em>Cinq Psychanalyses<\/em>, Paris PUF, 1954<\/li>\n<li style=\"text-align: justify;\">Sigmund F., \u00ab\u00a0Un enfant est battu\u00a0\u00bb, <em>N\u00e9vrose, psychose et perversion<\/em>\u00a0Paris, PUF, 1973<\/li>\n<li style=\"text-align: justify;\">Sigmund F., <em>Inhibition, sympt\u00f4me, angoisse<\/em>, Paris, PUF, 1971<\/li>\n<li style=\"text-align: justify;\">Lacan J., \u00ab\u00a0D\u2019une question pr\u00e9liminaire \u00e0 tout traitement de la psychose\u00a0\u00bb, <em>\u00c9crits<\/em>, Paris, Seuil, 1966<\/li>\n<li style=\"text-align: justify;\">Lacan J., \u00ab\u00a0Kant avec Sade\u00a0\u00bb, <em>\u00c9crits<\/em>, Paris, Seuil, 1966<\/li>\n<li style=\"text-align: justify;\">Lacan J., \u00ab\u00a0Jeunesse de Gide\u00a0\u00bb, in <em>\u00c9crits<\/em>, Paris,Seuil, 1966<\/li>\n<li style=\"text-align: justify;\">Lacan J., <em>Le\u00a0S\u00e9minaire, Livre XIV,\u00a0<\/em>\u00ab\u00a0La logique du fantasme\u00a0\u00bb, (1966-1967) in\u00e9dit<\/li>\n<li style=\"text-align: justify;\">Lacan J., \u00ab\u00a0Subversion du sujet et dialectique du d\u00e9sir\u00a0\u00bb, in <em>\u00c9crits<\/em>, Paris, Seuil, 1966<\/li>\n<li style=\"text-align: justify;\">Jacques-Alain Miller, \u00ab\u00a0Du sympt\u00f4me au fantasme et retour\u00a0\u00bb (1985-86) in\u00e9dit<\/li>\n<\/ul>\n<hr \/>\n<p style=\"text-align: justify;\"><span style=\"color: #b78ad1;\">Liens vers les autres pages du th\u00e8me :<\/span><\/p>\n<p style=\"text-align: justify;\"><a href=\"http:\/\/www.sectionclinique-rennes.fr\/nuevo\/themes\/2008-2009\/seminaire-theorique\/\" target=\"_blank\">S\u00e9minaires\u00a0th\u00e9oriques<\/a><\/p>\n<p style=\"text-align: justify;\"><a href=\"http:\/\/www.sectionclinique-rennes.fr\/nuevo\/themes\/2008-2009\/seminaire-detude-et-de-recherche\/\" target=\"_blank\">S\u00e9minaire du Cercle<\/a><\/p>\n","protected":false},"excerpt":{"rendered":"<p>&nbsp; On peut consid\u00e9rer que la question de la structure du fantasme accompagne de bout en bout l\u2019histoire de la psychanalyse, qu\u2019elle caract\u00e9rise peut-\u00eatre au mieux la nature de son exp\u00e9rience analytique, ainsi que les limites de son pouvoir. Il s\u2019agira, dans ce s\u00e9minaire de lecture de textes, de revenir\u2026<\/p>\n<p> <a class=\"continue-reading-link\" href=\"http:\/\/www.sectionclinique-rennes.fr\/nuevo\/themes\/2008-2009\/seminaires-de-textes\/\"><span>Continue reading<\/span><i class=\"crycon-right-dir\"><\/i><\/a> <\/p>\n","protected":false},"author":5,"featured_media":0,"parent":74,"menu_order":1,"comment_status":"closed","ping_status":"closed","template":"","meta":{"_monsterinsights_skip_tracking":false,"_monsterinsights_sitenote_active":false,"_monsterinsights_sitenote_note":"","_monsterinsights_sitenote_category":0,"footnotes":""},"class_list":["post-335","page","type-page","status-publish","hentry"],"yoast_head":"<!-- This site is optimized with the Yoast SEO plugin v25.5 - https:\/\/yoast.com\/wordpress\/plugins\/seo\/ -->\n<title>S\u00e9minaires de textes - La Section clinique de Rennes<\/title>\n<meta name=\"robots\" content=\"index, follow, max-snippet:-1, max-image-preview:large, max-video-preview:-1\" \/>\n<link rel=\"canonical\" href=\"http:\/\/www.sectionclinique-rennes.fr\/nuevo\/themes\/2008-2009\/seminaires-de-textes\/\" \/>\n<meta property=\"og:locale\" content=\"fr_FR\" \/>\n<meta property=\"og:type\" content=\"article\" \/>\n<meta property=\"og:title\" content=\"S\u00e9minaires de textes - La Section clinique de Rennes\" \/>\n<meta property=\"og:description\" content=\"&nbsp; On peut consid\u00e9rer que la question de la structure du fantasme accompagne de bout en bout l\u2019histoire de la psychanalyse, qu\u2019elle caract\u00e9rise peut-\u00eatre au mieux la nature de son exp\u00e9rience analytique, ainsi que les limites de son pouvoir. Il s\u2019agira, dans ce s\u00e9minaire de lecture de textes, de revenir\u2026 Continue reading\" \/>\n<meta property=\"og:url\" content=\"http:\/\/www.sectionclinique-rennes.fr\/nuevo\/themes\/2008-2009\/seminaires-de-textes\/\" \/>\n<meta property=\"og:site_name\" content=\"La Section clinique de Rennes\" \/>\n<meta property=\"article:modified_time\" content=\"2015-09-25T21:08:37+00:00\" \/>\n<meta name=\"twitter:card\" content=\"summary_large_image\" \/>\n<meta name=\"twitter:label1\" content=\"Dur\u00e9e de lecture estim\u00e9e\" \/>\n\t<meta name=\"twitter:data1\" content=\"4 minutes\" \/>\n<script type=\"application\/ld+json\" class=\"yoast-schema-graph\">{\"@context\":\"https:\/\/schema.org\",\"@graph\":[{\"@type\":\"WebPage\",\"@id\":\"http:\/\/www.sectionclinique-rennes.fr\/nuevo\/themes\/2008-2009\/seminaires-de-textes\/\",\"url\":\"http:\/\/www.sectionclinique-rennes.fr\/nuevo\/themes\/2008-2009\/seminaires-de-textes\/\",\"name\":\"S\u00e9minaires de textes - La Section clinique de Rennes\",\"isPartOf\":{\"@id\":\"http:\/\/www.sectionclinique-rennes.fr\/nuevo\/#website\"},\"datePublished\":\"2015-08-27T10:24:15+00:00\",\"dateModified\":\"2015-09-25T21:08:37+00:00\",\"breadcrumb\":{\"@id\":\"http:\/\/www.sectionclinique-rennes.fr\/nuevo\/themes\/2008-2009\/seminaires-de-textes\/#breadcrumb\"},\"inLanguage\":\"fr-FR\",\"potentialAction\":[{\"@type\":\"ReadAction\",\"target\":[\"http:\/\/www.sectionclinique-rennes.fr\/nuevo\/themes\/2008-2009\/seminaires-de-textes\/\"]}]},{\"@type\":\"BreadcrumbList\",\"@id\":\"http:\/\/www.sectionclinique-rennes.fr\/nuevo\/themes\/2008-2009\/seminaires-de-textes\/#breadcrumb\",\"itemListElement\":[{\"@type\":\"ListItem\",\"position\":1,\"name\":\"Accueil\",\"item\":\"http:\/\/www.sectionclinique-rennes.fr\/nuevo\/\"},{\"@type\":\"ListItem\",\"position\":2,\"name\":\"Th\u00e8mes\",\"item\":\"https:\/\/www.sectionclinique-rennes.fr\/nuevo\/themes\/\"},{\"@type\":\"ListItem\",\"position\":3,\"name\":\"2008-2009\",\"item\":\"https:\/\/www.sectionclinique-rennes.fr\/nuevo\/themes\/2008-2009\/\"},{\"@type\":\"ListItem\",\"position\":4,\"name\":\"S\u00e9minaires de textes\"}]},{\"@type\":\"WebSite\",\"@id\":\"http:\/\/www.sectionclinique-rennes.fr\/nuevo\/#website\",\"url\":\"http:\/\/www.sectionclinique-rennes.fr\/nuevo\/\",\"name\":\"La Section clinique de Rennes\",\"description\":\"Association UFORCA\",\"publisher\":{\"@id\":\"http:\/\/www.sectionclinique-rennes.fr\/nuevo\/#organization\"},\"potentialAction\":[{\"@type\":\"SearchAction\",\"target\":{\"@type\":\"EntryPoint\",\"urlTemplate\":\"http:\/\/www.sectionclinique-rennes.fr\/nuevo\/?s={search_term_string}\"},\"query-input\":{\"@type\":\"PropertyValueSpecification\",\"valueRequired\":true,\"valueName\":\"search_term_string\"}}],\"inLanguage\":\"fr-FR\"},{\"@type\":\"Organization\",\"@id\":\"http:\/\/www.sectionclinique-rennes.fr\/nuevo\/#organization\",\"name\":\"Section clinique de Rennes - Association UFORCA\",\"url\":\"http:\/\/www.sectionclinique-rennes.fr\/nuevo\/\",\"logo\":{\"@type\":\"ImageObject\",\"inLanguage\":\"fr-FR\",\"@id\":\"http:\/\/www.sectionclinique-rennes.fr\/nuevo\/#\/schema\/logo\/image\/\",\"url\":\"http:\/\/www.sectionclinique-rennes.fr\/nuevo\/wp-content\/uploads\/2015\/08\/logo.png\",\"contentUrl\":\"http:\/\/www.sectionclinique-rennes.fr\/nuevo\/wp-content\/uploads\/2015\/08\/logo.png\",\"width\":1199,\"height\":276,\"caption\":\"Section clinique de Rennes - Association UFORCA\"},\"image\":{\"@id\":\"http:\/\/www.sectionclinique-rennes.fr\/nuevo\/#\/schema\/logo\/image\/\"}}]}<\/script>\n<!-- \/ Yoast SEO plugin. -->","yoast_head_json":{"title":"S\u00e9minaires de textes - La Section clinique de Rennes","robots":{"index":"index","follow":"follow","max-snippet":"max-snippet:-1","max-image-preview":"max-image-preview:large","max-video-preview":"max-video-preview:-1"},"canonical":"http:\/\/www.sectionclinique-rennes.fr\/nuevo\/themes\/2008-2009\/seminaires-de-textes\/","og_locale":"fr_FR","og_type":"article","og_title":"S\u00e9minaires de textes - La Section clinique de Rennes","og_description":"&nbsp; On peut consid\u00e9rer que la question de la structure du fantasme accompagne de bout en bout l\u2019histoire de la psychanalyse, qu\u2019elle caract\u00e9rise peut-\u00eatre au mieux la nature de son exp\u00e9rience analytique, ainsi que les limites de son pouvoir. Il s\u2019agira, dans ce s\u00e9minaire de lecture de textes, de revenir\u2026 Continue reading","og_url":"http:\/\/www.sectionclinique-rennes.fr\/nuevo\/themes\/2008-2009\/seminaires-de-textes\/","og_site_name":"La Section clinique de Rennes","article_modified_time":"2015-09-25T21:08:37+00:00","twitter_card":"summary_large_image","twitter_misc":{"Dur\u00e9e de lecture estim\u00e9e":"4 minutes"},"schema":{"@context":"https:\/\/schema.org","@graph":[{"@type":"WebPage","@id":"http:\/\/www.sectionclinique-rennes.fr\/nuevo\/themes\/2008-2009\/seminaires-de-textes\/","url":"http:\/\/www.sectionclinique-rennes.fr\/nuevo\/themes\/2008-2009\/seminaires-de-textes\/","name":"S\u00e9minaires de textes - La Section clinique de Rennes","isPartOf":{"@id":"http:\/\/www.sectionclinique-rennes.fr\/nuevo\/#website"},"datePublished":"2015-08-27T10:24:15+00:00","dateModified":"2015-09-25T21:08:37+00:00","breadcrumb":{"@id":"http:\/\/www.sectionclinique-rennes.fr\/nuevo\/themes\/2008-2009\/seminaires-de-textes\/#breadcrumb"},"inLanguage":"fr-FR","potentialAction":[{"@type":"ReadAction","target":["http:\/\/www.sectionclinique-rennes.fr\/nuevo\/themes\/2008-2009\/seminaires-de-textes\/"]}]},{"@type":"BreadcrumbList","@id":"http:\/\/www.sectionclinique-rennes.fr\/nuevo\/themes\/2008-2009\/seminaires-de-textes\/#breadcrumb","itemListElement":[{"@type":"ListItem","position":1,"name":"Accueil","item":"http:\/\/www.sectionclinique-rennes.fr\/nuevo\/"},{"@type":"ListItem","position":2,"name":"Th\u00e8mes","item":"https:\/\/www.sectionclinique-rennes.fr\/nuevo\/themes\/"},{"@type":"ListItem","position":3,"name":"2008-2009","item":"https:\/\/www.sectionclinique-rennes.fr\/nuevo\/themes\/2008-2009\/"},{"@type":"ListItem","position":4,"name":"S\u00e9minaires de textes"}]},{"@type":"WebSite","@id":"http:\/\/www.sectionclinique-rennes.fr\/nuevo\/#website","url":"http:\/\/www.sectionclinique-rennes.fr\/nuevo\/","name":"La Section clinique de Rennes","description":"Association UFORCA","publisher":{"@id":"http:\/\/www.sectionclinique-rennes.fr\/nuevo\/#organization"},"potentialAction":[{"@type":"SearchAction","target":{"@type":"EntryPoint","urlTemplate":"http:\/\/www.sectionclinique-rennes.fr\/nuevo\/?s={search_term_string}"},"query-input":{"@type":"PropertyValueSpecification","valueRequired":true,"valueName":"search_term_string"}}],"inLanguage":"fr-FR"},{"@type":"Organization","@id":"http:\/\/www.sectionclinique-rennes.fr\/nuevo\/#organization","name":"Section clinique de Rennes - Association UFORCA","url":"http:\/\/www.sectionclinique-rennes.fr\/nuevo\/","logo":{"@type":"ImageObject","inLanguage":"fr-FR","@id":"http:\/\/www.sectionclinique-rennes.fr\/nuevo\/#\/schema\/logo\/image\/","url":"http:\/\/www.sectionclinique-rennes.fr\/nuevo\/wp-content\/uploads\/2015\/08\/logo.png","contentUrl":"http:\/\/www.sectionclinique-rennes.fr\/nuevo\/wp-content\/uploads\/2015\/08\/logo.png","width":1199,"height":276,"caption":"Section clinique de Rennes - Association UFORCA"},"image":{"@id":"http:\/\/www.sectionclinique-rennes.fr\/nuevo\/#\/schema\/logo\/image\/"}}]}},"_links":{"self":[{"href":"http:\/\/www.sectionclinique-rennes.fr\/nuevo\/wp-json\/wp\/v2\/pages\/335","targetHints":{"allow":["GET"]}}],"collection":[{"href":"http:\/\/www.sectionclinique-rennes.fr\/nuevo\/wp-json\/wp\/v2\/pages"}],"about":[{"href":"http:\/\/www.sectionclinique-rennes.fr\/nuevo\/wp-json\/wp\/v2\/types\/page"}],"author":[{"embeddable":true,"href":"http:\/\/www.sectionclinique-rennes.fr\/nuevo\/wp-json\/wp\/v2\/users\/5"}],"replies":[{"embeddable":true,"href":"http:\/\/www.sectionclinique-rennes.fr\/nuevo\/wp-json\/wp\/v2\/comments?post=335"}],"version-history":[{"count":11,"href":"http:\/\/www.sectionclinique-rennes.fr\/nuevo\/wp-json\/wp\/v2\/pages\/335\/revisions"}],"predecessor-version":[{"id":1322,"href":"http:\/\/www.sectionclinique-rennes.fr\/nuevo\/wp-json\/wp\/v2\/pages\/335\/revisions\/1322"}],"up":[{"embeddable":true,"href":"http:\/\/www.sectionclinique-rennes.fr\/nuevo\/wp-json\/wp\/v2\/pages\/74"}],"wp:attachment":[{"href":"http:\/\/www.sectionclinique-rennes.fr\/nuevo\/wp-json\/wp\/v2\/media?parent=335"}],"curies":[{"name":"wp","href":"https:\/\/api.w.org\/{rel}","templated":true}]}}