{"id":338,"date":"2015-08-27T11:25:56","date_gmt":"2015-08-27T10:25:56","guid":{"rendered":"http:\/\/www.sectionclinique-rennes.fr\/nuevo\/?page_id=338"},"modified":"2022-06-22T14:45:13","modified_gmt":"2022-06-22T13:45:13","slug":"seminaire-detude-et-de-recherche","status":"publish","type":"page","link":"http:\/\/www.sectionclinique-rennes.fr\/nuevo\/themes\/2008-2009\/seminaire-detude-et-de-recherche\/","title":{"rendered":"S\u00e9minaire du Cercle"},"content":{"rendered":"<h3 style=\"text-align: justify;\"><span style=\"color: #be8adb;\"><strong>Structures du fantasme comme boussole<\/strong><\/span><\/h3>\n<p>&nbsp;<\/p>\n<p style=\"text-align: justify;\">Le s\u00e9minaire du Cercle sera orient\u00e9 cette ann\u00e9e par le rep\u00e9rage des fantasmes dans la clinique des n\u00e9vroses et des perversions.<\/p>\n<p style=\"text-align: justify;\">Si Lacan donne, pages 294 et 299 du S\u00e9minaire VIII, les formules du fantasme de l\u2019hyst\u00e9rique et de l\u2019obsessionnel, c\u2019est que la logique du fantasme r\u00e8gle les rapports du sujet \u00e0 l\u2019Autre et \u00e0 son d\u00e9sir. Si les fantaisies imaginaires lui donnent diverses formes perverses, exceptionnellement mises en acte, le fantasme du n\u00e9vros\u00e9 est ce qui sustend son d\u00e9sir, tandis que pour le pervers, c\u2019est la jouissance qui est vis\u00e9e, jouissance de l\u2019Autre, d\u2019ailleurs.<\/p>\n<p style=\"text-align: justify;\">Un diagnostic diff\u00e9rentiel est donc ici exigible. De m\u00eame un rep\u00e9rage diagnostique pr\u00e9cis doit nous permettre d\u2019examiner les formes \u00e0 symptomatologie pseudo-n\u00e9vrotique de psychoses. La v\u00e9rit\u00e9 du fantasme inconscient est la r\u00e9ponse que chaque sujet n\u00e9vros\u00e9 a \u00e0 sa disposition pour parer aux d\u00e9faillances de son d\u00e9sir. C\u2019est une fen\u00eatre sur le r\u00e9el. Lacan \u00e9crit $&lt;&gt;<em>a<\/em> sa logique. C\u2019est en effet de la relation, de l\u2019articulation grammaticale entre le sujet et l\u2019objet &#8211; cause de son d\u00e9sir qu\u2019il s\u2019agit.<\/p>\n<p style=\"text-align: justify;\">Il sera donc question, cliniquement de \u201c le prendre aussi litt\u00e9ralement que possible\u2026 (afin de) trouver dans chaque structure \u00e0 d\u00e9finir les lois de transformation qui assureront \u00e0 ce fantasme, dans la d\u00e9duction des \u00e9nonc\u00e9s du discours inconscient, la place d\u2019un axiome \u201d (J. Lacan S\u00e9minaire XIV, 21\/6\/1967, \u00e0 para\u00eetre).<\/p>\n<hr \/>\n<p style=\"text-align: justify;\"><span style=\"color: #be8adb;\">Liens vers les autres pages du th\u00e8me :<\/span><\/p>\n<p style=\"text-align: justify;\"><a href=\"http:\/\/www.sectionclinique-rennes.fr\/nuevo\/themes\/2008-2009\/seminaire-theorique\/\" target=\"_blank\" rel=\"noopener\">S\u00e9minaires\u00a0th\u00e9oriques<\/a><\/p>\n<p style=\"text-align: justify;\"><a href=\"http:\/\/www.sectionclinique-rennes.fr\/nuevo\/themes\/2008-2009\/seminaires-de-textes\/\" target=\"_blank\" rel=\"noopener\">S\u00e9minaires de textes<\/a><\/p>\n<p>&nbsp;<\/p>\n<h6 style=\"font-weight: 400;\"><strong><em>Derni\u00e8re modification : 25\/09\/2015<\/em><\/strong><\/h6>\n","protected":false},"excerpt":{"rendered":"<p>Structures du fantasme comme boussole &nbsp; Le s\u00e9minaire du Cercle sera orient\u00e9 cette ann\u00e9e par le rep\u00e9rage des fantasmes dans la clinique des n\u00e9vroses et des perversions. Si Lacan donne, pages 294 et 299 du S\u00e9minaire VIII, les formules du fantasme de l\u2019hyst\u00e9rique et de l\u2019obsessionnel, c\u2019est que la logique\u2026<\/p>\n<p> <a class=\"continue-reading-link\" href=\"http:\/\/www.sectionclinique-rennes.fr\/nuevo\/themes\/2008-2009\/seminaire-detude-et-de-recherche\/\"><span>Continue reading<\/span><i class=\"crycon-right-dir\"><\/i><\/a> <\/p>\n","protected":false},"author":5,"featured_media":0,"parent":74,"menu_order":3,"comment_status":"closed","ping_status":"closed","template":"","meta":{"_monsterinsights_skip_tracking":false,"_monsterinsights_sitenote_active":false,"_monsterinsights_sitenote_note":"","_monsterinsights_sitenote_category":0,"footnotes":""},"class_list":["post-338","page","type-page","status-publish","hentry"],"yoast_head":"<!-- This site is optimized with the Yoast SEO plugin v25.5 - https:\/\/yoast.com\/wordpress\/plugins\/seo\/ -->\n<title>S\u00e9minaire du Cercle - La Section clinique de Rennes<\/title>\n<meta name=\"robots\" content=\"index, follow, max-snippet:-1, max-image-preview:large, max-video-preview:-1\" \/>\n<link rel=\"canonical\" href=\"http:\/\/www.sectionclinique-rennes.fr\/nuevo\/themes\/2008-2009\/seminaire-detude-et-de-recherche\/\" \/>\n<meta property=\"og:locale\" content=\"fr_FR\" \/>\n<meta property=\"og:type\" content=\"article\" \/>\n<meta property=\"og:title\" content=\"S\u00e9minaire du Cercle - La Section clinique de Rennes\" \/>\n<meta property=\"og:description\" content=\"Structures du fantasme comme boussole &nbsp; Le s\u00e9minaire du Cercle sera orient\u00e9 cette ann\u00e9e par le rep\u00e9rage des fantasmes dans la clinique des n\u00e9vroses et des perversions. Si Lacan donne, pages 294 et 299 du S\u00e9minaire VIII, les formules du fantasme de l\u2019hyst\u00e9rique et de l\u2019obsessionnel, c\u2019est que la logique\u2026 Continue reading\" \/>\n<meta property=\"og:url\" content=\"http:\/\/www.sectionclinique-rennes.fr\/nuevo\/themes\/2008-2009\/seminaire-detude-et-de-recherche\/\" \/>\n<meta property=\"og:site_name\" content=\"La Section clinique de Rennes\" \/>\n<meta property=\"article:modified_time\" content=\"2022-06-22T13:45:13+00:00\" \/>\n<meta name=\"twitter:card\" content=\"summary_large_image\" \/>\n<meta name=\"twitter:label1\" content=\"Dur\u00e9e de lecture estim\u00e9e\" \/>\n\t<meta name=\"twitter:data1\" content=\"2 minutes\" \/>\n<script type=\"application\/ld+json\" class=\"yoast-schema-graph\">{\"@context\":\"https:\/\/schema.org\",\"@graph\":[{\"@type\":\"WebPage\",\"@id\":\"http:\/\/www.sectionclinique-rennes.fr\/nuevo\/themes\/2008-2009\/seminaire-detude-et-de-recherche\/\",\"url\":\"http:\/\/www.sectionclinique-rennes.fr\/nuevo\/themes\/2008-2009\/seminaire-detude-et-de-recherche\/\",\"name\":\"S\u00e9minaire du Cercle - La Section clinique de Rennes\",\"isPartOf\":{\"@id\":\"http:\/\/www.sectionclinique-rennes.fr\/nuevo\/#website\"},\"datePublished\":\"2015-08-27T10:25:56+00:00\",\"dateModified\":\"2022-06-22T13:45:13+00:00\",\"breadcrumb\":{\"@id\":\"http:\/\/www.sectionclinique-rennes.fr\/nuevo\/themes\/2008-2009\/seminaire-detude-et-de-recherche\/#breadcrumb\"},\"inLanguage\":\"fr-FR\",\"potentialAction\":[{\"@type\":\"ReadAction\",\"target\":[\"http:\/\/www.sectionclinique-rennes.fr\/nuevo\/themes\/2008-2009\/seminaire-detude-et-de-recherche\/\"]}]},{\"@type\":\"BreadcrumbList\",\"@id\":\"http:\/\/www.sectionclinique-rennes.fr\/nuevo\/themes\/2008-2009\/seminaire-detude-et-de-recherche\/#breadcrumb\",\"itemListElement\":[{\"@type\":\"ListItem\",\"position\":1,\"name\":\"Accueil\",\"item\":\"http:\/\/www.sectionclinique-rennes.fr\/nuevo\/\"},{\"@type\":\"ListItem\",\"position\":2,\"name\":\"Th\u00e8mes\",\"item\":\"https:\/\/www.sectionclinique-rennes.fr\/nuevo\/themes\/\"},{\"@type\":\"ListItem\",\"position\":3,\"name\":\"2008-2009\",\"item\":\"https:\/\/www.sectionclinique-rennes.fr\/nuevo\/themes\/2008-2009\/\"},{\"@type\":\"ListItem\",\"position\":4,\"name\":\"S\u00e9minaire du Cercle\"}]},{\"@type\":\"WebSite\",\"@id\":\"http:\/\/www.sectionclinique-rennes.fr\/nuevo\/#website\",\"url\":\"http:\/\/www.sectionclinique-rennes.fr\/nuevo\/\",\"name\":\"La Section clinique de Rennes\",\"description\":\"Association UFORCA\",\"publisher\":{\"@id\":\"http:\/\/www.sectionclinique-rennes.fr\/nuevo\/#organization\"},\"potentialAction\":[{\"@type\":\"SearchAction\",\"target\":{\"@type\":\"EntryPoint\",\"urlTemplate\":\"http:\/\/www.sectionclinique-rennes.fr\/nuevo\/?s={search_term_string}\"},\"query-input\":{\"@type\":\"PropertyValueSpecification\",\"valueRequired\":true,\"valueName\":\"search_term_string\"}}],\"inLanguage\":\"fr-FR\"},{\"@type\":\"Organization\",\"@id\":\"http:\/\/www.sectionclinique-rennes.fr\/nuevo\/#organization\",\"name\":\"Section clinique de Rennes - Association UFORCA\",\"url\":\"http:\/\/www.sectionclinique-rennes.fr\/nuevo\/\",\"logo\":{\"@type\":\"ImageObject\",\"inLanguage\":\"fr-FR\",\"@id\":\"http:\/\/www.sectionclinique-rennes.fr\/nuevo\/#\/schema\/logo\/image\/\",\"url\":\"http:\/\/www.sectionclinique-rennes.fr\/nuevo\/wp-content\/uploads\/2015\/08\/logo.png\",\"contentUrl\":\"http:\/\/www.sectionclinique-rennes.fr\/nuevo\/wp-content\/uploads\/2015\/08\/logo.png\",\"width\":1199,\"height\":276,\"caption\":\"Section clinique de Rennes - Association UFORCA\"},\"image\":{\"@id\":\"http:\/\/www.sectionclinique-rennes.fr\/nuevo\/#\/schema\/logo\/image\/\"}}]}<\/script>\n<!-- \/ Yoast SEO plugin. -->","yoast_head_json":{"title":"S\u00e9minaire du Cercle - La Section clinique de Rennes","robots":{"index":"index","follow":"follow","max-snippet":"max-snippet:-1","max-image-preview":"max-image-preview:large","max-video-preview":"max-video-preview:-1"},"canonical":"http:\/\/www.sectionclinique-rennes.fr\/nuevo\/themes\/2008-2009\/seminaire-detude-et-de-recherche\/","og_locale":"fr_FR","og_type":"article","og_title":"S\u00e9minaire du Cercle - La Section clinique de Rennes","og_description":"Structures du fantasme comme boussole &nbsp; Le s\u00e9minaire du Cercle sera orient\u00e9 cette ann\u00e9e par le rep\u00e9rage des fantasmes dans la clinique des n\u00e9vroses et des perversions. Si Lacan donne, pages 294 et 299 du S\u00e9minaire VIII, les formules du fantasme de l\u2019hyst\u00e9rique et de l\u2019obsessionnel, c\u2019est que la logique\u2026 Continue reading","og_url":"http:\/\/www.sectionclinique-rennes.fr\/nuevo\/themes\/2008-2009\/seminaire-detude-et-de-recherche\/","og_site_name":"La Section clinique de Rennes","article_modified_time":"2022-06-22T13:45:13+00:00","twitter_card":"summary_large_image","twitter_misc":{"Dur\u00e9e de lecture estim\u00e9e":"2 minutes"},"schema":{"@context":"https:\/\/schema.org","@graph":[{"@type":"WebPage","@id":"http:\/\/www.sectionclinique-rennes.fr\/nuevo\/themes\/2008-2009\/seminaire-detude-et-de-recherche\/","url":"http:\/\/www.sectionclinique-rennes.fr\/nuevo\/themes\/2008-2009\/seminaire-detude-et-de-recherche\/","name":"S\u00e9minaire du Cercle - La Section clinique de Rennes","isPartOf":{"@id":"http:\/\/www.sectionclinique-rennes.fr\/nuevo\/#website"},"datePublished":"2015-08-27T10:25:56+00:00","dateModified":"2022-06-22T13:45:13+00:00","breadcrumb":{"@id":"http:\/\/www.sectionclinique-rennes.fr\/nuevo\/themes\/2008-2009\/seminaire-detude-et-de-recherche\/#breadcrumb"},"inLanguage":"fr-FR","potentialAction":[{"@type":"ReadAction","target":["http:\/\/www.sectionclinique-rennes.fr\/nuevo\/themes\/2008-2009\/seminaire-detude-et-de-recherche\/"]}]},{"@type":"BreadcrumbList","@id":"http:\/\/www.sectionclinique-rennes.fr\/nuevo\/themes\/2008-2009\/seminaire-detude-et-de-recherche\/#breadcrumb","itemListElement":[{"@type":"ListItem","position":1,"name":"Accueil","item":"http:\/\/www.sectionclinique-rennes.fr\/nuevo\/"},{"@type":"ListItem","position":2,"name":"Th\u00e8mes","item":"https:\/\/www.sectionclinique-rennes.fr\/nuevo\/themes\/"},{"@type":"ListItem","position":3,"name":"2008-2009","item":"https:\/\/www.sectionclinique-rennes.fr\/nuevo\/themes\/2008-2009\/"},{"@type":"ListItem","position":4,"name":"S\u00e9minaire du Cercle"}]},{"@type":"WebSite","@id":"http:\/\/www.sectionclinique-rennes.fr\/nuevo\/#website","url":"http:\/\/www.sectionclinique-rennes.fr\/nuevo\/","name":"La Section clinique de Rennes","description":"Association UFORCA","publisher":{"@id":"http:\/\/www.sectionclinique-rennes.fr\/nuevo\/#organization"},"potentialAction":[{"@type":"SearchAction","target":{"@type":"EntryPoint","urlTemplate":"http:\/\/www.sectionclinique-rennes.fr\/nuevo\/?s={search_term_string}"},"query-input":{"@type":"PropertyValueSpecification","valueRequired":true,"valueName":"search_term_string"}}],"inLanguage":"fr-FR"},{"@type":"Organization","@id":"http:\/\/www.sectionclinique-rennes.fr\/nuevo\/#organization","name":"Section clinique de Rennes - Association UFORCA","url":"http:\/\/www.sectionclinique-rennes.fr\/nuevo\/","logo":{"@type":"ImageObject","inLanguage":"fr-FR","@id":"http:\/\/www.sectionclinique-rennes.fr\/nuevo\/#\/schema\/logo\/image\/","url":"http:\/\/www.sectionclinique-rennes.fr\/nuevo\/wp-content\/uploads\/2015\/08\/logo.png","contentUrl":"http:\/\/www.sectionclinique-rennes.fr\/nuevo\/wp-content\/uploads\/2015\/08\/logo.png","width":1199,"height":276,"caption":"Section clinique de Rennes - Association UFORCA"},"image":{"@id":"http:\/\/www.sectionclinique-rennes.fr\/nuevo\/#\/schema\/logo\/image\/"}}]}},"_links":{"self":[{"href":"http:\/\/www.sectionclinique-rennes.fr\/nuevo\/wp-json\/wp\/v2\/pages\/338","targetHints":{"allow":["GET"]}}],"collection":[{"href":"http:\/\/www.sectionclinique-rennes.fr\/nuevo\/wp-json\/wp\/v2\/pages"}],"about":[{"href":"http:\/\/www.sectionclinique-rennes.fr\/nuevo\/wp-json\/wp\/v2\/types\/page"}],"author":[{"embeddable":true,"href":"http:\/\/www.sectionclinique-rennes.fr\/nuevo\/wp-json\/wp\/v2\/users\/5"}],"replies":[{"embeddable":true,"href":"http:\/\/www.sectionclinique-rennes.fr\/nuevo\/wp-json\/wp\/v2\/comments?post=338"}],"version-history":[{"count":14,"href":"http:\/\/www.sectionclinique-rennes.fr\/nuevo\/wp-json\/wp\/v2\/pages\/338\/revisions"}],"predecessor-version":[{"id":2933,"href":"http:\/\/www.sectionclinique-rennes.fr\/nuevo\/wp-json\/wp\/v2\/pages\/338\/revisions\/2933"}],"up":[{"embeddable":true,"href":"http:\/\/www.sectionclinique-rennes.fr\/nuevo\/wp-json\/wp\/v2\/pages\/74"}],"wp:attachment":[{"href":"http:\/\/www.sectionclinique-rennes.fr\/nuevo\/wp-json\/wp\/v2\/media?parent=338"}],"curies":[{"name":"wp","href":"https:\/\/api.w.org\/{rel}","templated":true}]}}