{"id":3415,"date":"2025-05-07T13:12:16","date_gmt":"2025-05-07T12:12:16","guid":{"rendered":"https:\/\/www.sectionclinique-rennes.fr\/nuevo\/?page_id=3415"},"modified":"2025-05-07T15:24:17","modified_gmt":"2025-05-07T14:24:17","slug":"fipa","status":"publish","type":"page","link":"http:\/\/www.sectionclinique-rennes.fr\/nuevo\/fipa\/","title":{"rendered":"FIPA"},"content":{"rendered":"<h4 style=\"font-weight: 400; text-align: center;\"><strong>6e Journ\u00e9e d&rsquo;\u00e9tude de la F\u00e9d\u00e9ration des Institutions de Psychanalyse appliqu\u00e9e \u00a0<\/strong><\/h4>\n<p>&nbsp;<\/p>\n<p style=\"text-align: center;\"><strong>Argument<\/strong><\/p>\n<p>&nbsp;<\/p>\n<p style=\"font-weight: 400;\">Du flux et reflux de la libido sur le moi dans les moments de rupture, \u00e0 l\u2019amour ou la sublimation, du mirage narcissique \u00e0 l\u2019investissement dans les objets du monde, la libido est labile. C\u2019est toute une cartographie, sous-tendue par la d\u00e9couverte freudienne de la libido que fait ainsi surgir le titre de notre prochaine journ\u00e9e\u00a0 de la FIPA.<\/p>\n<p style=\"font-weight: 400;\">\u00a0\u00a0\u00a0\u00a0\u00a0\u00a0\u00a0\u00a0 Mais au-del\u00e0 du concept, ces <em>d\u00e9placements de la libido<\/em> convoquent surtout imm\u00e9diatement notre pratique quotidienne, lorsque justement, le sympt\u00f4me, incrust\u00e9 dans le corps, ne produit plus rien d\u2019autre que de la douleur. Pour ces adolescents retir\u00e9s entre les quatre murs de leur chambre, ou ces \u00e9tudiants qui ont \u00ab\u00a0d\u00e9croch\u00e9\u00a0\u00bb, venir au rendez-vous donn\u00e9 s\u2019av\u00e8re parfois la seule sortie \u00e0 laquelle consent le sujet pour venir rencontrer un praticien, qui fait alors figure de \u00ab\u00a0moteur immobile\u00a0\u00bb, c\u2019est-\u00e0-dire, comme le pr\u00e9cise Jacques-Alain Miller, \u00ab\u00a0qu\u2019il anime l\u2019autre \u00e0 se mouvoir et \u00e0 venir \u00a0\u00bb, permettant un premier d\u00e9placement de libido en ce qu\u2019il \u00ab\u00a0implique par lui-m\u00eame, le renoncement \u00e0 d\u2019autres activit\u00e9s, induit une g\u00eane dans la vie courante et, par l\u00e0-m\u00eame, attribue une valeur \u00e0 cette rencontre.\u00a0\u00bb<a href=\"applewebdata:\/\/1EA2A08F-E932-4A36-AB9E-6033425DADF5#_ftn1\" name=\"_ftnref1\"><sup>[1]<\/sup><\/a><\/p>\n<p style=\"font-weight: 400;\">\u00a0\u00a0\u00a0\u00a0\u00a0\u00a0\u00a0\u00a0 Comment saisir l\u2019actualit\u00e9 de cette triade d\u00e9placements\/fixation\/fixit\u00e9 de la libido chez les sujets qui se pr\u00e9sentent dans nos institutions ? Et quel \u00ab\u00a0truc\u00a0\u00bb<a href=\"applewebdata:\/\/1EA2A08F-E932-4A36-AB9E-6033425DADF5#_ftn2\" name=\"_ftnref2\"><sup>[2]<\/sup><\/a> permet, par la parole, que le \u00ab\u00a0quantum de libido\u00a0\u00bb trouve \u00e0 se r\u00e9guler et \u00e0 se nouer autrement, pour qu\u2019on puisse mieux s\u2019en d\u00e9brouiller ?<\/p>\n<p style=\"font-weight: 400;\">\u00a0\u00a0\u00a0\u00a0\u00a0\u00a0\u00a0\u00a0 \u00ab\u00a0Force constante\u00a0\u00bb<a href=\"applewebdata:\/\/1EA2A08F-E932-4A36-AB9E-6033425DADF5#_ftn3\" name=\"_ftnref3\"><sup>[3]<\/sup><\/a>, la pouss\u00e9e de la libido est \u00ab\u00a0invariable\u00a0\u00bb, dans son effort vers la satisfaction, y compris dans les moments o\u00f9 la d\u00e9vitalisation et la souffrance psychique du sujet semblent causer son vidage. Aucun <em>d\u00e9placement de libido<\/em> ne peut donc s\u2019envisager sans son corollaire, cette <em>fixation de libido<\/em> qui surgit de la r\u00e9p\u00e9tition hors-sens, de l\u2019it\u00e9ration de ce dont les sujets viennent se plaindre, mais \u00e0 quoi ils tiennent aussi paradoxalement le plus. Car si la libido est prise, chez le sujet parlant, dans les mailles de la cha\u00eene signifiante o\u00f9 se perd son d\u00e9sir, ce n\u2019en est pas moins toujours avec le caract\u00e8re d\u2019une certaine <em>fixit\u00e9<\/em>, d\u2019o\u00f9 \u00ab\u00a0le concept de jouissance a trouv\u00e9 sa n\u00e9cessit\u00e9\u00a0\u00bb<a href=\"applewebdata:\/\/1EA2A08F-E932-4A36-AB9E-6033425DADF5#_ftn4\" name=\"_ftnref4\">[4]<\/a>\u00a0 dans la relecture lacanienne du concept freudien.<\/p>\n<p style=\"font-weight: 400;\">\u00a0\u00a0\u00a0\u00a0\u00a0\u00a0\u00a0\u00a0 D\u00e9placements\/fixation\/fixit\u00e9 de la libido\u00a0: il s\u2019agit de manier d\u00e9licatement de telles forces oppos\u00e9es chez les sujets que nous recevons, qu\u2019ils soient riv\u00e9s \u00e0 leur objet de consommation, soumis aux pousse-\u00e0-jouirs contemporains, \u00e9pingl\u00e9s par un nom emprunt\u00e9 aux identit\u00e9s de l\u2019\u00e9poque, immobilis\u00e9s dans leur \u00e9lan vital, fig\u00e9s dans une \u00ab\u00a0cong\u00e9lation du d\u00e9sir\u00a0\u00bb<a href=\"applewebdata:\/\/1EA2A08F-E932-4A36-AB9E-6033425DADF5#_ftn5\" name=\"_ftnref5\"><sup>[5]<\/sup><\/a>, <em>ins\u00e9par\u00e9s<\/em> d\u2019un Autre dont ils s\u2019estiment trop \u00ab\u00a0d\u00e9pendants\u00a0\u00bb, ou encore \u00ab\u00a0sous emprise\u00a0\u00bb, \u00ab\u00a0harcel\u00e9s\u00a0\u00bb, \u00ab\u00a0abandonn\u00e9s\u00a0\u00bb\u2026 S\u2019orienter de cette triple valeur de la libido, c\u2019est miser sur les effets de mutations permis par l\u2019adresse \u00e0 un praticien orient\u00e9 par la psychanalyse, et sur les possibilit\u00e9s de redistribution offertes par la formulation d\u2019une plainte, l\u2019isolement d\u2019un point de souffrance et de ses circonstances d\u2019apparition, une localisation qui ouvre \u00e0 son au-del\u00e0. C\u2019est aussi savoir \u00e0 quel point mettre en forme l\u2019informe, prendre langue pour extraire des bribes de parole constitue d\u00e9j\u00e0 une premi\u00e8re et pr\u00e9cieuse relance de la cha\u00eene signifiante, et d\u00e9j\u00e0 la chance que la charge libidinale concentr\u00e9e dans un signifiant puisse, s\u00e9ance apr\u00e8s s\u00e9ance, s\u2019all\u00e9ger ; et que surgisse peut-\u00eatre une nouvelle nomination, plus singuli\u00e8re ; ou encore qu\u2019\u00e9merge un nouvel objet gr\u00e2ce auquel le sujet puisse \u00e0 nouveau circuler dans le monde.<\/p>\n<p style=\"font-weight: 400;\"><sup>\u00a0\u00a0\u00a0\u00a0\u00a0\u00a0\u00a0\u00a0\u00a0\u00a0\u00a0\u00a0\u00a0 <\/sup>Depuis l\u2019orientation lacanienne, c\u2019est donc toute l\u2019inventivit\u00e9 des cliniciens des institutions de la FIPA qui se fera entendre durant cette prochaine journ\u00e9e de travail. Loin de toute vis\u00e9e id\u00e9alisante ou normativante, s\u2019y d\u00e9montrera, cas apr\u00e8s cas, comment une rencontre sous transfert avec un praticien-\u00ab\u00a0analysant-civilis\u00e9\u00a0\u00bb<a href=\"applewebdata:\/\/1EA2A08F-E932-4A36-AB9E-6033425DADF5#_ftn6\" name=\"_ftnref6\"><sup>[6]<\/sup><\/a>, peut ouvrir la voie \u00e0 un bien-dire comme premier pas vers une nouvelle satisfaction.<\/p>\n<p>&nbsp;<\/p>\n<h6><sup>[1]<\/sup> Miller J.-A., \u00ab La s\u00e9ance analytique \u00bb, <em>Hebdo-blog<\/em>, n\u00b0198, 5 avril 2020, disponible en ligne.<br \/>\n<sup>[2]<\/sup> Lacan Jacques, \u00ab Conclusions du IXe Congr\u00e8s de l\u2019\u00c9cole freudienne de <em>Paris\u00a0\u00bb, La Cause du d\u00e9sir<\/em>, n\u00b0103, octobre 2019, p. 22.<br \/>\n<sup>[3]<\/sup> Freud S., \u00ab Pulsion et destin des pulsions \u00bb<em>, M\u00e9tapsychologie<\/em>, Paris, PUF, 2010, p. 9.<br \/>\n<sup>[4]<\/sup>\u00a0 Miller J.-A, \u00ab Nous sommes pouss\u00e9s par des hasards \u00e0 droite et \u00e0 gauche \u00bb,<em> La Cause freudienne<\/em>, n\u00b071, juin 2009, p.\u00a070<br \/>\n<sup>[5]<\/sup> Cf Lacan J.,\u00a0 Le S\u00e9minaire, Livre XXII, \u00ab R.S.I. \u00bb, le\u00e7on du 8 avril 1975, in <em>Ornicar ? <\/em>n\u00b0 5, hiver 1975\/76, p. 42.<br \/>\n<sup>[6]<\/sup>\u00a0 Selon l \u2018heureuse formule d\u2019\u00c9ric Laurent.<\/h6>\n<p>&nbsp;<\/p>\n<p><a href=\"http:\/\/www.sectionclinique-rennes.fr\/nuevo\/wp-content\/uploads\/2025\/05\/lettre-institutions.jpg\"><img loading=\"lazy\" decoding=\"async\" class=\"wp-image-3419 aligncenter\" src=\"http:\/\/www.sectionclinique-rennes.fr\/nuevo\/wp-content\/uploads\/2025\/05\/lettre-institutions-212x300.jpg\" alt=\"\" width=\"546\" height=\"772\" srcset=\"http:\/\/www.sectionclinique-rennes.fr\/nuevo\/wp-content\/uploads\/2025\/05\/lettre-institutions-212x300.jpg 212w, http:\/\/www.sectionclinique-rennes.fr\/nuevo\/wp-content\/uploads\/2025\/05\/lettre-institutions-106x150.jpg 106w, http:\/\/www.sectionclinique-rennes.fr\/nuevo\/wp-content\/uploads\/2025\/05\/lettre-institutions.jpg 724w\" sizes=\"auto, (max-width: 546px) 100vw, 546px\" \/><\/a><\/p>\n<p>&nbsp;<\/p>\n<h6><strong>Derni\u00e8re mise \u00e0 jour : 07\/05\/2025<\/strong><\/h6>\n","protected":false},"excerpt":{"rendered":"<p>6e Journ\u00e9e d&rsquo;\u00e9tude de la F\u00e9d\u00e9ration des Institutions de Psychanalyse appliqu\u00e9e \u00a0 &nbsp; Argument &nbsp; Du flux et reflux de la libido sur le moi dans les moments de rupture, \u00e0 l\u2019amour ou la sublimation, du mirage narcissique \u00e0 l\u2019investissement dans les objets du monde, la libido est labile. C\u2019est\u2026<\/p>\n<p> <a class=\"continue-reading-link\" href=\"http:\/\/www.sectionclinique-rennes.fr\/nuevo\/fipa\/\"><span>Continue reading<\/span><i class=\"crycon-right-dir\"><\/i><\/a> <\/p>\n","protected":false},"author":5,"featured_media":0,"parent":0,"menu_order":0,"comment_status":"closed","ping_status":"closed","template":"","meta":{"_monsterinsights_skip_tracking":false,"_monsterinsights_sitenote_active":false,"_monsterinsights_sitenote_note":"","_monsterinsights_sitenote_category":0,"footnotes":""},"class_list":["post-3415","page","type-page","status-publish","hentry"],"yoast_head":"<!-- This site is optimized with the Yoast SEO plugin v25.5 - https:\/\/yoast.com\/wordpress\/plugins\/seo\/ -->\n<title>FIPA - La Section clinique de Rennes<\/title>\n<meta name=\"robots\" content=\"index, follow, max-snippet:-1, max-image-preview:large, max-video-preview:-1\" \/>\n<link rel=\"canonical\" href=\"http:\/\/www.sectionclinique-rennes.fr\/nuevo\/fipa\/\" \/>\n<meta property=\"og:locale\" content=\"fr_FR\" \/>\n<meta property=\"og:type\" content=\"article\" \/>\n<meta property=\"og:title\" content=\"FIPA - La Section clinique de Rennes\" \/>\n<meta property=\"og:description\" content=\"6e Journ\u00e9e d&rsquo;\u00e9tude de la F\u00e9d\u00e9ration des Institutions de Psychanalyse appliqu\u00e9e \u00a0 &nbsp; Argument &nbsp; Du flux et reflux de la libido sur le moi dans les moments de rupture, \u00e0 l\u2019amour ou la sublimation, du mirage narcissique \u00e0 l\u2019investissement dans les objets du monde, la libido est labile. C\u2019est\u2026 Continue reading\" \/>\n<meta property=\"og:url\" content=\"http:\/\/www.sectionclinique-rennes.fr\/nuevo\/fipa\/\" \/>\n<meta property=\"og:site_name\" content=\"La Section clinique de Rennes\" \/>\n<meta property=\"article:modified_time\" content=\"2025-05-07T14:24:17+00:00\" \/>\n<meta property=\"og:image\" content=\"http:\/\/www.sectionclinique-rennes.fr\/nuevo\/wp-content\/uploads\/2025\/05\/lettre-institutions-212x300.jpg\" \/>\n<meta name=\"twitter:card\" content=\"summary_large_image\" \/>\n<meta name=\"twitter:label1\" content=\"Dur\u00e9e de lecture estim\u00e9e\" \/>\n\t<meta name=\"twitter:data1\" content=\"4 minutes\" \/>\n<script type=\"application\/ld+json\" class=\"yoast-schema-graph\">{\"@context\":\"https:\/\/schema.org\",\"@graph\":[{\"@type\":\"WebPage\",\"@id\":\"http:\/\/www.sectionclinique-rennes.fr\/nuevo\/fipa\/\",\"url\":\"http:\/\/www.sectionclinique-rennes.fr\/nuevo\/fipa\/\",\"name\":\"FIPA - La Section clinique de Rennes\",\"isPartOf\":{\"@id\":\"http:\/\/www.sectionclinique-rennes.fr\/nuevo\/#website\"},\"primaryImageOfPage\":{\"@id\":\"http:\/\/www.sectionclinique-rennes.fr\/nuevo\/fipa\/#primaryimage\"},\"image\":{\"@id\":\"http:\/\/www.sectionclinique-rennes.fr\/nuevo\/fipa\/#primaryimage\"},\"thumbnailUrl\":\"http:\/\/www.sectionclinique-rennes.fr\/nuevo\/wp-content\/uploads\/2025\/05\/lettre-institutions-212x300.jpg\",\"datePublished\":\"2025-05-07T12:12:16+00:00\",\"dateModified\":\"2025-05-07T14:24:17+00:00\",\"breadcrumb\":{\"@id\":\"http:\/\/www.sectionclinique-rennes.fr\/nuevo\/fipa\/#breadcrumb\"},\"inLanguage\":\"fr-FR\",\"potentialAction\":[{\"@type\":\"ReadAction\",\"target\":[\"http:\/\/www.sectionclinique-rennes.fr\/nuevo\/fipa\/\"]}]},{\"@type\":\"ImageObject\",\"inLanguage\":\"fr-FR\",\"@id\":\"http:\/\/www.sectionclinique-rennes.fr\/nuevo\/fipa\/#primaryimage\",\"url\":\"http:\/\/www.sectionclinique-rennes.fr\/nuevo\/wp-content\/uploads\/2025\/05\/lettre-institutions.jpg\",\"contentUrl\":\"http:\/\/www.sectionclinique-rennes.fr\/nuevo\/wp-content\/uploads\/2025\/05\/lettre-institutions.jpg\",\"width\":724,\"height\":1024},{\"@type\":\"BreadcrumbList\",\"@id\":\"http:\/\/www.sectionclinique-rennes.fr\/nuevo\/fipa\/#breadcrumb\",\"itemListElement\":[{\"@type\":\"ListItem\",\"position\":1,\"name\":\"Accueil\",\"item\":\"http:\/\/www.sectionclinique-rennes.fr\/nuevo\/\"},{\"@type\":\"ListItem\",\"position\":2,\"name\":\"FIPA\"}]},{\"@type\":\"WebSite\",\"@id\":\"http:\/\/www.sectionclinique-rennes.fr\/nuevo\/#website\",\"url\":\"http:\/\/www.sectionclinique-rennes.fr\/nuevo\/\",\"name\":\"La Section clinique de Rennes\",\"description\":\"Association UFORCA\",\"publisher\":{\"@id\":\"http:\/\/www.sectionclinique-rennes.fr\/nuevo\/#organization\"},\"potentialAction\":[{\"@type\":\"SearchAction\",\"target\":{\"@type\":\"EntryPoint\",\"urlTemplate\":\"http:\/\/www.sectionclinique-rennes.fr\/nuevo\/?s={search_term_string}\"},\"query-input\":{\"@type\":\"PropertyValueSpecification\",\"valueRequired\":true,\"valueName\":\"search_term_string\"}}],\"inLanguage\":\"fr-FR\"},{\"@type\":\"Organization\",\"@id\":\"http:\/\/www.sectionclinique-rennes.fr\/nuevo\/#organization\",\"name\":\"Section clinique de Rennes - Association UFORCA\",\"url\":\"http:\/\/www.sectionclinique-rennes.fr\/nuevo\/\",\"logo\":{\"@type\":\"ImageObject\",\"inLanguage\":\"fr-FR\",\"@id\":\"http:\/\/www.sectionclinique-rennes.fr\/nuevo\/#\/schema\/logo\/image\/\",\"url\":\"http:\/\/www.sectionclinique-rennes.fr\/nuevo\/wp-content\/uploads\/2015\/08\/logo.png\",\"contentUrl\":\"http:\/\/www.sectionclinique-rennes.fr\/nuevo\/wp-content\/uploads\/2015\/08\/logo.png\",\"width\":1199,\"height\":276,\"caption\":\"Section clinique de Rennes - Association UFORCA\"},\"image\":{\"@id\":\"http:\/\/www.sectionclinique-rennes.fr\/nuevo\/#\/schema\/logo\/image\/\"}}]}<\/script>\n<!-- \/ Yoast SEO plugin. -->","yoast_head_json":{"title":"FIPA - La Section clinique de Rennes","robots":{"index":"index","follow":"follow","max-snippet":"max-snippet:-1","max-image-preview":"max-image-preview:large","max-video-preview":"max-video-preview:-1"},"canonical":"http:\/\/www.sectionclinique-rennes.fr\/nuevo\/fipa\/","og_locale":"fr_FR","og_type":"article","og_title":"FIPA - La Section clinique de Rennes","og_description":"6e Journ\u00e9e d&rsquo;\u00e9tude de la F\u00e9d\u00e9ration des Institutions de Psychanalyse appliqu\u00e9e \u00a0 &nbsp; Argument &nbsp; Du flux et reflux de la libido sur le moi dans les moments de rupture, \u00e0 l\u2019amour ou la sublimation, du mirage narcissique \u00e0 l\u2019investissement dans les objets du monde, la libido est labile. C\u2019est\u2026 Continue reading","og_url":"http:\/\/www.sectionclinique-rennes.fr\/nuevo\/fipa\/","og_site_name":"La Section clinique de Rennes","article_modified_time":"2025-05-07T14:24:17+00:00","og_image":[{"url":"http:\/\/www.sectionclinique-rennes.fr\/nuevo\/wp-content\/uploads\/2025\/05\/lettre-institutions-212x300.jpg","type":"","width":"","height":""}],"twitter_card":"summary_large_image","twitter_misc":{"Dur\u00e9e de lecture estim\u00e9e":"4 minutes"},"schema":{"@context":"https:\/\/schema.org","@graph":[{"@type":"WebPage","@id":"http:\/\/www.sectionclinique-rennes.fr\/nuevo\/fipa\/","url":"http:\/\/www.sectionclinique-rennes.fr\/nuevo\/fipa\/","name":"FIPA - La Section clinique de Rennes","isPartOf":{"@id":"http:\/\/www.sectionclinique-rennes.fr\/nuevo\/#website"},"primaryImageOfPage":{"@id":"http:\/\/www.sectionclinique-rennes.fr\/nuevo\/fipa\/#primaryimage"},"image":{"@id":"http:\/\/www.sectionclinique-rennes.fr\/nuevo\/fipa\/#primaryimage"},"thumbnailUrl":"http:\/\/www.sectionclinique-rennes.fr\/nuevo\/wp-content\/uploads\/2025\/05\/lettre-institutions-212x300.jpg","datePublished":"2025-05-07T12:12:16+00:00","dateModified":"2025-05-07T14:24:17+00:00","breadcrumb":{"@id":"http:\/\/www.sectionclinique-rennes.fr\/nuevo\/fipa\/#breadcrumb"},"inLanguage":"fr-FR","potentialAction":[{"@type":"ReadAction","target":["http:\/\/www.sectionclinique-rennes.fr\/nuevo\/fipa\/"]}]},{"@type":"ImageObject","inLanguage":"fr-FR","@id":"http:\/\/www.sectionclinique-rennes.fr\/nuevo\/fipa\/#primaryimage","url":"http:\/\/www.sectionclinique-rennes.fr\/nuevo\/wp-content\/uploads\/2025\/05\/lettre-institutions.jpg","contentUrl":"http:\/\/www.sectionclinique-rennes.fr\/nuevo\/wp-content\/uploads\/2025\/05\/lettre-institutions.jpg","width":724,"height":1024},{"@type":"BreadcrumbList","@id":"http:\/\/www.sectionclinique-rennes.fr\/nuevo\/fipa\/#breadcrumb","itemListElement":[{"@type":"ListItem","position":1,"name":"Accueil","item":"http:\/\/www.sectionclinique-rennes.fr\/nuevo\/"},{"@type":"ListItem","position":2,"name":"FIPA"}]},{"@type":"WebSite","@id":"http:\/\/www.sectionclinique-rennes.fr\/nuevo\/#website","url":"http:\/\/www.sectionclinique-rennes.fr\/nuevo\/","name":"La Section clinique de Rennes","description":"Association UFORCA","publisher":{"@id":"http:\/\/www.sectionclinique-rennes.fr\/nuevo\/#organization"},"potentialAction":[{"@type":"SearchAction","target":{"@type":"EntryPoint","urlTemplate":"http:\/\/www.sectionclinique-rennes.fr\/nuevo\/?s={search_term_string}"},"query-input":{"@type":"PropertyValueSpecification","valueRequired":true,"valueName":"search_term_string"}}],"inLanguage":"fr-FR"},{"@type":"Organization","@id":"http:\/\/www.sectionclinique-rennes.fr\/nuevo\/#organization","name":"Section clinique de Rennes - Association UFORCA","url":"http:\/\/www.sectionclinique-rennes.fr\/nuevo\/","logo":{"@type":"ImageObject","inLanguage":"fr-FR","@id":"http:\/\/www.sectionclinique-rennes.fr\/nuevo\/#\/schema\/logo\/image\/","url":"http:\/\/www.sectionclinique-rennes.fr\/nuevo\/wp-content\/uploads\/2015\/08\/logo.png","contentUrl":"http:\/\/www.sectionclinique-rennes.fr\/nuevo\/wp-content\/uploads\/2015\/08\/logo.png","width":1199,"height":276,"caption":"Section clinique de Rennes - Association UFORCA"},"image":{"@id":"http:\/\/www.sectionclinique-rennes.fr\/nuevo\/#\/schema\/logo\/image\/"}}]}},"_links":{"self":[{"href":"http:\/\/www.sectionclinique-rennes.fr\/nuevo\/wp-json\/wp\/v2\/pages\/3415","targetHints":{"allow":["GET"]}}],"collection":[{"href":"http:\/\/www.sectionclinique-rennes.fr\/nuevo\/wp-json\/wp\/v2\/pages"}],"about":[{"href":"http:\/\/www.sectionclinique-rennes.fr\/nuevo\/wp-json\/wp\/v2\/types\/page"}],"author":[{"embeddable":true,"href":"http:\/\/www.sectionclinique-rennes.fr\/nuevo\/wp-json\/wp\/v2\/users\/5"}],"replies":[{"embeddable":true,"href":"http:\/\/www.sectionclinique-rennes.fr\/nuevo\/wp-json\/wp\/v2\/comments?post=3415"}],"version-history":[{"count":8,"href":"http:\/\/www.sectionclinique-rennes.fr\/nuevo\/wp-json\/wp\/v2\/pages\/3415\/revisions"}],"predecessor-version":[{"id":3430,"href":"http:\/\/www.sectionclinique-rennes.fr\/nuevo\/wp-json\/wp\/v2\/pages\/3415\/revisions\/3430"}],"wp:attachment":[{"href":"http:\/\/www.sectionclinique-rennes.fr\/nuevo\/wp-json\/wp\/v2\/media?parent=3415"}],"curies":[{"name":"wp","href":"https:\/\/api.w.org\/{rel}","templated":true}]}}