{"id":468,"date":"2015-08-27T22:04:18","date_gmt":"2015-08-27T21:04:18","guid":{"rendered":"http:\/\/www.sectionclinique-rennes.fr\/nuevo\/?page_id=468"},"modified":"2025-08-11T13:59:16","modified_gmt":"2025-08-11T12:59:16","slug":"les-jeudis-dintroduction","status":"publish","type":"page","link":"http:\/\/www.sectionclinique-rennes.fr\/nuevo\/etudes\/les-jeudis-dintroduction\/","title":{"rendered":"Atelier d&rsquo;introduction \u00e0 la psychanalyse"},"content":{"rendered":"<p><a href=\"http:\/\/www.sectionclinique-rennes.fr\/nuevo\/wp-content\/uploads\/2021\/08\/dro\u0302le-de-drame.jpg\"><img loading=\"lazy\" decoding=\"async\" class=\"alignnone size-medium wp-image-2425\" src=\"http:\/\/www.sectionclinique-rennes.fr\/nuevo\/wp-content\/uploads\/2021\/08\/dro\u0302le-de-drame-300x90.jpg\" alt=\"\" width=\"300\" height=\"90\" srcset=\"http:\/\/www.sectionclinique-rennes.fr\/nuevo\/wp-content\/uploads\/2021\/08\/dro\u0302le-de-drame-300x90.jpg 300w, http:\/\/www.sectionclinique-rennes.fr\/nuevo\/wp-content\/uploads\/2021\/08\/dro\u0302le-de-drame-150x45.jpg 150w, http:\/\/www.sectionclinique-rennes.fr\/nuevo\/wp-content\/uploads\/2021\/08\/dro\u0302le-de-drame.jpg 600w\" sizes=\"auto, (max-width: 300px) 100vw, 300px\" \/><\/a><\/p>\n<p style=\"text-align: justify;\">La Section Clinique de Rennes propose un \u00ab Atelier d\u2019introduction \u00e0 la psychanalyse \u00bb qui s\u2019appuiera sur une lecture comment\u00e9e de textes de Freud, mis en lumi\u00e8re par l\u2019enseignement de Jacques Lacan et de Jacques-Alain Miller.<\/p>\n<p style=\"text-align: justify;\">Cette lecture comment\u00e9e fera une large place aux questions et commentaires des participants. Elle s\u2019adresse \u00e0 toute personne int\u00e9ress\u00e9e par la d\u00e9couverte de l\u2019inconscient et ses cons\u00e9quences.<\/p>\n<p>L&rsquo;enseignement est assur\u00e9 par Dominique Carpentier, Camille Monribot, Charlotte Tazartez \u00a0et C\u00e9cile Wojnarowski.<\/p>\n<p style=\"text-align: justify;\"><strong>Cet atelier organis\u00e9 par la Section Clinique de Rennes est un module ind\u00e9pendant et requiert\u00a0une inscription s\u00e9par\u00e9e.<\/strong><\/p>\n<p><a href=\"http:\/\/www.sectionclinique-rennes.fr\/nuevo\/wp-content\/uploads\/2025\/07\/Programme-AIP-25-26.pdf\">Plaquette Atelier introduction 2025-2026<\/a><\/p>\n<hr \/>\n<p>Pour tout renseignement, prendre contact avec <strong>C\u00e9cile Wojnarowski<\/strong>, responsable de l&rsquo;atelier: <span style=\"font-family: 'Century Gothic', AppleGothic, sans-serif;\">cwoj@wanadoo.fr<\/span><\/p>\n<h6><\/h6>\n<h6><strong><em>Derni\u00e8re modification : 11\/08\/2025<\/em><\/strong><\/h6>\n","protected":false},"excerpt":{"rendered":"<p>La Section Clinique de Rennes propose un \u00ab Atelier d\u2019introduction \u00e0 la psychanalyse \u00bb qui s\u2019appuiera sur une lecture comment\u00e9e de textes de Freud, mis en lumi\u00e8re par l\u2019enseignement de Jacques Lacan et de Jacques-Alain Miller. Cette lecture comment\u00e9e fera une large place aux questions et commentaires des participants. Elle\u2026<\/p>\n<p> <a class=\"continue-reading-link\" href=\"http:\/\/www.sectionclinique-rennes.fr\/nuevo\/etudes\/les-jeudis-dintroduction\/\"><span>Continue reading<\/span><i class=\"crycon-right-dir\"><\/i><\/a> <\/p>\n","protected":false},"author":5,"featured_media":0,"parent":16,"menu_order":2,"comment_status":"closed","ping_status":"closed","template":"","meta":{"_monsterinsights_skip_tracking":false,"_monsterinsights_sitenote_active":false,"_monsterinsights_sitenote_note":"","_monsterinsights_sitenote_category":0,"footnotes":""},"class_list":["post-468","page","type-page","status-publish","hentry"],"yoast_head":"<!-- This site is optimized with the Yoast SEO plugin v25.5 - https:\/\/yoast.com\/wordpress\/plugins\/seo\/ -->\n<title>Atelier d&#039;introduction \u00e0 la psychanalyse - La Section clinique de Rennes<\/title>\n<meta name=\"robots\" content=\"index, follow, max-snippet:-1, max-image-preview:large, max-video-preview:-1\" \/>\n<link rel=\"canonical\" href=\"http:\/\/www.sectionclinique-rennes.fr\/nuevo\/etudes\/les-jeudis-dintroduction\/\" \/>\n<meta property=\"og:locale\" content=\"fr_FR\" \/>\n<meta property=\"og:type\" content=\"article\" \/>\n<meta property=\"og:title\" content=\"Atelier d&#039;introduction \u00e0 la psychanalyse - La Section clinique de Rennes\" \/>\n<meta property=\"og:description\" content=\"La Section Clinique de Rennes propose un \u00ab Atelier d\u2019introduction \u00e0 la psychanalyse \u00bb qui s\u2019appuiera sur une lecture comment\u00e9e de textes de Freud, mis en lumi\u00e8re par l\u2019enseignement de Jacques Lacan et de Jacques-Alain Miller. Cette lecture comment\u00e9e fera une large place aux questions et commentaires des participants. Elle\u2026 Continue reading\" \/>\n<meta property=\"og:url\" content=\"http:\/\/www.sectionclinique-rennes.fr\/nuevo\/etudes\/les-jeudis-dintroduction\/\" \/>\n<meta property=\"og:site_name\" content=\"La Section clinique de Rennes\" \/>\n<meta property=\"article:modified_time\" content=\"2025-08-11T12:59:16+00:00\" \/>\n<meta name=\"twitter:card\" content=\"summary_large_image\" \/>\n<meta name=\"twitter:label1\" content=\"Dur\u00e9e de lecture estim\u00e9e\" \/>\n\t<meta name=\"twitter:data1\" content=\"1 minute\" \/>\n<script type=\"application\/ld+json\" class=\"yoast-schema-graph\">{\"@context\":\"https:\/\/schema.org\",\"@graph\":[{\"@type\":\"WebPage\",\"@id\":\"http:\/\/www.sectionclinique-rennes.fr\/nuevo\/etudes\/les-jeudis-dintroduction\/\",\"url\":\"http:\/\/www.sectionclinique-rennes.fr\/nuevo\/etudes\/les-jeudis-dintroduction\/\",\"name\":\"Atelier d'introduction \u00e0 la psychanalyse - La Section clinique de Rennes\",\"isPartOf\":{\"@id\":\"http:\/\/www.sectionclinique-rennes.fr\/nuevo\/#website\"},\"datePublished\":\"2015-08-27T21:04:18+00:00\",\"dateModified\":\"2025-08-11T12:59:16+00:00\",\"breadcrumb\":{\"@id\":\"http:\/\/www.sectionclinique-rennes.fr\/nuevo\/etudes\/les-jeudis-dintroduction\/#breadcrumb\"},\"inLanguage\":\"fr-FR\",\"potentialAction\":[{\"@type\":\"ReadAction\",\"target\":[\"http:\/\/www.sectionclinique-rennes.fr\/nuevo\/etudes\/les-jeudis-dintroduction\/\"]}]},{\"@type\":\"BreadcrumbList\",\"@id\":\"http:\/\/www.sectionclinique-rennes.fr\/nuevo\/etudes\/les-jeudis-dintroduction\/#breadcrumb\",\"itemListElement\":[{\"@type\":\"ListItem\",\"position\":1,\"name\":\"Accueil\",\"item\":\"http:\/\/www.sectionclinique-rennes.fr\/nuevo\/\"},{\"@type\":\"ListItem\",\"position\":2,\"name\":\"Pr\u00e9sentation\",\"item\":\"http:\/\/www.sectionclinique-rennes.fr\/nuevo\/etudes\/\"},{\"@type\":\"ListItem\",\"position\":3,\"name\":\"Atelier d&rsquo;introduction \u00e0 la psychanalyse\"}]},{\"@type\":\"WebSite\",\"@id\":\"http:\/\/www.sectionclinique-rennes.fr\/nuevo\/#website\",\"url\":\"http:\/\/www.sectionclinique-rennes.fr\/nuevo\/\",\"name\":\"La Section clinique de Rennes\",\"description\":\"Association UFORCA\",\"publisher\":{\"@id\":\"http:\/\/www.sectionclinique-rennes.fr\/nuevo\/#organization\"},\"potentialAction\":[{\"@type\":\"SearchAction\",\"target\":{\"@type\":\"EntryPoint\",\"urlTemplate\":\"http:\/\/www.sectionclinique-rennes.fr\/nuevo\/?s={search_term_string}\"},\"query-input\":{\"@type\":\"PropertyValueSpecification\",\"valueRequired\":true,\"valueName\":\"search_term_string\"}}],\"inLanguage\":\"fr-FR\"},{\"@type\":\"Organization\",\"@id\":\"http:\/\/www.sectionclinique-rennes.fr\/nuevo\/#organization\",\"name\":\"Section clinique de Rennes - Association UFORCA\",\"url\":\"http:\/\/www.sectionclinique-rennes.fr\/nuevo\/\",\"logo\":{\"@type\":\"ImageObject\",\"inLanguage\":\"fr-FR\",\"@id\":\"http:\/\/www.sectionclinique-rennes.fr\/nuevo\/#\/schema\/logo\/image\/\",\"url\":\"http:\/\/www.sectionclinique-rennes.fr\/nuevo\/wp-content\/uploads\/2015\/08\/logo.png\",\"contentUrl\":\"http:\/\/www.sectionclinique-rennes.fr\/nuevo\/wp-content\/uploads\/2015\/08\/logo.png\",\"width\":1199,\"height\":276,\"caption\":\"Section clinique de Rennes - Association UFORCA\"},\"image\":{\"@id\":\"http:\/\/www.sectionclinique-rennes.fr\/nuevo\/#\/schema\/logo\/image\/\"}}]}<\/script>\n<!-- \/ Yoast SEO plugin. -->","yoast_head_json":{"title":"Atelier d'introduction \u00e0 la psychanalyse - La Section clinique de Rennes","robots":{"index":"index","follow":"follow","max-snippet":"max-snippet:-1","max-image-preview":"max-image-preview:large","max-video-preview":"max-video-preview:-1"},"canonical":"http:\/\/www.sectionclinique-rennes.fr\/nuevo\/etudes\/les-jeudis-dintroduction\/","og_locale":"fr_FR","og_type":"article","og_title":"Atelier d'introduction \u00e0 la psychanalyse - La Section clinique de Rennes","og_description":"La Section Clinique de Rennes propose un \u00ab Atelier d\u2019introduction \u00e0 la psychanalyse \u00bb qui s\u2019appuiera sur une lecture comment\u00e9e de textes de Freud, mis en lumi\u00e8re par l\u2019enseignement de Jacques Lacan et de Jacques-Alain Miller. Cette lecture comment\u00e9e fera une large place aux questions et commentaires des participants. Elle\u2026 Continue reading","og_url":"http:\/\/www.sectionclinique-rennes.fr\/nuevo\/etudes\/les-jeudis-dintroduction\/","og_site_name":"La Section clinique de Rennes","article_modified_time":"2025-08-11T12:59:16+00:00","twitter_card":"summary_large_image","twitter_misc":{"Dur\u00e9e de lecture estim\u00e9e":"1 minute"},"schema":{"@context":"https:\/\/schema.org","@graph":[{"@type":"WebPage","@id":"http:\/\/www.sectionclinique-rennes.fr\/nuevo\/etudes\/les-jeudis-dintroduction\/","url":"http:\/\/www.sectionclinique-rennes.fr\/nuevo\/etudes\/les-jeudis-dintroduction\/","name":"Atelier d'introduction \u00e0 la psychanalyse - La Section clinique de Rennes","isPartOf":{"@id":"http:\/\/www.sectionclinique-rennes.fr\/nuevo\/#website"},"datePublished":"2015-08-27T21:04:18+00:00","dateModified":"2025-08-11T12:59:16+00:00","breadcrumb":{"@id":"http:\/\/www.sectionclinique-rennes.fr\/nuevo\/etudes\/les-jeudis-dintroduction\/#breadcrumb"},"inLanguage":"fr-FR","potentialAction":[{"@type":"ReadAction","target":["http:\/\/www.sectionclinique-rennes.fr\/nuevo\/etudes\/les-jeudis-dintroduction\/"]}]},{"@type":"BreadcrumbList","@id":"http:\/\/www.sectionclinique-rennes.fr\/nuevo\/etudes\/les-jeudis-dintroduction\/#breadcrumb","itemListElement":[{"@type":"ListItem","position":1,"name":"Accueil","item":"http:\/\/www.sectionclinique-rennes.fr\/nuevo\/"},{"@type":"ListItem","position":2,"name":"Pr\u00e9sentation","item":"http:\/\/www.sectionclinique-rennes.fr\/nuevo\/etudes\/"},{"@type":"ListItem","position":3,"name":"Atelier d&rsquo;introduction \u00e0 la psychanalyse"}]},{"@type":"WebSite","@id":"http:\/\/www.sectionclinique-rennes.fr\/nuevo\/#website","url":"http:\/\/www.sectionclinique-rennes.fr\/nuevo\/","name":"La Section clinique de Rennes","description":"Association UFORCA","publisher":{"@id":"http:\/\/www.sectionclinique-rennes.fr\/nuevo\/#organization"},"potentialAction":[{"@type":"SearchAction","target":{"@type":"EntryPoint","urlTemplate":"http:\/\/www.sectionclinique-rennes.fr\/nuevo\/?s={search_term_string}"},"query-input":{"@type":"PropertyValueSpecification","valueRequired":true,"valueName":"search_term_string"}}],"inLanguage":"fr-FR"},{"@type":"Organization","@id":"http:\/\/www.sectionclinique-rennes.fr\/nuevo\/#organization","name":"Section clinique de Rennes - Association UFORCA","url":"http:\/\/www.sectionclinique-rennes.fr\/nuevo\/","logo":{"@type":"ImageObject","inLanguage":"fr-FR","@id":"http:\/\/www.sectionclinique-rennes.fr\/nuevo\/#\/schema\/logo\/image\/","url":"http:\/\/www.sectionclinique-rennes.fr\/nuevo\/wp-content\/uploads\/2015\/08\/logo.png","contentUrl":"http:\/\/www.sectionclinique-rennes.fr\/nuevo\/wp-content\/uploads\/2015\/08\/logo.png","width":1199,"height":276,"caption":"Section clinique de Rennes - Association UFORCA"},"image":{"@id":"http:\/\/www.sectionclinique-rennes.fr\/nuevo\/#\/schema\/logo\/image\/"}}]}},"_links":{"self":[{"href":"http:\/\/www.sectionclinique-rennes.fr\/nuevo\/wp-json\/wp\/v2\/pages\/468","targetHints":{"allow":["GET"]}}],"collection":[{"href":"http:\/\/www.sectionclinique-rennes.fr\/nuevo\/wp-json\/wp\/v2\/pages"}],"about":[{"href":"http:\/\/www.sectionclinique-rennes.fr\/nuevo\/wp-json\/wp\/v2\/types\/page"}],"author":[{"embeddable":true,"href":"http:\/\/www.sectionclinique-rennes.fr\/nuevo\/wp-json\/wp\/v2\/users\/5"}],"replies":[{"embeddable":true,"href":"http:\/\/www.sectionclinique-rennes.fr\/nuevo\/wp-json\/wp\/v2\/comments?post=468"}],"version-history":[{"count":57,"href":"http:\/\/www.sectionclinique-rennes.fr\/nuevo\/wp-json\/wp\/v2\/pages\/468\/revisions"}],"predecessor-version":[{"id":3467,"href":"http:\/\/www.sectionclinique-rennes.fr\/nuevo\/wp-json\/wp\/v2\/pages\/468\/revisions\/3467"}],"up":[{"embeddable":true,"href":"http:\/\/www.sectionclinique-rennes.fr\/nuevo\/wp-json\/wp\/v2\/pages\/16"}],"wp:attachment":[{"href":"http:\/\/www.sectionclinique-rennes.fr\/nuevo\/wp-json\/wp\/v2\/media?parent=468"}],"curies":[{"name":"wp","href":"https:\/\/api.w.org\/{rel}","templated":true}]}}