{"id":473,"date":"2015-08-27T22:14:08","date_gmt":"2015-08-27T21:14:08","guid":{"rendered":"http:\/\/www.sectionclinique-rennes.fr\/nuevo\/?page_id=473"},"modified":"2025-04-17T18:32:10","modified_gmt":"2025-04-17T17:32:10","slug":"la-section-clinique","status":"publish","type":"page","link":"http:\/\/www.sectionclinique-rennes.fr\/nuevo\/etudes\/la-section-clinique\/","title":{"rendered":"Section Clinique"},"content":{"rendered":"<p>&nbsp;<\/p>\n<p style=\"text-align: justify;\" align=\"justify\">La Section Clinique de Rennes propose une formation professionnelle continue de 52 heures 30 chaque ann\u00e9e.\u00a0Soit 7 sessions, \u00e0 raison d\u2019une fois par mois suivant le calendrier scolaire de l\u2019acad\u00e9mie de Rennes sur deux jours : le vendredi soir et la journ\u00e9e du samedi.<\/p>\n<p style=\"text-align: justify;\" align=\"justify\">Cette formation s\u2019adresse essentiellement aux professionnels et \u00e9tudiants des m\u00e9tiers de la sant\u00e9, de la sant\u00e9 mentale et du travail social\u00a0: psychologues, psychiatres, \u00e9ducateurs, infirmiers. L\u2019objectif de la formation est d&rsquo;am\u00e9liorer l\u2019action des professionnels par l\u2019\u00e9tude approfondie de la psychanalyse.<\/p>\n<p style=\"text-align: justify;\" align=\"justify\">La s\u00e9lection se fait sur dossier suivi d\u2019un entretien approfondi sur les motivations.<\/p>\n<p style=\"text-align: justify;\" align=\"justify\">Les actions de formation se d\u00e9roulent conform\u00e9ment au programme qui est \u00e9dit\u00e9 chaque ann\u00e9e au mois d\u2019ao\u00fbt. Ce programme pr\u00e9cise les moyens p\u00e9dagogiques et d\u2019encadrement mis en \u0153uvre, ainsi que le dispositif retenu pour suivre son ex\u00e9cution et en appr\u00e9cier ses r\u00e9sultats.<\/p>\n<p style=\"text-align: justify;\" align=\"justify\">Le sujet g\u00e9n\u00e9rique de formation, qui change chaque ann\u00e9e, est choisi par l\u2019\u00e9quipe enseignante. Le th\u00e8me retenu est souvent un sujet d\u2019actualit\u00e9 r\u00e9current, une probl\u00e9matique psychopathologique majeure, \u00e0 laquelle sont confront\u00e9s les acteurs de la sant\u00e9, de la sant\u00e9 mentale et du travail social.<\/p>\n<p style=\"text-align: justify;\" align=\"justify\">Vous trouverez sur le site dans la rubrique \u00ab\u00a0Publications\u00a0\u00bb, d&rsquo;une part les textes d&rsquo;orientation, d&rsquo;autre part les num\u00e9ros de la\u00a0revue L&rsquo;<em>a<\/em>-graphe (annuelle), qui publie diff\u00e9rentes interventions rythmant chaque weekend de travail \u00e0 la Section Clinique.<\/p>\n<hr \/>\n<p>&nbsp;<\/p>\n<p style=\"text-align: justify;\" align=\"justify\"><span style=\"color: #008080;\"><strong>Horaires et contenus : <\/strong><\/span><\/p>\n<ul>\n<li style=\"text-align: justify;\"><em> Vendredi soir de 21h15 \u00e0 23h15 &#8211;\u00a0<\/em>Le s\u00e9minaire th\u00e9orique\u00a0: commentaire suivi de textes des grands auteurs de la psychanalyse, Freud, Klein, Abraham, Jacques Lacan, etc.<\/li>\n<\/ul>\n<ul>\n<li style=\"text-align: justify;\"><em> Samedi matin de 10h15 \u00e0 12h 15 &#8211;\u00a0<\/em>Le s\u00e9minaire pratique : 3 groupes \u00e9tudient et discutent chacun et \u00e0 chaque session 2 expos\u00e9s cliniques de participants. Les enseignants orientent les d\u00e9bats et \u00e9clairent, dans l\u2019\u00e9change, les points cliniques et th\u00e9oriques apport\u00e9s dans les pr\u00e9sentations.<\/li>\n<\/ul>\n<ul>\n<li style=\"text-align: justify;\"><em> Samedi apr\u00e8s-midi de 14h \u00e0 15h30 &#8211;\u00a0<\/em>Le s\u00e9minaire de texte\u00a0: \u00e9tude suivie de textes pr\u00e9sent\u00e9s par les enseignants et les participants. Les textes sont ensuite discut\u00e9s par tous.<\/li>\n<\/ul>\n<ul>\n<li style=\"text-align: justify;\"><em> Samedi apr\u00e8s-midi de 15h30 \u00e0 17h30 &#8211;\u00a0<\/em>La conf\u00e9rence des invit\u00e9s\u00a0: 7 conf\u00e9renciers venant de France ou de l\u2019\u00e9tranger viennent exposer leurs travaux et les soumettre \u00e0 la discussion des participants et des enseignants.<\/li>\n<\/ul>\n<hr \/>\n<p>&nbsp;<\/p>\n<p style=\"text-align: justify;\" align=\"justify\"><strong>La Section Clinique de Rennes propose \u00e9galement des pr\u00e9sentations de malades le jeudi apr\u00e8s-midi \u00e0 Rennes et \u00e0 Mayenne, le samedi \u00e0 Rennes et St Brieuc :<\/strong> plusieurs pr\u00e9sentations de malades se tiennent au rythme d\u2019une fois par mois, dans chacune de ces trois villes &#8211;\u00a0elles sont accessibles prioritairement aux participants de 3\u00e8me et 4\u00e8me ann\u00e9es. La participation aux <strong>pr\u00e9sentations de malades\u00a0<\/strong>peuvent faire l&rsquo;objet d&rsquo;une inscription ind\u00e9pendante des sessions annuelles de la Section Clinique.<\/p>\n<p style=\"text-align: justify;\" align=\"justify\"><strong>Cette ann\u00e9e la Section Clinique de Rennes continue\u00a0l&rsquo; \u00ab\u00a0Atelier d\u2019introduction \u00e0 la psychanalyse\u00a0\u00bb\u00a0<\/strong>qui s\u2019appuiera sur une lecture comment\u00e9e de textes de Freud, pas sans l\u2019\u00e9clairage de l\u2019enseignement de Lacan et de Jacques-Alain Miller.<br \/>\nCette lecture comment\u00e9e qui fera une large place aux questions et commentaires des participants s\u2019adresse \u00e0 toute personne int\u00e9ress\u00e9e par la d\u00e9couverte de l\u2019inconscient et ses cons\u00e9quences.<strong><br \/>\n<\/strong><\/p>\n<p style=\"text-align: justify;\" align=\"justify\"><strong>En 2025 La Section Clinique de Rennes renouvellera l&rsquo;offre d&rsquo;une Extension \u00ab\u00a0Vers l&rsquo;institution\u00a0\u00bb <\/strong>\u00e0 partir de mars 2025 sur trois demies journ\u00e9es.<\/p>\n<h6><strong><em>Derni\u00e8re modification : 17\/04\/2025<\/em><\/strong><\/h6>\n","protected":false},"excerpt":{"rendered":"<p>&nbsp; La Section Clinique de Rennes propose une formation professionnelle continue de 52 heures 30 chaque ann\u00e9e.\u00a0Soit 7 sessions, \u00e0 raison d\u2019une fois par mois suivant le calendrier scolaire de l\u2019acad\u00e9mie de Rennes sur deux jours : le vendredi soir et la journ\u00e9e du samedi. Cette formation s\u2019adresse essentiellement aux\u2026<\/p>\n<p> <a class=\"continue-reading-link\" href=\"http:\/\/www.sectionclinique-rennes.fr\/nuevo\/etudes\/la-section-clinique\/\"><span>Continue reading<\/span><i class=\"crycon-right-dir\"><\/i><\/a> <\/p>\n","protected":false},"author":5,"featured_media":0,"parent":16,"menu_order":0,"comment_status":"closed","ping_status":"closed","template":"","meta":{"_monsterinsights_skip_tracking":false,"_monsterinsights_sitenote_active":false,"_monsterinsights_sitenote_note":"","_monsterinsights_sitenote_category":0,"footnotes":""},"class_list":["post-473","page","type-page","status-publish","hentry"],"yoast_head":"<!-- This site is optimized with the Yoast SEO plugin v25.5 - https:\/\/yoast.com\/wordpress\/plugins\/seo\/ -->\n<title>Section Clinique - La Section clinique de Rennes<\/title>\n<meta name=\"robots\" content=\"index, follow, max-snippet:-1, max-image-preview:large, max-video-preview:-1\" \/>\n<link rel=\"canonical\" href=\"http:\/\/www.sectionclinique-rennes.fr\/nuevo\/etudes\/la-section-clinique\/\" \/>\n<meta property=\"og:locale\" content=\"fr_FR\" \/>\n<meta property=\"og:type\" content=\"article\" \/>\n<meta property=\"og:title\" content=\"Section Clinique - La Section clinique de Rennes\" \/>\n<meta property=\"og:description\" content=\"&nbsp; La Section Clinique de Rennes propose une formation professionnelle continue de 52 heures 30 chaque ann\u00e9e.\u00a0Soit 7 sessions, \u00e0 raison d\u2019une fois par mois suivant le calendrier scolaire de l\u2019acad\u00e9mie de Rennes sur deux jours : le vendredi soir et la journ\u00e9e du samedi. Cette formation s\u2019adresse essentiellement aux\u2026 Continue reading\" \/>\n<meta property=\"og:url\" content=\"http:\/\/www.sectionclinique-rennes.fr\/nuevo\/etudes\/la-section-clinique\/\" \/>\n<meta property=\"og:site_name\" content=\"La Section clinique de Rennes\" \/>\n<meta property=\"article:modified_time\" content=\"2025-04-17T17:32:10+00:00\" \/>\n<meta name=\"twitter:card\" content=\"summary_large_image\" \/>\n<meta name=\"twitter:label1\" content=\"Dur\u00e9e de lecture estim\u00e9e\" \/>\n\t<meta name=\"twitter:data1\" content=\"3 minutes\" \/>\n<script type=\"application\/ld+json\" class=\"yoast-schema-graph\">{\"@context\":\"https:\/\/schema.org\",\"@graph\":[{\"@type\":\"WebPage\",\"@id\":\"http:\/\/www.sectionclinique-rennes.fr\/nuevo\/etudes\/la-section-clinique\/\",\"url\":\"http:\/\/www.sectionclinique-rennes.fr\/nuevo\/etudes\/la-section-clinique\/\",\"name\":\"Section Clinique - La Section clinique de Rennes\",\"isPartOf\":{\"@id\":\"http:\/\/www.sectionclinique-rennes.fr\/nuevo\/#website\"},\"datePublished\":\"2015-08-27T21:14:08+00:00\",\"dateModified\":\"2025-04-17T17:32:10+00:00\",\"breadcrumb\":{\"@id\":\"http:\/\/www.sectionclinique-rennes.fr\/nuevo\/etudes\/la-section-clinique\/#breadcrumb\"},\"inLanguage\":\"fr-FR\",\"potentialAction\":[{\"@type\":\"ReadAction\",\"target\":[\"http:\/\/www.sectionclinique-rennes.fr\/nuevo\/etudes\/la-section-clinique\/\"]}]},{\"@type\":\"BreadcrumbList\",\"@id\":\"http:\/\/www.sectionclinique-rennes.fr\/nuevo\/etudes\/la-section-clinique\/#breadcrumb\",\"itemListElement\":[{\"@type\":\"ListItem\",\"position\":1,\"name\":\"Accueil\",\"item\":\"http:\/\/www.sectionclinique-rennes.fr\/nuevo\/\"},{\"@type\":\"ListItem\",\"position\":2,\"name\":\"Pr\u00e9sentation\",\"item\":\"http:\/\/www.sectionclinique-rennes.fr\/nuevo\/etudes\/\"},{\"@type\":\"ListItem\",\"position\":3,\"name\":\"Section Clinique\"}]},{\"@type\":\"WebSite\",\"@id\":\"http:\/\/www.sectionclinique-rennes.fr\/nuevo\/#website\",\"url\":\"http:\/\/www.sectionclinique-rennes.fr\/nuevo\/\",\"name\":\"La Section clinique de Rennes\",\"description\":\"Association UFORCA\",\"publisher\":{\"@id\":\"http:\/\/www.sectionclinique-rennes.fr\/nuevo\/#organization\"},\"potentialAction\":[{\"@type\":\"SearchAction\",\"target\":{\"@type\":\"EntryPoint\",\"urlTemplate\":\"http:\/\/www.sectionclinique-rennes.fr\/nuevo\/?s={search_term_string}\"},\"query-input\":{\"@type\":\"PropertyValueSpecification\",\"valueRequired\":true,\"valueName\":\"search_term_string\"}}],\"inLanguage\":\"fr-FR\"},{\"@type\":\"Organization\",\"@id\":\"http:\/\/www.sectionclinique-rennes.fr\/nuevo\/#organization\",\"name\":\"Section clinique de Rennes - Association UFORCA\",\"url\":\"http:\/\/www.sectionclinique-rennes.fr\/nuevo\/\",\"logo\":{\"@type\":\"ImageObject\",\"inLanguage\":\"fr-FR\",\"@id\":\"http:\/\/www.sectionclinique-rennes.fr\/nuevo\/#\/schema\/logo\/image\/\",\"url\":\"http:\/\/www.sectionclinique-rennes.fr\/nuevo\/wp-content\/uploads\/2015\/08\/logo.png\",\"contentUrl\":\"http:\/\/www.sectionclinique-rennes.fr\/nuevo\/wp-content\/uploads\/2015\/08\/logo.png\",\"width\":1199,\"height\":276,\"caption\":\"Section clinique de Rennes - Association UFORCA\"},\"image\":{\"@id\":\"http:\/\/www.sectionclinique-rennes.fr\/nuevo\/#\/schema\/logo\/image\/\"}}]}<\/script>\n<!-- \/ Yoast SEO plugin. -->","yoast_head_json":{"title":"Section Clinique - La Section clinique de Rennes","robots":{"index":"index","follow":"follow","max-snippet":"max-snippet:-1","max-image-preview":"max-image-preview:large","max-video-preview":"max-video-preview:-1"},"canonical":"http:\/\/www.sectionclinique-rennes.fr\/nuevo\/etudes\/la-section-clinique\/","og_locale":"fr_FR","og_type":"article","og_title":"Section Clinique - La Section clinique de Rennes","og_description":"&nbsp; La Section Clinique de Rennes propose une formation professionnelle continue de 52 heures 30 chaque ann\u00e9e.\u00a0Soit 7 sessions, \u00e0 raison d\u2019une fois par mois suivant le calendrier scolaire de l\u2019acad\u00e9mie de Rennes sur deux jours : le vendredi soir et la journ\u00e9e du samedi. Cette formation s\u2019adresse essentiellement aux\u2026 Continue reading","og_url":"http:\/\/www.sectionclinique-rennes.fr\/nuevo\/etudes\/la-section-clinique\/","og_site_name":"La Section clinique de Rennes","article_modified_time":"2025-04-17T17:32:10+00:00","twitter_card":"summary_large_image","twitter_misc":{"Dur\u00e9e de lecture estim\u00e9e":"3 minutes"},"schema":{"@context":"https:\/\/schema.org","@graph":[{"@type":"WebPage","@id":"http:\/\/www.sectionclinique-rennes.fr\/nuevo\/etudes\/la-section-clinique\/","url":"http:\/\/www.sectionclinique-rennes.fr\/nuevo\/etudes\/la-section-clinique\/","name":"Section Clinique - La Section clinique de Rennes","isPartOf":{"@id":"http:\/\/www.sectionclinique-rennes.fr\/nuevo\/#website"},"datePublished":"2015-08-27T21:14:08+00:00","dateModified":"2025-04-17T17:32:10+00:00","breadcrumb":{"@id":"http:\/\/www.sectionclinique-rennes.fr\/nuevo\/etudes\/la-section-clinique\/#breadcrumb"},"inLanguage":"fr-FR","potentialAction":[{"@type":"ReadAction","target":["http:\/\/www.sectionclinique-rennes.fr\/nuevo\/etudes\/la-section-clinique\/"]}]},{"@type":"BreadcrumbList","@id":"http:\/\/www.sectionclinique-rennes.fr\/nuevo\/etudes\/la-section-clinique\/#breadcrumb","itemListElement":[{"@type":"ListItem","position":1,"name":"Accueil","item":"http:\/\/www.sectionclinique-rennes.fr\/nuevo\/"},{"@type":"ListItem","position":2,"name":"Pr\u00e9sentation","item":"http:\/\/www.sectionclinique-rennes.fr\/nuevo\/etudes\/"},{"@type":"ListItem","position":3,"name":"Section Clinique"}]},{"@type":"WebSite","@id":"http:\/\/www.sectionclinique-rennes.fr\/nuevo\/#website","url":"http:\/\/www.sectionclinique-rennes.fr\/nuevo\/","name":"La Section clinique de Rennes","description":"Association UFORCA","publisher":{"@id":"http:\/\/www.sectionclinique-rennes.fr\/nuevo\/#organization"},"potentialAction":[{"@type":"SearchAction","target":{"@type":"EntryPoint","urlTemplate":"http:\/\/www.sectionclinique-rennes.fr\/nuevo\/?s={search_term_string}"},"query-input":{"@type":"PropertyValueSpecification","valueRequired":true,"valueName":"search_term_string"}}],"inLanguage":"fr-FR"},{"@type":"Organization","@id":"http:\/\/www.sectionclinique-rennes.fr\/nuevo\/#organization","name":"Section clinique de Rennes - Association UFORCA","url":"http:\/\/www.sectionclinique-rennes.fr\/nuevo\/","logo":{"@type":"ImageObject","inLanguage":"fr-FR","@id":"http:\/\/www.sectionclinique-rennes.fr\/nuevo\/#\/schema\/logo\/image\/","url":"http:\/\/www.sectionclinique-rennes.fr\/nuevo\/wp-content\/uploads\/2015\/08\/logo.png","contentUrl":"http:\/\/www.sectionclinique-rennes.fr\/nuevo\/wp-content\/uploads\/2015\/08\/logo.png","width":1199,"height":276,"caption":"Section clinique de Rennes - Association UFORCA"},"image":{"@id":"http:\/\/www.sectionclinique-rennes.fr\/nuevo\/#\/schema\/logo\/image\/"}}]}},"_links":{"self":[{"href":"http:\/\/www.sectionclinique-rennes.fr\/nuevo\/wp-json\/wp\/v2\/pages\/473","targetHints":{"allow":["GET"]}}],"collection":[{"href":"http:\/\/www.sectionclinique-rennes.fr\/nuevo\/wp-json\/wp\/v2\/pages"}],"about":[{"href":"http:\/\/www.sectionclinique-rennes.fr\/nuevo\/wp-json\/wp\/v2\/types\/page"}],"author":[{"embeddable":true,"href":"http:\/\/www.sectionclinique-rennes.fr\/nuevo\/wp-json\/wp\/v2\/users\/5"}],"replies":[{"embeddable":true,"href":"http:\/\/www.sectionclinique-rennes.fr\/nuevo\/wp-json\/wp\/v2\/comments?post=473"}],"version-history":[{"count":55,"href":"http:\/\/www.sectionclinique-rennes.fr\/nuevo\/wp-json\/wp\/v2\/pages\/473\/revisions"}],"predecessor-version":[{"id":3412,"href":"http:\/\/www.sectionclinique-rennes.fr\/nuevo\/wp-json\/wp\/v2\/pages\/473\/revisions\/3412"}],"up":[{"embeddable":true,"href":"http:\/\/www.sectionclinique-rennes.fr\/nuevo\/wp-json\/wp\/v2\/pages\/16"}],"wp:attachment":[{"href":"http:\/\/www.sectionclinique-rennes.fr\/nuevo\/wp-json\/wp\/v2\/media?parent=473"}],"curies":[{"name":"wp","href":"https:\/\/api.w.org\/{rel}","templated":true}]}}