{"id":71,"date":"2015-08-20T21:57:11","date_gmt":"2015-08-20T20:57:11","guid":{"rendered":"http:\/\/www.sectionclinique-rennes.fr\/nuevo\/?page_id=71"},"modified":"2022-06-21T19:50:21","modified_gmt":"2022-06-21T18:50:21","slug":"2007-2008","status":"publish","type":"page","link":"http:\/\/www.sectionclinique-rennes.fr\/nuevo\/themes\/2007-2008\/","title":{"rendered":"2007-2008"},"content":{"rendered":"<h3><\/h3>\n<h3><span style=\"color: #4d8a7e;\"><strong>Clinique psychanalytique des d\u00e9pressions<\/strong><\/span><\/h3>\n<p>&nbsp;<\/p>\n<p><img loading=\"lazy\" decoding=\"async\" class=\"alignleft\" src=\"http:\/\/www.sectionclinique-rennes.fr\/nuevo\/wp-content\/uploads\/2015\/08\/image-0001.jpg\" alt=\"image-0001\" width=\"206\" height=\"284\" \/><\/p>\n<p style=\"text-align: justify;\">La clinique psychanalytique des d\u00e9pressions a \u00e9t\u00e9 marqu\u00e9e par plusieurs tournants dont tous n\u2019ont pas eu le m\u00eame impact. Le terme d\u00e9pression, par rapport \u00e0 celui de m\u00e9lancolie est pour le moins tardif (XIXe si\u00e8cle), alors que pas moins de huit paradigmes de la m\u00e9lancolie se sont succ\u00e9d\u00e9s depuis le pseudo-Aristote (Question XI).<\/p>\n<p style=\"text-align: justify;\">On pr\u00e9sentera les travaux les plus saillants dans le mouvement psychanalytique : les discussions entre Sigmund Freud et Karl Abraham et leurs prolongements avec l\u2019article \u00ab\u00a0Deuil et m\u00e9lancolie\u00a0\u00bb, posant les principes d\u2019une diff\u00e9renciation entre d\u00e9pression n\u00e9vrotique et psychotique ; la th\u00e8se kleinienne, inspir\u00e9e par Sandor Rado, d\u2019une position d\u00e9pressive constitutive de la subjectivit\u00e9 de l\u2019enfant, dont le stade du miroir a \u00e9t\u00e9 \u00e0 maints \u00e9gards l\u2019h\u00e9ritier ; la notion d\u2019 \u00ab enfant non bienvenu \u00bb (unwillkommenes kind) propos\u00e9e par Sandor Ferenczi ; les apports des deux cliniciennes hors pair qu\u2019ont \u00e9t\u00e9 \u00c9dith Jacobson et H\u00e9l\u00e8ne Deutsch concernant divers types de d\u00e9pression.<\/p>\n<p style=\"text-align: justify;\">Du c\u00f4t\u00e9 de Lacan, on ne pourra \u00e9viter de noter qu\u2019il sait s\u2019appuyer sur le courant ph\u00e9nom\u00e9nologique (notamment en d\u00e9pla\u00e7ant la notion de deux types de mort propos\u00e9e par Gebsattel), pour renouveler la lecture de Sigmund Freud, et que ses apports sur la question des formes de d\u00e9pression (et de manie) s\u2019appuient sur ses r\u00e9flexions concernant le caract\u00e8re factice de l\u2019objet, facticit\u00e9 qui s\u2019exprime \u00e0 ciel ouvert tant dans la m\u00e9lancolie (rejet de l\u2019inconscient, dans T\u00e9l\u00e9vision), dans la manie (perte du \u00ab\u00a0lestage\u00a0\u00bb de l\u2019objet a) que dans les d\u00e9pressions particuli\u00e8rement s\u00e9v\u00e8res, o\u00f9 se fait sentir le d\u00e9sir de rejet de l\u2019Autre parental (en r\u00e9f\u00e9rence \u00e0 Ferenczi).<\/p>\n<hr \/>\n<p><a href=\"http:\/\/www.sectionclinique-rennes.fr\/nuevo\/wp-content\/uploads\/2015\/08\/Affichette_A3_2007-2008_3_.pdf\" target=\"_blank\" rel=\"noopener\">T\u00e9l\u00e9charger l&rsquo;affiche<\/a><\/p>\n<p><span style=\"color: #4d8a7e;\">Liens vers les pages du th\u00e8me :<\/span><\/p>\n<p><a href=\"http:\/\/www.sectionclinique-rennes.fr\/nuevo\/themes\/2007-2008\/seminaire-theorique\/\" target=\"_blank\" rel=\"noopener\">S\u00e9minaires th\u00e9oriques<\/a><\/p>\n<p><a href=\"http:\/\/www.sectionclinique-rennes.fr\/nuevo\/themes\/2007-2008\/seminaire-de-textes\/\" target=\"_blank\" rel=\"noopener\">S\u00e9minaires de textes<\/a><\/p>\n<p><a href=\"http:\/\/www.sectionclinique-rennes.fr\/nuevo\/themes\/2007-2008\/seminaire-detude-et-de-recherche\/\" target=\"_blank\" rel=\"noopener\">S\u00e9minaire du Cercle<\/a><\/p>\n<hr \/>\n<h3><span style=\"color: #4d8a7e;\"><strong>Historique des Conf\u00e9rences des invit\u00e9s :<\/strong><\/span><\/h3>\n<p>&nbsp;<\/p>\n<ul>\n<li>24 novembre 2007 &#8211; Fran\u00e7ois Leguil<\/li>\n<li>08 d\u00e9cembre 2007 &#8211; Pierre Str\u00e9liski<\/li>\n<li>19 janvier 2007 &#8211; Didier Cremniter<\/li>\n<li>08 mars 2008 &#8211; Jean-Pierre Klotz<\/li>\n<li>05 avril 2008 &#8211; Mauricio Mazzotti<\/li>\n<li>17 mai 2008 &#8211; Jo. Atti\u00e9<\/li>\n<li>14 juin 2008 &#8211; Patricia Johansson-Rosen<\/li>\n<\/ul>\n<p>&nbsp;<\/p>\n<h6 style=\"font-weight: 400;\"><strong><em>Derni\u00e8re modification : 20\/08\/2015<\/em><\/strong><\/h6>\n<p>&nbsp;<\/p>\n","protected":false},"excerpt":{"rendered":"<p>Clinique psychanalytique des d\u00e9pressions &nbsp; La clinique psychanalytique des d\u00e9pressions a \u00e9t\u00e9 marqu\u00e9e par plusieurs tournants dont tous n\u2019ont pas eu le m\u00eame impact. Le terme d\u00e9pression, par rapport \u00e0 celui de m\u00e9lancolie est pour le moins tardif (XIXe si\u00e8cle), alors que pas moins de huit paradigmes de la m\u00e9lancolie\u2026<\/p>\n<p> <a class=\"continue-reading-link\" href=\"http:\/\/www.sectionclinique-rennes.fr\/nuevo\/themes\/2007-2008\/\"><span>Continue reading<\/span><i class=\"crycon-right-dir\"><\/i><\/a> <\/p>\n","protected":false},"author":5,"featured_media":0,"parent":19,"menu_order":2,"comment_status":"closed","ping_status":"closed","template":"","meta":{"_monsterinsights_skip_tracking":false,"_monsterinsights_sitenote_active":false,"_monsterinsights_sitenote_note":"","_monsterinsights_sitenote_category":0,"footnotes":""},"class_list":["post-71","page","type-page","status-publish","hentry"],"yoast_head":"<!-- This site is optimized with the Yoast SEO plugin v25.5 - https:\/\/yoast.com\/wordpress\/plugins\/seo\/ -->\n<title>2007-2008 - La Section clinique de Rennes<\/title>\n<meta name=\"robots\" content=\"index, follow, max-snippet:-1, max-image-preview:large, max-video-preview:-1\" \/>\n<link rel=\"canonical\" href=\"http:\/\/www.sectionclinique-rennes.fr\/nuevo\/themes\/2007-2008\/\" \/>\n<meta property=\"og:locale\" content=\"fr_FR\" \/>\n<meta property=\"og:type\" content=\"article\" \/>\n<meta property=\"og:title\" content=\"2007-2008 - La Section clinique de Rennes\" \/>\n<meta property=\"og:description\" content=\"Clinique psychanalytique des d\u00e9pressions &nbsp; La clinique psychanalytique des d\u00e9pressions a \u00e9t\u00e9 marqu\u00e9e par plusieurs tournants dont tous n\u2019ont pas eu le m\u00eame impact. Le terme d\u00e9pression, par rapport \u00e0 celui de m\u00e9lancolie est pour le moins tardif (XIXe si\u00e8cle), alors que pas moins de huit paradigmes de la m\u00e9lancolie\u2026 Continue reading\" \/>\n<meta property=\"og:url\" content=\"http:\/\/www.sectionclinique-rennes.fr\/nuevo\/themes\/2007-2008\/\" \/>\n<meta property=\"og:site_name\" content=\"La Section clinique de Rennes\" \/>\n<meta property=\"article:modified_time\" content=\"2022-06-21T18:50:21+00:00\" \/>\n<meta property=\"og:image\" content=\"http:\/\/www.sectionclinique-rennes.fr\/nuevo\/wp-content\/uploads\/2015\/08\/image-0001.jpg\" \/>\n<meta name=\"twitter:card\" content=\"summary_large_image\" \/>\n<meta name=\"twitter:label1\" content=\"Dur\u00e9e de lecture estim\u00e9e\" \/>\n\t<meta name=\"twitter:data1\" content=\"2 minutes\" \/>\n<script type=\"application\/ld+json\" class=\"yoast-schema-graph\">{\"@context\":\"https:\/\/schema.org\",\"@graph\":[{\"@type\":\"WebPage\",\"@id\":\"http:\/\/www.sectionclinique-rennes.fr\/nuevo\/themes\/2007-2008\/\",\"url\":\"http:\/\/www.sectionclinique-rennes.fr\/nuevo\/themes\/2007-2008\/\",\"name\":\"2007-2008 - La Section clinique de Rennes\",\"isPartOf\":{\"@id\":\"http:\/\/www.sectionclinique-rennes.fr\/nuevo\/#website\"},\"primaryImageOfPage\":{\"@id\":\"http:\/\/www.sectionclinique-rennes.fr\/nuevo\/themes\/2007-2008\/#primaryimage\"},\"image\":{\"@id\":\"http:\/\/www.sectionclinique-rennes.fr\/nuevo\/themes\/2007-2008\/#primaryimage\"},\"thumbnailUrl\":\"http:\/\/www.sectionclinique-rennes.fr\/nuevo\/wp-content\/uploads\/2015\/08\/image-0001.jpg\",\"datePublished\":\"2015-08-20T20:57:11+00:00\",\"dateModified\":\"2022-06-21T18:50:21+00:00\",\"breadcrumb\":{\"@id\":\"http:\/\/www.sectionclinique-rennes.fr\/nuevo\/themes\/2007-2008\/#breadcrumb\"},\"inLanguage\":\"fr-FR\",\"potentialAction\":[{\"@type\":\"ReadAction\",\"target\":[\"http:\/\/www.sectionclinique-rennes.fr\/nuevo\/themes\/2007-2008\/\"]}]},{\"@type\":\"ImageObject\",\"inLanguage\":\"fr-FR\",\"@id\":\"http:\/\/www.sectionclinique-rennes.fr\/nuevo\/themes\/2007-2008\/#primaryimage\",\"url\":\"http:\/\/www.sectionclinique-rennes.fr\/nuevo\/wp-content\/uploads\/2015\/08\/image-0001.jpg\",\"contentUrl\":\"http:\/\/www.sectionclinique-rennes.fr\/nuevo\/wp-content\/uploads\/2015\/08\/image-0001.jpg\",\"width\":3860,\"height\":5313},{\"@type\":\"BreadcrumbList\",\"@id\":\"http:\/\/www.sectionclinique-rennes.fr\/nuevo\/themes\/2007-2008\/#breadcrumb\",\"itemListElement\":[{\"@type\":\"ListItem\",\"position\":1,\"name\":\"Accueil\",\"item\":\"http:\/\/www.sectionclinique-rennes.fr\/nuevo\/\"},{\"@type\":\"ListItem\",\"position\":2,\"name\":\"Th\u00e8mes\",\"item\":\"https:\/\/www.sectionclinique-rennes.fr\/nuevo\/themes\/\"},{\"@type\":\"ListItem\",\"position\":3,\"name\":\"2007-2008\"}]},{\"@type\":\"WebSite\",\"@id\":\"http:\/\/www.sectionclinique-rennes.fr\/nuevo\/#website\",\"url\":\"http:\/\/www.sectionclinique-rennes.fr\/nuevo\/\",\"name\":\"La Section clinique de Rennes\",\"description\":\"Association UFORCA\",\"publisher\":{\"@id\":\"http:\/\/www.sectionclinique-rennes.fr\/nuevo\/#organization\"},\"potentialAction\":[{\"@type\":\"SearchAction\",\"target\":{\"@type\":\"EntryPoint\",\"urlTemplate\":\"http:\/\/www.sectionclinique-rennes.fr\/nuevo\/?s={search_term_string}\"},\"query-input\":{\"@type\":\"PropertyValueSpecification\",\"valueRequired\":true,\"valueName\":\"search_term_string\"}}],\"inLanguage\":\"fr-FR\"},{\"@type\":\"Organization\",\"@id\":\"http:\/\/www.sectionclinique-rennes.fr\/nuevo\/#organization\",\"name\":\"Section clinique de Rennes - Association UFORCA\",\"url\":\"http:\/\/www.sectionclinique-rennes.fr\/nuevo\/\",\"logo\":{\"@type\":\"ImageObject\",\"inLanguage\":\"fr-FR\",\"@id\":\"http:\/\/www.sectionclinique-rennes.fr\/nuevo\/#\/schema\/logo\/image\/\",\"url\":\"http:\/\/www.sectionclinique-rennes.fr\/nuevo\/wp-content\/uploads\/2015\/08\/logo.png\",\"contentUrl\":\"http:\/\/www.sectionclinique-rennes.fr\/nuevo\/wp-content\/uploads\/2015\/08\/logo.png\",\"width\":1199,\"height\":276,\"caption\":\"Section clinique de Rennes - Association UFORCA\"},\"image\":{\"@id\":\"http:\/\/www.sectionclinique-rennes.fr\/nuevo\/#\/schema\/logo\/image\/\"}}]}<\/script>\n<!-- \/ Yoast SEO plugin. -->","yoast_head_json":{"title":"2007-2008 - La Section clinique de Rennes","robots":{"index":"index","follow":"follow","max-snippet":"max-snippet:-1","max-image-preview":"max-image-preview:large","max-video-preview":"max-video-preview:-1"},"canonical":"http:\/\/www.sectionclinique-rennes.fr\/nuevo\/themes\/2007-2008\/","og_locale":"fr_FR","og_type":"article","og_title":"2007-2008 - La Section clinique de Rennes","og_description":"Clinique psychanalytique des d\u00e9pressions &nbsp; La clinique psychanalytique des d\u00e9pressions a \u00e9t\u00e9 marqu\u00e9e par plusieurs tournants dont tous n\u2019ont pas eu le m\u00eame impact. Le terme d\u00e9pression, par rapport \u00e0 celui de m\u00e9lancolie est pour le moins tardif (XIXe si\u00e8cle), alors que pas moins de huit paradigmes de la m\u00e9lancolie\u2026 Continue reading","og_url":"http:\/\/www.sectionclinique-rennes.fr\/nuevo\/themes\/2007-2008\/","og_site_name":"La Section clinique de Rennes","article_modified_time":"2022-06-21T18:50:21+00:00","og_image":[{"url":"http:\/\/www.sectionclinique-rennes.fr\/nuevo\/wp-content\/uploads\/2015\/08\/image-0001.jpg","type":"","width":"","height":""}],"twitter_card":"summary_large_image","twitter_misc":{"Dur\u00e9e de lecture estim\u00e9e":"2 minutes"},"schema":{"@context":"https:\/\/schema.org","@graph":[{"@type":"WebPage","@id":"http:\/\/www.sectionclinique-rennes.fr\/nuevo\/themes\/2007-2008\/","url":"http:\/\/www.sectionclinique-rennes.fr\/nuevo\/themes\/2007-2008\/","name":"2007-2008 - La Section clinique de Rennes","isPartOf":{"@id":"http:\/\/www.sectionclinique-rennes.fr\/nuevo\/#website"},"primaryImageOfPage":{"@id":"http:\/\/www.sectionclinique-rennes.fr\/nuevo\/themes\/2007-2008\/#primaryimage"},"image":{"@id":"http:\/\/www.sectionclinique-rennes.fr\/nuevo\/themes\/2007-2008\/#primaryimage"},"thumbnailUrl":"http:\/\/www.sectionclinique-rennes.fr\/nuevo\/wp-content\/uploads\/2015\/08\/image-0001.jpg","datePublished":"2015-08-20T20:57:11+00:00","dateModified":"2022-06-21T18:50:21+00:00","breadcrumb":{"@id":"http:\/\/www.sectionclinique-rennes.fr\/nuevo\/themes\/2007-2008\/#breadcrumb"},"inLanguage":"fr-FR","potentialAction":[{"@type":"ReadAction","target":["http:\/\/www.sectionclinique-rennes.fr\/nuevo\/themes\/2007-2008\/"]}]},{"@type":"ImageObject","inLanguage":"fr-FR","@id":"http:\/\/www.sectionclinique-rennes.fr\/nuevo\/themes\/2007-2008\/#primaryimage","url":"http:\/\/www.sectionclinique-rennes.fr\/nuevo\/wp-content\/uploads\/2015\/08\/image-0001.jpg","contentUrl":"http:\/\/www.sectionclinique-rennes.fr\/nuevo\/wp-content\/uploads\/2015\/08\/image-0001.jpg","width":3860,"height":5313},{"@type":"BreadcrumbList","@id":"http:\/\/www.sectionclinique-rennes.fr\/nuevo\/themes\/2007-2008\/#breadcrumb","itemListElement":[{"@type":"ListItem","position":1,"name":"Accueil","item":"http:\/\/www.sectionclinique-rennes.fr\/nuevo\/"},{"@type":"ListItem","position":2,"name":"Th\u00e8mes","item":"https:\/\/www.sectionclinique-rennes.fr\/nuevo\/themes\/"},{"@type":"ListItem","position":3,"name":"2007-2008"}]},{"@type":"WebSite","@id":"http:\/\/www.sectionclinique-rennes.fr\/nuevo\/#website","url":"http:\/\/www.sectionclinique-rennes.fr\/nuevo\/","name":"La Section clinique de Rennes","description":"Association UFORCA","publisher":{"@id":"http:\/\/www.sectionclinique-rennes.fr\/nuevo\/#organization"},"potentialAction":[{"@type":"SearchAction","target":{"@type":"EntryPoint","urlTemplate":"http:\/\/www.sectionclinique-rennes.fr\/nuevo\/?s={search_term_string}"},"query-input":{"@type":"PropertyValueSpecification","valueRequired":true,"valueName":"search_term_string"}}],"inLanguage":"fr-FR"},{"@type":"Organization","@id":"http:\/\/www.sectionclinique-rennes.fr\/nuevo\/#organization","name":"Section clinique de Rennes - Association UFORCA","url":"http:\/\/www.sectionclinique-rennes.fr\/nuevo\/","logo":{"@type":"ImageObject","inLanguage":"fr-FR","@id":"http:\/\/www.sectionclinique-rennes.fr\/nuevo\/#\/schema\/logo\/image\/","url":"http:\/\/www.sectionclinique-rennes.fr\/nuevo\/wp-content\/uploads\/2015\/08\/logo.png","contentUrl":"http:\/\/www.sectionclinique-rennes.fr\/nuevo\/wp-content\/uploads\/2015\/08\/logo.png","width":1199,"height":276,"caption":"Section clinique de Rennes - Association UFORCA"},"image":{"@id":"http:\/\/www.sectionclinique-rennes.fr\/nuevo\/#\/schema\/logo\/image\/"}}]}},"_links":{"self":[{"href":"http:\/\/www.sectionclinique-rennes.fr\/nuevo\/wp-json\/wp\/v2\/pages\/71","targetHints":{"allow":["GET"]}}],"collection":[{"href":"http:\/\/www.sectionclinique-rennes.fr\/nuevo\/wp-json\/wp\/v2\/pages"}],"about":[{"href":"http:\/\/www.sectionclinique-rennes.fr\/nuevo\/wp-json\/wp\/v2\/types\/page"}],"author":[{"embeddable":true,"href":"http:\/\/www.sectionclinique-rennes.fr\/nuevo\/wp-json\/wp\/v2\/users\/5"}],"replies":[{"embeddable":true,"href":"http:\/\/www.sectionclinique-rennes.fr\/nuevo\/wp-json\/wp\/v2\/comments?post=71"}],"version-history":[{"count":21,"href":"http:\/\/www.sectionclinique-rennes.fr\/nuevo\/wp-json\/wp\/v2\/pages\/71\/revisions"}],"predecessor-version":[{"id":2861,"href":"http:\/\/www.sectionclinique-rennes.fr\/nuevo\/wp-json\/wp\/v2\/pages\/71\/revisions\/2861"}],"up":[{"embeddable":true,"href":"http:\/\/www.sectionclinique-rennes.fr\/nuevo\/wp-json\/wp\/v2\/pages\/19"}],"wp:attachment":[{"href":"http:\/\/www.sectionclinique-rennes.fr\/nuevo\/wp-json\/wp\/v2\/media?parent=71"}],"curies":[{"name":"wp","href":"https:\/\/api.w.org\/{rel}","templated":true}]}}