{"id":74,"date":"2015-08-20T21:57:46","date_gmt":"2015-08-20T20:57:46","guid":{"rendered":"http:\/\/www.sectionclinique-rennes.fr\/nuevo\/?page_id=74"},"modified":"2022-06-22T14:44:03","modified_gmt":"2022-06-22T13:44:03","slug":"2008-2009","status":"publish","type":"page","link":"http:\/\/www.sectionclinique-rennes.fr\/nuevo\/themes\/2008-2009\/","title":{"rendered":"2008-2009"},"content":{"rendered":"<h3 style=\"text-align: left;\"><span style=\"color: #b898d9;\"><strong>N\u00e9vrose et perversion : les fantasmes dans la clinique contemporaine<\/strong><\/span><\/h3>\n<p>&nbsp;<\/p>\n<p><img loading=\"lazy\" decoding=\"async\" class=\"wp-image-330 alignleft\" src=\"http:\/\/www.sectionclinique-rennes.fr\/nuevo\/wp-content\/uploads\/2015\/08\/image-00011-e1440670433843.jpg\" alt=\"image-0001(1)\" width=\"261\" height=\"270\" srcset=\"http:\/\/www.sectionclinique-rennes.fr\/nuevo\/wp-content\/uploads\/2015\/08\/image-00011-e1440670433843.jpg 3517w, http:\/\/www.sectionclinique-rennes.fr\/nuevo\/wp-content\/uploads\/2015\/08\/image-00011-e1440670433843-291x300.jpg 291w, http:\/\/www.sectionclinique-rennes.fr\/nuevo\/wp-content\/uploads\/2015\/08\/image-00011-e1440670433843-992x1024.jpg 992w, http:\/\/www.sectionclinique-rennes.fr\/nuevo\/wp-content\/uploads\/2015\/08\/image-00011-e1440670433843-145x150.jpg 145w\" sizes=\"auto, (max-width: 261px) 100vw, 261px\" \/><\/p>\n<p style=\"text-align: justify;\">Les derni\u00e8res ann\u00e9es \u00e0 la Section clinique de Rennes ont \u00e9t\u00e9 consacr\u00e9es \u00e0 l\u2019\u00e9tude des psychoses et sp\u00e9cialement des psychoses ordinaires, ainsi qu\u2019aux manifestations contemporaines du sympt\u00f4me comme par exemple \u00ab la d\u00e9pression \u00bb. Pour que la clinique de la psychose ordinaire, dont les cas sont toujours plus nombreux mais aussi difficiles \u00e0 diagnostiquer, ne soit pas une clinique floue aux limites impr\u00e9cises et un nouvel avatar de ce qu\u2019\u00e0 l\u2019IPA on appelle les \u00ab Border-line \u00bb, il faut la distinguer avec rigueur de la clinique des n\u00e9vroses et aussi de la cat\u00e9gorie de la perversion.<\/p>\n<p style=\"text-align: justify;\">Jacques-Alain Miller nous y invitait tr\u00e8s r\u00e9cemment en rappelant que le point d\u2019appui le plus solide que nous ayons \u00e0 notre disposition est la n\u00e9vrose. Le sujet n\u00e9vros\u00e9 est identifiable par ses sympt\u00f4mes, par ses fantasmes, par ses strat\u00e9gies \u00e0 l\u2019endroit de l\u2019Autre, par son rapport \u00e0 la question du sexe et de la mort. On le lit notamment dans sa vie amoureuse. La n\u00e9vrose fournit ainsi un \u00e9l\u00e9ment du diagnostic et partant du traitement sur lequel le clinicien doit pouvoir compter. De m\u00eame la psychose \u00ab extraordinaire \u00bb, dans laquelle la question de l\u2019\u00e9toffe du fantasme se pose, est facilement rep\u00e9rable par ses manifestations apparentes \u00e0 tous. La psychose ordinaire, quant \u00e0 elle, ne se laisse pas forc\u00e9ment rep\u00e9rer par des signes cliniques de premier plan. Souvent le ph\u00e9nom\u00e8ne \u00e9l\u00e9mentaire est t\u00e9nu et tout \u00e0 fait discret. La psychose a lieu \u00ab\u00a0\u00e0 bas bruit\u00a0\u00bb et se trouve souvent \u00e9tay\u00e9e par l\u2019\u00e9tat du monde contemporain qui procure des fantasmes \u00ab pr\u00eats \u00e0 porter \u00bb, et tol\u00e8re des modes de jouissance et des \u00ab styles de vie \u00bb tr\u00e8s ouverts.<\/p>\n<p style=\"text-align: justify;\">La psychanalyse a certainement contribu\u00e9 pour une part non n\u00e9gligeable \u00e0 cette extension du fantasme dans la civilisation, avec entre autres pour effet d\u2019effacer les limites perceptibles entre les cat\u00e9gories cliniques habituelles. Au point que Lacan en a conclu que la transgression n\u2019\u00e9tait plus \u00e0 l\u2019ordre du jour dans un monde o\u00f9 l\u2019objet a est au Z\u00e9nith.<\/p>\n<p style=\"text-align: justify;\">Quant \u00e0 la perversion, les psychanalystes y ont peu affaire puisque le sujet pervers sait s\u2019accommoder parfaitement des r\u00e8gles pour faire fructifier sa jouissance ; c\u2019est un crois\u00e9 mais un crois\u00e9 qui vit \u00e0 l\u2019ombre de la loi. De nombreux comportements, qui \u00e9taient jadis consid\u00e9r\u00e9s comme \u00ab pervers \u00bb, sont aujourd\u2019hui ou bien admis (il en est ainsi par exemple des homosexualit\u00e9s), ou bien servent de moyens de suppl\u00e9ance dans des cas de psychoses. Il importe donc de pr\u00e9ciser la fonction du fantasme dans la n\u00e9vrose, qui est la structure clinique o\u00f9 elle est le mieux circonscrite.<\/p>\n<p style=\"text-align: justify;\">Un moment important du cours de Jacques-Alain Miller a consist\u00e9 \u00e0 d\u00e9velopper l\u2019importance dans l\u2019enseignement de Lacan du binaire Sympt\u00f4me-Fantasme. \u00ab le fantasme \u2014disait-il\u2014, n\u2019est pas de la m\u00eame fa\u00e7on que le sympt\u00f4me, l\u2019objet de la plainte. Au contraire. Le fantasme appartient en quelque sorte \u00e0 la th\u00e9rapie spontan\u00e9e du sujet. Le fantasme a, par excellence une fonction anticlinique, je veux dire qu\u2019il met par sa fonction le sujet en mesure de supporter le r\u00e9el. \u00bb<\/p>\n<p style=\"text-align: justify;\">Au temps o\u00f9 l\u2019autre n\u2019existe pas et o\u00f9 l\u2019industrie de l\u2019internet permet notamment une apparente collectivisation du fantasme (qui s\u2019accompagne aussi d\u2019une \u00ab sp\u00e9cialisation \u00bb), il peut \u00eatre important, notamment \u00e0 propos des n\u00e9vroses, de s\u2019appliquer \u00e0 \u00e9tudier \u00e0 nouveau ce en quoi fantasme et sympt\u00f4me se nouent, ce qui est particulier \u00e0 chacun dans ce nouage et ce qui par l\u00e0 fait barri\u00e8re dans le sujet \u00e0 une pente infinie \u00e0 la jouissance.<\/p>\n<p style=\"text-align: justify;\">Nous rejoignons ainsi la question de l\u2019\u00c9thique qui sera \u00e9galement au programme de l\u2019ann\u00e9e. Nous v\u00e9rifierons en quoi l\u2019\u00e9tude de la n\u00e9vrose est un point d\u2019appui s\u00fbr pour la clinique contemporaine, et comment m\u00eame elle donne sur la psychose ordinaire un \u00e9clairage sp\u00e9cial. Nous-nous assurerons d\u2019\u00e9lucider en quoi \u00ab le sujet comme effet de signification est r\u00e9ponse du r\u00e9el \u00bb selon la phrase de Lacan dans l\u2019\u00c9tourdit, et ceci quelle que soit la structure clinique dont il rel\u00e8ve.<\/p>\n<hr \/>\n<p style=\"text-align: justify;\"><span style=\"color: #b898d9;\">Liens vers les pages du th\u00e8me :<\/span><\/p>\n<p style=\"text-align: justify;\"><a href=\"http:\/\/www.sectionclinique-rennes.fr\/nuevo\/themes\/2008-2009\/seminaire-theorique\/\" target=\"_blank\" rel=\"noopener\">S\u00e9minaires th\u00e9oriques<\/a><\/p>\n<p style=\"text-align: justify;\"><a href=\"http:\/\/www.sectionclinique-rennes.fr\/nuevo\/themes\/2008-2009\/seminaires-de-textes\/\" target=\"_blank\" rel=\"noopener\">S\u00e9minaires de textes<\/a><\/p>\n<p style=\"text-align: justify;\"><a href=\"http:\/\/www.sectionclinique-rennes.fr\/nuevo\/themes\/2008-2009\/seminaire-detude-et-de-recherche\/\" target=\"_blank\" rel=\"noopener\">S\u00e9minaire du Cercle<\/a><\/p>\n<hr \/>\n<h3 style=\"text-align: justify;\"><span style=\"color: #b898d9;\"><strong>Historique des Conf\u00e9rences des invit\u00e9s :<\/strong><\/span><\/h3>\n<p>&nbsp;<\/p>\n<ul>\n<li style=\"text-align: justify;\">29 novembre 2008 &#8211; Philippe De Georges<\/li>\n<li style=\"text-align: justify;\">13 d\u00e9cembre 2008 &#8211; Marie-Jos\u00e9 Asnoun<\/li>\n<li style=\"text-align: justify;\">17 janvier 2009 &#8211; Jean-Pierre Klotz<\/li>\n<li style=\"text-align: justify;\">07 mars 2009 &#8211; Monique Amirault<\/li>\n<li style=\"text-align: justify;\">29 mars 2009 &#8211; Catherine Lazarus-Matet<\/li>\n<li style=\"text-align: justify;\">30 mai 2009 &#8211; Miguel Bassols<\/li>\n<li style=\"text-align: justify;\">13 juin 2009 &#8211; Christiane Alberti<\/li>\n<\/ul>\n<p>&nbsp;<\/p>\n<h6 style=\"font-weight: 400;\"><strong><em>Derni\u00e8re modification : 20\/08\/2015<\/em><\/strong><\/h6>\n","protected":false},"excerpt":{"rendered":"<p>N\u00e9vrose et perversion : les fantasmes dans la clinique contemporaine &nbsp; Les derni\u00e8res ann\u00e9es \u00e0 la Section clinique de Rennes ont \u00e9t\u00e9 consacr\u00e9es \u00e0 l\u2019\u00e9tude des psychoses et sp\u00e9cialement des psychoses ordinaires, ainsi qu\u2019aux manifestations contemporaines du sympt\u00f4me comme par exemple \u00ab la d\u00e9pression \u00bb. Pour que la clinique de\u2026<\/p>\n<p> <a class=\"continue-reading-link\" href=\"http:\/\/www.sectionclinique-rennes.fr\/nuevo\/themes\/2008-2009\/\"><span>Continue reading<\/span><i class=\"crycon-right-dir\"><\/i><\/a> <\/p>\n","protected":false},"author":5,"featured_media":0,"parent":19,"menu_order":3,"comment_status":"closed","ping_status":"closed","template":"","meta":{"_monsterinsights_skip_tracking":false,"_monsterinsights_sitenote_active":false,"_monsterinsights_sitenote_note":"","_monsterinsights_sitenote_category":0,"footnotes":""},"class_list":["post-74","page","type-page","status-publish","hentry"],"yoast_head":"<!-- This site is optimized with the Yoast SEO plugin v25.5 - https:\/\/yoast.com\/wordpress\/plugins\/seo\/ -->\n<title>2008-2009 - La Section clinique de Rennes<\/title>\n<meta name=\"robots\" content=\"index, follow, max-snippet:-1, max-image-preview:large, max-video-preview:-1\" \/>\n<link rel=\"canonical\" href=\"https:\/\/www.sectionclinique-rennes.fr\/nuevo\/themes\/2008-2009\/\" \/>\n<meta property=\"og:locale\" content=\"fr_FR\" \/>\n<meta property=\"og:type\" content=\"article\" \/>\n<meta property=\"og:title\" content=\"2008-2009 - La Section clinique de Rennes\" \/>\n<meta property=\"og:description\" content=\"N\u00e9vrose et perversion : les fantasmes dans la clinique contemporaine &nbsp; Les derni\u00e8res ann\u00e9es \u00e0 la Section clinique de Rennes ont \u00e9t\u00e9 consacr\u00e9es \u00e0 l\u2019\u00e9tude des psychoses et sp\u00e9cialement des psychoses ordinaires, ainsi qu\u2019aux manifestations contemporaines du sympt\u00f4me comme par exemple \u00ab la d\u00e9pression \u00bb. Pour que la clinique de\u2026 Continue reading\" \/>\n<meta property=\"og:url\" content=\"https:\/\/www.sectionclinique-rennes.fr\/nuevo\/themes\/2008-2009\/\" \/>\n<meta property=\"og:site_name\" content=\"La Section clinique de Rennes\" \/>\n<meta property=\"article:modified_time\" content=\"2022-06-22T13:44:03+00:00\" \/>\n<meta property=\"og:image\" content=\"http:\/\/www.sectionclinique-rennes.fr\/nuevo\/wp-content\/uploads\/2015\/08\/image-00011-e1440670433843.jpg\" \/>\n<meta name=\"twitter:card\" content=\"summary_large_image\" \/>\n<meta name=\"twitter:label1\" content=\"Dur\u00e9e de lecture estim\u00e9e\" \/>\n\t<meta name=\"twitter:data1\" content=\"4 minutes\" \/>\n<script type=\"application\/ld+json\" class=\"yoast-schema-graph\">{\"@context\":\"https:\/\/schema.org\",\"@graph\":[{\"@type\":\"WebPage\",\"@id\":\"https:\/\/www.sectionclinique-rennes.fr\/nuevo\/themes\/2008-2009\/\",\"url\":\"https:\/\/www.sectionclinique-rennes.fr\/nuevo\/themes\/2008-2009\/\",\"name\":\"2008-2009 - La Section clinique de Rennes\",\"isPartOf\":{\"@id\":\"http:\/\/www.sectionclinique-rennes.fr\/nuevo\/#website\"},\"primaryImageOfPage\":{\"@id\":\"https:\/\/www.sectionclinique-rennes.fr\/nuevo\/themes\/2008-2009\/#primaryimage\"},\"image\":{\"@id\":\"https:\/\/www.sectionclinique-rennes.fr\/nuevo\/themes\/2008-2009\/#primaryimage\"},\"thumbnailUrl\":\"http:\/\/www.sectionclinique-rennes.fr\/nuevo\/wp-content\/uploads\/2015\/08\/image-00011-e1440670433843.jpg\",\"datePublished\":\"2015-08-20T20:57:46+00:00\",\"dateModified\":\"2022-06-22T13:44:03+00:00\",\"breadcrumb\":{\"@id\":\"https:\/\/www.sectionclinique-rennes.fr\/nuevo\/themes\/2008-2009\/#breadcrumb\"},\"inLanguage\":\"fr-FR\",\"potentialAction\":[{\"@type\":\"ReadAction\",\"target\":[\"https:\/\/www.sectionclinique-rennes.fr\/nuevo\/themes\/2008-2009\/\"]}]},{\"@type\":\"ImageObject\",\"inLanguage\":\"fr-FR\",\"@id\":\"https:\/\/www.sectionclinique-rennes.fr\/nuevo\/themes\/2008-2009\/#primaryimage\",\"url\":\"http:\/\/www.sectionclinique-rennes.fr\/nuevo\/wp-content\/uploads\/2015\/08\/image-00011-e1440670433843.jpg\",\"contentUrl\":\"http:\/\/www.sectionclinique-rennes.fr\/nuevo\/wp-content\/uploads\/2015\/08\/image-00011-e1440670433843.jpg\",\"width\":3517,\"height\":3631},{\"@type\":\"BreadcrumbList\",\"@id\":\"https:\/\/www.sectionclinique-rennes.fr\/nuevo\/themes\/2008-2009\/#breadcrumb\",\"itemListElement\":[{\"@type\":\"ListItem\",\"position\":1,\"name\":\"Accueil\",\"item\":\"http:\/\/www.sectionclinique-rennes.fr\/nuevo\/\"},{\"@type\":\"ListItem\",\"position\":2,\"name\":\"Th\u00e8mes\",\"item\":\"https:\/\/www.sectionclinique-rennes.fr\/nuevo\/themes\/\"},{\"@type\":\"ListItem\",\"position\":3,\"name\":\"2008-2009\"}]},{\"@type\":\"WebSite\",\"@id\":\"http:\/\/www.sectionclinique-rennes.fr\/nuevo\/#website\",\"url\":\"http:\/\/www.sectionclinique-rennes.fr\/nuevo\/\",\"name\":\"La Section clinique de Rennes\",\"description\":\"Association UFORCA\",\"publisher\":{\"@id\":\"http:\/\/www.sectionclinique-rennes.fr\/nuevo\/#organization\"},\"potentialAction\":[{\"@type\":\"SearchAction\",\"target\":{\"@type\":\"EntryPoint\",\"urlTemplate\":\"http:\/\/www.sectionclinique-rennes.fr\/nuevo\/?s={search_term_string}\"},\"query-input\":{\"@type\":\"PropertyValueSpecification\",\"valueRequired\":true,\"valueName\":\"search_term_string\"}}],\"inLanguage\":\"fr-FR\"},{\"@type\":\"Organization\",\"@id\":\"http:\/\/www.sectionclinique-rennes.fr\/nuevo\/#organization\",\"name\":\"Section clinique de Rennes - Association UFORCA\",\"url\":\"http:\/\/www.sectionclinique-rennes.fr\/nuevo\/\",\"logo\":{\"@type\":\"ImageObject\",\"inLanguage\":\"fr-FR\",\"@id\":\"http:\/\/www.sectionclinique-rennes.fr\/nuevo\/#\/schema\/logo\/image\/\",\"url\":\"http:\/\/www.sectionclinique-rennes.fr\/nuevo\/wp-content\/uploads\/2015\/08\/logo.png\",\"contentUrl\":\"http:\/\/www.sectionclinique-rennes.fr\/nuevo\/wp-content\/uploads\/2015\/08\/logo.png\",\"width\":1199,\"height\":276,\"caption\":\"Section clinique de Rennes - Association UFORCA\"},\"image\":{\"@id\":\"http:\/\/www.sectionclinique-rennes.fr\/nuevo\/#\/schema\/logo\/image\/\"}}]}<\/script>\n<!-- \/ Yoast SEO plugin. -->","yoast_head_json":{"title":"2008-2009 - La Section clinique de Rennes","robots":{"index":"index","follow":"follow","max-snippet":"max-snippet:-1","max-image-preview":"max-image-preview:large","max-video-preview":"max-video-preview:-1"},"canonical":"https:\/\/www.sectionclinique-rennes.fr\/nuevo\/themes\/2008-2009\/","og_locale":"fr_FR","og_type":"article","og_title":"2008-2009 - La Section clinique de Rennes","og_description":"N\u00e9vrose et perversion : les fantasmes dans la clinique contemporaine &nbsp; Les derni\u00e8res ann\u00e9es \u00e0 la Section clinique de Rennes ont \u00e9t\u00e9 consacr\u00e9es \u00e0 l\u2019\u00e9tude des psychoses et sp\u00e9cialement des psychoses ordinaires, ainsi qu\u2019aux manifestations contemporaines du sympt\u00f4me comme par exemple \u00ab la d\u00e9pression \u00bb. Pour que la clinique de\u2026 Continue reading","og_url":"https:\/\/www.sectionclinique-rennes.fr\/nuevo\/themes\/2008-2009\/","og_site_name":"La Section clinique de Rennes","article_modified_time":"2022-06-22T13:44:03+00:00","og_image":[{"url":"http:\/\/www.sectionclinique-rennes.fr\/nuevo\/wp-content\/uploads\/2015\/08\/image-00011-e1440670433843.jpg","type":"","width":"","height":""}],"twitter_card":"summary_large_image","twitter_misc":{"Dur\u00e9e de lecture estim\u00e9e":"4 minutes"},"schema":{"@context":"https:\/\/schema.org","@graph":[{"@type":"WebPage","@id":"https:\/\/www.sectionclinique-rennes.fr\/nuevo\/themes\/2008-2009\/","url":"https:\/\/www.sectionclinique-rennes.fr\/nuevo\/themes\/2008-2009\/","name":"2008-2009 - La Section clinique de Rennes","isPartOf":{"@id":"http:\/\/www.sectionclinique-rennes.fr\/nuevo\/#website"},"primaryImageOfPage":{"@id":"https:\/\/www.sectionclinique-rennes.fr\/nuevo\/themes\/2008-2009\/#primaryimage"},"image":{"@id":"https:\/\/www.sectionclinique-rennes.fr\/nuevo\/themes\/2008-2009\/#primaryimage"},"thumbnailUrl":"http:\/\/www.sectionclinique-rennes.fr\/nuevo\/wp-content\/uploads\/2015\/08\/image-00011-e1440670433843.jpg","datePublished":"2015-08-20T20:57:46+00:00","dateModified":"2022-06-22T13:44:03+00:00","breadcrumb":{"@id":"https:\/\/www.sectionclinique-rennes.fr\/nuevo\/themes\/2008-2009\/#breadcrumb"},"inLanguage":"fr-FR","potentialAction":[{"@type":"ReadAction","target":["https:\/\/www.sectionclinique-rennes.fr\/nuevo\/themes\/2008-2009\/"]}]},{"@type":"ImageObject","inLanguage":"fr-FR","@id":"https:\/\/www.sectionclinique-rennes.fr\/nuevo\/themes\/2008-2009\/#primaryimage","url":"http:\/\/www.sectionclinique-rennes.fr\/nuevo\/wp-content\/uploads\/2015\/08\/image-00011-e1440670433843.jpg","contentUrl":"http:\/\/www.sectionclinique-rennes.fr\/nuevo\/wp-content\/uploads\/2015\/08\/image-00011-e1440670433843.jpg","width":3517,"height":3631},{"@type":"BreadcrumbList","@id":"https:\/\/www.sectionclinique-rennes.fr\/nuevo\/themes\/2008-2009\/#breadcrumb","itemListElement":[{"@type":"ListItem","position":1,"name":"Accueil","item":"http:\/\/www.sectionclinique-rennes.fr\/nuevo\/"},{"@type":"ListItem","position":2,"name":"Th\u00e8mes","item":"https:\/\/www.sectionclinique-rennes.fr\/nuevo\/themes\/"},{"@type":"ListItem","position":3,"name":"2008-2009"}]},{"@type":"WebSite","@id":"http:\/\/www.sectionclinique-rennes.fr\/nuevo\/#website","url":"http:\/\/www.sectionclinique-rennes.fr\/nuevo\/","name":"La Section clinique de Rennes","description":"Association UFORCA","publisher":{"@id":"http:\/\/www.sectionclinique-rennes.fr\/nuevo\/#organization"},"potentialAction":[{"@type":"SearchAction","target":{"@type":"EntryPoint","urlTemplate":"http:\/\/www.sectionclinique-rennes.fr\/nuevo\/?s={search_term_string}"},"query-input":{"@type":"PropertyValueSpecification","valueRequired":true,"valueName":"search_term_string"}}],"inLanguage":"fr-FR"},{"@type":"Organization","@id":"http:\/\/www.sectionclinique-rennes.fr\/nuevo\/#organization","name":"Section clinique de Rennes - Association UFORCA","url":"http:\/\/www.sectionclinique-rennes.fr\/nuevo\/","logo":{"@type":"ImageObject","inLanguage":"fr-FR","@id":"http:\/\/www.sectionclinique-rennes.fr\/nuevo\/#\/schema\/logo\/image\/","url":"http:\/\/www.sectionclinique-rennes.fr\/nuevo\/wp-content\/uploads\/2015\/08\/logo.png","contentUrl":"http:\/\/www.sectionclinique-rennes.fr\/nuevo\/wp-content\/uploads\/2015\/08\/logo.png","width":1199,"height":276,"caption":"Section clinique de Rennes - Association UFORCA"},"image":{"@id":"http:\/\/www.sectionclinique-rennes.fr\/nuevo\/#\/schema\/logo\/image\/"}}]}},"_links":{"self":[{"href":"http:\/\/www.sectionclinique-rennes.fr\/nuevo\/wp-json\/wp\/v2\/pages\/74","targetHints":{"allow":["GET"]}}],"collection":[{"href":"http:\/\/www.sectionclinique-rennes.fr\/nuevo\/wp-json\/wp\/v2\/pages"}],"about":[{"href":"http:\/\/www.sectionclinique-rennes.fr\/nuevo\/wp-json\/wp\/v2\/types\/page"}],"author":[{"embeddable":true,"href":"http:\/\/www.sectionclinique-rennes.fr\/nuevo\/wp-json\/wp\/v2\/users\/5"}],"replies":[{"embeddable":true,"href":"http:\/\/www.sectionclinique-rennes.fr\/nuevo\/wp-json\/wp\/v2\/comments?post=74"}],"version-history":[{"count":18,"href":"http:\/\/www.sectionclinique-rennes.fr\/nuevo\/wp-json\/wp\/v2\/pages\/74\/revisions"}],"predecessor-version":[{"id":2932,"href":"http:\/\/www.sectionclinique-rennes.fr\/nuevo\/wp-json\/wp\/v2\/pages\/74\/revisions\/2932"}],"up":[{"embeddable":true,"href":"http:\/\/www.sectionclinique-rennes.fr\/nuevo\/wp-json\/wp\/v2\/pages\/19"}],"wp:attachment":[{"href":"http:\/\/www.sectionclinique-rennes.fr\/nuevo\/wp-json\/wp\/v2\/media?parent=74"}],"curies":[{"name":"wp","href":"https:\/\/api.w.org\/{rel}","templated":true}]}}