{"id":758,"date":"2015-09-13T22:00:58","date_gmt":"2015-09-13T21:00:58","guid":{"rendered":"http:\/\/www.sectionclinique-rennes.fr\/nuevo\/?page_id=758"},"modified":"2022-06-22T14:54:35","modified_gmt":"2022-06-22T13:54:35","slug":"seminaire-theorique","status":"publish","type":"page","link":"http:\/\/www.sectionclinique-rennes.fr\/nuevo\/themes\/theme-de-lannee\/seminaire-theorique\/","title":{"rendered":"S\u00e9minaires th\u00e9oriques"},"content":{"rendered":"<p>&nbsp;<\/p>\n<p style=\"text-align: justify;\">Les s\u00e9minaires th\u00e9oriques permettront, gr\u00e2ce \u00e0 la lecture de plusieurs textes fondamentaux, de parcourir l\u2019enseignement de Lacan sur le corps et les pulsions. Nous en d\u00e9duirons, avec les apports \u00e9clair\u00e9s de Jacques-Alain Miller et d\u2019\u00c9ric Laurent, des orientations pour lire la clinique du XXe si\u00e8cle.<br \/>\nUn texte principal servira d\u2019appui \u00e0 chaque s\u00e9quence du s\u00e9minaire th\u00e9orique.<\/p>\n<hr \/>\n<p style=\"text-align: justify;\"><span style=\"color: #eb0e33;\"><strong>Bibliographie\u00a0:<\/strong><\/span><\/p>\n<ul style=\"text-align: justify;\">\n<li style=\"text-align: left;\">Jacques Lacan, <em>Le S\u00e9minaire, livre XI<\/em>, \u00ab\u00a0Les quatre concepts fondamentaux de la psychanalyse\u00a0\u00bb, Paris, Seuil, 1973.<\/li>\n<li style=\"text-align: left;\">Jacques Lacan,<em> Le S\u00e9minaire, livre XIV<\/em>, \u00ab La logique du fantasme \u00bb, in\u00e9dit.<\/li>\n<li style=\"text-align: left;\">Jacques Lacan, \u00ab La logique du fantasme \u00bb, Compte rendu du s\u00e9minaire 1966-1967, <em>Autres \u00e9crits<\/em>, Paris, Seuil, 2001, p. 323-328<\/li>\n<li style=\"text-align: left;\">Jacques Lacan, \u00ab Radiophonie \u00bb, <em>Autres \u00e9crits<\/em>, Paris, Seuil, 2001, p. 403-447.<\/li>\n<li style=\"text-align: left;\">Jacques Lacan, \u00ab Lituraterre \u00bb, <em>Autres \u00e9crits<\/em>, Paris, Seuil, 2001, p. 11-20.<\/li>\n<li style=\"text-align: left;\">Jacques Lacan, <em>Le S\u00e9minaire, livre XX<\/em>, \u00ab\u00a0Encore\u00a0\u00bb, Paris, Seuil, 1975.<\/li>\n<li style=\"text-align: left;\">Jacques-Alain Miller, \u00ab L\u2019inconscient et le corps parlant \u00bb, <em>La Cause du d\u00e9sir<\/em>, n\u00b0 88, Navarin \u00e9diteur, 2014, p. 104-114.<\/li>\n<li style=\"text-align: left;\">Jacques-Alain Miller, le texte : \u00ab Biologie lacanienne et \u00e9v\u00e9nement de corps \u00bb, <em>La Cause freudienne<\/em>, revue de psychanalyse, n\u00b0 44, Diffusion Navarin Seuil, f\u00e9vrier 2000, p. 7-59.<\/li>\n<\/ul>\n<p>&nbsp;<\/p>\n<p>Les participants sont \u00e9galement invit\u00e9s \u00e0 consulter les enregistrements d&rsquo;\u00c9ric Laurent, \u00ab Parler la langue du corps \u00bb, s\u00e9minaire donn\u00e9 \u00e0 l\u2019\u00c9cole de la Cause freudienne en 2014-2015, disponible sur <a href=\"http:\/\/www.radiolacan.com\/fr\/topic\/583\" target=\"_blank\" rel=\"noopener\">Radio Lacan<\/a>.<\/p>\n<hr \/>\n<p><span style=\"color: #eb0e33;\">Liens vers les autres pages du th\u00e8me :<\/span><\/p>\n<p><a href=\"http:\/\/www.sectionclinique-rennes.fr\/nuevo\/themes\/theme-de-lannee\/seminaires-de-textes\/\" target=\"_blank\" rel=\"noopener\">S\u00e9minaires de textes<\/a><\/p>\n<p><a href=\"http:\/\/www.sectionclinique-rennes.fr\/nuevo\/themes\/theme-de-lannee\/seminaire-du-cercle\/\" target=\"_blank\" rel=\"noopener\">S\u00e9minaire du Cercle<\/a><\/p>\n<p>&nbsp;<\/p>\n<h6 style=\"font-weight: 400;\"><strong><em>Derni\u00e8re modification : 24\/09\/2015<\/em><\/strong><\/h6>\n","protected":false},"excerpt":{"rendered":"<p>&nbsp; Les s\u00e9minaires th\u00e9oriques permettront, gr\u00e2ce \u00e0 la lecture de plusieurs textes fondamentaux, de parcourir l\u2019enseignement de Lacan sur le corps et les pulsions. Nous en d\u00e9duirons, avec les apports \u00e9clair\u00e9s de Jacques-Alain Miller et d\u2019\u00c9ric Laurent, des orientations pour lire la clinique du XXe si\u00e8cle. Un texte principal servira\u2026<\/p>\n<p> <a class=\"continue-reading-link\" href=\"http:\/\/www.sectionclinique-rennes.fr\/nuevo\/themes\/theme-de-lannee\/seminaire-theorique\/\"><span>Continue reading<\/span><i class=\"crycon-right-dir\"><\/i><\/a> <\/p>\n","protected":false},"author":5,"featured_media":0,"parent":41,"menu_order":0,"comment_status":"closed","ping_status":"closed","template":"","meta":{"_monsterinsights_skip_tracking":false,"_monsterinsights_sitenote_active":false,"_monsterinsights_sitenote_note":"","_monsterinsights_sitenote_category":0,"footnotes":""},"class_list":["post-758","page","type-page","status-publish","hentry"],"yoast_head":"<!-- This site is optimized with the Yoast SEO plugin v25.5 - https:\/\/yoast.com\/wordpress\/plugins\/seo\/ -->\n<title>S\u00e9minaires th\u00e9oriques - La Section clinique de Rennes<\/title>\n<meta name=\"robots\" content=\"index, follow, max-snippet:-1, max-image-preview:large, max-video-preview:-1\" \/>\n<link rel=\"canonical\" href=\"http:\/\/www.sectionclinique-rennes.fr\/nuevo\/themes\/theme-de-lannee\/seminaire-theorique\/\" \/>\n<meta property=\"og:locale\" content=\"fr_FR\" \/>\n<meta property=\"og:type\" content=\"article\" \/>\n<meta property=\"og:title\" content=\"S\u00e9minaires th\u00e9oriques - La Section clinique de Rennes\" \/>\n<meta property=\"og:description\" content=\"&nbsp; Les s\u00e9minaires th\u00e9oriques permettront, gr\u00e2ce \u00e0 la lecture de plusieurs textes fondamentaux, de parcourir l\u2019enseignement de Lacan sur le corps et les pulsions. Nous en d\u00e9duirons, avec les apports \u00e9clair\u00e9s de Jacques-Alain Miller et d\u2019\u00c9ric Laurent, des orientations pour lire la clinique du XXe si\u00e8cle. Un texte principal servira\u2026 Continue reading\" \/>\n<meta property=\"og:url\" content=\"http:\/\/www.sectionclinique-rennes.fr\/nuevo\/themes\/theme-de-lannee\/seminaire-theorique\/\" \/>\n<meta property=\"og:site_name\" content=\"La Section clinique de Rennes\" \/>\n<meta property=\"article:modified_time\" content=\"2022-06-22T13:54:35+00:00\" \/>\n<meta name=\"twitter:card\" content=\"summary_large_image\" \/>\n<meta name=\"twitter:label1\" content=\"Dur\u00e9e de lecture estim\u00e9e\" \/>\n\t<meta name=\"twitter:data1\" content=\"1 minute\" \/>\n<script type=\"application\/ld+json\" class=\"yoast-schema-graph\">{\"@context\":\"https:\/\/schema.org\",\"@graph\":[{\"@type\":\"WebPage\",\"@id\":\"http:\/\/www.sectionclinique-rennes.fr\/nuevo\/themes\/theme-de-lannee\/seminaire-theorique\/\",\"url\":\"http:\/\/www.sectionclinique-rennes.fr\/nuevo\/themes\/theme-de-lannee\/seminaire-theorique\/\",\"name\":\"S\u00e9minaires th\u00e9oriques - La Section clinique de Rennes\",\"isPartOf\":{\"@id\":\"http:\/\/www.sectionclinique-rennes.fr\/nuevo\/#website\"},\"datePublished\":\"2015-09-13T21:00:58+00:00\",\"dateModified\":\"2022-06-22T13:54:35+00:00\",\"breadcrumb\":{\"@id\":\"http:\/\/www.sectionclinique-rennes.fr\/nuevo\/themes\/theme-de-lannee\/seminaire-theorique\/#breadcrumb\"},\"inLanguage\":\"fr-FR\",\"potentialAction\":[{\"@type\":\"ReadAction\",\"target\":[\"http:\/\/www.sectionclinique-rennes.fr\/nuevo\/themes\/theme-de-lannee\/seminaire-theorique\/\"]}]},{\"@type\":\"BreadcrumbList\",\"@id\":\"http:\/\/www.sectionclinique-rennes.fr\/nuevo\/themes\/theme-de-lannee\/seminaire-theorique\/#breadcrumb\",\"itemListElement\":[{\"@type\":\"ListItem\",\"position\":1,\"name\":\"Accueil\",\"item\":\"http:\/\/www.sectionclinique-rennes.fr\/nuevo\/\"},{\"@type\":\"ListItem\",\"position\":2,\"name\":\"Th\u00e8mes\",\"item\":\"https:\/\/www.sectionclinique-rennes.fr\/nuevo\/themes\/\"},{\"@type\":\"ListItem\",\"position\":3,\"name\":\"2015-2016\",\"item\":\"http:\/\/www.sectionclinique-rennes.fr\/nuevo\/themes\/theme-de-lannee\/\"},{\"@type\":\"ListItem\",\"position\":4,\"name\":\"S\u00e9minaires th\u00e9oriques\"}]},{\"@type\":\"WebSite\",\"@id\":\"http:\/\/www.sectionclinique-rennes.fr\/nuevo\/#website\",\"url\":\"http:\/\/www.sectionclinique-rennes.fr\/nuevo\/\",\"name\":\"La Section clinique de Rennes\",\"description\":\"Association UFORCA\",\"publisher\":{\"@id\":\"http:\/\/www.sectionclinique-rennes.fr\/nuevo\/#organization\"},\"potentialAction\":[{\"@type\":\"SearchAction\",\"target\":{\"@type\":\"EntryPoint\",\"urlTemplate\":\"http:\/\/www.sectionclinique-rennes.fr\/nuevo\/?s={search_term_string}\"},\"query-input\":{\"@type\":\"PropertyValueSpecification\",\"valueRequired\":true,\"valueName\":\"search_term_string\"}}],\"inLanguage\":\"fr-FR\"},{\"@type\":\"Organization\",\"@id\":\"http:\/\/www.sectionclinique-rennes.fr\/nuevo\/#organization\",\"name\":\"Section clinique de Rennes - Association UFORCA\",\"url\":\"http:\/\/www.sectionclinique-rennes.fr\/nuevo\/\",\"logo\":{\"@type\":\"ImageObject\",\"inLanguage\":\"fr-FR\",\"@id\":\"http:\/\/www.sectionclinique-rennes.fr\/nuevo\/#\/schema\/logo\/image\/\",\"url\":\"http:\/\/www.sectionclinique-rennes.fr\/nuevo\/wp-content\/uploads\/2015\/08\/logo.png\",\"contentUrl\":\"http:\/\/www.sectionclinique-rennes.fr\/nuevo\/wp-content\/uploads\/2015\/08\/logo.png\",\"width\":1199,\"height\":276,\"caption\":\"Section clinique de Rennes - Association UFORCA\"},\"image\":{\"@id\":\"http:\/\/www.sectionclinique-rennes.fr\/nuevo\/#\/schema\/logo\/image\/\"}}]}<\/script>\n<!-- \/ Yoast SEO plugin. -->","yoast_head_json":{"title":"S\u00e9minaires th\u00e9oriques - La Section clinique de Rennes","robots":{"index":"index","follow":"follow","max-snippet":"max-snippet:-1","max-image-preview":"max-image-preview:large","max-video-preview":"max-video-preview:-1"},"canonical":"http:\/\/www.sectionclinique-rennes.fr\/nuevo\/themes\/theme-de-lannee\/seminaire-theorique\/","og_locale":"fr_FR","og_type":"article","og_title":"S\u00e9minaires th\u00e9oriques - La Section clinique de Rennes","og_description":"&nbsp; Les s\u00e9minaires th\u00e9oriques permettront, gr\u00e2ce \u00e0 la lecture de plusieurs textes fondamentaux, de parcourir l\u2019enseignement de Lacan sur le corps et les pulsions. Nous en d\u00e9duirons, avec les apports \u00e9clair\u00e9s de Jacques-Alain Miller et d\u2019\u00c9ric Laurent, des orientations pour lire la clinique du XXe si\u00e8cle. Un texte principal servira\u2026 Continue reading","og_url":"http:\/\/www.sectionclinique-rennes.fr\/nuevo\/themes\/theme-de-lannee\/seminaire-theorique\/","og_site_name":"La Section clinique de Rennes","article_modified_time":"2022-06-22T13:54:35+00:00","twitter_card":"summary_large_image","twitter_misc":{"Dur\u00e9e de lecture estim\u00e9e":"1 minute"},"schema":{"@context":"https:\/\/schema.org","@graph":[{"@type":"WebPage","@id":"http:\/\/www.sectionclinique-rennes.fr\/nuevo\/themes\/theme-de-lannee\/seminaire-theorique\/","url":"http:\/\/www.sectionclinique-rennes.fr\/nuevo\/themes\/theme-de-lannee\/seminaire-theorique\/","name":"S\u00e9minaires th\u00e9oriques - La Section clinique de Rennes","isPartOf":{"@id":"http:\/\/www.sectionclinique-rennes.fr\/nuevo\/#website"},"datePublished":"2015-09-13T21:00:58+00:00","dateModified":"2022-06-22T13:54:35+00:00","breadcrumb":{"@id":"http:\/\/www.sectionclinique-rennes.fr\/nuevo\/themes\/theme-de-lannee\/seminaire-theorique\/#breadcrumb"},"inLanguage":"fr-FR","potentialAction":[{"@type":"ReadAction","target":["http:\/\/www.sectionclinique-rennes.fr\/nuevo\/themes\/theme-de-lannee\/seminaire-theorique\/"]}]},{"@type":"BreadcrumbList","@id":"http:\/\/www.sectionclinique-rennes.fr\/nuevo\/themes\/theme-de-lannee\/seminaire-theorique\/#breadcrumb","itemListElement":[{"@type":"ListItem","position":1,"name":"Accueil","item":"http:\/\/www.sectionclinique-rennes.fr\/nuevo\/"},{"@type":"ListItem","position":2,"name":"Th\u00e8mes","item":"https:\/\/www.sectionclinique-rennes.fr\/nuevo\/themes\/"},{"@type":"ListItem","position":3,"name":"2015-2016","item":"http:\/\/www.sectionclinique-rennes.fr\/nuevo\/themes\/theme-de-lannee\/"},{"@type":"ListItem","position":4,"name":"S\u00e9minaires th\u00e9oriques"}]},{"@type":"WebSite","@id":"http:\/\/www.sectionclinique-rennes.fr\/nuevo\/#website","url":"http:\/\/www.sectionclinique-rennes.fr\/nuevo\/","name":"La Section clinique de Rennes","description":"Association UFORCA","publisher":{"@id":"http:\/\/www.sectionclinique-rennes.fr\/nuevo\/#organization"},"potentialAction":[{"@type":"SearchAction","target":{"@type":"EntryPoint","urlTemplate":"http:\/\/www.sectionclinique-rennes.fr\/nuevo\/?s={search_term_string}"},"query-input":{"@type":"PropertyValueSpecification","valueRequired":true,"valueName":"search_term_string"}}],"inLanguage":"fr-FR"},{"@type":"Organization","@id":"http:\/\/www.sectionclinique-rennes.fr\/nuevo\/#organization","name":"Section clinique de Rennes - Association UFORCA","url":"http:\/\/www.sectionclinique-rennes.fr\/nuevo\/","logo":{"@type":"ImageObject","inLanguage":"fr-FR","@id":"http:\/\/www.sectionclinique-rennes.fr\/nuevo\/#\/schema\/logo\/image\/","url":"http:\/\/www.sectionclinique-rennes.fr\/nuevo\/wp-content\/uploads\/2015\/08\/logo.png","contentUrl":"http:\/\/www.sectionclinique-rennes.fr\/nuevo\/wp-content\/uploads\/2015\/08\/logo.png","width":1199,"height":276,"caption":"Section clinique de Rennes - Association UFORCA"},"image":{"@id":"http:\/\/www.sectionclinique-rennes.fr\/nuevo\/#\/schema\/logo\/image\/"}}]}},"_links":{"self":[{"href":"http:\/\/www.sectionclinique-rennes.fr\/nuevo\/wp-json\/wp\/v2\/pages\/758","targetHints":{"allow":["GET"]}}],"collection":[{"href":"http:\/\/www.sectionclinique-rennes.fr\/nuevo\/wp-json\/wp\/v2\/pages"}],"about":[{"href":"http:\/\/www.sectionclinique-rennes.fr\/nuevo\/wp-json\/wp\/v2\/types\/page"}],"author":[{"embeddable":true,"href":"http:\/\/www.sectionclinique-rennes.fr\/nuevo\/wp-json\/wp\/v2\/users\/5"}],"replies":[{"embeddable":true,"href":"http:\/\/www.sectionclinique-rennes.fr\/nuevo\/wp-json\/wp\/v2\/comments?post=758"}],"version-history":[{"count":17,"href":"http:\/\/www.sectionclinique-rennes.fr\/nuevo\/wp-json\/wp\/v2\/pages\/758\/revisions"}],"predecessor-version":[{"id":2945,"href":"http:\/\/www.sectionclinique-rennes.fr\/nuevo\/wp-json\/wp\/v2\/pages\/758\/revisions\/2945"}],"up":[{"embeddable":true,"href":"http:\/\/www.sectionclinique-rennes.fr\/nuevo\/wp-json\/wp\/v2\/pages\/41"}],"wp:attachment":[{"href":"http:\/\/www.sectionclinique-rennes.fr\/nuevo\/wp-json\/wp\/v2\/media?parent=758"}],"curies":[{"name":"wp","href":"https:\/\/api.w.org\/{rel}","templated":true}]}}