{"id":774,"date":"2015-09-13T22:35:54","date_gmt":"2015-09-13T21:35:54","guid":{"rendered":"http:\/\/www.sectionclinique-rennes.fr\/nuevo\/?page_id=774"},"modified":"2022-06-22T14:56:05","modified_gmt":"2022-06-22T13:56:05","slug":"seminaire-du-cercle","status":"publish","type":"page","link":"http:\/\/www.sectionclinique-rennes.fr\/nuevo\/themes\/theme-de-lannee\/seminaire-du-cercle\/","title":{"rendered":"S\u00e9minaire du Cercle"},"content":{"rendered":"<p>&nbsp;<\/p>\n<h3 style=\"text-align: justify;\"><span style=\"color: #f20f3c;\"><strong>Le corps et ses pulsions au XXI\u00e8me si\u00e8cle<\/strong><\/span><\/h3>\n<p>&nbsp;<\/p>\n<p style=\"text-align: justify;\">Notre titre de cette ann\u00e9e sugg\u00e8re-t-il que nous n\u2019avons plus affaire ni au m\u00eame corps ni aux m\u00eames pulsions ?<\/p>\n<p style=\"text-align: justify;\">Oui et non : non dans la mesure o\u00f9 la dimension imaginaire du corps est aujourd\u2019hui toujours plus essentielle ; non dans la mesure o\u00f9 le socle de la pulsion reste identique \u00e0 celui que Freud lui a donn\u00e9. Lacan lui-m\u00eame restera freudien tout au long de son enseignement, et les \u00ab quatre substances \u00e9pisodiques \u00bb (1) de l\u2019objet a, que la pulsion \u00ab enveloppe \u00bb, sont toujours d\u2019actualit\u00e9. Oui car \u00e0 partir du S\u00e9minaire XX, Lacan va inverser les liens qui unissent l\u2019Autre et de la jouissance, ce qui modifiera radicalement l\u2019abord du corps par la psychanalyse.<\/p>\n<p>&nbsp;<\/p>\n<p style=\"text-align: justify;\"><strong>La pulsion freudienne<\/strong><\/p>\n<p style=\"text-align: justify;\">En 1932, Freud avance que \u00ab la th\u00e9orie des pulsions est notre mythologie \u00bb (2), mais pour autant les pulsions ne renvoient (pas) \u00ab \u00e0 l\u2019irr\u00e9el \u00bb (3) au contraire, \u00ab c\u2019est le r\u00e9el qu\u2019elles mythifient \u00bb (4). Parler de r\u00e9el, ce n\u2019est pas confondre pulsion et instinct : le Trieb freudien n\u2019est pas, comme les post-freudiens l\u2019ont fait, \u00e0 traduire par instinct, mais bien par pulsion, voire d\u00e9rive, au plus pr\u00e8s du drive anglais. Il est fondamental de d\u00e9coller la pulsion de l\u2019arc instinctuel. Si l\u2019\u00e9nergie est constante donc mesurable, le Drang, la pouss\u00e9e de la pulsion qui est aussi constante et \u00ab la d\u00e9charge en cause est d\u2019une tout autre nature et se place sur un tout autre plan. \u00bb (5)<\/p>\n<p>&nbsp;<\/p>\n<p style=\"text-align: justify;\"><strong>Sujet du signifiant corps et pulsion<\/strong><\/p>\n<p style=\"text-align: justify;\">La pulsion n\u2019a donc rien de biologique, et si le Trieb prend sa source dans le biologique, c\u2019est en tant que ce biologique est fait corps par l\u2019op\u00e9ration du signifiant : c\u2019est l\u00e0 l\u2019apport de Lacan qui r\u00e9interpr\u00e8te la pulsion freudienne en terme de langage. La pulsion a structure de bord, oral, anal, pour autant que le langage les a d\u00e9coup\u00e9s sur le corps.<\/p>\n<p style=\"text-align: justify;\">Lacan reste l\u00e0 encore fid\u00e8le \u00e0 Freud, la pulsion est un concept-limite entre le psychique et le somatique (6), mais il op\u00e8re un boug\u00e9 doctrinale fondamental. Il inscrit la pulsion dans le champ du langage qui \u00ab va se pr\u00e9senter sur le mod\u00e8le d\u2019une cha\u00eene signifiante \u00bb (7) ainsi qu\u2019en atteste le math\u00e8me sujet barr\u00e9 poin\u00e7on D.<\/p>\n<p style=\"text-align: justify;\">Nous sommes \u00e0 l\u2019\u00e9poque de l\u2019inconscient \u00ab structur\u00e9 comme un langage \u00bb : la pulsion est articul\u00e9e grammaticalement, mais pour autant, sa satisfaction \u2013 pulsionnelle &#8211; est exclue du champ du signifiant. Le langage d\u00e9coupe le biologique, y creuse des trous et y \u00ab dessine \u00bb des bords qui deviennent source de satisfaction, mais \u00e0 condition que le corps ainsi constitu\u00e9, soit lui, d\u00e9sert\u00e9 par la jouissance.<\/p>\n<p>&nbsp;<\/p>\n<p style=\"text-align: justify;\"><strong>Corps parlant et pulsion<\/strong><\/p>\n<p style=\"text-align: justify;\">\u00c0 partir du S\u00e9minaire XX, Lacan op\u00e8re un autre boug\u00e9 essentiel : la jouissance n\u2019est plus exclue du corps : \u00ab le corps cela se jouit. \u00bb (8) Ce n\u2019est donc plus le m\u00eame corps dont il s\u2019agit, c\u2019est un corps vivant qui n\u2019est plus d\u00e9sert\u00e9 par la jouissance. Le signifiant n\u2019est plus seulement le meurtre de la chose, il a des effets de jouissance. Il ne s\u2019agit plus du corps symbolique au sens o\u00f9 ce corps se constitue comme corps imaginaire \u00e0 partir d\u2019un point d\u2019ext\u00e9riorit\u00e9 symbolique (9), il s\u2019agit du corps du symbolique au sens o\u00f9 c\u2019est le langage qui le \u00ab d\u00e9cerne \u00e0 l\u2019\u00eatre qui s\u2019en soutient. \u00bb (10) Cela veut donc dire aussi que la doctrine de la pulsion \u00e9volue, s\u2019affine, elle n\u2019est plus seulement le concept-limite qui unit \u00ab le quantum libidinal et la repr\u00e9sentation \u00bb (11), \u00ab elle est l\u2019\u00e9cho dans le corps du fait qu\u2019il y a un dire. \u00bb (12) Dans ce m\u00eame S\u00e9minaire, Lacan invente un mot : <em>parl\u00eatre,<\/em> pour dire ce fait que l\u2019homme parle avec son corps, et au XXIe si\u00e8cle, ce sont des parl\u00eatres que nous analysons : c\u2019est ce que Jacques-Alain Miller condense d\u2019un trait : \u00ab l\u2019interpr\u00e9tation ne vise plus seulement l\u2019inconscient mais la jouissance. \u00bb (13)<\/p>\n<p>&nbsp;<\/p>\n<hr \/>\n<h6>1. Lacan , \u00ab Note italienne \u00bb, <em>Autres \u00e9crits<\/em>, Paris, Seuil, 2001, p.309<br \/>\n2. Freud , <em>Nouvelles conf\u00e9rences<\/em>, 1932<br \/>\n3. Lacan , \u00abDu \u00ab Trieb \u00bb de Freud\u00bb, <em>\u00c9crits<\/em>, Paris, Seuil, 1966, p.853<br \/>\n4. Ibid. p.853<br \/>\n5. Lacan , <em>Le S\u00e9minaire, livre XI<\/em>, \u00abLes quatre concepts fondamentaux\u00bb, Paris, Seuil, 1973, p.150<br \/>\n6. Freud , \u00ab Pulsion et destin des pulsions \u00bb, <em>M\u00e9tapsychologie<\/em>, Id\u00e9es gallimard, Paris, 1940, p.18<br \/>\n7. Miller -A., \u00ab L\u2019inconscient et le corps parlant \u00bb,<em> La Cause du d\u00e9sir<\/em>, n\u00b0 88, Navarin \u00e9diteur, 2014, p.104-114<br \/>\n8. Lacan , <em>Le S\u00e9minaire, livre XX<\/em>, \u00abEncore\u00bb, Paris, Seuil, 1975, p.26<br \/>\n9. Laurent \u00c9., S\u00e9minaire du 24 novembre <a href=\"http:\/\/www.radiolacan.com\/fr\/topic\/583\" target=\"_blank\" rel=\"noopener\">Radio Lacan<\/a><br \/>\n10.<em> Ibid.<\/em><br \/>\n11. <em>Ibid.<\/em><br \/>\n12. Lacan , <em>Le S\u00e9minaire, livre XXIII<\/em>, \u00abLe sinthome\u00bb, Paris, Seuil, 2005, p.17<br \/>\n13. Miller -A., \u00ab L\u2019inconscient et le corps parlant \u00bb, <em>Le r\u00e9el mis \u00e0 jour au XXIe si\u00e8cle<\/em><\/h6>\n<hr \/>\n<p>Le s\u00e9minaire du Cercle, anim\u00e9 par Anne-Marie Le Mercier et Jean Luc Monnier sera l\u2019occasion cette ann\u00e9e de mettre \u00e0 l\u2019\u00e9preuve dans le d\u00e9tail du cas ce renouvellement de la clinique qui porte le corps de l\u2019\u00eatre parlant en place d\u2019Autre sc\u00e8ne.<\/p>\n<p style=\"text-align: justify;\"><strong>Des cas cliniques seront retenus, pr\u00e9sent\u00e9s et discut\u00e9s lors de la journ\u00e9e exceptionnelle du CERCLE de la Section Clinique de Rennes qui se d\u00e9roulera le 11 juin 2016.<\/strong><\/p>\n<p style=\"text-align: justify;\"><strong>Dates du s\u00e9minaire du Cercle :<\/strong> 26 novembre 2015, 17 d\u00e9cembre 2015, 21 janvier 2016, 25 f\u00e9vrier 2016, 24 mars 2015, 12 mai 2016, 16 juin 2016<\/p>\n<hr \/>\n<p><span style=\"color: #eb0e33;\">Liens vers les autres pages du th\u00e8me :<\/span><\/p>\n<p><a href=\"http:\/\/www.sectionclinique-rennes.fr\/nuevo\/themes\/theme-de-lannee\/seminaire-theorique\/\" target=\"_blank\" rel=\"noopener\">S\u00e9minaires th\u00e9oriques<\/a><\/p>\n<p><a href=\"http:\/\/www.sectionclinique-rennes.fr\/nuevo\/themes\/theme-de-lannee\/seminaires-de-textes\/\" target=\"_blank\" rel=\"noopener\">S\u00e9minaires\u00a0de textes<\/a><\/p>\n<p>&nbsp;<\/p>\n<h6 style=\"font-weight: 400;\"><strong><em>Derni\u00e8re modification : 20\/10\/2015<\/em><\/strong><\/h6>\n","protected":false},"excerpt":{"rendered":"<p>&nbsp; Le corps et ses pulsions au XXI\u00e8me si\u00e8cle &nbsp; Notre titre de cette ann\u00e9e sugg\u00e8re-t-il que nous n\u2019avons plus affaire ni au m\u00eame corps ni aux m\u00eames pulsions ? Oui et non : non dans la mesure o\u00f9 la dimension imaginaire du corps est aujourd\u2019hui toujours plus essentielle ;\u2026<\/p>\n<p> <a class=\"continue-reading-link\" href=\"http:\/\/www.sectionclinique-rennes.fr\/nuevo\/themes\/theme-de-lannee\/seminaire-du-cercle\/\"><span>Continue reading<\/span><i class=\"crycon-right-dir\"><\/i><\/a> <\/p>\n","protected":false},"author":5,"featured_media":0,"parent":41,"menu_order":2,"comment_status":"closed","ping_status":"closed","template":"","meta":{"_monsterinsights_skip_tracking":false,"_monsterinsights_sitenote_active":false,"_monsterinsights_sitenote_note":"","_monsterinsights_sitenote_category":0,"footnotes":""},"class_list":["post-774","page","type-page","status-publish","hentry"],"yoast_head":"<!-- This site is optimized with the Yoast SEO plugin v25.5 - https:\/\/yoast.com\/wordpress\/plugins\/seo\/ -->\n<title>S\u00e9minaire du Cercle - La Section clinique de Rennes<\/title>\n<meta name=\"robots\" content=\"index, follow, max-snippet:-1, max-image-preview:large, max-video-preview:-1\" \/>\n<link rel=\"canonical\" href=\"http:\/\/www.sectionclinique-rennes.fr\/nuevo\/themes\/theme-de-lannee\/seminaire-du-cercle\/\" \/>\n<meta property=\"og:locale\" content=\"fr_FR\" \/>\n<meta property=\"og:type\" content=\"article\" \/>\n<meta property=\"og:title\" content=\"S\u00e9minaire du Cercle - La Section clinique de Rennes\" \/>\n<meta property=\"og:description\" content=\"&nbsp; Le corps et ses pulsions au XXI\u00e8me si\u00e8cle &nbsp; Notre titre de cette ann\u00e9e sugg\u00e8re-t-il que nous n\u2019avons plus affaire ni au m\u00eame corps ni aux m\u00eames pulsions ? Oui et non : non dans la mesure o\u00f9 la dimension imaginaire du corps est aujourd\u2019hui toujours plus essentielle ;\u2026 Continue reading\" \/>\n<meta property=\"og:url\" content=\"http:\/\/www.sectionclinique-rennes.fr\/nuevo\/themes\/theme-de-lannee\/seminaire-du-cercle\/\" \/>\n<meta property=\"og:site_name\" content=\"La Section clinique de Rennes\" \/>\n<meta property=\"article:modified_time\" content=\"2022-06-22T13:56:05+00:00\" \/>\n<meta name=\"twitter:card\" content=\"summary_large_image\" \/>\n<meta name=\"twitter:label1\" content=\"Dur\u00e9e de lecture estim\u00e9e\" \/>\n\t<meta name=\"twitter:data1\" content=\"4 minutes\" \/>\n<script type=\"application\/ld+json\" class=\"yoast-schema-graph\">{\"@context\":\"https:\/\/schema.org\",\"@graph\":[{\"@type\":\"WebPage\",\"@id\":\"http:\/\/www.sectionclinique-rennes.fr\/nuevo\/themes\/theme-de-lannee\/seminaire-du-cercle\/\",\"url\":\"http:\/\/www.sectionclinique-rennes.fr\/nuevo\/themes\/theme-de-lannee\/seminaire-du-cercle\/\",\"name\":\"S\u00e9minaire du Cercle - La Section clinique de Rennes\",\"isPartOf\":{\"@id\":\"http:\/\/www.sectionclinique-rennes.fr\/nuevo\/#website\"},\"datePublished\":\"2015-09-13T21:35:54+00:00\",\"dateModified\":\"2022-06-22T13:56:05+00:00\",\"breadcrumb\":{\"@id\":\"http:\/\/www.sectionclinique-rennes.fr\/nuevo\/themes\/theme-de-lannee\/seminaire-du-cercle\/#breadcrumb\"},\"inLanguage\":\"fr-FR\",\"potentialAction\":[{\"@type\":\"ReadAction\",\"target\":[\"http:\/\/www.sectionclinique-rennes.fr\/nuevo\/themes\/theme-de-lannee\/seminaire-du-cercle\/\"]}]},{\"@type\":\"BreadcrumbList\",\"@id\":\"http:\/\/www.sectionclinique-rennes.fr\/nuevo\/themes\/theme-de-lannee\/seminaire-du-cercle\/#breadcrumb\",\"itemListElement\":[{\"@type\":\"ListItem\",\"position\":1,\"name\":\"Accueil\",\"item\":\"http:\/\/www.sectionclinique-rennes.fr\/nuevo\/\"},{\"@type\":\"ListItem\",\"position\":2,\"name\":\"Th\u00e8mes\",\"item\":\"https:\/\/www.sectionclinique-rennes.fr\/nuevo\/themes\/\"},{\"@type\":\"ListItem\",\"position\":3,\"name\":\"2015-2016\",\"item\":\"http:\/\/www.sectionclinique-rennes.fr\/nuevo\/themes\/theme-de-lannee\/\"},{\"@type\":\"ListItem\",\"position\":4,\"name\":\"S\u00e9minaire du Cercle\"}]},{\"@type\":\"WebSite\",\"@id\":\"http:\/\/www.sectionclinique-rennes.fr\/nuevo\/#website\",\"url\":\"http:\/\/www.sectionclinique-rennes.fr\/nuevo\/\",\"name\":\"La Section clinique de Rennes\",\"description\":\"Association UFORCA\",\"publisher\":{\"@id\":\"http:\/\/www.sectionclinique-rennes.fr\/nuevo\/#organization\"},\"potentialAction\":[{\"@type\":\"SearchAction\",\"target\":{\"@type\":\"EntryPoint\",\"urlTemplate\":\"http:\/\/www.sectionclinique-rennes.fr\/nuevo\/?s={search_term_string}\"},\"query-input\":{\"@type\":\"PropertyValueSpecification\",\"valueRequired\":true,\"valueName\":\"search_term_string\"}}],\"inLanguage\":\"fr-FR\"},{\"@type\":\"Organization\",\"@id\":\"http:\/\/www.sectionclinique-rennes.fr\/nuevo\/#organization\",\"name\":\"Section clinique de Rennes - Association UFORCA\",\"url\":\"http:\/\/www.sectionclinique-rennes.fr\/nuevo\/\",\"logo\":{\"@type\":\"ImageObject\",\"inLanguage\":\"fr-FR\",\"@id\":\"http:\/\/www.sectionclinique-rennes.fr\/nuevo\/#\/schema\/logo\/image\/\",\"url\":\"http:\/\/www.sectionclinique-rennes.fr\/nuevo\/wp-content\/uploads\/2015\/08\/logo.png\",\"contentUrl\":\"http:\/\/www.sectionclinique-rennes.fr\/nuevo\/wp-content\/uploads\/2015\/08\/logo.png\",\"width\":1199,\"height\":276,\"caption\":\"Section clinique de Rennes - Association UFORCA\"},\"image\":{\"@id\":\"http:\/\/www.sectionclinique-rennes.fr\/nuevo\/#\/schema\/logo\/image\/\"}}]}<\/script>\n<!-- \/ Yoast SEO plugin. -->","yoast_head_json":{"title":"S\u00e9minaire du Cercle - La Section clinique de Rennes","robots":{"index":"index","follow":"follow","max-snippet":"max-snippet:-1","max-image-preview":"max-image-preview:large","max-video-preview":"max-video-preview:-1"},"canonical":"http:\/\/www.sectionclinique-rennes.fr\/nuevo\/themes\/theme-de-lannee\/seminaire-du-cercle\/","og_locale":"fr_FR","og_type":"article","og_title":"S\u00e9minaire du Cercle - La Section clinique de Rennes","og_description":"&nbsp; Le corps et ses pulsions au XXI\u00e8me si\u00e8cle &nbsp; Notre titre de cette ann\u00e9e sugg\u00e8re-t-il que nous n\u2019avons plus affaire ni au m\u00eame corps ni aux m\u00eames pulsions ? Oui et non : non dans la mesure o\u00f9 la dimension imaginaire du corps est aujourd\u2019hui toujours plus essentielle ;\u2026 Continue reading","og_url":"http:\/\/www.sectionclinique-rennes.fr\/nuevo\/themes\/theme-de-lannee\/seminaire-du-cercle\/","og_site_name":"La Section clinique de Rennes","article_modified_time":"2022-06-22T13:56:05+00:00","twitter_card":"summary_large_image","twitter_misc":{"Dur\u00e9e de lecture estim\u00e9e":"4 minutes"},"schema":{"@context":"https:\/\/schema.org","@graph":[{"@type":"WebPage","@id":"http:\/\/www.sectionclinique-rennes.fr\/nuevo\/themes\/theme-de-lannee\/seminaire-du-cercle\/","url":"http:\/\/www.sectionclinique-rennes.fr\/nuevo\/themes\/theme-de-lannee\/seminaire-du-cercle\/","name":"S\u00e9minaire du Cercle - La Section clinique de Rennes","isPartOf":{"@id":"http:\/\/www.sectionclinique-rennes.fr\/nuevo\/#website"},"datePublished":"2015-09-13T21:35:54+00:00","dateModified":"2022-06-22T13:56:05+00:00","breadcrumb":{"@id":"http:\/\/www.sectionclinique-rennes.fr\/nuevo\/themes\/theme-de-lannee\/seminaire-du-cercle\/#breadcrumb"},"inLanguage":"fr-FR","potentialAction":[{"@type":"ReadAction","target":["http:\/\/www.sectionclinique-rennes.fr\/nuevo\/themes\/theme-de-lannee\/seminaire-du-cercle\/"]}]},{"@type":"BreadcrumbList","@id":"http:\/\/www.sectionclinique-rennes.fr\/nuevo\/themes\/theme-de-lannee\/seminaire-du-cercle\/#breadcrumb","itemListElement":[{"@type":"ListItem","position":1,"name":"Accueil","item":"http:\/\/www.sectionclinique-rennes.fr\/nuevo\/"},{"@type":"ListItem","position":2,"name":"Th\u00e8mes","item":"https:\/\/www.sectionclinique-rennes.fr\/nuevo\/themes\/"},{"@type":"ListItem","position":3,"name":"2015-2016","item":"http:\/\/www.sectionclinique-rennes.fr\/nuevo\/themes\/theme-de-lannee\/"},{"@type":"ListItem","position":4,"name":"S\u00e9minaire du Cercle"}]},{"@type":"WebSite","@id":"http:\/\/www.sectionclinique-rennes.fr\/nuevo\/#website","url":"http:\/\/www.sectionclinique-rennes.fr\/nuevo\/","name":"La Section clinique de Rennes","description":"Association UFORCA","publisher":{"@id":"http:\/\/www.sectionclinique-rennes.fr\/nuevo\/#organization"},"potentialAction":[{"@type":"SearchAction","target":{"@type":"EntryPoint","urlTemplate":"http:\/\/www.sectionclinique-rennes.fr\/nuevo\/?s={search_term_string}"},"query-input":{"@type":"PropertyValueSpecification","valueRequired":true,"valueName":"search_term_string"}}],"inLanguage":"fr-FR"},{"@type":"Organization","@id":"http:\/\/www.sectionclinique-rennes.fr\/nuevo\/#organization","name":"Section clinique de Rennes - Association UFORCA","url":"http:\/\/www.sectionclinique-rennes.fr\/nuevo\/","logo":{"@type":"ImageObject","inLanguage":"fr-FR","@id":"http:\/\/www.sectionclinique-rennes.fr\/nuevo\/#\/schema\/logo\/image\/","url":"http:\/\/www.sectionclinique-rennes.fr\/nuevo\/wp-content\/uploads\/2015\/08\/logo.png","contentUrl":"http:\/\/www.sectionclinique-rennes.fr\/nuevo\/wp-content\/uploads\/2015\/08\/logo.png","width":1199,"height":276,"caption":"Section clinique de Rennes - Association UFORCA"},"image":{"@id":"http:\/\/www.sectionclinique-rennes.fr\/nuevo\/#\/schema\/logo\/image\/"}}]}},"_links":{"self":[{"href":"http:\/\/www.sectionclinique-rennes.fr\/nuevo\/wp-json\/wp\/v2\/pages\/774","targetHints":{"allow":["GET"]}}],"collection":[{"href":"http:\/\/www.sectionclinique-rennes.fr\/nuevo\/wp-json\/wp\/v2\/pages"}],"about":[{"href":"http:\/\/www.sectionclinique-rennes.fr\/nuevo\/wp-json\/wp\/v2\/types\/page"}],"author":[{"embeddable":true,"href":"http:\/\/www.sectionclinique-rennes.fr\/nuevo\/wp-json\/wp\/v2\/users\/5"}],"replies":[{"embeddable":true,"href":"http:\/\/www.sectionclinique-rennes.fr\/nuevo\/wp-json\/wp\/v2\/comments?post=774"}],"version-history":[{"count":23,"href":"http:\/\/www.sectionclinique-rennes.fr\/nuevo\/wp-json\/wp\/v2\/pages\/774\/revisions"}],"predecessor-version":[{"id":2947,"href":"http:\/\/www.sectionclinique-rennes.fr\/nuevo\/wp-json\/wp\/v2\/pages\/774\/revisions\/2947"}],"up":[{"embeddable":true,"href":"http:\/\/www.sectionclinique-rennes.fr\/nuevo\/wp-json\/wp\/v2\/pages\/41"}],"wp:attachment":[{"href":"http:\/\/www.sectionclinique-rennes.fr\/nuevo\/wp-json\/wp\/v2\/media?parent=774"}],"curies":[{"name":"wp","href":"https:\/\/api.w.org\/{rel}","templated":true}]}}