{"id":78,"date":"2015-08-20T21:58:58","date_gmt":"2015-08-20T20:58:58","guid":{"rendered":"http:\/\/www.sectionclinique-rennes.fr\/nuevo\/?page_id=78"},"modified":"2022-06-21T19:51:28","modified_gmt":"2022-06-21T18:51:28","slug":"2009-2010","status":"publish","type":"page","link":"http:\/\/www.sectionclinique-rennes.fr\/nuevo\/themes\/2009-2010\/","title":{"rendered":"2009-2010"},"content":{"rendered":"<p>&nbsp;<\/p>\n<h3><span style=\"color: #f5c402;\"><strong>Retour sur l\u2019hyst\u00e9rie<\/strong><\/span><\/h3>\n<p>&nbsp;<\/p>\n<p style=\"text-align: justify;\"><a href=\"http:\/\/www.sectionclinique-rennes.fr\/nuevo\/wp-content\/uploads\/2015\/08\/Affiche_Hyst\u00e9rie_2009-2010.jpg\"><img loading=\"lazy\" decoding=\"async\" class=\"alignleft wp-image-444\" src=\"http:\/\/www.sectionclinique-rennes.fr\/nuevo\/wp-content\/uploads\/2015\/08\/Affiche_Hyst\u00e9rie_2009-2010.jpg\" alt=\"Affichette A3 2009 003.pdf, page 1 @ Preflight ( UPIV Golf 2006\" width=\"270\" height=\"381\" srcset=\"http:\/\/www.sectionclinique-rennes.fr\/nuevo\/wp-content\/uploads\/2015\/08\/Affiche_Hyst\u00e9rie_2009-2010.jpg 1024w, http:\/\/www.sectionclinique-rennes.fr\/nuevo\/wp-content\/uploads\/2015\/08\/Affiche_Hyst\u00e9rie_2009-2010-213x300.jpg 213w, http:\/\/www.sectionclinique-rennes.fr\/nuevo\/wp-content\/uploads\/2015\/08\/Affiche_Hyst\u00e9rie_2009-2010-726x1024.jpg 726w, http:\/\/www.sectionclinique-rennes.fr\/nuevo\/wp-content\/uploads\/2015\/08\/Affiche_Hyst\u00e9rie_2009-2010-106x150.jpg 106w\" sizes=\"auto, (max-width: 270px) 100vw, 270px\" \/><\/a>Ce n\u2019est pas pour rien que le S\u00e9minaire XVII porte en couverture la c\u00e9l\u00e8bre photo de Daniel Cohn-Bendit prise par Gilles Caron. Les \u00e9tudiants \u00e9taient alors une pr\u00e9occupation de Lacan, il voyait se profiler ce qui en Italie ou en Allemagne allait donner lieu \u00e0 des tentatives d\u2019insurrection terroristes. Il savait que ceux qui s\u2019y engageaient finiraient broy\u00e9s par leurs id\u00e9aux.<\/p>\n<p style=\"text-align: justify;\">Le S\u00e9minaire XVII c\u2019est aussi la production des \u00ab discours \u00bb et de leur formule. Mais \u2013 et c\u2019est un aspect moins souvent \u00e9voqu\u00e9 \u2013 Lacan met dans ce S\u00e9minaire port\u00e9 par l\u2019air du temps et le refus ce qu\u2019on appelait \u00ab\u00a0la soci\u00e9t\u00e9 de consommation\u00a0\u00bb tout son poids, pour signaler que l\u2019\u00e8re du P\u00e8re Freudien est d\u00e9sormais termin\u00e9e. Il interpr\u00e8te \u00e0 sa fa\u00e7on la \u00ab\u00a0mont\u00e9e au z\u00e9nith social\u00a0\u00bb de l\u2019objet et rejoint sur cet aspect l\u00e0 la contestation \u00e9tudiante. Il entre de plein pied dans l\u2019au-del\u00e0 de l&rsquo;\u0152dipe et il s\u2019y engage avec la d\u00e9termination que l\u2019urgence des temps requiert. L\u2019intertitre donn\u00e9 \u00e0 l\u2019un des chapitres par J-A Miller est en effet \u00ab\u00a0l\u2019\u0152dipe inutilisable.\u00a0\u00bb<\/p>\n<p style=\"text-align: justify;\">Toutefois ce S\u00e9minaire est aussi pour lui l\u2019occasion de renouveler la clinique de l\u2019hyst\u00e9rie, et pr\u00e9cis\u00e9ment \u00e0 propos de la politique de l\u2019\u00e9poque. Ainsi l\u2019hyst\u00e9rie, cette cat\u00e9gorie nosographique qui devait bient\u00f4t dispara\u00eetre des classifications psychiatriques, est-elle au contraire \u00e9lev\u00e9e par Lacan au rang d\u2019un discours inscrit dans l\u2019inconscient des sujets mais aussi trans-individuel. Et en effet tout au long du S\u00e9minaire XVII nous trouvons des notations in\u00e9dites et fondamentales sur la dialectique du discours hyst\u00e9rique et du discours du ma\u00eetre, sur la strat\u00e9gie de l\u2019hyst\u00e9rique et son rapport inconscient \u00e0 la v\u00e9rit\u00e9.<\/p>\n<p style=\"text-align: justify;\">Ainsi par exemple Lacan revient-il sur le cas Dora d\u2019une mani\u00e8re approfondie pour la premi\u00e8re fois depuis le s\u00e9minaire \u00ab\u00a0L\u2019angoisse.\u00a0\u00bb Il l\u2019examine cette fois \u00e0 l\u2019aide du concept de jouissance et \u00e0 la lumi\u00e8re de la \u00ab\u00a0v\u00e9rit\u00e9, soeur de jouissance.\u00a0\u00bb<\/p>\n<p style=\"text-align: justify;\">Nous donnerons \u00e0 chacune des notations sur la n\u00e9vrose hyst\u00e9rique contenues dans ce S\u00e9minaire la place exacte qui leur convient, et leur assurerons la mise en perspective qu\u2019elles m\u00e9ritent. Il est essentiel dans la conjoncture o\u00f9 se trouvent aujourd\u2019hui les sections cliniques de revenir \u00e0 l\u2019\u00e9tude de la n\u00e9vrose, en particulier dans la clinique diff\u00e9rentielle d\u2019avec la psychose ordinaire. Nous nous appuierons pour cela sur les propos tenus par J-A Miller dans sa conf\u00e9rence \u00ab\u00a0Effet retour sur la psychose ordinaire.\u00a0\u00bb (1) Il s\u2019est agi en effet, avec le concept de psychose ordinaire \u00ab\u00a0d\u2019esquiver la rigidit\u00e9 d\u2019une clinique binaire n\u00e9vrose-psychose\u00a0\u00bb, \u2013 et ses effets de s\u00e9gr\u00e9gation. N\u00e9anmoins, tout particuli\u00e8rement, le clinicien dont le lot ordinaire est d\u2019avoir affaire \u00e0 des cas de psychoses, doit se rep\u00e9rer par rapport \u00e0 la structure n\u00e9vrotique car il y a psychose ordinaire : \u00ab\u00a0Quand la psychose ne va pas de soi, quand elle n\u2019a pas l\u2019air d\u2019\u00eatre une n\u00e9vrose, quand \u00e7a n\u2019a ni la signature de la n\u00e9vrose, ni la stabilit\u00e9, ni la constance, ni la r\u00e9p\u00e9tition de la n\u00e9vrose. Une n\u00e9vrose est quelque chose de stable, une formation stable.\u00a0\u00bb (2)<\/p>\n<hr \/>\n<h6 style=\"text-align: justify;\">1. Miller J.-A., \u00ab\u00a0Effet retour sur la psychose ordinaire\u00a0\u00bb, Revue\u00a0<em>Quarto<\/em> n\u00b094\/95<br \/>\n2.<em> Ibidem<\/em>, p.44<\/h6>\n<hr \/>\n<p><a href=\"http:\/\/www.sectionclinique-rennes.fr\/nuevo\/wp-content\/uploads\/2015\/08\/Affiche_Hyst\u00e9rie_2009-2010.jpg\" target=\"_blank\" rel=\"noopener\">T\u00e9l\u00e9charger l&rsquo;affiche<\/a><\/p>\n<p><span style=\"color: #f5c402;\">Liens vers les pages du th\u00e8me :<\/span><\/p>\n<p><a href=\"http:\/\/www.sectionclinique-rennes.fr\/nuevo\/themes\/2009-2010\/seminaire-theorique\/\" target=\"_blank\" rel=\"noopener\">S\u00e9minaires th\u00e9oriques<\/a><\/p>\n<p><a href=\"http:\/\/www.sectionclinique-rennes.fr\/nuevo\/themes\/2009-2010\/les-seminaires-de-texte\/\" target=\"_blank\" rel=\"noopener\">S\u00e9minaires de textes<\/a><\/p>\n<p><a href=\"http:\/\/www.sectionclinique-rennes.fr\/nuevo\/themes\/2009-2010\/le-seminaire-detude-et-de-recherche-cercle\/\" target=\"_blank\" rel=\"noopener\">S\u00e9minaire du Cercle<\/a><\/p>\n<hr \/>\n<h6><\/h6>\n<h3><span style=\"color: #f5c402;\"><strong>His<span style=\"color: #f5c402;\">torique des conf\u00e9rences des invit\u00e9s :<\/span><\/strong><\/span><\/h3>\n<p>&nbsp;<\/p>\n<ul>\n<li>21 novembre 2009 &#8211; Patrick Monribot<\/li>\n<li>12 d\u00e9cembre 2009 &#8211; Marie-H\u00e9l\u00e8ne Blancard<\/li>\n<li>16 janvier 2010 &#8211; Monique Kusnierek<\/li>\n<li>13 mars 2010 &#8211; Marie-Jos\u00e9 Asnoun<\/li>\n<li>10 avril 2010 &#8211; Marie-H\u00e9l\u00e8ne Brousse<\/li>\n<li>29 mai 2010 &#8211; Jean-Louis Gault<\/li>\n<li>19 juin 2010 &#8211; Jacqueline Dh\u00e9ret<\/li>\n<\/ul>\n<p>&nbsp;<\/p>\n<h6 style=\"font-weight: 400;\"><strong><em>Derni\u00e8re modification : 20\/08\/2015<\/em><\/strong><\/h6>\n","protected":false},"excerpt":{"rendered":"<p>&nbsp; Retour sur l\u2019hyst\u00e9rie &nbsp; Ce n\u2019est pas pour rien que le S\u00e9minaire XVII porte en couverture la c\u00e9l\u00e8bre photo de Daniel Cohn-Bendit prise par Gilles Caron. Les \u00e9tudiants \u00e9taient alors une pr\u00e9occupation de Lacan, il voyait se profiler ce qui en Italie ou en Allemagne allait donner lieu \u00e0\u2026<\/p>\n<p> <a class=\"continue-reading-link\" href=\"http:\/\/www.sectionclinique-rennes.fr\/nuevo\/themes\/2009-2010\/\"><span>Continue reading<\/span><i class=\"crycon-right-dir\"><\/i><\/a> <\/p>\n","protected":false},"author":5,"featured_media":0,"parent":19,"menu_order":4,"comment_status":"closed","ping_status":"closed","template":"","meta":{"_monsterinsights_skip_tracking":false,"_monsterinsights_sitenote_active":false,"_monsterinsights_sitenote_note":"","_monsterinsights_sitenote_category":0,"footnotes":""},"class_list":["post-78","page","type-page","status-publish","hentry"],"yoast_head":"<!-- This site is optimized with the Yoast SEO plugin v25.5 - https:\/\/yoast.com\/wordpress\/plugins\/seo\/ -->\n<title>2009-2010 - La Section clinique de Rennes<\/title>\n<meta name=\"robots\" content=\"index, follow, max-snippet:-1, max-image-preview:large, max-video-preview:-1\" \/>\n<link rel=\"canonical\" href=\"http:\/\/www.sectionclinique-rennes.fr\/nuevo\/themes\/2009-2010\/\" \/>\n<meta property=\"og:locale\" content=\"fr_FR\" \/>\n<meta property=\"og:type\" content=\"article\" \/>\n<meta property=\"og:title\" content=\"2009-2010 - La Section clinique de Rennes\" \/>\n<meta property=\"og:description\" content=\"&nbsp; Retour sur l\u2019hyst\u00e9rie &nbsp; Ce n\u2019est pas pour rien que le S\u00e9minaire XVII porte en couverture la c\u00e9l\u00e8bre photo de Daniel Cohn-Bendit prise par Gilles Caron. Les \u00e9tudiants \u00e9taient alors une pr\u00e9occupation de Lacan, il voyait se profiler ce qui en Italie ou en Allemagne allait donner lieu \u00e0\u2026 Continue reading\" \/>\n<meta property=\"og:url\" content=\"http:\/\/www.sectionclinique-rennes.fr\/nuevo\/themes\/2009-2010\/\" \/>\n<meta property=\"og:site_name\" content=\"La Section clinique de Rennes\" \/>\n<meta property=\"article:modified_time\" content=\"2022-06-21T18:51:28+00:00\" \/>\n<meta name=\"twitter:card\" content=\"summary_large_image\" \/>\n<meta name=\"twitter:label1\" content=\"Dur\u00e9e de lecture estim\u00e9e\" \/>\n\t<meta name=\"twitter:data1\" content=\"3 minutes\" \/>\n<script type=\"application\/ld+json\" class=\"yoast-schema-graph\">{\"@context\":\"https:\/\/schema.org\",\"@graph\":[{\"@type\":\"WebPage\",\"@id\":\"http:\/\/www.sectionclinique-rennes.fr\/nuevo\/themes\/2009-2010\/\",\"url\":\"http:\/\/www.sectionclinique-rennes.fr\/nuevo\/themes\/2009-2010\/\",\"name\":\"2009-2010 - La Section clinique de Rennes\",\"isPartOf\":{\"@id\":\"http:\/\/www.sectionclinique-rennes.fr\/nuevo\/#website\"},\"datePublished\":\"2015-08-20T20:58:58+00:00\",\"dateModified\":\"2022-06-21T18:51:28+00:00\",\"breadcrumb\":{\"@id\":\"http:\/\/www.sectionclinique-rennes.fr\/nuevo\/themes\/2009-2010\/#breadcrumb\"},\"inLanguage\":\"fr-FR\",\"potentialAction\":[{\"@type\":\"ReadAction\",\"target\":[\"http:\/\/www.sectionclinique-rennes.fr\/nuevo\/themes\/2009-2010\/\"]}]},{\"@type\":\"BreadcrumbList\",\"@id\":\"http:\/\/www.sectionclinique-rennes.fr\/nuevo\/themes\/2009-2010\/#breadcrumb\",\"itemListElement\":[{\"@type\":\"ListItem\",\"position\":1,\"name\":\"Accueil\",\"item\":\"http:\/\/www.sectionclinique-rennes.fr\/nuevo\/\"},{\"@type\":\"ListItem\",\"position\":2,\"name\":\"Th\u00e8mes\",\"item\":\"https:\/\/www.sectionclinique-rennes.fr\/nuevo\/themes\/\"},{\"@type\":\"ListItem\",\"position\":3,\"name\":\"2009-2010\"}]},{\"@type\":\"WebSite\",\"@id\":\"http:\/\/www.sectionclinique-rennes.fr\/nuevo\/#website\",\"url\":\"http:\/\/www.sectionclinique-rennes.fr\/nuevo\/\",\"name\":\"La Section clinique de Rennes\",\"description\":\"Association UFORCA\",\"publisher\":{\"@id\":\"http:\/\/www.sectionclinique-rennes.fr\/nuevo\/#organization\"},\"potentialAction\":[{\"@type\":\"SearchAction\",\"target\":{\"@type\":\"EntryPoint\",\"urlTemplate\":\"http:\/\/www.sectionclinique-rennes.fr\/nuevo\/?s={search_term_string}\"},\"query-input\":{\"@type\":\"PropertyValueSpecification\",\"valueRequired\":true,\"valueName\":\"search_term_string\"}}],\"inLanguage\":\"fr-FR\"},{\"@type\":\"Organization\",\"@id\":\"http:\/\/www.sectionclinique-rennes.fr\/nuevo\/#organization\",\"name\":\"Section clinique de Rennes - Association UFORCA\",\"url\":\"http:\/\/www.sectionclinique-rennes.fr\/nuevo\/\",\"logo\":{\"@type\":\"ImageObject\",\"inLanguage\":\"fr-FR\",\"@id\":\"http:\/\/www.sectionclinique-rennes.fr\/nuevo\/#\/schema\/logo\/image\/\",\"url\":\"http:\/\/www.sectionclinique-rennes.fr\/nuevo\/wp-content\/uploads\/2015\/08\/logo.png\",\"contentUrl\":\"http:\/\/www.sectionclinique-rennes.fr\/nuevo\/wp-content\/uploads\/2015\/08\/logo.png\",\"width\":1199,\"height\":276,\"caption\":\"Section clinique de Rennes - Association UFORCA\"},\"image\":{\"@id\":\"http:\/\/www.sectionclinique-rennes.fr\/nuevo\/#\/schema\/logo\/image\/\"}}]}<\/script>\n<!-- \/ Yoast SEO plugin. -->","yoast_head_json":{"title":"2009-2010 - La Section clinique de Rennes","robots":{"index":"index","follow":"follow","max-snippet":"max-snippet:-1","max-image-preview":"max-image-preview:large","max-video-preview":"max-video-preview:-1"},"canonical":"http:\/\/www.sectionclinique-rennes.fr\/nuevo\/themes\/2009-2010\/","og_locale":"fr_FR","og_type":"article","og_title":"2009-2010 - La Section clinique de Rennes","og_description":"&nbsp; Retour sur l\u2019hyst\u00e9rie &nbsp; Ce n\u2019est pas pour rien que le S\u00e9minaire XVII porte en couverture la c\u00e9l\u00e8bre photo de Daniel Cohn-Bendit prise par Gilles Caron. Les \u00e9tudiants \u00e9taient alors une pr\u00e9occupation de Lacan, il voyait se profiler ce qui en Italie ou en Allemagne allait donner lieu \u00e0\u2026 Continue reading","og_url":"http:\/\/www.sectionclinique-rennes.fr\/nuevo\/themes\/2009-2010\/","og_site_name":"La Section clinique de Rennes","article_modified_time":"2022-06-21T18:51:28+00:00","twitter_card":"summary_large_image","twitter_misc":{"Dur\u00e9e de lecture estim\u00e9e":"3 minutes"},"schema":{"@context":"https:\/\/schema.org","@graph":[{"@type":"WebPage","@id":"http:\/\/www.sectionclinique-rennes.fr\/nuevo\/themes\/2009-2010\/","url":"http:\/\/www.sectionclinique-rennes.fr\/nuevo\/themes\/2009-2010\/","name":"2009-2010 - La Section clinique de Rennes","isPartOf":{"@id":"http:\/\/www.sectionclinique-rennes.fr\/nuevo\/#website"},"datePublished":"2015-08-20T20:58:58+00:00","dateModified":"2022-06-21T18:51:28+00:00","breadcrumb":{"@id":"http:\/\/www.sectionclinique-rennes.fr\/nuevo\/themes\/2009-2010\/#breadcrumb"},"inLanguage":"fr-FR","potentialAction":[{"@type":"ReadAction","target":["http:\/\/www.sectionclinique-rennes.fr\/nuevo\/themes\/2009-2010\/"]}]},{"@type":"BreadcrumbList","@id":"http:\/\/www.sectionclinique-rennes.fr\/nuevo\/themes\/2009-2010\/#breadcrumb","itemListElement":[{"@type":"ListItem","position":1,"name":"Accueil","item":"http:\/\/www.sectionclinique-rennes.fr\/nuevo\/"},{"@type":"ListItem","position":2,"name":"Th\u00e8mes","item":"https:\/\/www.sectionclinique-rennes.fr\/nuevo\/themes\/"},{"@type":"ListItem","position":3,"name":"2009-2010"}]},{"@type":"WebSite","@id":"http:\/\/www.sectionclinique-rennes.fr\/nuevo\/#website","url":"http:\/\/www.sectionclinique-rennes.fr\/nuevo\/","name":"La Section clinique de Rennes","description":"Association UFORCA","publisher":{"@id":"http:\/\/www.sectionclinique-rennes.fr\/nuevo\/#organization"},"potentialAction":[{"@type":"SearchAction","target":{"@type":"EntryPoint","urlTemplate":"http:\/\/www.sectionclinique-rennes.fr\/nuevo\/?s={search_term_string}"},"query-input":{"@type":"PropertyValueSpecification","valueRequired":true,"valueName":"search_term_string"}}],"inLanguage":"fr-FR"},{"@type":"Organization","@id":"http:\/\/www.sectionclinique-rennes.fr\/nuevo\/#organization","name":"Section clinique de Rennes - Association UFORCA","url":"http:\/\/www.sectionclinique-rennes.fr\/nuevo\/","logo":{"@type":"ImageObject","inLanguage":"fr-FR","@id":"http:\/\/www.sectionclinique-rennes.fr\/nuevo\/#\/schema\/logo\/image\/","url":"http:\/\/www.sectionclinique-rennes.fr\/nuevo\/wp-content\/uploads\/2015\/08\/logo.png","contentUrl":"http:\/\/www.sectionclinique-rennes.fr\/nuevo\/wp-content\/uploads\/2015\/08\/logo.png","width":1199,"height":276,"caption":"Section clinique de Rennes - Association UFORCA"},"image":{"@id":"http:\/\/www.sectionclinique-rennes.fr\/nuevo\/#\/schema\/logo\/image\/"}}]}},"_links":{"self":[{"href":"http:\/\/www.sectionclinique-rennes.fr\/nuevo\/wp-json\/wp\/v2\/pages\/78","targetHints":{"allow":["GET"]}}],"collection":[{"href":"http:\/\/www.sectionclinique-rennes.fr\/nuevo\/wp-json\/wp\/v2\/pages"}],"about":[{"href":"http:\/\/www.sectionclinique-rennes.fr\/nuevo\/wp-json\/wp\/v2\/types\/page"}],"author":[{"embeddable":true,"href":"http:\/\/www.sectionclinique-rennes.fr\/nuevo\/wp-json\/wp\/v2\/users\/5"}],"replies":[{"embeddable":true,"href":"http:\/\/www.sectionclinique-rennes.fr\/nuevo\/wp-json\/wp\/v2\/comments?post=78"}],"version-history":[{"count":25,"href":"http:\/\/www.sectionclinique-rennes.fr\/nuevo\/wp-json\/wp\/v2\/pages\/78\/revisions"}],"predecessor-version":[{"id":2863,"href":"http:\/\/www.sectionclinique-rennes.fr\/nuevo\/wp-json\/wp\/v2\/pages\/78\/revisions\/2863"}],"up":[{"embeddable":true,"href":"http:\/\/www.sectionclinique-rennes.fr\/nuevo\/wp-json\/wp\/v2\/pages\/19"}],"wp:attachment":[{"href":"http:\/\/www.sectionclinique-rennes.fr\/nuevo\/wp-json\/wp\/v2\/media?parent=78"}],"curies":[{"name":"wp","href":"https:\/\/api.w.org\/{rel}","templated":true}]}}