{"id":85,"date":"2015-08-20T22:00:18","date_gmt":"2015-08-20T21:00:18","guid":{"rendered":"http:\/\/www.sectionclinique-rennes.fr\/nuevo\/?page_id=85"},"modified":"2022-06-22T14:48:21","modified_gmt":"2022-06-22T13:48:21","slug":"2012-2013","status":"publish","type":"page","link":"http:\/\/www.sectionclinique-rennes.fr\/nuevo\/themes\/2012-2013\/","title":{"rendered":"2012-2013"},"content":{"rendered":"<p>&nbsp;<\/p>\n<h3><span style=\"color: #958fb0;\"><strong><span style=\"color: #958fb0;\">L&rsquo;inconscient et le corps<\/span><br \/>\n<\/strong><\/span><\/h3>\n<p>&nbsp;<\/p>\n<p align=\"justify\"><a href=\"http:\/\/www.sectionclinique-rennes.fr\/nuevo\/wp-content\/uploads\/2015\/08\/image-000121.jpg\"><img loading=\"lazy\" decoding=\"async\" class=\"size-medium wp-image-740 alignleft\" src=\"http:\/\/www.sectionclinique-rennes.fr\/nuevo\/wp-content\/uploads\/2015\/08\/image-000121-212x300.jpg\" alt=\"image-0001(2)\" width=\"212\" height=\"300\" srcset=\"http:\/\/www.sectionclinique-rennes.fr\/nuevo\/wp-content\/uploads\/2015\/08\/image-000121-212x300.jpg 212w, http:\/\/www.sectionclinique-rennes.fr\/nuevo\/wp-content\/uploads\/2015\/08\/image-000121-724x1024.jpg 724w, http:\/\/www.sectionclinique-rennes.fr\/nuevo\/wp-content\/uploads\/2015\/08\/image-000121-106x150.jpg 106w\" sizes=\"auto, (max-width: 212px) 100vw, 212px\" \/><\/a>La psychanalyse commence avec le corps. Elle prend en effet le relais de la m\u00e9decine quand Freud, au retour de son s\u00e9jour chez Charcot, d\u00e9cide de s\u2019occuper des hyst\u00e9riques. Il d\u00e9couvre alors que les tourments de l\u2019\u00e2me et les ingu\u00e9rissables plaintes corporelles peuvent trouver, par la m\u00e9thode qu\u2019il invente, apaisement ou gu\u00e9rison. Or, sa m\u00e9thode consiste \u00e0 conjuguer d\u2019une autre fa\u00e7on que la m\u00e9decine la souffrance et la parole.<\/p>\n<p align=\"justify\">Il nomme ce bord entre corps et parole, l\u2019inconscient, en reprenant un terme d\u00e9j\u00e0 existant mais en lui donnant une signification nouvelle.<\/p>\n<p align=\"justify\">Freud va donc d\u00e9couvrir qu\u2019il y a, sous certaines conditions, des effets tangibles de la parole sur le corps et inversement comme il le constatera (1895)\u00a0: \u00ab\u00a0Le corps souffrant de l\u2019hyst\u00e9rique parle.\u00a0\u00bb<\/p>\n<p align=\"justify\">La psychanalyse sera toujours anim\u00e9e par cette tension entre la libido pulsionnelle sexuelle et le \u00ab\u00a0Champ de la parole et du langage\u00a0\u00bb. Le mouvement kleinien, par exemple, en tirera des effets remarquables. Tandis que l\u2019Ego psychology, qui r\u00e9duira la psychanalyse \u00e0 un syst\u00e8me \u00e9ducatif et normatif, s\u2019\u00e9tiolera rapidement face \u00e0 ses propres impasses.<\/p>\n<p align=\"justify\">Lorsque Lacan relit Freud, c\u2019est \u00e0 la parole et au syst\u00e8me symbolique dont elle fait partie qu\u2019il s\u2019int\u00e9ressera d\u2019abord, tout en s\u2019avan\u00e7ant r\u00e9solument dans le traitement de la psychose, \u00e0 partir du registre du signifiant et de ses effets sur l\u2019imaginaire du sujet.<\/p>\n<p align=\"justify\">Plus tard \u2014 et nous en arrivons \u00e0 ce qui nous pr\u00e9occupe plus imm\u00e9diatement aujourd\u2019hui \u2014 il remaniera sa th\u00e9orie \u00e0 partir de sa clinique en y incluant la jouissance. D\u2019abord \u00e0 partir de l\u2019objet a, puis dans la perspective du\u00a0parl\u00eatre\u00a0et de la r\u00e9sonance de la parole dans le corps.<\/p>\n<p align=\"justify\">C\u2019est une clinique bien diff\u00e9rente qui est alors rendue possible avec le dernier Lacan. Une clinique fond\u00e9e sur le signe et non plus sur le signifiant, une clinique qui prend en compte la jouissance du corps Un et la n\u00e9cessit\u00e9 du signifiant pour faire \u00eatre, ainsi que l\u2019indiquait Jacques-Alain Miller dans son cours \u00ab\u00a0L\u2019\u00catre et l\u2019Un\u00a0\u00bb. Dans cette clinique de l\u2019 \u00ab\u00a0Au-del\u00e0 de l\u2019\u0152dipe\u00a0\u00bb, nous tenterons de d\u00e9gager la marque r\u00e9elle de l\u2019inconscient sur le corps et son effet de lalangue au-del\u00e0 du maniement transf\u00e9rentiel de l\u2019inconscient. Nous tenterons aussi de mieux saisir \u00e0 partir du S\u00e9minaire XXIII, les diverses fa\u00e7ons dont le corps se laisse toucher par le signifiant et ce qui, de ce trauma initial, fait sinthome aussi bien dans le spectre de l\u2019autisme que dans les psychoses schizophr\u00e9niques ou autres, et naturellement aussi dans le registre des n\u00e9vroses. Tant il est vrai que le r\u00e9el, s\u2019il est sans loi, n\u2019est pas sans avoir d\u2019incidence sur le corps que l\u2019on a &#8211; et on n\u2019en a qu\u2019un comme Lacan le signalait \u00e0 propos de Joyce.<\/p>\n<p align=\"justify\">Nous prendrons \u00e9galement comme rep\u00e8re cette indication de Lacan\u00a0:<\/p>\n<p align=\"justify\">\u00ab\u00a0C\u2019est uniquement par l\u2019\u00e9quivoque que l\u2019interpr\u00e9tation op\u00e8re. Il faut qu\u2019il y ait quelque chose dans le signifiant qui r\u00e9sonne. [\u2026] Ce dire, pour qu\u2019il r\u00e9sonne, qu\u2019il consonne, autre mot du\u00a0sinthome madaquin,\u00a0il faut que le corps y soit sensible. Qu\u2019il l\u2019est, c\u2019est un fait, c\u2019est parce que le corps a quelques orifices, dont le plus important est l\u2019oreille, parce qu\u2019elle ne peut se boucher, se clore, se fermer. C\u2019est par ce biais que r\u00e9pond dans le corps ce que j\u2019ai appel\u00e9 la voix [\u2026] le regard lui fait une concurrence \u00e9minente.\u00a0\u00bb (1)<\/p>\n<p align=\"justify\">Le programme de notre ann\u00e9e se pr\u00e9sente donc comme un programme de recherche \u00e0 partir de toutes les strates de l\u2019enseignement de Lacan, mais aussi comme un programme d\u2019avanc\u00e9e dans la clinique \u00e0 partir des cas les plus humbles de notre pratique. L\u2019inconscient, en tant que prise du registre signifiant sur la jouissance du corps, nous servira de boussole.<\/p>\n<hr \/>\n<h6 align=\"justify\">1. Lacan J., <em>Le S\u00e9minaire, Livre XXIII,\u00a0<\/em>\u00ab\u00a0Le sinthome\u00a0\u00bb, Paris, Seuil,\u00a0p.17-18<\/h6>\n<p align=\"justify\">\n<p align=\"justify\"><a href=\"http:\/\/www.sectionclinique-rennes.fr\/nuevo\/wp-content\/uploads\/2015\/08\/image-000121.jpg\" target=\"_blank\" rel=\"noopener\">T\u00e9l\u00e9charger l\u2019affiche<\/a><\/p>\n<p align=\"justify\"><span style=\"color: #958fb0;\">Liens vers les pages du th\u00e8me :<\/span><\/p>\n<p align=\"justify\"><a href=\"http:\/\/www.sectionclinique-rennes.fr\/nuevo\/themes\/2012-2013\/181-2\/\" target=\"_blank\" rel=\"noopener\">S\u00e9minaires th\u00e9oriques<\/a><\/p>\n<p align=\"justify\"><a href=\"http:\/\/www.sectionclinique-rennes.fr\/nuevo\/themes\/2012-2013\/191-2\/\" target=\"_blank\" rel=\"noopener\">S\u00e9minaires de textes<\/a><\/p>\n<p align=\"justify\"><a href=\"http:\/\/www.sectionclinique-rennes.fr\/nuevo\/themes\/2012-2013\/197-2\/\" target=\"_blank\" rel=\"noopener\">S\u00e9minaire du Cercle<\/a><\/p>\n<hr \/>\n<h3><span style=\"color: #958fb0;\"><strong>Historique des conf\u00e9rences des invit\u00e9s :<\/strong><\/span><\/h3>\n<p>&nbsp;<\/p>\n<ul>\n<li>17 novembre 2012\u00a0&#8211;\u00a0H\u00e9l\u00e8ne Bonnaud<\/li>\n<li>8 d\u00e9cembre 2012\u00a0&#8211;\u00a0Pascal Pernot<\/li>\n<li>12 janvier 2013 &#8211; Serge Cottet<\/li>\n<li>9 f\u00e9vrier 2013 &#8211; Marie-H\u00e9l\u00e8ne Roch<\/li>\n<li>16 mars 2013\u00a0&#8211;\u00a0Philippe Hellebois<\/li>\n<li>13 avril 2013\u00a0&#8211;\u00a0Pierre Str\u00e9liski<\/li>\n<li>1er juin 2013\u00a0&#8211;\u00a0Philippe Lacad\u00e9e (Journ\u00e9e du Cercle)<\/li>\n<\/ul>\n<p>&nbsp;<\/p>\n<h6 style=\"font-weight: 400;\"><strong><em>Derni\u00e8re modification : 20\/08\/2015<\/em><\/strong><\/h6>\n","protected":false},"excerpt":{"rendered":"<p>&nbsp; L&rsquo;inconscient et le corps &nbsp; La psychanalyse commence avec le corps. Elle prend en effet le relais de la m\u00e9decine quand Freud, au retour de son s\u00e9jour chez Charcot, d\u00e9cide de s\u2019occuper des hyst\u00e9riques. Il d\u00e9couvre alors que les tourments de l\u2019\u00e2me et les ingu\u00e9rissables plaintes corporelles peuvent trouver,\u2026<\/p>\n<p> <a class=\"continue-reading-link\" href=\"http:\/\/www.sectionclinique-rennes.fr\/nuevo\/themes\/2012-2013\/\"><span>Continue reading<\/span><i class=\"crycon-right-dir\"><\/i><\/a> <\/p>\n","protected":false},"author":5,"featured_media":0,"parent":19,"menu_order":7,"comment_status":"closed","ping_status":"closed","template":"","meta":{"_monsterinsights_skip_tracking":false,"_monsterinsights_sitenote_active":false,"_monsterinsights_sitenote_note":"","_monsterinsights_sitenote_category":0,"footnotes":""},"class_list":["post-85","page","type-page","status-publish","hentry"],"yoast_head":"<!-- This site is optimized with the Yoast SEO plugin v25.5 - https:\/\/yoast.com\/wordpress\/plugins\/seo\/ -->\n<title>2012-2013 - La Section clinique de Rennes<\/title>\n<meta name=\"robots\" content=\"index, follow, max-snippet:-1, max-image-preview:large, max-video-preview:-1\" \/>\n<link rel=\"canonical\" href=\"http:\/\/www.sectionclinique-rennes.fr\/nuevo\/themes\/2012-2013\/\" \/>\n<meta property=\"og:locale\" content=\"fr_FR\" \/>\n<meta property=\"og:type\" content=\"article\" \/>\n<meta property=\"og:title\" content=\"2012-2013 - La Section clinique de Rennes\" \/>\n<meta property=\"og:description\" content=\"&nbsp; L&rsquo;inconscient et le corps &nbsp; La psychanalyse commence avec le corps. Elle prend en effet le relais de la m\u00e9decine quand Freud, au retour de son s\u00e9jour chez Charcot, d\u00e9cide de s\u2019occuper des hyst\u00e9riques. Il d\u00e9couvre alors que les tourments de l\u2019\u00e2me et les ingu\u00e9rissables plaintes corporelles peuvent trouver,\u2026 Continue reading\" \/>\n<meta property=\"og:url\" content=\"http:\/\/www.sectionclinique-rennes.fr\/nuevo\/themes\/2012-2013\/\" \/>\n<meta property=\"og:site_name\" content=\"La Section clinique de Rennes\" \/>\n<meta property=\"article:modified_time\" content=\"2022-06-22T13:48:21+00:00\" \/>\n<meta property=\"og:image\" content=\"http:\/\/www.sectionclinique-rennes.fr\/nuevo\/wp-content\/uploads\/2015\/08\/image-000121-212x300.jpg\" \/>\n<meta name=\"twitter:card\" content=\"summary_large_image\" \/>\n<meta name=\"twitter:label1\" content=\"Dur\u00e9e de lecture estim\u00e9e\" \/>\n\t<meta name=\"twitter:data1\" content=\"4 minutes\" \/>\n<script type=\"application\/ld+json\" class=\"yoast-schema-graph\">{\"@context\":\"https:\/\/schema.org\",\"@graph\":[{\"@type\":\"WebPage\",\"@id\":\"http:\/\/www.sectionclinique-rennes.fr\/nuevo\/themes\/2012-2013\/\",\"url\":\"http:\/\/www.sectionclinique-rennes.fr\/nuevo\/themes\/2012-2013\/\",\"name\":\"2012-2013 - La Section clinique de Rennes\",\"isPartOf\":{\"@id\":\"http:\/\/www.sectionclinique-rennes.fr\/nuevo\/#website\"},\"primaryImageOfPage\":{\"@id\":\"http:\/\/www.sectionclinique-rennes.fr\/nuevo\/themes\/2012-2013\/#primaryimage\"},\"image\":{\"@id\":\"http:\/\/www.sectionclinique-rennes.fr\/nuevo\/themes\/2012-2013\/#primaryimage\"},\"thumbnailUrl\":\"http:\/\/www.sectionclinique-rennes.fr\/nuevo\/wp-content\/uploads\/2015\/08\/image-000121-212x300.jpg\",\"datePublished\":\"2015-08-20T21:00:18+00:00\",\"dateModified\":\"2022-06-22T13:48:21+00:00\",\"breadcrumb\":{\"@id\":\"http:\/\/www.sectionclinique-rennes.fr\/nuevo\/themes\/2012-2013\/#breadcrumb\"},\"inLanguage\":\"fr-FR\",\"potentialAction\":[{\"@type\":\"ReadAction\",\"target\":[\"http:\/\/www.sectionclinique-rennes.fr\/nuevo\/themes\/2012-2013\/\"]}]},{\"@type\":\"ImageObject\",\"inLanguage\":\"fr-FR\",\"@id\":\"http:\/\/www.sectionclinique-rennes.fr\/nuevo\/themes\/2012-2013\/#primaryimage\",\"url\":\"http:\/\/www.sectionclinique-rennes.fr\/nuevo\/wp-content\/uploads\/2015\/08\/image-000121.jpg\",\"contentUrl\":\"http:\/\/www.sectionclinique-rennes.fr\/nuevo\/wp-content\/uploads\/2015\/08\/image-000121.jpg\",\"width\":3508,\"height\":4961},{\"@type\":\"BreadcrumbList\",\"@id\":\"http:\/\/www.sectionclinique-rennes.fr\/nuevo\/themes\/2012-2013\/#breadcrumb\",\"itemListElement\":[{\"@type\":\"ListItem\",\"position\":1,\"name\":\"Accueil\",\"item\":\"http:\/\/www.sectionclinique-rennes.fr\/nuevo\/\"},{\"@type\":\"ListItem\",\"position\":2,\"name\":\"Th\u00e8mes\",\"item\":\"https:\/\/www.sectionclinique-rennes.fr\/nuevo\/themes\/\"},{\"@type\":\"ListItem\",\"position\":3,\"name\":\"2012-2013\"}]},{\"@type\":\"WebSite\",\"@id\":\"http:\/\/www.sectionclinique-rennes.fr\/nuevo\/#website\",\"url\":\"http:\/\/www.sectionclinique-rennes.fr\/nuevo\/\",\"name\":\"La Section clinique de Rennes\",\"description\":\"Association UFORCA\",\"publisher\":{\"@id\":\"http:\/\/www.sectionclinique-rennes.fr\/nuevo\/#organization\"},\"potentialAction\":[{\"@type\":\"SearchAction\",\"target\":{\"@type\":\"EntryPoint\",\"urlTemplate\":\"http:\/\/www.sectionclinique-rennes.fr\/nuevo\/?s={search_term_string}\"},\"query-input\":{\"@type\":\"PropertyValueSpecification\",\"valueRequired\":true,\"valueName\":\"search_term_string\"}}],\"inLanguage\":\"fr-FR\"},{\"@type\":\"Organization\",\"@id\":\"http:\/\/www.sectionclinique-rennes.fr\/nuevo\/#organization\",\"name\":\"Section clinique de Rennes - Association UFORCA\",\"url\":\"http:\/\/www.sectionclinique-rennes.fr\/nuevo\/\",\"logo\":{\"@type\":\"ImageObject\",\"inLanguage\":\"fr-FR\",\"@id\":\"http:\/\/www.sectionclinique-rennes.fr\/nuevo\/#\/schema\/logo\/image\/\",\"url\":\"http:\/\/www.sectionclinique-rennes.fr\/nuevo\/wp-content\/uploads\/2015\/08\/logo.png\",\"contentUrl\":\"http:\/\/www.sectionclinique-rennes.fr\/nuevo\/wp-content\/uploads\/2015\/08\/logo.png\",\"width\":1199,\"height\":276,\"caption\":\"Section clinique de Rennes - Association UFORCA\"},\"image\":{\"@id\":\"http:\/\/www.sectionclinique-rennes.fr\/nuevo\/#\/schema\/logo\/image\/\"}}]}<\/script>\n<!-- \/ Yoast SEO plugin. -->","yoast_head_json":{"title":"2012-2013 - La Section clinique de Rennes","robots":{"index":"index","follow":"follow","max-snippet":"max-snippet:-1","max-image-preview":"max-image-preview:large","max-video-preview":"max-video-preview:-1"},"canonical":"http:\/\/www.sectionclinique-rennes.fr\/nuevo\/themes\/2012-2013\/","og_locale":"fr_FR","og_type":"article","og_title":"2012-2013 - La Section clinique de Rennes","og_description":"&nbsp; L&rsquo;inconscient et le corps &nbsp; La psychanalyse commence avec le corps. Elle prend en effet le relais de la m\u00e9decine quand Freud, au retour de son s\u00e9jour chez Charcot, d\u00e9cide de s\u2019occuper des hyst\u00e9riques. Il d\u00e9couvre alors que les tourments de l\u2019\u00e2me et les ingu\u00e9rissables plaintes corporelles peuvent trouver,\u2026 Continue reading","og_url":"http:\/\/www.sectionclinique-rennes.fr\/nuevo\/themes\/2012-2013\/","og_site_name":"La Section clinique de Rennes","article_modified_time":"2022-06-22T13:48:21+00:00","og_image":[{"url":"http:\/\/www.sectionclinique-rennes.fr\/nuevo\/wp-content\/uploads\/2015\/08\/image-000121-212x300.jpg","type":"","width":"","height":""}],"twitter_card":"summary_large_image","twitter_misc":{"Dur\u00e9e de lecture estim\u00e9e":"4 minutes"},"schema":{"@context":"https:\/\/schema.org","@graph":[{"@type":"WebPage","@id":"http:\/\/www.sectionclinique-rennes.fr\/nuevo\/themes\/2012-2013\/","url":"http:\/\/www.sectionclinique-rennes.fr\/nuevo\/themes\/2012-2013\/","name":"2012-2013 - La Section clinique de Rennes","isPartOf":{"@id":"http:\/\/www.sectionclinique-rennes.fr\/nuevo\/#website"},"primaryImageOfPage":{"@id":"http:\/\/www.sectionclinique-rennes.fr\/nuevo\/themes\/2012-2013\/#primaryimage"},"image":{"@id":"http:\/\/www.sectionclinique-rennes.fr\/nuevo\/themes\/2012-2013\/#primaryimage"},"thumbnailUrl":"http:\/\/www.sectionclinique-rennes.fr\/nuevo\/wp-content\/uploads\/2015\/08\/image-000121-212x300.jpg","datePublished":"2015-08-20T21:00:18+00:00","dateModified":"2022-06-22T13:48:21+00:00","breadcrumb":{"@id":"http:\/\/www.sectionclinique-rennes.fr\/nuevo\/themes\/2012-2013\/#breadcrumb"},"inLanguage":"fr-FR","potentialAction":[{"@type":"ReadAction","target":["http:\/\/www.sectionclinique-rennes.fr\/nuevo\/themes\/2012-2013\/"]}]},{"@type":"ImageObject","inLanguage":"fr-FR","@id":"http:\/\/www.sectionclinique-rennes.fr\/nuevo\/themes\/2012-2013\/#primaryimage","url":"http:\/\/www.sectionclinique-rennes.fr\/nuevo\/wp-content\/uploads\/2015\/08\/image-000121.jpg","contentUrl":"http:\/\/www.sectionclinique-rennes.fr\/nuevo\/wp-content\/uploads\/2015\/08\/image-000121.jpg","width":3508,"height":4961},{"@type":"BreadcrumbList","@id":"http:\/\/www.sectionclinique-rennes.fr\/nuevo\/themes\/2012-2013\/#breadcrumb","itemListElement":[{"@type":"ListItem","position":1,"name":"Accueil","item":"http:\/\/www.sectionclinique-rennes.fr\/nuevo\/"},{"@type":"ListItem","position":2,"name":"Th\u00e8mes","item":"https:\/\/www.sectionclinique-rennes.fr\/nuevo\/themes\/"},{"@type":"ListItem","position":3,"name":"2012-2013"}]},{"@type":"WebSite","@id":"http:\/\/www.sectionclinique-rennes.fr\/nuevo\/#website","url":"http:\/\/www.sectionclinique-rennes.fr\/nuevo\/","name":"La Section clinique de Rennes","description":"Association UFORCA","publisher":{"@id":"http:\/\/www.sectionclinique-rennes.fr\/nuevo\/#organization"},"potentialAction":[{"@type":"SearchAction","target":{"@type":"EntryPoint","urlTemplate":"http:\/\/www.sectionclinique-rennes.fr\/nuevo\/?s={search_term_string}"},"query-input":{"@type":"PropertyValueSpecification","valueRequired":true,"valueName":"search_term_string"}}],"inLanguage":"fr-FR"},{"@type":"Organization","@id":"http:\/\/www.sectionclinique-rennes.fr\/nuevo\/#organization","name":"Section clinique de Rennes - Association UFORCA","url":"http:\/\/www.sectionclinique-rennes.fr\/nuevo\/","logo":{"@type":"ImageObject","inLanguage":"fr-FR","@id":"http:\/\/www.sectionclinique-rennes.fr\/nuevo\/#\/schema\/logo\/image\/","url":"http:\/\/www.sectionclinique-rennes.fr\/nuevo\/wp-content\/uploads\/2015\/08\/logo.png","contentUrl":"http:\/\/www.sectionclinique-rennes.fr\/nuevo\/wp-content\/uploads\/2015\/08\/logo.png","width":1199,"height":276,"caption":"Section clinique de Rennes - Association UFORCA"},"image":{"@id":"http:\/\/www.sectionclinique-rennes.fr\/nuevo\/#\/schema\/logo\/image\/"}}]}},"_links":{"self":[{"href":"http:\/\/www.sectionclinique-rennes.fr\/nuevo\/wp-json\/wp\/v2\/pages\/85","targetHints":{"allow":["GET"]}}],"collection":[{"href":"http:\/\/www.sectionclinique-rennes.fr\/nuevo\/wp-json\/wp\/v2\/pages"}],"about":[{"href":"http:\/\/www.sectionclinique-rennes.fr\/nuevo\/wp-json\/wp\/v2\/types\/page"}],"author":[{"embeddable":true,"href":"http:\/\/www.sectionclinique-rennes.fr\/nuevo\/wp-json\/wp\/v2\/users\/5"}],"replies":[{"embeddable":true,"href":"http:\/\/www.sectionclinique-rennes.fr\/nuevo\/wp-json\/wp\/v2\/comments?post=85"}],"version-history":[{"count":28,"href":"http:\/\/www.sectionclinique-rennes.fr\/nuevo\/wp-json\/wp\/v2\/pages\/85\/revisions"}],"predecessor-version":[{"id":2936,"href":"http:\/\/www.sectionclinique-rennes.fr\/nuevo\/wp-json\/wp\/v2\/pages\/85\/revisions\/2936"}],"up":[{"embeddable":true,"href":"http:\/\/www.sectionclinique-rennes.fr\/nuevo\/wp-json\/wp\/v2\/pages\/19"}],"wp:attachment":[{"href":"http:\/\/www.sectionclinique-rennes.fr\/nuevo\/wp-json\/wp\/v2\/media?parent=85"}],"curies":[{"name":"wp","href":"https:\/\/api.w.org\/{rel}","templated":true}]}}