{"id":87,"date":"2015-08-20T22:01:06","date_gmt":"2015-08-20T21:01:06","guid":{"rendered":"http:\/\/www.sectionclinique-rennes.fr\/nuevo\/?page_id=87"},"modified":"2022-06-22T14:51:02","modified_gmt":"2022-06-22T13:51:02","slug":"2013-2014","status":"publish","type":"page","link":"http:\/\/www.sectionclinique-rennes.fr\/nuevo\/themes\/2013-2014\/","title":{"rendered":"2013-2014"},"content":{"rendered":"<h3><\/h3>\n<h3 style=\"text-align: left;\"><span style=\"color: #f261a5;\"><strong><span style=\"color: #f263a6;\">Les paradoxes du d\u00e9sir &#8211; Lecture du S\u00e9minaire\u00a0\u00ab\u00a0Le D\u00e9sir et son interpr\u00e9tation\u00a0\u00bb (1)<\/span><br \/>\n<\/strong><\/span><\/h3>\n<h3><strong>\u00a0<\/strong><\/h3>\n<p align=\"justify\"><a href=\"http:\/\/www.sectionclinique-rennes.fr\/nuevo\/wp-content\/uploads\/2015\/08\/image-00013.jpg\"><img loading=\"lazy\" decoding=\"async\" class=\"size-medium wp-image-744 alignleft\" src=\"http:\/\/www.sectionclinique-rennes.fr\/nuevo\/wp-content\/uploads\/2015\/08\/image-00013-212x300.jpg\" alt=\"image-0001(3)\" width=\"212\" height=\"300\" srcset=\"http:\/\/www.sectionclinique-rennes.fr\/nuevo\/wp-content\/uploads\/2015\/08\/image-00013-212x300.jpg 212w, http:\/\/www.sectionclinique-rennes.fr\/nuevo\/wp-content\/uploads\/2015\/08\/image-00013-724x1024.jpg 724w, http:\/\/www.sectionclinique-rennes.fr\/nuevo\/wp-content\/uploads\/2015\/08\/image-00013-106x150.jpg 106w\" sizes=\"auto, (max-width: 212px) 100vw, 212px\" \/><\/a><\/p>\n<p style=\"text-align: justify;\">Que montre Lacan ? Que le d\u00e9sir n&rsquo;est pas une fonction biologique ; qu&rsquo;il n&rsquo;est pas coordonn\u00e9 \u00e0 un objet naturel ; que son objet est fantasmatique. De ce fait, le d\u00e9sir est extravagant. Il est insaisissable \u00e0 qui veut le ma\u00eetriser. Il vous joue des tours. Mais aussi, s&rsquo;il n&rsquo;est pas reconnu, il fabrique du sympt\u00f4me. Dans une analyse, il s&rsquo;agit d&rsquo;interpr\u00e9ter, c&rsquo;est-\u00e0-dire de lire dans le sympt\u00f4me le message de d\u00e9sir qu&rsquo;il rec\u00e8le.<\/p>\n<p style=\"text-align: justify;\">Si le d\u00e9sir d\u00e9route, il suscite en contrepartie l&rsquo;invention d&rsquo;artifices jouant le r\u00f4le de boussole. Une esp\u00e8ce animale a sa boussole naturelle, qui est unique. Dans l&rsquo;esp\u00e8ce humaine, les boussoles sont multiples : ce sont des montages signifiants, des discours. Ils disent ce qu&rsquo;il faut faire : comment penser, comment jouir, comment se reproduire. Cependant, le fantasme de chacun demeure irr\u00e9ductible aux id\u00e9aux communs.<\/p>\n<p style=\"text-align: justify;\">Jusqu&rsquo;\u00e0 une \u00e9poque r\u00e9cente, nos boussoles, si diverses qu&rsquo;elles soient, indiquaient toutes le m\u00eame Nord : le P\u00e8re. On croyait le patriarcat un invariant anthropologique. Son d\u00e9clin s&rsquo;est acc\u00e9l\u00e9r\u00e9 avec l&rsquo;\u00e9galit\u00e9 des conditions, la mont\u00e9e en puissance du capitalisme, la domination de la technique. Nous sommes en phase de sortie de l&rsquo;\u00e2ge du P\u00e8re.<\/p>\n<p style=\"text-align: justify;\">Un autre discours est en voie de supplanter l&rsquo;ancien. L&rsquo;innovation \u00e0 la place de la tradition. Plut\u00f4t que la hi\u00e9rarchie, le r\u00e9seau. L&rsquo;attrait de l&rsquo;avenir l&#8217;emporte sur le poids du pass\u00e9. Le f\u00e9minin prend le pas sur le viril. L\u00e0 o\u00f9 c&rsquo;\u00e9tait un ordre immuable, des flux transformationnels repoussent incessamment toute limite.<\/p>\n<p style=\"text-align: justify;\">Freud est de l&rsquo;\u00e2ge du P\u00e8re. Il a beaucoup fait pour le sauver. L&rsquo;\u00c9glise a fini par s&rsquo;en apercevoir. Lacan a suivi la voie fray\u00e9e par Freud, mais elle l&rsquo;a conduit \u00e0 poser que le P\u00e8re est un sympt\u00f4me. Il le montre ici sur l&rsquo;exemple d&rsquo;Hamlet.<\/p>\n<p style=\"text-align: justify;\">Ce que l&rsquo;on a retenu de Lacan &#8211; la formalisation de l&rsquo;\u0152dipe, l&rsquo;accent mis sur le Nom-du-P\u00e8re &#8211; n&rsquo;\u00e9tait que son point de d\u00e9part. Le S\u00e9minaire VI d\u00e9j\u00e0 le remanie : l&rsquo;\u0152dipe n&rsquo;est pas la solution unique du d\u00e9sir, c&rsquo;est seulement sa forme normalis\u00e9e ; celle-ci est pathog\u00e8ne ; elle n&rsquo;\u00e9puise pas le destin du d\u00e9sir. D&rsquo;o\u00f9 l&rsquo;\u00e9loge de la perversion qui termine le volume. Lacan lui donne la valeur d&rsquo;une r\u00e9bellion contre les identifications assurant le maintien de la routine sociale.<\/p>\n<p style=\"text-align: justify;\">Ce S\u00e9minaire annon\u00e7ait \u00able remaniement des conformismes ant\u00e9rieurement instaur\u00e9s, voire leur \u00e9clatement\u00bb. Nous y sommes. Lacan parle de nous.<\/p>\n<p style=\"text-align: right;\"><em>Jacques-Alain Miller, <\/em><em>Argument du S\u00e9minaire VI<\/em><\/p>\n<hr \/>\n<h6 style=\"text-align: left;\">1. Texte \u00e9tabli par Jacques-Alain Miller<\/h6>\n<hr \/>\n<p><span style=\"color: #f263a6;\">Liens vers les pages du th\u00e8me :<\/span><\/p>\n<p><a href=\"http:\/\/www.sectionclinique-rennes.fr\/nuevo\/themes\/2013-2014\/202-2\/\" target=\"_blank\" rel=\"noopener\">S\u00e9minaires th\u00e9oriques<\/a><\/p>\n<p><a href=\"http:\/\/www.sectionclinique-rennes.fr\/nuevo\/themes\/2013-2014\/les-seminaires-de-textes\/\" target=\"_blank\" rel=\"noopener\">S\u00e9minaires de textes<\/a><\/p>\n<p><a href=\"http:\/\/www.sectionclinique-rennes.fr\/nuevo\/themes\/2013-2014\/le-seminaire-detude-et-de-recherche-cercle\/\" target=\"_blank\" rel=\"noopener\">S\u00e9minaire du Cercle<\/a><\/p>\n<hr \/>\n<div class=\"page\" title=\"Page 6\">\n<div class=\"section\">\n<div class=\"layoutArea\">\n<div class=\"column\">\n<h6><\/h6>\n<h3><span style=\"color: #f261a5;\"><strong>Historique des conf\u00e9rences des invit\u00e9s :<\/strong><\/span><\/h3>\n<\/div>\n<\/div>\n<\/div>\n<\/div>\n<ul>\n<li>23 novembre 2013 &#8211; Marie-H\u00e9l\u00e8ne Blancard<\/li>\n<li>14 d\u00e9cembre 2013\u00a0&#8211;\u00a0Nassia Linardou<\/li>\n<li>11 janvier 2014\u00a0&#8211;\u00a0Ana\u00eblle Lebovits Quenehen<\/li>\n<li>8 f\u00e9vrier 2014 &#8211;\u00a0Bernard Porcheret<\/li>\n<li>22 mars 2014\u00a0&#8211;\u00a0Dominique Laurent<\/li>\n<li>12 avril 2014\u00a0&#8211;\u00a0Geert Hoonaert<\/li>\n<li>24 mai 2014\u00a0&#8211; Patricia Johansson-Rosen<\/li>\n<\/ul>\n<p>&nbsp;<\/p>\n<h6 style=\"font-weight: 400;\"><strong><em>Derni\u00e8re modification : 20\/08\/2015<\/em><\/strong><\/h6>\n","protected":false},"excerpt":{"rendered":"<p>Les paradoxes du d\u00e9sir &#8211; Lecture du S\u00e9minaire\u00a0\u00ab\u00a0Le D\u00e9sir et son interpr\u00e9tation\u00a0\u00bb (1) \u00a0 Que montre Lacan ? Que le d\u00e9sir n&rsquo;est pas une fonction biologique ; qu&rsquo;il n&rsquo;est pas coordonn\u00e9 \u00e0 un objet naturel ; que son objet est fantasmatique. De ce fait, le d\u00e9sir est extravagant. Il est\u2026<\/p>\n<p> <a class=\"continue-reading-link\" href=\"http:\/\/www.sectionclinique-rennes.fr\/nuevo\/themes\/2013-2014\/\"><span>Continue reading<\/span><i class=\"crycon-right-dir\"><\/i><\/a> <\/p>\n","protected":false},"author":5,"featured_media":0,"parent":19,"menu_order":8,"comment_status":"closed","ping_status":"closed","template":"","meta":{"_monsterinsights_skip_tracking":false,"_monsterinsights_sitenote_active":false,"_monsterinsights_sitenote_note":"","_monsterinsights_sitenote_category":0,"footnotes":""},"class_list":["post-87","page","type-page","status-publish","hentry"],"yoast_head":"<!-- This site is optimized with the Yoast SEO plugin v25.5 - https:\/\/yoast.com\/wordpress\/plugins\/seo\/ -->\n<title>2013-2014 - La Section clinique de Rennes<\/title>\n<meta name=\"robots\" content=\"index, follow, max-snippet:-1, max-image-preview:large, max-video-preview:-1\" \/>\n<link rel=\"canonical\" href=\"http:\/\/www.sectionclinique-rennes.fr\/nuevo\/themes\/2013-2014\/\" \/>\n<meta property=\"og:locale\" content=\"fr_FR\" \/>\n<meta property=\"og:type\" content=\"article\" \/>\n<meta property=\"og:title\" content=\"2013-2014 - La Section clinique de Rennes\" \/>\n<meta property=\"og:description\" content=\"Les paradoxes du d\u00e9sir &#8211; Lecture du S\u00e9minaire\u00a0\u00ab\u00a0Le D\u00e9sir et son interpr\u00e9tation\u00a0\u00bb (1) \u00a0 Que montre Lacan ? Que le d\u00e9sir n&rsquo;est pas une fonction biologique ; qu&rsquo;il n&rsquo;est pas coordonn\u00e9 \u00e0 un objet naturel ; que son objet est fantasmatique. De ce fait, le d\u00e9sir est extravagant. Il est\u2026 Continue reading\" \/>\n<meta property=\"og:url\" content=\"http:\/\/www.sectionclinique-rennes.fr\/nuevo\/themes\/2013-2014\/\" \/>\n<meta property=\"og:site_name\" content=\"La Section clinique de Rennes\" \/>\n<meta property=\"article:modified_time\" content=\"2022-06-22T13:51:02+00:00\" \/>\n<meta property=\"og:image\" content=\"http:\/\/www.sectionclinique-rennes.fr\/nuevo\/wp-content\/uploads\/2015\/08\/image-00013-212x300.jpg\" \/>\n<meta name=\"twitter:card\" content=\"summary_large_image\" \/>\n<meta name=\"twitter:label1\" content=\"Dur\u00e9e de lecture estim\u00e9e\" \/>\n\t<meta name=\"twitter:data1\" content=\"3 minutes\" \/>\n<script type=\"application\/ld+json\" class=\"yoast-schema-graph\">{\"@context\":\"https:\/\/schema.org\",\"@graph\":[{\"@type\":\"WebPage\",\"@id\":\"http:\/\/www.sectionclinique-rennes.fr\/nuevo\/themes\/2013-2014\/\",\"url\":\"http:\/\/www.sectionclinique-rennes.fr\/nuevo\/themes\/2013-2014\/\",\"name\":\"2013-2014 - La Section clinique de Rennes\",\"isPartOf\":{\"@id\":\"http:\/\/www.sectionclinique-rennes.fr\/nuevo\/#website\"},\"primaryImageOfPage\":{\"@id\":\"http:\/\/www.sectionclinique-rennes.fr\/nuevo\/themes\/2013-2014\/#primaryimage\"},\"image\":{\"@id\":\"http:\/\/www.sectionclinique-rennes.fr\/nuevo\/themes\/2013-2014\/#primaryimage\"},\"thumbnailUrl\":\"http:\/\/www.sectionclinique-rennes.fr\/nuevo\/wp-content\/uploads\/2015\/08\/image-00013-212x300.jpg\",\"datePublished\":\"2015-08-20T21:01:06+00:00\",\"dateModified\":\"2022-06-22T13:51:02+00:00\",\"breadcrumb\":{\"@id\":\"http:\/\/www.sectionclinique-rennes.fr\/nuevo\/themes\/2013-2014\/#breadcrumb\"},\"inLanguage\":\"fr-FR\",\"potentialAction\":[{\"@type\":\"ReadAction\",\"target\":[\"http:\/\/www.sectionclinique-rennes.fr\/nuevo\/themes\/2013-2014\/\"]}]},{\"@type\":\"ImageObject\",\"inLanguage\":\"fr-FR\",\"@id\":\"http:\/\/www.sectionclinique-rennes.fr\/nuevo\/themes\/2013-2014\/#primaryimage\",\"url\":\"http:\/\/www.sectionclinique-rennes.fr\/nuevo\/wp-content\/uploads\/2015\/08\/image-00013.jpg\",\"contentUrl\":\"http:\/\/www.sectionclinique-rennes.fr\/nuevo\/wp-content\/uploads\/2015\/08\/image-00013.jpg\",\"width\":3508,\"height\":4961},{\"@type\":\"BreadcrumbList\",\"@id\":\"http:\/\/www.sectionclinique-rennes.fr\/nuevo\/themes\/2013-2014\/#breadcrumb\",\"itemListElement\":[{\"@type\":\"ListItem\",\"position\":1,\"name\":\"Accueil\",\"item\":\"http:\/\/www.sectionclinique-rennes.fr\/nuevo\/\"},{\"@type\":\"ListItem\",\"position\":2,\"name\":\"Th\u00e8mes\",\"item\":\"https:\/\/www.sectionclinique-rennes.fr\/nuevo\/themes\/\"},{\"@type\":\"ListItem\",\"position\":3,\"name\":\"2013-2014\"}]},{\"@type\":\"WebSite\",\"@id\":\"http:\/\/www.sectionclinique-rennes.fr\/nuevo\/#website\",\"url\":\"http:\/\/www.sectionclinique-rennes.fr\/nuevo\/\",\"name\":\"La Section clinique de Rennes\",\"description\":\"Association UFORCA\",\"publisher\":{\"@id\":\"http:\/\/www.sectionclinique-rennes.fr\/nuevo\/#organization\"},\"potentialAction\":[{\"@type\":\"SearchAction\",\"target\":{\"@type\":\"EntryPoint\",\"urlTemplate\":\"http:\/\/www.sectionclinique-rennes.fr\/nuevo\/?s={search_term_string}\"},\"query-input\":{\"@type\":\"PropertyValueSpecification\",\"valueRequired\":true,\"valueName\":\"search_term_string\"}}],\"inLanguage\":\"fr-FR\"},{\"@type\":\"Organization\",\"@id\":\"http:\/\/www.sectionclinique-rennes.fr\/nuevo\/#organization\",\"name\":\"Section clinique de Rennes - Association UFORCA\",\"url\":\"http:\/\/www.sectionclinique-rennes.fr\/nuevo\/\",\"logo\":{\"@type\":\"ImageObject\",\"inLanguage\":\"fr-FR\",\"@id\":\"http:\/\/www.sectionclinique-rennes.fr\/nuevo\/#\/schema\/logo\/image\/\",\"url\":\"http:\/\/www.sectionclinique-rennes.fr\/nuevo\/wp-content\/uploads\/2015\/08\/logo.png\",\"contentUrl\":\"http:\/\/www.sectionclinique-rennes.fr\/nuevo\/wp-content\/uploads\/2015\/08\/logo.png\",\"width\":1199,\"height\":276,\"caption\":\"Section clinique de Rennes - Association UFORCA\"},\"image\":{\"@id\":\"http:\/\/www.sectionclinique-rennes.fr\/nuevo\/#\/schema\/logo\/image\/\"}}]}<\/script>\n<!-- \/ Yoast SEO plugin. -->","yoast_head_json":{"title":"2013-2014 - La Section clinique de Rennes","robots":{"index":"index","follow":"follow","max-snippet":"max-snippet:-1","max-image-preview":"max-image-preview:large","max-video-preview":"max-video-preview:-1"},"canonical":"http:\/\/www.sectionclinique-rennes.fr\/nuevo\/themes\/2013-2014\/","og_locale":"fr_FR","og_type":"article","og_title":"2013-2014 - La Section clinique de Rennes","og_description":"Les paradoxes du d\u00e9sir &#8211; Lecture du S\u00e9minaire\u00a0\u00ab\u00a0Le D\u00e9sir et son interpr\u00e9tation\u00a0\u00bb (1) \u00a0 Que montre Lacan ? Que le d\u00e9sir n&rsquo;est pas une fonction biologique ; qu&rsquo;il n&rsquo;est pas coordonn\u00e9 \u00e0 un objet naturel ; que son objet est fantasmatique. De ce fait, le d\u00e9sir est extravagant. Il est\u2026 Continue reading","og_url":"http:\/\/www.sectionclinique-rennes.fr\/nuevo\/themes\/2013-2014\/","og_site_name":"La Section clinique de Rennes","article_modified_time":"2022-06-22T13:51:02+00:00","og_image":[{"url":"http:\/\/www.sectionclinique-rennes.fr\/nuevo\/wp-content\/uploads\/2015\/08\/image-00013-212x300.jpg","type":"","width":"","height":""}],"twitter_card":"summary_large_image","twitter_misc":{"Dur\u00e9e de lecture estim\u00e9e":"3 minutes"},"schema":{"@context":"https:\/\/schema.org","@graph":[{"@type":"WebPage","@id":"http:\/\/www.sectionclinique-rennes.fr\/nuevo\/themes\/2013-2014\/","url":"http:\/\/www.sectionclinique-rennes.fr\/nuevo\/themes\/2013-2014\/","name":"2013-2014 - La Section clinique de Rennes","isPartOf":{"@id":"http:\/\/www.sectionclinique-rennes.fr\/nuevo\/#website"},"primaryImageOfPage":{"@id":"http:\/\/www.sectionclinique-rennes.fr\/nuevo\/themes\/2013-2014\/#primaryimage"},"image":{"@id":"http:\/\/www.sectionclinique-rennes.fr\/nuevo\/themes\/2013-2014\/#primaryimage"},"thumbnailUrl":"http:\/\/www.sectionclinique-rennes.fr\/nuevo\/wp-content\/uploads\/2015\/08\/image-00013-212x300.jpg","datePublished":"2015-08-20T21:01:06+00:00","dateModified":"2022-06-22T13:51:02+00:00","breadcrumb":{"@id":"http:\/\/www.sectionclinique-rennes.fr\/nuevo\/themes\/2013-2014\/#breadcrumb"},"inLanguage":"fr-FR","potentialAction":[{"@type":"ReadAction","target":["http:\/\/www.sectionclinique-rennes.fr\/nuevo\/themes\/2013-2014\/"]}]},{"@type":"ImageObject","inLanguage":"fr-FR","@id":"http:\/\/www.sectionclinique-rennes.fr\/nuevo\/themes\/2013-2014\/#primaryimage","url":"http:\/\/www.sectionclinique-rennes.fr\/nuevo\/wp-content\/uploads\/2015\/08\/image-00013.jpg","contentUrl":"http:\/\/www.sectionclinique-rennes.fr\/nuevo\/wp-content\/uploads\/2015\/08\/image-00013.jpg","width":3508,"height":4961},{"@type":"BreadcrumbList","@id":"http:\/\/www.sectionclinique-rennes.fr\/nuevo\/themes\/2013-2014\/#breadcrumb","itemListElement":[{"@type":"ListItem","position":1,"name":"Accueil","item":"http:\/\/www.sectionclinique-rennes.fr\/nuevo\/"},{"@type":"ListItem","position":2,"name":"Th\u00e8mes","item":"https:\/\/www.sectionclinique-rennes.fr\/nuevo\/themes\/"},{"@type":"ListItem","position":3,"name":"2013-2014"}]},{"@type":"WebSite","@id":"http:\/\/www.sectionclinique-rennes.fr\/nuevo\/#website","url":"http:\/\/www.sectionclinique-rennes.fr\/nuevo\/","name":"La Section clinique de Rennes","description":"Association UFORCA","publisher":{"@id":"http:\/\/www.sectionclinique-rennes.fr\/nuevo\/#organization"},"potentialAction":[{"@type":"SearchAction","target":{"@type":"EntryPoint","urlTemplate":"http:\/\/www.sectionclinique-rennes.fr\/nuevo\/?s={search_term_string}"},"query-input":{"@type":"PropertyValueSpecification","valueRequired":true,"valueName":"search_term_string"}}],"inLanguage":"fr-FR"},{"@type":"Organization","@id":"http:\/\/www.sectionclinique-rennes.fr\/nuevo\/#organization","name":"Section clinique de Rennes - Association UFORCA","url":"http:\/\/www.sectionclinique-rennes.fr\/nuevo\/","logo":{"@type":"ImageObject","inLanguage":"fr-FR","@id":"http:\/\/www.sectionclinique-rennes.fr\/nuevo\/#\/schema\/logo\/image\/","url":"http:\/\/www.sectionclinique-rennes.fr\/nuevo\/wp-content\/uploads\/2015\/08\/logo.png","contentUrl":"http:\/\/www.sectionclinique-rennes.fr\/nuevo\/wp-content\/uploads\/2015\/08\/logo.png","width":1199,"height":276,"caption":"Section clinique de Rennes - Association UFORCA"},"image":{"@id":"http:\/\/www.sectionclinique-rennes.fr\/nuevo\/#\/schema\/logo\/image\/"}}]}},"_links":{"self":[{"href":"http:\/\/www.sectionclinique-rennes.fr\/nuevo\/wp-json\/wp\/v2\/pages\/87","targetHints":{"allow":["GET"]}}],"collection":[{"href":"http:\/\/www.sectionclinique-rennes.fr\/nuevo\/wp-json\/wp\/v2\/pages"}],"about":[{"href":"http:\/\/www.sectionclinique-rennes.fr\/nuevo\/wp-json\/wp\/v2\/types\/page"}],"author":[{"embeddable":true,"href":"http:\/\/www.sectionclinique-rennes.fr\/nuevo\/wp-json\/wp\/v2\/users\/5"}],"replies":[{"embeddable":true,"href":"http:\/\/www.sectionclinique-rennes.fr\/nuevo\/wp-json\/wp\/v2\/comments?post=87"}],"version-history":[{"count":37,"href":"http:\/\/www.sectionclinique-rennes.fr\/nuevo\/wp-json\/wp\/v2\/pages\/87\/revisions"}],"predecessor-version":[{"id":2940,"href":"http:\/\/www.sectionclinique-rennes.fr\/nuevo\/wp-json\/wp\/v2\/pages\/87\/revisions\/2940"}],"up":[{"embeddable":true,"href":"http:\/\/www.sectionclinique-rennes.fr\/nuevo\/wp-json\/wp\/v2\/pages\/19"}],"wp:attachment":[{"href":"http:\/\/www.sectionclinique-rennes.fr\/nuevo\/wp-json\/wp\/v2\/media?parent=87"}],"curies":[{"name":"wp","href":"https:\/\/api.w.org\/{rel}","templated":true}]}}