{"id":13,"date":"2015-07-08T17:35:20","date_gmt":"2015-07-08T16:35:20","guid":{"rendered":"http:\/\/www.sectionclinique-rennes.fr\/nuevo\/?page_id=13"},"modified":"2025-12-03T15:50:45","modified_gmt":"2025-12-03T14:50:45","slug":"inscription","status":"publish","type":"page","link":"https:\/\/www.sectionclinique-rennes.fr\/nuevo\/inscription\/","title":{"rendered":"Inscriptions"},"content":{"rendered":"<h4 style=\"text-align: center;\"><span style=\"color: #ff0000;\"><strong>Section clinique \/ Atelier d&rsquo;introduction\/ Vers l&rsquo;institution<\/strong><\/span><\/h4>\n<p>&nbsp;<\/p>\n<h4 style=\"font-weight: 400; text-align: center;\"><span style=\"color: #ff0000;\"><strong>Les inscriptions se font d\u00e9sormais uniquement en ligne via les formulaires ci-dessous.<\/strong><\/span><\/h4>\n<p><a href=\"http:\/\/www.sectionclinique-rennes.fr\/nuevo\/wp-content\/uploads\/2024\/02\/photo-fleche-descendante.jpg\"><br \/>\n<img loading=\"lazy\" decoding=\"async\" class=\"size-full wp-image-3263 aligncenter\" src=\"http:\/\/www.sectionclinique-rennes.fr\/nuevo\/wp-content\/uploads\/2024\/02\/photo-fleche-descendante.jpg\" alt=\"\" width=\"215\" height=\"261\" srcset=\"https:\/\/www.sectionclinique-rennes.fr\/nuevo\/wp-content\/uploads\/2024\/02\/photo-fleche-descendante.jpg 215w, https:\/\/www.sectionclinique-rennes.fr\/nuevo\/wp-content\/uploads\/2024\/02\/photo-fleche-descendante-124x150.jpg 124w\" sizes=\"auto, (max-width: 215px) 100vw, 215px\" \/><\/a><\/p>\n<h5><\/h5>\n<h5 style=\"text-align: center;\"><span style=\"color: #ff0000;\"><strong>N.B<\/strong><\/span><\/h5>\n<h5 style=\"text-align: center;\"><strong><span style=\"color: #ff0000;\">Les inscriptions pour la Section Clinique sont d\u00e9sormais closes.\u00a0<\/span><\/strong><\/h5>\n<p>&nbsp;<\/p>\n<p style=\"font-weight: 400;\">Les modalit\u00e9s de paiement sont indiqu\u00e9es sur les formulaires.<\/p>\n<p style=\"font-weight: 400;\">Pour les inscriptions individuelles, un lien vous sera adress\u00e9 par email pour r\u00e9gler votre inscription en ligne.<\/p>\n<p style=\"font-weight: 400;\">Pour les inscriptions prises en charge par l\u2019employeur, le r\u00e8glement est \u00e0 adresser au secr\u00e9tariat d\u2019UFORCA Rennes<\/p>\n<hr \/>\n<h4><span style=\"color: #008080;\"><strong>Pour s\u2019inscrire \u00e0 la Section clinique\u00a0:<\/strong><\/span><\/h4>\n<ul style=\"text-align: justify;\">\n<li>Conditions<\/li>\n<\/ul>\n<p style=\"text-align: justify;\">Pour \u00eatre admis comme participant de la Section Clinique, il n\u2019est exig\u00e9 aucune condition d\u2019\u00e2ge. Il est, par contre, recommand\u00e9 d\u2019\u00eatre au moins au niveau de la 3e\u00a0ann\u00e9e d\u2019\u00e9tudes sup\u00e9rieures apr\u00e8s la fin des \u00e9tudes secondaires. Des demandes de d\u00e9rogation peuvent cependant \u00eatre faites aupr\u00e8s du Secr\u00e9tariat. Les admissions ne sont prononc\u00e9es qu\u2019apr\u00e8s au moins un entretien du candidat avec un enseignant. Le nombre de places \u00e9tant limit\u00e9, les inscriptions se feront dans l\u2019ordre d\u2019arriv\u00e9e des demandes.<\/p>\n<ul style=\"text-align: justify;\">\n<li>Co\u00fbt de la formation<\/li>\n<\/ul>\n<p style=\"text-align: justify;\">Au titre de la formation permanente : 600\u20ac<br \/>\nA titre individuel : 350\u20ac<br \/>\nPour les \u00e9tudiants de moins de 27 ans (sur justificatifs) et les personnes en recherche d&#8217;emploi : 190\u20ac<\/p>\n<p>&nbsp;<\/p>\n<p style=\"text-align: justify;\"><a href=\"http:\/\/www.sectionclinique-rennes.fr\/nuevo\/wp-content\/uploads\/2025\/08\/Programme-2025-26.pdf\">Programme 2025-2026<\/a><\/p>\n<p>&nbsp;<\/p>\n<p>S&rsquo;il s&rsquo;agit d&rsquo;une <strong><span style=\"color: #ff0000;\">premi\u00e8re inscription<\/span>, <\/strong>nous vous invitions \u00e0 remplir ce formulaire<strong> :<\/strong> <a href=\"https:\/\/docs.google.com\/forms\/d\/e\/1FAIpQLSckYe0bsiuYU-Re3TQHFFHYvkxhJha12D9Dxot7kpDytKNDLQ\/viewform?usp=share_link&amp;ouid=109424944745802177196\">Formulaire Premi\u00e8re inscription<\/a><\/p>\n<p>&nbsp;<\/p>\n<p>Pour les <strong><span style=\"color: #ff0000;\">inscriptions individuelles<\/span>, <\/strong>c&rsquo;est ici :\u00a0<a href=\"https:\/\/docs.google.com\/forms\/d\/e\/1FAIpQLSfSQbIKQgYjObiHkjuTR8JjXs6bvs_oB74xB7WVZQj0D7aHlA\/viewform?usp=share_link&amp;ouid=109424944745802177196\">\u00a0Formulaire Inscriptions individuelles<\/a><\/p>\n<p>&nbsp;<\/p>\n<p>Pour les<span style=\"color: #ff0000;\"><strong> inscriptions prises en charge par l&#8217;employeur<\/strong><\/span> :\u00a0<a href=\"https:\/\/docs.google.com\/forms\/d\/e\/1FAIpQLScPgr-6H-KTk1D0IIklT2s3fC_UHWcMKmiR0AWBd55eZ1z4kQ\/viewform?usp=share_link&amp;ouid=109424944745802177196\">Formulaire Inscriptions prises en charge par l&#8217;employeur<\/a><\/p>\n<h5><\/h5>\n<p>&nbsp;<\/p>\n<hr \/>\n<h4 style=\"text-align: justify;\"><span style=\"color: #333399;\"><strong>Pour s\u2019inscrire aux ateliers d\u2019introduction \u00e0 la psychanalyse\u00a0:<\/strong><\/span><\/h4>\n<p>&nbsp;<\/p>\n<ul style=\"text-align: justify;\">\n<li>Conditions<\/li>\n<\/ul>\n<p style=\"text-align: justify;\">Toute personne int\u00e9ress\u00e9e : professionnels, \u00e9tudiants en m\u00e9decine, en philosophie, lettres, psychologie ou inscrits en \u00e9coles d\u2019\u00e9ducateurs, d\u2019orthophonistes, d\u2019infirmiers, d\u2019assistants sociaux, etc.<\/p>\n<ul style=\"text-align: justify;\">\n<li>Co\u00fbt de la formation<\/li>\n<\/ul>\n<p style=\"text-align: justify;\">Inscription personnelle : 40\u20ac<br \/>\nPrise en charge par une institution : 80\u20ac<\/p>\n<p>&nbsp;<\/p>\n<p style=\"text-align: justify;\"><a href=\"http:\/\/www.sectionclinique-rennes.fr\/nuevo\/wp-content\/uploads\/2025\/07\/Programme-AIP-25-26.pdf\">Atelier introduction 2025-26<\/a><\/p>\n<p>&nbsp;<\/p>\n<p>Pour les <strong><span style=\"color: #ff0000;\">inscriptions individuelles<\/span><\/strong>i: <a href=\"https:\/\/docs.google.com\/forms\/d\/e\/1FAIpQLSd-f2TM0fi_ydziMoYnysqA9ukmTDwxGiS8pv3_Kud70jeioA\/viewform?usp=share_link&amp;ouid=109424944745802177196\">Formulaire Inscriptions individuelles<\/a><\/p>\n<p>&nbsp;<\/p>\n<p>Pour les<span style=\"color: #ff0000;\"><strong> inscriptions prises en charge par l&#8217;employeur<\/strong><\/span> :\u00a0<a href=\"https:\/\/docs.google.com\/forms\/d\/e\/1FAIpQLScWe5-Vp_WnX-SqJsWsWfRuO7FUz5Xg8Cg1Z4Ucp9iUFbCl0w\/viewform?usp=share_link&amp;ouid=109424944745802177196\">Formulaire Inscriptions prises en charge par l&#8217;employeur<\/a><\/p>\n<p>&nbsp;<\/p>\n<p>Si vous souhaitez des informations concernant les ateliers d&rsquo;introduction \u00e0 la psychanalyse, vous pouvez nous contacter \u00e0 l&rsquo;adresse suivante : sectionclinique35@gmail.com<\/p>\n<p>&nbsp;<\/p>\n<hr \/>\n<h4 style=\"text-align: justify;\"><span style=\"color: #000000;\"><strong>Pour s&rsquo;inscrire \u00e0 l&rsquo;extension de la formation de la Section clinique de Rennes\/UFORCA \u00ab\u00a0Vers l&rsquo;institution\u00a0\u00bb :\u00a0<\/strong><\/span><\/h4>\n<p>&nbsp;<\/p>\n<div class=\"page\" title=\"Page 4\">\n<div class=\"section\">\n<div class=\"layoutArea\">\n<div class=\"column\">\n<p>MONTANT DE L\u2019INSCRIPTION : <em>Prise en charge par l\u2019institution<\/em> :\u00a060 \u20ac par demi-journe\u0301e ; 120\u20ac les deux demi-journ\u00e9es; 180 \u20ac pour les trois demi-journe\u0301es<\/p>\n<p><em>A\u0300 titre personnel<\/em> : 40 \u20ac par demi-journe\u0301e ; 70\u20ac les deux demi-journ\u00e9es; \u00a0100 \u20ac pour les trois demi-journe\u0301es<\/p>\n<p><a href=\"http:\/\/www.sectionclinique-rennes.fr\/nuevo\/wp-content\/uploads\/2025\/12\/VLI-2026.pdf\">Programme 2026<\/a><\/p>\n<\/div>\n<p><a href=\"https:\/\/docs.google.com\/forms\/d\/e\/1FAIpQLScNhTFgN7BqU4doUv9wvRh3SpI0RWVTgydNJNmb9KJxyobf9g\/viewform?usp=share_link&amp;ouid=109424944745802177196\">Formulaire Inscriptions individuelles<\/a><\/p>\n<p><a href=\"https:\/\/docs.google.com\/forms\/d\/e\/1FAIpQLSfeXAB-bnFE8BaB7WBEBD8dsSi1qwks6VYUtrefD_iblOKOkA\/viewform?usp=share_link&amp;ouid=109424944745802177196\">Formulaire Inscriptions prises en charge par l&#8217;employeur<\/a><\/p>\n<h5><\/h5>\n<h6><strong style=\"font-size: 0.906em;\"><em>Derni\u00e8re modification : 03\/12\/2025<\/em><\/strong><\/h6>\n<\/div>\n<\/div>\n<\/div>\n","protected":false},"excerpt":{"rendered":"<p>Section clinique \/ Atelier d&rsquo;introduction\/ Vers l&rsquo;institution &nbsp; Les inscriptions se font d\u00e9sormais uniquement en ligne via les formulaires ci-dessous. N.B Les inscriptions pour la Section Clinique sont d\u00e9sormais closes.\u00a0 &nbsp; Les modalit\u00e9s de paiement sont indiqu\u00e9es sur les formulaires. Pour les inscriptions individuelles, un lien vous sera adress\u00e9 par\u2026<\/p>\n<p> <a class=\"continue-reading-link\" href=\"https:\/\/www.sectionclinique-rennes.fr\/nuevo\/inscription\/\"><span>Continue reading<\/span><i class=\"crycon-right-dir\"><\/i><\/a> <\/p>\n","protected":false},"author":5,"featured_media":0,"parent":0,"menu_order":1,"comment_status":"closed","ping_status":"closed","template":"","meta":{"_monsterinsights_skip_tracking":false,"_monsterinsights_sitenote_active":false,"_monsterinsights_sitenote_note":"","_monsterinsights_sitenote_category":0,"footnotes":""},"class_list":["post-13","page","type-page","status-publish","hentry"],"yoast_head":"<!-- This site is optimized with the Yoast SEO plugin v25.5 - https:\/\/yoast.com\/wordpress\/plugins\/seo\/ -->\n<title>Inscriptions - La Section clinique de Rennes<\/title>\n<meta name=\"robots\" content=\"index, follow, max-snippet:-1, max-image-preview:large, max-video-preview:-1\" \/>\n<link rel=\"canonical\" href=\"http:\/\/www.sectionclinique-rennes.fr\/nuevo\/inscription\/\" \/>\n<meta property=\"og:locale\" content=\"fr_FR\" \/>\n<meta property=\"og:type\" content=\"article\" \/>\n<meta property=\"og:title\" content=\"Inscriptions - La Section clinique de Rennes\" \/>\n<meta property=\"og:description\" content=\"Section clinique \/ Atelier d&rsquo;introduction\/ Vers l&rsquo;institution &nbsp; Les inscriptions se font d\u00e9sormais uniquement en ligne via les formulaires ci-dessous. N.B Les inscriptions pour la Section Clinique sont d\u00e9sormais closes.\u00a0 &nbsp; Les modalit\u00e9s de paiement sont indiqu\u00e9es sur les formulaires. Pour les inscriptions individuelles, un lien vous sera adress\u00e9 par\u2026 Continue reading\" \/>\n<meta property=\"og:url\" content=\"http:\/\/www.sectionclinique-rennes.fr\/nuevo\/inscription\/\" \/>\n<meta property=\"og:site_name\" content=\"La Section clinique de Rennes\" \/>\n<meta property=\"article:modified_time\" content=\"2025-12-03T14:50:45+00:00\" \/>\n<meta property=\"og:image\" content=\"http:\/\/www.sectionclinique-rennes.fr\/nuevo\/wp-content\/uploads\/2024\/02\/photo-fleche-descendante.jpg\" \/>\n<meta name=\"twitter:card\" content=\"summary_large_image\" \/>\n<meta name=\"twitter:label1\" content=\"Dur\u00e9e de lecture estim\u00e9e\" \/>\n\t<meta name=\"twitter:data1\" content=\"3 minutes\" \/>\n<script type=\"application\/ld+json\" class=\"yoast-schema-graph\">{\"@context\":\"https:\/\/schema.org\",\"@graph\":[{\"@type\":\"WebPage\",\"@id\":\"http:\/\/www.sectionclinique-rennes.fr\/nuevo\/inscription\/\",\"url\":\"http:\/\/www.sectionclinique-rennes.fr\/nuevo\/inscription\/\",\"name\":\"Inscriptions - La Section clinique de Rennes\",\"isPartOf\":{\"@id\":\"http:\/\/www.sectionclinique-rennes.fr\/nuevo\/#website\"},\"primaryImageOfPage\":{\"@id\":\"http:\/\/www.sectionclinique-rennes.fr\/nuevo\/inscription\/#primaryimage\"},\"image\":{\"@id\":\"http:\/\/www.sectionclinique-rennes.fr\/nuevo\/inscription\/#primaryimage\"},\"thumbnailUrl\":\"http:\/\/www.sectionclinique-rennes.fr\/nuevo\/wp-content\/uploads\/2024\/02\/photo-fleche-descendante.jpg\",\"datePublished\":\"2015-07-08T16:35:20+00:00\",\"dateModified\":\"2025-12-03T14:50:45+00:00\",\"breadcrumb\":{\"@id\":\"http:\/\/www.sectionclinique-rennes.fr\/nuevo\/inscription\/#breadcrumb\"},\"inLanguage\":\"fr-FR\",\"potentialAction\":[{\"@type\":\"ReadAction\",\"target\":[\"http:\/\/www.sectionclinique-rennes.fr\/nuevo\/inscription\/\"]}]},{\"@type\":\"ImageObject\",\"inLanguage\":\"fr-FR\",\"@id\":\"http:\/\/www.sectionclinique-rennes.fr\/nuevo\/inscription\/#primaryimage\",\"url\":\"https:\/\/www.sectionclinique-rennes.fr\/nuevo\/wp-content\/uploads\/2024\/02\/photo-fleche-descendante.jpg\",\"contentUrl\":\"https:\/\/www.sectionclinique-rennes.fr\/nuevo\/wp-content\/uploads\/2024\/02\/photo-fleche-descendante.jpg\",\"width\":215,\"height\":261},{\"@type\":\"BreadcrumbList\",\"@id\":\"http:\/\/www.sectionclinique-rennes.fr\/nuevo\/inscription\/#breadcrumb\",\"itemListElement\":[{\"@type\":\"ListItem\",\"position\":1,\"name\":\"Accueil\",\"item\":\"http:\/\/www.sectionclinique-rennes.fr\/nuevo\/\"},{\"@type\":\"ListItem\",\"position\":2,\"name\":\"Inscriptions\"}]},{\"@type\":\"WebSite\",\"@id\":\"http:\/\/www.sectionclinique-rennes.fr\/nuevo\/#website\",\"url\":\"http:\/\/www.sectionclinique-rennes.fr\/nuevo\/\",\"name\":\"La Section clinique de Rennes\",\"description\":\"Association UFORCA\",\"publisher\":{\"@id\":\"http:\/\/www.sectionclinique-rennes.fr\/nuevo\/#organization\"},\"potentialAction\":[{\"@type\":\"SearchAction\",\"target\":{\"@type\":\"EntryPoint\",\"urlTemplate\":\"http:\/\/www.sectionclinique-rennes.fr\/nuevo\/?s={search_term_string}\"},\"query-input\":{\"@type\":\"PropertyValueSpecification\",\"valueRequired\":true,\"valueName\":\"search_term_string\"}}],\"inLanguage\":\"fr-FR\"},{\"@type\":\"Organization\",\"@id\":\"http:\/\/www.sectionclinique-rennes.fr\/nuevo\/#organization\",\"name\":\"Section clinique de Rennes - Association UFORCA\",\"url\":\"http:\/\/www.sectionclinique-rennes.fr\/nuevo\/\",\"logo\":{\"@type\":\"ImageObject\",\"inLanguage\":\"fr-FR\",\"@id\":\"http:\/\/www.sectionclinique-rennes.fr\/nuevo\/#\/schema\/logo\/image\/\",\"url\":\"http:\/\/www.sectionclinique-rennes.fr\/nuevo\/wp-content\/uploads\/2015\/08\/logo.png\",\"contentUrl\":\"http:\/\/www.sectionclinique-rennes.fr\/nuevo\/wp-content\/uploads\/2015\/08\/logo.png\",\"width\":1199,\"height\":276,\"caption\":\"Section clinique de Rennes - Association UFORCA\"},\"image\":{\"@id\":\"http:\/\/www.sectionclinique-rennes.fr\/nuevo\/#\/schema\/logo\/image\/\"}}]}<\/script>\n<!-- \/ Yoast SEO plugin. -->","yoast_head_json":{"title":"Inscriptions - La Section clinique de Rennes","robots":{"index":"index","follow":"follow","max-snippet":"max-snippet:-1","max-image-preview":"max-image-preview:large","max-video-preview":"max-video-preview:-1"},"canonical":"http:\/\/www.sectionclinique-rennes.fr\/nuevo\/inscription\/","og_locale":"fr_FR","og_type":"article","og_title":"Inscriptions - La Section clinique de Rennes","og_description":"Section clinique \/ Atelier d&rsquo;introduction\/ Vers l&rsquo;institution &nbsp; Les inscriptions se font d\u00e9sormais uniquement en ligne via les formulaires ci-dessous. N.B Les inscriptions pour la Section Clinique sont d\u00e9sormais closes.\u00a0 &nbsp; Les modalit\u00e9s de paiement sont indiqu\u00e9es sur les formulaires. Pour les inscriptions individuelles, un lien vous sera adress\u00e9 par\u2026 Continue reading","og_url":"http:\/\/www.sectionclinique-rennes.fr\/nuevo\/inscription\/","og_site_name":"La Section clinique de Rennes","article_modified_time":"2025-12-03T14:50:45+00:00","og_image":[{"url":"http:\/\/www.sectionclinique-rennes.fr\/nuevo\/wp-content\/uploads\/2024\/02\/photo-fleche-descendante.jpg","type":"","width":"","height":""}],"twitter_card":"summary_large_image","twitter_misc":{"Dur\u00e9e de lecture estim\u00e9e":"3 minutes"},"schema":{"@context":"https:\/\/schema.org","@graph":[{"@type":"WebPage","@id":"http:\/\/www.sectionclinique-rennes.fr\/nuevo\/inscription\/","url":"http:\/\/www.sectionclinique-rennes.fr\/nuevo\/inscription\/","name":"Inscriptions - La Section clinique de Rennes","isPartOf":{"@id":"http:\/\/www.sectionclinique-rennes.fr\/nuevo\/#website"},"primaryImageOfPage":{"@id":"http:\/\/www.sectionclinique-rennes.fr\/nuevo\/inscription\/#primaryimage"},"image":{"@id":"http:\/\/www.sectionclinique-rennes.fr\/nuevo\/inscription\/#primaryimage"},"thumbnailUrl":"http:\/\/www.sectionclinique-rennes.fr\/nuevo\/wp-content\/uploads\/2024\/02\/photo-fleche-descendante.jpg","datePublished":"2015-07-08T16:35:20+00:00","dateModified":"2025-12-03T14:50:45+00:00","breadcrumb":{"@id":"http:\/\/www.sectionclinique-rennes.fr\/nuevo\/inscription\/#breadcrumb"},"inLanguage":"fr-FR","potentialAction":[{"@type":"ReadAction","target":["http:\/\/www.sectionclinique-rennes.fr\/nuevo\/inscription\/"]}]},{"@type":"ImageObject","inLanguage":"fr-FR","@id":"http:\/\/www.sectionclinique-rennes.fr\/nuevo\/inscription\/#primaryimage","url":"https:\/\/www.sectionclinique-rennes.fr\/nuevo\/wp-content\/uploads\/2024\/02\/photo-fleche-descendante.jpg","contentUrl":"https:\/\/www.sectionclinique-rennes.fr\/nuevo\/wp-content\/uploads\/2024\/02\/photo-fleche-descendante.jpg","width":215,"height":261},{"@type":"BreadcrumbList","@id":"http:\/\/www.sectionclinique-rennes.fr\/nuevo\/inscription\/#breadcrumb","itemListElement":[{"@type":"ListItem","position":1,"name":"Accueil","item":"http:\/\/www.sectionclinique-rennes.fr\/nuevo\/"},{"@type":"ListItem","position":2,"name":"Inscriptions"}]},{"@type":"WebSite","@id":"http:\/\/www.sectionclinique-rennes.fr\/nuevo\/#website","url":"http:\/\/www.sectionclinique-rennes.fr\/nuevo\/","name":"La Section clinique de Rennes","description":"Association UFORCA","publisher":{"@id":"http:\/\/www.sectionclinique-rennes.fr\/nuevo\/#organization"},"potentialAction":[{"@type":"SearchAction","target":{"@type":"EntryPoint","urlTemplate":"http:\/\/www.sectionclinique-rennes.fr\/nuevo\/?s={search_term_string}"},"query-input":{"@type":"PropertyValueSpecification","valueRequired":true,"valueName":"search_term_string"}}],"inLanguage":"fr-FR"},{"@type":"Organization","@id":"http:\/\/www.sectionclinique-rennes.fr\/nuevo\/#organization","name":"Section clinique de Rennes - Association UFORCA","url":"http:\/\/www.sectionclinique-rennes.fr\/nuevo\/","logo":{"@type":"ImageObject","inLanguage":"fr-FR","@id":"http:\/\/www.sectionclinique-rennes.fr\/nuevo\/#\/schema\/logo\/image\/","url":"http:\/\/www.sectionclinique-rennes.fr\/nuevo\/wp-content\/uploads\/2015\/08\/logo.png","contentUrl":"http:\/\/www.sectionclinique-rennes.fr\/nuevo\/wp-content\/uploads\/2015\/08\/logo.png","width":1199,"height":276,"caption":"Section clinique de Rennes - Association UFORCA"},"image":{"@id":"http:\/\/www.sectionclinique-rennes.fr\/nuevo\/#\/schema\/logo\/image\/"}}]}},"_links":{"self":[{"href":"https:\/\/www.sectionclinique-rennes.fr\/nuevo\/wp-json\/wp\/v2\/pages\/13","targetHints":{"allow":["GET"]}}],"collection":[{"href":"https:\/\/www.sectionclinique-rennes.fr\/nuevo\/wp-json\/wp\/v2\/pages"}],"about":[{"href":"https:\/\/www.sectionclinique-rennes.fr\/nuevo\/wp-json\/wp\/v2\/types\/page"}],"author":[{"embeddable":true,"href":"https:\/\/www.sectionclinique-rennes.fr\/nuevo\/wp-json\/wp\/v2\/users\/5"}],"replies":[{"embeddable":true,"href":"https:\/\/www.sectionclinique-rennes.fr\/nuevo\/wp-json\/wp\/v2\/comments?post=13"}],"version-history":[{"count":151,"href":"https:\/\/www.sectionclinique-rennes.fr\/nuevo\/wp-json\/wp\/v2\/pages\/13\/revisions"}],"predecessor-version":[{"id":3518,"href":"https:\/\/www.sectionclinique-rennes.fr\/nuevo\/wp-json\/wp\/v2\/pages\/13\/revisions\/3518"}],"wp:attachment":[{"href":"https:\/\/www.sectionclinique-rennes.fr\/nuevo\/wp-json\/wp\/v2\/media?parent=13"}],"curies":[{"name":"wp","href":"https:\/\/api.w.org\/{rel}","templated":true}]}}