{"id":1719,"date":"2016-12-05T23:46:26","date_gmt":"2016-12-05T22:46:26","guid":{"rendered":"http:\/\/www.sectionclinique-rennes.fr\/nuevo\/?page_id=1719"},"modified":"2025-12-03T15:52:34","modified_gmt":"2025-12-03T14:52:34","slug":"extension-vers-linstitution","status":"publish","type":"page","link":"https:\/\/www.sectionclinique-rennes.fr\/nuevo\/etudes\/extension-vers-linstitution\/","title":{"rendered":"Extension !"},"content":{"rendered":"<div class=\"page\" title=\"Page 1\">\n<div class=\"layoutArea\">\n<div class=\"column\">\n<h1 style=\"text-align: justify;\"><span style=\"color: #993366;\"><strong>Vers l\u2019institution<\/strong><\/span><\/h1>\n<p style=\"text-align: justify;\"><span style=\"color: #993366;\">Extension de la Section Clinique de Rennes<\/span><\/p>\n<p style=\"text-align: justify;\">\n<\/div>\n<\/div>\n<\/div>\n<div class=\"page\" title=\"Page 1\">\n<div class=\"layoutArea\">\n<div><\/div>\n<\/div>\n<\/div>\n<h3 style=\"text-align: justify;\"><span style=\"color: #993366;\"><strong>Comment faire en institution avec le mal \u00eatre contemporain ?<\/strong><\/span><\/h3>\n<div class=\"page\" title=\"Page 1\">\n<div class=\"layoutArea\">\n<div class=\"column\">\n<div class=\"page\" title=\"Page 1\">\n<div class=\"layoutArea\">\n<div class=\"column\">\n<div class=\"page\" style=\"text-align: justify;\" title=\"Page 2\">\n<div class=\"layoutArea\">\n<div class=\"column\">\n<p>Les institutions m\u00e9dicales, \u00e9ducatives, m\u00e9dico-sociales re\u00e7oivent aujourd\u2019hui des patients ou des \u00ab usagers \u00bb qui mettent leur personnel \u00e0 rude \u00e9preuve. Qu\u2019il s\u2019agisse d\u2019enfants, d\u2019adolescents, d\u2019adultes ou de personnes \u00e2g\u00e9es, les sympt\u00f4mes et les difficult\u00e9s subjectives laissent les professionnels dans un sentiment d\u2019impuissance voire de solitude lorsque la parole, le rappel de la loi ou le m\u00e9dicament ne suffisent plus.<\/p>\n<p>La t\u00e2che qui incombe aux psychologues, et en g\u00e9n\u00e9ral aux professionnels, est de plus en plus lourde : pris entre les diff\u00e9rentes options th\u00e9rapeutiques et les contraintes \u00e9conomiques de l\u2019institution ils ont du mal \u00e0 s\u2019orienter dans leur pratique.<\/p>\n<p>Or, il arrive de plus en plus que des patients gouvern\u00e9s par la pulsion qui pousse \u00e0 la jouissance imm\u00e9diate ne puissent pas interpr\u00e9ter l\u2019offre ou la demande de l\u2019institution comme une aide, ils d\u00e9missionnent ou passent \u00e0 l\u2019acte.<\/p>\n<p>Les dispositifs \u00e9ducatifs et th\u00e9rapeutiques butent sur un impossible qui fait \u00e9nigme :<\/p>\n<p>quelque chose chez les patients se refuse \u00e0 entrer dans le discours de l\u2019Autre. Ils ne parviennent pas \u00e0 se justifier autrement que par un \u00ab c\u2019est plus fort que moi \u00bb ou \u00ab je ne sais pas pourquoi \u00bb.<\/p>\n<p>Comment r\u00e9pondre \u00e0 ces situations \u00ab d\u2019urgence subjective \u00bb ?<\/p>\n<p>Posons une hypoth\u00e8se : l\u2019insupportable que provoque, chez les praticiens, la \u00ab r\u00e9sistance \u00bb du patient est la r\u00e9sonance d\u2019un impossible dont celui-ci est prisonnier.<\/p>\n<p>La d\u00e9marche clinique de la psychanalyse s\u2019oriente \u00e0 partir de ce qui est insupportable pour le sujet, soit le r\u00e9el qui l\u2019envahit ou le pers\u00e9cute selon les cas, et dont il ne parvient pas \u00e0 se d\u00e9fendre.<\/p>\n<p>Elle permet de rep\u00e9rer l\u2019\u00e9conomie pulsionnelle qui d\u00e9termine, pour chacun, sa fa\u00e7on particuli\u00e8re de faire lien avec l\u2019Autre, de s\u2019en d\u00e9brancher ou de passer \u00e0 l\u2019acte. S\u2019en d\u00e9duit un dispositif de travail et de relation adapt\u00e9 \u00e0 chaque cas et tenant compte des traits d\u2019\u00e9tranget\u00e9 que pr\u00e9sente le patient. C\u2019est ainsi que la psychanalyse se sert de ce qui fait sympt\u00f4me comme levier.<\/p>\n<p>Le pari clinique est de rejoindre le sujet l\u00e0 o\u00f9 l\u2019individu ne peut dire ce qui lui arrive, en lui proposant une pr\u00e9sence qui lui permette de contrer la pulsion de mort et de renouer avec le vivant \u00e0 partir des d\u00e9tails de son lien aux objets, au corps et \u00e0 l\u2019Autre&#8230; L\u2019essentiel \u00e9tant que le dispositif r\u00e9ponde \u00e0 la logique singuli\u00e8re du cas.<\/p>\n<p>Patients et professionnels ont chance d\u2019y trouver un traitement de l\u2019angoisse permettant peut-\u00eatre de moins subir l\u2019insupportable et de mieux supporter l\u2019impossible.<\/p>\n<p><a href=\"http:\/\/www.sectionclinique-rennes.fr\/nuevo\/wp-content\/uploads\/2025\/12\/VLI-2026.pdf\">Plaquette 2026<\/a><\/p>\n<hr \/>\n<\/div>\n<\/div>\n<\/div>\n<p style=\"text-align: justify;\">Trois apr\u00e8s-midis propos\u00e9es par la Section Clinique de Rennes<\/p>\n<p style=\"text-align: justify;\">Module organis\u00e9 dans le cadre des activit\u00e9s\u00a0de l\u2019Association Uforca-Rennes pour la formation permanente.<\/p>\n<p style=\"text-align: justify;\"><strong>Renseignements :<\/strong>\u00a0lemercier.am@wanadoo.fr<\/p>\n<hr \/>\n<div class=\"page\" title=\"Page 3\">\n<div class=\"section\">\n<div class=\"layoutArea\">\n<div class=\"column\">\n<h4 style=\"text-align: center;\"><strong>Pour s&rsquo;inscrire rem<\/strong><strong>plir <\/strong><strong>le formulaire en ligne<\/strong><\/h4>\n<p>&nbsp;<\/p>\n<p><a href=\"https:\/\/docs.google.com\/forms\/d\/e\/1FAIpQLSfeXAB-bnFE8BaB7WBEBD8dsSi1qwks6VYUtrefD_iblOKOkA\/viewform?usp=share_link&amp;ouid=109424944745802177196\">Inscription prise en charge par l&rsquo;institution<\/a><\/p>\n<p><a href=\"https:\/\/docs.google.com\/forms\/d\/e\/1FAIpQLScNhTFgN7BqU4doUv9wvRh3SpI0RWVTgydNJNmb9KJxyobf9g\/viewform?usp=share_link&amp;ouid=109424944745802177196\">Inscription individuelle<\/a><\/p>\n<p>&nbsp;<\/p>\n<p><strong style=\"font-size: 0.906em;\"><em>Derni\u00e8re modification : 3\/12\/2025<\/em><\/strong><\/p>\n<\/div>\n<\/div>\n<\/div>\n<\/div>\n<\/div>\n<\/div>\n<\/div>\n<\/div>\n<\/div>\n<\/div>\n","protected":false},"excerpt":{"rendered":"<p>Vers l\u2019institution Extension de la Section Clinique de Rennes Comment faire en institution avec le mal \u00eatre contemporain ? Les institutions m\u00e9dicales, \u00e9ducatives, m\u00e9dico-sociales re\u00e7oivent aujourd\u2019hui des patients ou des \u00ab usagers \u00bb qui mettent leur personnel \u00e0 rude \u00e9preuve. Qu\u2019il s\u2019agisse d\u2019enfants, d\u2019adolescents, d\u2019adultes ou de personnes \u00e2g\u00e9es, les\u2026<\/p>\n<p> <a class=\"continue-reading-link\" href=\"https:\/\/www.sectionclinique-rennes.fr\/nuevo\/etudes\/extension-vers-linstitution\/\"><span>Continue reading<\/span><i class=\"crycon-right-dir\"><\/i><\/a> <\/p>\n","protected":false},"author":5,"featured_media":0,"parent":16,"menu_order":1,"comment_status":"closed","ping_status":"closed","template":"","meta":{"_monsterinsights_skip_tracking":false,"_monsterinsights_sitenote_active":false,"_monsterinsights_sitenote_note":"","_monsterinsights_sitenote_category":0,"footnotes":""},"class_list":["post-1719","page","type-page","status-publish","hentry"],"yoast_head":"<!-- This site is optimized with the Yoast SEO plugin v25.5 - https:\/\/yoast.com\/wordpress\/plugins\/seo\/ -->\n<title>Extension ! - La Section clinique de Rennes<\/title>\n<meta name=\"robots\" content=\"index, follow, max-snippet:-1, max-image-preview:large, max-video-preview:-1\" \/>\n<link rel=\"canonical\" href=\"http:\/\/www.sectionclinique-rennes.fr\/nuevo\/etudes\/extension-vers-linstitution\/\" \/>\n<meta property=\"og:locale\" content=\"fr_FR\" \/>\n<meta property=\"og:type\" content=\"article\" \/>\n<meta property=\"og:title\" content=\"Extension ! - La Section clinique de Rennes\" \/>\n<meta property=\"og:description\" content=\"Vers l\u2019institution Extension de la Section Clinique de Rennes Comment faire en institution avec le mal \u00eatre contemporain ? Les institutions m\u00e9dicales, \u00e9ducatives, m\u00e9dico-sociales re\u00e7oivent aujourd\u2019hui des patients ou des \u00ab usagers \u00bb qui mettent leur personnel \u00e0 rude \u00e9preuve. Qu\u2019il s\u2019agisse d\u2019enfants, d\u2019adolescents, d\u2019adultes ou de personnes \u00e2g\u00e9es, les\u2026 Continue reading\" \/>\n<meta property=\"og:url\" content=\"http:\/\/www.sectionclinique-rennes.fr\/nuevo\/etudes\/extension-vers-linstitution\/\" \/>\n<meta property=\"og:site_name\" content=\"La Section clinique de Rennes\" \/>\n<meta property=\"article:modified_time\" content=\"2025-12-03T14:52:34+00:00\" \/>\n<meta name=\"twitter:card\" content=\"summary_large_image\" \/>\n<meta name=\"twitter:label1\" content=\"Dur\u00e9e de lecture estim\u00e9e\" \/>\n\t<meta name=\"twitter:data1\" content=\"3 minutes\" \/>\n<script type=\"application\/ld+json\" class=\"yoast-schema-graph\">{\"@context\":\"https:\/\/schema.org\",\"@graph\":[{\"@type\":\"WebPage\",\"@id\":\"http:\/\/www.sectionclinique-rennes.fr\/nuevo\/etudes\/extension-vers-linstitution\/\",\"url\":\"http:\/\/www.sectionclinique-rennes.fr\/nuevo\/etudes\/extension-vers-linstitution\/\",\"name\":\"Extension ! - La Section clinique de Rennes\",\"isPartOf\":{\"@id\":\"http:\/\/www.sectionclinique-rennes.fr\/nuevo\/#website\"},\"datePublished\":\"2016-12-05T22:46:26+00:00\",\"dateModified\":\"2025-12-03T14:52:34+00:00\",\"breadcrumb\":{\"@id\":\"http:\/\/www.sectionclinique-rennes.fr\/nuevo\/etudes\/extension-vers-linstitution\/#breadcrumb\"},\"inLanguage\":\"fr-FR\",\"potentialAction\":[{\"@type\":\"ReadAction\",\"target\":[\"http:\/\/www.sectionclinique-rennes.fr\/nuevo\/etudes\/extension-vers-linstitution\/\"]}]},{\"@type\":\"BreadcrumbList\",\"@id\":\"http:\/\/www.sectionclinique-rennes.fr\/nuevo\/etudes\/extension-vers-linstitution\/#breadcrumb\",\"itemListElement\":[{\"@type\":\"ListItem\",\"position\":1,\"name\":\"Accueil\",\"item\":\"http:\/\/www.sectionclinique-rennes.fr\/nuevo\/\"},{\"@type\":\"ListItem\",\"position\":2,\"name\":\"Pr\u00e9sentation\",\"item\":\"http:\/\/www.sectionclinique-rennes.fr\/nuevo\/etudes\/\"},{\"@type\":\"ListItem\",\"position\":3,\"name\":\"Extension !\"}]},{\"@type\":\"WebSite\",\"@id\":\"http:\/\/www.sectionclinique-rennes.fr\/nuevo\/#website\",\"url\":\"http:\/\/www.sectionclinique-rennes.fr\/nuevo\/\",\"name\":\"La Section clinique de Rennes\",\"description\":\"Association UFORCA\",\"publisher\":{\"@id\":\"http:\/\/www.sectionclinique-rennes.fr\/nuevo\/#organization\"},\"potentialAction\":[{\"@type\":\"SearchAction\",\"target\":{\"@type\":\"EntryPoint\",\"urlTemplate\":\"http:\/\/www.sectionclinique-rennes.fr\/nuevo\/?s={search_term_string}\"},\"query-input\":{\"@type\":\"PropertyValueSpecification\",\"valueRequired\":true,\"valueName\":\"search_term_string\"}}],\"inLanguage\":\"fr-FR\"},{\"@type\":\"Organization\",\"@id\":\"http:\/\/www.sectionclinique-rennes.fr\/nuevo\/#organization\",\"name\":\"Section clinique de Rennes - Association UFORCA\",\"url\":\"http:\/\/www.sectionclinique-rennes.fr\/nuevo\/\",\"logo\":{\"@type\":\"ImageObject\",\"inLanguage\":\"fr-FR\",\"@id\":\"http:\/\/www.sectionclinique-rennes.fr\/nuevo\/#\/schema\/logo\/image\/\",\"url\":\"http:\/\/www.sectionclinique-rennes.fr\/nuevo\/wp-content\/uploads\/2015\/08\/logo.png\",\"contentUrl\":\"http:\/\/www.sectionclinique-rennes.fr\/nuevo\/wp-content\/uploads\/2015\/08\/logo.png\",\"width\":1199,\"height\":276,\"caption\":\"Section clinique de Rennes - Association UFORCA\"},\"image\":{\"@id\":\"http:\/\/www.sectionclinique-rennes.fr\/nuevo\/#\/schema\/logo\/image\/\"}}]}<\/script>\n<!-- \/ Yoast SEO plugin. -->","yoast_head_json":{"title":"Extension ! - La Section clinique de Rennes","robots":{"index":"index","follow":"follow","max-snippet":"max-snippet:-1","max-image-preview":"max-image-preview:large","max-video-preview":"max-video-preview:-1"},"canonical":"http:\/\/www.sectionclinique-rennes.fr\/nuevo\/etudes\/extension-vers-linstitution\/","og_locale":"fr_FR","og_type":"article","og_title":"Extension ! - La Section clinique de Rennes","og_description":"Vers l\u2019institution Extension de la Section Clinique de Rennes Comment faire en institution avec le mal \u00eatre contemporain ? Les institutions m\u00e9dicales, \u00e9ducatives, m\u00e9dico-sociales re\u00e7oivent aujourd\u2019hui des patients ou des \u00ab usagers \u00bb qui mettent leur personnel \u00e0 rude \u00e9preuve. Qu\u2019il s\u2019agisse d\u2019enfants, d\u2019adolescents, d\u2019adultes ou de personnes \u00e2g\u00e9es, les\u2026 Continue reading","og_url":"http:\/\/www.sectionclinique-rennes.fr\/nuevo\/etudes\/extension-vers-linstitution\/","og_site_name":"La Section clinique de Rennes","article_modified_time":"2025-12-03T14:52:34+00:00","twitter_card":"summary_large_image","twitter_misc":{"Dur\u00e9e de lecture estim\u00e9e":"3 minutes"},"schema":{"@context":"https:\/\/schema.org","@graph":[{"@type":"WebPage","@id":"http:\/\/www.sectionclinique-rennes.fr\/nuevo\/etudes\/extension-vers-linstitution\/","url":"http:\/\/www.sectionclinique-rennes.fr\/nuevo\/etudes\/extension-vers-linstitution\/","name":"Extension ! - La Section clinique de Rennes","isPartOf":{"@id":"http:\/\/www.sectionclinique-rennes.fr\/nuevo\/#website"},"datePublished":"2016-12-05T22:46:26+00:00","dateModified":"2025-12-03T14:52:34+00:00","breadcrumb":{"@id":"http:\/\/www.sectionclinique-rennes.fr\/nuevo\/etudes\/extension-vers-linstitution\/#breadcrumb"},"inLanguage":"fr-FR","potentialAction":[{"@type":"ReadAction","target":["http:\/\/www.sectionclinique-rennes.fr\/nuevo\/etudes\/extension-vers-linstitution\/"]}]},{"@type":"BreadcrumbList","@id":"http:\/\/www.sectionclinique-rennes.fr\/nuevo\/etudes\/extension-vers-linstitution\/#breadcrumb","itemListElement":[{"@type":"ListItem","position":1,"name":"Accueil","item":"http:\/\/www.sectionclinique-rennes.fr\/nuevo\/"},{"@type":"ListItem","position":2,"name":"Pr\u00e9sentation","item":"http:\/\/www.sectionclinique-rennes.fr\/nuevo\/etudes\/"},{"@type":"ListItem","position":3,"name":"Extension !"}]},{"@type":"WebSite","@id":"http:\/\/www.sectionclinique-rennes.fr\/nuevo\/#website","url":"http:\/\/www.sectionclinique-rennes.fr\/nuevo\/","name":"La Section clinique de Rennes","description":"Association UFORCA","publisher":{"@id":"http:\/\/www.sectionclinique-rennes.fr\/nuevo\/#organization"},"potentialAction":[{"@type":"SearchAction","target":{"@type":"EntryPoint","urlTemplate":"http:\/\/www.sectionclinique-rennes.fr\/nuevo\/?s={search_term_string}"},"query-input":{"@type":"PropertyValueSpecification","valueRequired":true,"valueName":"search_term_string"}}],"inLanguage":"fr-FR"},{"@type":"Organization","@id":"http:\/\/www.sectionclinique-rennes.fr\/nuevo\/#organization","name":"Section clinique de Rennes - Association UFORCA","url":"http:\/\/www.sectionclinique-rennes.fr\/nuevo\/","logo":{"@type":"ImageObject","inLanguage":"fr-FR","@id":"http:\/\/www.sectionclinique-rennes.fr\/nuevo\/#\/schema\/logo\/image\/","url":"http:\/\/www.sectionclinique-rennes.fr\/nuevo\/wp-content\/uploads\/2015\/08\/logo.png","contentUrl":"http:\/\/www.sectionclinique-rennes.fr\/nuevo\/wp-content\/uploads\/2015\/08\/logo.png","width":1199,"height":276,"caption":"Section clinique de Rennes - Association UFORCA"},"image":{"@id":"http:\/\/www.sectionclinique-rennes.fr\/nuevo\/#\/schema\/logo\/image\/"}}]}},"_links":{"self":[{"href":"https:\/\/www.sectionclinique-rennes.fr\/nuevo\/wp-json\/wp\/v2\/pages\/1719","targetHints":{"allow":["GET"]}}],"collection":[{"href":"https:\/\/www.sectionclinique-rennes.fr\/nuevo\/wp-json\/wp\/v2\/pages"}],"about":[{"href":"https:\/\/www.sectionclinique-rennes.fr\/nuevo\/wp-json\/wp\/v2\/types\/page"}],"author":[{"embeddable":true,"href":"https:\/\/www.sectionclinique-rennes.fr\/nuevo\/wp-json\/wp\/v2\/users\/5"}],"replies":[{"embeddable":true,"href":"https:\/\/www.sectionclinique-rennes.fr\/nuevo\/wp-json\/wp\/v2\/comments?post=1719"}],"version-history":[{"count":92,"href":"https:\/\/www.sectionclinique-rennes.fr\/nuevo\/wp-json\/wp\/v2\/pages\/1719\/revisions"}],"predecessor-version":[{"id":3519,"href":"https:\/\/www.sectionclinique-rennes.fr\/nuevo\/wp-json\/wp\/v2\/pages\/1719\/revisions\/3519"}],"up":[{"embeddable":true,"href":"https:\/\/www.sectionclinique-rennes.fr\/nuevo\/wp-json\/wp\/v2\/pages\/16"}],"wp:attachment":[{"href":"https:\/\/www.sectionclinique-rennes.fr\/nuevo\/wp-json\/wp\/v2\/media?parent=1719"}],"curies":[{"name":"wp","href":"https:\/\/api.w.org\/{rel}","templated":true}]}}