{"id":2341,"date":"2020-09-25T10:10:39","date_gmt":"2020-09-25T09:10:39","guid":{"rendered":"http:\/\/www.sectionclinique-rennes.fr\/nuevo\/?page_id=2341"},"modified":"2025-08-11T14:03:35","modified_gmt":"2025-08-11T13:03:35","slug":"edition-2020-2021","status":"publish","type":"page","link":"https:\/\/www.sectionclinique-rennes.fr\/nuevo\/etudes\/les-jeudis-dintroduction\/edition-2020-2021\/","title":{"rendered":"\u00c9dition 2025-2026"},"content":{"rendered":"\r\n<div class=\"page\" title=\"Page 8\">\r\n<div class=\"section\">\r\n<div class=\"layoutArea\">\r\n<div class=\"column\">\r\n<div class=\"page\" title=\"Page 8\">\r\n<div class=\"section\">\r\n<div class=\"layoutArea\">\r\n<div class=\"column\">\r\n<h5 class=\"wp-block-heading\" style=\"text-align: center;\"><strong style=\"text-align: center; font-size: 1.23em;\">\u00ab \u00c7a fait rire ! \u00bb &#8211; Lecture du Mot d\u2019esprit et sa relation \u00e0 l\u2019inconscient, de Freud<\/strong><\/h5>\r\n<\/div>\r\n<\/div>\r\n<\/div>\r\n<\/div>\r\n<\/div>\r\n<\/div>\r\n<\/div>\r\n<div class=\"section\">\r\n<div class=\"layoutArea\">\r\n<div class=\"column\">\r\n<div class=\"page\" title=\"Page 8\">\r\n<div class=\"section\">\r\n<div class=\"layoutArea\">\r\n<div class=\"column\">\r\n<p>&nbsp;<\/p>\r\n<p class=\"p3\">Freud \u00e9crit Le Mot d\u2019esprit et sa relation \u00e0 l\u2019inconscient en 1905, cinq ann\u00e9es donc apr\u00e8s L\u2019Interpr\u00e9tation du r\u00eave. Il y r\u00e9pond aux critiques de Fliess, qui consid\u00e9rait que les r\u00eaveurs y faisaient trop d\u2019esprit.<\/p>\r\n<p class=\"p3\">Le mot d\u2019esprit semble, en effet, avoir des points communs avec le r\u00eave. Comme lui, il use d\u2019une formule pour faire passer autre chose. Mais \u00e0 la diff\u00e9rence des r\u00eaves, lapsus, actes manqu\u00e9s et autres formations de l\u2019inconscient, l\u2019activit\u00e9 du mot d\u2019esprit est volontaire et t\u00e9moigne d\u2019une capacit\u00e9 intellectuelle. Reprenant les auteurs qui se sont int\u00e9ress\u00e9s au comique, Freud distingue le mot d\u2019esprit dans sa relation \u00e0 l\u2019inconscient et cherche \u00e0 en d\u00e9gager la technique et la tendance. Par-l\u00e0, il interroge le gain de plaisir ainsi obtenu. Quel est le ressort de la satisfaction, du rire que produit le mot d\u2019esprit ?<\/p>\r\n<p class=\"p3\">\u00c0 la diff\u00e9rence du comique, le mot d\u2019esprit suppose la pr\u00e9sence de l\u2019Autre \u00e0 qui il s\u2019adresse. C\u2019est ce que reprendra Lacan dans son s\u00e9minaire consacr\u00e9 aux formations de l\u2019inconscient.<\/p>\r\n<p class=\"p3\">Les sept s\u00e9ances de l\u2019atelier permettront de d\u00e9plier la th\u00e8se freudienne et ses d\u00e9veloppements plus r\u00e9cents. L\u2019\u00e9tude du mot d\u2019esprit nous servira de boussole pour lire le malaise contemporain et sa clinique.<\/p>\r\n<p>&nbsp;<\/p>\r\n<p class=\"p3\">Bibliographie non-exhaustive :<\/p>\r\n<p class=\"p3\">&#8211; Freud S., <em>Le Mot d\u2019esprit et sa relation \u00e0 l\u2019inconscient<\/em>, Paris, Gallimard, 2009<br \/>&#8211; Freud S., \u00ab L\u2019humour \u00bb (1927), <em>\u0152uvres compl\u00e8tes<\/em>, t. xviii, 1926-1930, Paris, PUF, 2002<br \/>&#8211; Lacan J., <em>Le S\u00e9minaire<\/em>, livre v, <em>Les Formations de l\u2019inconscient<\/em>, texte \u00e9tabli par J.-A. Miller, Paris, Seuil, 1998<br \/>&#8211; Miller J.-A., \u00ab Clinique ironique \u00bb, <em>La Cause freudienne<\/em>, n<span class=\"s1\">o <\/span>23, f\u00e9vrier 1993<br \/>&#8211; Blog des J55 de l\u2019ECF : <a href=\"https:\/\/journees.causefreudienne.org\/\">https:\/\/journees.causefreudienne.org\/<\/a><\/p>\r\n<p>&nbsp;<\/p>\r\n<p class=\"p3\">PROGRAMME<br \/>Jeudi 27 novembre 2025 \u2013 Pourquoi Le mot d\u2019esprit et sa relation \u00e0 l\u2019inconscient ?<br \/>Jeudi 18 d\u00e9cembre 2025 \u2013 Le fameux famillionnaire<br \/>Jeudi 15 janvier 2026 \u2013 Le saumon mayonnaise<br \/>Jeudi 12 f\u00e9vrier 2026 \u2013 Le rire comme d\u00e9fense contre le r\u00e9el<br \/>Jeudi 12 mars 2026 \u2013 L\u2019Autre et la Dritte Person<br \/>Jeudi 2 avril 2026 \u2013 Humour et surmoi<br \/>Jeudi 21 mai 2026 \u2013 Ironie, cynisme et humour noir&#8230;<\/p>\r\n<p><a href=\"http:\/\/www.sectionclinique-rennes.fr\/nuevo\/wp-content\/uploads\/2025\/07\/Programme-AIP-25-26.pdf\">Programme de l&rsquo;ann\u00e9e 2025-2026<\/a><\/p>\r\n<\/div>\r\n<\/div>\r\n<\/div>\r\n<\/div>\r\n<\/div>\r\n<\/div>\r\n<\/div>\r\n<\/div>\r\n<p>&nbsp;<\/p>\r\n<h6 style=\"font-weight: 400;\"><strong><em>Derni\u00e8re modification : 11\/08\/2025<\/em><\/strong><\/h6>\r\n<h6>\u00a0<\/h6>\r\n","protected":false},"excerpt":{"rendered":"<p>\u00ab \u00c7a fait rire ! \u00bb &#8211; Lecture du Mot d\u2019esprit et sa relation \u00e0 l\u2019inconscient, de Freud &nbsp; Freud \u00e9crit Le Mot d\u2019esprit et sa relation \u00e0 l\u2019inconscient en 1905, cinq ann\u00e9es donc apr\u00e8s L\u2019Interpr\u00e9tation du r\u00eave. Il y r\u00e9pond aux critiques de Fliess, qui consid\u00e9rait que les r\u00eaveurs\u2026<\/p>\n<p> <a class=\"continue-reading-link\" href=\"https:\/\/www.sectionclinique-rennes.fr\/nuevo\/etudes\/les-jeudis-dintroduction\/edition-2020-2021\/\"><span>Continue reading<\/span><i class=\"crycon-right-dir\"><\/i><\/a> <\/p>\n","protected":false},"author":5,"featured_media":0,"parent":468,"menu_order":1,"comment_status":"closed","ping_status":"closed","template":"","meta":{"_monsterinsights_skip_tracking":false,"_monsterinsights_sitenote_active":false,"_monsterinsights_sitenote_note":"","_monsterinsights_sitenote_category":0,"footnotes":""},"class_list":["post-2341","page","type-page","status-publish","hentry"],"yoast_head":"<!-- This site is optimized with the Yoast SEO plugin v25.5 - https:\/\/yoast.com\/wordpress\/plugins\/seo\/ -->\n<title>\u00c9dition 2025-2026 - La Section clinique de Rennes<\/title>\n<meta name=\"robots\" content=\"index, follow, max-snippet:-1, max-image-preview:large, max-video-preview:-1\" \/>\n<link rel=\"canonical\" href=\"http:\/\/www.sectionclinique-rennes.fr\/nuevo\/etudes\/les-jeudis-dintroduction\/edition-2020-2021\/\" \/>\n<meta property=\"og:locale\" content=\"fr_FR\" \/>\n<meta property=\"og:type\" content=\"article\" \/>\n<meta property=\"og:title\" content=\"\u00c9dition 2025-2026 - La Section clinique de Rennes\" \/>\n<meta property=\"og:description\" content=\"\u00ab \u00c7a fait rire ! \u00bb &#8211; Lecture du Mot d\u2019esprit et sa relation \u00e0 l\u2019inconscient, de Freud &nbsp; Freud \u00e9crit Le Mot d\u2019esprit et sa relation \u00e0 l\u2019inconscient en 1905, cinq ann\u00e9es donc apr\u00e8s L\u2019Interpr\u00e9tation du r\u00eave. Il y r\u00e9pond aux critiques de Fliess, qui consid\u00e9rait que les r\u00eaveurs\u2026 Continue reading\" \/>\n<meta property=\"og:url\" content=\"http:\/\/www.sectionclinique-rennes.fr\/nuevo\/etudes\/les-jeudis-dintroduction\/edition-2020-2021\/\" \/>\n<meta property=\"og:site_name\" content=\"La Section clinique de Rennes\" \/>\n<meta property=\"article:modified_time\" content=\"2025-08-11T13:03:35+00:00\" \/>\n<meta name=\"twitter:card\" content=\"summary_large_image\" \/>\n<meta name=\"twitter:label1\" content=\"Dur\u00e9e de lecture estim\u00e9e\" \/>\n\t<meta name=\"twitter:data1\" content=\"2 minutes\" \/>\n<script type=\"application\/ld+json\" class=\"yoast-schema-graph\">{\"@context\":\"https:\/\/schema.org\",\"@graph\":[{\"@type\":\"WebPage\",\"@id\":\"http:\/\/www.sectionclinique-rennes.fr\/nuevo\/etudes\/les-jeudis-dintroduction\/edition-2020-2021\/\",\"url\":\"http:\/\/www.sectionclinique-rennes.fr\/nuevo\/etudes\/les-jeudis-dintroduction\/edition-2020-2021\/\",\"name\":\"\u00c9dition 2025-2026 - La Section clinique de Rennes\",\"isPartOf\":{\"@id\":\"http:\/\/www.sectionclinique-rennes.fr\/nuevo\/#website\"},\"datePublished\":\"2020-09-25T09:10:39+00:00\",\"dateModified\":\"2025-08-11T13:03:35+00:00\",\"breadcrumb\":{\"@id\":\"http:\/\/www.sectionclinique-rennes.fr\/nuevo\/etudes\/les-jeudis-dintroduction\/edition-2020-2021\/#breadcrumb\"},\"inLanguage\":\"fr-FR\",\"potentialAction\":[{\"@type\":\"ReadAction\",\"target\":[\"http:\/\/www.sectionclinique-rennes.fr\/nuevo\/etudes\/les-jeudis-dintroduction\/edition-2020-2021\/\"]}]},{\"@type\":\"BreadcrumbList\",\"@id\":\"http:\/\/www.sectionclinique-rennes.fr\/nuevo\/etudes\/les-jeudis-dintroduction\/edition-2020-2021\/#breadcrumb\",\"itemListElement\":[{\"@type\":\"ListItem\",\"position\":1,\"name\":\"Accueil\",\"item\":\"http:\/\/www.sectionclinique-rennes.fr\/nuevo\/\"},{\"@type\":\"ListItem\",\"position\":2,\"name\":\"Pr\u00e9sentation\",\"item\":\"http:\/\/www.sectionclinique-rennes.fr\/nuevo\/etudes\/\"},{\"@type\":\"ListItem\",\"position\":3,\"name\":\"Atelier d&rsquo;introduction \u00e0 la psychanalyse\",\"item\":\"http:\/\/www.sectionclinique-rennes.fr\/nuevo\/etudes\/les-jeudis-dintroduction\/\"},{\"@type\":\"ListItem\",\"position\":4,\"name\":\"\u00c9dition 2025-2026\"}]},{\"@type\":\"WebSite\",\"@id\":\"http:\/\/www.sectionclinique-rennes.fr\/nuevo\/#website\",\"url\":\"http:\/\/www.sectionclinique-rennes.fr\/nuevo\/\",\"name\":\"La Section clinique de Rennes\",\"description\":\"Association UFORCA\",\"publisher\":{\"@id\":\"http:\/\/www.sectionclinique-rennes.fr\/nuevo\/#organization\"},\"potentialAction\":[{\"@type\":\"SearchAction\",\"target\":{\"@type\":\"EntryPoint\",\"urlTemplate\":\"http:\/\/www.sectionclinique-rennes.fr\/nuevo\/?s={search_term_string}\"},\"query-input\":{\"@type\":\"PropertyValueSpecification\",\"valueRequired\":true,\"valueName\":\"search_term_string\"}}],\"inLanguage\":\"fr-FR\"},{\"@type\":\"Organization\",\"@id\":\"http:\/\/www.sectionclinique-rennes.fr\/nuevo\/#organization\",\"name\":\"Section clinique de Rennes - Association UFORCA\",\"url\":\"http:\/\/www.sectionclinique-rennes.fr\/nuevo\/\",\"logo\":{\"@type\":\"ImageObject\",\"inLanguage\":\"fr-FR\",\"@id\":\"http:\/\/www.sectionclinique-rennes.fr\/nuevo\/#\/schema\/logo\/image\/\",\"url\":\"http:\/\/www.sectionclinique-rennes.fr\/nuevo\/wp-content\/uploads\/2015\/08\/logo.png\",\"contentUrl\":\"http:\/\/www.sectionclinique-rennes.fr\/nuevo\/wp-content\/uploads\/2015\/08\/logo.png\",\"width\":1199,\"height\":276,\"caption\":\"Section clinique de Rennes - Association UFORCA\"},\"image\":{\"@id\":\"http:\/\/www.sectionclinique-rennes.fr\/nuevo\/#\/schema\/logo\/image\/\"}}]}<\/script>\n<!-- \/ Yoast SEO plugin. -->","yoast_head_json":{"title":"\u00c9dition 2025-2026 - La Section clinique de Rennes","robots":{"index":"index","follow":"follow","max-snippet":"max-snippet:-1","max-image-preview":"max-image-preview:large","max-video-preview":"max-video-preview:-1"},"canonical":"http:\/\/www.sectionclinique-rennes.fr\/nuevo\/etudes\/les-jeudis-dintroduction\/edition-2020-2021\/","og_locale":"fr_FR","og_type":"article","og_title":"\u00c9dition 2025-2026 - La Section clinique de Rennes","og_description":"\u00ab \u00c7a fait rire ! \u00bb &#8211; Lecture du Mot d\u2019esprit et sa relation \u00e0 l\u2019inconscient, de Freud &nbsp; Freud \u00e9crit Le Mot d\u2019esprit et sa relation \u00e0 l\u2019inconscient en 1905, cinq ann\u00e9es donc apr\u00e8s L\u2019Interpr\u00e9tation du r\u00eave. Il y r\u00e9pond aux critiques de Fliess, qui consid\u00e9rait que les r\u00eaveurs\u2026 Continue reading","og_url":"http:\/\/www.sectionclinique-rennes.fr\/nuevo\/etudes\/les-jeudis-dintroduction\/edition-2020-2021\/","og_site_name":"La Section clinique de Rennes","article_modified_time":"2025-08-11T13:03:35+00:00","twitter_card":"summary_large_image","twitter_misc":{"Dur\u00e9e de lecture estim\u00e9e":"2 minutes"},"schema":{"@context":"https:\/\/schema.org","@graph":[{"@type":"WebPage","@id":"http:\/\/www.sectionclinique-rennes.fr\/nuevo\/etudes\/les-jeudis-dintroduction\/edition-2020-2021\/","url":"http:\/\/www.sectionclinique-rennes.fr\/nuevo\/etudes\/les-jeudis-dintroduction\/edition-2020-2021\/","name":"\u00c9dition 2025-2026 - La Section clinique de Rennes","isPartOf":{"@id":"http:\/\/www.sectionclinique-rennes.fr\/nuevo\/#website"},"datePublished":"2020-09-25T09:10:39+00:00","dateModified":"2025-08-11T13:03:35+00:00","breadcrumb":{"@id":"http:\/\/www.sectionclinique-rennes.fr\/nuevo\/etudes\/les-jeudis-dintroduction\/edition-2020-2021\/#breadcrumb"},"inLanguage":"fr-FR","potentialAction":[{"@type":"ReadAction","target":["http:\/\/www.sectionclinique-rennes.fr\/nuevo\/etudes\/les-jeudis-dintroduction\/edition-2020-2021\/"]}]},{"@type":"BreadcrumbList","@id":"http:\/\/www.sectionclinique-rennes.fr\/nuevo\/etudes\/les-jeudis-dintroduction\/edition-2020-2021\/#breadcrumb","itemListElement":[{"@type":"ListItem","position":1,"name":"Accueil","item":"http:\/\/www.sectionclinique-rennes.fr\/nuevo\/"},{"@type":"ListItem","position":2,"name":"Pr\u00e9sentation","item":"http:\/\/www.sectionclinique-rennes.fr\/nuevo\/etudes\/"},{"@type":"ListItem","position":3,"name":"Atelier d&rsquo;introduction \u00e0 la psychanalyse","item":"http:\/\/www.sectionclinique-rennes.fr\/nuevo\/etudes\/les-jeudis-dintroduction\/"},{"@type":"ListItem","position":4,"name":"\u00c9dition 2025-2026"}]},{"@type":"WebSite","@id":"http:\/\/www.sectionclinique-rennes.fr\/nuevo\/#website","url":"http:\/\/www.sectionclinique-rennes.fr\/nuevo\/","name":"La Section clinique de Rennes","description":"Association UFORCA","publisher":{"@id":"http:\/\/www.sectionclinique-rennes.fr\/nuevo\/#organization"},"potentialAction":[{"@type":"SearchAction","target":{"@type":"EntryPoint","urlTemplate":"http:\/\/www.sectionclinique-rennes.fr\/nuevo\/?s={search_term_string}"},"query-input":{"@type":"PropertyValueSpecification","valueRequired":true,"valueName":"search_term_string"}}],"inLanguage":"fr-FR"},{"@type":"Organization","@id":"http:\/\/www.sectionclinique-rennes.fr\/nuevo\/#organization","name":"Section clinique de Rennes - Association UFORCA","url":"http:\/\/www.sectionclinique-rennes.fr\/nuevo\/","logo":{"@type":"ImageObject","inLanguage":"fr-FR","@id":"http:\/\/www.sectionclinique-rennes.fr\/nuevo\/#\/schema\/logo\/image\/","url":"http:\/\/www.sectionclinique-rennes.fr\/nuevo\/wp-content\/uploads\/2015\/08\/logo.png","contentUrl":"http:\/\/www.sectionclinique-rennes.fr\/nuevo\/wp-content\/uploads\/2015\/08\/logo.png","width":1199,"height":276,"caption":"Section clinique de Rennes - Association UFORCA"},"image":{"@id":"http:\/\/www.sectionclinique-rennes.fr\/nuevo\/#\/schema\/logo\/image\/"}}]}},"_links":{"self":[{"href":"https:\/\/www.sectionclinique-rennes.fr\/nuevo\/wp-json\/wp\/v2\/pages\/2341","targetHints":{"allow":["GET"]}}],"collection":[{"href":"https:\/\/www.sectionclinique-rennes.fr\/nuevo\/wp-json\/wp\/v2\/pages"}],"about":[{"href":"https:\/\/www.sectionclinique-rennes.fr\/nuevo\/wp-json\/wp\/v2\/types\/page"}],"author":[{"embeddable":true,"href":"https:\/\/www.sectionclinique-rennes.fr\/nuevo\/wp-json\/wp\/v2\/users\/5"}],"replies":[{"embeddable":true,"href":"https:\/\/www.sectionclinique-rennes.fr\/nuevo\/wp-json\/wp\/v2\/comments?post=2341"}],"version-history":[{"count":13,"href":"https:\/\/www.sectionclinique-rennes.fr\/nuevo\/wp-json\/wp\/v2\/pages\/2341\/revisions"}],"predecessor-version":[{"id":3469,"href":"https:\/\/www.sectionclinique-rennes.fr\/nuevo\/wp-json\/wp\/v2\/pages\/2341\/revisions\/3469"}],"up":[{"embeddable":true,"href":"https:\/\/www.sectionclinique-rennes.fr\/nuevo\/wp-json\/wp\/v2\/pages\/468"}],"wp:attachment":[{"href":"https:\/\/www.sectionclinique-rennes.fr\/nuevo\/wp-json\/wp\/v2\/media?parent=2341"}],"curies":[{"name":"wp","href":"https:\/\/api.w.org\/{rel}","templated":true}]}}