{"id":2592,"date":"2022-06-08T11:54:45","date_gmt":"2022-06-08T10:54:45","guid":{"rendered":"http:\/\/www.sectionclinique-rennes.fr\/nuevo\/?page_id=2592"},"modified":"2025-09-04T14:56:09","modified_gmt":"2025-09-04T13:56:09","slug":"atelier-dintroduction-a-la-psychanalyse","status":"publish","type":"page","link":"https:\/\/www.sectionclinique-rennes.fr\/nuevo\/etudes\/les-jeudis-dintroduction\/atelier-dintroduction-a-la-psychanalyse\/","title":{"rendered":"Atelier d&rsquo;introduction \u00e0 la psychanalyse"},"content":{"rendered":"<h4 class=\"p1\" style=\"text-align: center;\"><em><strong>\u00ab \u00c7a fait rire ! \u00bb<\/strong><\/em><\/h4>\n<h4 class=\"p2\" style=\"text-align: center;\"><em><strong>Lecture du Mot d\u2019esprit et sa relation \u00e0 l\u2019inconscient, de Freud<\/strong><\/em><\/h4>\n<h3 style=\"text-align: center;\"><a style=\"font-size: 17px;\" href=\"http:\/\/www.sectionclinique-rennes.fr\/nuevo\/wp-content\/uploads\/2025\/07\/Programme-AIP-25-26.pdf\">Programme de l&rsquo;ann\u00e9e 2025-2026<\/a><\/h3>\n<p>&nbsp;<\/p>\n<p><strong>Dur\u00e9e :<\/strong>\u00a010\u00a0heures 30 (7 jours)<\/p>\n<p><strong>Horaires<\/strong><strong> : <\/strong>20h15-21h45 le jeudi<\/p>\n<p><strong>Lieu<\/strong> : Askoria, 2 Avenue du Bois Labb\u00e9, 35000 Rennes<\/p>\n<p><strong>Dates<\/strong><span style=\"font-family: 'Century Gothic', AppleGothic, sans-serif;\"> :<\/span><\/p>\n<div class=\"page\" title=\"Page 2\">\n<div class=\"section\">\n<div class=\"layoutArea\">\n<div class=\"column\">\n<p class=\"p1\" style=\"text-align: center;\">Jeudi 27 novembre 2025<br \/>\nJeudi 18 d\u00e9cembre 2025<br \/>\nJeudi 15 janvier 2026<br \/>\nJeudi 12 f\u00e9vrier 2026<br \/>\nJeudi 12 mars 2026<br \/>\nJeudi 2 avril 2026<br \/>\nJeudi 21 mai 2026<\/p>\n<\/div>\n<\/div>\n<\/div>\n<\/div>\n<p><strong>Type d&rsquo;action<\/strong> : Action de formation<\/p>\n<p><strong>Langue<\/strong> :\u00a0Fran\u00e7ais<\/p>\n<p><strong><u>Responsable de la formation<\/u><\/strong> : C\u00e9cile Wojnarowski \/ <span style=\"font-family: 'Century Gothic', AppleGothic, sans-serif;\">cwoj@wanadoo.fr<\/span><\/p>\n<p><strong><u>Modalit\u00e9 d&rsquo;entr\u00e9e en formation<\/u><\/strong> :<\/p>\n<ul>\n<li>Premi\u00e8re inscription : admission sur dossier apr\u00e8s entretien avec un enseignant<\/li>\n<li>R\u00e9inscription : questionnaire d\u2019\u00e9valuation avant la formation<\/li>\n<\/ul>\n<p><strong><u>D\u00e9lai d&rsquo;acc\u00e8s<\/u><\/strong> : Inscription possible jusqu\u2019\u00e0 1 mois avant le d\u00e9but de la formation.<\/p>\n<p><strong><u>Tarif de la formation<\/u><\/strong><strong>\u00a0<\/strong>:<\/p>\n<p>Au titre de la formation permanente : 80\u20ac<br \/>\nA titre individuel : 40\u20ac<br \/>\n<em>(Association loi 1901 non assujettie \u00e0 la TVA).<\/em><\/p>\n<p><strong><u>Pr\u00e9requis<\/u><\/strong>\u00a0:<\/p>\n<p>Cette formation ne n\u00e9cessite aucun pr\u00e9requis.<\/p>\n<p><strong><u>Public<\/u><\/strong>\u00a0:<\/p>\n<p>La formation s\u2019adresse \u00e0 toute personne int\u00e9ress\u00e9e par la psychanalyse, ainsi qu\u2019aux professionnels de la \u00ab\u00a0sant\u00e9 mentale\u00a0\u00bb et \u00e9tudiants en m\u00e9decine, en philosophie, lettres, psychologie ou inscrits en \u00e9coles d\u2019\u00e9ducateurs, d\u2019orthophonistes, d\u2019infirmiers, d\u2019assistants de service social, etc.<\/p>\n<p><strong><u>Accessibilit\u00e9<\/u><\/strong>\u00a0:<strong>\u00a0<\/strong><\/p>\n<p>Nos formations peuvent \u00eatre accessibles aux personnes en situation de handicap. Pour les personnes en situation de handicap, merci de contacter notre r\u00e9f\u00e9rent handicap Anne Colombel-Plouzennec au 06 87 49 32 18, afin de vous accompagner et vous orienter au mieux vos d\u00e9marches et en fonction de vos besoins.<\/p>\n<p>&nbsp;<\/p>\n<p><strong>Objectif de la formation et objectifs p\u00e9dagogiques<\/strong><\/p>\n<p>&nbsp;<\/p>\n<p><strong><u>Objectif de la formation<\/u><\/strong> :<\/p>\n<p>Mieux appr\u00e9hender le mot d\u2019esprit chez Freud.<\/p>\n<p>&nbsp;<\/p>\n<p><strong><u>Objectifs p\u00e9dagogiques<\/u><\/strong>\u00a0:<\/p>\n<ul>\n<li>Sensibiliser les stagiaires aux mot d\u2019esprit dans sa relation \u00e0 l\u2019inconscient, gr\u00e2ce aux concepts de Freud et de Lacan.<\/li>\n<li>Identifier en quoi l\u2019\u00e9tude du mot d\u2019esprit permet de lire la clinique et le malaise dans la civilisation.<\/li>\n<\/ul>\n<p>&nbsp;<\/p>\n<p><strong>Contenu de la formation<\/strong><\/p>\n<p><strong><u>Argument<\/u><\/strong><\/p>\n<div class=\"page\" title=\"Page 8\">\n<div class=\"section\">\n<div class=\"layoutArea\">\n<div class=\"column\">\n<div class=\"page\" title=\"Page 2\">\n<div class=\"section\">\n<div class=\"layoutArea\">\n<div class=\"column\">\n<p class=\"p1\">Freud \u00e9crit Le Mot d\u2019esprit et sa relation \u00e0 l\u2019inconscient en 1905, cinq ann\u00e9es donc apr\u00e8s L\u2019Interpr\u00e9tation du r\u00eave. Il y r\u00e9pond aux critiques de Fliess, qui consid\u00e9rait que les r\u00eaveurs y faisaient trop d\u2019esprit.<br \/>\nLe mot d\u2019esprit semble, en effet, avoir des points communs avec le r\u00eave. Comme lui, il use d\u2019une formule pour faire passer autre chose. Mais \u00e0 la diff\u00e9rence des r\u00eaves, lapsus, actes manqu\u00e9s et autres formations de l\u2019inconscient, l\u2019activit\u00e9 du mot d\u2019esprit est volontaire et t\u00e9moigne d\u2019une capacit\u00e9 intellectuelle. Reprenant les auteurs qui se sont int\u00e9ress\u00e9s au comique, Freud distingue le mot d\u2019esprit dans sa relation \u00e0 l\u2019inconscient et cherche \u00e0 en d\u00e9gager la technique et la tendance. Par-l\u00e0, il interroge le gain de plaisir ainsi obtenu. Quel est le ressort de la satisfaction, du rire que produit le mot d\u2019esprit ?<br \/>\n\u00c0 la diff\u00e9rence du comique, le mot d\u2019esprit suppose la pr\u00e9sence de l\u2019Autre \u00e0 qui il s\u2019adresse. C\u2019est ce que reprendra Lacan dans son s\u00e9minaire consacr\u00e9 aux formations de l\u2019inconscient.<br \/>\nLes sept s\u00e9ances de l\u2019atelier permettront de d\u00e9plier la th\u00e8se freudienne et ses d\u00e9veloppements plus r\u00e9cents. L\u2019\u00e9tude du mot d\u2019esprit nous servira de boussole pour lire le malaise contemporain et sa clinique.<\/p>\n<p>Bibliographie non-exhaustive :<\/p>\n<p class=\"p1\">&#8211; Freud S., <em>Le Mot d\u2019esprit et sa relation \u00e0 l\u2019inconscient<\/em>, Paris, Gallimard, 2009<br \/>\n&#8211; Freud S., \u00ab L\u2019humour \u00bb (1927), <em>\u0152uvres compl\u00e8tes<\/em>, t. xviii, 1926-1930, Paris, PUF, 2002<br \/>\n&#8211; Lacan J., <em>Le S\u00e9minaire<\/em>, livre v, <em>Les Formations de l\u2019inconscient<\/em>, texte \u00e9tabli par J.-A. Miller, Paris, Seuil, 1998<br \/>\n&#8211; Miller J.-A., \u00ab Clinique ironique \u00bb, <em>La Cause freudienne<\/em>, n<span class=\"s1\">o <\/span>23, f\u00e9vrier 1993<br \/>\n&#8211; Blog des J55 de l\u2019ECF : <a href=\"https:\/\/journees.causefreudienne.org\/\">https:\/\/journees.causefreudienne.org\/<\/a><\/p>\n<\/div>\n<\/div>\n<\/div>\n<\/div>\n<\/div>\n<\/div>\n<\/div>\n<\/div>\n<p>&nbsp;<\/p>\n<p><strong>Programme<\/strong> :<\/p>\n<table width=\"621\">\n<tbody>\n<tr>\n<td width=\"98\">\n<h6 class=\"p1\" style=\"text-align: center;\"><em><strong>\u00ab \u00c7a fait rire !\u00bb <\/strong><\/em><em><strong>Lecture du Mot d\u2019esprit et sa relation \u00e0 l\u2019inconscient, de Freud<\/strong><\/em><\/h6>\n<p><strong>\u00a0<\/strong><\/p>\n<p>Jeudi 20h15-21h45<\/p>\n<p><strong>\u00a0<\/strong><\/p>\n<p><strong>Enseignants\u00a0:<\/strong><\/p>\n<p>Dominique Carpentier<\/p>\n<p>Camille Monribot<\/p>\n<p>Charlotte Tazartez<\/p>\n<p>C\u00e9cile Wojnarowski<\/td>\n<td width=\"524\"><strong>Objectifs du module :\u00a0<\/strong><\/p>\n<ul>\n<li>ensibiliser les stagiaires \u00e0 la compr\u00e9hension du mot d&rsquo;esprit \u00a0tel que Freud l\u2019a abord\u00e9 dans son texte \u00ab Le Mot d&rsquo;esprit et sa relation \u00e0 l&rsquo;inconscient<span style=\"font-family: 'Century Gothic', AppleGothic, sans-serif;\">\u00a0<\/span>\u00bb<\/li>\n<li>Situer la modernit\u00e9 de ce concept dans la lecture de l\u2019\u00e9poque et dans la psychopathologie du sujet contemporain.<\/li>\n<\/ul>\n<p>&nbsp;<\/p>\n<p><strong>Contenu<\/strong> :<\/p>\n<div class=\"page\" title=\"Page 2\">\n<div class=\"section\">\n<div class=\"layoutArea\">\n<div class=\"column\">\n<div class=\"page\" title=\"Page 2\">\n<div class=\"section\">\n<div class=\"layoutArea\">\n<div class=\"column\">\n<p class=\"p1\">Jeudi 27 novembre 2025 \u2013 Pourquoi Le mot d\u2019esprit et sa relation \u00e0 l\u2019inconscient ?<br \/>\nJeudi 18 d\u00e9cembre 2025 \u2013 Le fameux famillionnaire<br \/>\nJeudi 15 janvier 2026 \u2013 Le saumon mayonnaise<br \/>\nJeudi 12 f\u00e9vrier 2026 \u2013 Le rire comme d\u00e9fense contre le r\u00e9el<br \/>\nJeudi 12 mars 2026 \u2013 L\u2019Autre et la Dritte Person<br \/>\nJeudi 2 avril 2026 \u2013 Humour et surmoi<br \/>\nJeudi 21 mai 2026 \u2013 Ironie, cynisme et humour noir&#8230;<\/p>\n<\/div>\n<\/div>\n<\/div>\n<\/div>\n<\/div>\n<\/div>\n<\/div>\n<\/div>\n<p>&nbsp;<\/td>\n<\/tr>\n<\/tbody>\n<\/table>\n<p><strong>Organisation de la formation<\/strong><\/p>\n<p>&nbsp;<\/p>\n<p><strong><u>\u00c9quipe p\u00e9dagogique<\/u><\/strong><strong> :\u00a0<\/strong><\/p>\n<p>Les enseignants, m\u00e9decins ou psychologues de formation, pratiquent la psychanalyse et sont membres de l&rsquo;AMP.<\/p>\n<p>Les Coordinateurs-Enseignants pour la Section clinique de Rennes sont\u00a0:<\/p>\n<ul>\n<li>Anne Colombel-Plouzennec &#8211; zannec@protonmail.com<\/li>\n<li>Alice Delarue &#8211; alice_delarue@yahoo.fr<\/li>\n<li>Caroline Doucet &#8211; carolinedoucet35@gmail.com<\/li>\n<li>Jean Luc Monnier &#8211; monnierj@orange.fr<\/li>\n<li>Thomas Kusmierzyk &#8211; thomaskusmierzyk@gmail.com<\/li>\n<\/ul>\n<p>&nbsp;<\/p>\n<p><strong><u>Les enseignants<\/u><\/strong><strong> sont tous psychanalystes,<\/strong><\/p>\n<p style=\"font-weight: 400;\">C\u00e9cile Wojnarowski<br \/>\nDominique Carpentier<br \/>\nCamille Monribot<br \/>\nCharlotte Tazartez<\/p>\n<p>&nbsp;<\/p>\n<p style=\"font-weight: 400;\"><strong><u>Moyens p\u00e9dagogiques et techniques<\/u><\/strong><strong> :\u00a0<\/strong><\/p>\n<ul>\n<li>Accueil des inscrits dans une salle d\u00e9di\u00e9e \u00e0 la formation.<\/li>\n<li>Expos\u00e9s th\u00e9oriques.<\/li>\n<li>Illustration avec des vignettes cliniques.<\/li>\n<li>Echanges avec les stagiaires.<\/li>\n<li>Bibliographie recommand\u00e9e.<\/li>\n<li>Mise \u00e0 disposition de documents supports \u00e0 la suite de la formation.<\/li>\n<\/ul>\n<p>&nbsp;<\/p>\n<p style=\"font-weight: 400;\"><strong><u>Dispositif de suivi de l&rsquo;ex\u00e9cution de l&rsquo;\u00e9valuation des r\u00e9sultats de la formation<\/u><\/strong><strong> avec l\u2019application Digiforma\u00a0:<\/strong><\/p>\n<ul>\n<li>Feuilles d\u2019\u00e9margement.<\/li>\n<li>Formulaires d&rsquo;\u00e9valuation de la formation\u00a0:\n<ul>\n<li>\u00c9valuation des acquis\u00a0: questionnaire<\/li>\n<li>\u00c9valuation de la satisfaction :\n<ul>\n<li>\u00c0 la fin des journ\u00e9es de formation (\u00e0 chaud).<\/li>\n<\/ul>\n<\/li>\n<li>Certificat de r\u00e9alisation de la formation.<\/li>\n<\/ul>\n<\/li>\n<\/ul>\n<h6><\/h6>\n<h6 style=\"font-weight: 400;\"><strong><em>Derni\u00e8re modification : 04\/09\/2025<\/em><\/strong><\/h6>\n","protected":false},"excerpt":{"rendered":"<p>\u00ab \u00c7a fait rire ! \u00bb Lecture du Mot d\u2019esprit et sa relation \u00e0 l\u2019inconscient, de Freud Programme de l&rsquo;ann\u00e9e 2025-2026 &nbsp; Dur\u00e9e :\u00a010\u00a0heures 30 (7 jours) Horaires : 20h15-21h45 le jeudi Lieu : Askoria, 2 Avenue du Bois Labb\u00e9, 35000 Rennes Dates : Jeudi 27 novembre 2025 Jeudi 18\u2026<\/p>\n<p> <a class=\"continue-reading-link\" href=\"https:\/\/www.sectionclinique-rennes.fr\/nuevo\/etudes\/les-jeudis-dintroduction\/atelier-dintroduction-a-la-psychanalyse\/\"><span>Continue reading<\/span><i class=\"crycon-right-dir\"><\/i><\/a> <\/p>\n","protected":false},"author":5,"featured_media":0,"parent":468,"menu_order":3,"comment_status":"closed","ping_status":"closed","template":"","meta":{"_monsterinsights_skip_tracking":false,"_monsterinsights_sitenote_active":false,"_monsterinsights_sitenote_note":"","_monsterinsights_sitenote_category":0,"footnotes":""},"class_list":["post-2592","page","type-page","status-publish","hentry"],"yoast_head":"<!-- This site is optimized with the Yoast SEO plugin v25.5 - https:\/\/yoast.com\/wordpress\/plugins\/seo\/ -->\n<title>Atelier d&#039;introduction \u00e0 la psychanalyse - La Section clinique de Rennes<\/title>\n<meta name=\"robots\" content=\"index, follow, max-snippet:-1, max-image-preview:large, max-video-preview:-1\" \/>\n<link rel=\"canonical\" href=\"http:\/\/www.sectionclinique-rennes.fr\/nuevo\/etudes\/les-jeudis-dintroduction\/atelier-dintroduction-a-la-psychanalyse\/\" \/>\n<meta property=\"og:locale\" content=\"fr_FR\" \/>\n<meta property=\"og:type\" content=\"article\" \/>\n<meta property=\"og:title\" content=\"Atelier d&#039;introduction \u00e0 la psychanalyse - La Section clinique de Rennes\" \/>\n<meta property=\"og:description\" content=\"\u00ab \u00c7a fait rire ! \u00bb Lecture du Mot d\u2019esprit et sa relation \u00e0 l\u2019inconscient, de Freud Programme de l&rsquo;ann\u00e9e 2025-2026 &nbsp; Dur\u00e9e :\u00a010\u00a0heures 30 (7 jours) Horaires : 20h15-21h45 le jeudi Lieu : Askoria, 2 Avenue du Bois Labb\u00e9, 35000 Rennes Dates : Jeudi 27 novembre 2025 Jeudi 18\u2026 Continue reading\" \/>\n<meta property=\"og:url\" content=\"http:\/\/www.sectionclinique-rennes.fr\/nuevo\/etudes\/les-jeudis-dintroduction\/atelier-dintroduction-a-la-psychanalyse\/\" \/>\n<meta property=\"og:site_name\" content=\"La Section clinique de Rennes\" \/>\n<meta property=\"article:modified_time\" content=\"2025-09-04T13:56:09+00:00\" \/>\n<meta name=\"twitter:card\" content=\"summary_large_image\" \/>\n<meta name=\"twitter:label1\" content=\"Dur\u00e9e de lecture estim\u00e9e\" \/>\n\t<meta name=\"twitter:data1\" content=\"5 minutes\" \/>\n<script type=\"application\/ld+json\" class=\"yoast-schema-graph\">{\"@context\":\"https:\/\/schema.org\",\"@graph\":[{\"@type\":\"WebPage\",\"@id\":\"http:\/\/www.sectionclinique-rennes.fr\/nuevo\/etudes\/les-jeudis-dintroduction\/atelier-dintroduction-a-la-psychanalyse\/\",\"url\":\"http:\/\/www.sectionclinique-rennes.fr\/nuevo\/etudes\/les-jeudis-dintroduction\/atelier-dintroduction-a-la-psychanalyse\/\",\"name\":\"Atelier d'introduction \u00e0 la psychanalyse - La Section clinique de Rennes\",\"isPartOf\":{\"@id\":\"http:\/\/www.sectionclinique-rennes.fr\/nuevo\/#website\"},\"datePublished\":\"2022-06-08T10:54:45+00:00\",\"dateModified\":\"2025-09-04T13:56:09+00:00\",\"breadcrumb\":{\"@id\":\"http:\/\/www.sectionclinique-rennes.fr\/nuevo\/etudes\/les-jeudis-dintroduction\/atelier-dintroduction-a-la-psychanalyse\/#breadcrumb\"},\"inLanguage\":\"fr-FR\",\"potentialAction\":[{\"@type\":\"ReadAction\",\"target\":[\"http:\/\/www.sectionclinique-rennes.fr\/nuevo\/etudes\/les-jeudis-dintroduction\/atelier-dintroduction-a-la-psychanalyse\/\"]}]},{\"@type\":\"BreadcrumbList\",\"@id\":\"http:\/\/www.sectionclinique-rennes.fr\/nuevo\/etudes\/les-jeudis-dintroduction\/atelier-dintroduction-a-la-psychanalyse\/#breadcrumb\",\"itemListElement\":[{\"@type\":\"ListItem\",\"position\":1,\"name\":\"Accueil\",\"item\":\"http:\/\/www.sectionclinique-rennes.fr\/nuevo\/\"},{\"@type\":\"ListItem\",\"position\":2,\"name\":\"Pr\u00e9sentation\",\"item\":\"http:\/\/www.sectionclinique-rennes.fr\/nuevo\/etudes\/\"},{\"@type\":\"ListItem\",\"position\":3,\"name\":\"Atelier d&rsquo;introduction \u00e0 la psychanalyse\",\"item\":\"http:\/\/www.sectionclinique-rennes.fr\/nuevo\/etudes\/les-jeudis-dintroduction\/\"},{\"@type\":\"ListItem\",\"position\":4,\"name\":\"Atelier d&rsquo;introduction \u00e0 la psychanalyse\"}]},{\"@type\":\"WebSite\",\"@id\":\"http:\/\/www.sectionclinique-rennes.fr\/nuevo\/#website\",\"url\":\"http:\/\/www.sectionclinique-rennes.fr\/nuevo\/\",\"name\":\"La Section clinique de Rennes\",\"description\":\"Association UFORCA\",\"publisher\":{\"@id\":\"http:\/\/www.sectionclinique-rennes.fr\/nuevo\/#organization\"},\"potentialAction\":[{\"@type\":\"SearchAction\",\"target\":{\"@type\":\"EntryPoint\",\"urlTemplate\":\"http:\/\/www.sectionclinique-rennes.fr\/nuevo\/?s={search_term_string}\"},\"query-input\":{\"@type\":\"PropertyValueSpecification\",\"valueRequired\":true,\"valueName\":\"search_term_string\"}}],\"inLanguage\":\"fr-FR\"},{\"@type\":\"Organization\",\"@id\":\"http:\/\/www.sectionclinique-rennes.fr\/nuevo\/#organization\",\"name\":\"Section clinique de Rennes - Association UFORCA\",\"url\":\"http:\/\/www.sectionclinique-rennes.fr\/nuevo\/\",\"logo\":{\"@type\":\"ImageObject\",\"inLanguage\":\"fr-FR\",\"@id\":\"http:\/\/www.sectionclinique-rennes.fr\/nuevo\/#\/schema\/logo\/image\/\",\"url\":\"http:\/\/www.sectionclinique-rennes.fr\/nuevo\/wp-content\/uploads\/2015\/08\/logo.png\",\"contentUrl\":\"http:\/\/www.sectionclinique-rennes.fr\/nuevo\/wp-content\/uploads\/2015\/08\/logo.png\",\"width\":1199,\"height\":276,\"caption\":\"Section clinique de Rennes - Association UFORCA\"},\"image\":{\"@id\":\"http:\/\/www.sectionclinique-rennes.fr\/nuevo\/#\/schema\/logo\/image\/\"}}]}<\/script>\n<!-- \/ Yoast SEO plugin. -->","yoast_head_json":{"title":"Atelier d'introduction \u00e0 la psychanalyse - La Section clinique de Rennes","robots":{"index":"index","follow":"follow","max-snippet":"max-snippet:-1","max-image-preview":"max-image-preview:large","max-video-preview":"max-video-preview:-1"},"canonical":"http:\/\/www.sectionclinique-rennes.fr\/nuevo\/etudes\/les-jeudis-dintroduction\/atelier-dintroduction-a-la-psychanalyse\/","og_locale":"fr_FR","og_type":"article","og_title":"Atelier d'introduction \u00e0 la psychanalyse - La Section clinique de Rennes","og_description":"\u00ab \u00c7a fait rire ! \u00bb Lecture du Mot d\u2019esprit et sa relation \u00e0 l\u2019inconscient, de Freud Programme de l&rsquo;ann\u00e9e 2025-2026 &nbsp; Dur\u00e9e :\u00a010\u00a0heures 30 (7 jours) Horaires : 20h15-21h45 le jeudi Lieu : Askoria, 2 Avenue du Bois Labb\u00e9, 35000 Rennes Dates : Jeudi 27 novembre 2025 Jeudi 18\u2026 Continue reading","og_url":"http:\/\/www.sectionclinique-rennes.fr\/nuevo\/etudes\/les-jeudis-dintroduction\/atelier-dintroduction-a-la-psychanalyse\/","og_site_name":"La Section clinique de Rennes","article_modified_time":"2025-09-04T13:56:09+00:00","twitter_card":"summary_large_image","twitter_misc":{"Dur\u00e9e de lecture estim\u00e9e":"5 minutes"},"schema":{"@context":"https:\/\/schema.org","@graph":[{"@type":"WebPage","@id":"http:\/\/www.sectionclinique-rennes.fr\/nuevo\/etudes\/les-jeudis-dintroduction\/atelier-dintroduction-a-la-psychanalyse\/","url":"http:\/\/www.sectionclinique-rennes.fr\/nuevo\/etudes\/les-jeudis-dintroduction\/atelier-dintroduction-a-la-psychanalyse\/","name":"Atelier d'introduction \u00e0 la psychanalyse - La Section clinique de Rennes","isPartOf":{"@id":"http:\/\/www.sectionclinique-rennes.fr\/nuevo\/#website"},"datePublished":"2022-06-08T10:54:45+00:00","dateModified":"2025-09-04T13:56:09+00:00","breadcrumb":{"@id":"http:\/\/www.sectionclinique-rennes.fr\/nuevo\/etudes\/les-jeudis-dintroduction\/atelier-dintroduction-a-la-psychanalyse\/#breadcrumb"},"inLanguage":"fr-FR","potentialAction":[{"@type":"ReadAction","target":["http:\/\/www.sectionclinique-rennes.fr\/nuevo\/etudes\/les-jeudis-dintroduction\/atelier-dintroduction-a-la-psychanalyse\/"]}]},{"@type":"BreadcrumbList","@id":"http:\/\/www.sectionclinique-rennes.fr\/nuevo\/etudes\/les-jeudis-dintroduction\/atelier-dintroduction-a-la-psychanalyse\/#breadcrumb","itemListElement":[{"@type":"ListItem","position":1,"name":"Accueil","item":"http:\/\/www.sectionclinique-rennes.fr\/nuevo\/"},{"@type":"ListItem","position":2,"name":"Pr\u00e9sentation","item":"http:\/\/www.sectionclinique-rennes.fr\/nuevo\/etudes\/"},{"@type":"ListItem","position":3,"name":"Atelier d&rsquo;introduction \u00e0 la psychanalyse","item":"http:\/\/www.sectionclinique-rennes.fr\/nuevo\/etudes\/les-jeudis-dintroduction\/"},{"@type":"ListItem","position":4,"name":"Atelier d&rsquo;introduction \u00e0 la psychanalyse"}]},{"@type":"WebSite","@id":"http:\/\/www.sectionclinique-rennes.fr\/nuevo\/#website","url":"http:\/\/www.sectionclinique-rennes.fr\/nuevo\/","name":"La Section clinique de Rennes","description":"Association UFORCA","publisher":{"@id":"http:\/\/www.sectionclinique-rennes.fr\/nuevo\/#organization"},"potentialAction":[{"@type":"SearchAction","target":{"@type":"EntryPoint","urlTemplate":"http:\/\/www.sectionclinique-rennes.fr\/nuevo\/?s={search_term_string}"},"query-input":{"@type":"PropertyValueSpecification","valueRequired":true,"valueName":"search_term_string"}}],"inLanguage":"fr-FR"},{"@type":"Organization","@id":"http:\/\/www.sectionclinique-rennes.fr\/nuevo\/#organization","name":"Section clinique de Rennes - Association UFORCA","url":"http:\/\/www.sectionclinique-rennes.fr\/nuevo\/","logo":{"@type":"ImageObject","inLanguage":"fr-FR","@id":"http:\/\/www.sectionclinique-rennes.fr\/nuevo\/#\/schema\/logo\/image\/","url":"http:\/\/www.sectionclinique-rennes.fr\/nuevo\/wp-content\/uploads\/2015\/08\/logo.png","contentUrl":"http:\/\/www.sectionclinique-rennes.fr\/nuevo\/wp-content\/uploads\/2015\/08\/logo.png","width":1199,"height":276,"caption":"Section clinique de Rennes - Association UFORCA"},"image":{"@id":"http:\/\/www.sectionclinique-rennes.fr\/nuevo\/#\/schema\/logo\/image\/"}}]}},"_links":{"self":[{"href":"https:\/\/www.sectionclinique-rennes.fr\/nuevo\/wp-json\/wp\/v2\/pages\/2592","targetHints":{"allow":["GET"]}}],"collection":[{"href":"https:\/\/www.sectionclinique-rennes.fr\/nuevo\/wp-json\/wp\/v2\/pages"}],"about":[{"href":"https:\/\/www.sectionclinique-rennes.fr\/nuevo\/wp-json\/wp\/v2\/types\/page"}],"author":[{"embeddable":true,"href":"https:\/\/www.sectionclinique-rennes.fr\/nuevo\/wp-json\/wp\/v2\/users\/5"}],"replies":[{"embeddable":true,"href":"https:\/\/www.sectionclinique-rennes.fr\/nuevo\/wp-json\/wp\/v2\/comments?post=2592"}],"version-history":[{"count":26,"href":"https:\/\/www.sectionclinique-rennes.fr\/nuevo\/wp-json\/wp\/v2\/pages\/2592\/revisions"}],"predecessor-version":[{"id":3498,"href":"https:\/\/www.sectionclinique-rennes.fr\/nuevo\/wp-json\/wp\/v2\/pages\/2592\/revisions\/3498"}],"up":[{"embeddable":true,"href":"https:\/\/www.sectionclinique-rennes.fr\/nuevo\/wp-json\/wp\/v2\/pages\/468"}],"wp:attachment":[{"href":"https:\/\/www.sectionclinique-rennes.fr\/nuevo\/wp-json\/wp\/v2\/media?parent=2592"}],"curies":[{"name":"wp","href":"https:\/\/api.w.org\/{rel}","templated":true}]}}