{"id":2615,"date":"2022-06-20T12:12:41","date_gmt":"2022-06-20T11:12:41","guid":{"rendered":"http:\/\/www.sectionclinique-rennes.fr\/nuevo\/?page_id=2615"},"modified":"2025-04-15T09:41:47","modified_gmt":"2025-04-15T08:41:47","slug":"organigramme","status":"publish","type":"page","link":"https:\/\/www.sectionclinique-rennes.fr\/nuevo\/etudes\/organigramme\/","title":{"rendered":"Organigramme"},"content":{"rendered":"<p style=\"text-align: center;\"><strong>Organigramme<\/strong><\/p>\n<p style=\"text-align: center;\"><strong>UFORCA Rennes Septembre 2024<\/strong><\/p>\n<p>&nbsp;<\/p>\n<p style=\"text-align: left;\"><strong>Comit\u00e9 de coordination\u00a0:<\/strong><\/p>\n<ul>\n<li style=\"list-style-type: none;\">\n<ul>\n<li>Alice Delarue<\/li>\n<li>Caroline Doucet<\/li>\n<li>Pierre-Gilles Gueguen<\/li>\n<li>Jean Luc Monnier<\/li>\n<\/ul>\n<\/li>\n<\/ul>\n<p>&nbsp;<\/p>\n<ul>\n<li><strong>R\u00e9f\u00e9rent administratif\u00a0:<\/strong> Jean Luc Monnier<\/li>\n<li><strong>R\u00e9f\u00e9rent p\u00e9dagogique\u00a0: <\/strong>Caroline Doucet<\/li>\n<li><strong>Coordinateur Qualiopi\u00a0: <\/strong>Anne Colombel-Plouzennec<\/li>\n<li><strong>R\u00e9f\u00e9rent handicap\u00a0: <\/strong>Anne Colombel-Plouzennec<\/li>\n<li><strong>R\u00e9f\u00e9rent site internet\u00a0: <\/strong>Thomas Kusmierzyk<\/li>\n<\/ul>\n<p style=\"font-weight: 400;\"><strong>\u00a0<\/strong><\/p>\n<p><strong>R\u00e9f\u00e9rent p\u00e9dagogique<\/strong><\/p>\n<div>\n<div>\n<p class=\"bld\">Cette mission consiste \u00e0\u00a0:<\/p>\n<\/div>\n<div>\n<p class=\"bld\">&#8211; \u00eatre sp\u00e9cialiste dans son domaine d\u2019exercice\u00a0;<\/p>\n<\/div>\n<div>\n<p class=\"bld\">&#8211; s&rsquo;informer en permanence des r\u00e9glementations r\u00e9centes\u00a0;<\/p>\n<\/div>\n<div>\n<p class=\"bld\">&#8211; s&rsquo;informer, en permanence, des nouvelles orientations p\u00e9dagogiques, des m\u00e9thodes et pratiques de formation\u00a0;<\/p>\n<\/div>\n<div>\n<p>&#8211; \u00e9laborer les programmes de formation\u00a0;<\/p>\n<\/div>\n<div>\n<p>&#8211; mettre en place des outils p\u00e9dagogiques\u00a0;<\/p>\n<\/div>\n<div>\n<p>&#8211; favoriser des partenariats avec le r\u00e9seau local du domaine\u00a0;<\/p>\n<\/div>\n<div>\n<p class=\"bld\">&#8211; contribuer aux t\u00e2ches administratives et budg\u00e9taires de l\u2019organisme.<\/p>\n<\/div>\n<\/div>\n<p style=\"font-weight: 400;\"><strong>\u00a0<\/strong><\/p>\n<p><strong>R\u00e9f\u00e9rent handicap<\/strong><\/p>\n<p style=\"font-weight: 400;\">Cette mission consiste \u00e0 favoriser l\u2019int\u00e9gration des personnes en situation de handicap en formation. Ses activit\u00e9s sont les suivantes\u00a0:<\/p>\n<ul>\n<li>Rester inform\u00e9 du volet r\u00e9glementaire\u00a0;<\/li>\n<li>Cr\u00e9er, d\u00e9velopper, et s\u2019appuyer sur un r\u00e9seau de partenaires externes pour pouvoir am\u00e9nager les formations autant que n\u00e9cessaire et orienter les personnes le cas \u00e9ch\u00e9ant\u00a0;<\/li>\n<li>D\u00e9velopper l\u2019accessibilit\u00e9\u00a0des personnes en situation de handicap aux formations\u00a0:\n<ul>\n<li>D\u00e9velopper des ressources et savoir-faire pour favoriser la formation des personnes en situation de handicap\u00a0;<\/li>\n<li>Favoriser la communication sur l\u2019accessibilit\u00e9\u00a0des formations aupr\u00e8s des publics et des partenaires\u00a0;<\/li>\n<li>Favoriser le rep\u00e9rage des personnes en situation de handicap en amont des formations et d\u00e8s la phase d\u2019accueil et s\u2019assurer d\u2019une communication sur les possibilit\u00e9s d\u2019am\u00e9nagement des modalit\u00e9s de la formation\u00a0;<\/li>\n<li>Veiller \u00e0\u00a0une \u00e9galit\u00e9\u00a0de traitement lors de toutes les phases de formation.<\/li>\n<\/ul>\n<\/li>\n<\/ul>\n<p>&nbsp;<\/p>\n<p><strong>Enseignants<\/strong><\/p>\n<ul>\n<li><em>Romain Aub\u00e9, <\/em><\/li>\n<li><em>Emmanuelle Borgnis-Desbordes, <\/em><\/li>\n<li><em>Damien Bott\u00e9,<\/em><\/li>\n<li><em>Fr\u00e9d\u00e9rique Bouvet, <\/em><\/li>\n<li><em>Dominique Carpentier,<\/em><\/li>\n<li><em>Anne Colombel-Plouzennec, <\/em><\/li>\n<li><em>Philippe Carpentier, <\/em><\/li>\n<li><em>Myriam Ch\u00e9rel,<\/em><\/li>\n<li><em>Anne Combot,<\/em><\/li>\n<li><em>Alice Delarue, Beno\u00eet Delarue,<\/em><\/li>\n<li><em>Jean-No\u00ebl Donnart,<\/em><\/li>\n<li><em>Caroline Doucet,<\/em><\/li>\n<li><em>Dr Jean-Charles Douchet, <\/em><\/li>\n<li><em>Marcel Eydoux,<\/em><\/li>\n<li><em>Pr Michel Grollier, <\/em><\/li>\n<li><em>Pierre-Gilles Gu\u00e9guen,<\/em><\/li>\n<li><em>No\u00e9mie Jan, <\/em><\/li>\n<li><em>Laetitia Jodeau-Belle, <\/em><\/li>\n<li><em>Jeanne Joucla,<\/em><\/li>\n<li><em>Thomas Kusmierzyk,<\/em><\/li>\n<li><em>Alain Le Bou\u00ebtt\u00e9,<\/em><\/li>\n<li><em>Anne-Marie Le Mercier,<\/em><\/li>\n<li><em>Pr Jean-Claude Maleval,<\/em><\/li>\n<li><em>Martine Marhadour, <\/em><\/li>\n<li><em>Pr Sophie Marret-Maleval,<\/em><\/li>\n<li><em>Jean Luc Monnier,<\/em><\/li>\n<li><em>Ariane Oger,<\/em><\/li>\n<li><em>Dr Dani\u00e8le Olive,<\/em><\/li>\n<li><em>Laurent Ottavi,<\/em><\/li>\n<li><em>Isabelle Rialet-Meneux,<\/em><\/li>\n<li><em>Christelle Sandras,<\/em><\/li>\n<li><em>C\u00e9cile Wojnarowski<\/em><strong><br \/>\n<\/strong><\/li>\n<\/ul>\n<p style=\"font-weight: 400;\"><strong>Signature\u00a0:<\/strong><\/p>\n<p style=\"font-weight: 400;\">Jean Luc Monnier<\/p>\n<p>&nbsp;<\/p>\n<h6><strong><em>Derni\u00e8re modification : 02\/09\/2024<\/em><\/strong><\/h6>\n","protected":false},"excerpt":{"rendered":"<p>Organigramme UFORCA Rennes Septembre 2024 &nbsp; Comit\u00e9 de coordination\u00a0: Alice Delarue Caroline Doucet Pierre-Gilles Gueguen Jean Luc Monnier &nbsp; R\u00e9f\u00e9rent administratif\u00a0: Jean Luc Monnier R\u00e9f\u00e9rent p\u00e9dagogique\u00a0: Caroline Doucet Coordinateur Qualiopi\u00a0: Anne Colombel-Plouzennec R\u00e9f\u00e9rent handicap\u00a0: Anne Colombel-Plouzennec R\u00e9f\u00e9rent site internet\u00a0: Thomas Kusmierzyk \u00a0 R\u00e9f\u00e9rent p\u00e9dagogique Cette mission consiste \u00e0\u00a0: &#8211; \u00eatre\u2026<\/p>\n<p> <a class=\"continue-reading-link\" href=\"https:\/\/www.sectionclinique-rennes.fr\/nuevo\/etudes\/organigramme\/\"><span>Continue reading<\/span><i class=\"crycon-right-dir\"><\/i><\/a> <\/p>\n","protected":false},"author":5,"featured_media":0,"parent":16,"menu_order":5,"comment_status":"closed","ping_status":"closed","template":"","meta":{"_monsterinsights_skip_tracking":false,"_monsterinsights_sitenote_active":false,"_monsterinsights_sitenote_note":"","_monsterinsights_sitenote_category":0,"footnotes":""},"class_list":["post-2615","page","type-page","status-publish","hentry"],"yoast_head":"<!-- This site is optimized with the Yoast SEO plugin v25.5 - https:\/\/yoast.com\/wordpress\/plugins\/seo\/ -->\n<title>Organigramme - La Section clinique de Rennes<\/title>\n<meta name=\"robots\" content=\"index, follow, max-snippet:-1, max-image-preview:large, max-video-preview:-1\" \/>\n<link rel=\"canonical\" href=\"http:\/\/www.sectionclinique-rennes.fr\/nuevo\/etudes\/organigramme\/\" \/>\n<meta property=\"og:locale\" content=\"fr_FR\" \/>\n<meta property=\"og:type\" content=\"article\" \/>\n<meta property=\"og:title\" content=\"Organigramme - La Section clinique de Rennes\" \/>\n<meta property=\"og:description\" content=\"Organigramme UFORCA Rennes Septembre 2024 &nbsp; Comit\u00e9 de coordination\u00a0: Alice Delarue Caroline Doucet Pierre-Gilles Gueguen Jean Luc Monnier &nbsp; R\u00e9f\u00e9rent administratif\u00a0: Jean Luc Monnier R\u00e9f\u00e9rent p\u00e9dagogique\u00a0: Caroline Doucet Coordinateur Qualiopi\u00a0: Anne Colombel-Plouzennec R\u00e9f\u00e9rent handicap\u00a0: Anne Colombel-Plouzennec R\u00e9f\u00e9rent site internet\u00a0: Thomas Kusmierzyk \u00a0 R\u00e9f\u00e9rent p\u00e9dagogique Cette mission consiste \u00e0\u00a0: &#8211; \u00eatre\u2026 Continue reading\" \/>\n<meta property=\"og:url\" content=\"http:\/\/www.sectionclinique-rennes.fr\/nuevo\/etudes\/organigramme\/\" \/>\n<meta property=\"og:site_name\" content=\"La Section clinique de Rennes\" \/>\n<meta property=\"article:modified_time\" content=\"2025-04-15T08:41:47+00:00\" \/>\n<meta name=\"twitter:card\" content=\"summary_large_image\" \/>\n<meta name=\"twitter:label1\" content=\"Dur\u00e9e de lecture estim\u00e9e\" \/>\n\t<meta name=\"twitter:data1\" content=\"2 minutes\" \/>\n<script type=\"application\/ld+json\" class=\"yoast-schema-graph\">{\"@context\":\"https:\/\/schema.org\",\"@graph\":[{\"@type\":\"WebPage\",\"@id\":\"http:\/\/www.sectionclinique-rennes.fr\/nuevo\/etudes\/organigramme\/\",\"url\":\"http:\/\/www.sectionclinique-rennes.fr\/nuevo\/etudes\/organigramme\/\",\"name\":\"Organigramme - La Section clinique de Rennes\",\"isPartOf\":{\"@id\":\"http:\/\/www.sectionclinique-rennes.fr\/nuevo\/#website\"},\"datePublished\":\"2022-06-20T11:12:41+00:00\",\"dateModified\":\"2025-04-15T08:41:47+00:00\",\"breadcrumb\":{\"@id\":\"http:\/\/www.sectionclinique-rennes.fr\/nuevo\/etudes\/organigramme\/#breadcrumb\"},\"inLanguage\":\"fr-FR\",\"potentialAction\":[{\"@type\":\"ReadAction\",\"target\":[\"http:\/\/www.sectionclinique-rennes.fr\/nuevo\/etudes\/organigramme\/\"]}]},{\"@type\":\"BreadcrumbList\",\"@id\":\"http:\/\/www.sectionclinique-rennes.fr\/nuevo\/etudes\/organigramme\/#breadcrumb\",\"itemListElement\":[{\"@type\":\"ListItem\",\"position\":1,\"name\":\"Accueil\",\"item\":\"http:\/\/www.sectionclinique-rennes.fr\/nuevo\/\"},{\"@type\":\"ListItem\",\"position\":2,\"name\":\"Pr\u00e9sentation\",\"item\":\"http:\/\/www.sectionclinique-rennes.fr\/nuevo\/etudes\/\"},{\"@type\":\"ListItem\",\"position\":3,\"name\":\"Organigramme\"}]},{\"@type\":\"WebSite\",\"@id\":\"http:\/\/www.sectionclinique-rennes.fr\/nuevo\/#website\",\"url\":\"http:\/\/www.sectionclinique-rennes.fr\/nuevo\/\",\"name\":\"La Section clinique de Rennes\",\"description\":\"Association UFORCA\",\"publisher\":{\"@id\":\"http:\/\/www.sectionclinique-rennes.fr\/nuevo\/#organization\"},\"potentialAction\":[{\"@type\":\"SearchAction\",\"target\":{\"@type\":\"EntryPoint\",\"urlTemplate\":\"http:\/\/www.sectionclinique-rennes.fr\/nuevo\/?s={search_term_string}\"},\"query-input\":{\"@type\":\"PropertyValueSpecification\",\"valueRequired\":true,\"valueName\":\"search_term_string\"}}],\"inLanguage\":\"fr-FR\"},{\"@type\":\"Organization\",\"@id\":\"http:\/\/www.sectionclinique-rennes.fr\/nuevo\/#organization\",\"name\":\"Section clinique de Rennes - Association UFORCA\",\"url\":\"http:\/\/www.sectionclinique-rennes.fr\/nuevo\/\",\"logo\":{\"@type\":\"ImageObject\",\"inLanguage\":\"fr-FR\",\"@id\":\"http:\/\/www.sectionclinique-rennes.fr\/nuevo\/#\/schema\/logo\/image\/\",\"url\":\"http:\/\/www.sectionclinique-rennes.fr\/nuevo\/wp-content\/uploads\/2015\/08\/logo.png\",\"contentUrl\":\"http:\/\/www.sectionclinique-rennes.fr\/nuevo\/wp-content\/uploads\/2015\/08\/logo.png\",\"width\":1199,\"height\":276,\"caption\":\"Section clinique de Rennes - Association UFORCA\"},\"image\":{\"@id\":\"http:\/\/www.sectionclinique-rennes.fr\/nuevo\/#\/schema\/logo\/image\/\"}}]}<\/script>\n<!-- \/ Yoast SEO plugin. -->","yoast_head_json":{"title":"Organigramme - La Section clinique de Rennes","robots":{"index":"index","follow":"follow","max-snippet":"max-snippet:-1","max-image-preview":"max-image-preview:large","max-video-preview":"max-video-preview:-1"},"canonical":"http:\/\/www.sectionclinique-rennes.fr\/nuevo\/etudes\/organigramme\/","og_locale":"fr_FR","og_type":"article","og_title":"Organigramme - La Section clinique de Rennes","og_description":"Organigramme UFORCA Rennes Septembre 2024 &nbsp; Comit\u00e9 de coordination\u00a0: Alice Delarue Caroline Doucet Pierre-Gilles Gueguen Jean Luc Monnier &nbsp; R\u00e9f\u00e9rent administratif\u00a0: Jean Luc Monnier R\u00e9f\u00e9rent p\u00e9dagogique\u00a0: Caroline Doucet Coordinateur Qualiopi\u00a0: Anne Colombel-Plouzennec R\u00e9f\u00e9rent handicap\u00a0: Anne Colombel-Plouzennec R\u00e9f\u00e9rent site internet\u00a0: Thomas Kusmierzyk \u00a0 R\u00e9f\u00e9rent p\u00e9dagogique Cette mission consiste \u00e0\u00a0: &#8211; \u00eatre\u2026 Continue reading","og_url":"http:\/\/www.sectionclinique-rennes.fr\/nuevo\/etudes\/organigramme\/","og_site_name":"La Section clinique de Rennes","article_modified_time":"2025-04-15T08:41:47+00:00","twitter_card":"summary_large_image","twitter_misc":{"Dur\u00e9e de lecture estim\u00e9e":"2 minutes"},"schema":{"@context":"https:\/\/schema.org","@graph":[{"@type":"WebPage","@id":"http:\/\/www.sectionclinique-rennes.fr\/nuevo\/etudes\/organigramme\/","url":"http:\/\/www.sectionclinique-rennes.fr\/nuevo\/etudes\/organigramme\/","name":"Organigramme - La Section clinique de Rennes","isPartOf":{"@id":"http:\/\/www.sectionclinique-rennes.fr\/nuevo\/#website"},"datePublished":"2022-06-20T11:12:41+00:00","dateModified":"2025-04-15T08:41:47+00:00","breadcrumb":{"@id":"http:\/\/www.sectionclinique-rennes.fr\/nuevo\/etudes\/organigramme\/#breadcrumb"},"inLanguage":"fr-FR","potentialAction":[{"@type":"ReadAction","target":["http:\/\/www.sectionclinique-rennes.fr\/nuevo\/etudes\/organigramme\/"]}]},{"@type":"BreadcrumbList","@id":"http:\/\/www.sectionclinique-rennes.fr\/nuevo\/etudes\/organigramme\/#breadcrumb","itemListElement":[{"@type":"ListItem","position":1,"name":"Accueil","item":"http:\/\/www.sectionclinique-rennes.fr\/nuevo\/"},{"@type":"ListItem","position":2,"name":"Pr\u00e9sentation","item":"http:\/\/www.sectionclinique-rennes.fr\/nuevo\/etudes\/"},{"@type":"ListItem","position":3,"name":"Organigramme"}]},{"@type":"WebSite","@id":"http:\/\/www.sectionclinique-rennes.fr\/nuevo\/#website","url":"http:\/\/www.sectionclinique-rennes.fr\/nuevo\/","name":"La Section clinique de Rennes","description":"Association UFORCA","publisher":{"@id":"http:\/\/www.sectionclinique-rennes.fr\/nuevo\/#organization"},"potentialAction":[{"@type":"SearchAction","target":{"@type":"EntryPoint","urlTemplate":"http:\/\/www.sectionclinique-rennes.fr\/nuevo\/?s={search_term_string}"},"query-input":{"@type":"PropertyValueSpecification","valueRequired":true,"valueName":"search_term_string"}}],"inLanguage":"fr-FR"},{"@type":"Organization","@id":"http:\/\/www.sectionclinique-rennes.fr\/nuevo\/#organization","name":"Section clinique de Rennes - Association UFORCA","url":"http:\/\/www.sectionclinique-rennes.fr\/nuevo\/","logo":{"@type":"ImageObject","inLanguage":"fr-FR","@id":"http:\/\/www.sectionclinique-rennes.fr\/nuevo\/#\/schema\/logo\/image\/","url":"http:\/\/www.sectionclinique-rennes.fr\/nuevo\/wp-content\/uploads\/2015\/08\/logo.png","contentUrl":"http:\/\/www.sectionclinique-rennes.fr\/nuevo\/wp-content\/uploads\/2015\/08\/logo.png","width":1199,"height":276,"caption":"Section clinique de Rennes - Association UFORCA"},"image":{"@id":"http:\/\/www.sectionclinique-rennes.fr\/nuevo\/#\/schema\/logo\/image\/"}}]}},"_links":{"self":[{"href":"https:\/\/www.sectionclinique-rennes.fr\/nuevo\/wp-json\/wp\/v2\/pages\/2615","targetHints":{"allow":["GET"]}}],"collection":[{"href":"https:\/\/www.sectionclinique-rennes.fr\/nuevo\/wp-json\/wp\/v2\/pages"}],"about":[{"href":"https:\/\/www.sectionclinique-rennes.fr\/nuevo\/wp-json\/wp\/v2\/types\/page"}],"author":[{"embeddable":true,"href":"https:\/\/www.sectionclinique-rennes.fr\/nuevo\/wp-json\/wp\/v2\/users\/5"}],"replies":[{"embeddable":true,"href":"https:\/\/www.sectionclinique-rennes.fr\/nuevo\/wp-json\/wp\/v2\/comments?post=2615"}],"version-history":[{"count":8,"href":"https:\/\/www.sectionclinique-rennes.fr\/nuevo\/wp-json\/wp\/v2\/pages\/2615\/revisions"}],"predecessor-version":[{"id":3386,"href":"https:\/\/www.sectionclinique-rennes.fr\/nuevo\/wp-json\/wp\/v2\/pages\/2615\/revisions\/3386"}],"up":[{"embeddable":true,"href":"https:\/\/www.sectionclinique-rennes.fr\/nuevo\/wp-json\/wp\/v2\/pages\/16"}],"wp:attachment":[{"href":"https:\/\/www.sectionclinique-rennes.fr\/nuevo\/wp-json\/wp\/v2\/media?parent=2615"}],"curies":[{"name":"wp","href":"https:\/\/api.w.org\/{rel}","templated":true}]}}