{"id":2973,"date":"2022-07-06T14:44:13","date_gmt":"2022-07-06T13:44:13","guid":{"rendered":"http:\/\/www.sectionclinique-rennes.fr\/nuevo\/?page_id=2973"},"modified":"2022-07-06T15:01:20","modified_gmt":"2022-07-06T14:01:20","slug":"position-psychanalytique-contre-le-dogmatisme-applique-a-lautisme","status":"publish","type":"page","link":"https:\/\/www.sectionclinique-rennes.fr\/nuevo\/publication\/position-psychanalytique-contre-le-dogmatisme-applique-a-lautisme\/","title":{"rendered":"Position psychanalytique contre le dogmatisme appliqu\u00e9 \u00e0 l&rsquo;autisme"},"content":{"rendered":"<p>En cliquant sur <a href=\"http:\/\/www.sectionclinique-rennes.fr\/nuevo\/wp-content\/uploads\/2022\/07\/Brochure-autisme-2.pdf\">ce lien<\/a> vous trouverez une \u00e9tude remarquable qui fait le point sur l\u2019autisme et sur les diff\u00e9rentes propositions causales en montrant qu&rsquo;aucune n\u2019a la primaut\u00e9 tant \u00ab\u00a0la cause de l\u2019autisme reste insaisissable\u00a0\u00bb. Mais surtout cette \u00e9tude met en valeur que quel que soit cette cause \u00ab\u00a0le sujet autiste est un sujet plastique\u00a0\u00bb et que son devenir de sujet n\u2019est en aucun cas inscrit dans ses g\u00e8nes mais d\u00e9pend essentiellement de son mode de prise en charge. Vous y lirez que l\u2019HAS s\u2019est rang\u00e9e depuis \u00e0 cet avis et que ses pr\u00e9c\u00e9dentes recommandations \u2013qui n\u2019ont jamais \u00e9t\u00e9 des obligations- sont d\u00e9sormais obsol\u00e8tes.<\/p>\n<p>&nbsp;<\/p>\n<h6 style=\"font-weight: 400;\"><strong><em>Derni\u00e8re modification : 06\/07\/2022<\/em><\/strong><\/h6>\n","protected":false},"excerpt":{"rendered":"<p>En cliquant sur ce lien vous trouverez une \u00e9tude remarquable qui fait le point sur l\u2019autisme et sur les diff\u00e9rentes propositions causales en montrant qu&rsquo;aucune n\u2019a la primaut\u00e9 tant \u00ab\u00a0la cause de l\u2019autisme reste insaisissable\u00a0\u00bb. Mais surtout cette \u00e9tude met en valeur que quel que soit cette cause \u00ab\u00a0le sujet\u2026<\/p>\n<p> <a class=\"continue-reading-link\" href=\"https:\/\/www.sectionclinique-rennes.fr\/nuevo\/publication\/position-psychanalytique-contre-le-dogmatisme-applique-a-lautisme\/\"><span>Continue reading<\/span><i class=\"crycon-right-dir\"><\/i><\/a> <\/p>\n","protected":false},"author":5,"featured_media":0,"parent":22,"menu_order":4,"comment_status":"closed","ping_status":"closed","template":"","meta":{"_monsterinsights_skip_tracking":false,"_monsterinsights_sitenote_active":false,"_monsterinsights_sitenote_note":"","_monsterinsights_sitenote_category":0,"footnotes":""},"class_list":["post-2973","page","type-page","status-publish","hentry"],"yoast_head":"<!-- This site is optimized with the Yoast SEO plugin v25.5 - https:\/\/yoast.com\/wordpress\/plugins\/seo\/ -->\n<title>Position psychanalytique contre le dogmatisme appliqu\u00e9 \u00e0 l&#039;autisme - La Section clinique de Rennes<\/title>\n<meta name=\"robots\" content=\"index, follow, max-snippet:-1, max-image-preview:large, max-video-preview:-1\" \/>\n<link rel=\"canonical\" href=\"http:\/\/www.sectionclinique-rennes.fr\/nuevo\/publication\/position-psychanalytique-contre-le-dogmatisme-applique-a-lautisme\/\" \/>\n<meta property=\"og:locale\" content=\"fr_FR\" \/>\n<meta property=\"og:type\" content=\"article\" \/>\n<meta property=\"og:title\" content=\"Position psychanalytique contre le dogmatisme appliqu\u00e9 \u00e0 l&#039;autisme - La Section clinique de Rennes\" \/>\n<meta property=\"og:description\" content=\"En cliquant sur ce lien vous trouverez une \u00e9tude remarquable qui fait le point sur l\u2019autisme et sur les diff\u00e9rentes propositions causales en montrant qu&rsquo;aucune n\u2019a la primaut\u00e9 tant \u00ab\u00a0la cause de l\u2019autisme reste insaisissable\u00a0\u00bb. Mais surtout cette \u00e9tude met en valeur que quel que soit cette cause \u00ab\u00a0le sujet\u2026 Continue reading\" \/>\n<meta property=\"og:url\" content=\"http:\/\/www.sectionclinique-rennes.fr\/nuevo\/publication\/position-psychanalytique-contre-le-dogmatisme-applique-a-lautisme\/\" \/>\n<meta property=\"og:site_name\" content=\"La Section clinique de Rennes\" \/>\n<meta property=\"article:modified_time\" content=\"2022-07-06T14:01:20+00:00\" \/>\n<meta name=\"twitter:card\" content=\"summary_large_image\" \/>\n<meta name=\"twitter:label1\" content=\"Dur\u00e9e de lecture estim\u00e9e\" \/>\n\t<meta name=\"twitter:data1\" content=\"1 minute\" \/>\n<script type=\"application\/ld+json\" class=\"yoast-schema-graph\">{\"@context\":\"https:\/\/schema.org\",\"@graph\":[{\"@type\":\"WebPage\",\"@id\":\"http:\/\/www.sectionclinique-rennes.fr\/nuevo\/publication\/position-psychanalytique-contre-le-dogmatisme-applique-a-lautisme\/\",\"url\":\"http:\/\/www.sectionclinique-rennes.fr\/nuevo\/publication\/position-psychanalytique-contre-le-dogmatisme-applique-a-lautisme\/\",\"name\":\"Position psychanalytique contre le dogmatisme appliqu\u00e9 \u00e0 l'autisme - La Section clinique de Rennes\",\"isPartOf\":{\"@id\":\"http:\/\/www.sectionclinique-rennes.fr\/nuevo\/#website\"},\"datePublished\":\"2022-07-06T13:44:13+00:00\",\"dateModified\":\"2022-07-06T14:01:20+00:00\",\"breadcrumb\":{\"@id\":\"http:\/\/www.sectionclinique-rennes.fr\/nuevo\/publication\/position-psychanalytique-contre-le-dogmatisme-applique-a-lautisme\/#breadcrumb\"},\"inLanguage\":\"fr-FR\",\"potentialAction\":[{\"@type\":\"ReadAction\",\"target\":[\"http:\/\/www.sectionclinique-rennes.fr\/nuevo\/publication\/position-psychanalytique-contre-le-dogmatisme-applique-a-lautisme\/\"]}]},{\"@type\":\"BreadcrumbList\",\"@id\":\"http:\/\/www.sectionclinique-rennes.fr\/nuevo\/publication\/position-psychanalytique-contre-le-dogmatisme-applique-a-lautisme\/#breadcrumb\",\"itemListElement\":[{\"@type\":\"ListItem\",\"position\":1,\"name\":\"Accueil\",\"item\":\"http:\/\/www.sectionclinique-rennes.fr\/nuevo\/\"},{\"@type\":\"ListItem\",\"position\":2,\"name\":\"Publications\",\"item\":\"https:\/\/www.sectionclinique-rennes.fr\/nuevo\/publication\/\"},{\"@type\":\"ListItem\",\"position\":3,\"name\":\"Position psychanalytique contre le dogmatisme appliqu\u00e9 \u00e0 l&rsquo;autisme\"}]},{\"@type\":\"WebSite\",\"@id\":\"http:\/\/www.sectionclinique-rennes.fr\/nuevo\/#website\",\"url\":\"http:\/\/www.sectionclinique-rennes.fr\/nuevo\/\",\"name\":\"La Section clinique de Rennes\",\"description\":\"Association UFORCA\",\"publisher\":{\"@id\":\"http:\/\/www.sectionclinique-rennes.fr\/nuevo\/#organization\"},\"potentialAction\":[{\"@type\":\"SearchAction\",\"target\":{\"@type\":\"EntryPoint\",\"urlTemplate\":\"http:\/\/www.sectionclinique-rennes.fr\/nuevo\/?s={search_term_string}\"},\"query-input\":{\"@type\":\"PropertyValueSpecification\",\"valueRequired\":true,\"valueName\":\"search_term_string\"}}],\"inLanguage\":\"fr-FR\"},{\"@type\":\"Organization\",\"@id\":\"http:\/\/www.sectionclinique-rennes.fr\/nuevo\/#organization\",\"name\":\"Section clinique de Rennes - Association UFORCA\",\"url\":\"http:\/\/www.sectionclinique-rennes.fr\/nuevo\/\",\"logo\":{\"@type\":\"ImageObject\",\"inLanguage\":\"fr-FR\",\"@id\":\"http:\/\/www.sectionclinique-rennes.fr\/nuevo\/#\/schema\/logo\/image\/\",\"url\":\"http:\/\/www.sectionclinique-rennes.fr\/nuevo\/wp-content\/uploads\/2015\/08\/logo.png\",\"contentUrl\":\"http:\/\/www.sectionclinique-rennes.fr\/nuevo\/wp-content\/uploads\/2015\/08\/logo.png\",\"width\":1199,\"height\":276,\"caption\":\"Section clinique de Rennes - Association UFORCA\"},\"image\":{\"@id\":\"http:\/\/www.sectionclinique-rennes.fr\/nuevo\/#\/schema\/logo\/image\/\"}}]}<\/script>\n<!-- \/ Yoast SEO plugin. -->","yoast_head_json":{"title":"Position psychanalytique contre le dogmatisme appliqu\u00e9 \u00e0 l'autisme - La Section clinique de Rennes","robots":{"index":"index","follow":"follow","max-snippet":"max-snippet:-1","max-image-preview":"max-image-preview:large","max-video-preview":"max-video-preview:-1"},"canonical":"http:\/\/www.sectionclinique-rennes.fr\/nuevo\/publication\/position-psychanalytique-contre-le-dogmatisme-applique-a-lautisme\/","og_locale":"fr_FR","og_type":"article","og_title":"Position psychanalytique contre le dogmatisme appliqu\u00e9 \u00e0 l'autisme - La Section clinique de Rennes","og_description":"En cliquant sur ce lien vous trouverez une \u00e9tude remarquable qui fait le point sur l\u2019autisme et sur les diff\u00e9rentes propositions causales en montrant qu&rsquo;aucune n\u2019a la primaut\u00e9 tant \u00ab\u00a0la cause de l\u2019autisme reste insaisissable\u00a0\u00bb. Mais surtout cette \u00e9tude met en valeur que quel que soit cette cause \u00ab\u00a0le sujet\u2026 Continue reading","og_url":"http:\/\/www.sectionclinique-rennes.fr\/nuevo\/publication\/position-psychanalytique-contre-le-dogmatisme-applique-a-lautisme\/","og_site_name":"La Section clinique de Rennes","article_modified_time":"2022-07-06T14:01:20+00:00","twitter_card":"summary_large_image","twitter_misc":{"Dur\u00e9e de lecture estim\u00e9e":"1 minute"},"schema":{"@context":"https:\/\/schema.org","@graph":[{"@type":"WebPage","@id":"http:\/\/www.sectionclinique-rennes.fr\/nuevo\/publication\/position-psychanalytique-contre-le-dogmatisme-applique-a-lautisme\/","url":"http:\/\/www.sectionclinique-rennes.fr\/nuevo\/publication\/position-psychanalytique-contre-le-dogmatisme-applique-a-lautisme\/","name":"Position psychanalytique contre le dogmatisme appliqu\u00e9 \u00e0 l'autisme - La Section clinique de Rennes","isPartOf":{"@id":"http:\/\/www.sectionclinique-rennes.fr\/nuevo\/#website"},"datePublished":"2022-07-06T13:44:13+00:00","dateModified":"2022-07-06T14:01:20+00:00","breadcrumb":{"@id":"http:\/\/www.sectionclinique-rennes.fr\/nuevo\/publication\/position-psychanalytique-contre-le-dogmatisme-applique-a-lautisme\/#breadcrumb"},"inLanguage":"fr-FR","potentialAction":[{"@type":"ReadAction","target":["http:\/\/www.sectionclinique-rennes.fr\/nuevo\/publication\/position-psychanalytique-contre-le-dogmatisme-applique-a-lautisme\/"]}]},{"@type":"BreadcrumbList","@id":"http:\/\/www.sectionclinique-rennes.fr\/nuevo\/publication\/position-psychanalytique-contre-le-dogmatisme-applique-a-lautisme\/#breadcrumb","itemListElement":[{"@type":"ListItem","position":1,"name":"Accueil","item":"http:\/\/www.sectionclinique-rennes.fr\/nuevo\/"},{"@type":"ListItem","position":2,"name":"Publications","item":"https:\/\/www.sectionclinique-rennes.fr\/nuevo\/publication\/"},{"@type":"ListItem","position":3,"name":"Position psychanalytique contre le dogmatisme appliqu\u00e9 \u00e0 l&rsquo;autisme"}]},{"@type":"WebSite","@id":"http:\/\/www.sectionclinique-rennes.fr\/nuevo\/#website","url":"http:\/\/www.sectionclinique-rennes.fr\/nuevo\/","name":"La Section clinique de Rennes","description":"Association UFORCA","publisher":{"@id":"http:\/\/www.sectionclinique-rennes.fr\/nuevo\/#organization"},"potentialAction":[{"@type":"SearchAction","target":{"@type":"EntryPoint","urlTemplate":"http:\/\/www.sectionclinique-rennes.fr\/nuevo\/?s={search_term_string}"},"query-input":{"@type":"PropertyValueSpecification","valueRequired":true,"valueName":"search_term_string"}}],"inLanguage":"fr-FR"},{"@type":"Organization","@id":"http:\/\/www.sectionclinique-rennes.fr\/nuevo\/#organization","name":"Section clinique de Rennes - Association UFORCA","url":"http:\/\/www.sectionclinique-rennes.fr\/nuevo\/","logo":{"@type":"ImageObject","inLanguage":"fr-FR","@id":"http:\/\/www.sectionclinique-rennes.fr\/nuevo\/#\/schema\/logo\/image\/","url":"http:\/\/www.sectionclinique-rennes.fr\/nuevo\/wp-content\/uploads\/2015\/08\/logo.png","contentUrl":"http:\/\/www.sectionclinique-rennes.fr\/nuevo\/wp-content\/uploads\/2015\/08\/logo.png","width":1199,"height":276,"caption":"Section clinique de Rennes - Association UFORCA"},"image":{"@id":"http:\/\/www.sectionclinique-rennes.fr\/nuevo\/#\/schema\/logo\/image\/"}}]}},"_links":{"self":[{"href":"https:\/\/www.sectionclinique-rennes.fr\/nuevo\/wp-json\/wp\/v2\/pages\/2973","targetHints":{"allow":["GET"]}}],"collection":[{"href":"https:\/\/www.sectionclinique-rennes.fr\/nuevo\/wp-json\/wp\/v2\/pages"}],"about":[{"href":"https:\/\/www.sectionclinique-rennes.fr\/nuevo\/wp-json\/wp\/v2\/types\/page"}],"author":[{"embeddable":true,"href":"https:\/\/www.sectionclinique-rennes.fr\/nuevo\/wp-json\/wp\/v2\/users\/5"}],"replies":[{"embeddable":true,"href":"https:\/\/www.sectionclinique-rennes.fr\/nuevo\/wp-json\/wp\/v2\/comments?post=2973"}],"version-history":[{"count":2,"href":"https:\/\/www.sectionclinique-rennes.fr\/nuevo\/wp-json\/wp\/v2\/pages\/2973\/revisions"}],"predecessor-version":[{"id":2976,"href":"https:\/\/www.sectionclinique-rennes.fr\/nuevo\/wp-json\/wp\/v2\/pages\/2973\/revisions\/2976"}],"up":[{"embeddable":true,"href":"https:\/\/www.sectionclinique-rennes.fr\/nuevo\/wp-json\/wp\/v2\/pages\/22"}],"wp:attachment":[{"href":"https:\/\/www.sectionclinique-rennes.fr\/nuevo\/wp-json\/wp\/v2\/media?parent=2973"}],"curies":[{"name":"wp","href":"https:\/\/api.w.org\/{rel}","templated":true}]}}