{"id":782,"date":"2015-09-13T23:26:47","date_gmt":"2015-09-13T22:26:47","guid":{"rendered":"http:\/\/www.sectionclinique-rennes.fr\/nuevo\/?page_id=782"},"modified":"2022-06-21T20:05:39","modified_gmt":"2022-06-21T19:05:39","slug":"le-cercle-2","status":"publish","type":"page","link":"https:\/\/www.sectionclinique-rennes.fr\/nuevo\/etudes\/le-cercle-2\/","title":{"rendered":"Le Cercle"},"content":{"rendered":"<p><a href=\"http:\/\/www.sectionclinique-rennes.fr\/nuevo\/wp-content\/uploads\/2015\/08\/Odorico-7.png\"><img loading=\"lazy\" decoding=\"async\" class=\"size-medium wp-image-460 alignleft\" src=\"http:\/\/www.sectionclinique-rennes.fr\/nuevo\/wp-content\/uploads\/2015\/08\/Odorico-7-300x254.png\" alt=\"\" width=\"300\" height=\"254\" srcset=\"https:\/\/www.sectionclinique-rennes.fr\/nuevo\/wp-content\/uploads\/2015\/08\/Odorico-7-300x254.png 300w, https:\/\/www.sectionclinique-rennes.fr\/nuevo\/wp-content\/uploads\/2015\/08\/Odorico-7-177x150.png 177w, https:\/\/www.sectionclinique-rennes.fr\/nuevo\/wp-content\/uploads\/2015\/08\/Odorico-7-150x127.png 150w, https:\/\/www.sectionclinique-rennes.fr\/nuevo\/wp-content\/uploads\/2015\/08\/Odorico-7.png 626w\" sizes=\"auto, (max-width: 300px) 100vw, 300px\" \/><\/a>Le Cercle de la section clinique de Rennes (Centre d\u2019Etude et de Recherche en Clinique Lacanienne) est constitu\u00e9 de participants chevronn\u00e9s qui accompagnent les travaux de la section clinique depuis plusieurs ann\u00e9es, et dont les pr\u00e9sentations cliniques ont \u00e9t\u00e9 distingu\u00e9es.<\/p>\n<p style=\"text-align: justify;\">L\u2019int\u00e9gration dans le Cercle se fait sur proposition d\u2019un ou de plusieurs enseignants, avec l\u2019accord du comit\u00e9 de direction de la section clinique.<\/p>\n<p style=\"text-align: justify;\">Le Cercle se r\u00e9unit une fois par mois\u00a0: deux participants pr\u00e9sentent un travail clinique t\u00e9moignant d\u2019une recherche orient\u00e9e par le th\u00e8me de l\u2019ann\u00e9e. Ces travaux sont comment\u00e9s par les trois enseignants animateurs du cercle et par les participants.<\/p>\n<p style=\"text-align: justify;\">Certains d\u2019entre eux font l\u2019objet d\u2019une pr\u00e9sentation en salle pl\u00e9ni\u00e8re lors de la journ\u00e9e du Cercle qui cl\u00f4t l\u2019ann\u00e9e de la section clinique. Ils sont publi\u00e9s dans l\u2019<a href=\"http:\/\/www.sectionclinique-rennes.fr\/nuevo\/publication\/la-graphe\/\" target=\"_blank\" rel=\"noopener noreferrer\"><em>a<\/em>-graphe<\/a>, la publication de la section clinique.<\/p>\n<p>&nbsp;<\/p>\n<h6><strong><em>Derni\u00e8re modification : 13\/03\/2021<\/em><\/strong><\/h6>\n","protected":false},"excerpt":{"rendered":"<p>Le Cercle de la section clinique de Rennes (Centre d\u2019Etude et de Recherche en Clinique Lacanienne) est constitu\u00e9 de participants chevronn\u00e9s qui accompagnent les travaux de la section clinique depuis plusieurs ann\u00e9es, et dont les pr\u00e9sentations cliniques ont \u00e9t\u00e9 distingu\u00e9es. L\u2019int\u00e9gration dans le Cercle se fait sur proposition d\u2019un ou\u2026<\/p>\n<p> <a class=\"continue-reading-link\" href=\"https:\/\/www.sectionclinique-rennes.fr\/nuevo\/etudes\/le-cercle-2\/\"><span>Continue reading<\/span><i class=\"crycon-right-dir\"><\/i><\/a> <\/p>\n","protected":false},"author":5,"featured_media":0,"parent":16,"menu_order":4,"comment_status":"closed","ping_status":"closed","template":"","meta":{"_monsterinsights_skip_tracking":false,"_monsterinsights_sitenote_active":false,"_monsterinsights_sitenote_note":"","_monsterinsights_sitenote_category":0,"footnotes":""},"class_list":["post-782","page","type-page","status-publish","hentry"],"yoast_head":"<!-- This site is optimized with the Yoast SEO plugin v25.5 - https:\/\/yoast.com\/wordpress\/plugins\/seo\/ -->\n<title>Le Cercle - La Section clinique de Rennes<\/title>\n<meta name=\"robots\" content=\"index, follow, max-snippet:-1, max-image-preview:large, max-video-preview:-1\" \/>\n<link rel=\"canonical\" href=\"http:\/\/www.sectionclinique-rennes.fr\/nuevo\/etudes\/le-cercle-2\/\" \/>\n<meta property=\"og:locale\" content=\"fr_FR\" \/>\n<meta property=\"og:type\" content=\"article\" \/>\n<meta property=\"og:title\" content=\"Le Cercle - La Section clinique de Rennes\" \/>\n<meta property=\"og:description\" content=\"Le Cercle de la section clinique de Rennes (Centre d\u2019Etude et de Recherche en Clinique Lacanienne) est constitu\u00e9 de participants chevronn\u00e9s qui accompagnent les travaux de la section clinique depuis plusieurs ann\u00e9es, et dont les pr\u00e9sentations cliniques ont \u00e9t\u00e9 distingu\u00e9es. L\u2019int\u00e9gration dans le Cercle se fait sur proposition d\u2019un ou\u2026 Continue reading\" \/>\n<meta property=\"og:url\" content=\"http:\/\/www.sectionclinique-rennes.fr\/nuevo\/etudes\/le-cercle-2\/\" \/>\n<meta property=\"og:site_name\" content=\"La Section clinique de Rennes\" \/>\n<meta property=\"article:modified_time\" content=\"2022-06-21T19:05:39+00:00\" \/>\n<meta property=\"og:image\" content=\"http:\/\/www.sectionclinique-rennes.fr\/nuevo\/wp-content\/uploads\/2015\/08\/Odorico-7-300x254.png\" \/>\n<meta name=\"twitter:card\" content=\"summary_large_image\" \/>\n<meta name=\"twitter:label1\" content=\"Dur\u00e9e de lecture estim\u00e9e\" \/>\n\t<meta name=\"twitter:data1\" content=\"1 minute\" \/>\n<script type=\"application\/ld+json\" class=\"yoast-schema-graph\">{\"@context\":\"https:\/\/schema.org\",\"@graph\":[{\"@type\":\"WebPage\",\"@id\":\"http:\/\/www.sectionclinique-rennes.fr\/nuevo\/etudes\/le-cercle-2\/\",\"url\":\"http:\/\/www.sectionclinique-rennes.fr\/nuevo\/etudes\/le-cercle-2\/\",\"name\":\"Le Cercle - La Section clinique de Rennes\",\"isPartOf\":{\"@id\":\"http:\/\/www.sectionclinique-rennes.fr\/nuevo\/#website\"},\"primaryImageOfPage\":{\"@id\":\"http:\/\/www.sectionclinique-rennes.fr\/nuevo\/etudes\/le-cercle-2\/#primaryimage\"},\"image\":{\"@id\":\"http:\/\/www.sectionclinique-rennes.fr\/nuevo\/etudes\/le-cercle-2\/#primaryimage\"},\"thumbnailUrl\":\"http:\/\/www.sectionclinique-rennes.fr\/nuevo\/wp-content\/uploads\/2015\/08\/Odorico-7-300x254.png\",\"datePublished\":\"2015-09-13T22:26:47+00:00\",\"dateModified\":\"2022-06-21T19:05:39+00:00\",\"breadcrumb\":{\"@id\":\"http:\/\/www.sectionclinique-rennes.fr\/nuevo\/etudes\/le-cercle-2\/#breadcrumb\"},\"inLanguage\":\"fr-FR\",\"potentialAction\":[{\"@type\":\"ReadAction\",\"target\":[\"http:\/\/www.sectionclinique-rennes.fr\/nuevo\/etudes\/le-cercle-2\/\"]}]},{\"@type\":\"ImageObject\",\"inLanguage\":\"fr-FR\",\"@id\":\"http:\/\/www.sectionclinique-rennes.fr\/nuevo\/etudes\/le-cercle-2\/#primaryimage\",\"url\":\"https:\/\/www.sectionclinique-rennes.fr\/nuevo\/wp-content\/uploads\/2015\/08\/Odorico-7.png\",\"contentUrl\":\"https:\/\/www.sectionclinique-rennes.fr\/nuevo\/wp-content\/uploads\/2015\/08\/Odorico-7.png\",\"width\":626,\"height\":531},{\"@type\":\"BreadcrumbList\",\"@id\":\"http:\/\/www.sectionclinique-rennes.fr\/nuevo\/etudes\/le-cercle-2\/#breadcrumb\",\"itemListElement\":[{\"@type\":\"ListItem\",\"position\":1,\"name\":\"Accueil\",\"item\":\"http:\/\/www.sectionclinique-rennes.fr\/nuevo\/\"},{\"@type\":\"ListItem\",\"position\":2,\"name\":\"Pr\u00e9sentation\",\"item\":\"http:\/\/www.sectionclinique-rennes.fr\/nuevo\/etudes\/\"},{\"@type\":\"ListItem\",\"position\":3,\"name\":\"Le Cercle\"}]},{\"@type\":\"WebSite\",\"@id\":\"http:\/\/www.sectionclinique-rennes.fr\/nuevo\/#website\",\"url\":\"http:\/\/www.sectionclinique-rennes.fr\/nuevo\/\",\"name\":\"La Section clinique de Rennes\",\"description\":\"Association UFORCA\",\"publisher\":{\"@id\":\"http:\/\/www.sectionclinique-rennes.fr\/nuevo\/#organization\"},\"potentialAction\":[{\"@type\":\"SearchAction\",\"target\":{\"@type\":\"EntryPoint\",\"urlTemplate\":\"http:\/\/www.sectionclinique-rennes.fr\/nuevo\/?s={search_term_string}\"},\"query-input\":{\"@type\":\"PropertyValueSpecification\",\"valueRequired\":true,\"valueName\":\"search_term_string\"}}],\"inLanguage\":\"fr-FR\"},{\"@type\":\"Organization\",\"@id\":\"http:\/\/www.sectionclinique-rennes.fr\/nuevo\/#organization\",\"name\":\"Section clinique de Rennes - Association UFORCA\",\"url\":\"http:\/\/www.sectionclinique-rennes.fr\/nuevo\/\",\"logo\":{\"@type\":\"ImageObject\",\"inLanguage\":\"fr-FR\",\"@id\":\"http:\/\/www.sectionclinique-rennes.fr\/nuevo\/#\/schema\/logo\/image\/\",\"url\":\"http:\/\/www.sectionclinique-rennes.fr\/nuevo\/wp-content\/uploads\/2015\/08\/logo.png\",\"contentUrl\":\"http:\/\/www.sectionclinique-rennes.fr\/nuevo\/wp-content\/uploads\/2015\/08\/logo.png\",\"width\":1199,\"height\":276,\"caption\":\"Section clinique de Rennes - Association UFORCA\"},\"image\":{\"@id\":\"http:\/\/www.sectionclinique-rennes.fr\/nuevo\/#\/schema\/logo\/image\/\"}}]}<\/script>\n<!-- \/ Yoast SEO plugin. -->","yoast_head_json":{"title":"Le Cercle - La Section clinique de Rennes","robots":{"index":"index","follow":"follow","max-snippet":"max-snippet:-1","max-image-preview":"max-image-preview:large","max-video-preview":"max-video-preview:-1"},"canonical":"http:\/\/www.sectionclinique-rennes.fr\/nuevo\/etudes\/le-cercle-2\/","og_locale":"fr_FR","og_type":"article","og_title":"Le Cercle - La Section clinique de Rennes","og_description":"Le Cercle de la section clinique de Rennes (Centre d\u2019Etude et de Recherche en Clinique Lacanienne) est constitu\u00e9 de participants chevronn\u00e9s qui accompagnent les travaux de la section clinique depuis plusieurs ann\u00e9es, et dont les pr\u00e9sentations cliniques ont \u00e9t\u00e9 distingu\u00e9es. L\u2019int\u00e9gration dans le Cercle se fait sur proposition d\u2019un ou\u2026 Continue reading","og_url":"http:\/\/www.sectionclinique-rennes.fr\/nuevo\/etudes\/le-cercle-2\/","og_site_name":"La Section clinique de Rennes","article_modified_time":"2022-06-21T19:05:39+00:00","og_image":[{"url":"http:\/\/www.sectionclinique-rennes.fr\/nuevo\/wp-content\/uploads\/2015\/08\/Odorico-7-300x254.png","type":"","width":"","height":""}],"twitter_card":"summary_large_image","twitter_misc":{"Dur\u00e9e de lecture estim\u00e9e":"1 minute"},"schema":{"@context":"https:\/\/schema.org","@graph":[{"@type":"WebPage","@id":"http:\/\/www.sectionclinique-rennes.fr\/nuevo\/etudes\/le-cercle-2\/","url":"http:\/\/www.sectionclinique-rennes.fr\/nuevo\/etudes\/le-cercle-2\/","name":"Le Cercle - La Section clinique de Rennes","isPartOf":{"@id":"http:\/\/www.sectionclinique-rennes.fr\/nuevo\/#website"},"primaryImageOfPage":{"@id":"http:\/\/www.sectionclinique-rennes.fr\/nuevo\/etudes\/le-cercle-2\/#primaryimage"},"image":{"@id":"http:\/\/www.sectionclinique-rennes.fr\/nuevo\/etudes\/le-cercle-2\/#primaryimage"},"thumbnailUrl":"http:\/\/www.sectionclinique-rennes.fr\/nuevo\/wp-content\/uploads\/2015\/08\/Odorico-7-300x254.png","datePublished":"2015-09-13T22:26:47+00:00","dateModified":"2022-06-21T19:05:39+00:00","breadcrumb":{"@id":"http:\/\/www.sectionclinique-rennes.fr\/nuevo\/etudes\/le-cercle-2\/#breadcrumb"},"inLanguage":"fr-FR","potentialAction":[{"@type":"ReadAction","target":["http:\/\/www.sectionclinique-rennes.fr\/nuevo\/etudes\/le-cercle-2\/"]}]},{"@type":"ImageObject","inLanguage":"fr-FR","@id":"http:\/\/www.sectionclinique-rennes.fr\/nuevo\/etudes\/le-cercle-2\/#primaryimage","url":"https:\/\/www.sectionclinique-rennes.fr\/nuevo\/wp-content\/uploads\/2015\/08\/Odorico-7.png","contentUrl":"https:\/\/www.sectionclinique-rennes.fr\/nuevo\/wp-content\/uploads\/2015\/08\/Odorico-7.png","width":626,"height":531},{"@type":"BreadcrumbList","@id":"http:\/\/www.sectionclinique-rennes.fr\/nuevo\/etudes\/le-cercle-2\/#breadcrumb","itemListElement":[{"@type":"ListItem","position":1,"name":"Accueil","item":"http:\/\/www.sectionclinique-rennes.fr\/nuevo\/"},{"@type":"ListItem","position":2,"name":"Pr\u00e9sentation","item":"http:\/\/www.sectionclinique-rennes.fr\/nuevo\/etudes\/"},{"@type":"ListItem","position":3,"name":"Le Cercle"}]},{"@type":"WebSite","@id":"http:\/\/www.sectionclinique-rennes.fr\/nuevo\/#website","url":"http:\/\/www.sectionclinique-rennes.fr\/nuevo\/","name":"La Section clinique de Rennes","description":"Association UFORCA","publisher":{"@id":"http:\/\/www.sectionclinique-rennes.fr\/nuevo\/#organization"},"potentialAction":[{"@type":"SearchAction","target":{"@type":"EntryPoint","urlTemplate":"http:\/\/www.sectionclinique-rennes.fr\/nuevo\/?s={search_term_string}"},"query-input":{"@type":"PropertyValueSpecification","valueRequired":true,"valueName":"search_term_string"}}],"inLanguage":"fr-FR"},{"@type":"Organization","@id":"http:\/\/www.sectionclinique-rennes.fr\/nuevo\/#organization","name":"Section clinique de Rennes - Association UFORCA","url":"http:\/\/www.sectionclinique-rennes.fr\/nuevo\/","logo":{"@type":"ImageObject","inLanguage":"fr-FR","@id":"http:\/\/www.sectionclinique-rennes.fr\/nuevo\/#\/schema\/logo\/image\/","url":"http:\/\/www.sectionclinique-rennes.fr\/nuevo\/wp-content\/uploads\/2015\/08\/logo.png","contentUrl":"http:\/\/www.sectionclinique-rennes.fr\/nuevo\/wp-content\/uploads\/2015\/08\/logo.png","width":1199,"height":276,"caption":"Section clinique de Rennes - Association UFORCA"},"image":{"@id":"http:\/\/www.sectionclinique-rennes.fr\/nuevo\/#\/schema\/logo\/image\/"}}]}},"_links":{"self":[{"href":"https:\/\/www.sectionclinique-rennes.fr\/nuevo\/wp-json\/wp\/v2\/pages\/782","targetHints":{"allow":["GET"]}}],"collection":[{"href":"https:\/\/www.sectionclinique-rennes.fr\/nuevo\/wp-json\/wp\/v2\/pages"}],"about":[{"href":"https:\/\/www.sectionclinique-rennes.fr\/nuevo\/wp-json\/wp\/v2\/types\/page"}],"author":[{"embeddable":true,"href":"https:\/\/www.sectionclinique-rennes.fr\/nuevo\/wp-json\/wp\/v2\/users\/5"}],"replies":[{"embeddable":true,"href":"https:\/\/www.sectionclinique-rennes.fr\/nuevo\/wp-json\/wp\/v2\/comments?post=782"}],"version-history":[{"count":22,"href":"https:\/\/www.sectionclinique-rennes.fr\/nuevo\/wp-json\/wp\/v2\/pages\/782\/revisions"}],"predecessor-version":[{"id":2885,"href":"https:\/\/www.sectionclinique-rennes.fr\/nuevo\/wp-json\/wp\/v2\/pages\/782\/revisions\/2885"}],"up":[{"embeddable":true,"href":"https:\/\/www.sectionclinique-rennes.fr\/nuevo\/wp-json\/wp\/v2\/pages\/16"}],"wp:attachment":[{"href":"https:\/\/www.sectionclinique-rennes.fr\/nuevo\/wp-json\/wp\/v2\/media?parent=782"}],"curies":[{"name":"wp","href":"https:\/\/api.w.org\/{rel}","templated":true}]}}